{"id":4126,"date":"2026-03-09T20:23:54","date_gmt":"2026-03-09T19:23:54","guid":{"rendered":"https:\/\/racom.com.pl\/index.php\/produkt\/modul-sfp-1g-t-dell-0xty28-1000base-t-125gbe\/"},"modified":"2026-03-09T20:23:54","modified_gmt":"2026-03-09T19:23:54","slug":"modul-sfp-1g-t-dell-0xty28-1000base-t-125gbe","status":"publish","type":"product","link":"https:\/\/racom.com.pl\/index.php\/produkt\/modul-sfp-1g-t-dell-0xty28-1000base-t-125gbe\/","title":{"rendered":"MODU\u0141 SFP-1G-T DELL 0XTY28 1000Base-T 1,25GbE"},"content":{"rendered":"<h2>MODUL DELL 1.25GB SFP RJ-45 100M 0XTY28<\/h2>\n<p>NOWY MODU\u0141 SFP-RJ-45 DELL<\/p>\n<p>MODEL:&nbsp;0XTY28<\/p>\n<p>TYP:&nbsp;SFP \/ RJ-45<\/p>\n<p>MAKS. PRZEPUSTOWO\u015a\u0106:&nbsp;1.25GB<\/p>\n<p>SZACUNKOWY ZASI\u0118G TRANSMISJI:&nbsp;do 100M<\/p>\n<p>Wk\u0142adka&nbsp;DELL EMC SFP-1G-T 1000Base-T 0XTY28&nbsp;to modu\u0142 1000Base-T 1Gbit, kt\u00f3ry umo\u017cliwia transfer z portu RJ-45 na porty SFP. Modu\u0142 DELL EMC SFP-1G-T 1000Base-T 0XTY28 oferuje zasi\u0119g nawet do 100m.<\/p>\n<p>Wk\u0142adka DELL EMC SFP-1G-T 1000Base-T 0XTY28&nbsp;to modu\u0142 1000Base-T, kt\u00f3ry pozwala na przesy\u0142 danych z RJ-45 na porty SFP. Modu\u0142 DELL EMC SFP-1G-T 1000Base-T 0XTY28 zapewnia transfer danych w sieciach Ethernet z pr\u0119dko\u015bci\u0105 1.25 Gb\/s. Wk\u0142adka jest przeznaczona do wykorzystania w \u015bwiat\u0142owodowych sieciach LAN, wspieraj\u0105c transmisj\u0119 na odleg\u0142o\u015bciach 100m.<\/p>\n<h2>Szczeg\u00f3\u0142owa specyfikacja Wk\u0142adka DELL EMC SFP-1G-T 1000Base-T 0XTY28<\/h2>\n<ul>\n<li>Model:&nbsp;0XTY28<\/li>\n<li>Typ:&nbsp;SFP \/ RJ-45<\/li>\n<li>Przepustowo\u015b\u0107:&nbsp;1.25Gb<\/li>\n<li>Zasi\u0119g transmisji:&nbsp;do 100M<\/li>\n<\/ul>\n<p><b>Kompatybilno\u015b\u0107<\/b><\/p>\n<p>Wk\u0142adka Della EMC SFP-1G-T 1000Base-T 0XTY28 jest kompatybilna z mi.n:<\/p>\n<ul>\n<li>Dell Networking N4000 Series<\/li>\n<li>Dell Networking N1500 Series<\/li>\n<li>Dell Networking N2000 Series<\/li>\n<li>Dell Networking N3000 Series<\/li>\n<li>PowerConnect 8100 Series<\/li>\n<\/ul>\n","protected":false},"excerpt":{"rendered":"<p>MODUL DELL 1.25GB SFP RJ-45 100M 0XTY28 NOWY MODU\u0141 SFP-RJ-45 DELL MODEL:&nbsp;0XTY28 TYP:&nbsp;SFP \/ RJ-45 MAKS. PRZEPUSTOWO\u015a\u0106:&nbsp;1.25GB SZACUNKOWY ZASI\u0118G TRANSMISJI:&nbsp;do 100M Wk\u0142adka&nbsp;DELL EMC SFP-1G-T 1000Base-T 0XTY28&nbsp;to modu\u0142 1000Base-T 1Gbit, kt\u00f3ry umo\u017cliwia transfer z portu RJ-45 na porty SFP. Modu\u0142 DELL EMC SFP-1G-T 1000Base-T 0XTY28 oferuje zasi\u0119g nawet do 100m. Wk\u0142adka DELL EMC SFP-1G-T 1000Base-T 0XTY28&nbsp;to [&hellip;]<\/p>\n","protected":false},"featured_media":4131,"comment_status":"open","ping_status":"closed","template":"","meta":[],"product_brand":[],"product_cat":[31],"product_tag":[],"class_list":{"0":"post-4126","1":"product","2":"type-product","3":"status-publish","4":"has-post-thumbnail","6":"product_cat-akcesoria-laptop-pc","8":"first","9":"instock","10":"taxable","11":"shipping-taxable","12":"purchasable","13":"product-type-simple"},"yoast_head":"<!-- This site is optimized with the Yoast SEO plugin v27.3 - https:\/\/yoast.com\/product\/yoast-seo-wordpress\/ -->\n<title>MODU\u0141 SFP-1G-T DELL 0XTY28 1000Base-T 1,25GbE - Mix Market - Supermarket z wszystkim co potrzeba<\/title>\n<meta name=\"robots\" content=\"index, follow, max-snippet:-1, max-image-preview:large, max-video-preview:-1\" \/>\n<link rel=\"canonical\" href=\"https:\/\/racom.com.pl\/index.php\/produkt\/modul-sfp-1g-t-dell-0xty28-1000base-t-125gbe\/\" \/>\n<meta property=\"og:locale\" content=\"pl_PL\" \/>\n<meta property=\"og:type\" content=\"article\" \/>\n<meta property=\"og:title\" content=\"MODU\u0141 SFP-1G-T DELL 0XTY28 1000Base-T 1,25GbE - Mix Market - Supermarket z wszystkim co potrzeba\" \/>\n<meta property=\"og:description\" content=\"MODUL DELL 1.25GB SFP RJ-45 100M 0XTY28 NOWY MODU\u0141 SFP-RJ-45 DELL MODEL:&nbsp;0XTY28 TYP:&nbsp;SFP \/ RJ-45 MAKS. PRZEPUSTOWO\u015a\u0106:&nbsp;1.25GB SZACUNKOWY ZASI\u0118G TRANSMISJI:&nbsp;do 100M Wk\u0142adka&nbsp;DELL EMC SFP-1G-T 1000Base-T 0XTY28&nbsp;to modu\u0142 1000Base-T 1Gbit, kt\u00f3ry umo\u017cliwia transfer z portu RJ-45 na porty SFP. Modu\u0142 DELL EMC SFP-1G-T 1000Base-T 0XTY28 oferuje zasi\u0119g nawet do 100m. Wk\u0142adka DELL EMC SFP-1G-T 1000Base-T 0XTY28&nbsp;to [&hellip;]\" \/>\n<meta property=\"og:url\" content=\"https:\/\/racom.com.pl\/index.php\/produkt\/modul-sfp-1g-t-dell-0xty28-1000base-t-125gbe\/\" \/>\n<meta property=\"og:site_name\" content=\"Mix Market - Supermarket z wszystkim co potrzeba\" \/>\n<meta name=\"twitter:card\" content=\"summary_large_image\" \/>\n<meta name=\"twitter:label1\" content=\"Szacowany czas czytania\" \/>\n\t<meta name=\"twitter:data1\" content=\"1 minuta\" \/>\n<script type=\"application\/ld+json\" class=\"yoast-schema-graph\">{\"@context\":\"https:\\\/\\\/schema.org\",\"@graph\":[{\"@type\":\"WebPage\",\"@id\":\"https:\\\/\\\/racom.com.pl\\\/index.php\\\/produkt\\\/modul-sfp-1g-t-dell-0xty28-1000base-t-125gbe\\\/\",\"url\":\"https:\\\/\\\/racom.com.pl\\\/index.php\\\/produkt\\\/modul-sfp-1g-t-dell-0xty28-1000base-t-125gbe\\\/\",\"name\":\"MODU\u0141 SFP-1G-T DELL 0XTY28 1000Base-T 1,25GbE - Mix Market - Supermarket z wszystkim co potrzeba\",\"isPartOf\":{\"@id\":\"https:\\\/\\\/racom.com.pl\\\/#website\"},\"primaryImageOfPage\":{\"@id\":\"https:\\\/\\\/racom.com.pl\\\/index.php\\\/produkt\\\/modul-sfp-1g-t-dell-0xty28-1000base-t-125gbe\\\/#primaryimage\"},\"image\":{\"@id\":\"https:\\\/\\\/racom.com.pl\\\/index.php\\\/produkt\\\/modul-sfp-1g-t-dell-0xty28-1000base-t-125gbe\\\/#primaryimage\"},\"thumbnailUrl\":\"https:\\\/\\\/racom.com.pl\\\/wp-content\\\/uploads\\\/2026\\\/03\\\/allegro_69af1e4cb60000.37027392_aaa226064abbac7b503603c84b47.jpg\",\"datePublished\":\"2026-03-09T19:23:54+00:00\",\"breadcrumb\":{\"@id\":\"https:\\\/\\\/racom.com.pl\\\/index.php\\\/produkt\\\/modul-sfp-1g-t-dell-0xty28-1000base-t-125gbe\\\/#breadcrumb\"},\"inLanguage\":\"pl-PL\",\"potentialAction\":[{\"@type\":\"ReadAction\",\"target\":[\"https:\\\/\\\/racom.com.pl\\\/index.php\\\/produkt\\\/modul-sfp-1g-t-dell-0xty28-1000base-t-125gbe\\\/\"]}]},{\"@type\":\"ImageObject\",\"inLanguage\":\"pl-PL\",\"@id\":\"https:\\\/\\\/racom.com.pl\\\/index.php\\\/produkt\\\/modul-sfp-1g-t-dell-0xty28-1000base-t-125gbe\\\/#primaryimage\",\"url\":\"https:\\\/\\\/racom.com.pl\\\/wp-content\\\/uploads\\\/2026\\\/03\\\/allegro_69af1e4cb60000.37027392_aaa226064abbac7b503603c84b47.jpg\",\"contentUrl\":\"https:\\\/\\\/racom.com.pl\\\/wp-content\\\/uploads\\\/2026\\\/03\\\/allegro_69af1e4cb60000.37027392_aaa226064abbac7b503603c84b47.jpg\",\"width\":1200,\"height\":1200},{\"@type\":\"BreadcrumbList\",\"@id\":\"https:\\\/\\\/racom.com.pl\\\/index.php\\\/produkt\\\/modul-sfp-1g-t-dell-0xty28-1000base-t-125gbe\\\/#breadcrumb\",\"itemListElement\":[{\"@type\":\"ListItem\",\"position\":1,\"name\":\"Strona g\u0142\u00f3wna\",\"item\":\"https:\\\/\\\/racom.com.pl\\\/\"},{\"@type\":\"ListItem\",\"position\":2,\"name\":\"Sklep\",\"item\":\"https:\\\/\\\/racom.com.pl\\\/\"},{\"@type\":\"ListItem\",\"position\":3,\"name\":\"MODU\u0141 SFP-1G-T DELL 0XTY28 1000Base-T 1,25GbE\"}]},{\"@type\":\"WebSite\",\"@id\":\"https:\\\/\\\/racom.com.pl\\\/#website\",\"url\":\"https:\\\/\\\/racom.com.pl\\\/\",\"name\":\"Mix Market - Supermarket z wszystkim co potrzeba do domu i nie tylko\",\"description\":\"\",\"publisher\":{\"@id\":\"https:\\\/\\\/racom.com.pl\\\/#organization\"},\"potentialAction\":[{\"@type\":\"SearchAction\",\"target\":{\"@type\":\"EntryPoint\",\"urlTemplate\":\"https:\\\/\\\/racom.com.pl\\\/?s={search_term_string}\"},\"query-input\":{\"@type\":\"PropertyValueSpecification\",\"valueRequired\":true,\"valueName\":\"search_term_string\"}}],\"inLanguage\":\"pl-PL\"},{\"@type\":\"Organization\",\"@id\":\"https:\\\/\\\/racom.com.pl\\\/#organization\",\"name\":\"Mix Market - Supermarket z wszystkim co potrzeba do domu i nie tylko\",\"url\":\"https:\\\/\\\/racom.com.pl\\\/\",\"logo\":{\"@type\":\"ImageObject\",\"inLanguage\":\"pl-PL\",\"@id\":\"https:\\\/\\\/racom.com.pl\\\/#\\\/schema\\\/logo\\\/image\\\/\",\"url\":\"https:\\\/\\\/racom.com.pl\\\/wp-content\\\/uploads\\\/2025\\\/07\\\/mixmarket_logo.png\",\"contentUrl\":\"https:\\\/\\\/racom.com.pl\\\/wp-content\\\/uploads\\\/2025\\\/07\\\/mixmarket_logo.png\",\"width\":1024,\"height\":1024,\"caption\":\"Mix Market - Supermarket z wszystkim co potrzeba do domu i nie tylko\"},\"image\":{\"@id\":\"https:\\\/\\\/racom.com.pl\\\/#\\\/schema\\\/logo\\\/image\\\/\"}}]}<\/script>\n<!-- \/ Yoast SEO plugin. -->","yoast_head_json":{"title":"MODU\u0141 SFP-1G-T DELL 0XTY28 1000Base-T 1,25GbE - Mix Market - Supermarket z wszystkim co potrzeba","robots":{"index":"index","follow":"follow","max-snippet":"max-snippet:-1","max-image-preview":"max-image-preview:large","max-video-preview":"max-video-preview:-1"},"canonical":"https:\/\/racom.com.pl\/index.php\/produkt\/modul-sfp-1g-t-dell-0xty28-1000base-t-125gbe\/","og_locale":"pl_PL","og_type":"article","og_title":"MODU\u0141 SFP-1G-T DELL 0XTY28 1000Base-T 1,25GbE - Mix Market - Supermarket z wszystkim co potrzeba","og_description":"MODUL DELL 1.25GB SFP RJ-45 100M 0XTY28 NOWY MODU\u0141 SFP-RJ-45 DELL MODEL:&nbsp;0XTY28 TYP:&nbsp;SFP \/ RJ-45 MAKS. PRZEPUSTOWO\u015a\u0106:&nbsp;1.25GB SZACUNKOWY ZASI\u0118G TRANSMISJI:&nbsp;do 100M Wk\u0142adka&nbsp;DELL EMC SFP-1G-T 1000Base-T 0XTY28&nbsp;to modu\u0142 1000Base-T 1Gbit, kt\u00f3ry umo\u017cliwia transfer z portu RJ-45 na porty SFP. Modu\u0142 DELL EMC SFP-1G-T 1000Base-T 0XTY28 oferuje zasi\u0119g nawet do 100m. Wk\u0142adka DELL EMC SFP-1G-T 1000Base-T 0XTY28&nbsp;to [&hellip;]","og_url":"https:\/\/racom.com.pl\/index.php\/produkt\/modul-sfp-1g-t-dell-0xty28-1000base-t-125gbe\/","og_site_name":"Mix Market - Supermarket z wszystkim co potrzeba","twitter_card":"summary_large_image","twitter_misc":{"Szacowany czas czytania":"1 minuta"},"schema":{"@context":"https:\/\/schema.org","@graph":[{"@type":"WebPage","@id":"https:\/\/racom.com.pl\/index.php\/produkt\/modul-sfp-1g-t-dell-0xty28-1000base-t-125gbe\/","url":"https:\/\/racom.com.pl\/index.php\/produkt\/modul-sfp-1g-t-dell-0xty28-1000base-t-125gbe\/","name":"MODU\u0141 SFP-1G-T DELL 0XTY28 1000Base-T 1,25GbE - Mix Market - Supermarket z wszystkim co potrzeba","isPartOf":{"@id":"https:\/\/racom.com.pl\/#website"},"primaryImageOfPage":{"@id":"https:\/\/racom.com.pl\/index.php\/produkt\/modul-sfp-1g-t-dell-0xty28-1000base-t-125gbe\/#primaryimage"},"image":{"@id":"https:\/\/racom.com.pl\/index.php\/produkt\/modul-sfp-1g-t-dell-0xty28-1000base-t-125gbe\/#primaryimage"},"thumbnailUrl":"https:\/\/racom.com.pl\/wp-content\/uploads\/2026\/03\/allegro_69af1e4cb60000.37027392_aaa226064abbac7b503603c84b47.jpg","datePublished":"2026-03-09T19:23:54+00:00","breadcrumb":{"@id":"https:\/\/racom.com.pl\/index.php\/produkt\/modul-sfp-1g-t-dell-0xty28-1000base-t-125gbe\/#breadcrumb"},"inLanguage":"pl-PL","potentialAction":[{"@type":"ReadAction","target":["https:\/\/racom.com.pl\/index.php\/produkt\/modul-sfp-1g-t-dell-0xty28-1000base-t-125gbe\/"]}]},{"@type":"ImageObject","inLanguage":"pl-PL","@id":"https:\/\/racom.com.pl\/index.php\/produkt\/modul-sfp-1g-t-dell-0xty28-1000base-t-125gbe\/#primaryimage","url":"https:\/\/racom.com.pl\/wp-content\/uploads\/2026\/03\/allegro_69af1e4cb60000.37027392_aaa226064abbac7b503603c84b47.jpg","contentUrl":"https:\/\/racom.com.pl\/wp-content\/uploads\/2026\/03\/allegro_69af1e4cb60000.37027392_aaa226064abbac7b503603c84b47.jpg","width":1200,"height":1200},{"@type":"BreadcrumbList","@id":"https:\/\/racom.com.pl\/index.php\/produkt\/modul-sfp-1g-t-dell-0xty28-1000base-t-125gbe\/#breadcrumb","itemListElement":[{"@type":"ListItem","position":1,"name":"Strona g\u0142\u00f3wna","item":"https:\/\/racom.com.pl\/"},{"@type":"ListItem","position":2,"name":"Sklep","item":"https:\/\/racom.com.pl\/"},{"@type":"ListItem","position":3,"name":"MODU\u0141 SFP-1G-T DELL 0XTY28 1000Base-T 1,25GbE"}]},{"@type":"WebSite","@id":"https:\/\/racom.com.pl\/#website","url":"https:\/\/racom.com.pl\/","name":"Mix Market - Supermarket z wszystkim co potrzeba do domu i nie tylko","description":"","publisher":{"@id":"https:\/\/racom.com.pl\/#organization"},"potentialAction":[{"@type":"SearchAction","target":{"@type":"EntryPoint","urlTemplate":"https:\/\/racom.com.pl\/?s={search_term_string}"},"query-input":{"@type":"PropertyValueSpecification","valueRequired":true,"valueName":"search_term_string"}}],"inLanguage":"pl-PL"},{"@type":"Organization","@id":"https:\/\/racom.com.pl\/#organization","name":"Mix Market - Supermarket z wszystkim co potrzeba do domu i nie tylko","url":"https:\/\/racom.com.pl\/","logo":{"@type":"ImageObject","inLanguage":"pl-PL","@id":"https:\/\/racom.com.pl\/#\/schema\/logo\/image\/","url":"https:\/\/racom.com.pl\/wp-content\/uploads\/2025\/07\/mixmarket_logo.png","contentUrl":"https:\/\/racom.com.pl\/wp-content\/uploads\/2025\/07\/mixmarket_logo.png","width":1024,"height":1024,"caption":"Mix Market - Supermarket z wszystkim co potrzeba do domu i nie tylko"},"image":{"@id":"https:\/\/racom.com.pl\/#\/schema\/logo\/image\/"}}]}},"_links":{"self":[{"href":"https:\/\/racom.com.pl\/index.php\/wp-json\/wp\/v2\/product\/4126","targetHints":{"allow":["GET"]}}],"collection":[{"href":"https:\/\/racom.com.pl\/index.php\/wp-json\/wp\/v2\/product"}],"about":[{"href":"https:\/\/racom.com.pl\/index.php\/wp-json\/wp\/v2\/types\/product"}],"replies":[{"embeddable":true,"href":"https:\/\/racom.com.pl\/index.php\/wp-json\/wp\/v2\/comments?post=4126"}],"wp:featuredmedia":[{"embeddable":true,"href":"https:\/\/racom.com.pl\/index.php\/wp-json\/wp\/v2\/media\/4131"}],"wp:attachment":[{"href":"https:\/\/racom.com.pl\/index.php\/wp-json\/wp\/v2\/media?parent=4126"}],"wp:term":[{"taxonomy":"product_brand","embeddable":true,"href":"https:\/\/racom.com.pl\/index.php\/wp-json\/wp\/v2\/product_brand?post=4126"},{"taxonomy":"product_cat","embeddable":true,"href":"https:\/\/racom.com.pl\/index.php\/wp-json\/wp\/v2\/product_cat?post=4126"},{"taxonomy":"product_tag","embeddable":true,"href":"https:\/\/racom.com.pl\/index.php\/wp-json\/wp\/v2\/product_tag?post=4126"}],"curies":[{"name":"wp","href":"https:\/\/api.w.org\/{rel}","templated":true}]}}