{"id":4164,"date":"2026-03-09T20:24:25","date_gmt":"2026-03-09T19:24:25","guid":{"rendered":"https:\/\/racom.com.pl\/index.php\/produkt\/palnik-gazowy-do-opalania-papy-dekarski-450mm-z-zaworem-dysza-45cm\/"},"modified":"2026-03-09T20:24:25","modified_gmt":"2026-03-09T19:24:25","slug":"palnik-gazowy-do-opalania-papy-dekarski-450mm-z-zaworem-dysza-45cm","status":"publish","type":"product","link":"https:\/\/racom.com.pl\/index.php\/produkt\/palnik-gazowy-do-opalania-papy-dekarski-450mm-z-zaworem-dysza-45cm\/","title":{"rendered":"Palnik gazowy do opalania papy dekarski 450mm. z zaworem dysza 45cm"},"content":{"rendered":"<h2>Palnik gazowy Vergionic dekarski<\/h2>\n<h2>Palnik gazowy do opalania 45 cm z zaworem VERGIONIC<\/h2>\n<p><b>Palnik gazowy<\/b> to narz\u0119dzie, kt\u00f3re s\u0142u\u017cy do prac dekarskich oraz lutowania i spawania metali. Jest to urz\u0105dzenie o du\u017cej mocy, kt\u00f3re umo\u017cliwia szybkie i precyzyjne wykonywanie prac w zakresie obr\u00f3bki termicznej materia\u0142\u00f3w.<\/p>\n<p>Palnik jest niezwykle przydatnym narz\u0119dziem w pracy dekarza, ale tak\u017ce przy pracach remontowych i budowlanych. Mo\u017ce by\u0107 stosowany <b>do lutowania i spawania rur, obr\u00f3bki blach oraz do usuwania farby i innych pow\u0142ok z powierzchni metalowych<\/b>. Dzi\u0119ki swojej funkcjonalno\u015bci i uniwersalno\u015bci stanowi nieod\u0142\u0105czny element wyposa\u017cenia warsztat\u00f3w i narz\u0119dziowni. <b>Palnik<\/b> sk\u0142ada si\u0119 z <b>metalowej rury zako\u0144czonej specjaln\u0105, odkr\u0119can\u0105 dysz\u0105<\/b>, z kt\u00f3rej wyp\u0142ywa <b>p\u0142omie\u0144<\/b>. Mo\u017ce on by\u0107 <b>regulowany za pomoc\u0105 zaworu<\/b>, kt\u00f3ry umo\u017cliwia dostosowanie ilo\u015bci i mocy p\u0142omienia do wymaga\u0144 konkretnej pracy. Urz\u0105dzenie <b>zasilane jest z butli gazowej<\/b>, co pozwala na swobodne korzystanie z niego w r\u00f3\u017cnych miejscach. <b>Palnik przydatny w:<\/b><\/p>\n<ul>\n<li>Lutowaniu<\/li>\n<li>Rozmra\u017caniu<\/li>\n<li>Opalaniu<\/li>\n<li>Zgrzewaniu<\/li>\n<li>Gi\u0119ciu i formowaniu na ciep\u0142o<\/li>\n<li>Klejeniu na ciep\u0142o<\/li>\n<\/ul>\n<p><b>Specyfikacja:<\/b><\/p>\n<ul>\n<li>D\u0142ugo\u015b\u0107 ca\u0142kowita: 45 cm<\/li>\n<li>D\u0142ugo\u015b\u0107 dyszy: 90 mm<\/li>\n<li>\u015arednica dyszy: 35 mm<\/li>\n<li>Przy\u0142\u0105cze w\u0119\u017ca: 3\/8\u2019\u2019<\/li>\n<li>Temperatura p\u0142omienia: max. 1700<b>\u00b0<\/b><\/li>\n<li>Wydajno\u015b\u0107 cieplna: 40 kW<\/li>\n<li>Zu\u017cycie gazu: 1200 g\/h<\/li>\n<li>Materia\u0142: stal ocynkowana, tworzywo sztuczne<\/li>\n<li>Waga: 0,31 kg<\/li>\n<\/ul>\n","protected":false},"excerpt":{"rendered":"<p>Palnik gazowy Vergionic dekarski Palnik gazowy do opalania 45 cm z zaworem VERGIONIC Palnik gazowy to narz\u0119dzie, kt\u00f3re s\u0142u\u017cy do prac dekarskich oraz lutowania i spawania metali. Jest to urz\u0105dzenie o du\u017cej mocy, kt\u00f3re umo\u017cliwia szybkie i precyzyjne wykonywanie prac w zakresie obr\u00f3bki termicznej materia\u0142\u00f3w. Palnik jest niezwykle przydatnym narz\u0119dziem w pracy dekarza, ale tak\u017ce [&hellip;]<\/p>\n","protected":false},"featured_media":4203,"comment_status":"open","ping_status":"closed","template":"","meta":[],"product_brand":[84],"product_cat":[301],"product_tag":[],"class_list":{"0":"post-4164","1":"product","2":"type-product","3":"status-publish","4":"has-post-thumbnail","6":"product_brand-vergionic","7":"product_cat-palniki-gazowe","9":"first","10":"instock","11":"taxable","12":"shipping-taxable","13":"purchasable","14":"product-type-simple"},"yoast_head":"<!-- This site is optimized with the Yoast SEO plugin v27.3 - https:\/\/yoast.com\/product\/yoast-seo-wordpress\/ -->\n<title>Palnik gazowy do opalania papy dekarski 450mm. z zaworem dysza 45cm - Mix Market - Supermarket z wszystkim co potrzeba<\/title>\n<meta name=\"robots\" content=\"index, follow, max-snippet:-1, max-image-preview:large, max-video-preview:-1\" \/>\n<link rel=\"canonical\" href=\"https:\/\/racom.com.pl\/index.php\/produkt\/palnik-gazowy-do-opalania-papy-dekarski-450mm-z-zaworem-dysza-45cm\/\" \/>\n<meta property=\"og:locale\" content=\"pl_PL\" \/>\n<meta property=\"og:type\" content=\"article\" \/>\n<meta property=\"og:title\" content=\"Palnik gazowy do opalania papy dekarski 450mm. z zaworem dysza 45cm - Mix Market - Supermarket z wszystkim co potrzeba\" \/>\n<meta property=\"og:description\" content=\"Palnik gazowy Vergionic dekarski Palnik gazowy do opalania 45 cm z zaworem VERGIONIC Palnik gazowy to narz\u0119dzie, kt\u00f3re s\u0142u\u017cy do prac dekarskich oraz lutowania i spawania metali. Jest to urz\u0105dzenie o du\u017cej mocy, kt\u00f3re umo\u017cliwia szybkie i precyzyjne wykonywanie prac w zakresie obr\u00f3bki termicznej materia\u0142\u00f3w. Palnik jest niezwykle przydatnym narz\u0119dziem w pracy dekarza, ale tak\u017ce [&hellip;]\" \/>\n<meta property=\"og:url\" content=\"https:\/\/racom.com.pl\/index.php\/produkt\/palnik-gazowy-do-opalania-papy-dekarski-450mm-z-zaworem-dysza-45cm\/\" \/>\n<meta property=\"og:site_name\" content=\"Mix Market - Supermarket z wszystkim co potrzeba\" \/>\n<meta name=\"twitter:card\" content=\"summary_large_image\" \/>\n<meta name=\"twitter:label1\" content=\"Szacowany czas czytania\" \/>\n\t<meta name=\"twitter:data1\" content=\"1 minuta\" \/>\n<script type=\"application\/ld+json\" class=\"yoast-schema-graph\">{\"@context\":\"https:\\\/\\\/schema.org\",\"@graph\":[{\"@type\":\"WebPage\",\"@id\":\"https:\\\/\\\/racom.com.pl\\\/index.php\\\/produkt\\\/palnik-gazowy-do-opalania-papy-dekarski-450mm-z-zaworem-dysza-45cm\\\/\",\"url\":\"https:\\\/\\\/racom.com.pl\\\/index.php\\\/produkt\\\/palnik-gazowy-do-opalania-papy-dekarski-450mm-z-zaworem-dysza-45cm\\\/\",\"name\":\"Palnik gazowy do opalania papy dekarski 450mm. z zaworem dysza 45cm - Mix Market - Supermarket z wszystkim co potrzeba\",\"isPartOf\":{\"@id\":\"https:\\\/\\\/racom.com.pl\\\/#website\"},\"primaryImageOfPage\":{\"@id\":\"https:\\\/\\\/racom.com.pl\\\/index.php\\\/produkt\\\/palnik-gazowy-do-opalania-papy-dekarski-450mm-z-zaworem-dysza-45cm\\\/#primaryimage\"},\"image\":{\"@id\":\"https:\\\/\\\/racom.com.pl\\\/index.php\\\/produkt\\\/palnik-gazowy-do-opalania-papy-dekarski-450mm-z-zaworem-dysza-45cm\\\/#primaryimage\"},\"thumbnailUrl\":\"https:\\\/\\\/racom.com.pl\\\/wp-content\\\/uploads\\\/2026\\\/03\\\/allegro_69af1ea398d1d0.22973879_dfe0489f4411a47229bf74c209ab.jpg\",\"datePublished\":\"2026-03-09T19:24:25+00:00\",\"breadcrumb\":{\"@id\":\"https:\\\/\\\/racom.com.pl\\\/index.php\\\/produkt\\\/palnik-gazowy-do-opalania-papy-dekarski-450mm-z-zaworem-dysza-45cm\\\/#breadcrumb\"},\"inLanguage\":\"pl-PL\",\"potentialAction\":[{\"@type\":\"ReadAction\",\"target\":[\"https:\\\/\\\/racom.com.pl\\\/index.php\\\/produkt\\\/palnik-gazowy-do-opalania-papy-dekarski-450mm-z-zaworem-dysza-45cm\\\/\"]}]},{\"@type\":\"ImageObject\",\"inLanguage\":\"pl-PL\",\"@id\":\"https:\\\/\\\/racom.com.pl\\\/index.php\\\/produkt\\\/palnik-gazowy-do-opalania-papy-dekarski-450mm-z-zaworem-dysza-45cm\\\/#primaryimage\",\"url\":\"https:\\\/\\\/racom.com.pl\\\/wp-content\\\/uploads\\\/2026\\\/03\\\/allegro_69af1ea398d1d0.22973879_dfe0489f4411a47229bf74c209ab.jpg\",\"contentUrl\":\"https:\\\/\\\/racom.com.pl\\\/wp-content\\\/uploads\\\/2026\\\/03\\\/allegro_69af1ea398d1d0.22973879_dfe0489f4411a47229bf74c209ab.jpg\",\"width\":2500,\"height\":2500},{\"@type\":\"BreadcrumbList\",\"@id\":\"https:\\\/\\\/racom.com.pl\\\/index.php\\\/produkt\\\/palnik-gazowy-do-opalania-papy-dekarski-450mm-z-zaworem-dysza-45cm\\\/#breadcrumb\",\"itemListElement\":[{\"@type\":\"ListItem\",\"position\":1,\"name\":\"Strona g\u0142\u00f3wna\",\"item\":\"https:\\\/\\\/racom.com.pl\\\/\"},{\"@type\":\"ListItem\",\"position\":2,\"name\":\"Sklep\",\"item\":\"https:\\\/\\\/racom.com.pl\\\/\"},{\"@type\":\"ListItem\",\"position\":3,\"name\":\"Palnik gazowy do opalania papy dekarski 450mm. z zaworem dysza 45cm\"}]},{\"@type\":\"WebSite\",\"@id\":\"https:\\\/\\\/racom.com.pl\\\/#website\",\"url\":\"https:\\\/\\\/racom.com.pl\\\/\",\"name\":\"Mix Market - Supermarket z wszystkim co potrzeba do domu i nie tylko\",\"description\":\"\",\"publisher\":{\"@id\":\"https:\\\/\\\/racom.com.pl\\\/#organization\"},\"potentialAction\":[{\"@type\":\"SearchAction\",\"target\":{\"@type\":\"EntryPoint\",\"urlTemplate\":\"https:\\\/\\\/racom.com.pl\\\/?s={search_term_string}\"},\"query-input\":{\"@type\":\"PropertyValueSpecification\",\"valueRequired\":true,\"valueName\":\"search_term_string\"}}],\"inLanguage\":\"pl-PL\"},{\"@type\":\"Organization\",\"@id\":\"https:\\\/\\\/racom.com.pl\\\/#organization\",\"name\":\"Mix Market - Supermarket z wszystkim co potrzeba do domu i nie tylko\",\"url\":\"https:\\\/\\\/racom.com.pl\\\/\",\"logo\":{\"@type\":\"ImageObject\",\"inLanguage\":\"pl-PL\",\"@id\":\"https:\\\/\\\/racom.com.pl\\\/#\\\/schema\\\/logo\\\/image\\\/\",\"url\":\"https:\\\/\\\/racom.com.pl\\\/wp-content\\\/uploads\\\/2025\\\/07\\\/mixmarket_logo.png\",\"contentUrl\":\"https:\\\/\\\/racom.com.pl\\\/wp-content\\\/uploads\\\/2025\\\/07\\\/mixmarket_logo.png\",\"width\":1024,\"height\":1024,\"caption\":\"Mix Market - Supermarket z wszystkim co potrzeba do domu i nie tylko\"},\"image\":{\"@id\":\"https:\\\/\\\/racom.com.pl\\\/#\\\/schema\\\/logo\\\/image\\\/\"}}]}<\/script>\n<!-- \/ Yoast SEO plugin. -->","yoast_head_json":{"title":"Palnik gazowy do opalania papy dekarski 450mm. z zaworem dysza 45cm - Mix Market - Supermarket z wszystkim co potrzeba","robots":{"index":"index","follow":"follow","max-snippet":"max-snippet:-1","max-image-preview":"max-image-preview:large","max-video-preview":"max-video-preview:-1"},"canonical":"https:\/\/racom.com.pl\/index.php\/produkt\/palnik-gazowy-do-opalania-papy-dekarski-450mm-z-zaworem-dysza-45cm\/","og_locale":"pl_PL","og_type":"article","og_title":"Palnik gazowy do opalania papy dekarski 450mm. z zaworem dysza 45cm - Mix Market - Supermarket z wszystkim co potrzeba","og_description":"Palnik gazowy Vergionic dekarski Palnik gazowy do opalania 45 cm z zaworem VERGIONIC Palnik gazowy to narz\u0119dzie, kt\u00f3re s\u0142u\u017cy do prac dekarskich oraz lutowania i spawania metali. Jest to urz\u0105dzenie o du\u017cej mocy, kt\u00f3re umo\u017cliwia szybkie i precyzyjne wykonywanie prac w zakresie obr\u00f3bki termicznej materia\u0142\u00f3w. Palnik jest niezwykle przydatnym narz\u0119dziem w pracy dekarza, ale tak\u017ce [&hellip;]","og_url":"https:\/\/racom.com.pl\/index.php\/produkt\/palnik-gazowy-do-opalania-papy-dekarski-450mm-z-zaworem-dysza-45cm\/","og_site_name":"Mix Market - Supermarket z wszystkim co potrzeba","twitter_card":"summary_large_image","twitter_misc":{"Szacowany czas czytania":"1 minuta"},"schema":{"@context":"https:\/\/schema.org","@graph":[{"@type":"WebPage","@id":"https:\/\/racom.com.pl\/index.php\/produkt\/palnik-gazowy-do-opalania-papy-dekarski-450mm-z-zaworem-dysza-45cm\/","url":"https:\/\/racom.com.pl\/index.php\/produkt\/palnik-gazowy-do-opalania-papy-dekarski-450mm-z-zaworem-dysza-45cm\/","name":"Palnik gazowy do opalania papy dekarski 450mm. z zaworem dysza 45cm - Mix Market - Supermarket z wszystkim co potrzeba","isPartOf":{"@id":"https:\/\/racom.com.pl\/#website"},"primaryImageOfPage":{"@id":"https:\/\/racom.com.pl\/index.php\/produkt\/palnik-gazowy-do-opalania-papy-dekarski-450mm-z-zaworem-dysza-45cm\/#primaryimage"},"image":{"@id":"https:\/\/racom.com.pl\/index.php\/produkt\/palnik-gazowy-do-opalania-papy-dekarski-450mm-z-zaworem-dysza-45cm\/#primaryimage"},"thumbnailUrl":"https:\/\/racom.com.pl\/wp-content\/uploads\/2026\/03\/allegro_69af1ea398d1d0.22973879_dfe0489f4411a47229bf74c209ab.jpg","datePublished":"2026-03-09T19:24:25+00:00","breadcrumb":{"@id":"https:\/\/racom.com.pl\/index.php\/produkt\/palnik-gazowy-do-opalania-papy-dekarski-450mm-z-zaworem-dysza-45cm\/#breadcrumb"},"inLanguage":"pl-PL","potentialAction":[{"@type":"ReadAction","target":["https:\/\/racom.com.pl\/index.php\/produkt\/palnik-gazowy-do-opalania-papy-dekarski-450mm-z-zaworem-dysza-45cm\/"]}]},{"@type":"ImageObject","inLanguage":"pl-PL","@id":"https:\/\/racom.com.pl\/index.php\/produkt\/palnik-gazowy-do-opalania-papy-dekarski-450mm-z-zaworem-dysza-45cm\/#primaryimage","url":"https:\/\/racom.com.pl\/wp-content\/uploads\/2026\/03\/allegro_69af1ea398d1d0.22973879_dfe0489f4411a47229bf74c209ab.jpg","contentUrl":"https:\/\/racom.com.pl\/wp-content\/uploads\/2026\/03\/allegro_69af1ea398d1d0.22973879_dfe0489f4411a47229bf74c209ab.jpg","width":2500,"height":2500},{"@type":"BreadcrumbList","@id":"https:\/\/racom.com.pl\/index.php\/produkt\/palnik-gazowy-do-opalania-papy-dekarski-450mm-z-zaworem-dysza-45cm\/#breadcrumb","itemListElement":[{"@type":"ListItem","position":1,"name":"Strona g\u0142\u00f3wna","item":"https:\/\/racom.com.pl\/"},{"@type":"ListItem","position":2,"name":"Sklep","item":"https:\/\/racom.com.pl\/"},{"@type":"ListItem","position":3,"name":"Palnik gazowy do opalania papy dekarski 450mm. z zaworem dysza 45cm"}]},{"@type":"WebSite","@id":"https:\/\/racom.com.pl\/#website","url":"https:\/\/racom.com.pl\/","name":"Mix Market - Supermarket z wszystkim co potrzeba do domu i nie tylko","description":"","publisher":{"@id":"https:\/\/racom.com.pl\/#organization"},"potentialAction":[{"@type":"SearchAction","target":{"@type":"EntryPoint","urlTemplate":"https:\/\/racom.com.pl\/?s={search_term_string}"},"query-input":{"@type":"PropertyValueSpecification","valueRequired":true,"valueName":"search_term_string"}}],"inLanguage":"pl-PL"},{"@type":"Organization","@id":"https:\/\/racom.com.pl\/#organization","name":"Mix Market - Supermarket z wszystkim co potrzeba do domu i nie tylko","url":"https:\/\/racom.com.pl\/","logo":{"@type":"ImageObject","inLanguage":"pl-PL","@id":"https:\/\/racom.com.pl\/#\/schema\/logo\/image\/","url":"https:\/\/racom.com.pl\/wp-content\/uploads\/2025\/07\/mixmarket_logo.png","contentUrl":"https:\/\/racom.com.pl\/wp-content\/uploads\/2025\/07\/mixmarket_logo.png","width":1024,"height":1024,"caption":"Mix Market - Supermarket z wszystkim co potrzeba do domu i nie tylko"},"image":{"@id":"https:\/\/racom.com.pl\/#\/schema\/logo\/image\/"}}]}},"_links":{"self":[{"href":"https:\/\/racom.com.pl\/index.php\/wp-json\/wp\/v2\/product\/4164","targetHints":{"allow":["GET"]}}],"collection":[{"href":"https:\/\/racom.com.pl\/index.php\/wp-json\/wp\/v2\/product"}],"about":[{"href":"https:\/\/racom.com.pl\/index.php\/wp-json\/wp\/v2\/types\/product"}],"replies":[{"embeddable":true,"href":"https:\/\/racom.com.pl\/index.php\/wp-json\/wp\/v2\/comments?post=4164"}],"wp:featuredmedia":[{"embeddable":true,"href":"https:\/\/racom.com.pl\/index.php\/wp-json\/wp\/v2\/media\/4203"}],"wp:attachment":[{"href":"https:\/\/racom.com.pl\/index.php\/wp-json\/wp\/v2\/media?parent=4164"}],"wp:term":[{"taxonomy":"product_brand","embeddable":true,"href":"https:\/\/racom.com.pl\/index.php\/wp-json\/wp\/v2\/product_brand?post=4164"},{"taxonomy":"product_cat","embeddable":true,"href":"https:\/\/racom.com.pl\/index.php\/wp-json\/wp\/v2\/product_cat?post=4164"},{"taxonomy":"product_tag","embeddable":true,"href":"https:\/\/racom.com.pl\/index.php\/wp-json\/wp\/v2\/product_tag?post=4164"}],"curies":[{"name":"wp","href":"https:\/\/api.w.org\/{rel}","templated":true}]}}