{"id":4206,"date":"2026-03-09T20:25:27","date_gmt":"2026-03-09T19:25:27","guid":{"rendered":"https:\/\/racom.com.pl\/index.php\/produkt\/walek-drewniano-silikonowy-do-ciasta-nieprzywierajacy-375-cm-vergionic\/"},"modified":"2026-03-09T20:25:27","modified_gmt":"2026-03-09T19:25:27","slug":"walek-drewniano-silikonowy-do-ciasta-nieprzywierajacy-375-cm-vergionic","status":"publish","type":"product","link":"https:\/\/racom.com.pl\/index.php\/produkt\/walek-drewniano-silikonowy-do-ciasta-nieprzywierajacy-375-cm-vergionic\/","title":{"rendered":"Wa\u0142ek drewniano-silikonowy do ciasta nieprzywieraj\u0105cy 37,5 cm VERGIONIC"},"content":{"rendered":"<p><b>\u2728Wa\u0142ek drewniano-silikonowy 37,5 cm\u2728<\/b><\/p>\n<p><b>\u2728<\/b>Wa\u0142ek kuchenny to niezb\u0119dny element w ka\u017cdej kuchni. Jest idealny do wa\u0142kowania r\u00f3\u017cnego rodzaju ciast \u2013 kruchych, dro\u017cd\u017cowych, na makaron, na pizz\u0119.<b> Dzi\u0119ki zastosowaniu trwa\u0142ych i wytrzyma\u0142ych materia\u0142\u00f3w wa\u0142ek b\u0119dzie s\u0142u\u017cy\u0142 przez wiele lat.<\/b><\/p>\n<p><b>\u2728<\/b>Jest to doskona\u0142y wyb\u00f3r dla ka\u017cdego, kto szuka funkcjonalnego i eleganckiego narz\u0119dzia kuchennego, kt\u00f3re u\u0142atwi wa\u0142kowanie ciasta i dodatkowo <b>b\u0119dzie stanowi\u0107 pi\u0119kny element dekoracyjny w kuchni. <\/b>Wa\u0142ek wykonany jest z wytrzyma\u0142ego silikonu, kt\u00f3ry gwarantuje d\u0142ugi czas u\u017cytkowania i \u0142atwe czyszczenie.&nbsp;<\/p>\n<p><b>\u2728Drewniane r\u0105czki zapewniaj\u0105 pewny chwyt<\/b>, dzi\u0119ki czemu wa\u0142ek jest wygodny w u\u017cyciu i zapewnia precyzyjne wa\u0142kowanie. Cz\u0119\u015b\u0107 robocza wa\u0142ka ma d\u0142ugo\u015b\u0107 20 cm, dzi\u0119ki czemu jest odpowiednio d\u0142ugi do wi\u0119kszo\u015bci zastosowa\u0144 kuchennych.&nbsp;<\/p>\n<p><b>\u2728<\/b>Wa\u0142ek jest w kolorze szarym, co<b> pozwala na \u0142atwe dopasowanie go do pozosta\u0142ych narz\u0119dzi i akcesori\u00f3w kuchennych.<\/b><\/p>\n<p><b>\u2728Specyfikacja: \u2728<\/b><\/p>\n<ul>\n<li>D\u0142ugo\u015b\u0107 ca\u0142kowita: 38,5 cm<\/li>\n<li>D\u0142ugo\u015b\u0107 cz\u0119\u015bci roboczej: 20 cm<\/li>\n<li>\u015arednica: 5 cm<\/li>\n<li>Materia\u0142: silikon, drewno<\/li>\n<\/ul>\n","protected":false},"excerpt":{"rendered":"<p>\u2728Wa\u0142ek drewniano-silikonowy 37,5 cm\u2728 \u2728Wa\u0142ek kuchenny to niezb\u0119dny element w ka\u017cdej kuchni. Jest idealny do wa\u0142kowania r\u00f3\u017cnego rodzaju ciast \u2013 kruchych, dro\u017cd\u017cowych, na makaron, na pizz\u0119. Dzi\u0119ki zastosowaniu trwa\u0142ych i wytrzyma\u0142ych materia\u0142\u00f3w wa\u0142ek b\u0119dzie s\u0142u\u017cy\u0142 przez wiele lat. \u2728Jest to doskona\u0142y wyb\u00f3r dla ka\u017cdego, kto szuka funkcjonalnego i eleganckiego narz\u0119dzia kuchennego, kt\u00f3re u\u0142atwi wa\u0142kowanie ciasta [&hellip;]<\/p>\n","protected":false},"featured_media":4222,"comment_status":"open","ping_status":"closed","template":"","meta":[],"product_brand":[84],"product_cat":[237],"product_tag":[],"class_list":{"0":"post-4206","1":"product","2":"type-product","3":"status-publish","4":"has-post-thumbnail","6":"product_brand-vergionic","7":"product_cat-przybory-kuchenne","9":"first","10":"instock","11":"taxable","12":"shipping-taxable","13":"purchasable","14":"product-type-simple"},"yoast_head":"<!-- This site is optimized with the Yoast SEO plugin v27.4 - https:\/\/yoast.com\/product\/yoast-seo-wordpress\/ -->\n<title>Wa\u0142ek drewniano-silikonowy do ciasta nieprzywieraj\u0105cy 37,5 cm VERGIONIC - Mix Market - Supermarket z wszystkim co potrzeba<\/title>\n<meta name=\"robots\" content=\"index, follow, max-snippet:-1, max-image-preview:large, max-video-preview:-1\" \/>\n<link rel=\"canonical\" href=\"https:\/\/racom.com.pl\/index.php\/produkt\/walek-drewniano-silikonowy-do-ciasta-nieprzywierajacy-375-cm-vergionic\/\" \/>\n<meta property=\"og:locale\" content=\"pl_PL\" \/>\n<meta property=\"og:type\" content=\"article\" \/>\n<meta property=\"og:title\" content=\"Wa\u0142ek drewniano-silikonowy do ciasta nieprzywieraj\u0105cy 37,5 cm VERGIONIC - Mix Market - Supermarket z wszystkim co potrzeba\" \/>\n<meta property=\"og:description\" content=\"\u2728Wa\u0142ek drewniano-silikonowy 37,5 cm\u2728 \u2728Wa\u0142ek kuchenny to niezb\u0119dny element w ka\u017cdej kuchni. Jest idealny do wa\u0142kowania r\u00f3\u017cnego rodzaju ciast \u2013 kruchych, dro\u017cd\u017cowych, na makaron, na pizz\u0119. Dzi\u0119ki zastosowaniu trwa\u0142ych i wytrzyma\u0142ych materia\u0142\u00f3w wa\u0142ek b\u0119dzie s\u0142u\u017cy\u0142 przez wiele lat. \u2728Jest to doskona\u0142y wyb\u00f3r dla ka\u017cdego, kto szuka funkcjonalnego i eleganckiego narz\u0119dzia kuchennego, kt\u00f3re u\u0142atwi wa\u0142kowanie ciasta [&hellip;]\" \/>\n<meta property=\"og:url\" content=\"https:\/\/racom.com.pl\/index.php\/produkt\/walek-drewniano-silikonowy-do-ciasta-nieprzywierajacy-375-cm-vergionic\/\" \/>\n<meta property=\"og:site_name\" content=\"Mix Market - Supermarket z wszystkim co potrzeba\" \/>\n<meta name=\"twitter:card\" content=\"summary_large_image\" \/>\n<meta name=\"twitter:label1\" content=\"Szacowany czas czytania\" \/>\n\t<meta name=\"twitter:data1\" content=\"1 minuta\" \/>\n<script type=\"application\/ld+json\" class=\"yoast-schema-graph\">{\"@context\":\"https:\\\/\\\/schema.org\",\"@graph\":[{\"@type\":\"WebPage\",\"@id\":\"https:\\\/\\\/racom.com.pl\\\/index.php\\\/produkt\\\/walek-drewniano-silikonowy-do-ciasta-nieprzywierajacy-375-cm-vergionic\\\/\",\"url\":\"https:\\\/\\\/racom.com.pl\\\/index.php\\\/produkt\\\/walek-drewniano-silikonowy-do-ciasta-nieprzywierajacy-375-cm-vergionic\\\/\",\"name\":\"Wa\u0142ek drewniano-silikonowy do ciasta nieprzywieraj\u0105cy 37,5 cm VERGIONIC - Mix Market - Supermarket z wszystkim co potrzeba\",\"isPartOf\":{\"@id\":\"https:\\\/\\\/racom.com.pl\\\/#website\"},\"primaryImageOfPage\":{\"@id\":\"https:\\\/\\\/racom.com.pl\\\/index.php\\\/produkt\\\/walek-drewniano-silikonowy-do-ciasta-nieprzywierajacy-375-cm-vergionic\\\/#primaryimage\"},\"image\":{\"@id\":\"https:\\\/\\\/racom.com.pl\\\/index.php\\\/produkt\\\/walek-drewniano-silikonowy-do-ciasta-nieprzywierajacy-375-cm-vergionic\\\/#primaryimage\"},\"thumbnailUrl\":\"https:\\\/\\\/racom.com.pl\\\/wp-content\\\/uploads\\\/2026\\\/03\\\/allegro_69af1eb7845f29.02561652_9f7a5f5b42e6b517cfc9fb090cf2.jpg\",\"datePublished\":\"2026-03-09T19:25:27+00:00\",\"breadcrumb\":{\"@id\":\"https:\\\/\\\/racom.com.pl\\\/index.php\\\/produkt\\\/walek-drewniano-silikonowy-do-ciasta-nieprzywierajacy-375-cm-vergionic\\\/#breadcrumb\"},\"inLanguage\":\"pl-PL\",\"potentialAction\":[{\"@type\":\"ReadAction\",\"target\":[\"https:\\\/\\\/racom.com.pl\\\/index.php\\\/produkt\\\/walek-drewniano-silikonowy-do-ciasta-nieprzywierajacy-375-cm-vergionic\\\/\"]}]},{\"@type\":\"ImageObject\",\"inLanguage\":\"pl-PL\",\"@id\":\"https:\\\/\\\/racom.com.pl\\\/index.php\\\/produkt\\\/walek-drewniano-silikonowy-do-ciasta-nieprzywierajacy-375-cm-vergionic\\\/#primaryimage\",\"url\":\"https:\\\/\\\/racom.com.pl\\\/wp-content\\\/uploads\\\/2026\\\/03\\\/allegro_69af1eb7845f29.02561652_9f7a5f5b42e6b517cfc9fb090cf2.jpg\",\"contentUrl\":\"https:\\\/\\\/racom.com.pl\\\/wp-content\\\/uploads\\\/2026\\\/03\\\/allegro_69af1eb7845f29.02561652_9f7a5f5b42e6b517cfc9fb090cf2.jpg\",\"width\":2560,\"height\":2560},{\"@type\":\"BreadcrumbList\",\"@id\":\"https:\\\/\\\/racom.com.pl\\\/index.php\\\/produkt\\\/walek-drewniano-silikonowy-do-ciasta-nieprzywierajacy-375-cm-vergionic\\\/#breadcrumb\",\"itemListElement\":[{\"@type\":\"ListItem\",\"position\":1,\"name\":\"Strona g\u0142\u00f3wna\",\"item\":\"https:\\\/\\\/racom.com.pl\\\/\"},{\"@type\":\"ListItem\",\"position\":2,\"name\":\"Sklep\",\"item\":\"https:\\\/\\\/racom.com.pl\\\/\"},{\"@type\":\"ListItem\",\"position\":3,\"name\":\"Wa\u0142ek drewniano-silikonowy do ciasta nieprzywieraj\u0105cy 37,5 cm VERGIONIC\"}]},{\"@type\":\"WebSite\",\"@id\":\"https:\\\/\\\/racom.com.pl\\\/#website\",\"url\":\"https:\\\/\\\/racom.com.pl\\\/\",\"name\":\"Mix Market - Supermarket z wszystkim co potrzeba do domu i nie tylko\",\"description\":\"\",\"publisher\":{\"@id\":\"https:\\\/\\\/racom.com.pl\\\/#organization\"},\"potentialAction\":[{\"@type\":\"SearchAction\",\"target\":{\"@type\":\"EntryPoint\",\"urlTemplate\":\"https:\\\/\\\/racom.com.pl\\\/?s={search_term_string}\"},\"query-input\":{\"@type\":\"PropertyValueSpecification\",\"valueRequired\":true,\"valueName\":\"search_term_string\"}}],\"inLanguage\":\"pl-PL\"},{\"@type\":\"Organization\",\"@id\":\"https:\\\/\\\/racom.com.pl\\\/#organization\",\"name\":\"Mix Market - Supermarket z wszystkim co potrzeba do domu i nie tylko\",\"url\":\"https:\\\/\\\/racom.com.pl\\\/\",\"logo\":{\"@type\":\"ImageObject\",\"inLanguage\":\"pl-PL\",\"@id\":\"https:\\\/\\\/racom.com.pl\\\/#\\\/schema\\\/logo\\\/image\\\/\",\"url\":\"https:\\\/\\\/racom.com.pl\\\/wp-content\\\/uploads\\\/2025\\\/07\\\/mixmarket_logo.png\",\"contentUrl\":\"https:\\\/\\\/racom.com.pl\\\/wp-content\\\/uploads\\\/2025\\\/07\\\/mixmarket_logo.png\",\"width\":1024,\"height\":1024,\"caption\":\"Mix Market - Supermarket z wszystkim co potrzeba do domu i nie tylko\"},\"image\":{\"@id\":\"https:\\\/\\\/racom.com.pl\\\/#\\\/schema\\\/logo\\\/image\\\/\"}}]}<\/script>\n<!-- \/ Yoast SEO plugin. -->","yoast_head_json":{"title":"Wa\u0142ek drewniano-silikonowy do ciasta nieprzywieraj\u0105cy 37,5 cm VERGIONIC - Mix Market - Supermarket z wszystkim co potrzeba","robots":{"index":"index","follow":"follow","max-snippet":"max-snippet:-1","max-image-preview":"max-image-preview:large","max-video-preview":"max-video-preview:-1"},"canonical":"https:\/\/racom.com.pl\/index.php\/produkt\/walek-drewniano-silikonowy-do-ciasta-nieprzywierajacy-375-cm-vergionic\/","og_locale":"pl_PL","og_type":"article","og_title":"Wa\u0142ek drewniano-silikonowy do ciasta nieprzywieraj\u0105cy 37,5 cm VERGIONIC - Mix Market - Supermarket z wszystkim co potrzeba","og_description":"\u2728Wa\u0142ek drewniano-silikonowy 37,5 cm\u2728 \u2728Wa\u0142ek kuchenny to niezb\u0119dny element w ka\u017cdej kuchni. Jest idealny do wa\u0142kowania r\u00f3\u017cnego rodzaju ciast \u2013 kruchych, dro\u017cd\u017cowych, na makaron, na pizz\u0119. Dzi\u0119ki zastosowaniu trwa\u0142ych i wytrzyma\u0142ych materia\u0142\u00f3w wa\u0142ek b\u0119dzie s\u0142u\u017cy\u0142 przez wiele lat. \u2728Jest to doskona\u0142y wyb\u00f3r dla ka\u017cdego, kto szuka funkcjonalnego i eleganckiego narz\u0119dzia kuchennego, kt\u00f3re u\u0142atwi wa\u0142kowanie ciasta [&hellip;]","og_url":"https:\/\/racom.com.pl\/index.php\/produkt\/walek-drewniano-silikonowy-do-ciasta-nieprzywierajacy-375-cm-vergionic\/","og_site_name":"Mix Market - Supermarket z wszystkim co potrzeba","twitter_card":"summary_large_image","twitter_misc":{"Szacowany czas czytania":"1 minuta"},"schema":{"@context":"https:\/\/schema.org","@graph":[{"@type":"WebPage","@id":"https:\/\/racom.com.pl\/index.php\/produkt\/walek-drewniano-silikonowy-do-ciasta-nieprzywierajacy-375-cm-vergionic\/","url":"https:\/\/racom.com.pl\/index.php\/produkt\/walek-drewniano-silikonowy-do-ciasta-nieprzywierajacy-375-cm-vergionic\/","name":"Wa\u0142ek drewniano-silikonowy do ciasta nieprzywieraj\u0105cy 37,5 cm VERGIONIC - Mix Market - Supermarket z wszystkim co potrzeba","isPartOf":{"@id":"https:\/\/racom.com.pl\/#website"},"primaryImageOfPage":{"@id":"https:\/\/racom.com.pl\/index.php\/produkt\/walek-drewniano-silikonowy-do-ciasta-nieprzywierajacy-375-cm-vergionic\/#primaryimage"},"image":{"@id":"https:\/\/racom.com.pl\/index.php\/produkt\/walek-drewniano-silikonowy-do-ciasta-nieprzywierajacy-375-cm-vergionic\/#primaryimage"},"thumbnailUrl":"https:\/\/racom.com.pl\/wp-content\/uploads\/2026\/03\/allegro_69af1eb7845f29.02561652_9f7a5f5b42e6b517cfc9fb090cf2.jpg","datePublished":"2026-03-09T19:25:27+00:00","breadcrumb":{"@id":"https:\/\/racom.com.pl\/index.php\/produkt\/walek-drewniano-silikonowy-do-ciasta-nieprzywierajacy-375-cm-vergionic\/#breadcrumb"},"inLanguage":"pl-PL","potentialAction":[{"@type":"ReadAction","target":["https:\/\/racom.com.pl\/index.php\/produkt\/walek-drewniano-silikonowy-do-ciasta-nieprzywierajacy-375-cm-vergionic\/"]}]},{"@type":"ImageObject","inLanguage":"pl-PL","@id":"https:\/\/racom.com.pl\/index.php\/produkt\/walek-drewniano-silikonowy-do-ciasta-nieprzywierajacy-375-cm-vergionic\/#primaryimage","url":"https:\/\/racom.com.pl\/wp-content\/uploads\/2026\/03\/allegro_69af1eb7845f29.02561652_9f7a5f5b42e6b517cfc9fb090cf2.jpg","contentUrl":"https:\/\/racom.com.pl\/wp-content\/uploads\/2026\/03\/allegro_69af1eb7845f29.02561652_9f7a5f5b42e6b517cfc9fb090cf2.jpg","width":2560,"height":2560},{"@type":"BreadcrumbList","@id":"https:\/\/racom.com.pl\/index.php\/produkt\/walek-drewniano-silikonowy-do-ciasta-nieprzywierajacy-375-cm-vergionic\/#breadcrumb","itemListElement":[{"@type":"ListItem","position":1,"name":"Strona g\u0142\u00f3wna","item":"https:\/\/racom.com.pl\/"},{"@type":"ListItem","position":2,"name":"Sklep","item":"https:\/\/racom.com.pl\/"},{"@type":"ListItem","position":3,"name":"Wa\u0142ek drewniano-silikonowy do ciasta nieprzywieraj\u0105cy 37,5 cm VERGIONIC"}]},{"@type":"WebSite","@id":"https:\/\/racom.com.pl\/#website","url":"https:\/\/racom.com.pl\/","name":"Mix Market - Supermarket z wszystkim co potrzeba do domu i nie tylko","description":"","publisher":{"@id":"https:\/\/racom.com.pl\/#organization"},"potentialAction":[{"@type":"SearchAction","target":{"@type":"EntryPoint","urlTemplate":"https:\/\/racom.com.pl\/?s={search_term_string}"},"query-input":{"@type":"PropertyValueSpecification","valueRequired":true,"valueName":"search_term_string"}}],"inLanguage":"pl-PL"},{"@type":"Organization","@id":"https:\/\/racom.com.pl\/#organization","name":"Mix Market - Supermarket z wszystkim co potrzeba do domu i nie tylko","url":"https:\/\/racom.com.pl\/","logo":{"@type":"ImageObject","inLanguage":"pl-PL","@id":"https:\/\/racom.com.pl\/#\/schema\/logo\/image\/","url":"https:\/\/racom.com.pl\/wp-content\/uploads\/2025\/07\/mixmarket_logo.png","contentUrl":"https:\/\/racom.com.pl\/wp-content\/uploads\/2025\/07\/mixmarket_logo.png","width":1024,"height":1024,"caption":"Mix Market - Supermarket z wszystkim co potrzeba do domu i nie tylko"},"image":{"@id":"https:\/\/racom.com.pl\/#\/schema\/logo\/image\/"}}]}},"_links":{"self":[{"href":"https:\/\/racom.com.pl\/index.php\/wp-json\/wp\/v2\/product\/4206","targetHints":{"allow":["GET"]}}],"collection":[{"href":"https:\/\/racom.com.pl\/index.php\/wp-json\/wp\/v2\/product"}],"about":[{"href":"https:\/\/racom.com.pl\/index.php\/wp-json\/wp\/v2\/types\/product"}],"replies":[{"embeddable":true,"href":"https:\/\/racom.com.pl\/index.php\/wp-json\/wp\/v2\/comments?post=4206"}],"wp:featuredmedia":[{"embeddable":true,"href":"https:\/\/racom.com.pl\/index.php\/wp-json\/wp\/v2\/media\/4222"}],"wp:attachment":[{"href":"https:\/\/racom.com.pl\/index.php\/wp-json\/wp\/v2\/media?parent=4206"}],"wp:term":[{"taxonomy":"product_brand","embeddable":true,"href":"https:\/\/racom.com.pl\/index.php\/wp-json\/wp\/v2\/product_brand?post=4206"},{"taxonomy":"product_cat","embeddable":true,"href":"https:\/\/racom.com.pl\/index.php\/wp-json\/wp\/v2\/product_cat?post=4206"},{"taxonomy":"product_tag","embeddable":true,"href":"https:\/\/racom.com.pl\/index.php\/wp-json\/wp\/v2\/product_tag?post=4206"}],"curies":[{"name":"wp","href":"https:\/\/api.w.org\/{rel}","templated":true}]}}