{"id":4226,"date":"2026-03-09T20:25:48","date_gmt":"2026-03-09T19:25:48","guid":{"rendered":"https:\/\/racom.com.pl\/index.php\/produkt\/silikonowa-duza-forma-foremka-do-pieczenia-ciasta-babki-z-kominem-23cm\/"},"modified":"2026-03-09T20:25:48","modified_gmt":"2026-03-09T19:25:48","slug":"silikonowa-duza-forma-foremka-do-pieczenia-ciasta-babki-z-kominem-23cm","status":"publish","type":"product","link":"https:\/\/racom.com.pl\/index.php\/produkt\/silikonowa-duza-forma-foremka-do-pieczenia-ciasta-babki-z-kominem-23cm\/","title":{"rendered":"SILIKONOWA DU\u017bA FORMA FOREMKA DO PIECZENIA CIASTA BABKI Z KOMINEM 23cm"},"content":{"rendered":"<h2>SILIKONOWA DU\u017bA&nbsp;FORMA&nbsp;FOREMKA DO PIECZENIA CIASTA BABKI Z KOMINEM 23cm<\/h2>\n<p><b>\u2b50<\/b>Silikonowa forma do babki to niezast\u0105pione narz\u0119dzie w kuchni ka\u017cdego mi\u0142o\u015bnika wypiek\u00f3w. Ta wyj\u0105tkowa foremka umo\u017cliwia przygotowanie pysznej, perfekcyjnie uformowanej babki, kt\u00f3ra zachwyci zar\u00f3wno smakiem, jak i wygl\u0105dem.<\/p>\n<p><b>\u2b50<\/b>do babki jest wykonana z trwa\u0142ego i odpornego na wysokie temperatury silikonu. Dzi\u0119ki temu mo\u017cna j\u0105 swobodnie stosowa\u0107 w piekarnikach, poniewa\u017c wytrzymuje temperatury do 230\u00b0C.&nbsp;<\/p>\n<p><b>\u2b50<\/b>Silikon jest r\u00f3wnie\u017c materia\u0142em elastycznym, co u\u0142atwia wyjmowanie gotowego wypieku bez ryzyka uszkodze\u0144. Forma ma 23 cm szeroko\u015bci i 10 cm wysoko\u015bci. To oznacza, \u017ce babka upieczona w tej formie b\u0119dzie mia\u0142a doskona\u0142y kszta\u0142t i idealne proporcje.<\/p>\n<p><b>\u2b50<\/b> Forma jest \u0142atwa w utrzymaniu czysto\u015bci. Mo\u017cna j\u0105 my\u0107 w zmywarce, co znacznie u\u0142atwia prac\u0119 w kuchni i oszcz\u0119dza czas. Dodatkowo form\u0119 mo\u017cna z\u0142o\u017cy\u0107, co pozwala zaoszcz\u0119dzi\u0107 miejsce w szafce kuchennej.<\/p>\n<p><b>\u2b50<\/b>Specyfikacja:<\/p>\n<ul>\n<li>Odporna na temperatury: 230\u00b0C<\/li>\n<li>Materia\u0142: silikon<\/li>\n<li>\u015arednica: 23 cm<\/li>\n<li>Wysoko\u015b\u0107: 10 cm<\/li>\n<li>\u015arednica otworu wewn\u0119trznego: 4,8 &#8211; 7,5 cm<\/li>\n<\/ul>\n","protected":false},"excerpt":{"rendered":"<p>SILIKONOWA DU\u017bA&nbsp;FORMA&nbsp;FOREMKA DO PIECZENIA CIASTA BABKI Z KOMINEM 23cm \u2b50Silikonowa forma do babki to niezast\u0105pione narz\u0119dzie w kuchni ka\u017cdego mi\u0142o\u015bnika wypiek\u00f3w. Ta wyj\u0105tkowa foremka umo\u017cliwia przygotowanie pysznej, perfekcyjnie uformowanej babki, kt\u00f3ra zachwyci zar\u00f3wno smakiem, jak i wygl\u0105dem. \u2b50do babki jest wykonana z trwa\u0142ego i odpornego na wysokie temperatury silikonu. Dzi\u0119ki temu mo\u017cna j\u0105 swobodnie stosowa\u0107 [&hellip;]<\/p>\n","protected":false},"featured_media":4270,"comment_status":"open","ping_status":"closed","template":"","meta":[],"product_brand":[84],"product_cat":[237],"product_tag":[],"class_list":{"0":"post-4226","1":"product","2":"type-product","3":"status-publish","4":"has-post-thumbnail","6":"product_brand-vergionic","7":"product_cat-przybory-kuchenne","9":"first","10":"instock","11":"taxable","12":"shipping-taxable","13":"purchasable","14":"product-type-simple"},"yoast_head":"<!-- This site is optimized with the Yoast SEO plugin v27.4 - https:\/\/yoast.com\/product\/yoast-seo-wordpress\/ -->\n<title>SILIKONOWA DU\u017bA FORMA FOREMKA DO PIECZENIA CIASTA BABKI Z KOMINEM 23cm - Mix Market - Supermarket z wszystkim co potrzeba<\/title>\n<meta name=\"robots\" content=\"index, follow, max-snippet:-1, max-image-preview:large, max-video-preview:-1\" \/>\n<link rel=\"canonical\" href=\"https:\/\/racom.com.pl\/index.php\/produkt\/silikonowa-duza-forma-foremka-do-pieczenia-ciasta-babki-z-kominem-23cm\/\" \/>\n<meta property=\"og:locale\" content=\"pl_PL\" \/>\n<meta property=\"og:type\" content=\"article\" \/>\n<meta property=\"og:title\" content=\"SILIKONOWA DU\u017bA FORMA FOREMKA DO PIECZENIA CIASTA BABKI Z KOMINEM 23cm - Mix Market - Supermarket z wszystkim co potrzeba\" \/>\n<meta property=\"og:description\" content=\"SILIKONOWA DU\u017bA&nbsp;FORMA&nbsp;FOREMKA DO PIECZENIA CIASTA BABKI Z KOMINEM 23cm \u2b50Silikonowa forma do babki to niezast\u0105pione narz\u0119dzie w kuchni ka\u017cdego mi\u0142o\u015bnika wypiek\u00f3w. Ta wyj\u0105tkowa foremka umo\u017cliwia przygotowanie pysznej, perfekcyjnie uformowanej babki, kt\u00f3ra zachwyci zar\u00f3wno smakiem, jak i wygl\u0105dem. \u2b50do babki jest wykonana z trwa\u0142ego i odpornego na wysokie temperatury silikonu. Dzi\u0119ki temu mo\u017cna j\u0105 swobodnie stosowa\u0107 [&hellip;]\" \/>\n<meta property=\"og:url\" content=\"https:\/\/racom.com.pl\/index.php\/produkt\/silikonowa-duza-forma-foremka-do-pieczenia-ciasta-babki-z-kominem-23cm\/\" \/>\n<meta property=\"og:site_name\" content=\"Mix Market - Supermarket z wszystkim co potrzeba\" \/>\n<meta name=\"twitter:card\" content=\"summary_large_image\" \/>\n<meta name=\"twitter:label1\" content=\"Szacowany czas czytania\" \/>\n\t<meta name=\"twitter:data1\" content=\"1 minuta\" \/>\n<script type=\"application\/ld+json\" class=\"yoast-schema-graph\">{\"@context\":\"https:\\\/\\\/schema.org\",\"@graph\":[{\"@type\":\"WebPage\",\"@id\":\"https:\\\/\\\/racom.com.pl\\\/index.php\\\/produkt\\\/silikonowa-duza-forma-foremka-do-pieczenia-ciasta-babki-z-kominem-23cm\\\/\",\"url\":\"https:\\\/\\\/racom.com.pl\\\/index.php\\\/produkt\\\/silikonowa-duza-forma-foremka-do-pieczenia-ciasta-babki-z-kominem-23cm\\\/\",\"name\":\"SILIKONOWA DU\u017bA FORMA FOREMKA DO PIECZENIA CIASTA BABKI Z KOMINEM 23cm - Mix Market - Supermarket z wszystkim co potrzeba\",\"isPartOf\":{\"@id\":\"https:\\\/\\\/racom.com.pl\\\/#website\"},\"primaryImageOfPage\":{\"@id\":\"https:\\\/\\\/racom.com.pl\\\/index.php\\\/produkt\\\/silikonowa-duza-forma-foremka-do-pieczenia-ciasta-babki-z-kominem-23cm\\\/#primaryimage\"},\"image\":{\"@id\":\"https:\\\/\\\/racom.com.pl\\\/index.php\\\/produkt\\\/silikonowa-duza-forma-foremka-do-pieczenia-ciasta-babki-z-kominem-23cm\\\/#primaryimage\"},\"thumbnailUrl\":\"https:\\\/\\\/racom.com.pl\\\/wp-content\\\/uploads\\\/2026\\\/03\\\/allegro_69af1ee912d113.32746435_bf7b79ce471ea3c95c46d3c0cc3b.jpg\",\"datePublished\":\"2026-03-09T19:25:48+00:00\",\"breadcrumb\":{\"@id\":\"https:\\\/\\\/racom.com.pl\\\/index.php\\\/produkt\\\/silikonowa-duza-forma-foremka-do-pieczenia-ciasta-babki-z-kominem-23cm\\\/#breadcrumb\"},\"inLanguage\":\"pl-PL\",\"potentialAction\":[{\"@type\":\"ReadAction\",\"target\":[\"https:\\\/\\\/racom.com.pl\\\/index.php\\\/produkt\\\/silikonowa-duza-forma-foremka-do-pieczenia-ciasta-babki-z-kominem-23cm\\\/\"]}]},{\"@type\":\"ImageObject\",\"inLanguage\":\"pl-PL\",\"@id\":\"https:\\\/\\\/racom.com.pl\\\/index.php\\\/produkt\\\/silikonowa-duza-forma-foremka-do-pieczenia-ciasta-babki-z-kominem-23cm\\\/#primaryimage\",\"url\":\"https:\\\/\\\/racom.com.pl\\\/wp-content\\\/uploads\\\/2026\\\/03\\\/allegro_69af1ee912d113.32746435_bf7b79ce471ea3c95c46d3c0cc3b.jpg\",\"contentUrl\":\"https:\\\/\\\/racom.com.pl\\\/wp-content\\\/uploads\\\/2026\\\/03\\\/allegro_69af1ee912d113.32746435_bf7b79ce471ea3c95c46d3c0cc3b.jpg\",\"width\":2560,\"height\":2560},{\"@type\":\"BreadcrumbList\",\"@id\":\"https:\\\/\\\/racom.com.pl\\\/index.php\\\/produkt\\\/silikonowa-duza-forma-foremka-do-pieczenia-ciasta-babki-z-kominem-23cm\\\/#breadcrumb\",\"itemListElement\":[{\"@type\":\"ListItem\",\"position\":1,\"name\":\"Strona g\u0142\u00f3wna\",\"item\":\"https:\\\/\\\/racom.com.pl\\\/\"},{\"@type\":\"ListItem\",\"position\":2,\"name\":\"Sklep\",\"item\":\"https:\\\/\\\/racom.com.pl\\\/\"},{\"@type\":\"ListItem\",\"position\":3,\"name\":\"SILIKONOWA DU\u017bA FORMA FOREMKA DO PIECZENIA CIASTA BABKI Z KOMINEM 23cm\"}]},{\"@type\":\"WebSite\",\"@id\":\"https:\\\/\\\/racom.com.pl\\\/#website\",\"url\":\"https:\\\/\\\/racom.com.pl\\\/\",\"name\":\"Mix Market - Supermarket z wszystkim co potrzeba do domu i nie tylko\",\"description\":\"\",\"publisher\":{\"@id\":\"https:\\\/\\\/racom.com.pl\\\/#organization\"},\"potentialAction\":[{\"@type\":\"SearchAction\",\"target\":{\"@type\":\"EntryPoint\",\"urlTemplate\":\"https:\\\/\\\/racom.com.pl\\\/?s={search_term_string}\"},\"query-input\":{\"@type\":\"PropertyValueSpecification\",\"valueRequired\":true,\"valueName\":\"search_term_string\"}}],\"inLanguage\":\"pl-PL\"},{\"@type\":\"Organization\",\"@id\":\"https:\\\/\\\/racom.com.pl\\\/#organization\",\"name\":\"Mix Market - Supermarket z wszystkim co potrzeba do domu i nie tylko\",\"url\":\"https:\\\/\\\/racom.com.pl\\\/\",\"logo\":{\"@type\":\"ImageObject\",\"inLanguage\":\"pl-PL\",\"@id\":\"https:\\\/\\\/racom.com.pl\\\/#\\\/schema\\\/logo\\\/image\\\/\",\"url\":\"https:\\\/\\\/racom.com.pl\\\/wp-content\\\/uploads\\\/2025\\\/07\\\/mixmarket_logo.png\",\"contentUrl\":\"https:\\\/\\\/racom.com.pl\\\/wp-content\\\/uploads\\\/2025\\\/07\\\/mixmarket_logo.png\",\"width\":1024,\"height\":1024,\"caption\":\"Mix Market - Supermarket z wszystkim co potrzeba do domu i nie tylko\"},\"image\":{\"@id\":\"https:\\\/\\\/racom.com.pl\\\/#\\\/schema\\\/logo\\\/image\\\/\"}}]}<\/script>\n<!-- \/ Yoast SEO plugin. -->","yoast_head_json":{"title":"SILIKONOWA DU\u017bA FORMA FOREMKA DO PIECZENIA CIASTA BABKI Z KOMINEM 23cm - Mix Market - Supermarket z wszystkim co potrzeba","robots":{"index":"index","follow":"follow","max-snippet":"max-snippet:-1","max-image-preview":"max-image-preview:large","max-video-preview":"max-video-preview:-1"},"canonical":"https:\/\/racom.com.pl\/index.php\/produkt\/silikonowa-duza-forma-foremka-do-pieczenia-ciasta-babki-z-kominem-23cm\/","og_locale":"pl_PL","og_type":"article","og_title":"SILIKONOWA DU\u017bA FORMA FOREMKA DO PIECZENIA CIASTA BABKI Z KOMINEM 23cm - Mix Market - Supermarket z wszystkim co potrzeba","og_description":"SILIKONOWA DU\u017bA&nbsp;FORMA&nbsp;FOREMKA DO PIECZENIA CIASTA BABKI Z KOMINEM 23cm \u2b50Silikonowa forma do babki to niezast\u0105pione narz\u0119dzie w kuchni ka\u017cdego mi\u0142o\u015bnika wypiek\u00f3w. Ta wyj\u0105tkowa foremka umo\u017cliwia przygotowanie pysznej, perfekcyjnie uformowanej babki, kt\u00f3ra zachwyci zar\u00f3wno smakiem, jak i wygl\u0105dem. \u2b50do babki jest wykonana z trwa\u0142ego i odpornego na wysokie temperatury silikonu. Dzi\u0119ki temu mo\u017cna j\u0105 swobodnie stosowa\u0107 [&hellip;]","og_url":"https:\/\/racom.com.pl\/index.php\/produkt\/silikonowa-duza-forma-foremka-do-pieczenia-ciasta-babki-z-kominem-23cm\/","og_site_name":"Mix Market - Supermarket z wszystkim co potrzeba","twitter_card":"summary_large_image","twitter_misc":{"Szacowany czas czytania":"1 minuta"},"schema":{"@context":"https:\/\/schema.org","@graph":[{"@type":"WebPage","@id":"https:\/\/racom.com.pl\/index.php\/produkt\/silikonowa-duza-forma-foremka-do-pieczenia-ciasta-babki-z-kominem-23cm\/","url":"https:\/\/racom.com.pl\/index.php\/produkt\/silikonowa-duza-forma-foremka-do-pieczenia-ciasta-babki-z-kominem-23cm\/","name":"SILIKONOWA DU\u017bA FORMA FOREMKA DO PIECZENIA CIASTA BABKI Z KOMINEM 23cm - Mix Market - Supermarket z wszystkim co potrzeba","isPartOf":{"@id":"https:\/\/racom.com.pl\/#website"},"primaryImageOfPage":{"@id":"https:\/\/racom.com.pl\/index.php\/produkt\/silikonowa-duza-forma-foremka-do-pieczenia-ciasta-babki-z-kominem-23cm\/#primaryimage"},"image":{"@id":"https:\/\/racom.com.pl\/index.php\/produkt\/silikonowa-duza-forma-foremka-do-pieczenia-ciasta-babki-z-kominem-23cm\/#primaryimage"},"thumbnailUrl":"https:\/\/racom.com.pl\/wp-content\/uploads\/2026\/03\/allegro_69af1ee912d113.32746435_bf7b79ce471ea3c95c46d3c0cc3b.jpg","datePublished":"2026-03-09T19:25:48+00:00","breadcrumb":{"@id":"https:\/\/racom.com.pl\/index.php\/produkt\/silikonowa-duza-forma-foremka-do-pieczenia-ciasta-babki-z-kominem-23cm\/#breadcrumb"},"inLanguage":"pl-PL","potentialAction":[{"@type":"ReadAction","target":["https:\/\/racom.com.pl\/index.php\/produkt\/silikonowa-duza-forma-foremka-do-pieczenia-ciasta-babki-z-kominem-23cm\/"]}]},{"@type":"ImageObject","inLanguage":"pl-PL","@id":"https:\/\/racom.com.pl\/index.php\/produkt\/silikonowa-duza-forma-foremka-do-pieczenia-ciasta-babki-z-kominem-23cm\/#primaryimage","url":"https:\/\/racom.com.pl\/wp-content\/uploads\/2026\/03\/allegro_69af1ee912d113.32746435_bf7b79ce471ea3c95c46d3c0cc3b.jpg","contentUrl":"https:\/\/racom.com.pl\/wp-content\/uploads\/2026\/03\/allegro_69af1ee912d113.32746435_bf7b79ce471ea3c95c46d3c0cc3b.jpg","width":2560,"height":2560},{"@type":"BreadcrumbList","@id":"https:\/\/racom.com.pl\/index.php\/produkt\/silikonowa-duza-forma-foremka-do-pieczenia-ciasta-babki-z-kominem-23cm\/#breadcrumb","itemListElement":[{"@type":"ListItem","position":1,"name":"Strona g\u0142\u00f3wna","item":"https:\/\/racom.com.pl\/"},{"@type":"ListItem","position":2,"name":"Sklep","item":"https:\/\/racom.com.pl\/"},{"@type":"ListItem","position":3,"name":"SILIKONOWA DU\u017bA FORMA FOREMKA DO PIECZENIA CIASTA BABKI Z KOMINEM 23cm"}]},{"@type":"WebSite","@id":"https:\/\/racom.com.pl\/#website","url":"https:\/\/racom.com.pl\/","name":"Mix Market - Supermarket z wszystkim co potrzeba do domu i nie tylko","description":"","publisher":{"@id":"https:\/\/racom.com.pl\/#organization"},"potentialAction":[{"@type":"SearchAction","target":{"@type":"EntryPoint","urlTemplate":"https:\/\/racom.com.pl\/?s={search_term_string}"},"query-input":{"@type":"PropertyValueSpecification","valueRequired":true,"valueName":"search_term_string"}}],"inLanguage":"pl-PL"},{"@type":"Organization","@id":"https:\/\/racom.com.pl\/#organization","name":"Mix Market - Supermarket z wszystkim co potrzeba do domu i nie tylko","url":"https:\/\/racom.com.pl\/","logo":{"@type":"ImageObject","inLanguage":"pl-PL","@id":"https:\/\/racom.com.pl\/#\/schema\/logo\/image\/","url":"https:\/\/racom.com.pl\/wp-content\/uploads\/2025\/07\/mixmarket_logo.png","contentUrl":"https:\/\/racom.com.pl\/wp-content\/uploads\/2025\/07\/mixmarket_logo.png","width":1024,"height":1024,"caption":"Mix Market - Supermarket z wszystkim co potrzeba do domu i nie tylko"},"image":{"@id":"https:\/\/racom.com.pl\/#\/schema\/logo\/image\/"}}]}},"_links":{"self":[{"href":"https:\/\/racom.com.pl\/index.php\/wp-json\/wp\/v2\/product\/4226","targetHints":{"allow":["GET"]}}],"collection":[{"href":"https:\/\/racom.com.pl\/index.php\/wp-json\/wp\/v2\/product"}],"about":[{"href":"https:\/\/racom.com.pl\/index.php\/wp-json\/wp\/v2\/types\/product"}],"replies":[{"embeddable":true,"href":"https:\/\/racom.com.pl\/index.php\/wp-json\/wp\/v2\/comments?post=4226"}],"wp:featuredmedia":[{"embeddable":true,"href":"https:\/\/racom.com.pl\/index.php\/wp-json\/wp\/v2\/media\/4270"}],"wp:attachment":[{"href":"https:\/\/racom.com.pl\/index.php\/wp-json\/wp\/v2\/media?parent=4226"}],"wp:term":[{"taxonomy":"product_brand","embeddable":true,"href":"https:\/\/racom.com.pl\/index.php\/wp-json\/wp\/v2\/product_brand?post=4226"},{"taxonomy":"product_cat","embeddable":true,"href":"https:\/\/racom.com.pl\/index.php\/wp-json\/wp\/v2\/product_cat?post=4226"},{"taxonomy":"product_tag","embeddable":true,"href":"https:\/\/racom.com.pl\/index.php\/wp-json\/wp\/v2\/product_tag?post=4226"}],"curies":[{"name":"wp","href":"https:\/\/api.w.org\/{rel}","templated":true}]}}