{"id":4247,"date":"2026-03-09T20:26:05","date_gmt":"2026-03-09T19:26:05","guid":{"rendered":"https:\/\/racom.com.pl\/index.php\/produkt\/woda-mineralna-muszynianka-1l-wysokomineralizowana-zgrzewka-12szt-12-x-1l\/"},"modified":"2026-03-09T20:26:05","modified_gmt":"2026-03-09T19:26:05","slug":"woda-mineralna-muszynianka-1l-wysokomineralizowana-zgrzewka-12szt-12-x-1l","status":"publish","type":"product","link":"https:\/\/racom.com.pl\/index.php\/produkt\/woda-mineralna-muszynianka-1l-wysokomineralizowana-zgrzewka-12szt-12-x-1l\/","title":{"rendered":"Woda Mineralna Muszynianka 1L Wysokomineralizowana Zgrzewka 12szt \/ 12 x 1L"},"content":{"rendered":"<h2>MUSZYNIANKA Woda Mineralna Niegazowana 1L \u2013 Zestaw 12 sztuk<\/h2>\n<p>Muszynianka to naturalna woda mineralna rozlewana w Uzdrowisku Muszyna, na terenie Popradzkiego Parku Krajobrazowego. Ceniona ze wzgl\u0119du na wyj\u0105tkowy sk\u0142ad mineralny, szczeg\u00f3lnie wysok\u0105 zawarto\u015b\u0107 magnezu i wapnia.<\/p>\n<p> <b>Dlaczego warto wybra\u0107 Muszyniank\u0119?<\/b><\/p>\n<ul>\n<li>Bogata w <b>wap\u0144<\/b> \u2013 g\u0142\u00f3wny budulec ko\u015bci i z\u0119b\u00f3w, wspiera prawid\u0142ow\u0105 krzepliwo\u015b\u0107 krwi i uk\u0142ad nerwowo-mi\u0119\u015bniowy.<\/li>\n<li>\u0179r\u00f3d\u0142o <b>magnezu<\/b> \u2013 a\u017c <b>128,3 mg w 1 litrze<\/b>, co czyni Muszyniank\u0119 jedn\u0105 z najlepszych w\u00f3d mineralnych z magnezem.<\/li>\n<li>Wspomaga <b>przemian\u0119 materii<\/b> i prawid\u0142ow\u0105 prac\u0119 serca.<\/li>\n<li>Naturalna, niegazowana \u2013 doskona\u0142a do picia na co dzie\u0144.<\/li>\n<\/ul>\n<p>\ud83d\udcca <b>Sk\u0142ad mineralny (mg\/l):<\/b><\/p>\n<ul>\n<li>Magnez (Mg\u00b2\u207a): 103,5<\/li>\n<li>Wap\u0144 (Ca\u00b2\u207a): 228,6<\/li>\n<li>S\u00f3d (Na\u207a): 91,5<\/li>\n<li>Potas (K\u207a): 6,5<\/li>\n<li>Wodorow\u0119glany (HCO\u2083\u207b): 1479,9<\/li>\n<li>Siarczany (SO\u2084\u00b2\u207b): 16,3<\/li>\n<li>Chlorki (Cl\u207b): 17,7<\/li>\n<li>Fluorki (F\u207b): 0,05<\/li>\n<li>Kwas metakrzemowy (H\u2082SiO\u2083): 39,28<\/li>\n<\/ul>\n<p>\ud83d\udd39 <b>Og\u00f3lna mineralizacja:<\/b> 1993,64 mg\/l<\/p>\n<p>\ud83d\udc49 Regularne picie Muszynianki sprzyja zdrowiu i dobremu samopoczuciu \u2013 to nie tylko woda, ale codzienne wsparcie organizmu.<\/p>\n<p>\ud83d\udce6 <b>Zawarto\u015b\u0107 zestawu:<\/b> 12 x 1L<\/p>\n","protected":false},"excerpt":{"rendered":"<p>MUSZYNIANKA Woda Mineralna Niegazowana 1L \u2013 Zestaw 12 sztuk Muszynianka to naturalna woda mineralna rozlewana w Uzdrowisku Muszyna, na terenie Popradzkiego Parku Krajobrazowego. Ceniona ze wzgl\u0119du na wyj\u0105tkowy sk\u0142ad mineralny, szczeg\u00f3lnie wysok\u0105 zawarto\u015b\u0107 magnezu i wapnia. Dlaczego warto wybra\u0107 Muszyniank\u0119? Bogata w wap\u0144 \u2013 g\u0142\u00f3wny budulec ko\u015bci i z\u0119b\u00f3w, wspiera prawid\u0142ow\u0105 krzepliwo\u015b\u0107 krwi i uk\u0142ad [&hellip;]<\/p>\n","protected":false},"featured_media":4257,"comment_status":"open","ping_status":"closed","template":"","meta":[],"product_brand":[307],"product_cat":[116],"product_tag":[],"class_list":{"0":"post-4247","1":"product","2":"type-product","3":"status-publish","4":"has-post-thumbnail","6":"product_brand-muszynianka","7":"product_cat-napoje-i-akcesoria","9":"first","10":"instock","11":"taxable","12":"shipping-taxable","13":"purchasable","14":"product-type-simple"},"yoast_head":"<!-- This site is optimized with the Yoast SEO plugin v27.4 - https:\/\/yoast.com\/product\/yoast-seo-wordpress\/ -->\n<title>Woda Mineralna Muszynianka 1L Wysokomineralizowana Zgrzewka 12szt \/ 12 x 1L - Mix Market - Supermarket z wszystkim co potrzeba<\/title>\n<meta name=\"robots\" content=\"index, follow, max-snippet:-1, max-image-preview:large, max-video-preview:-1\" \/>\n<link rel=\"canonical\" href=\"https:\/\/racom.com.pl\/index.php\/produkt\/woda-mineralna-muszynianka-1l-wysokomineralizowana-zgrzewka-12szt-12-x-1l\/\" \/>\n<meta property=\"og:locale\" content=\"pl_PL\" \/>\n<meta property=\"og:type\" content=\"article\" \/>\n<meta property=\"og:title\" content=\"Woda Mineralna Muszynianka 1L Wysokomineralizowana Zgrzewka 12szt \/ 12 x 1L - Mix Market - Supermarket z wszystkim co potrzeba\" \/>\n<meta property=\"og:description\" content=\"MUSZYNIANKA Woda Mineralna Niegazowana 1L \u2013 Zestaw 12 sztuk Muszynianka to naturalna woda mineralna rozlewana w Uzdrowisku Muszyna, na terenie Popradzkiego Parku Krajobrazowego. Ceniona ze wzgl\u0119du na wyj\u0105tkowy sk\u0142ad mineralny, szczeg\u00f3lnie wysok\u0105 zawarto\u015b\u0107 magnezu i wapnia. Dlaczego warto wybra\u0107 Muszyniank\u0119? Bogata w wap\u0144 \u2013 g\u0142\u00f3wny budulec ko\u015bci i z\u0119b\u00f3w, wspiera prawid\u0142ow\u0105 krzepliwo\u015b\u0107 krwi i uk\u0142ad [&hellip;]\" \/>\n<meta property=\"og:url\" content=\"https:\/\/racom.com.pl\/index.php\/produkt\/woda-mineralna-muszynianka-1l-wysokomineralizowana-zgrzewka-12szt-12-x-1l\/\" \/>\n<meta property=\"og:site_name\" content=\"Mix Market - Supermarket z wszystkim co potrzeba\" \/>\n<meta name=\"twitter:card\" content=\"summary_large_image\" \/>\n<meta name=\"twitter:label1\" content=\"Szacowany czas czytania\" \/>\n\t<meta name=\"twitter:data1\" content=\"1 minuta\" \/>\n<script type=\"application\/ld+json\" class=\"yoast-schema-graph\">{\"@context\":\"https:\\\/\\\/schema.org\",\"@graph\":[{\"@type\":\"WebPage\",\"@id\":\"https:\\\/\\\/racom.com.pl\\\/index.php\\\/produkt\\\/woda-mineralna-muszynianka-1l-wysokomineralizowana-zgrzewka-12szt-12-x-1l\\\/\",\"url\":\"https:\\\/\\\/racom.com.pl\\\/index.php\\\/produkt\\\/woda-mineralna-muszynianka-1l-wysokomineralizowana-zgrzewka-12szt-12-x-1l\\\/\",\"name\":\"Woda Mineralna Muszynianka 1L Wysokomineralizowana Zgrzewka 12szt \\\/ 12 x 1L - Mix Market - Supermarket z wszystkim co potrzeba\",\"isPartOf\":{\"@id\":\"https:\\\/\\\/racom.com.pl\\\/#website\"},\"primaryImageOfPage\":{\"@id\":\"https:\\\/\\\/racom.com.pl\\\/index.php\\\/produkt\\\/woda-mineralna-muszynianka-1l-wysokomineralizowana-zgrzewka-12szt-12-x-1l\\\/#primaryimage\"},\"image\":{\"@id\":\"https:\\\/\\\/racom.com.pl\\\/index.php\\\/produkt\\\/woda-mineralna-muszynianka-1l-wysokomineralizowana-zgrzewka-12szt-12-x-1l\\\/#primaryimage\"},\"thumbnailUrl\":\"https:\\\/\\\/racom.com.pl\\\/wp-content\\\/uploads\\\/2026\\\/03\\\/allegro_69af1ed83b6592.06822929_9e658150467396692419e70e10a8.jpg\",\"datePublished\":\"2026-03-09T19:26:05+00:00\",\"breadcrumb\":{\"@id\":\"https:\\\/\\\/racom.com.pl\\\/index.php\\\/produkt\\\/woda-mineralna-muszynianka-1l-wysokomineralizowana-zgrzewka-12szt-12-x-1l\\\/#breadcrumb\"},\"inLanguage\":\"pl-PL\",\"potentialAction\":[{\"@type\":\"ReadAction\",\"target\":[\"https:\\\/\\\/racom.com.pl\\\/index.php\\\/produkt\\\/woda-mineralna-muszynianka-1l-wysokomineralizowana-zgrzewka-12szt-12-x-1l\\\/\"]}]},{\"@type\":\"ImageObject\",\"inLanguage\":\"pl-PL\",\"@id\":\"https:\\\/\\\/racom.com.pl\\\/index.php\\\/produkt\\\/woda-mineralna-muszynianka-1l-wysokomineralizowana-zgrzewka-12szt-12-x-1l\\\/#primaryimage\",\"url\":\"https:\\\/\\\/racom.com.pl\\\/wp-content\\\/uploads\\\/2026\\\/03\\\/allegro_69af1ed83b6592.06822929_9e658150467396692419e70e10a8.jpg\",\"contentUrl\":\"https:\\\/\\\/racom.com.pl\\\/wp-content\\\/uploads\\\/2026\\\/03\\\/allegro_69af1ed83b6592.06822929_9e658150467396692419e70e10a8.jpg\",\"width\":2560,\"height\":2560},{\"@type\":\"BreadcrumbList\",\"@id\":\"https:\\\/\\\/racom.com.pl\\\/index.php\\\/produkt\\\/woda-mineralna-muszynianka-1l-wysokomineralizowana-zgrzewka-12szt-12-x-1l\\\/#breadcrumb\",\"itemListElement\":[{\"@type\":\"ListItem\",\"position\":1,\"name\":\"Strona g\u0142\u00f3wna\",\"item\":\"https:\\\/\\\/racom.com.pl\\\/\"},{\"@type\":\"ListItem\",\"position\":2,\"name\":\"Sklep\",\"item\":\"https:\\\/\\\/racom.com.pl\\\/\"},{\"@type\":\"ListItem\",\"position\":3,\"name\":\"Woda Mineralna Muszynianka 1L Wysokomineralizowana Zgrzewka 12szt \\\/ 12 x 1L\"}]},{\"@type\":\"WebSite\",\"@id\":\"https:\\\/\\\/racom.com.pl\\\/#website\",\"url\":\"https:\\\/\\\/racom.com.pl\\\/\",\"name\":\"Mix Market - Supermarket z wszystkim co potrzeba do domu i nie tylko\",\"description\":\"\",\"publisher\":{\"@id\":\"https:\\\/\\\/racom.com.pl\\\/#organization\"},\"potentialAction\":[{\"@type\":\"SearchAction\",\"target\":{\"@type\":\"EntryPoint\",\"urlTemplate\":\"https:\\\/\\\/racom.com.pl\\\/?s={search_term_string}\"},\"query-input\":{\"@type\":\"PropertyValueSpecification\",\"valueRequired\":true,\"valueName\":\"search_term_string\"}}],\"inLanguage\":\"pl-PL\"},{\"@type\":\"Organization\",\"@id\":\"https:\\\/\\\/racom.com.pl\\\/#organization\",\"name\":\"Mix Market - Supermarket z wszystkim co potrzeba do domu i nie tylko\",\"url\":\"https:\\\/\\\/racom.com.pl\\\/\",\"logo\":{\"@type\":\"ImageObject\",\"inLanguage\":\"pl-PL\",\"@id\":\"https:\\\/\\\/racom.com.pl\\\/#\\\/schema\\\/logo\\\/image\\\/\",\"url\":\"https:\\\/\\\/racom.com.pl\\\/wp-content\\\/uploads\\\/2025\\\/07\\\/mixmarket_logo.png\",\"contentUrl\":\"https:\\\/\\\/racom.com.pl\\\/wp-content\\\/uploads\\\/2025\\\/07\\\/mixmarket_logo.png\",\"width\":1024,\"height\":1024,\"caption\":\"Mix Market - Supermarket z wszystkim co potrzeba do domu i nie tylko\"},\"image\":{\"@id\":\"https:\\\/\\\/racom.com.pl\\\/#\\\/schema\\\/logo\\\/image\\\/\"}}]}<\/script>\n<!-- \/ Yoast SEO plugin. -->","yoast_head_json":{"title":"Woda Mineralna Muszynianka 1L Wysokomineralizowana Zgrzewka 12szt \/ 12 x 1L - Mix Market - Supermarket z wszystkim co potrzeba","robots":{"index":"index","follow":"follow","max-snippet":"max-snippet:-1","max-image-preview":"max-image-preview:large","max-video-preview":"max-video-preview:-1"},"canonical":"https:\/\/racom.com.pl\/index.php\/produkt\/woda-mineralna-muszynianka-1l-wysokomineralizowana-zgrzewka-12szt-12-x-1l\/","og_locale":"pl_PL","og_type":"article","og_title":"Woda Mineralna Muszynianka 1L Wysokomineralizowana Zgrzewka 12szt \/ 12 x 1L - Mix Market - Supermarket z wszystkim co potrzeba","og_description":"MUSZYNIANKA Woda Mineralna Niegazowana 1L \u2013 Zestaw 12 sztuk Muszynianka to naturalna woda mineralna rozlewana w Uzdrowisku Muszyna, na terenie Popradzkiego Parku Krajobrazowego. Ceniona ze wzgl\u0119du na wyj\u0105tkowy sk\u0142ad mineralny, szczeg\u00f3lnie wysok\u0105 zawarto\u015b\u0107 magnezu i wapnia. Dlaczego warto wybra\u0107 Muszyniank\u0119? Bogata w wap\u0144 \u2013 g\u0142\u00f3wny budulec ko\u015bci i z\u0119b\u00f3w, wspiera prawid\u0142ow\u0105 krzepliwo\u015b\u0107 krwi i uk\u0142ad [&hellip;]","og_url":"https:\/\/racom.com.pl\/index.php\/produkt\/woda-mineralna-muszynianka-1l-wysokomineralizowana-zgrzewka-12szt-12-x-1l\/","og_site_name":"Mix Market - Supermarket z wszystkim co potrzeba","twitter_card":"summary_large_image","twitter_misc":{"Szacowany czas czytania":"1 minuta"},"schema":{"@context":"https:\/\/schema.org","@graph":[{"@type":"WebPage","@id":"https:\/\/racom.com.pl\/index.php\/produkt\/woda-mineralna-muszynianka-1l-wysokomineralizowana-zgrzewka-12szt-12-x-1l\/","url":"https:\/\/racom.com.pl\/index.php\/produkt\/woda-mineralna-muszynianka-1l-wysokomineralizowana-zgrzewka-12szt-12-x-1l\/","name":"Woda Mineralna Muszynianka 1L Wysokomineralizowana Zgrzewka 12szt \/ 12 x 1L - Mix Market - Supermarket z wszystkim co potrzeba","isPartOf":{"@id":"https:\/\/racom.com.pl\/#website"},"primaryImageOfPage":{"@id":"https:\/\/racom.com.pl\/index.php\/produkt\/woda-mineralna-muszynianka-1l-wysokomineralizowana-zgrzewka-12szt-12-x-1l\/#primaryimage"},"image":{"@id":"https:\/\/racom.com.pl\/index.php\/produkt\/woda-mineralna-muszynianka-1l-wysokomineralizowana-zgrzewka-12szt-12-x-1l\/#primaryimage"},"thumbnailUrl":"https:\/\/racom.com.pl\/wp-content\/uploads\/2026\/03\/allegro_69af1ed83b6592.06822929_9e658150467396692419e70e10a8.jpg","datePublished":"2026-03-09T19:26:05+00:00","breadcrumb":{"@id":"https:\/\/racom.com.pl\/index.php\/produkt\/woda-mineralna-muszynianka-1l-wysokomineralizowana-zgrzewka-12szt-12-x-1l\/#breadcrumb"},"inLanguage":"pl-PL","potentialAction":[{"@type":"ReadAction","target":["https:\/\/racom.com.pl\/index.php\/produkt\/woda-mineralna-muszynianka-1l-wysokomineralizowana-zgrzewka-12szt-12-x-1l\/"]}]},{"@type":"ImageObject","inLanguage":"pl-PL","@id":"https:\/\/racom.com.pl\/index.php\/produkt\/woda-mineralna-muszynianka-1l-wysokomineralizowana-zgrzewka-12szt-12-x-1l\/#primaryimage","url":"https:\/\/racom.com.pl\/wp-content\/uploads\/2026\/03\/allegro_69af1ed83b6592.06822929_9e658150467396692419e70e10a8.jpg","contentUrl":"https:\/\/racom.com.pl\/wp-content\/uploads\/2026\/03\/allegro_69af1ed83b6592.06822929_9e658150467396692419e70e10a8.jpg","width":2560,"height":2560},{"@type":"BreadcrumbList","@id":"https:\/\/racom.com.pl\/index.php\/produkt\/woda-mineralna-muszynianka-1l-wysokomineralizowana-zgrzewka-12szt-12-x-1l\/#breadcrumb","itemListElement":[{"@type":"ListItem","position":1,"name":"Strona g\u0142\u00f3wna","item":"https:\/\/racom.com.pl\/"},{"@type":"ListItem","position":2,"name":"Sklep","item":"https:\/\/racom.com.pl\/"},{"@type":"ListItem","position":3,"name":"Woda Mineralna Muszynianka 1L Wysokomineralizowana Zgrzewka 12szt \/ 12 x 1L"}]},{"@type":"WebSite","@id":"https:\/\/racom.com.pl\/#website","url":"https:\/\/racom.com.pl\/","name":"Mix Market - Supermarket z wszystkim co potrzeba do domu i nie tylko","description":"","publisher":{"@id":"https:\/\/racom.com.pl\/#organization"},"potentialAction":[{"@type":"SearchAction","target":{"@type":"EntryPoint","urlTemplate":"https:\/\/racom.com.pl\/?s={search_term_string}"},"query-input":{"@type":"PropertyValueSpecification","valueRequired":true,"valueName":"search_term_string"}}],"inLanguage":"pl-PL"},{"@type":"Organization","@id":"https:\/\/racom.com.pl\/#organization","name":"Mix Market - Supermarket z wszystkim co potrzeba do domu i nie tylko","url":"https:\/\/racom.com.pl\/","logo":{"@type":"ImageObject","inLanguage":"pl-PL","@id":"https:\/\/racom.com.pl\/#\/schema\/logo\/image\/","url":"https:\/\/racom.com.pl\/wp-content\/uploads\/2025\/07\/mixmarket_logo.png","contentUrl":"https:\/\/racom.com.pl\/wp-content\/uploads\/2025\/07\/mixmarket_logo.png","width":1024,"height":1024,"caption":"Mix Market - Supermarket z wszystkim co potrzeba do domu i nie tylko"},"image":{"@id":"https:\/\/racom.com.pl\/#\/schema\/logo\/image\/"}}]}},"_links":{"self":[{"href":"https:\/\/racom.com.pl\/index.php\/wp-json\/wp\/v2\/product\/4247","targetHints":{"allow":["GET"]}}],"collection":[{"href":"https:\/\/racom.com.pl\/index.php\/wp-json\/wp\/v2\/product"}],"about":[{"href":"https:\/\/racom.com.pl\/index.php\/wp-json\/wp\/v2\/types\/product"}],"replies":[{"embeddable":true,"href":"https:\/\/racom.com.pl\/index.php\/wp-json\/wp\/v2\/comments?post=4247"}],"wp:featuredmedia":[{"embeddable":true,"href":"https:\/\/racom.com.pl\/index.php\/wp-json\/wp\/v2\/media\/4257"}],"wp:attachment":[{"href":"https:\/\/racom.com.pl\/index.php\/wp-json\/wp\/v2\/media?parent=4247"}],"wp:term":[{"taxonomy":"product_brand","embeddable":true,"href":"https:\/\/racom.com.pl\/index.php\/wp-json\/wp\/v2\/product_brand?post=4247"},{"taxonomy":"product_cat","embeddable":true,"href":"https:\/\/racom.com.pl\/index.php\/wp-json\/wp\/v2\/product_cat?post=4247"},{"taxonomy":"product_tag","embeddable":true,"href":"https:\/\/racom.com.pl\/index.php\/wp-json\/wp\/v2\/product_tag?post=4247"}],"curies":[{"name":"wp","href":"https:\/\/api.w.org\/{rel}","templated":true}]}}