{"id":4275,"date":"2026-03-09T20:26:37","date_gmt":"2026-03-09T19:26:37","guid":{"rendered":"https:\/\/racom.com.pl\/index.php\/produkt\/proiron-mata-do-cwiczen-180-x-60-gruba-fitness-uchwyt-gimnastyczna-1-5-cm\/"},"modified":"2026-03-09T20:26:37","modified_gmt":"2026-03-09T19:26:37","slug":"proiron-mata-do-cwiczen-180-x-60-gruba-fitness-uchwyt-gimnastyczna-1-5-cm","status":"publish","type":"product","link":"https:\/\/racom.com.pl\/index.php\/produkt\/proiron-mata-do-cwiczen-180-x-60-gruba-fitness-uchwyt-gimnastyczna-1-5-cm\/","title":{"rendered":"Proiron Mata do \u0107wicze\u0144 180 x 60 GRUBA Fitness Uchwyt Gimnastyczna 1.5 cm"},"content":{"rendered":"<h2>GRUBA MATA DO \u0106WICZE\u0143 JOGA FITNESS PROIRON 180X61<\/h2>\n<h2>Mata fitness o grubo\u015bci 1,5 cm<\/h2>\n<p>Mata do \u0107wicze\u0144 <b>PROIRON<\/b> jest niezwykle komfortowa, bezpieczna w u\u017cytkowaniu i wyj\u0105tkowo \u0142atwa w utrzymaniu i zachowaniu higieny. Grubo\u015b\u0107 1,5 cm zapewnia skuteczn\u0105 izolacj\u0119 w przypadku ka\u017cdego rodzaju pod\u0142o\u017ca, dzi\u0119ki czemu u\u017cywa\u0107 jej mo\u017cna w ka\u017cdych warunkach: na si\u0142owni, w domu, w ogr\u00f3dku czy te\u017c na pla\u017cy. Wielowarstwowa, wykonana z najwy\u017cszej jako\u015bci pianki NBR, nie poch\u0142ania potu i wody oraz nie \u015blizga si\u0119 podczas \u0107wicze\u0144, zapewniaj\u0105c bezpiecze\u0144stwo i komfort u\u017cytkowania.<\/p>\n<ul>\n<li>d\u0142ugo\u015b\u0107:&nbsp;<b>180cm<\/b><\/li>\n<li>szeroko\u015b\u0107:&nbsp;<b>61 cm<\/b><\/li>\n<li>grubo\u015b\u0107:&nbsp;<b>1,5 cm<\/b><\/li>\n<li>Materia\u0142:<b>pianka NBR, nie poch\u0142aniaj\u0105ca potu<\/b><\/li>\n<li>Uchwyty do przenoszenia:<b>TAK<\/b><\/li>\n<li>kolor<b>:<\/b> <b>NIEBIESKI<\/b><\/li>\n<\/ul>\n<h2>Doskona\u0142a amortyzacja<\/h2>\n<p>Pianka NBR sprawia, \u017ce mata jest wyj\u0105tkowo elastyczna i wytrzyma\u0142a. Mo\u017cna j\u0105 wielokrotnie sk\u0142ada\u0107 w celu przechowywania i transportowania, bez obawy, \u017ce odkszta\u0142ci si\u0119 lub straci spr\u0119\u017cysto\u015b\u0107. Posiada nisk\u0105 pami\u0119\u0107 kszta\u0142tu, dzi\u0119ki czemu dopasowuje do si\u0119 do osoby, wracaj\u0105c nast\u0119pnie do poprzedniego kszta\u0142tu. Zapewnia \u015bwietn\u0105 amortyzacj\u0119 podczas \u0107wicze\u0144 i izoluje niezale\u017cnie od warunk\u00f3w pod\u0142o\u017ca. Dodatkowo jest wodoodporna i antypo\u015blizgowa. Wszystkie te zalety sprawiaj\u0105, \u017ce pianka NBR znajduje wykorzystanie w produkcji profesjonalnych mat treningowych.<\/p>\n<h2>Uchwyt do przenoszenia<\/h2>\n<p>Mata jest bardzo praktyczna i \u0142atwa w transporcie. Posiada uchwyt do przenoszenia, dzi\u0119ki czemu mo\u017cna j\u0105 zrolowa\u0107 i wygodnie transportowa\u0107. Nie zajmuje du\u017co miejsca, a uchwyt zabezpiecza j\u0105 przed rozwijaniem si\u0119, u\u0142atwiaj\u0105c przechowywanie.<\/p>\n<p>PROIRON<\/p>\n<h2>Komfort u\u017cytkowania<\/h2>\n<p>Produkt zapewnia komfort u\u017cytkowania zar\u00f3wno u\u017cytkownikowi, jak i osobom wok\u00f3\u0142. Amortyzacja i dopasowywanie si\u0119 do cia\u0142a osoby \u0107wicz\u0105cej pozwalaj\u0105 cieszy\u0107 si\u0119 wygod\u0105 i funkcjonalno\u015bci\u0105. Pianka NBR t\u0142umi d\u017awi\u0119ki, co jest zalet\u0105 zw\u0142aszcza dla os\u00f3b \u0107wicz\u0105cych w towarzystwie innych lub w miejscach publicznych.<\/p>\n<h2>Higiena<\/h2>\n<p>Pianka NBR jest wodoodporna i nie poch\u0142ania potu. Dzi\u0119ki temu wyj\u0105tkowo \u0142atwo jest utrzyma\u0107 higien\u0119 maty, nawet podczas wykonywania codziennych \u0107wicze\u0144. Wystarczy przetrze\u0107 j\u0105 wilgotn\u0105 szmatk\u0105 lub dodatkowo zdezynfekowa\u0107. Schnie szybko, wi\u0119c po kilku minutach jest ponownie gotowa do u\u017cycia.<\/p>\n<h2>Wysoka jako\u015b\u0107<\/h2>\n<p>Elastyczno\u015b\u0107 pianki NBR sprawia, \u017ce mata nie odkszta\u0142ca si\u0119, nie zwija podczas \u0107wicze\u0144 i zachowuje spr\u0119\u017cysto\u015b\u0107 mimo cz\u0119stego u\u017cytkowania. Dlatego jest wykorzystywana w produktach profesjonalnych, wystawionych na intensywn\u0105 eksploatacj\u0119, na przyk\u0142ad w si\u0142owniach i klubach fitness. Mo\u017cna j\u0105 te\u017c transportowa\u0107 bez ryzyka uszkodzenia.<\/p>\n<p>1.7 kg.<\/p>\n<p>PROIRON<\/p>\n","protected":false},"excerpt":{"rendered":"<p>GRUBA MATA DO \u0106WICZE\u0143 JOGA FITNESS PROIRON 180X61 Mata fitness o grubo\u015bci 1,5 cm Mata do \u0107wicze\u0144 PROIRON jest niezwykle komfortowa, bezpieczna w u\u017cytkowaniu i wyj\u0105tkowo \u0142atwa w utrzymaniu i zachowaniu higieny. Grubo\u015b\u0107 1,5 cm zapewnia skuteczn\u0105 izolacj\u0119 w przypadku ka\u017cdego rodzaju pod\u0142o\u017ca, dzi\u0119ki czemu u\u017cywa\u0107 jej mo\u017cna w ka\u017cdych warunkach: na si\u0142owni, w domu, [&hellip;]<\/p>\n","protected":false},"featured_media":4295,"comment_status":"open","ping_status":"closed","template":"","meta":[],"product_brand":[250],"product_cat":[249],"product_tag":[],"class_list":{"0":"post-4275","1":"product","2":"type-product","3":"status-publish","4":"has-post-thumbnail","6":"product_brand-proiron","7":"product_cat-trening-fitness","9":"first","10":"instock","11":"taxable","12":"shipping-taxable","13":"purchasable","14":"product-type-simple"},"yoast_head":"<!-- This site is optimized with the Yoast SEO plugin v27.3 - https:\/\/yoast.com\/product\/yoast-seo-wordpress\/ -->\n<title>Proiron Mata do \u0107wicze\u0144 180 x 60 GRUBA Fitness Uchwyt Gimnastyczna 1.5 cm - Mix Market - Supermarket z wszystkim co potrzeba<\/title>\n<meta name=\"robots\" content=\"index, follow, max-snippet:-1, max-image-preview:large, max-video-preview:-1\" \/>\n<link rel=\"canonical\" href=\"https:\/\/racom.com.pl\/index.php\/produkt\/proiron-mata-do-cwiczen-180-x-60-gruba-fitness-uchwyt-gimnastyczna-1-5-cm\/\" \/>\n<meta property=\"og:locale\" content=\"pl_PL\" \/>\n<meta property=\"og:type\" content=\"article\" \/>\n<meta property=\"og:title\" content=\"Proiron Mata do \u0107wicze\u0144 180 x 60 GRUBA Fitness Uchwyt Gimnastyczna 1.5 cm - Mix Market - Supermarket z wszystkim co potrzeba\" \/>\n<meta property=\"og:description\" content=\"GRUBA MATA DO \u0106WICZE\u0143 JOGA FITNESS PROIRON 180X61 Mata fitness o grubo\u015bci 1,5 cm Mata do \u0107wicze\u0144 PROIRON jest niezwykle komfortowa, bezpieczna w u\u017cytkowaniu i wyj\u0105tkowo \u0142atwa w utrzymaniu i zachowaniu higieny. Grubo\u015b\u0107 1,5 cm zapewnia skuteczn\u0105 izolacj\u0119 w przypadku ka\u017cdego rodzaju pod\u0142o\u017ca, dzi\u0119ki czemu u\u017cywa\u0107 jej mo\u017cna w ka\u017cdych warunkach: na si\u0142owni, w domu, [&hellip;]\" \/>\n<meta property=\"og:url\" content=\"https:\/\/racom.com.pl\/index.php\/produkt\/proiron-mata-do-cwiczen-180-x-60-gruba-fitness-uchwyt-gimnastyczna-1-5-cm\/\" \/>\n<meta property=\"og:site_name\" content=\"Mix Market - Supermarket z wszystkim co potrzeba\" \/>\n<meta name=\"twitter:card\" content=\"summary_large_image\" \/>\n<meta name=\"twitter:label1\" content=\"Szacowany czas czytania\" \/>\n\t<meta name=\"twitter:data1\" content=\"2 minuty\" \/>\n<script type=\"application\/ld+json\" class=\"yoast-schema-graph\">{\"@context\":\"https:\\\/\\\/schema.org\",\"@graph\":[{\"@type\":\"WebPage\",\"@id\":\"https:\\\/\\\/racom.com.pl\\\/index.php\\\/produkt\\\/proiron-mata-do-cwiczen-180-x-60-gruba-fitness-uchwyt-gimnastyczna-1-5-cm\\\/\",\"url\":\"https:\\\/\\\/racom.com.pl\\\/index.php\\\/produkt\\\/proiron-mata-do-cwiczen-180-x-60-gruba-fitness-uchwyt-gimnastyczna-1-5-cm\\\/\",\"name\":\"Proiron Mata do \u0107wicze\u0144 180 x 60 GRUBA Fitness Uchwyt Gimnastyczna 1.5 cm - Mix Market - Supermarket z wszystkim co potrzeba\",\"isPartOf\":{\"@id\":\"https:\\\/\\\/racom.com.pl\\\/#website\"},\"primaryImageOfPage\":{\"@id\":\"https:\\\/\\\/racom.com.pl\\\/index.php\\\/produkt\\\/proiron-mata-do-cwiczen-180-x-60-gruba-fitness-uchwyt-gimnastyczna-1-5-cm\\\/#primaryimage\"},\"image\":{\"@id\":\"https:\\\/\\\/racom.com.pl\\\/index.php\\\/produkt\\\/proiron-mata-do-cwiczen-180-x-60-gruba-fitness-uchwyt-gimnastyczna-1-5-cm\\\/#primaryimage\"},\"thumbnailUrl\":\"https:\\\/\\\/racom.com.pl\\\/wp-content\\\/uploads\\\/2026\\\/03\\\/allegro_69af1efc9de9a2.46671438_e13defcf4cacb3bcc278ce8dfdad.jpg\",\"datePublished\":\"2026-03-09T19:26:37+00:00\",\"breadcrumb\":{\"@id\":\"https:\\\/\\\/racom.com.pl\\\/index.php\\\/produkt\\\/proiron-mata-do-cwiczen-180-x-60-gruba-fitness-uchwyt-gimnastyczna-1-5-cm\\\/#breadcrumb\"},\"inLanguage\":\"pl-PL\",\"potentialAction\":[{\"@type\":\"ReadAction\",\"target\":[\"https:\\\/\\\/racom.com.pl\\\/index.php\\\/produkt\\\/proiron-mata-do-cwiczen-180-x-60-gruba-fitness-uchwyt-gimnastyczna-1-5-cm\\\/\"]}]},{\"@type\":\"ImageObject\",\"inLanguage\":\"pl-PL\",\"@id\":\"https:\\\/\\\/racom.com.pl\\\/index.php\\\/produkt\\\/proiron-mata-do-cwiczen-180-x-60-gruba-fitness-uchwyt-gimnastyczna-1-5-cm\\\/#primaryimage\",\"url\":\"https:\\\/\\\/racom.com.pl\\\/wp-content\\\/uploads\\\/2026\\\/03\\\/allegro_69af1efc9de9a2.46671438_e13defcf4cacb3bcc278ce8dfdad.jpg\",\"contentUrl\":\"https:\\\/\\\/racom.com.pl\\\/wp-content\\\/uploads\\\/2026\\\/03\\\/allegro_69af1efc9de9a2.46671438_e13defcf4cacb3bcc278ce8dfdad.jpg\",\"width\":613,\"height\":512},{\"@type\":\"BreadcrumbList\",\"@id\":\"https:\\\/\\\/racom.com.pl\\\/index.php\\\/produkt\\\/proiron-mata-do-cwiczen-180-x-60-gruba-fitness-uchwyt-gimnastyczna-1-5-cm\\\/#breadcrumb\",\"itemListElement\":[{\"@type\":\"ListItem\",\"position\":1,\"name\":\"Strona g\u0142\u00f3wna\",\"item\":\"https:\\\/\\\/racom.com.pl\\\/\"},{\"@type\":\"ListItem\",\"position\":2,\"name\":\"Sklep\",\"item\":\"https:\\\/\\\/racom.com.pl\\\/\"},{\"@type\":\"ListItem\",\"position\":3,\"name\":\"Proiron Mata do \u0107wicze\u0144 180 x 60 GRUBA Fitness Uchwyt Gimnastyczna 1.5 cm\"}]},{\"@type\":\"WebSite\",\"@id\":\"https:\\\/\\\/racom.com.pl\\\/#website\",\"url\":\"https:\\\/\\\/racom.com.pl\\\/\",\"name\":\"Mix Market - Supermarket z wszystkim co potrzeba do domu i nie tylko\",\"description\":\"\",\"publisher\":{\"@id\":\"https:\\\/\\\/racom.com.pl\\\/#organization\"},\"potentialAction\":[{\"@type\":\"SearchAction\",\"target\":{\"@type\":\"EntryPoint\",\"urlTemplate\":\"https:\\\/\\\/racom.com.pl\\\/?s={search_term_string}\"},\"query-input\":{\"@type\":\"PropertyValueSpecification\",\"valueRequired\":true,\"valueName\":\"search_term_string\"}}],\"inLanguage\":\"pl-PL\"},{\"@type\":\"Organization\",\"@id\":\"https:\\\/\\\/racom.com.pl\\\/#organization\",\"name\":\"Mix Market - Supermarket z wszystkim co potrzeba do domu i nie tylko\",\"url\":\"https:\\\/\\\/racom.com.pl\\\/\",\"logo\":{\"@type\":\"ImageObject\",\"inLanguage\":\"pl-PL\",\"@id\":\"https:\\\/\\\/racom.com.pl\\\/#\\\/schema\\\/logo\\\/image\\\/\",\"url\":\"https:\\\/\\\/racom.com.pl\\\/wp-content\\\/uploads\\\/2025\\\/07\\\/mixmarket_logo.png\",\"contentUrl\":\"https:\\\/\\\/racom.com.pl\\\/wp-content\\\/uploads\\\/2025\\\/07\\\/mixmarket_logo.png\",\"width\":1024,\"height\":1024,\"caption\":\"Mix Market - Supermarket z wszystkim co potrzeba do domu i nie tylko\"},\"image\":{\"@id\":\"https:\\\/\\\/racom.com.pl\\\/#\\\/schema\\\/logo\\\/image\\\/\"}}]}<\/script>\n<!-- \/ Yoast SEO plugin. -->","yoast_head_json":{"title":"Proiron Mata do \u0107wicze\u0144 180 x 60 GRUBA Fitness Uchwyt Gimnastyczna 1.5 cm - Mix Market - Supermarket z wszystkim co potrzeba","robots":{"index":"index","follow":"follow","max-snippet":"max-snippet:-1","max-image-preview":"max-image-preview:large","max-video-preview":"max-video-preview:-1"},"canonical":"https:\/\/racom.com.pl\/index.php\/produkt\/proiron-mata-do-cwiczen-180-x-60-gruba-fitness-uchwyt-gimnastyczna-1-5-cm\/","og_locale":"pl_PL","og_type":"article","og_title":"Proiron Mata do \u0107wicze\u0144 180 x 60 GRUBA Fitness Uchwyt Gimnastyczna 1.5 cm - Mix Market - Supermarket z wszystkim co potrzeba","og_description":"GRUBA MATA DO \u0106WICZE\u0143 JOGA FITNESS PROIRON 180X61 Mata fitness o grubo\u015bci 1,5 cm Mata do \u0107wicze\u0144 PROIRON jest niezwykle komfortowa, bezpieczna w u\u017cytkowaniu i wyj\u0105tkowo \u0142atwa w utrzymaniu i zachowaniu higieny. Grubo\u015b\u0107 1,5 cm zapewnia skuteczn\u0105 izolacj\u0119 w przypadku ka\u017cdego rodzaju pod\u0142o\u017ca, dzi\u0119ki czemu u\u017cywa\u0107 jej mo\u017cna w ka\u017cdych warunkach: na si\u0142owni, w domu, [&hellip;]","og_url":"https:\/\/racom.com.pl\/index.php\/produkt\/proiron-mata-do-cwiczen-180-x-60-gruba-fitness-uchwyt-gimnastyczna-1-5-cm\/","og_site_name":"Mix Market - Supermarket z wszystkim co potrzeba","twitter_card":"summary_large_image","twitter_misc":{"Szacowany czas czytania":"2 minuty"},"schema":{"@context":"https:\/\/schema.org","@graph":[{"@type":"WebPage","@id":"https:\/\/racom.com.pl\/index.php\/produkt\/proiron-mata-do-cwiczen-180-x-60-gruba-fitness-uchwyt-gimnastyczna-1-5-cm\/","url":"https:\/\/racom.com.pl\/index.php\/produkt\/proiron-mata-do-cwiczen-180-x-60-gruba-fitness-uchwyt-gimnastyczna-1-5-cm\/","name":"Proiron Mata do \u0107wicze\u0144 180 x 60 GRUBA Fitness Uchwyt Gimnastyczna 1.5 cm - Mix Market - Supermarket z wszystkim co potrzeba","isPartOf":{"@id":"https:\/\/racom.com.pl\/#website"},"primaryImageOfPage":{"@id":"https:\/\/racom.com.pl\/index.php\/produkt\/proiron-mata-do-cwiczen-180-x-60-gruba-fitness-uchwyt-gimnastyczna-1-5-cm\/#primaryimage"},"image":{"@id":"https:\/\/racom.com.pl\/index.php\/produkt\/proiron-mata-do-cwiczen-180-x-60-gruba-fitness-uchwyt-gimnastyczna-1-5-cm\/#primaryimage"},"thumbnailUrl":"https:\/\/racom.com.pl\/wp-content\/uploads\/2026\/03\/allegro_69af1efc9de9a2.46671438_e13defcf4cacb3bcc278ce8dfdad.jpg","datePublished":"2026-03-09T19:26:37+00:00","breadcrumb":{"@id":"https:\/\/racom.com.pl\/index.php\/produkt\/proiron-mata-do-cwiczen-180-x-60-gruba-fitness-uchwyt-gimnastyczna-1-5-cm\/#breadcrumb"},"inLanguage":"pl-PL","potentialAction":[{"@type":"ReadAction","target":["https:\/\/racom.com.pl\/index.php\/produkt\/proiron-mata-do-cwiczen-180-x-60-gruba-fitness-uchwyt-gimnastyczna-1-5-cm\/"]}]},{"@type":"ImageObject","inLanguage":"pl-PL","@id":"https:\/\/racom.com.pl\/index.php\/produkt\/proiron-mata-do-cwiczen-180-x-60-gruba-fitness-uchwyt-gimnastyczna-1-5-cm\/#primaryimage","url":"https:\/\/racom.com.pl\/wp-content\/uploads\/2026\/03\/allegro_69af1efc9de9a2.46671438_e13defcf4cacb3bcc278ce8dfdad.jpg","contentUrl":"https:\/\/racom.com.pl\/wp-content\/uploads\/2026\/03\/allegro_69af1efc9de9a2.46671438_e13defcf4cacb3bcc278ce8dfdad.jpg","width":613,"height":512},{"@type":"BreadcrumbList","@id":"https:\/\/racom.com.pl\/index.php\/produkt\/proiron-mata-do-cwiczen-180-x-60-gruba-fitness-uchwyt-gimnastyczna-1-5-cm\/#breadcrumb","itemListElement":[{"@type":"ListItem","position":1,"name":"Strona g\u0142\u00f3wna","item":"https:\/\/racom.com.pl\/"},{"@type":"ListItem","position":2,"name":"Sklep","item":"https:\/\/racom.com.pl\/"},{"@type":"ListItem","position":3,"name":"Proiron Mata do \u0107wicze\u0144 180 x 60 GRUBA Fitness Uchwyt Gimnastyczna 1.5 cm"}]},{"@type":"WebSite","@id":"https:\/\/racom.com.pl\/#website","url":"https:\/\/racom.com.pl\/","name":"Mix Market - Supermarket z wszystkim co potrzeba do domu i nie tylko","description":"","publisher":{"@id":"https:\/\/racom.com.pl\/#organization"},"potentialAction":[{"@type":"SearchAction","target":{"@type":"EntryPoint","urlTemplate":"https:\/\/racom.com.pl\/?s={search_term_string}"},"query-input":{"@type":"PropertyValueSpecification","valueRequired":true,"valueName":"search_term_string"}}],"inLanguage":"pl-PL"},{"@type":"Organization","@id":"https:\/\/racom.com.pl\/#organization","name":"Mix Market - Supermarket z wszystkim co potrzeba do domu i nie tylko","url":"https:\/\/racom.com.pl\/","logo":{"@type":"ImageObject","inLanguage":"pl-PL","@id":"https:\/\/racom.com.pl\/#\/schema\/logo\/image\/","url":"https:\/\/racom.com.pl\/wp-content\/uploads\/2025\/07\/mixmarket_logo.png","contentUrl":"https:\/\/racom.com.pl\/wp-content\/uploads\/2025\/07\/mixmarket_logo.png","width":1024,"height":1024,"caption":"Mix Market - Supermarket z wszystkim co potrzeba do domu i nie tylko"},"image":{"@id":"https:\/\/racom.com.pl\/#\/schema\/logo\/image\/"}}]}},"_links":{"self":[{"href":"https:\/\/racom.com.pl\/index.php\/wp-json\/wp\/v2\/product\/4275","targetHints":{"allow":["GET"]}}],"collection":[{"href":"https:\/\/racom.com.pl\/index.php\/wp-json\/wp\/v2\/product"}],"about":[{"href":"https:\/\/racom.com.pl\/index.php\/wp-json\/wp\/v2\/types\/product"}],"replies":[{"embeddable":true,"href":"https:\/\/racom.com.pl\/index.php\/wp-json\/wp\/v2\/comments?post=4275"}],"wp:featuredmedia":[{"embeddable":true,"href":"https:\/\/racom.com.pl\/index.php\/wp-json\/wp\/v2\/media\/4295"}],"wp:attachment":[{"href":"https:\/\/racom.com.pl\/index.php\/wp-json\/wp\/v2\/media?parent=4275"}],"wp:term":[{"taxonomy":"product_brand","embeddable":true,"href":"https:\/\/racom.com.pl\/index.php\/wp-json\/wp\/v2\/product_brand?post=4275"},{"taxonomy":"product_cat","embeddable":true,"href":"https:\/\/racom.com.pl\/index.php\/wp-json\/wp\/v2\/product_cat?post=4275"},{"taxonomy":"product_tag","embeddable":true,"href":"https:\/\/racom.com.pl\/index.php\/wp-json\/wp\/v2\/product_tag?post=4275"}],"curies":[{"name":"wp","href":"https:\/\/api.w.org\/{rel}","templated":true}]}}