{"id":4277,"date":"2026-03-09T20:26:38","date_gmt":"2026-03-09T19:26:38","guid":{"rendered":"https:\/\/racom.com.pl\/index.php\/produkt\/syrop-barmanski-rioba-do-napojow-i-deserow-orange-spritz-pomarancza-700ml\/"},"modified":"2026-03-09T20:26:38","modified_gmt":"2026-03-09T19:26:38","slug":"syrop-barmanski-rioba-do-napojow-i-deserow-orange-spritz-pomarancza-700ml","status":"publish","type":"product","link":"https:\/\/racom.com.pl\/index.php\/produkt\/syrop-barmanski-rioba-do-napojow-i-deserow-orange-spritz-pomarancza-700ml\/","title":{"rendered":"SYROP Barma\u0144ski RIOBA do NAPOJ\u00d3W I DESER\u00d3W ORANGE SPRITZ POMARA\u0143CZA 700ML"},"content":{"rendered":"<h2>RIOBA BAR SYRUP ORANGE SPRITZ 0,7 L<\/h2>\n<p>Poznaj wyj\u0105tkowy syrop <b>RIOBA Orange Spritz<\/b>, stworzony z my\u015bl\u0105 o profesjonalistach oraz wszystkich, kt\u00f3rzy kochaj\u0105 intensywny, cytrusowy smak w swoich napojach i deserach. Syrop wyr\u00f3\u017cnia si\u0119 pi\u0119kn\u0105, g\u0142\u0119bok\u0105 pomara\u0144czow\u0105 barw\u0105, wyrazistym aromatem oraz wysok\u0105 jako\u015bci\u0105 charakterystyczn\u0105 dla marki RIOBA.<\/p>\n<p>Dzi\u0119ki starannie opracowanej recepturze syrop idealnie komponuje si\u0119 z napojami alkoholowymi i bezalkoholowymi, podkre\u015blaj\u0105c ich \u015bwie\u017co\u015b\u0107 oraz dodaj\u0105c im unikalnego charakteru.<\/p>\n<h2>ZALETY PRODUKTU<\/h2>\n<p>\u2714 Intensywny, naturalny smak<\/p>\n<p>\u2714 Wysoka wydajno\u015b\u0107 \u2013 niewielka ilo\u015b\u0107 daje pe\u0142ny aromat<\/p>\n<p>\u2714 Estetyczna i trwa\u0142a butelka\/opakowanie<\/p>\n<p>\u2714 Uniwersalne zastosowanie w kuchni i barze<\/p>\n<p>\u2714 Idealny do u\u017cytku domowego i profesjonalnego<\/p>\n<p>\u2714 \u0141atwe dozowanie<\/p>\n<h2>PRZECHOWYWANIE<\/h2>\n<p>Przechowywa\u0107 w suchym i ch\u0142odnym miejscu. Po otwarciu zu\u017cy\u0107 w terminie wskazanym przez producenta.<\/p>\n","protected":false},"excerpt":{"rendered":"<p>RIOBA BAR SYRUP ORANGE SPRITZ 0,7 L Poznaj wyj\u0105tkowy syrop RIOBA Orange Spritz, stworzony z my\u015bl\u0105 o profesjonalistach oraz wszystkich, kt\u00f3rzy kochaj\u0105 intensywny, cytrusowy smak w swoich napojach i deserach. Syrop wyr\u00f3\u017cnia si\u0119 pi\u0119kn\u0105, g\u0142\u0119bok\u0105 pomara\u0144czow\u0105 barw\u0105, wyrazistym aromatem oraz wysok\u0105 jako\u015bci\u0105 charakterystyczn\u0105 dla marki RIOBA. Dzi\u0119ki starannie opracowanej recepturze syrop idealnie komponuje si\u0119 z [&hellip;]<\/p>\n","protected":false},"featured_media":4287,"comment_status":"open","ping_status":"closed","template":"","meta":[],"product_brand":[117],"product_cat":[116],"product_tag":[],"class_list":{"0":"post-4277","1":"product","2":"type-product","3":"status-publish","4":"has-post-thumbnail","6":"product_brand-rioba","7":"product_cat-napoje-i-akcesoria","9":"first","10":"instock","11":"taxable","12":"shipping-taxable","13":"purchasable","14":"product-type-simple"},"yoast_head":"<!-- This site is optimized with the Yoast SEO plugin v27.3 - https:\/\/yoast.com\/product\/yoast-seo-wordpress\/ -->\n<title>SYROP Barma\u0144ski RIOBA do NAPOJ\u00d3W I DESER\u00d3W ORANGE SPRITZ POMARA\u0143CZA 700ML - Mix Market - Supermarket z wszystkim co potrzeba<\/title>\n<meta name=\"robots\" content=\"index, follow, max-snippet:-1, max-image-preview:large, max-video-preview:-1\" \/>\n<link rel=\"canonical\" href=\"https:\/\/racom.com.pl\/index.php\/produkt\/syrop-barmanski-rioba-do-napojow-i-deserow-orange-spritz-pomarancza-700ml\/\" \/>\n<meta property=\"og:locale\" content=\"pl_PL\" \/>\n<meta property=\"og:type\" content=\"article\" \/>\n<meta property=\"og:title\" content=\"SYROP Barma\u0144ski RIOBA do NAPOJ\u00d3W I DESER\u00d3W ORANGE SPRITZ POMARA\u0143CZA 700ML - Mix Market - Supermarket z wszystkim co potrzeba\" \/>\n<meta property=\"og:description\" content=\"RIOBA BAR SYRUP ORANGE SPRITZ 0,7 L Poznaj wyj\u0105tkowy syrop RIOBA Orange Spritz, stworzony z my\u015bl\u0105 o profesjonalistach oraz wszystkich, kt\u00f3rzy kochaj\u0105 intensywny, cytrusowy smak w swoich napojach i deserach. Syrop wyr\u00f3\u017cnia si\u0119 pi\u0119kn\u0105, g\u0142\u0119bok\u0105 pomara\u0144czow\u0105 barw\u0105, wyrazistym aromatem oraz wysok\u0105 jako\u015bci\u0105 charakterystyczn\u0105 dla marki RIOBA. Dzi\u0119ki starannie opracowanej recepturze syrop idealnie komponuje si\u0119 z [&hellip;]\" \/>\n<meta property=\"og:url\" content=\"https:\/\/racom.com.pl\/index.php\/produkt\/syrop-barmanski-rioba-do-napojow-i-deserow-orange-spritz-pomarancza-700ml\/\" \/>\n<meta property=\"og:site_name\" content=\"Mix Market - Supermarket z wszystkim co potrzeba\" \/>\n<meta name=\"twitter:card\" content=\"summary_large_image\" \/>\n<meta name=\"twitter:label1\" content=\"Szacowany czas czytania\" \/>\n\t<meta name=\"twitter:data1\" content=\"1 minuta\" \/>\n<script type=\"application\/ld+json\" class=\"yoast-schema-graph\">{\"@context\":\"https:\\\/\\\/schema.org\",\"@graph\":[{\"@type\":\"WebPage\",\"@id\":\"https:\\\/\\\/racom.com.pl\\\/index.php\\\/produkt\\\/syrop-barmanski-rioba-do-napojow-i-deserow-orange-spritz-pomarancza-700ml\\\/\",\"url\":\"https:\\\/\\\/racom.com.pl\\\/index.php\\\/produkt\\\/syrop-barmanski-rioba-do-napojow-i-deserow-orange-spritz-pomarancza-700ml\\\/\",\"name\":\"SYROP Barma\u0144ski RIOBA do NAPOJ\u00d3W I DESER\u00d3W ORANGE SPRITZ POMARA\u0143CZA 700ML - Mix Market - Supermarket z wszystkim co potrzeba\",\"isPartOf\":{\"@id\":\"https:\\\/\\\/racom.com.pl\\\/#website\"},\"primaryImageOfPage\":{\"@id\":\"https:\\\/\\\/racom.com.pl\\\/index.php\\\/produkt\\\/syrop-barmanski-rioba-do-napojow-i-deserow-orange-spritz-pomarancza-700ml\\\/#primaryimage\"},\"image\":{\"@id\":\"https:\\\/\\\/racom.com.pl\\\/index.php\\\/produkt\\\/syrop-barmanski-rioba-do-napojow-i-deserow-orange-spritz-pomarancza-700ml\\\/#primaryimage\"},\"thumbnailUrl\":\"https:\\\/\\\/racom.com.pl\\\/wp-content\\\/uploads\\\/2026\\\/03\\\/allegro_69af1ef6901717.80412553_8223712946cea7fe1c360963fe8b.jpg\",\"datePublished\":\"2026-03-09T19:26:38+00:00\",\"breadcrumb\":{\"@id\":\"https:\\\/\\\/racom.com.pl\\\/index.php\\\/produkt\\\/syrop-barmanski-rioba-do-napojow-i-deserow-orange-spritz-pomarancza-700ml\\\/#breadcrumb\"},\"inLanguage\":\"pl-PL\",\"potentialAction\":[{\"@type\":\"ReadAction\",\"target\":[\"https:\\\/\\\/racom.com.pl\\\/index.php\\\/produkt\\\/syrop-barmanski-rioba-do-napojow-i-deserow-orange-spritz-pomarancza-700ml\\\/\"]}]},{\"@type\":\"ImageObject\",\"inLanguage\":\"pl-PL\",\"@id\":\"https:\\\/\\\/racom.com.pl\\\/index.php\\\/produkt\\\/syrop-barmanski-rioba-do-napojow-i-deserow-orange-spritz-pomarancza-700ml\\\/#primaryimage\",\"url\":\"https:\\\/\\\/racom.com.pl\\\/wp-content\\\/uploads\\\/2026\\\/03\\\/allegro_69af1ef6901717.80412553_8223712946cea7fe1c360963fe8b.jpg\",\"contentUrl\":\"https:\\\/\\\/racom.com.pl\\\/wp-content\\\/uploads\\\/2026\\\/03\\\/allegro_69af1ef6901717.80412553_8223712946cea7fe1c360963fe8b.jpg\",\"width\":1024,\"height\":1536},{\"@type\":\"BreadcrumbList\",\"@id\":\"https:\\\/\\\/racom.com.pl\\\/index.php\\\/produkt\\\/syrop-barmanski-rioba-do-napojow-i-deserow-orange-spritz-pomarancza-700ml\\\/#breadcrumb\",\"itemListElement\":[{\"@type\":\"ListItem\",\"position\":1,\"name\":\"Strona g\u0142\u00f3wna\",\"item\":\"https:\\\/\\\/racom.com.pl\\\/\"},{\"@type\":\"ListItem\",\"position\":2,\"name\":\"Sklep\",\"item\":\"https:\\\/\\\/racom.com.pl\\\/\"},{\"@type\":\"ListItem\",\"position\":3,\"name\":\"SYROP Barma\u0144ski RIOBA do NAPOJ\u00d3W I DESER\u00d3W ORANGE SPRITZ POMARA\u0143CZA 700ML\"}]},{\"@type\":\"WebSite\",\"@id\":\"https:\\\/\\\/racom.com.pl\\\/#website\",\"url\":\"https:\\\/\\\/racom.com.pl\\\/\",\"name\":\"Mix Market - Supermarket z wszystkim co potrzeba do domu i nie tylko\",\"description\":\"\",\"publisher\":{\"@id\":\"https:\\\/\\\/racom.com.pl\\\/#organization\"},\"potentialAction\":[{\"@type\":\"SearchAction\",\"target\":{\"@type\":\"EntryPoint\",\"urlTemplate\":\"https:\\\/\\\/racom.com.pl\\\/?s={search_term_string}\"},\"query-input\":{\"@type\":\"PropertyValueSpecification\",\"valueRequired\":true,\"valueName\":\"search_term_string\"}}],\"inLanguage\":\"pl-PL\"},{\"@type\":\"Organization\",\"@id\":\"https:\\\/\\\/racom.com.pl\\\/#organization\",\"name\":\"Mix Market - Supermarket z wszystkim co potrzeba do domu i nie tylko\",\"url\":\"https:\\\/\\\/racom.com.pl\\\/\",\"logo\":{\"@type\":\"ImageObject\",\"inLanguage\":\"pl-PL\",\"@id\":\"https:\\\/\\\/racom.com.pl\\\/#\\\/schema\\\/logo\\\/image\\\/\",\"url\":\"https:\\\/\\\/racom.com.pl\\\/wp-content\\\/uploads\\\/2025\\\/07\\\/mixmarket_logo.png\",\"contentUrl\":\"https:\\\/\\\/racom.com.pl\\\/wp-content\\\/uploads\\\/2025\\\/07\\\/mixmarket_logo.png\",\"width\":1024,\"height\":1024,\"caption\":\"Mix Market - Supermarket z wszystkim co potrzeba do domu i nie tylko\"},\"image\":{\"@id\":\"https:\\\/\\\/racom.com.pl\\\/#\\\/schema\\\/logo\\\/image\\\/\"}}]}<\/script>\n<!-- \/ Yoast SEO plugin. -->","yoast_head_json":{"title":"SYROP Barma\u0144ski RIOBA do NAPOJ\u00d3W I DESER\u00d3W ORANGE SPRITZ POMARA\u0143CZA 700ML - Mix Market - Supermarket z wszystkim co potrzeba","robots":{"index":"index","follow":"follow","max-snippet":"max-snippet:-1","max-image-preview":"max-image-preview:large","max-video-preview":"max-video-preview:-1"},"canonical":"https:\/\/racom.com.pl\/index.php\/produkt\/syrop-barmanski-rioba-do-napojow-i-deserow-orange-spritz-pomarancza-700ml\/","og_locale":"pl_PL","og_type":"article","og_title":"SYROP Barma\u0144ski RIOBA do NAPOJ\u00d3W I DESER\u00d3W ORANGE SPRITZ POMARA\u0143CZA 700ML - Mix Market - Supermarket z wszystkim co potrzeba","og_description":"RIOBA BAR SYRUP ORANGE SPRITZ 0,7 L Poznaj wyj\u0105tkowy syrop RIOBA Orange Spritz, stworzony z my\u015bl\u0105 o profesjonalistach oraz wszystkich, kt\u00f3rzy kochaj\u0105 intensywny, cytrusowy smak w swoich napojach i deserach. Syrop wyr\u00f3\u017cnia si\u0119 pi\u0119kn\u0105, g\u0142\u0119bok\u0105 pomara\u0144czow\u0105 barw\u0105, wyrazistym aromatem oraz wysok\u0105 jako\u015bci\u0105 charakterystyczn\u0105 dla marki RIOBA. Dzi\u0119ki starannie opracowanej recepturze syrop idealnie komponuje si\u0119 z [&hellip;]","og_url":"https:\/\/racom.com.pl\/index.php\/produkt\/syrop-barmanski-rioba-do-napojow-i-deserow-orange-spritz-pomarancza-700ml\/","og_site_name":"Mix Market - Supermarket z wszystkim co potrzeba","twitter_card":"summary_large_image","twitter_misc":{"Szacowany czas czytania":"1 minuta"},"schema":{"@context":"https:\/\/schema.org","@graph":[{"@type":"WebPage","@id":"https:\/\/racom.com.pl\/index.php\/produkt\/syrop-barmanski-rioba-do-napojow-i-deserow-orange-spritz-pomarancza-700ml\/","url":"https:\/\/racom.com.pl\/index.php\/produkt\/syrop-barmanski-rioba-do-napojow-i-deserow-orange-spritz-pomarancza-700ml\/","name":"SYROP Barma\u0144ski RIOBA do NAPOJ\u00d3W I DESER\u00d3W ORANGE SPRITZ POMARA\u0143CZA 700ML - Mix Market - Supermarket z wszystkim co potrzeba","isPartOf":{"@id":"https:\/\/racom.com.pl\/#website"},"primaryImageOfPage":{"@id":"https:\/\/racom.com.pl\/index.php\/produkt\/syrop-barmanski-rioba-do-napojow-i-deserow-orange-spritz-pomarancza-700ml\/#primaryimage"},"image":{"@id":"https:\/\/racom.com.pl\/index.php\/produkt\/syrop-barmanski-rioba-do-napojow-i-deserow-orange-spritz-pomarancza-700ml\/#primaryimage"},"thumbnailUrl":"https:\/\/racom.com.pl\/wp-content\/uploads\/2026\/03\/allegro_69af1ef6901717.80412553_8223712946cea7fe1c360963fe8b.jpg","datePublished":"2026-03-09T19:26:38+00:00","breadcrumb":{"@id":"https:\/\/racom.com.pl\/index.php\/produkt\/syrop-barmanski-rioba-do-napojow-i-deserow-orange-spritz-pomarancza-700ml\/#breadcrumb"},"inLanguage":"pl-PL","potentialAction":[{"@type":"ReadAction","target":["https:\/\/racom.com.pl\/index.php\/produkt\/syrop-barmanski-rioba-do-napojow-i-deserow-orange-spritz-pomarancza-700ml\/"]}]},{"@type":"ImageObject","inLanguage":"pl-PL","@id":"https:\/\/racom.com.pl\/index.php\/produkt\/syrop-barmanski-rioba-do-napojow-i-deserow-orange-spritz-pomarancza-700ml\/#primaryimage","url":"https:\/\/racom.com.pl\/wp-content\/uploads\/2026\/03\/allegro_69af1ef6901717.80412553_8223712946cea7fe1c360963fe8b.jpg","contentUrl":"https:\/\/racom.com.pl\/wp-content\/uploads\/2026\/03\/allegro_69af1ef6901717.80412553_8223712946cea7fe1c360963fe8b.jpg","width":1024,"height":1536},{"@type":"BreadcrumbList","@id":"https:\/\/racom.com.pl\/index.php\/produkt\/syrop-barmanski-rioba-do-napojow-i-deserow-orange-spritz-pomarancza-700ml\/#breadcrumb","itemListElement":[{"@type":"ListItem","position":1,"name":"Strona g\u0142\u00f3wna","item":"https:\/\/racom.com.pl\/"},{"@type":"ListItem","position":2,"name":"Sklep","item":"https:\/\/racom.com.pl\/"},{"@type":"ListItem","position":3,"name":"SYROP Barma\u0144ski RIOBA do NAPOJ\u00d3W I DESER\u00d3W ORANGE SPRITZ POMARA\u0143CZA 700ML"}]},{"@type":"WebSite","@id":"https:\/\/racom.com.pl\/#website","url":"https:\/\/racom.com.pl\/","name":"Mix Market - Supermarket z wszystkim co potrzeba do domu i nie tylko","description":"","publisher":{"@id":"https:\/\/racom.com.pl\/#organization"},"potentialAction":[{"@type":"SearchAction","target":{"@type":"EntryPoint","urlTemplate":"https:\/\/racom.com.pl\/?s={search_term_string}"},"query-input":{"@type":"PropertyValueSpecification","valueRequired":true,"valueName":"search_term_string"}}],"inLanguage":"pl-PL"},{"@type":"Organization","@id":"https:\/\/racom.com.pl\/#organization","name":"Mix Market - Supermarket z wszystkim co potrzeba do domu i nie tylko","url":"https:\/\/racom.com.pl\/","logo":{"@type":"ImageObject","inLanguage":"pl-PL","@id":"https:\/\/racom.com.pl\/#\/schema\/logo\/image\/","url":"https:\/\/racom.com.pl\/wp-content\/uploads\/2025\/07\/mixmarket_logo.png","contentUrl":"https:\/\/racom.com.pl\/wp-content\/uploads\/2025\/07\/mixmarket_logo.png","width":1024,"height":1024,"caption":"Mix Market - Supermarket z wszystkim co potrzeba do domu i nie tylko"},"image":{"@id":"https:\/\/racom.com.pl\/#\/schema\/logo\/image\/"}}]}},"_links":{"self":[{"href":"https:\/\/racom.com.pl\/index.php\/wp-json\/wp\/v2\/product\/4277","targetHints":{"allow":["GET"]}}],"collection":[{"href":"https:\/\/racom.com.pl\/index.php\/wp-json\/wp\/v2\/product"}],"about":[{"href":"https:\/\/racom.com.pl\/index.php\/wp-json\/wp\/v2\/types\/product"}],"replies":[{"embeddable":true,"href":"https:\/\/racom.com.pl\/index.php\/wp-json\/wp\/v2\/comments?post=4277"}],"wp:featuredmedia":[{"embeddable":true,"href":"https:\/\/racom.com.pl\/index.php\/wp-json\/wp\/v2\/media\/4287"}],"wp:attachment":[{"href":"https:\/\/racom.com.pl\/index.php\/wp-json\/wp\/v2\/media?parent=4277"}],"wp:term":[{"taxonomy":"product_brand","embeddable":true,"href":"https:\/\/racom.com.pl\/index.php\/wp-json\/wp\/v2\/product_brand?post=4277"},{"taxonomy":"product_cat","embeddable":true,"href":"https:\/\/racom.com.pl\/index.php\/wp-json\/wp\/v2\/product_cat?post=4277"},{"taxonomy":"product_tag","embeddable":true,"href":"https:\/\/racom.com.pl\/index.php\/wp-json\/wp\/v2\/product_tag?post=4277"}],"curies":[{"name":"wp","href":"https:\/\/api.w.org\/{rel}","templated":true}]}}