{"id":428,"date":"2025-07-18T17:31:19","date_gmt":"2025-07-18T15:31:19","guid":{"rendered":"http:\/\/192.168.2.106\/index.php\/produkt\/gniazdo-usb-asus-memo-pad-me102-me301-me176-me302\/"},"modified":"2025-07-18T17:31:19","modified_gmt":"2025-07-18T15:31:19","slug":"gniazdo-usb-asus-memo-pad-me102-me301-me176-me302","status":"publish","type":"product","link":"https:\/\/racom.com.pl\/index.php\/produkt\/gniazdo-usb-asus-memo-pad-me102-me301-me176-me302\/","title":{"rendered":"GNIAZDO USB ASUS MEMO PAD ME102 ME301 ME176 ME302"},"content":{"rendered":"<h2>GNIAZDO USB ASUS MEMO PAD ASUS TRANSFORMER<\/h2>\n<p>ASUS MEMO PAD ME301 ME302 ME102<\/p>\n<p>ASUS TRANSFORMER T100T T100TA<\/p>\n<p><b>KOMPATYBILNE:<\/b><\/p>\n<p>ASUS Memo Pad ME102<\/p>\n<p>ASUS Memo Pad ME176<\/p>\n<p>ASUS Memo Pad ME180<\/p>\n<p>ASUS Memo Pad<b> ME301<\/b><\/p>\n<p>ASUS Memo Pad ME302<\/p>\n<p>ASUS Memo Pad ME372<\/p>\n<p>ASUS Memo Pad ME400<\/p>\n<p>ASUS Transformer T100T<\/p>\n<p>ASUS Transformer T100TA<\/p>\n<p><b>Dane techniczne:<\/b><\/p>\n<p>Wysoko\u015b\u0107: 3,2mm<\/p>\n<p>Szeroko\u015b\u0107: 7,5mm<\/p>\n<p>D\u0142ugo\u015b\u0107 11,8mm<\/p>\n<p>Ilo\u015b\u0107 n\u00f3g: 4<\/p>\n<p>Ilo\u015b\u0107 pin\u00f3w smd: 5<\/p>\n<ul>\n<li><b>Kod produktu:<\/b> A036<\/li>\n<\/ul>\n","protected":false},"excerpt":{"rendered":"<p>GNIAZDO USB ASUS MEMO PAD ASUS TRANSFORMER ASUS MEMO PAD ME301 ME302 ME102 ASUS TRANSFORMER T100T T100TA KOMPATYBILNE: ASUS Memo Pad ME102 ASUS Memo Pad ME176 ASUS Memo Pad ME180 ASUS Memo Pad ME301 ASUS Memo Pad ME302 ASUS Memo Pad ME372 ASUS Memo Pad ME400 ASUS Transformer T100T ASUS Transformer T100TA Dane techniczne: Wysoko\u015b\u0107: [&hellip;]<\/p>\n","protected":false},"featured_media":435,"comment_status":"open","ping_status":"closed","template":"","meta":[],"product_brand":[],"product_cat":[47],"product_tag":[],"class_list":{"0":"post-428","1":"product","2":"type-product","3":"status-publish","4":"has-post-thumbnail","6":"product_cat-tablety","8":"first","9":"instock","10":"taxable","11":"shipping-taxable","12":"purchasable","13":"product-type-simple"},"yoast_head":"<!-- This site is optimized with the Yoast SEO plugin v27.3 - https:\/\/yoast.com\/product\/yoast-seo-wordpress\/ -->\n<title>GNIAZDO USB ASUS MEMO PAD ME102 ME301 ME176 ME302 - Mix Market - Supermarket z wszystkim co potrzeba<\/title>\n<meta name=\"robots\" content=\"index, follow, max-snippet:-1, max-image-preview:large, max-video-preview:-1\" \/>\n<link rel=\"canonical\" href=\"https:\/\/racom.com.pl\/index.php\/produkt\/gniazdo-usb-asus-memo-pad-me102-me301-me176-me302\/\" \/>\n<meta property=\"og:locale\" content=\"pl_PL\" \/>\n<meta property=\"og:type\" content=\"article\" \/>\n<meta property=\"og:title\" content=\"GNIAZDO USB ASUS MEMO PAD ME102 ME301 ME176 ME302 - Mix Market - Supermarket z wszystkim co potrzeba\" \/>\n<meta property=\"og:description\" content=\"GNIAZDO USB ASUS MEMO PAD ASUS TRANSFORMER ASUS MEMO PAD ME301 ME302 ME102 ASUS TRANSFORMER T100T T100TA KOMPATYBILNE: ASUS Memo Pad ME102 ASUS Memo Pad ME176 ASUS Memo Pad ME180 ASUS Memo Pad ME301 ASUS Memo Pad ME302 ASUS Memo Pad ME372 ASUS Memo Pad ME400 ASUS Transformer T100T ASUS Transformer T100TA Dane techniczne: Wysoko\u015b\u0107: [&hellip;]\" \/>\n<meta property=\"og:url\" content=\"https:\/\/racom.com.pl\/index.php\/produkt\/gniazdo-usb-asus-memo-pad-me102-me301-me176-me302\/\" \/>\n<meta property=\"og:site_name\" content=\"Mix Market - Supermarket z wszystkim co potrzeba\" \/>\n<meta property=\"og:image\" content=\"https:\/\/racom.com.pl\/wp-content\/uploads\/2025\/07\/allegro_687a68e9b606e8.18139933_5cbb2600405e82423b80aba1ad72.jpg\" \/>\n\t<meta property=\"og:image:width\" content=\"670\" \/>\n\t<meta property=\"og:image:height\" content=\"503\" \/>\n\t<meta property=\"og:image:type\" content=\"image\/jpeg\" \/>\n<meta name=\"twitter:card\" content=\"summary_large_image\" \/>\n<script type=\"application\/ld+json\" class=\"yoast-schema-graph\">{\"@context\":\"https:\\\/\\\/schema.org\",\"@graph\":[{\"@type\":\"WebPage\",\"@id\":\"https:\\\/\\\/racom.com.pl\\\/index.php\\\/produkt\\\/gniazdo-usb-asus-memo-pad-me102-me301-me176-me302\\\/\",\"url\":\"https:\\\/\\\/racom.com.pl\\\/index.php\\\/produkt\\\/gniazdo-usb-asus-memo-pad-me102-me301-me176-me302\\\/\",\"name\":\"GNIAZDO USB ASUS MEMO PAD ME102 ME301 ME176 ME302 - Mix Market - Supermarket z wszystkim co potrzeba\",\"isPartOf\":{\"@id\":\"https:\\\/\\\/racom.com.pl\\\/#website\"},\"primaryImageOfPage\":{\"@id\":\"https:\\\/\\\/racom.com.pl\\\/index.php\\\/produkt\\\/gniazdo-usb-asus-memo-pad-me102-me301-me176-me302\\\/#primaryimage\"},\"image\":{\"@id\":\"https:\\\/\\\/racom.com.pl\\\/index.php\\\/produkt\\\/gniazdo-usb-asus-memo-pad-me102-me301-me176-me302\\\/#primaryimage\"},\"thumbnailUrl\":\"https:\\\/\\\/racom.com.pl\\\/wp-content\\\/uploads\\\/2025\\\/07\\\/allegro_687a68e9b606e8.18139933_5cbb2600405e82423b80aba1ad72.jpg\",\"datePublished\":\"2025-07-18T15:31:19+00:00\",\"breadcrumb\":{\"@id\":\"https:\\\/\\\/racom.com.pl\\\/index.php\\\/produkt\\\/gniazdo-usb-asus-memo-pad-me102-me301-me176-me302\\\/#breadcrumb\"},\"inLanguage\":\"pl-PL\",\"potentialAction\":[{\"@type\":\"ReadAction\",\"target\":[\"https:\\\/\\\/racom.com.pl\\\/index.php\\\/produkt\\\/gniazdo-usb-asus-memo-pad-me102-me301-me176-me302\\\/\"]}]},{\"@type\":\"ImageObject\",\"inLanguage\":\"pl-PL\",\"@id\":\"https:\\\/\\\/racom.com.pl\\\/index.php\\\/produkt\\\/gniazdo-usb-asus-memo-pad-me102-me301-me176-me302\\\/#primaryimage\",\"url\":\"https:\\\/\\\/racom.com.pl\\\/wp-content\\\/uploads\\\/2025\\\/07\\\/allegro_687a68e9b606e8.18139933_5cbb2600405e82423b80aba1ad72.jpg\",\"contentUrl\":\"https:\\\/\\\/racom.com.pl\\\/wp-content\\\/uploads\\\/2025\\\/07\\\/allegro_687a68e9b606e8.18139933_5cbb2600405e82423b80aba1ad72.jpg\",\"width\":670,\"height\":503},{\"@type\":\"BreadcrumbList\",\"@id\":\"https:\\\/\\\/racom.com.pl\\\/index.php\\\/produkt\\\/gniazdo-usb-asus-memo-pad-me102-me301-me176-me302\\\/#breadcrumb\",\"itemListElement\":[{\"@type\":\"ListItem\",\"position\":1,\"name\":\"Strona g\u0142\u00f3wna\",\"item\":\"https:\\\/\\\/racom.com.pl\\\/\"},{\"@type\":\"ListItem\",\"position\":2,\"name\":\"Sklep\",\"item\":\"https:\\\/\\\/racom.com.pl\\\/\"},{\"@type\":\"ListItem\",\"position\":3,\"name\":\"GNIAZDO USB ASUS MEMO PAD ME102 ME301 ME176 ME302\"}]},{\"@type\":\"WebSite\",\"@id\":\"https:\\\/\\\/racom.com.pl\\\/#website\",\"url\":\"https:\\\/\\\/racom.com.pl\\\/\",\"name\":\"Mix Market - Supermarket z wszystkim co potrzeba do domu i nie tylko\",\"description\":\"\",\"publisher\":{\"@id\":\"https:\\\/\\\/racom.com.pl\\\/#organization\"},\"potentialAction\":[{\"@type\":\"SearchAction\",\"target\":{\"@type\":\"EntryPoint\",\"urlTemplate\":\"https:\\\/\\\/racom.com.pl\\\/?s={search_term_string}\"},\"query-input\":{\"@type\":\"PropertyValueSpecification\",\"valueRequired\":true,\"valueName\":\"search_term_string\"}}],\"inLanguage\":\"pl-PL\"},{\"@type\":\"Organization\",\"@id\":\"https:\\\/\\\/racom.com.pl\\\/#organization\",\"name\":\"Mix Market - Supermarket z wszystkim co potrzeba do domu i nie tylko\",\"url\":\"https:\\\/\\\/racom.com.pl\\\/\",\"logo\":{\"@type\":\"ImageObject\",\"inLanguage\":\"pl-PL\",\"@id\":\"https:\\\/\\\/racom.com.pl\\\/#\\\/schema\\\/logo\\\/image\\\/\",\"url\":\"https:\\\/\\\/racom.com.pl\\\/wp-content\\\/uploads\\\/2025\\\/07\\\/mixmarket_logo.png\",\"contentUrl\":\"https:\\\/\\\/racom.com.pl\\\/wp-content\\\/uploads\\\/2025\\\/07\\\/mixmarket_logo.png\",\"width\":1024,\"height\":1024,\"caption\":\"Mix Market - Supermarket z wszystkim co potrzeba do domu i nie tylko\"},\"image\":{\"@id\":\"https:\\\/\\\/racom.com.pl\\\/#\\\/schema\\\/logo\\\/image\\\/\"}}]}<\/script>\n<!-- \/ Yoast SEO plugin. -->","yoast_head_json":{"title":"GNIAZDO USB ASUS MEMO PAD ME102 ME301 ME176 ME302 - Mix Market - Supermarket z wszystkim co potrzeba","robots":{"index":"index","follow":"follow","max-snippet":"max-snippet:-1","max-image-preview":"max-image-preview:large","max-video-preview":"max-video-preview:-1"},"canonical":"https:\/\/racom.com.pl\/index.php\/produkt\/gniazdo-usb-asus-memo-pad-me102-me301-me176-me302\/","og_locale":"pl_PL","og_type":"article","og_title":"GNIAZDO USB ASUS MEMO PAD ME102 ME301 ME176 ME302 - Mix Market - Supermarket z wszystkim co potrzeba","og_description":"GNIAZDO USB ASUS MEMO PAD ASUS TRANSFORMER ASUS MEMO PAD ME301 ME302 ME102 ASUS TRANSFORMER T100T T100TA KOMPATYBILNE: ASUS Memo Pad ME102 ASUS Memo Pad ME176 ASUS Memo Pad ME180 ASUS Memo Pad ME301 ASUS Memo Pad ME302 ASUS Memo Pad ME372 ASUS Memo Pad ME400 ASUS Transformer T100T ASUS Transformer T100TA Dane techniczne: Wysoko\u015b\u0107: [&hellip;]","og_url":"https:\/\/racom.com.pl\/index.php\/produkt\/gniazdo-usb-asus-memo-pad-me102-me301-me176-me302\/","og_site_name":"Mix Market - Supermarket z wszystkim co potrzeba","og_image":[{"width":670,"height":503,"url":"https:\/\/racom.com.pl\/wp-content\/uploads\/2025\/07\/allegro_687a68e9b606e8.18139933_5cbb2600405e82423b80aba1ad72.jpg","type":"image\/jpeg"}],"twitter_card":"summary_large_image","schema":{"@context":"https:\/\/schema.org","@graph":[{"@type":"WebPage","@id":"https:\/\/racom.com.pl\/index.php\/produkt\/gniazdo-usb-asus-memo-pad-me102-me301-me176-me302\/","url":"https:\/\/racom.com.pl\/index.php\/produkt\/gniazdo-usb-asus-memo-pad-me102-me301-me176-me302\/","name":"GNIAZDO USB ASUS MEMO PAD ME102 ME301 ME176 ME302 - Mix Market - Supermarket z wszystkim co potrzeba","isPartOf":{"@id":"https:\/\/racom.com.pl\/#website"},"primaryImageOfPage":{"@id":"https:\/\/racom.com.pl\/index.php\/produkt\/gniazdo-usb-asus-memo-pad-me102-me301-me176-me302\/#primaryimage"},"image":{"@id":"https:\/\/racom.com.pl\/index.php\/produkt\/gniazdo-usb-asus-memo-pad-me102-me301-me176-me302\/#primaryimage"},"thumbnailUrl":"https:\/\/racom.com.pl\/wp-content\/uploads\/2025\/07\/allegro_687a68e9b606e8.18139933_5cbb2600405e82423b80aba1ad72.jpg","datePublished":"2025-07-18T15:31:19+00:00","breadcrumb":{"@id":"https:\/\/racom.com.pl\/index.php\/produkt\/gniazdo-usb-asus-memo-pad-me102-me301-me176-me302\/#breadcrumb"},"inLanguage":"pl-PL","potentialAction":[{"@type":"ReadAction","target":["https:\/\/racom.com.pl\/index.php\/produkt\/gniazdo-usb-asus-memo-pad-me102-me301-me176-me302\/"]}]},{"@type":"ImageObject","inLanguage":"pl-PL","@id":"https:\/\/racom.com.pl\/index.php\/produkt\/gniazdo-usb-asus-memo-pad-me102-me301-me176-me302\/#primaryimage","url":"https:\/\/racom.com.pl\/wp-content\/uploads\/2025\/07\/allegro_687a68e9b606e8.18139933_5cbb2600405e82423b80aba1ad72.jpg","contentUrl":"https:\/\/racom.com.pl\/wp-content\/uploads\/2025\/07\/allegro_687a68e9b606e8.18139933_5cbb2600405e82423b80aba1ad72.jpg","width":670,"height":503},{"@type":"BreadcrumbList","@id":"https:\/\/racom.com.pl\/index.php\/produkt\/gniazdo-usb-asus-memo-pad-me102-me301-me176-me302\/#breadcrumb","itemListElement":[{"@type":"ListItem","position":1,"name":"Strona g\u0142\u00f3wna","item":"https:\/\/racom.com.pl\/"},{"@type":"ListItem","position":2,"name":"Sklep","item":"https:\/\/racom.com.pl\/"},{"@type":"ListItem","position":3,"name":"GNIAZDO USB ASUS MEMO PAD ME102 ME301 ME176 ME302"}]},{"@type":"WebSite","@id":"https:\/\/racom.com.pl\/#website","url":"https:\/\/racom.com.pl\/","name":"Mix Market - Supermarket z wszystkim co potrzeba do domu i nie tylko","description":"","publisher":{"@id":"https:\/\/racom.com.pl\/#organization"},"potentialAction":[{"@type":"SearchAction","target":{"@type":"EntryPoint","urlTemplate":"https:\/\/racom.com.pl\/?s={search_term_string}"},"query-input":{"@type":"PropertyValueSpecification","valueRequired":true,"valueName":"search_term_string"}}],"inLanguage":"pl-PL"},{"@type":"Organization","@id":"https:\/\/racom.com.pl\/#organization","name":"Mix Market - Supermarket z wszystkim co potrzeba do domu i nie tylko","url":"https:\/\/racom.com.pl\/","logo":{"@type":"ImageObject","inLanguage":"pl-PL","@id":"https:\/\/racom.com.pl\/#\/schema\/logo\/image\/","url":"https:\/\/racom.com.pl\/wp-content\/uploads\/2025\/07\/mixmarket_logo.png","contentUrl":"https:\/\/racom.com.pl\/wp-content\/uploads\/2025\/07\/mixmarket_logo.png","width":1024,"height":1024,"caption":"Mix Market - Supermarket z wszystkim co potrzeba do domu i nie tylko"},"image":{"@id":"https:\/\/racom.com.pl\/#\/schema\/logo\/image\/"}}]}},"_links":{"self":[{"href":"https:\/\/racom.com.pl\/index.php\/wp-json\/wp\/v2\/product\/428","targetHints":{"allow":["GET"]}}],"collection":[{"href":"https:\/\/racom.com.pl\/index.php\/wp-json\/wp\/v2\/product"}],"about":[{"href":"https:\/\/racom.com.pl\/index.php\/wp-json\/wp\/v2\/types\/product"}],"replies":[{"embeddable":true,"href":"https:\/\/racom.com.pl\/index.php\/wp-json\/wp\/v2\/comments?post=428"}],"wp:featuredmedia":[{"embeddable":true,"href":"https:\/\/racom.com.pl\/index.php\/wp-json\/wp\/v2\/media\/435"}],"wp:attachment":[{"href":"https:\/\/racom.com.pl\/index.php\/wp-json\/wp\/v2\/media?parent=428"}],"wp:term":[{"taxonomy":"product_brand","embeddable":true,"href":"https:\/\/racom.com.pl\/index.php\/wp-json\/wp\/v2\/product_brand?post=428"},{"taxonomy":"product_cat","embeddable":true,"href":"https:\/\/racom.com.pl\/index.php\/wp-json\/wp\/v2\/product_cat?post=428"},{"taxonomy":"product_tag","embeddable":true,"href":"https:\/\/racom.com.pl\/index.php\/wp-json\/wp\/v2\/product_tag?post=428"}],"curies":[{"name":"wp","href":"https:\/\/api.w.org\/{rel}","templated":true}]}}