{"id":4280,"date":"2026-03-09T20:26:40","date_gmt":"2026-03-09T19:26:40","guid":{"rendered":"https:\/\/racom.com.pl\/index.php\/produkt\/woda-naleczowianka-niegazowana-mineralna-1l-12-sztuk-2-zgrzewki\/"},"modified":"2026-03-09T20:26:40","modified_gmt":"2026-03-09T19:26:40","slug":"woda-naleczowianka-niegazowana-mineralna-1l-12-sztuk-2-zgrzewki","status":"publish","type":"product","link":"https:\/\/racom.com.pl\/index.php\/produkt\/woda-naleczowianka-niegazowana-mineralna-1l-12-sztuk-2-zgrzewki\/","title":{"rendered":"Woda NA\u0141\u0118CZOWIANKA NIEGAZOWANA Mineralna 1L 12 sztuk (2 zgrzewki)"},"content":{"rendered":"<h2>NA\u0141\u0118CZOWIANKA WODA MINERALNA NIEGAZOWANA 1 L<\/h2>\n<h2>NA\u0141\u0118CZOWIANKA Naturalna Woda Mineralna Niegazowana 1L 12 sztuk<\/h2>\n<p>Na\u0142\u0119czowianka to krystalicznie czysta, naturalna woda mineralna, wydobywana z uj\u0119cia w Na\u0142\u0119czowie na terenie Kazimierskiego Parku Krajobrazowego. Przez blisko 20 lat nasyca si\u0119 unikaln\u0105 kompozycj\u0105 <b>7 minera\u0142\u00f3w<\/b>, dzi\u0119ki czemu doskonale wspiera codzienne nawodnienie organizmu.<\/p>\n<p><b>Dlaczego warto pi\u0107 Na\u0142\u0119czowiank\u0119?<\/b><\/p>\n<ul>\n<li><b>Bogata w minera\u0142y<\/b> \u2013 zawiera wap\u0144, magnez, potas i wodorow\u0119glany.<\/li>\n<li><b>Niska zawarto\u015b\u0107 sodu<\/b> \u2013 odpowiednia dla os\u00f3b dbaj\u0105cych o diet\u0119 ubog\u0105 w s\u00f3d.<\/li>\n<li><b>Codzienne nawodnienie<\/b> \u2013 idealna na ka\u017cd\u0105 por\u0119 dnia.<\/li>\n<li><b>Naturalne pochodzenie<\/b> \u2013 \u017ar\u00f3d\u0142o: Otw\u00f3r Na\u0142\u0119czowianka, Na\u0142\u0119cz\u00f3w.<\/li>\n<li><b>Por\u0119czna butelka 1 L<\/b> \u2013 praktyczna na co dzie\u0144, do domu, pracy i na wynos.<\/li>\n<\/ul>\n<p> <b>Sk\u0142adniki mineralne (mg\/L):<\/b><\/p>\n<ul>\n<li>Wap\u0144: 114,2<\/li>\n<li>Magnez: 20,7<\/li>\n<li>Potas: 3,4<\/li>\n<li>S\u00f3d: 10,3<\/li>\n<li>Wodorow\u0119glany: 451,5<\/li>\n<li>Chlorki: 11,0<\/li>\n<li>Fluorki: 0,2<\/li>\n<li>Og\u00f3lna zawarto\u015b\u0107 soli mineralnych: 644,2<\/li>\n<\/ul>\n<p>\ud83c\udf0d <b>Kraj pochodzenia:<\/b> Polska<\/p>\n<p>\ud83d\udc49 Na\u0142\u0119czowianka \u2013 naturalne \u017ar\u00f3d\u0142o nawodnienia, kt\u00f3re mo\u017cesz mie\u0107 zawsze przy sobie.<\/p>\n","protected":false},"excerpt":{"rendered":"<p>NA\u0141\u0118CZOWIANKA WODA MINERALNA NIEGAZOWANA 1 L NA\u0141\u0118CZOWIANKA Naturalna Woda Mineralna Niegazowana 1L 12 sztuk Na\u0142\u0119czowianka to krystalicznie czysta, naturalna woda mineralna, wydobywana z uj\u0119cia w Na\u0142\u0119czowie na terenie Kazimierskiego Parku Krajobrazowego. Przez blisko 20 lat nasyca si\u0119 unikaln\u0105 kompozycj\u0105 7 minera\u0142\u00f3w, dzi\u0119ki czemu doskonale wspiera codzienne nawodnienie organizmu. Dlaczego warto pi\u0107 Na\u0142\u0119czowiank\u0119? Bogata w minera\u0142y [&hellip;]<\/p>\n","protected":false},"featured_media":4293,"comment_status":"open","ping_status":"closed","template":"","meta":[],"product_brand":[308],"product_cat":[116],"product_tag":[],"class_list":{"0":"post-4280","1":"product","2":"type-product","3":"status-publish","4":"has-post-thumbnail","6":"product_brand-naleczowianka","7":"product_cat-napoje-i-akcesoria","9":"first","10":"instock","11":"taxable","12":"shipping-taxable","13":"purchasable","14":"product-type-simple"},"yoast_head":"<!-- This site is optimized with the Yoast SEO plugin v27.4 - https:\/\/yoast.com\/product\/yoast-seo-wordpress\/ -->\n<title>Woda NA\u0141\u0118CZOWIANKA NIEGAZOWANA Mineralna 1L 12 sztuk (2 zgrzewki) - Mix Market - Supermarket z wszystkim co potrzeba<\/title>\n<meta name=\"robots\" content=\"index, follow, max-snippet:-1, max-image-preview:large, max-video-preview:-1\" \/>\n<link rel=\"canonical\" href=\"https:\/\/racom.com.pl\/index.php\/produkt\/woda-naleczowianka-niegazowana-mineralna-1l-12-sztuk-2-zgrzewki\/\" \/>\n<meta property=\"og:locale\" content=\"pl_PL\" \/>\n<meta property=\"og:type\" content=\"article\" \/>\n<meta property=\"og:title\" content=\"Woda NA\u0141\u0118CZOWIANKA NIEGAZOWANA Mineralna 1L 12 sztuk (2 zgrzewki) - Mix Market - Supermarket z wszystkim co potrzeba\" \/>\n<meta property=\"og:description\" content=\"NA\u0141\u0118CZOWIANKA WODA MINERALNA NIEGAZOWANA 1 L NA\u0141\u0118CZOWIANKA Naturalna Woda Mineralna Niegazowana 1L 12 sztuk Na\u0142\u0119czowianka to krystalicznie czysta, naturalna woda mineralna, wydobywana z uj\u0119cia w Na\u0142\u0119czowie na terenie Kazimierskiego Parku Krajobrazowego. Przez blisko 20 lat nasyca si\u0119 unikaln\u0105 kompozycj\u0105 7 minera\u0142\u00f3w, dzi\u0119ki czemu doskonale wspiera codzienne nawodnienie organizmu. Dlaczego warto pi\u0107 Na\u0142\u0119czowiank\u0119? Bogata w minera\u0142y [&hellip;]\" \/>\n<meta property=\"og:url\" content=\"https:\/\/racom.com.pl\/index.php\/produkt\/woda-naleczowianka-niegazowana-mineralna-1l-12-sztuk-2-zgrzewki\/\" \/>\n<meta property=\"og:site_name\" content=\"Mix Market - Supermarket z wszystkim co potrzeba\" \/>\n<meta name=\"twitter:card\" content=\"summary_large_image\" \/>\n<meta name=\"twitter:label1\" content=\"Szacowany czas czytania\" \/>\n\t<meta name=\"twitter:data1\" content=\"1 minuta\" \/>\n<script type=\"application\/ld+json\" class=\"yoast-schema-graph\">{\"@context\":\"https:\\\/\\\/schema.org\",\"@graph\":[{\"@type\":\"WebPage\",\"@id\":\"https:\\\/\\\/racom.com.pl\\\/index.php\\\/produkt\\\/woda-naleczowianka-niegazowana-mineralna-1l-12-sztuk-2-zgrzewki\\\/\",\"url\":\"https:\\\/\\\/racom.com.pl\\\/index.php\\\/produkt\\\/woda-naleczowianka-niegazowana-mineralna-1l-12-sztuk-2-zgrzewki\\\/\",\"name\":\"Woda NA\u0141\u0118CZOWIANKA NIEGAZOWANA Mineralna 1L 12 sztuk (2 zgrzewki) - Mix Market - Supermarket z wszystkim co potrzeba\",\"isPartOf\":{\"@id\":\"https:\\\/\\\/racom.com.pl\\\/#website\"},\"primaryImageOfPage\":{\"@id\":\"https:\\\/\\\/racom.com.pl\\\/index.php\\\/produkt\\\/woda-naleczowianka-niegazowana-mineralna-1l-12-sztuk-2-zgrzewki\\\/#primaryimage\"},\"image\":{\"@id\":\"https:\\\/\\\/racom.com.pl\\\/index.php\\\/produkt\\\/woda-naleczowianka-niegazowana-mineralna-1l-12-sztuk-2-zgrzewki\\\/#primaryimage\"},\"thumbnailUrl\":\"https:\\\/\\\/racom.com.pl\\\/wp-content\\\/uploads\\\/2026\\\/03\\\/allegro_69af1efaa54433.78814568_40de0a48491b9db47bcd56b0ec89.jpg\",\"datePublished\":\"2026-03-09T19:26:40+00:00\",\"breadcrumb\":{\"@id\":\"https:\\\/\\\/racom.com.pl\\\/index.php\\\/produkt\\\/woda-naleczowianka-niegazowana-mineralna-1l-12-sztuk-2-zgrzewki\\\/#breadcrumb\"},\"inLanguage\":\"pl-PL\",\"potentialAction\":[{\"@type\":\"ReadAction\",\"target\":[\"https:\\\/\\\/racom.com.pl\\\/index.php\\\/produkt\\\/woda-naleczowianka-niegazowana-mineralna-1l-12-sztuk-2-zgrzewki\\\/\"]}]},{\"@type\":\"ImageObject\",\"inLanguage\":\"pl-PL\",\"@id\":\"https:\\\/\\\/racom.com.pl\\\/index.php\\\/produkt\\\/woda-naleczowianka-niegazowana-mineralna-1l-12-sztuk-2-zgrzewki\\\/#primaryimage\",\"url\":\"https:\\\/\\\/racom.com.pl\\\/wp-content\\\/uploads\\\/2026\\\/03\\\/allegro_69af1efaa54433.78814568_40de0a48491b9db47bcd56b0ec89.jpg\",\"contentUrl\":\"https:\\\/\\\/racom.com.pl\\\/wp-content\\\/uploads\\\/2026\\\/03\\\/allegro_69af1efaa54433.78814568_40de0a48491b9db47bcd56b0ec89.jpg\",\"width\":2560,\"height\":2107},{\"@type\":\"BreadcrumbList\",\"@id\":\"https:\\\/\\\/racom.com.pl\\\/index.php\\\/produkt\\\/woda-naleczowianka-niegazowana-mineralna-1l-12-sztuk-2-zgrzewki\\\/#breadcrumb\",\"itemListElement\":[{\"@type\":\"ListItem\",\"position\":1,\"name\":\"Strona g\u0142\u00f3wna\",\"item\":\"https:\\\/\\\/racom.com.pl\\\/\"},{\"@type\":\"ListItem\",\"position\":2,\"name\":\"Sklep\",\"item\":\"https:\\\/\\\/racom.com.pl\\\/\"},{\"@type\":\"ListItem\",\"position\":3,\"name\":\"Woda NA\u0141\u0118CZOWIANKA NIEGAZOWANA Mineralna 1L 12 sztuk (2 zgrzewki)\"}]},{\"@type\":\"WebSite\",\"@id\":\"https:\\\/\\\/racom.com.pl\\\/#website\",\"url\":\"https:\\\/\\\/racom.com.pl\\\/\",\"name\":\"Mix Market - Supermarket z wszystkim co potrzeba do domu i nie tylko\",\"description\":\"\",\"publisher\":{\"@id\":\"https:\\\/\\\/racom.com.pl\\\/#organization\"},\"potentialAction\":[{\"@type\":\"SearchAction\",\"target\":{\"@type\":\"EntryPoint\",\"urlTemplate\":\"https:\\\/\\\/racom.com.pl\\\/?s={search_term_string}\"},\"query-input\":{\"@type\":\"PropertyValueSpecification\",\"valueRequired\":true,\"valueName\":\"search_term_string\"}}],\"inLanguage\":\"pl-PL\"},{\"@type\":\"Organization\",\"@id\":\"https:\\\/\\\/racom.com.pl\\\/#organization\",\"name\":\"Mix Market - Supermarket z wszystkim co potrzeba do domu i nie tylko\",\"url\":\"https:\\\/\\\/racom.com.pl\\\/\",\"logo\":{\"@type\":\"ImageObject\",\"inLanguage\":\"pl-PL\",\"@id\":\"https:\\\/\\\/racom.com.pl\\\/#\\\/schema\\\/logo\\\/image\\\/\",\"url\":\"https:\\\/\\\/racom.com.pl\\\/wp-content\\\/uploads\\\/2025\\\/07\\\/mixmarket_logo.png\",\"contentUrl\":\"https:\\\/\\\/racom.com.pl\\\/wp-content\\\/uploads\\\/2025\\\/07\\\/mixmarket_logo.png\",\"width\":1024,\"height\":1024,\"caption\":\"Mix Market - Supermarket z wszystkim co potrzeba do domu i nie tylko\"},\"image\":{\"@id\":\"https:\\\/\\\/racom.com.pl\\\/#\\\/schema\\\/logo\\\/image\\\/\"}}]}<\/script>\n<!-- \/ Yoast SEO plugin. -->","yoast_head_json":{"title":"Woda NA\u0141\u0118CZOWIANKA NIEGAZOWANA Mineralna 1L 12 sztuk (2 zgrzewki) - Mix Market - Supermarket z wszystkim co potrzeba","robots":{"index":"index","follow":"follow","max-snippet":"max-snippet:-1","max-image-preview":"max-image-preview:large","max-video-preview":"max-video-preview:-1"},"canonical":"https:\/\/racom.com.pl\/index.php\/produkt\/woda-naleczowianka-niegazowana-mineralna-1l-12-sztuk-2-zgrzewki\/","og_locale":"pl_PL","og_type":"article","og_title":"Woda NA\u0141\u0118CZOWIANKA NIEGAZOWANA Mineralna 1L 12 sztuk (2 zgrzewki) - Mix Market - Supermarket z wszystkim co potrzeba","og_description":"NA\u0141\u0118CZOWIANKA WODA MINERALNA NIEGAZOWANA 1 L NA\u0141\u0118CZOWIANKA Naturalna Woda Mineralna Niegazowana 1L 12 sztuk Na\u0142\u0119czowianka to krystalicznie czysta, naturalna woda mineralna, wydobywana z uj\u0119cia w Na\u0142\u0119czowie na terenie Kazimierskiego Parku Krajobrazowego. Przez blisko 20 lat nasyca si\u0119 unikaln\u0105 kompozycj\u0105 7 minera\u0142\u00f3w, dzi\u0119ki czemu doskonale wspiera codzienne nawodnienie organizmu. Dlaczego warto pi\u0107 Na\u0142\u0119czowiank\u0119? Bogata w minera\u0142y [&hellip;]","og_url":"https:\/\/racom.com.pl\/index.php\/produkt\/woda-naleczowianka-niegazowana-mineralna-1l-12-sztuk-2-zgrzewki\/","og_site_name":"Mix Market - Supermarket z wszystkim co potrzeba","twitter_card":"summary_large_image","twitter_misc":{"Szacowany czas czytania":"1 minuta"},"schema":{"@context":"https:\/\/schema.org","@graph":[{"@type":"WebPage","@id":"https:\/\/racom.com.pl\/index.php\/produkt\/woda-naleczowianka-niegazowana-mineralna-1l-12-sztuk-2-zgrzewki\/","url":"https:\/\/racom.com.pl\/index.php\/produkt\/woda-naleczowianka-niegazowana-mineralna-1l-12-sztuk-2-zgrzewki\/","name":"Woda NA\u0141\u0118CZOWIANKA NIEGAZOWANA Mineralna 1L 12 sztuk (2 zgrzewki) - Mix Market - Supermarket z wszystkim co potrzeba","isPartOf":{"@id":"https:\/\/racom.com.pl\/#website"},"primaryImageOfPage":{"@id":"https:\/\/racom.com.pl\/index.php\/produkt\/woda-naleczowianka-niegazowana-mineralna-1l-12-sztuk-2-zgrzewki\/#primaryimage"},"image":{"@id":"https:\/\/racom.com.pl\/index.php\/produkt\/woda-naleczowianka-niegazowana-mineralna-1l-12-sztuk-2-zgrzewki\/#primaryimage"},"thumbnailUrl":"https:\/\/racom.com.pl\/wp-content\/uploads\/2026\/03\/allegro_69af1efaa54433.78814568_40de0a48491b9db47bcd56b0ec89.jpg","datePublished":"2026-03-09T19:26:40+00:00","breadcrumb":{"@id":"https:\/\/racom.com.pl\/index.php\/produkt\/woda-naleczowianka-niegazowana-mineralna-1l-12-sztuk-2-zgrzewki\/#breadcrumb"},"inLanguage":"pl-PL","potentialAction":[{"@type":"ReadAction","target":["https:\/\/racom.com.pl\/index.php\/produkt\/woda-naleczowianka-niegazowana-mineralna-1l-12-sztuk-2-zgrzewki\/"]}]},{"@type":"ImageObject","inLanguage":"pl-PL","@id":"https:\/\/racom.com.pl\/index.php\/produkt\/woda-naleczowianka-niegazowana-mineralna-1l-12-sztuk-2-zgrzewki\/#primaryimage","url":"https:\/\/racom.com.pl\/wp-content\/uploads\/2026\/03\/allegro_69af1efaa54433.78814568_40de0a48491b9db47bcd56b0ec89.jpg","contentUrl":"https:\/\/racom.com.pl\/wp-content\/uploads\/2026\/03\/allegro_69af1efaa54433.78814568_40de0a48491b9db47bcd56b0ec89.jpg","width":2560,"height":2107},{"@type":"BreadcrumbList","@id":"https:\/\/racom.com.pl\/index.php\/produkt\/woda-naleczowianka-niegazowana-mineralna-1l-12-sztuk-2-zgrzewki\/#breadcrumb","itemListElement":[{"@type":"ListItem","position":1,"name":"Strona g\u0142\u00f3wna","item":"https:\/\/racom.com.pl\/"},{"@type":"ListItem","position":2,"name":"Sklep","item":"https:\/\/racom.com.pl\/"},{"@type":"ListItem","position":3,"name":"Woda NA\u0141\u0118CZOWIANKA NIEGAZOWANA Mineralna 1L 12 sztuk (2 zgrzewki)"}]},{"@type":"WebSite","@id":"https:\/\/racom.com.pl\/#website","url":"https:\/\/racom.com.pl\/","name":"Mix Market - Supermarket z wszystkim co potrzeba do domu i nie tylko","description":"","publisher":{"@id":"https:\/\/racom.com.pl\/#organization"},"potentialAction":[{"@type":"SearchAction","target":{"@type":"EntryPoint","urlTemplate":"https:\/\/racom.com.pl\/?s={search_term_string}"},"query-input":{"@type":"PropertyValueSpecification","valueRequired":true,"valueName":"search_term_string"}}],"inLanguage":"pl-PL"},{"@type":"Organization","@id":"https:\/\/racom.com.pl\/#organization","name":"Mix Market - Supermarket z wszystkim co potrzeba do domu i nie tylko","url":"https:\/\/racom.com.pl\/","logo":{"@type":"ImageObject","inLanguage":"pl-PL","@id":"https:\/\/racom.com.pl\/#\/schema\/logo\/image\/","url":"https:\/\/racom.com.pl\/wp-content\/uploads\/2025\/07\/mixmarket_logo.png","contentUrl":"https:\/\/racom.com.pl\/wp-content\/uploads\/2025\/07\/mixmarket_logo.png","width":1024,"height":1024,"caption":"Mix Market - Supermarket z wszystkim co potrzeba do domu i nie tylko"},"image":{"@id":"https:\/\/racom.com.pl\/#\/schema\/logo\/image\/"}}]}},"_links":{"self":[{"href":"https:\/\/racom.com.pl\/index.php\/wp-json\/wp\/v2\/product\/4280","targetHints":{"allow":["GET"]}}],"collection":[{"href":"https:\/\/racom.com.pl\/index.php\/wp-json\/wp\/v2\/product"}],"about":[{"href":"https:\/\/racom.com.pl\/index.php\/wp-json\/wp\/v2\/types\/product"}],"replies":[{"embeddable":true,"href":"https:\/\/racom.com.pl\/index.php\/wp-json\/wp\/v2\/comments?post=4280"}],"wp:featuredmedia":[{"embeddable":true,"href":"https:\/\/racom.com.pl\/index.php\/wp-json\/wp\/v2\/media\/4293"}],"wp:attachment":[{"href":"https:\/\/racom.com.pl\/index.php\/wp-json\/wp\/v2\/media?parent=4280"}],"wp:term":[{"taxonomy":"product_brand","embeddable":true,"href":"https:\/\/racom.com.pl\/index.php\/wp-json\/wp\/v2\/product_brand?post=4280"},{"taxonomy":"product_cat","embeddable":true,"href":"https:\/\/racom.com.pl\/index.php\/wp-json\/wp\/v2\/product_cat?post=4280"},{"taxonomy":"product_tag","embeddable":true,"href":"https:\/\/racom.com.pl\/index.php\/wp-json\/wp\/v2\/product_tag?post=4280"}],"curies":[{"name":"wp","href":"https:\/\/api.w.org\/{rel}","templated":true}]}}