{"id":4296,"date":"2026-03-09T20:26:53","date_gmt":"2026-03-09T19:26:53","guid":{"rendered":"https:\/\/racom.com.pl\/index.php\/produkt\/baseus-szybka-ladowarka-samochodowa-do-telefonu-zapalniczki-2x-usb-4-8a-5v\/"},"modified":"2026-03-09T20:26:53","modified_gmt":"2026-03-09T19:26:53","slug":"baseus-szybka-ladowarka-samochodowa-do-telefonu-zapalniczki-2x-usb-4-8a-5v","status":"publish","type":"product","link":"https:\/\/racom.com.pl\/index.php\/produkt\/baseus-szybka-ladowarka-samochodowa-do-telefonu-zapalniczki-2x-usb-4-8a-5v\/","title":{"rendered":"BASEUS SZYBKA \u0141ADOWARKA SAMOCHODOWA DO TELEFONU ZAPALNICZKI 2X USB 4.8A 5V"},"content":{"rendered":"<h2>\u0141adowarka samochodowa BASEUS Grain Pro 4.8A 2x USB (czarna)<\/h2>\n<p><b>\u0141aduj 2 urz\u0105dzenia jednocze\u015bnie<\/b><\/p>\n<p>\u0141adowarka samochodowa od Baseus pozwala na \u0142adowanie 2 urz\u0105dze\u0144 jednocze\u015bnie. Dzi\u0119ki temu Ty i Tw\u00f3j pasa\u017cer mo\u017cecie \u0142adowa\u0107 swoje telefony w tym samym czasie. Pr\u0105d o du\u017cym nat\u0119\u017ceniu umo\u017cliwia wysok\u0105 wydajno\u015b\u0107 i szybko\u015b\u0107 \u0142adowania. Dzi\u0119ki \u0142adowarce od Baseus na\u0142adujesz nie tylko urz\u0105dzenie z systemem Android lub Apple, ale r\u00f3wnie\u017c nawigacj\u0119 GPS, s\u0142uchawki, sprz\u0119t fotograficzny, powerbanki, e-papierosy i wiele innych.<\/p>\n<ul>\n<li><b>Producent:<\/b> Baseus<\/li>\n<li><b>Model:<\/b> CCALLP-01<\/li>\n<li><b>Wyko\u0144czenie:<\/b> PC + ABS<\/li>\n<li><b>Kolor:<\/b> czarny<\/li>\n<li><b>Wymiary:<\/b> 46.8 x 26.5 mm<\/li>\n<li><b>Kompatybilno\u015b\u0107:<\/b> uniwersalna<\/li>\n<li><b>Porty:<\/b> USB1:5V\/2.4A; USB2:5V\/2.4A<\/li>\n<li><b>Moc wyj\u015bciowa:<\/b> 5V\/4.8A<\/li>\n<li><b>Napi\u0119cie wej\u015bciowe:<\/b> DC 12-24V<\/li>\n<\/ul>\n<p><b>Wyko\u0144czenie<\/b><\/p>\n<p>\u0141adowarka zosta\u0142a wykonana z najwy\u017cszej jako\u015bci materia\u0142\u00f3w ognioodpornych PC i ABS, dzi\u0119ki czemu jest odporna na zarysowania, a w rezultacie zawsze wygl\u0105da jak nowa. Materia\u0142 PC jest odporny na uderzenia i wysok\u0105 temperatur\u0119 co czyni \u0142adowark\u0119 trwa\u0142\u0105, a ty mo\u017cesz z niego d\u0142ugo korzysta\u0107. Jej niewielki rozmiar sprawia, \u017ce \u0142adowarka idealnie komponuje si\u0119 z wi\u0119kszo\u015bci\u0105 zapalniczek.<\/p>\n<p><b>Kompletna ochrona<\/b><\/p>\n<p>\u0141adowarka od Baseus przesz\u0142a liczne testy bezpiecze\u0144stwa i zdoby\u0142a wiele certyfikat\u00f3w, dzi\u0119ki czemu mo\u017cesz korzysta\u0107 z niej bez obaw. Chipset steruj\u0105cy dopasowuje nat\u0119\u017cenie pr\u0105du do ka\u017cdego urz\u0105dzenia i chroni je przed uszkodzeniem. Dzi\u0119ki 7 poziomom zabezpiecze\u0144, zar\u00f3wno Twoje urz\u0105dzenie jaki \u0142adowarka s\u0105 chronione przed prze\u0142adowaniem, wy\u0142adowaniem, przepi\u0119ciem, przegrzaniem, pr\u0105dem przet\u0119\u017ceniowym, kr\u00f3tkimi spi\u0119ciami i polem elektromagnetycznym.<\/p>\n<ul>\n<li><b>Producent:<\/b> Baseus<\/li>\n<li><b>Model:<\/b> CCALLP-01<\/li>\n<li><b>Wyko\u0144czenie:<\/b> PC + ABS<\/li>\n<li><b>Kolor:<\/b> czarny<\/li>\n<li><b>Wymiary:<\/b> 46.8 x 26.5 mm<\/li>\n<li><b>Kompatybilno\u015b\u0107:<\/b> uniwersalna<\/li>\n<li><b>Porty:<\/b> USB1:5V\/2.4A; USB2:5V\/2.4A<\/li>\n<li><b>Moc wyj\u015bciowa:<\/b> 5V\/4.8A<\/li>\n<li><b>Napi\u0119cie wej\u015bciowe:<\/b> DC 12-24V<\/li>\n<\/ul>\n","protected":false},"excerpt":{"rendered":"<p>\u0141adowarka samochodowa BASEUS Grain Pro 4.8A 2x USB (czarna) \u0141aduj 2 urz\u0105dzenia jednocze\u015bnie \u0141adowarka samochodowa od Baseus pozwala na \u0142adowanie 2 urz\u0105dze\u0144 jednocze\u015bnie. Dzi\u0119ki temu Ty i Tw\u00f3j pasa\u017cer mo\u017cecie \u0142adowa\u0107 swoje telefony w tym samym czasie. Pr\u0105d o du\u017cym nat\u0119\u017ceniu umo\u017cliwia wysok\u0105 wydajno\u015b\u0107 i szybko\u015b\u0107 \u0142adowania. Dzi\u0119ki \u0142adowarce od Baseus na\u0142adujesz nie tylko urz\u0105dzenie [&hellip;]<\/p>\n","protected":false},"featured_media":4337,"comment_status":"open","ping_status":"closed","template":"","meta":[],"product_brand":[],"product_cat":[309],"product_tag":[],"class_list":{"0":"post-4296","1":"product","2":"type-product","3":"status-publish","4":"has-post-thumbnail","6":"product_cat-elektronika-samochodowa","8":"first","9":"instock","10":"taxable","11":"shipping-taxable","12":"purchasable","13":"product-type-simple"},"yoast_head":"<!-- This site is optimized with the Yoast SEO plugin v27.3 - https:\/\/yoast.com\/product\/yoast-seo-wordpress\/ -->\n<title>BASEUS SZYBKA \u0141ADOWARKA SAMOCHODOWA DO TELEFONU ZAPALNICZKI 2X USB 4.8A 5V - Mix Market - Supermarket z wszystkim co potrzeba<\/title>\n<meta name=\"robots\" content=\"index, follow, max-snippet:-1, max-image-preview:large, max-video-preview:-1\" \/>\n<link rel=\"canonical\" href=\"https:\/\/racom.com.pl\/index.php\/produkt\/baseus-szybka-ladowarka-samochodowa-do-telefonu-zapalniczki-2x-usb-4-8a-5v\/\" \/>\n<meta property=\"og:locale\" content=\"pl_PL\" \/>\n<meta property=\"og:type\" content=\"article\" \/>\n<meta property=\"og:title\" content=\"BASEUS SZYBKA \u0141ADOWARKA SAMOCHODOWA DO TELEFONU ZAPALNICZKI 2X USB 4.8A 5V - Mix Market - Supermarket z wszystkim co potrzeba\" \/>\n<meta property=\"og:description\" content=\"\u0141adowarka samochodowa BASEUS Grain Pro 4.8A 2x USB (czarna) \u0141aduj 2 urz\u0105dzenia jednocze\u015bnie \u0141adowarka samochodowa od Baseus pozwala na \u0142adowanie 2 urz\u0105dze\u0144 jednocze\u015bnie. Dzi\u0119ki temu Ty i Tw\u00f3j pasa\u017cer mo\u017cecie \u0142adowa\u0107 swoje telefony w tym samym czasie. Pr\u0105d o du\u017cym nat\u0119\u017ceniu umo\u017cliwia wysok\u0105 wydajno\u015b\u0107 i szybko\u015b\u0107 \u0142adowania. Dzi\u0119ki \u0142adowarce od Baseus na\u0142adujesz nie tylko urz\u0105dzenie [&hellip;]\" \/>\n<meta property=\"og:url\" content=\"https:\/\/racom.com.pl\/index.php\/produkt\/baseus-szybka-ladowarka-samochodowa-do-telefonu-zapalniczki-2x-usb-4-8a-5v\/\" \/>\n<meta property=\"og:site_name\" content=\"Mix Market - Supermarket z wszystkim co potrzeba\" \/>\n<meta name=\"twitter:card\" content=\"summary_large_image\" \/>\n<meta name=\"twitter:label1\" content=\"Szacowany czas czytania\" \/>\n\t<meta name=\"twitter:data1\" content=\"1 minuta\" \/>\n<script type=\"application\/ld+json\" class=\"yoast-schema-graph\">{\"@context\":\"https:\\\/\\\/schema.org\",\"@graph\":[{\"@type\":\"WebPage\",\"@id\":\"https:\\\/\\\/racom.com.pl\\\/index.php\\\/produkt\\\/baseus-szybka-ladowarka-samochodowa-do-telefonu-zapalniczki-2x-usb-4-8a-5v\\\/\",\"url\":\"https:\\\/\\\/racom.com.pl\\\/index.php\\\/produkt\\\/baseus-szybka-ladowarka-samochodowa-do-telefonu-zapalniczki-2x-usb-4-8a-5v\\\/\",\"name\":\"BASEUS SZYBKA \u0141ADOWARKA SAMOCHODOWA DO TELEFONU ZAPALNICZKI 2X USB 4.8A 5V - Mix Market - Supermarket z wszystkim co potrzeba\",\"isPartOf\":{\"@id\":\"https:\\\/\\\/racom.com.pl\\\/#website\"},\"primaryImageOfPage\":{\"@id\":\"https:\\\/\\\/racom.com.pl\\\/index.php\\\/produkt\\\/baseus-szybka-ladowarka-samochodowa-do-telefonu-zapalniczki-2x-usb-4-8a-5v\\\/#primaryimage\"},\"image\":{\"@id\":\"https:\\\/\\\/racom.com.pl\\\/index.php\\\/produkt\\\/baseus-szybka-ladowarka-samochodowa-do-telefonu-zapalniczki-2x-usb-4-8a-5v\\\/#primaryimage\"},\"thumbnailUrl\":\"https:\\\/\\\/racom.com.pl\\\/wp-content\\\/uploads\\\/2026\\\/03\\\/allegro_69af1f1a4f2f14.69298867_6e7599d34abb971404dc18f5409e.jpg\",\"datePublished\":\"2026-03-09T19:26:53+00:00\",\"breadcrumb\":{\"@id\":\"https:\\\/\\\/racom.com.pl\\\/index.php\\\/produkt\\\/baseus-szybka-ladowarka-samochodowa-do-telefonu-zapalniczki-2x-usb-4-8a-5v\\\/#breadcrumb\"},\"inLanguage\":\"pl-PL\",\"potentialAction\":[{\"@type\":\"ReadAction\",\"target\":[\"https:\\\/\\\/racom.com.pl\\\/index.php\\\/produkt\\\/baseus-szybka-ladowarka-samochodowa-do-telefonu-zapalniczki-2x-usb-4-8a-5v\\\/\"]}]},{\"@type\":\"ImageObject\",\"inLanguage\":\"pl-PL\",\"@id\":\"https:\\\/\\\/racom.com.pl\\\/index.php\\\/produkt\\\/baseus-szybka-ladowarka-samochodowa-do-telefonu-zapalniczki-2x-usb-4-8a-5v\\\/#primaryimage\",\"url\":\"https:\\\/\\\/racom.com.pl\\\/wp-content\\\/uploads\\\/2026\\\/03\\\/allegro_69af1f1a4f2f14.69298867_6e7599d34abb971404dc18f5409e.jpg\",\"contentUrl\":\"https:\\\/\\\/racom.com.pl\\\/wp-content\\\/uploads\\\/2026\\\/03\\\/allegro_69af1f1a4f2f14.69298867_6e7599d34abb971404dc18f5409e.jpg\",\"width\":1200,\"height\":1200},{\"@type\":\"BreadcrumbList\",\"@id\":\"https:\\\/\\\/racom.com.pl\\\/index.php\\\/produkt\\\/baseus-szybka-ladowarka-samochodowa-do-telefonu-zapalniczki-2x-usb-4-8a-5v\\\/#breadcrumb\",\"itemListElement\":[{\"@type\":\"ListItem\",\"position\":1,\"name\":\"Strona g\u0142\u00f3wna\",\"item\":\"https:\\\/\\\/racom.com.pl\\\/\"},{\"@type\":\"ListItem\",\"position\":2,\"name\":\"Sklep\",\"item\":\"https:\\\/\\\/racom.com.pl\\\/\"},{\"@type\":\"ListItem\",\"position\":3,\"name\":\"BASEUS SZYBKA \u0141ADOWARKA SAMOCHODOWA DO TELEFONU ZAPALNICZKI 2X USB 4.8A 5V\"}]},{\"@type\":\"WebSite\",\"@id\":\"https:\\\/\\\/racom.com.pl\\\/#website\",\"url\":\"https:\\\/\\\/racom.com.pl\\\/\",\"name\":\"Mix Market - Supermarket z wszystkim co potrzeba do domu i nie tylko\",\"description\":\"\",\"publisher\":{\"@id\":\"https:\\\/\\\/racom.com.pl\\\/#organization\"},\"potentialAction\":[{\"@type\":\"SearchAction\",\"target\":{\"@type\":\"EntryPoint\",\"urlTemplate\":\"https:\\\/\\\/racom.com.pl\\\/?s={search_term_string}\"},\"query-input\":{\"@type\":\"PropertyValueSpecification\",\"valueRequired\":true,\"valueName\":\"search_term_string\"}}],\"inLanguage\":\"pl-PL\"},{\"@type\":\"Organization\",\"@id\":\"https:\\\/\\\/racom.com.pl\\\/#organization\",\"name\":\"Mix Market - Supermarket z wszystkim co potrzeba do domu i nie tylko\",\"url\":\"https:\\\/\\\/racom.com.pl\\\/\",\"logo\":{\"@type\":\"ImageObject\",\"inLanguage\":\"pl-PL\",\"@id\":\"https:\\\/\\\/racom.com.pl\\\/#\\\/schema\\\/logo\\\/image\\\/\",\"url\":\"https:\\\/\\\/racom.com.pl\\\/wp-content\\\/uploads\\\/2025\\\/07\\\/mixmarket_logo.png\",\"contentUrl\":\"https:\\\/\\\/racom.com.pl\\\/wp-content\\\/uploads\\\/2025\\\/07\\\/mixmarket_logo.png\",\"width\":1024,\"height\":1024,\"caption\":\"Mix Market - Supermarket z wszystkim co potrzeba do domu i nie tylko\"},\"image\":{\"@id\":\"https:\\\/\\\/racom.com.pl\\\/#\\\/schema\\\/logo\\\/image\\\/\"}}]}<\/script>\n<!-- \/ Yoast SEO plugin. -->","yoast_head_json":{"title":"BASEUS SZYBKA \u0141ADOWARKA SAMOCHODOWA DO TELEFONU ZAPALNICZKI 2X USB 4.8A 5V - Mix Market - Supermarket z wszystkim co potrzeba","robots":{"index":"index","follow":"follow","max-snippet":"max-snippet:-1","max-image-preview":"max-image-preview:large","max-video-preview":"max-video-preview:-1"},"canonical":"https:\/\/racom.com.pl\/index.php\/produkt\/baseus-szybka-ladowarka-samochodowa-do-telefonu-zapalniczki-2x-usb-4-8a-5v\/","og_locale":"pl_PL","og_type":"article","og_title":"BASEUS SZYBKA \u0141ADOWARKA SAMOCHODOWA DO TELEFONU ZAPALNICZKI 2X USB 4.8A 5V - Mix Market - Supermarket z wszystkim co potrzeba","og_description":"\u0141adowarka samochodowa BASEUS Grain Pro 4.8A 2x USB (czarna) \u0141aduj 2 urz\u0105dzenia jednocze\u015bnie \u0141adowarka samochodowa od Baseus pozwala na \u0142adowanie 2 urz\u0105dze\u0144 jednocze\u015bnie. Dzi\u0119ki temu Ty i Tw\u00f3j pasa\u017cer mo\u017cecie \u0142adowa\u0107 swoje telefony w tym samym czasie. Pr\u0105d o du\u017cym nat\u0119\u017ceniu umo\u017cliwia wysok\u0105 wydajno\u015b\u0107 i szybko\u015b\u0107 \u0142adowania. Dzi\u0119ki \u0142adowarce od Baseus na\u0142adujesz nie tylko urz\u0105dzenie [&hellip;]","og_url":"https:\/\/racom.com.pl\/index.php\/produkt\/baseus-szybka-ladowarka-samochodowa-do-telefonu-zapalniczki-2x-usb-4-8a-5v\/","og_site_name":"Mix Market - Supermarket z wszystkim co potrzeba","twitter_card":"summary_large_image","twitter_misc":{"Szacowany czas czytania":"1 minuta"},"schema":{"@context":"https:\/\/schema.org","@graph":[{"@type":"WebPage","@id":"https:\/\/racom.com.pl\/index.php\/produkt\/baseus-szybka-ladowarka-samochodowa-do-telefonu-zapalniczki-2x-usb-4-8a-5v\/","url":"https:\/\/racom.com.pl\/index.php\/produkt\/baseus-szybka-ladowarka-samochodowa-do-telefonu-zapalniczki-2x-usb-4-8a-5v\/","name":"BASEUS SZYBKA \u0141ADOWARKA SAMOCHODOWA DO TELEFONU ZAPALNICZKI 2X USB 4.8A 5V - Mix Market - Supermarket z wszystkim co potrzeba","isPartOf":{"@id":"https:\/\/racom.com.pl\/#website"},"primaryImageOfPage":{"@id":"https:\/\/racom.com.pl\/index.php\/produkt\/baseus-szybka-ladowarka-samochodowa-do-telefonu-zapalniczki-2x-usb-4-8a-5v\/#primaryimage"},"image":{"@id":"https:\/\/racom.com.pl\/index.php\/produkt\/baseus-szybka-ladowarka-samochodowa-do-telefonu-zapalniczki-2x-usb-4-8a-5v\/#primaryimage"},"thumbnailUrl":"https:\/\/racom.com.pl\/wp-content\/uploads\/2026\/03\/allegro_69af1f1a4f2f14.69298867_6e7599d34abb971404dc18f5409e.jpg","datePublished":"2026-03-09T19:26:53+00:00","breadcrumb":{"@id":"https:\/\/racom.com.pl\/index.php\/produkt\/baseus-szybka-ladowarka-samochodowa-do-telefonu-zapalniczki-2x-usb-4-8a-5v\/#breadcrumb"},"inLanguage":"pl-PL","potentialAction":[{"@type":"ReadAction","target":["https:\/\/racom.com.pl\/index.php\/produkt\/baseus-szybka-ladowarka-samochodowa-do-telefonu-zapalniczki-2x-usb-4-8a-5v\/"]}]},{"@type":"ImageObject","inLanguage":"pl-PL","@id":"https:\/\/racom.com.pl\/index.php\/produkt\/baseus-szybka-ladowarka-samochodowa-do-telefonu-zapalniczki-2x-usb-4-8a-5v\/#primaryimage","url":"https:\/\/racom.com.pl\/wp-content\/uploads\/2026\/03\/allegro_69af1f1a4f2f14.69298867_6e7599d34abb971404dc18f5409e.jpg","contentUrl":"https:\/\/racom.com.pl\/wp-content\/uploads\/2026\/03\/allegro_69af1f1a4f2f14.69298867_6e7599d34abb971404dc18f5409e.jpg","width":1200,"height":1200},{"@type":"BreadcrumbList","@id":"https:\/\/racom.com.pl\/index.php\/produkt\/baseus-szybka-ladowarka-samochodowa-do-telefonu-zapalniczki-2x-usb-4-8a-5v\/#breadcrumb","itemListElement":[{"@type":"ListItem","position":1,"name":"Strona g\u0142\u00f3wna","item":"https:\/\/racom.com.pl\/"},{"@type":"ListItem","position":2,"name":"Sklep","item":"https:\/\/racom.com.pl\/"},{"@type":"ListItem","position":3,"name":"BASEUS SZYBKA \u0141ADOWARKA SAMOCHODOWA DO TELEFONU ZAPALNICZKI 2X USB 4.8A 5V"}]},{"@type":"WebSite","@id":"https:\/\/racom.com.pl\/#website","url":"https:\/\/racom.com.pl\/","name":"Mix Market - Supermarket z wszystkim co potrzeba do domu i nie tylko","description":"","publisher":{"@id":"https:\/\/racom.com.pl\/#organization"},"potentialAction":[{"@type":"SearchAction","target":{"@type":"EntryPoint","urlTemplate":"https:\/\/racom.com.pl\/?s={search_term_string}"},"query-input":{"@type":"PropertyValueSpecification","valueRequired":true,"valueName":"search_term_string"}}],"inLanguage":"pl-PL"},{"@type":"Organization","@id":"https:\/\/racom.com.pl\/#organization","name":"Mix Market - Supermarket z wszystkim co potrzeba do domu i nie tylko","url":"https:\/\/racom.com.pl\/","logo":{"@type":"ImageObject","inLanguage":"pl-PL","@id":"https:\/\/racom.com.pl\/#\/schema\/logo\/image\/","url":"https:\/\/racom.com.pl\/wp-content\/uploads\/2025\/07\/mixmarket_logo.png","contentUrl":"https:\/\/racom.com.pl\/wp-content\/uploads\/2025\/07\/mixmarket_logo.png","width":1024,"height":1024,"caption":"Mix Market - Supermarket z wszystkim co potrzeba do domu i nie tylko"},"image":{"@id":"https:\/\/racom.com.pl\/#\/schema\/logo\/image\/"}}]}},"_links":{"self":[{"href":"https:\/\/racom.com.pl\/index.php\/wp-json\/wp\/v2\/product\/4296","targetHints":{"allow":["GET"]}}],"collection":[{"href":"https:\/\/racom.com.pl\/index.php\/wp-json\/wp\/v2\/product"}],"about":[{"href":"https:\/\/racom.com.pl\/index.php\/wp-json\/wp\/v2\/types\/product"}],"replies":[{"embeddable":true,"href":"https:\/\/racom.com.pl\/index.php\/wp-json\/wp\/v2\/comments?post=4296"}],"wp:featuredmedia":[{"embeddable":true,"href":"https:\/\/racom.com.pl\/index.php\/wp-json\/wp\/v2\/media\/4337"}],"wp:attachment":[{"href":"https:\/\/racom.com.pl\/index.php\/wp-json\/wp\/v2\/media?parent=4296"}],"wp:term":[{"taxonomy":"product_brand","embeddable":true,"href":"https:\/\/racom.com.pl\/index.php\/wp-json\/wp\/v2\/product_brand?post=4296"},{"taxonomy":"product_cat","embeddable":true,"href":"https:\/\/racom.com.pl\/index.php\/wp-json\/wp\/v2\/product_cat?post=4296"},{"taxonomy":"product_tag","embeddable":true,"href":"https:\/\/racom.com.pl\/index.php\/wp-json\/wp\/v2\/product_tag?post=4296"}],"curies":[{"name":"wp","href":"https:\/\/api.w.org\/{rel}","templated":true}]}}