{"id":4329,"date":"2026-03-09T20:27:17","date_gmt":"2026-03-09T19:27:17","guid":{"rendered":"https:\/\/racom.com.pl\/index.php\/produkt\/woda-lecznicza-jan-oczyszczenie-na-nerki-cukrzyce-zlogi-zgrzewka-6x-15l\/"},"modified":"2026-03-09T20:27:17","modified_gmt":"2026-03-09T19:27:17","slug":"woda-lecznicza-jan-oczyszczenie-na-nerki-cukrzyce-zlogi-zgrzewka-6x-15l","status":"publish","type":"product","link":"https:\/\/racom.com.pl\/index.php\/produkt\/woda-lecznicza-jan-oczyszczenie-na-nerki-cukrzyce-zlogi-zgrzewka-6x-15l\/","title":{"rendered":"Woda Lecznicza Jan oczyszczenie na Nerki Cukrzyc\u0119 Z\u0142ogi ZGRZEWKA 6x 1,5L"},"content":{"rendered":"<h2>Naturalna Woda Lecznicza Jan<\/h2>\n<p><b>Zgrzewka 6szt<\/b><\/p>\n<p><b>Pojemno\u015b\u0107 butelki: 1.5L<\/b><\/p>\n<p>Jan jest silnie hipoosmotyczn\u0105 szczaw\u0105 wodorow\u0119glanowo-wapniow\u0105 z zawarto\u015bci\u0105 chlork\u00f3w, bardzo moczop\u0119dn\u0105, idealn\u0105 w&nbsp;<b>leczeniu kamicy nerkowej<\/b>. Stosowana r\u00f3wnie\u017c w leczeniu innych&nbsp;<b>schorze\u0144 nerek i dr\u00f3g moczowych oraz mia\u017cd\u017cycy i cukrzycy<\/b>&nbsp;(w po\u0142\u0105czeniu z wod\u0105 \u201eZuber\u201d) wydatnie&nbsp;<b>obni\u017ca poziom cholesterolu i cukru we krwi<\/b>. Rozpuszczone w wodzie sk\u0142adniki mineralne podane do picia bior\u0105 udzia\u0142 w gospodarce wodno-elektrolitowej. Woda Jan uwalnia od kamieni nerkowych i zapobiega ich powstawaniu.<\/p>\n<h2>Korzystne dzia\u0142ania<\/h2>\n<p>Urolodzy ustalili, \u017ce podawanie wody Jan wyra\u017anie pot\u0119guje wydalanie z moczem soli wapnia, fosforan\u00f3w i magnezu, podstawowych budulc\u00f3w kamieni nerkowych. Ma bardzo silne dzia\u0142anie moczop\u0119dne. Woda wyp\u0142ukuje z\u0142ogi, przeciwdzia\u0142a zaka\u017ceniu dr\u00f3g moczowych oraz nawrotowi kamicy. Woda Jan z Krynicy-Zdroju wp\u0142ywa zar\u00f3wno na obni\u017cenie poziomu glukozy, jaki i podniesienie poziomu potasu i wapnia w surowicy krwi.<\/p>\n<h2>Zastosowanie<\/h2>\n<p><b>W krenoterapii w celu leczenia:<\/b><\/p>\n<ul>\n<li><b>chor\u00f3b nerek i dr\u00f3g moczowych,<\/b><\/li>\n<li><b>cukrzycy,<\/b><\/li>\n<li>oty\u0142o\u015bci,<\/li>\n<li>nadczynno\u015bci tarczycy,<\/li>\n<li>osteoporozy<\/li>\n<\/ul>\n<p><b>W inhalacjach\/p\u0142ukankach w celu leczenia:<\/b><\/p>\n<ul>\n<li><b>przewlek\u0142ych nie\u017cyt\u00f3w alergicznych g\u00f3rnych dr\u00f3g oddechowych,<\/b><\/li>\n<li>paradontozy,<\/li>\n<li>zanikowego nie\u017cytu \u015bluz\u00f3wek<\/li>\n<\/ul>\n<h2>Zalecane dawkowanie<\/h2>\n<p>W leczeniu \u2013 \u015bci\u015ble wed\u0142ug wskaza\u0144 lekarza. Profilaktycznie,&nbsp; ok. 500 \u2013 700 ml (w indywidualnych przypadkach wi\u0119cej) 3 x dziennie, 30-45 minut przed posi\u0142kiem. Nale\u017cy pi\u0107 powoli, ma\u0142ymi \u0142ykami, o temperaturze takiej jak\u0105 posiada na wyp\u0142ywie, gdy\u017c jej ogrzanie mo\u017ce skutkowa\u0107 utrat\u0105 wielu w\u0142a\u015bciwo\u015bci biochemicznych z powodu wytr\u0105cania si\u0119 niekt\u00f3rych sk\u0142adnik\u00f3w mineralnych.<\/p>\n<p>Wod\u0119 Jan mo\u017cna stosowa\u0107 w po\u0142\u0105czeniu z wod\u0105 Zuber, w stosunku 1:1 (100 ml : 100 ml) w leczeniu nie\u017cyt\u00f3w nadkwa\u015bnych oraz w stosunku 1:3 ( 100 ml wody Zuber : 50 ml wody Jan) w schorzeniach p\u0119cherzyka \u017c\u00f3\u0142ciowego, w\u0105troby, trzustki i przemiany materii. Celem zmniejszenia zawarto\u015bci dwutlenku w\u0119gla w wodzie, mieszank\u0119 w\u00f3d Zuber i Jan pijemy lekko podgrzan\u0105 w \u0142a\u017ani wodnej (ok. 40\u00b0C). W ten spos\u00f3b unikniemy podra\u017cnienia \u015bluz\u00f3wki i wzmo\u017cenia dzia\u0142ania \u017c\u00f3\u0142ciop\u0119dnego i \u017c\u00f3\u0142ciotw\u00f3rczego.<\/p>\n<p>Osad w wodzie jest zjawiskiem naturalnym.<\/p>\n<p>Na godzin\u0119 przed piciem nie nale\u017cy spo\u017cywa\u0107 surowych owoc\u00f3w i jarzyn.<\/p>\n","protected":false},"excerpt":{"rendered":"<p>Naturalna Woda Lecznicza Jan Zgrzewka 6szt Pojemno\u015b\u0107 butelki: 1.5L Jan jest silnie hipoosmotyczn\u0105 szczaw\u0105 wodorow\u0119glanowo-wapniow\u0105 z zawarto\u015bci\u0105 chlork\u00f3w, bardzo moczop\u0119dn\u0105, idealn\u0105 w&nbsp;leczeniu kamicy nerkowej. Stosowana r\u00f3wnie\u017c w leczeniu innych&nbsp;schorze\u0144 nerek i dr\u00f3g moczowych oraz mia\u017cd\u017cycy i cukrzycy&nbsp;(w po\u0142\u0105czeniu z wod\u0105 \u201eZuber\u201d) wydatnie&nbsp;obni\u017ca poziom cholesterolu i cukru we krwi. Rozpuszczone w wodzie sk\u0142adniki mineralne podane do [&hellip;]<\/p>\n","protected":false},"featured_media":4341,"comment_status":"open","ping_status":"closed","template":"","meta":[],"product_brand":[310],"product_cat":[116],"product_tag":[],"class_list":{"0":"post-4329","1":"product","2":"type-product","3":"status-publish","4":"has-post-thumbnail","6":"product_brand-jan","7":"product_cat-napoje-i-akcesoria","9":"first","10":"instock","11":"taxable","12":"shipping-taxable","13":"purchasable","14":"product-type-simple"},"yoast_head":"<!-- This site is optimized with the Yoast SEO plugin v27.3 - https:\/\/yoast.com\/product\/yoast-seo-wordpress\/ -->\n<title>Woda Lecznicza Jan oczyszczenie na Nerki Cukrzyc\u0119 Z\u0142ogi ZGRZEWKA 6x 1,5L - Mix Market - Supermarket z wszystkim co potrzeba<\/title>\n<meta name=\"robots\" content=\"index, follow, max-snippet:-1, max-image-preview:large, max-video-preview:-1\" \/>\n<link rel=\"canonical\" href=\"https:\/\/racom.com.pl\/index.php\/produkt\/woda-lecznicza-jan-oczyszczenie-na-nerki-cukrzyce-zlogi-zgrzewka-6x-15l\/\" \/>\n<meta property=\"og:locale\" content=\"pl_PL\" \/>\n<meta property=\"og:type\" content=\"article\" \/>\n<meta property=\"og:title\" content=\"Woda Lecznicza Jan oczyszczenie na Nerki Cukrzyc\u0119 Z\u0142ogi ZGRZEWKA 6x 1,5L - Mix Market - Supermarket z wszystkim co potrzeba\" \/>\n<meta property=\"og:description\" content=\"Naturalna Woda Lecznicza Jan Zgrzewka 6szt Pojemno\u015b\u0107 butelki: 1.5L Jan jest silnie hipoosmotyczn\u0105 szczaw\u0105 wodorow\u0119glanowo-wapniow\u0105 z zawarto\u015bci\u0105 chlork\u00f3w, bardzo moczop\u0119dn\u0105, idealn\u0105 w&nbsp;leczeniu kamicy nerkowej. Stosowana r\u00f3wnie\u017c w leczeniu innych&nbsp;schorze\u0144 nerek i dr\u00f3g moczowych oraz mia\u017cd\u017cycy i cukrzycy&nbsp;(w po\u0142\u0105czeniu z wod\u0105 \u201eZuber\u201d) wydatnie&nbsp;obni\u017ca poziom cholesterolu i cukru we krwi. Rozpuszczone w wodzie sk\u0142adniki mineralne podane do [&hellip;]\" \/>\n<meta property=\"og:url\" content=\"https:\/\/racom.com.pl\/index.php\/produkt\/woda-lecznicza-jan-oczyszczenie-na-nerki-cukrzyce-zlogi-zgrzewka-6x-15l\/\" \/>\n<meta property=\"og:site_name\" content=\"Mix Market - Supermarket z wszystkim co potrzeba\" \/>\n<meta name=\"twitter:card\" content=\"summary_large_image\" \/>\n<meta name=\"twitter:label1\" content=\"Szacowany czas czytania\" \/>\n\t<meta name=\"twitter:data1\" content=\"2 minuty\" \/>\n<script type=\"application\/ld+json\" class=\"yoast-schema-graph\">{\"@context\":\"https:\\\/\\\/schema.org\",\"@graph\":[{\"@type\":\"WebPage\",\"@id\":\"https:\\\/\\\/racom.com.pl\\\/index.php\\\/produkt\\\/woda-lecznicza-jan-oczyszczenie-na-nerki-cukrzyce-zlogi-zgrzewka-6x-15l\\\/\",\"url\":\"https:\\\/\\\/racom.com.pl\\\/index.php\\\/produkt\\\/woda-lecznicza-jan-oczyszczenie-na-nerki-cukrzyce-zlogi-zgrzewka-6x-15l\\\/\",\"name\":\"Woda Lecznicza Jan oczyszczenie na Nerki Cukrzyc\u0119 Z\u0142ogi ZGRZEWKA 6x 1,5L - Mix Market - Supermarket z wszystkim co potrzeba\",\"isPartOf\":{\"@id\":\"https:\\\/\\\/racom.com.pl\\\/#website\"},\"primaryImageOfPage\":{\"@id\":\"https:\\\/\\\/racom.com.pl\\\/index.php\\\/produkt\\\/woda-lecznicza-jan-oczyszczenie-na-nerki-cukrzyce-zlogi-zgrzewka-6x-15l\\\/#primaryimage\"},\"image\":{\"@id\":\"https:\\\/\\\/racom.com.pl\\\/index.php\\\/produkt\\\/woda-lecznicza-jan-oczyszczenie-na-nerki-cukrzyce-zlogi-zgrzewka-6x-15l\\\/#primaryimage\"},\"thumbnailUrl\":\"https:\\\/\\\/racom.com.pl\\\/wp-content\\\/uploads\\\/2026\\\/03\\\/allegro_69af1f1d253117.14523800_7a71bf7d40f38d7e9868b1c0a906.jpg\",\"datePublished\":\"2026-03-09T19:27:17+00:00\",\"breadcrumb\":{\"@id\":\"https:\\\/\\\/racom.com.pl\\\/index.php\\\/produkt\\\/woda-lecznicza-jan-oczyszczenie-na-nerki-cukrzyce-zlogi-zgrzewka-6x-15l\\\/#breadcrumb\"},\"inLanguage\":\"pl-PL\",\"potentialAction\":[{\"@type\":\"ReadAction\",\"target\":[\"https:\\\/\\\/racom.com.pl\\\/index.php\\\/produkt\\\/woda-lecznicza-jan-oczyszczenie-na-nerki-cukrzyce-zlogi-zgrzewka-6x-15l\\\/\"]}]},{\"@type\":\"ImageObject\",\"inLanguage\":\"pl-PL\",\"@id\":\"https:\\\/\\\/racom.com.pl\\\/index.php\\\/produkt\\\/woda-lecznicza-jan-oczyszczenie-na-nerki-cukrzyce-zlogi-zgrzewka-6x-15l\\\/#primaryimage\",\"url\":\"https:\\\/\\\/racom.com.pl\\\/wp-content\\\/uploads\\\/2026\\\/03\\\/allegro_69af1f1d253117.14523800_7a71bf7d40f38d7e9868b1c0a906.jpg\",\"contentUrl\":\"https:\\\/\\\/racom.com.pl\\\/wp-content\\\/uploads\\\/2026\\\/03\\\/allegro_69af1f1d253117.14523800_7a71bf7d40f38d7e9868b1c0a906.jpg\",\"width\":2365,\"height\":2365},{\"@type\":\"BreadcrumbList\",\"@id\":\"https:\\\/\\\/racom.com.pl\\\/index.php\\\/produkt\\\/woda-lecznicza-jan-oczyszczenie-na-nerki-cukrzyce-zlogi-zgrzewka-6x-15l\\\/#breadcrumb\",\"itemListElement\":[{\"@type\":\"ListItem\",\"position\":1,\"name\":\"Strona g\u0142\u00f3wna\",\"item\":\"https:\\\/\\\/racom.com.pl\\\/\"},{\"@type\":\"ListItem\",\"position\":2,\"name\":\"Sklep\",\"item\":\"https:\\\/\\\/racom.com.pl\\\/\"},{\"@type\":\"ListItem\",\"position\":3,\"name\":\"Woda Lecznicza Jan oczyszczenie na Nerki Cukrzyc\u0119 Z\u0142ogi ZGRZEWKA 6x 1,5L\"}]},{\"@type\":\"WebSite\",\"@id\":\"https:\\\/\\\/racom.com.pl\\\/#website\",\"url\":\"https:\\\/\\\/racom.com.pl\\\/\",\"name\":\"Mix Market - Supermarket z wszystkim co potrzeba do domu i nie tylko\",\"description\":\"\",\"publisher\":{\"@id\":\"https:\\\/\\\/racom.com.pl\\\/#organization\"},\"potentialAction\":[{\"@type\":\"SearchAction\",\"target\":{\"@type\":\"EntryPoint\",\"urlTemplate\":\"https:\\\/\\\/racom.com.pl\\\/?s={search_term_string}\"},\"query-input\":{\"@type\":\"PropertyValueSpecification\",\"valueRequired\":true,\"valueName\":\"search_term_string\"}}],\"inLanguage\":\"pl-PL\"},{\"@type\":\"Organization\",\"@id\":\"https:\\\/\\\/racom.com.pl\\\/#organization\",\"name\":\"Mix Market - Supermarket z wszystkim co potrzeba do domu i nie tylko\",\"url\":\"https:\\\/\\\/racom.com.pl\\\/\",\"logo\":{\"@type\":\"ImageObject\",\"inLanguage\":\"pl-PL\",\"@id\":\"https:\\\/\\\/racom.com.pl\\\/#\\\/schema\\\/logo\\\/image\\\/\",\"url\":\"https:\\\/\\\/racom.com.pl\\\/wp-content\\\/uploads\\\/2025\\\/07\\\/mixmarket_logo.png\",\"contentUrl\":\"https:\\\/\\\/racom.com.pl\\\/wp-content\\\/uploads\\\/2025\\\/07\\\/mixmarket_logo.png\",\"width\":1024,\"height\":1024,\"caption\":\"Mix Market - Supermarket z wszystkim co potrzeba do domu i nie tylko\"},\"image\":{\"@id\":\"https:\\\/\\\/racom.com.pl\\\/#\\\/schema\\\/logo\\\/image\\\/\"}}]}<\/script>\n<!-- \/ Yoast SEO plugin. -->","yoast_head_json":{"title":"Woda Lecznicza Jan oczyszczenie na Nerki Cukrzyc\u0119 Z\u0142ogi ZGRZEWKA 6x 1,5L - Mix Market - Supermarket z wszystkim co potrzeba","robots":{"index":"index","follow":"follow","max-snippet":"max-snippet:-1","max-image-preview":"max-image-preview:large","max-video-preview":"max-video-preview:-1"},"canonical":"https:\/\/racom.com.pl\/index.php\/produkt\/woda-lecznicza-jan-oczyszczenie-na-nerki-cukrzyce-zlogi-zgrzewka-6x-15l\/","og_locale":"pl_PL","og_type":"article","og_title":"Woda Lecznicza Jan oczyszczenie na Nerki Cukrzyc\u0119 Z\u0142ogi ZGRZEWKA 6x 1,5L - Mix Market - Supermarket z wszystkim co potrzeba","og_description":"Naturalna Woda Lecznicza Jan Zgrzewka 6szt Pojemno\u015b\u0107 butelki: 1.5L Jan jest silnie hipoosmotyczn\u0105 szczaw\u0105 wodorow\u0119glanowo-wapniow\u0105 z zawarto\u015bci\u0105 chlork\u00f3w, bardzo moczop\u0119dn\u0105, idealn\u0105 w&nbsp;leczeniu kamicy nerkowej. Stosowana r\u00f3wnie\u017c w leczeniu innych&nbsp;schorze\u0144 nerek i dr\u00f3g moczowych oraz mia\u017cd\u017cycy i cukrzycy&nbsp;(w po\u0142\u0105czeniu z wod\u0105 \u201eZuber\u201d) wydatnie&nbsp;obni\u017ca poziom cholesterolu i cukru we krwi. Rozpuszczone w wodzie sk\u0142adniki mineralne podane do [&hellip;]","og_url":"https:\/\/racom.com.pl\/index.php\/produkt\/woda-lecznicza-jan-oczyszczenie-na-nerki-cukrzyce-zlogi-zgrzewka-6x-15l\/","og_site_name":"Mix Market - Supermarket z wszystkim co potrzeba","twitter_card":"summary_large_image","twitter_misc":{"Szacowany czas czytania":"2 minuty"},"schema":{"@context":"https:\/\/schema.org","@graph":[{"@type":"WebPage","@id":"https:\/\/racom.com.pl\/index.php\/produkt\/woda-lecznicza-jan-oczyszczenie-na-nerki-cukrzyce-zlogi-zgrzewka-6x-15l\/","url":"https:\/\/racom.com.pl\/index.php\/produkt\/woda-lecznicza-jan-oczyszczenie-na-nerki-cukrzyce-zlogi-zgrzewka-6x-15l\/","name":"Woda Lecznicza Jan oczyszczenie na Nerki Cukrzyc\u0119 Z\u0142ogi ZGRZEWKA 6x 1,5L - Mix Market - Supermarket z wszystkim co potrzeba","isPartOf":{"@id":"https:\/\/racom.com.pl\/#website"},"primaryImageOfPage":{"@id":"https:\/\/racom.com.pl\/index.php\/produkt\/woda-lecznicza-jan-oczyszczenie-na-nerki-cukrzyce-zlogi-zgrzewka-6x-15l\/#primaryimage"},"image":{"@id":"https:\/\/racom.com.pl\/index.php\/produkt\/woda-lecznicza-jan-oczyszczenie-na-nerki-cukrzyce-zlogi-zgrzewka-6x-15l\/#primaryimage"},"thumbnailUrl":"https:\/\/racom.com.pl\/wp-content\/uploads\/2026\/03\/allegro_69af1f1d253117.14523800_7a71bf7d40f38d7e9868b1c0a906.jpg","datePublished":"2026-03-09T19:27:17+00:00","breadcrumb":{"@id":"https:\/\/racom.com.pl\/index.php\/produkt\/woda-lecznicza-jan-oczyszczenie-na-nerki-cukrzyce-zlogi-zgrzewka-6x-15l\/#breadcrumb"},"inLanguage":"pl-PL","potentialAction":[{"@type":"ReadAction","target":["https:\/\/racom.com.pl\/index.php\/produkt\/woda-lecznicza-jan-oczyszczenie-na-nerki-cukrzyce-zlogi-zgrzewka-6x-15l\/"]}]},{"@type":"ImageObject","inLanguage":"pl-PL","@id":"https:\/\/racom.com.pl\/index.php\/produkt\/woda-lecznicza-jan-oczyszczenie-na-nerki-cukrzyce-zlogi-zgrzewka-6x-15l\/#primaryimage","url":"https:\/\/racom.com.pl\/wp-content\/uploads\/2026\/03\/allegro_69af1f1d253117.14523800_7a71bf7d40f38d7e9868b1c0a906.jpg","contentUrl":"https:\/\/racom.com.pl\/wp-content\/uploads\/2026\/03\/allegro_69af1f1d253117.14523800_7a71bf7d40f38d7e9868b1c0a906.jpg","width":2365,"height":2365},{"@type":"BreadcrumbList","@id":"https:\/\/racom.com.pl\/index.php\/produkt\/woda-lecznicza-jan-oczyszczenie-na-nerki-cukrzyce-zlogi-zgrzewka-6x-15l\/#breadcrumb","itemListElement":[{"@type":"ListItem","position":1,"name":"Strona g\u0142\u00f3wna","item":"https:\/\/racom.com.pl\/"},{"@type":"ListItem","position":2,"name":"Sklep","item":"https:\/\/racom.com.pl\/"},{"@type":"ListItem","position":3,"name":"Woda Lecznicza Jan oczyszczenie na Nerki Cukrzyc\u0119 Z\u0142ogi ZGRZEWKA 6x 1,5L"}]},{"@type":"WebSite","@id":"https:\/\/racom.com.pl\/#website","url":"https:\/\/racom.com.pl\/","name":"Mix Market - Supermarket z wszystkim co potrzeba do domu i nie tylko","description":"","publisher":{"@id":"https:\/\/racom.com.pl\/#organization"},"potentialAction":[{"@type":"SearchAction","target":{"@type":"EntryPoint","urlTemplate":"https:\/\/racom.com.pl\/?s={search_term_string}"},"query-input":{"@type":"PropertyValueSpecification","valueRequired":true,"valueName":"search_term_string"}}],"inLanguage":"pl-PL"},{"@type":"Organization","@id":"https:\/\/racom.com.pl\/#organization","name":"Mix Market - Supermarket z wszystkim co potrzeba do domu i nie tylko","url":"https:\/\/racom.com.pl\/","logo":{"@type":"ImageObject","inLanguage":"pl-PL","@id":"https:\/\/racom.com.pl\/#\/schema\/logo\/image\/","url":"https:\/\/racom.com.pl\/wp-content\/uploads\/2025\/07\/mixmarket_logo.png","contentUrl":"https:\/\/racom.com.pl\/wp-content\/uploads\/2025\/07\/mixmarket_logo.png","width":1024,"height":1024,"caption":"Mix Market - Supermarket z wszystkim co potrzeba do domu i nie tylko"},"image":{"@id":"https:\/\/racom.com.pl\/#\/schema\/logo\/image\/"}}]}},"_links":{"self":[{"href":"https:\/\/racom.com.pl\/index.php\/wp-json\/wp\/v2\/product\/4329","targetHints":{"allow":["GET"]}}],"collection":[{"href":"https:\/\/racom.com.pl\/index.php\/wp-json\/wp\/v2\/product"}],"about":[{"href":"https:\/\/racom.com.pl\/index.php\/wp-json\/wp\/v2\/types\/product"}],"replies":[{"embeddable":true,"href":"https:\/\/racom.com.pl\/index.php\/wp-json\/wp\/v2\/comments?post=4329"}],"wp:featuredmedia":[{"embeddable":true,"href":"https:\/\/racom.com.pl\/index.php\/wp-json\/wp\/v2\/media\/4341"}],"wp:attachment":[{"href":"https:\/\/racom.com.pl\/index.php\/wp-json\/wp\/v2\/media?parent=4329"}],"wp:term":[{"taxonomy":"product_brand","embeddable":true,"href":"https:\/\/racom.com.pl\/index.php\/wp-json\/wp\/v2\/product_brand?post=4329"},{"taxonomy":"product_cat","embeddable":true,"href":"https:\/\/racom.com.pl\/index.php\/wp-json\/wp\/v2\/product_cat?post=4329"},{"taxonomy":"product_tag","embeddable":true,"href":"https:\/\/racom.com.pl\/index.php\/wp-json\/wp\/v2\/product_tag?post=4329"}],"curies":[{"name":"wp","href":"https:\/\/api.w.org\/{rel}","templated":true}]}}