{"id":4338,"date":"2026-03-09T20:27:24","date_gmt":"2026-03-09T19:27:24","guid":{"rendered":"https:\/\/racom.com.pl\/index.php\/produkt\/oryginalne-filtry-dji-nd-4-8-16-do-dji-mavic-air-2-zestaw-3szt\/"},"modified":"2026-03-09T20:27:24","modified_gmt":"2026-03-09T19:27:24","slug":"oryginalne-filtry-dji-nd-4-8-16-do-dji-mavic-air-2-zestaw-3szt","status":"publish","type":"product","link":"https:\/\/racom.com.pl\/index.php\/produkt\/oryginalne-filtry-dji-nd-4-8-16-do-dji-mavic-air-2-zestaw-3szt\/","title":{"rendered":"Oryginalne Filtry DJI ND 4\/8\/16 do DJI Mavic Air 2 Zestaw 3szt."},"content":{"rendered":"<h2>DJI Filtry ND 4\/8\/32 dla DJI Mavic Air 2<\/h2>\n<p>Zestaw trzech filtr\u00f3w ND (szarych) opracowany specjalnie dla drona Mavic Air 2 to doskona\u0142y wyb\u00f3r dla kreatywnych i wymagaj\u0105cych mi\u0142o\u015bnik\u00f3w filmowania. Filtry ND redukuj\u0105 ilo\u015b\u0107 \u015bwiat\u0142a docieraj\u0105cego do matrycy przez obiektyw, zapewniaj\u0105c wi\u0119ksz\u0105 kontrol\u0119 nad przys\u0142on\u0105 kamery, czasem ekspozycji i ustawieniami czu\u0142o\u015bci. Zosta\u0142y wykonane z wysokiej jako\u015bci szk\u0142a optycznego i nie wp\u0142ywaj\u0105 na wierno\u015b\u0107 odwzorowania kolor\u00f3w. Przemy\u015blany system mocowania u\u0142atwia b\u0142yskawiczn\u0105 zmian\u0119 filtr\u00f3w.<\/p>\n<p>&nbsp;<\/p>\n<ul>\n<li><b>Zastosowanie:<\/b> Dron DJI Mavic Air 2<\/li>\n<li><b>Dodatkowe informacje:<\/b> Zawarto\u015b\u0107 zestawu: etui, filtr ND4, ND8, ND32<\/li>\n<li><b>Kolor:<\/b> Czarny<\/li>\n<li><b>Wymiary:<\/b> 16 x 10 mm<\/li>\n<li><b>Waga:<\/b> 0.77 g (ka\u017cdy)<\/li>\n<\/ul>\n<ul>\n<li>Zestaw filtr\u00f3w ND do&nbsp;DJI Mavic Air 2<\/li>\n<li>Filtry: ND4, ND8, ND32<\/li>\n<li>Redukuj\u0105 ilo\u015b\u0107 \u015bwiat\u0142a o 2, 3, 5 EV<\/li>\n<li>Wysoka jako\u015b\u0107 optyczna<\/li>\n<li>Doskona\u0142a reprodukcja barw<\/li>\n<li>Wygodny system mocowania<\/li>\n<\/ul>\n","protected":false},"excerpt":{"rendered":"<p>DJI Filtry ND 4\/8\/32 dla DJI Mavic Air 2 Zestaw trzech filtr\u00f3w ND (szarych) opracowany specjalnie dla drona Mavic Air 2 to doskona\u0142y wyb\u00f3r dla kreatywnych i wymagaj\u0105cych mi\u0142o\u015bnik\u00f3w filmowania. Filtry ND redukuj\u0105 ilo\u015b\u0107 \u015bwiat\u0142a docieraj\u0105cego do matrycy przez obiektyw, zapewniaj\u0105c wi\u0119ksz\u0105 kontrol\u0119 nad przys\u0142on\u0105 kamery, czasem ekspozycji i ustawieniami czu\u0142o\u015bci. Zosta\u0142y wykonane z wysokiej [&hellip;]<\/p>\n","protected":false},"featured_media":4355,"comment_status":"open","ping_status":"closed","template":"","meta":[],"product_brand":[50],"product_cat":[312],"product_tag":[],"class_list":{"0":"post-4338","1":"product","2":"type-product","3":"status-publish","4":"has-post-thumbnail","6":"product_brand-dji","7":"product_cat-modelarstwo","9":"first","10":"instock","11":"taxable","12":"shipping-taxable","13":"purchasable","14":"product-type-simple"},"yoast_head":"<!-- This site is optimized with the Yoast SEO plugin v27.3 - https:\/\/yoast.com\/product\/yoast-seo-wordpress\/ -->\n<title>Oryginalne Filtry DJI ND 4\/8\/16 do DJI Mavic Air 2 Zestaw 3szt. - Mix Market - Supermarket z wszystkim co potrzeba<\/title>\n<meta name=\"robots\" content=\"index, follow, max-snippet:-1, max-image-preview:large, max-video-preview:-1\" \/>\n<link rel=\"canonical\" href=\"https:\/\/racom.com.pl\/index.php\/produkt\/oryginalne-filtry-dji-nd-4-8-16-do-dji-mavic-air-2-zestaw-3szt\/\" \/>\n<meta property=\"og:locale\" content=\"pl_PL\" \/>\n<meta property=\"og:type\" content=\"article\" \/>\n<meta property=\"og:title\" content=\"Oryginalne Filtry DJI ND 4\/8\/16 do DJI Mavic Air 2 Zestaw 3szt. - Mix Market - Supermarket z wszystkim co potrzeba\" \/>\n<meta property=\"og:description\" content=\"DJI Filtry ND 4\/8\/32 dla DJI Mavic Air 2 Zestaw trzech filtr\u00f3w ND (szarych) opracowany specjalnie dla drona Mavic Air 2 to doskona\u0142y wyb\u00f3r dla kreatywnych i wymagaj\u0105cych mi\u0142o\u015bnik\u00f3w filmowania. Filtry ND redukuj\u0105 ilo\u015b\u0107 \u015bwiat\u0142a docieraj\u0105cego do matrycy przez obiektyw, zapewniaj\u0105c wi\u0119ksz\u0105 kontrol\u0119 nad przys\u0142on\u0105 kamery, czasem ekspozycji i ustawieniami czu\u0142o\u015bci. Zosta\u0142y wykonane z wysokiej [&hellip;]\" \/>\n<meta property=\"og:url\" content=\"https:\/\/racom.com.pl\/index.php\/produkt\/oryginalne-filtry-dji-nd-4-8-16-do-dji-mavic-air-2-zestaw-3szt\/\" \/>\n<meta property=\"og:site_name\" content=\"Mix Market - Supermarket z wszystkim co potrzeba\" \/>\n<meta name=\"twitter:card\" content=\"summary_large_image\" \/>\n<meta name=\"twitter:label1\" content=\"Szacowany czas czytania\" \/>\n\t<meta name=\"twitter:data1\" content=\"1 minuta\" \/>\n<script type=\"application\/ld+json\" class=\"yoast-schema-graph\">{\"@context\":\"https:\\\/\\\/schema.org\",\"@graph\":[{\"@type\":\"WebPage\",\"@id\":\"https:\\\/\\\/racom.com.pl\\\/index.php\\\/produkt\\\/oryginalne-filtry-dji-nd-4-8-16-do-dji-mavic-air-2-zestaw-3szt\\\/\",\"url\":\"https:\\\/\\\/racom.com.pl\\\/index.php\\\/produkt\\\/oryginalne-filtry-dji-nd-4-8-16-do-dji-mavic-air-2-zestaw-3szt\\\/\",\"name\":\"Oryginalne Filtry DJI ND 4\\\/8\\\/16 do DJI Mavic Air 2 Zestaw 3szt. - Mix Market - Supermarket z wszystkim co potrzeba\",\"isPartOf\":{\"@id\":\"https:\\\/\\\/racom.com.pl\\\/#website\"},\"primaryImageOfPage\":{\"@id\":\"https:\\\/\\\/racom.com.pl\\\/index.php\\\/produkt\\\/oryginalne-filtry-dji-nd-4-8-16-do-dji-mavic-air-2-zestaw-3szt\\\/#primaryimage\"},\"image\":{\"@id\":\"https:\\\/\\\/racom.com.pl\\\/index.php\\\/produkt\\\/oryginalne-filtry-dji-nd-4-8-16-do-dji-mavic-air-2-zestaw-3szt\\\/#primaryimage\"},\"thumbnailUrl\":\"https:\\\/\\\/racom.com.pl\\\/wp-content\\\/uploads\\\/2026\\\/03\\\/allegro_69af1f2821e8c5.11015383_ddd272de480794f43307d3161d69.jpg\",\"datePublished\":\"2026-03-09T19:27:24+00:00\",\"breadcrumb\":{\"@id\":\"https:\\\/\\\/racom.com.pl\\\/index.php\\\/produkt\\\/oryginalne-filtry-dji-nd-4-8-16-do-dji-mavic-air-2-zestaw-3szt\\\/#breadcrumb\"},\"inLanguage\":\"pl-PL\",\"potentialAction\":[{\"@type\":\"ReadAction\",\"target\":[\"https:\\\/\\\/racom.com.pl\\\/index.php\\\/produkt\\\/oryginalne-filtry-dji-nd-4-8-16-do-dji-mavic-air-2-zestaw-3szt\\\/\"]}]},{\"@type\":\"ImageObject\",\"inLanguage\":\"pl-PL\",\"@id\":\"https:\\\/\\\/racom.com.pl\\\/index.php\\\/produkt\\\/oryginalne-filtry-dji-nd-4-8-16-do-dji-mavic-air-2-zestaw-3szt\\\/#primaryimage\",\"url\":\"https:\\\/\\\/racom.com.pl\\\/wp-content\\\/uploads\\\/2026\\\/03\\\/allegro_69af1f2821e8c5.11015383_ddd272de480794f43307d3161d69.jpg\",\"contentUrl\":\"https:\\\/\\\/racom.com.pl\\\/wp-content\\\/uploads\\\/2026\\\/03\\\/allegro_69af1f2821e8c5.11015383_ddd272de480794f43307d3161d69.jpg\",\"width\":1200,\"height\":800},{\"@type\":\"BreadcrumbList\",\"@id\":\"https:\\\/\\\/racom.com.pl\\\/index.php\\\/produkt\\\/oryginalne-filtry-dji-nd-4-8-16-do-dji-mavic-air-2-zestaw-3szt\\\/#breadcrumb\",\"itemListElement\":[{\"@type\":\"ListItem\",\"position\":1,\"name\":\"Strona g\u0142\u00f3wna\",\"item\":\"https:\\\/\\\/racom.com.pl\\\/\"},{\"@type\":\"ListItem\",\"position\":2,\"name\":\"Sklep\",\"item\":\"https:\\\/\\\/racom.com.pl\\\/\"},{\"@type\":\"ListItem\",\"position\":3,\"name\":\"Oryginalne Filtry DJI ND 4\\\/8\\\/16 do DJI Mavic Air 2 Zestaw 3szt.\"}]},{\"@type\":\"WebSite\",\"@id\":\"https:\\\/\\\/racom.com.pl\\\/#website\",\"url\":\"https:\\\/\\\/racom.com.pl\\\/\",\"name\":\"Mix Market - Supermarket z wszystkim co potrzeba do domu i nie tylko\",\"description\":\"\",\"publisher\":{\"@id\":\"https:\\\/\\\/racom.com.pl\\\/#organization\"},\"potentialAction\":[{\"@type\":\"SearchAction\",\"target\":{\"@type\":\"EntryPoint\",\"urlTemplate\":\"https:\\\/\\\/racom.com.pl\\\/?s={search_term_string}\"},\"query-input\":{\"@type\":\"PropertyValueSpecification\",\"valueRequired\":true,\"valueName\":\"search_term_string\"}}],\"inLanguage\":\"pl-PL\"},{\"@type\":\"Organization\",\"@id\":\"https:\\\/\\\/racom.com.pl\\\/#organization\",\"name\":\"Mix Market - Supermarket z wszystkim co potrzeba do domu i nie tylko\",\"url\":\"https:\\\/\\\/racom.com.pl\\\/\",\"logo\":{\"@type\":\"ImageObject\",\"inLanguage\":\"pl-PL\",\"@id\":\"https:\\\/\\\/racom.com.pl\\\/#\\\/schema\\\/logo\\\/image\\\/\",\"url\":\"https:\\\/\\\/racom.com.pl\\\/wp-content\\\/uploads\\\/2025\\\/07\\\/mixmarket_logo.png\",\"contentUrl\":\"https:\\\/\\\/racom.com.pl\\\/wp-content\\\/uploads\\\/2025\\\/07\\\/mixmarket_logo.png\",\"width\":1024,\"height\":1024,\"caption\":\"Mix Market - Supermarket z wszystkim co potrzeba do domu i nie tylko\"},\"image\":{\"@id\":\"https:\\\/\\\/racom.com.pl\\\/#\\\/schema\\\/logo\\\/image\\\/\"}}]}<\/script>\n<!-- \/ Yoast SEO plugin. -->","yoast_head_json":{"title":"Oryginalne Filtry DJI ND 4\/8\/16 do DJI Mavic Air 2 Zestaw 3szt. - Mix Market - Supermarket z wszystkim co potrzeba","robots":{"index":"index","follow":"follow","max-snippet":"max-snippet:-1","max-image-preview":"max-image-preview:large","max-video-preview":"max-video-preview:-1"},"canonical":"https:\/\/racom.com.pl\/index.php\/produkt\/oryginalne-filtry-dji-nd-4-8-16-do-dji-mavic-air-2-zestaw-3szt\/","og_locale":"pl_PL","og_type":"article","og_title":"Oryginalne Filtry DJI ND 4\/8\/16 do DJI Mavic Air 2 Zestaw 3szt. - Mix Market - Supermarket z wszystkim co potrzeba","og_description":"DJI Filtry ND 4\/8\/32 dla DJI Mavic Air 2 Zestaw trzech filtr\u00f3w ND (szarych) opracowany specjalnie dla drona Mavic Air 2 to doskona\u0142y wyb\u00f3r dla kreatywnych i wymagaj\u0105cych mi\u0142o\u015bnik\u00f3w filmowania. Filtry ND redukuj\u0105 ilo\u015b\u0107 \u015bwiat\u0142a docieraj\u0105cego do matrycy przez obiektyw, zapewniaj\u0105c wi\u0119ksz\u0105 kontrol\u0119 nad przys\u0142on\u0105 kamery, czasem ekspozycji i ustawieniami czu\u0142o\u015bci. Zosta\u0142y wykonane z wysokiej [&hellip;]","og_url":"https:\/\/racom.com.pl\/index.php\/produkt\/oryginalne-filtry-dji-nd-4-8-16-do-dji-mavic-air-2-zestaw-3szt\/","og_site_name":"Mix Market - Supermarket z wszystkim co potrzeba","twitter_card":"summary_large_image","twitter_misc":{"Szacowany czas czytania":"1 minuta"},"schema":{"@context":"https:\/\/schema.org","@graph":[{"@type":"WebPage","@id":"https:\/\/racom.com.pl\/index.php\/produkt\/oryginalne-filtry-dji-nd-4-8-16-do-dji-mavic-air-2-zestaw-3szt\/","url":"https:\/\/racom.com.pl\/index.php\/produkt\/oryginalne-filtry-dji-nd-4-8-16-do-dji-mavic-air-2-zestaw-3szt\/","name":"Oryginalne Filtry DJI ND 4\/8\/16 do DJI Mavic Air 2 Zestaw 3szt. - Mix Market - Supermarket z wszystkim co potrzeba","isPartOf":{"@id":"https:\/\/racom.com.pl\/#website"},"primaryImageOfPage":{"@id":"https:\/\/racom.com.pl\/index.php\/produkt\/oryginalne-filtry-dji-nd-4-8-16-do-dji-mavic-air-2-zestaw-3szt\/#primaryimage"},"image":{"@id":"https:\/\/racom.com.pl\/index.php\/produkt\/oryginalne-filtry-dji-nd-4-8-16-do-dji-mavic-air-2-zestaw-3szt\/#primaryimage"},"thumbnailUrl":"https:\/\/racom.com.pl\/wp-content\/uploads\/2026\/03\/allegro_69af1f2821e8c5.11015383_ddd272de480794f43307d3161d69.jpg","datePublished":"2026-03-09T19:27:24+00:00","breadcrumb":{"@id":"https:\/\/racom.com.pl\/index.php\/produkt\/oryginalne-filtry-dji-nd-4-8-16-do-dji-mavic-air-2-zestaw-3szt\/#breadcrumb"},"inLanguage":"pl-PL","potentialAction":[{"@type":"ReadAction","target":["https:\/\/racom.com.pl\/index.php\/produkt\/oryginalne-filtry-dji-nd-4-8-16-do-dji-mavic-air-2-zestaw-3szt\/"]}]},{"@type":"ImageObject","inLanguage":"pl-PL","@id":"https:\/\/racom.com.pl\/index.php\/produkt\/oryginalne-filtry-dji-nd-4-8-16-do-dji-mavic-air-2-zestaw-3szt\/#primaryimage","url":"https:\/\/racom.com.pl\/wp-content\/uploads\/2026\/03\/allegro_69af1f2821e8c5.11015383_ddd272de480794f43307d3161d69.jpg","contentUrl":"https:\/\/racom.com.pl\/wp-content\/uploads\/2026\/03\/allegro_69af1f2821e8c5.11015383_ddd272de480794f43307d3161d69.jpg","width":1200,"height":800},{"@type":"BreadcrumbList","@id":"https:\/\/racom.com.pl\/index.php\/produkt\/oryginalne-filtry-dji-nd-4-8-16-do-dji-mavic-air-2-zestaw-3szt\/#breadcrumb","itemListElement":[{"@type":"ListItem","position":1,"name":"Strona g\u0142\u00f3wna","item":"https:\/\/racom.com.pl\/"},{"@type":"ListItem","position":2,"name":"Sklep","item":"https:\/\/racom.com.pl\/"},{"@type":"ListItem","position":3,"name":"Oryginalne Filtry DJI ND 4\/8\/16 do DJI Mavic Air 2 Zestaw 3szt."}]},{"@type":"WebSite","@id":"https:\/\/racom.com.pl\/#website","url":"https:\/\/racom.com.pl\/","name":"Mix Market - Supermarket z wszystkim co potrzeba do domu i nie tylko","description":"","publisher":{"@id":"https:\/\/racom.com.pl\/#organization"},"potentialAction":[{"@type":"SearchAction","target":{"@type":"EntryPoint","urlTemplate":"https:\/\/racom.com.pl\/?s={search_term_string}"},"query-input":{"@type":"PropertyValueSpecification","valueRequired":true,"valueName":"search_term_string"}}],"inLanguage":"pl-PL"},{"@type":"Organization","@id":"https:\/\/racom.com.pl\/#organization","name":"Mix Market - Supermarket z wszystkim co potrzeba do domu i nie tylko","url":"https:\/\/racom.com.pl\/","logo":{"@type":"ImageObject","inLanguage":"pl-PL","@id":"https:\/\/racom.com.pl\/#\/schema\/logo\/image\/","url":"https:\/\/racom.com.pl\/wp-content\/uploads\/2025\/07\/mixmarket_logo.png","contentUrl":"https:\/\/racom.com.pl\/wp-content\/uploads\/2025\/07\/mixmarket_logo.png","width":1024,"height":1024,"caption":"Mix Market - Supermarket z wszystkim co potrzeba do domu i nie tylko"},"image":{"@id":"https:\/\/racom.com.pl\/#\/schema\/logo\/image\/"}}]}},"_links":{"self":[{"href":"https:\/\/racom.com.pl\/index.php\/wp-json\/wp\/v2\/product\/4338","targetHints":{"allow":["GET"]}}],"collection":[{"href":"https:\/\/racom.com.pl\/index.php\/wp-json\/wp\/v2\/product"}],"about":[{"href":"https:\/\/racom.com.pl\/index.php\/wp-json\/wp\/v2\/types\/product"}],"replies":[{"embeddable":true,"href":"https:\/\/racom.com.pl\/index.php\/wp-json\/wp\/v2\/comments?post=4338"}],"wp:featuredmedia":[{"embeddable":true,"href":"https:\/\/racom.com.pl\/index.php\/wp-json\/wp\/v2\/media\/4355"}],"wp:attachment":[{"href":"https:\/\/racom.com.pl\/index.php\/wp-json\/wp\/v2\/media?parent=4338"}],"wp:term":[{"taxonomy":"product_brand","embeddable":true,"href":"https:\/\/racom.com.pl\/index.php\/wp-json\/wp\/v2\/product_brand?post=4338"},{"taxonomy":"product_cat","embeddable":true,"href":"https:\/\/racom.com.pl\/index.php\/wp-json\/wp\/v2\/product_cat?post=4338"},{"taxonomy":"product_tag","embeddable":true,"href":"https:\/\/racom.com.pl\/index.php\/wp-json\/wp\/v2\/product_tag?post=4338"}],"curies":[{"name":"wp","href":"https:\/\/api.w.org\/{rel}","templated":true}]}}