{"id":4344,"date":"2026-03-09T20:27:29","date_gmt":"2026-03-09T19:27:29","guid":{"rendered":"https:\/\/racom.com.pl\/index.php\/produkt\/kinley-purple-tonic-napoj-gazowany-smoczy-owoc-guawa-hibiskus-12x1l\/"},"modified":"2026-03-09T20:27:29","modified_gmt":"2026-03-09T19:27:29","slug":"kinley-purple-tonic-napoj-gazowany-smoczy-owoc-guawa-hibiskus-12x1l","status":"publish","type":"product","link":"https:\/\/racom.com.pl\/index.php\/produkt\/kinley-purple-tonic-napoj-gazowany-smoczy-owoc-guawa-hibiskus-12x1l\/","title":{"rendered":"Kinley Purple Tonic Nap\u00f3j gazowany smoczy owoc guawa hibiskus 12x1l"},"content":{"rendered":"<h2>12x Kinley Purpler Tonic Nap\u00f3j gazowany smoczy owoc guawa hibiskus 1l<\/h2>\n<p>Zgrzewka 12szt (\u0142\u0105cznie 12 litr\u00f3w).<\/p>\n<p>Kinley nie pod\u0105\u017ca utartymi \u015bcie\u017ckami \u2013 wyznacza w\u0142asne. Z ka\u017cdym \u0142ykiem na nowo definiujemy, czym mo\u017ce by\u0107 nap\u00f3j premium, \u0142\u0105cz\u0105c nieoczywiste i ekscytuj\u0105ce nuty smakowe w ka\u017cdej wersji napoju Kinley. Dzi\u0119ki po\u0142\u0105czeniu zio\u0142owych, korzennych i kwiatowych nut Kinley zaskakuje niepowtarzalnym smakiem \u2013 idealnym na wieczory, gdy masz ochot\u0119 na co\u015b wi\u0119cej ni\u017c zwyk\u0142y nap\u00f3j.<\/p>\n<p>Si\u0119gnij po Kinley Purple i daj si\u0119 zaskoczy\u0107. Orze\u017awiaj\u0105cy, \u015bmia\u0142y nap\u00f3j, w kt\u00f3rym egzotyczne nuty smoczego owocu i guawy harmonijnie \u0142\u0105cz\u0105 si\u0119 z wyrazist\u0105 czarn\u0105 porzeczk\u0105 i subtelnym hibiskusem \u2013 prawdziwa ucieczka od zwyczajno\u015bci.<\/p>\n<p>Oto co wyr\u00f3\u017cnia Kinley. Gdy inni trzymaj\u0105 si\u0119 schemat\u00f3w, my je prze\u0142amujemy, dostarczaj\u0105c smaki, kt\u00f3re zaskakuj\u0105 i inspiruj\u0105, zamieniaj\u0105c zwyk\u0142e chwile w niezwyk\u0142e momenty.<\/p>\n<h2>Kinley Purple to wyj\u0105tkowe po\u0142\u0105czenie tropikalnych nut smoczego owocu, guawy, czarnej porzeczki i hibiskusa, kt\u00f3re nadaje orze\u017awieniu nowy wymiar.<\/h2>\n<p>To intryguj\u0105cy nap\u00f3j, w kt\u00f3rym egzotyczna s\u0142odycz smoczego owocu i guawy harmonijnie \u0142\u0105czy si\u0119 z g\u0142\u0119bi\u0105 czarnej porzeczki i subtelnym akcentem hibiskusa \u2013 smak, kt\u00f3ry wykracza poza utarte schematy. Nieoczywiste po\u0142\u0105czenie intensywnych owocowych akcent\u00f3w i botanicznej g\u0142\u0119bi sprawia, \u017ce ka\u017cdy \u0142yk staje si\u0119 nowym do\u015bwiadczeniem.<\/p>\n<p>Kinley to nie tylko nap\u00f3j \u2013 to wyj\u0105tkowa chwila, kt\u00f3r\u0105 warto celebrowa\u0107. Kinley powsta\u0142 z przekonania, \u017ce wieczory zas\u0142uguj\u0105 na co\u015b wyj\u0105tkowego. Zawsze chodzi\u0142o w nim o wi\u0119cej ni\u017c sam smak. Liczy si\u0119 do\u015bwiadczenie \u2013 niezale\u017cnie od tego, czy pijesz go samego, czy w po\u0142\u0105czeniu z alkoholem premium. Ka\u017cdy \u0142yk prze\u0142amuje zwyczajno\u015b\u0107.<\/p>\n<p>Kinley czerpie z najlepszych tradycji miksologii, \u0142\u0105cz\u0105c klasyczne receptury z nut\u0105 nieoczywisto\u015bci. To celebracja smaku \u2013 wywa\u017conego, pe\u0142nego niuans\u00f3w i zawsze wyrazistego. Kinley to odpowied\u017a dla tych, kt\u00f3rzy oczekuj\u0105 czego\u015b wi\u0119cej ni\u017c zwyk\u0142ego orze\u017awienia. To nap\u00f3j, kt\u00f3ry podkre\u015bla wyj\u0105tkowy charakter ka\u017cdej chwili, dodaj\u0105c lekko\u015bci spotkaniom i lu\u017anym rozmowom.<\/p>\n<p>U podstaw Kinley le\u017cy sztuka botaniki. Trawa cytrynowa, lawenda, ja\u015bmin i wanilia \u2013 ka\u017cda nuta smakowa zosta\u0142a starannie dobrana, by wnie\u015b\u0107 do kompozycji sw\u00f3j unikalny charakter. Razem tworz\u0105 chwile pe\u0142ne smaku, kt\u00f3re zar\u00f3wno zaskakuj\u0105, jak i zachwycaj\u0105. Tu nie chodzi tylko o smak \u2013 to do\u015bwiadczenie, kt\u00f3re za ka\u017cdym razem odkrywa przed Tob\u0105 co\u015b nowego.<\/p>\n<p>Wszechstronny, dopracowany i stworzony dla tych, kt\u00f3rzy nie id\u0105 na kompromisy. Ka\u017cdy wariant Kinley zosta\u0142 starannie dobrany, przetestowany i dopasowany do rodzaj\u00f3w konkretnych alkoholi, by wydoby\u0107 z nich to, co najlepsze. Dzi\u0119ki 100% naturalnym smakom i wariantom bez dodatku cukru Kinley na nowo definiuje, czym powinien by\u0107 nap\u00f3j.<\/p>\n","protected":false},"excerpt":{"rendered":"<p>12x Kinley Purpler Tonic Nap\u00f3j gazowany smoczy owoc guawa hibiskus 1l Zgrzewka 12szt (\u0142\u0105cznie 12 litr\u00f3w). Kinley nie pod\u0105\u017ca utartymi \u015bcie\u017ckami \u2013 wyznacza w\u0142asne. Z ka\u017cdym \u0142ykiem na nowo definiujemy, czym mo\u017ce by\u0107 nap\u00f3j premium, \u0142\u0105cz\u0105c nieoczywiste i ekscytuj\u0105ce nuty smakowe w ka\u017cdej wersji napoju Kinley. Dzi\u0119ki po\u0142\u0105czeniu zio\u0142owych, korzennych i kwiatowych nut Kinley zaskakuje [&hellip;]<\/p>\n","protected":false},"featured_media":4354,"comment_status":"open","ping_status":"closed","template":"","meta":[],"product_brand":[197],"product_cat":[116],"product_tag":[],"class_list":{"0":"post-4344","1":"product","2":"type-product","3":"status-publish","4":"has-post-thumbnail","6":"product_brand-kinley","7":"product_cat-napoje-i-akcesoria","9":"first","10":"instock","11":"taxable","12":"shipping-taxable","13":"purchasable","14":"product-type-simple"},"yoast_head":"<!-- This site is optimized with the Yoast SEO plugin v27.3 - https:\/\/yoast.com\/product\/yoast-seo-wordpress\/ -->\n<title>Kinley Purple Tonic Nap\u00f3j gazowany smoczy owoc guawa hibiskus 12x1l - Mix Market - Supermarket z wszystkim co potrzeba<\/title>\n<meta name=\"robots\" content=\"index, follow, max-snippet:-1, max-image-preview:large, max-video-preview:-1\" \/>\n<link rel=\"canonical\" href=\"https:\/\/racom.com.pl\/index.php\/produkt\/kinley-purple-tonic-napoj-gazowany-smoczy-owoc-guawa-hibiskus-12x1l\/\" \/>\n<meta property=\"og:locale\" content=\"pl_PL\" \/>\n<meta property=\"og:type\" content=\"article\" \/>\n<meta property=\"og:title\" content=\"Kinley Purple Tonic Nap\u00f3j gazowany smoczy owoc guawa hibiskus 12x1l - Mix Market - Supermarket z wszystkim co potrzeba\" \/>\n<meta property=\"og:description\" content=\"12x Kinley Purpler Tonic Nap\u00f3j gazowany smoczy owoc guawa hibiskus 1l Zgrzewka 12szt (\u0142\u0105cznie 12 litr\u00f3w). Kinley nie pod\u0105\u017ca utartymi \u015bcie\u017ckami \u2013 wyznacza w\u0142asne. Z ka\u017cdym \u0142ykiem na nowo definiujemy, czym mo\u017ce by\u0107 nap\u00f3j premium, \u0142\u0105cz\u0105c nieoczywiste i ekscytuj\u0105ce nuty smakowe w ka\u017cdej wersji napoju Kinley. Dzi\u0119ki po\u0142\u0105czeniu zio\u0142owych, korzennych i kwiatowych nut Kinley zaskakuje [&hellip;]\" \/>\n<meta property=\"og:url\" content=\"https:\/\/racom.com.pl\/index.php\/produkt\/kinley-purple-tonic-napoj-gazowany-smoczy-owoc-guawa-hibiskus-12x1l\/\" \/>\n<meta property=\"og:site_name\" content=\"Mix Market - Supermarket z wszystkim co potrzeba\" \/>\n<meta name=\"twitter:card\" content=\"summary_large_image\" \/>\n<meta name=\"twitter:label1\" content=\"Szacowany czas czytania\" \/>\n\t<meta name=\"twitter:data1\" content=\"2 minuty\" \/>\n<script type=\"application\/ld+json\" class=\"yoast-schema-graph\">{\"@context\":\"https:\\\/\\\/schema.org\",\"@graph\":[{\"@type\":\"WebPage\",\"@id\":\"https:\\\/\\\/racom.com.pl\\\/index.php\\\/produkt\\\/kinley-purple-tonic-napoj-gazowany-smoczy-owoc-guawa-hibiskus-12x1l\\\/\",\"url\":\"https:\\\/\\\/racom.com.pl\\\/index.php\\\/produkt\\\/kinley-purple-tonic-napoj-gazowany-smoczy-owoc-guawa-hibiskus-12x1l\\\/\",\"name\":\"Kinley Purple Tonic Nap\u00f3j gazowany smoczy owoc guawa hibiskus 12x1l - Mix Market - Supermarket z wszystkim co potrzeba\",\"isPartOf\":{\"@id\":\"https:\\\/\\\/racom.com.pl\\\/#website\"},\"primaryImageOfPage\":{\"@id\":\"https:\\\/\\\/racom.com.pl\\\/index.php\\\/produkt\\\/kinley-purple-tonic-napoj-gazowany-smoczy-owoc-guawa-hibiskus-12x1l\\\/#primaryimage\"},\"image\":{\"@id\":\"https:\\\/\\\/racom.com.pl\\\/index.php\\\/produkt\\\/kinley-purple-tonic-napoj-gazowany-smoczy-owoc-guawa-hibiskus-12x1l\\\/#primaryimage\"},\"thumbnailUrl\":\"https:\\\/\\\/racom.com.pl\\\/wp-content\\\/uploads\\\/2026\\\/03\\\/allegro_69af1f268981e1.26171537_0989a43c444395da51fadcf2f141.jpg\",\"datePublished\":\"2026-03-09T19:27:29+00:00\",\"breadcrumb\":{\"@id\":\"https:\\\/\\\/racom.com.pl\\\/index.php\\\/produkt\\\/kinley-purple-tonic-napoj-gazowany-smoczy-owoc-guawa-hibiskus-12x1l\\\/#breadcrumb\"},\"inLanguage\":\"pl-PL\",\"potentialAction\":[{\"@type\":\"ReadAction\",\"target\":[\"https:\\\/\\\/racom.com.pl\\\/index.php\\\/produkt\\\/kinley-purple-tonic-napoj-gazowany-smoczy-owoc-guawa-hibiskus-12x1l\\\/\"]}]},{\"@type\":\"ImageObject\",\"inLanguage\":\"pl-PL\",\"@id\":\"https:\\\/\\\/racom.com.pl\\\/index.php\\\/produkt\\\/kinley-purple-tonic-napoj-gazowany-smoczy-owoc-guawa-hibiskus-12x1l\\\/#primaryimage\",\"url\":\"https:\\\/\\\/racom.com.pl\\\/wp-content\\\/uploads\\\/2026\\\/03\\\/allegro_69af1f268981e1.26171537_0989a43c444395da51fadcf2f141.jpg\",\"contentUrl\":\"https:\\\/\\\/racom.com.pl\\\/wp-content\\\/uploads\\\/2026\\\/03\\\/allegro_69af1f268981e1.26171537_0989a43c444395da51fadcf2f141.jpg\",\"width\":2365,\"height\":2365},{\"@type\":\"BreadcrumbList\",\"@id\":\"https:\\\/\\\/racom.com.pl\\\/index.php\\\/produkt\\\/kinley-purple-tonic-napoj-gazowany-smoczy-owoc-guawa-hibiskus-12x1l\\\/#breadcrumb\",\"itemListElement\":[{\"@type\":\"ListItem\",\"position\":1,\"name\":\"Strona g\u0142\u00f3wna\",\"item\":\"https:\\\/\\\/racom.com.pl\\\/\"},{\"@type\":\"ListItem\",\"position\":2,\"name\":\"Sklep\",\"item\":\"https:\\\/\\\/racom.com.pl\\\/\"},{\"@type\":\"ListItem\",\"position\":3,\"name\":\"Kinley Purple Tonic Nap\u00f3j gazowany smoczy owoc guawa hibiskus 12x1l\"}]},{\"@type\":\"WebSite\",\"@id\":\"https:\\\/\\\/racom.com.pl\\\/#website\",\"url\":\"https:\\\/\\\/racom.com.pl\\\/\",\"name\":\"Mix Market - Supermarket z wszystkim co potrzeba do domu i nie tylko\",\"description\":\"\",\"publisher\":{\"@id\":\"https:\\\/\\\/racom.com.pl\\\/#organization\"},\"potentialAction\":[{\"@type\":\"SearchAction\",\"target\":{\"@type\":\"EntryPoint\",\"urlTemplate\":\"https:\\\/\\\/racom.com.pl\\\/?s={search_term_string}\"},\"query-input\":{\"@type\":\"PropertyValueSpecification\",\"valueRequired\":true,\"valueName\":\"search_term_string\"}}],\"inLanguage\":\"pl-PL\"},{\"@type\":\"Organization\",\"@id\":\"https:\\\/\\\/racom.com.pl\\\/#organization\",\"name\":\"Mix Market - Supermarket z wszystkim co potrzeba do domu i nie tylko\",\"url\":\"https:\\\/\\\/racom.com.pl\\\/\",\"logo\":{\"@type\":\"ImageObject\",\"inLanguage\":\"pl-PL\",\"@id\":\"https:\\\/\\\/racom.com.pl\\\/#\\\/schema\\\/logo\\\/image\\\/\",\"url\":\"https:\\\/\\\/racom.com.pl\\\/wp-content\\\/uploads\\\/2025\\\/07\\\/mixmarket_logo.png\",\"contentUrl\":\"https:\\\/\\\/racom.com.pl\\\/wp-content\\\/uploads\\\/2025\\\/07\\\/mixmarket_logo.png\",\"width\":1024,\"height\":1024,\"caption\":\"Mix Market - Supermarket z wszystkim co potrzeba do domu i nie tylko\"},\"image\":{\"@id\":\"https:\\\/\\\/racom.com.pl\\\/#\\\/schema\\\/logo\\\/image\\\/\"}}]}<\/script>\n<!-- \/ Yoast SEO plugin. -->","yoast_head_json":{"title":"Kinley Purple Tonic Nap\u00f3j gazowany smoczy owoc guawa hibiskus 12x1l - Mix Market - Supermarket z wszystkim co potrzeba","robots":{"index":"index","follow":"follow","max-snippet":"max-snippet:-1","max-image-preview":"max-image-preview:large","max-video-preview":"max-video-preview:-1"},"canonical":"https:\/\/racom.com.pl\/index.php\/produkt\/kinley-purple-tonic-napoj-gazowany-smoczy-owoc-guawa-hibiskus-12x1l\/","og_locale":"pl_PL","og_type":"article","og_title":"Kinley Purple Tonic Nap\u00f3j gazowany smoczy owoc guawa hibiskus 12x1l - Mix Market - Supermarket z wszystkim co potrzeba","og_description":"12x Kinley Purpler Tonic Nap\u00f3j gazowany smoczy owoc guawa hibiskus 1l Zgrzewka 12szt (\u0142\u0105cznie 12 litr\u00f3w). Kinley nie pod\u0105\u017ca utartymi \u015bcie\u017ckami \u2013 wyznacza w\u0142asne. Z ka\u017cdym \u0142ykiem na nowo definiujemy, czym mo\u017ce by\u0107 nap\u00f3j premium, \u0142\u0105cz\u0105c nieoczywiste i ekscytuj\u0105ce nuty smakowe w ka\u017cdej wersji napoju Kinley. Dzi\u0119ki po\u0142\u0105czeniu zio\u0142owych, korzennych i kwiatowych nut Kinley zaskakuje [&hellip;]","og_url":"https:\/\/racom.com.pl\/index.php\/produkt\/kinley-purple-tonic-napoj-gazowany-smoczy-owoc-guawa-hibiskus-12x1l\/","og_site_name":"Mix Market - Supermarket z wszystkim co potrzeba","twitter_card":"summary_large_image","twitter_misc":{"Szacowany czas czytania":"2 minuty"},"schema":{"@context":"https:\/\/schema.org","@graph":[{"@type":"WebPage","@id":"https:\/\/racom.com.pl\/index.php\/produkt\/kinley-purple-tonic-napoj-gazowany-smoczy-owoc-guawa-hibiskus-12x1l\/","url":"https:\/\/racom.com.pl\/index.php\/produkt\/kinley-purple-tonic-napoj-gazowany-smoczy-owoc-guawa-hibiskus-12x1l\/","name":"Kinley Purple Tonic Nap\u00f3j gazowany smoczy owoc guawa hibiskus 12x1l - Mix Market - Supermarket z wszystkim co potrzeba","isPartOf":{"@id":"https:\/\/racom.com.pl\/#website"},"primaryImageOfPage":{"@id":"https:\/\/racom.com.pl\/index.php\/produkt\/kinley-purple-tonic-napoj-gazowany-smoczy-owoc-guawa-hibiskus-12x1l\/#primaryimage"},"image":{"@id":"https:\/\/racom.com.pl\/index.php\/produkt\/kinley-purple-tonic-napoj-gazowany-smoczy-owoc-guawa-hibiskus-12x1l\/#primaryimage"},"thumbnailUrl":"https:\/\/racom.com.pl\/wp-content\/uploads\/2026\/03\/allegro_69af1f268981e1.26171537_0989a43c444395da51fadcf2f141.jpg","datePublished":"2026-03-09T19:27:29+00:00","breadcrumb":{"@id":"https:\/\/racom.com.pl\/index.php\/produkt\/kinley-purple-tonic-napoj-gazowany-smoczy-owoc-guawa-hibiskus-12x1l\/#breadcrumb"},"inLanguage":"pl-PL","potentialAction":[{"@type":"ReadAction","target":["https:\/\/racom.com.pl\/index.php\/produkt\/kinley-purple-tonic-napoj-gazowany-smoczy-owoc-guawa-hibiskus-12x1l\/"]}]},{"@type":"ImageObject","inLanguage":"pl-PL","@id":"https:\/\/racom.com.pl\/index.php\/produkt\/kinley-purple-tonic-napoj-gazowany-smoczy-owoc-guawa-hibiskus-12x1l\/#primaryimage","url":"https:\/\/racom.com.pl\/wp-content\/uploads\/2026\/03\/allegro_69af1f268981e1.26171537_0989a43c444395da51fadcf2f141.jpg","contentUrl":"https:\/\/racom.com.pl\/wp-content\/uploads\/2026\/03\/allegro_69af1f268981e1.26171537_0989a43c444395da51fadcf2f141.jpg","width":2365,"height":2365},{"@type":"BreadcrumbList","@id":"https:\/\/racom.com.pl\/index.php\/produkt\/kinley-purple-tonic-napoj-gazowany-smoczy-owoc-guawa-hibiskus-12x1l\/#breadcrumb","itemListElement":[{"@type":"ListItem","position":1,"name":"Strona g\u0142\u00f3wna","item":"https:\/\/racom.com.pl\/"},{"@type":"ListItem","position":2,"name":"Sklep","item":"https:\/\/racom.com.pl\/"},{"@type":"ListItem","position":3,"name":"Kinley Purple Tonic Nap\u00f3j gazowany smoczy owoc guawa hibiskus 12x1l"}]},{"@type":"WebSite","@id":"https:\/\/racom.com.pl\/#website","url":"https:\/\/racom.com.pl\/","name":"Mix Market - Supermarket z wszystkim co potrzeba do domu i nie tylko","description":"","publisher":{"@id":"https:\/\/racom.com.pl\/#organization"},"potentialAction":[{"@type":"SearchAction","target":{"@type":"EntryPoint","urlTemplate":"https:\/\/racom.com.pl\/?s={search_term_string}"},"query-input":{"@type":"PropertyValueSpecification","valueRequired":true,"valueName":"search_term_string"}}],"inLanguage":"pl-PL"},{"@type":"Organization","@id":"https:\/\/racom.com.pl\/#organization","name":"Mix Market - Supermarket z wszystkim co potrzeba do domu i nie tylko","url":"https:\/\/racom.com.pl\/","logo":{"@type":"ImageObject","inLanguage":"pl-PL","@id":"https:\/\/racom.com.pl\/#\/schema\/logo\/image\/","url":"https:\/\/racom.com.pl\/wp-content\/uploads\/2025\/07\/mixmarket_logo.png","contentUrl":"https:\/\/racom.com.pl\/wp-content\/uploads\/2025\/07\/mixmarket_logo.png","width":1024,"height":1024,"caption":"Mix Market - Supermarket z wszystkim co potrzeba do domu i nie tylko"},"image":{"@id":"https:\/\/racom.com.pl\/#\/schema\/logo\/image\/"}}]}},"_links":{"self":[{"href":"https:\/\/racom.com.pl\/index.php\/wp-json\/wp\/v2\/product\/4344","targetHints":{"allow":["GET"]}}],"collection":[{"href":"https:\/\/racom.com.pl\/index.php\/wp-json\/wp\/v2\/product"}],"about":[{"href":"https:\/\/racom.com.pl\/index.php\/wp-json\/wp\/v2\/types\/product"}],"replies":[{"embeddable":true,"href":"https:\/\/racom.com.pl\/index.php\/wp-json\/wp\/v2\/comments?post=4344"}],"wp:featuredmedia":[{"embeddable":true,"href":"https:\/\/racom.com.pl\/index.php\/wp-json\/wp\/v2\/media\/4354"}],"wp:attachment":[{"href":"https:\/\/racom.com.pl\/index.php\/wp-json\/wp\/v2\/media?parent=4344"}],"wp:term":[{"taxonomy":"product_brand","embeddable":true,"href":"https:\/\/racom.com.pl\/index.php\/wp-json\/wp\/v2\/product_brand?post=4344"},{"taxonomy":"product_cat","embeddable":true,"href":"https:\/\/racom.com.pl\/index.php\/wp-json\/wp\/v2\/product_cat?post=4344"},{"taxonomy":"product_tag","embeddable":true,"href":"https:\/\/racom.com.pl\/index.php\/wp-json\/wp\/v2\/product_tag?post=4344"}],"curies":[{"name":"wp","href":"https:\/\/api.w.org\/{rel}","templated":true}]}}