{"id":4359,"date":"2026-03-09T20:27:38","date_gmt":"2026-03-09T19:27:38","guid":{"rendered":"https:\/\/racom.com.pl\/index.php\/produkt\/8x-pepsi-napoj-gazowany-o-smaku-coli-2l-zgrzewka-krotki-termin\/"},"modified":"2026-03-09T20:27:38","modified_gmt":"2026-03-09T19:27:38","slug":"8x-pepsi-napoj-gazowany-o-smaku-coli-2l-zgrzewka-krotki-termin","status":"publish","type":"product","link":"https:\/\/racom.com.pl\/index.php\/produkt\/8x-pepsi-napoj-gazowany-o-smaku-coli-2l-zgrzewka-krotki-termin\/","title":{"rendered":"8x PEPSI Nap\u00f3j Gazowany o smaku coli 2L Zgrzewka KR\u00d3TKI TERMIN"},"content":{"rendered":"<h2>8x PEPSI Nap\u00f3j Gazowany o smaku coli 2L Zgrzewka KR\u00d3TKI TERMIN<\/h2>\n<p>Najlepiej spo\u017cy\u0107 do: 31.01.2026<\/p>\n<h2>To jest Pepsi dla tych, kt\u00f3rzy szukaj\u0105 pysznego, orze\u017awiaj\u0105cego i oryginalnego smaku.<\/h2>\n<p><b>Pepsi doskonale uzupe\u0142nia spotkania ze znajomymi przy celebrowaniu jedzenia, ale r\u00f3wnie\u017c inspiruje do pod\u0105\u017cania za swoj\u0105 pasj\u0105.<\/b><\/p>\n<p><b>Go all in #ForTheLoveOfIt.<\/b><\/p>\n<p>Pepsi to doskona\u0142y smak coli i jeszcze wi\u0119cej orze\u017awienia! Ten smak sprawia, \u017ce chce si\u0119 \u017cy\u0107 chwil\u0105 i wykorzystywa\u0107 ka\u017cdy moment, aby wraz ze znajomymi do\u015bwiadcza\u0107 czego\u015b niezwyk\u0142ego. \u017bycie jest chwil\u0105. \u017byj!<\/p>\n<p>Oferta dotyczy 8szt Pepsi (\u0142\u0105cznie 16 litr\u00f3w napoju).<\/p>\n<p><b>Przygotowanie i stosowanie:<\/b><\/p>\n<p>Najlepiej podawa\u0107 sch\u0142odzony.<\/p>\n<p><b>Przechowywanie:<\/b><\/p>\n<p>Chroni\u0107 przed dzia\u0142aniem promieni s\u0142onecznych i przemarzaniem. Przechowywa\u0107 w ch\u0142odnym i suchym miejscu.<\/p>\n<p><b>Sk\u0142adniki:<\/b><\/p>\n<ul>\n<li>woda<\/li>\n<li>cukier<\/li>\n<li>dwutlenek w\u0119gla<\/li>\n<li>barwnik: karmel E150d<\/li>\n<li>regulator kwasowo\u015bci: kwas fosforowy<\/li>\n<li>aromaty: w tym kofeina (0,01 g\/100 ml produktu)<\/li>\n<li><b>Warto\u015bci od\u017cywcze:<\/b>\n<p>\u015arednia warto\u015b\u0107 od\u017cywcza w 100 ml:<\/p>\n<\/li>\n<li><b>Energia:<\/b>&nbsp;169 kJ\/40 kcal<\/li>\n<li><b>T\u0142uszcz:<\/b>&nbsp;0 g<\/li>\n<li><b>w tym kwasy nasycone:<\/b>&nbsp;0 g<\/li>\n<li><b>W\u0119glowodany:<\/b>&nbsp;10,68 g<\/li>\n<li><b>w tym cukry:<\/b>&nbsp;10,64 g<\/li>\n<li><b>Bia\u0142ko:<\/b>&nbsp;0 g<\/li>\n<li><b>S\u00f3l:<\/b>&nbsp;0,025 g<\/li>\n<\/ul>\n","protected":false},"excerpt":{"rendered":"<p>8x PEPSI Nap\u00f3j Gazowany o smaku coli 2L Zgrzewka KR\u00d3TKI TERMIN Najlepiej spo\u017cy\u0107 do: 31.01.2026 To jest Pepsi dla tych, kt\u00f3rzy szukaj\u0105 pysznego, orze\u017awiaj\u0105cego i oryginalnego smaku. Pepsi doskonale uzupe\u0142nia spotkania ze znajomymi przy celebrowaniu jedzenia, ale r\u00f3wnie\u017c inspiruje do pod\u0105\u017cania za swoj\u0105 pasj\u0105. Go all in #ForTheLoveOfIt. Pepsi to doskona\u0142y smak coli i jeszcze [&hellip;]<\/p>\n","protected":false},"featured_media":4368,"comment_status":"open","ping_status":"closed","template":"","meta":[],"product_brand":[189],"product_cat":[116],"product_tag":[],"class_list":{"0":"post-4359","1":"product","2":"type-product","3":"status-publish","4":"has-post-thumbnail","6":"product_brand-pepsi","7":"product_cat-napoje-i-akcesoria","9":"first","10":"instock","11":"taxable","12":"shipping-taxable","13":"purchasable","14":"product-type-simple"},"yoast_head":"<!-- This site is optimized with the Yoast SEO plugin v27.4 - https:\/\/yoast.com\/product\/yoast-seo-wordpress\/ -->\n<title>8x PEPSI Nap\u00f3j Gazowany o smaku coli 2L Zgrzewka KR\u00d3TKI TERMIN - Mix Market - Supermarket z wszystkim co potrzeba<\/title>\n<meta name=\"robots\" content=\"index, follow, max-snippet:-1, max-image-preview:large, max-video-preview:-1\" \/>\n<link rel=\"canonical\" href=\"https:\/\/racom.com.pl\/index.php\/produkt\/8x-pepsi-napoj-gazowany-o-smaku-coli-2l-zgrzewka-krotki-termin\/\" \/>\n<meta property=\"og:locale\" content=\"pl_PL\" \/>\n<meta property=\"og:type\" content=\"article\" \/>\n<meta property=\"og:title\" content=\"8x PEPSI Nap\u00f3j Gazowany o smaku coli 2L Zgrzewka KR\u00d3TKI TERMIN - Mix Market - Supermarket z wszystkim co potrzeba\" \/>\n<meta property=\"og:description\" content=\"8x PEPSI Nap\u00f3j Gazowany o smaku coli 2L Zgrzewka KR\u00d3TKI TERMIN Najlepiej spo\u017cy\u0107 do: 31.01.2026 To jest Pepsi dla tych, kt\u00f3rzy szukaj\u0105 pysznego, orze\u017awiaj\u0105cego i oryginalnego smaku. Pepsi doskonale uzupe\u0142nia spotkania ze znajomymi przy celebrowaniu jedzenia, ale r\u00f3wnie\u017c inspiruje do pod\u0105\u017cania za swoj\u0105 pasj\u0105. Go all in #ForTheLoveOfIt. Pepsi to doskona\u0142y smak coli i jeszcze [&hellip;]\" \/>\n<meta property=\"og:url\" content=\"https:\/\/racom.com.pl\/index.php\/produkt\/8x-pepsi-napoj-gazowany-o-smaku-coli-2l-zgrzewka-krotki-termin\/\" \/>\n<meta property=\"og:site_name\" content=\"Mix Market - Supermarket z wszystkim co potrzeba\" \/>\n<meta name=\"twitter:card\" content=\"summary_large_image\" \/>\n<meta name=\"twitter:label1\" content=\"Szacowany czas czytania\" \/>\n\t<meta name=\"twitter:data1\" content=\"1 minuta\" \/>\n<script type=\"application\/ld+json\" class=\"yoast-schema-graph\">{\"@context\":\"https:\\\/\\\/schema.org\",\"@graph\":[{\"@type\":\"WebPage\",\"@id\":\"https:\\\/\\\/racom.com.pl\\\/index.php\\\/produkt\\\/8x-pepsi-napoj-gazowany-o-smaku-coli-2l-zgrzewka-krotki-termin\\\/\",\"url\":\"https:\\\/\\\/racom.com.pl\\\/index.php\\\/produkt\\\/8x-pepsi-napoj-gazowany-o-smaku-coli-2l-zgrzewka-krotki-termin\\\/\",\"name\":\"8x PEPSI Nap\u00f3j Gazowany o smaku coli 2L Zgrzewka KR\u00d3TKI TERMIN - Mix Market - Supermarket z wszystkim co potrzeba\",\"isPartOf\":{\"@id\":\"https:\\\/\\\/racom.com.pl\\\/#website\"},\"primaryImageOfPage\":{\"@id\":\"https:\\\/\\\/racom.com.pl\\\/index.php\\\/produkt\\\/8x-pepsi-napoj-gazowany-o-smaku-coli-2l-zgrzewka-krotki-termin\\\/#primaryimage\"},\"image\":{\"@id\":\"https:\\\/\\\/racom.com.pl\\\/index.php\\\/produkt\\\/8x-pepsi-napoj-gazowany-o-smaku-coli-2l-zgrzewka-krotki-termin\\\/#primaryimage\"},\"thumbnailUrl\":\"https:\\\/\\\/racom.com.pl\\\/wp-content\\\/uploads\\\/2026\\\/03\\\/allegro_69af1f339c6089.10495299_8969f0d8482d9ca56d43767eb0e2.jpg\",\"datePublished\":\"2026-03-09T19:27:38+00:00\",\"breadcrumb\":{\"@id\":\"https:\\\/\\\/racom.com.pl\\\/index.php\\\/produkt\\\/8x-pepsi-napoj-gazowany-o-smaku-coli-2l-zgrzewka-krotki-termin\\\/#breadcrumb\"},\"inLanguage\":\"pl-PL\",\"potentialAction\":[{\"@type\":\"ReadAction\",\"target\":[\"https:\\\/\\\/racom.com.pl\\\/index.php\\\/produkt\\\/8x-pepsi-napoj-gazowany-o-smaku-coli-2l-zgrzewka-krotki-termin\\\/\"]}]},{\"@type\":\"ImageObject\",\"inLanguage\":\"pl-PL\",\"@id\":\"https:\\\/\\\/racom.com.pl\\\/index.php\\\/produkt\\\/8x-pepsi-napoj-gazowany-o-smaku-coli-2l-zgrzewka-krotki-termin\\\/#primaryimage\",\"url\":\"https:\\\/\\\/racom.com.pl\\\/wp-content\\\/uploads\\\/2026\\\/03\\\/allegro_69af1f339c6089.10495299_8969f0d8482d9ca56d43767eb0e2.jpg\",\"contentUrl\":\"https:\\\/\\\/racom.com.pl\\\/wp-content\\\/uploads\\\/2026\\\/03\\\/allegro_69af1f339c6089.10495299_8969f0d8482d9ca56d43767eb0e2.jpg\",\"width\":2560,\"height\":2560},{\"@type\":\"BreadcrumbList\",\"@id\":\"https:\\\/\\\/racom.com.pl\\\/index.php\\\/produkt\\\/8x-pepsi-napoj-gazowany-o-smaku-coli-2l-zgrzewka-krotki-termin\\\/#breadcrumb\",\"itemListElement\":[{\"@type\":\"ListItem\",\"position\":1,\"name\":\"Strona g\u0142\u00f3wna\",\"item\":\"https:\\\/\\\/racom.com.pl\\\/\"},{\"@type\":\"ListItem\",\"position\":2,\"name\":\"Sklep\",\"item\":\"https:\\\/\\\/racom.com.pl\\\/\"},{\"@type\":\"ListItem\",\"position\":3,\"name\":\"8x PEPSI Nap\u00f3j Gazowany o smaku coli 2L Zgrzewka KR\u00d3TKI TERMIN\"}]},{\"@type\":\"WebSite\",\"@id\":\"https:\\\/\\\/racom.com.pl\\\/#website\",\"url\":\"https:\\\/\\\/racom.com.pl\\\/\",\"name\":\"Mix Market - Supermarket z wszystkim co potrzeba do domu i nie tylko\",\"description\":\"\",\"publisher\":{\"@id\":\"https:\\\/\\\/racom.com.pl\\\/#organization\"},\"potentialAction\":[{\"@type\":\"SearchAction\",\"target\":{\"@type\":\"EntryPoint\",\"urlTemplate\":\"https:\\\/\\\/racom.com.pl\\\/?s={search_term_string}\"},\"query-input\":{\"@type\":\"PropertyValueSpecification\",\"valueRequired\":true,\"valueName\":\"search_term_string\"}}],\"inLanguage\":\"pl-PL\"},{\"@type\":\"Organization\",\"@id\":\"https:\\\/\\\/racom.com.pl\\\/#organization\",\"name\":\"Mix Market - Supermarket z wszystkim co potrzeba do domu i nie tylko\",\"url\":\"https:\\\/\\\/racom.com.pl\\\/\",\"logo\":{\"@type\":\"ImageObject\",\"inLanguage\":\"pl-PL\",\"@id\":\"https:\\\/\\\/racom.com.pl\\\/#\\\/schema\\\/logo\\\/image\\\/\",\"url\":\"https:\\\/\\\/racom.com.pl\\\/wp-content\\\/uploads\\\/2025\\\/07\\\/mixmarket_logo.png\",\"contentUrl\":\"https:\\\/\\\/racom.com.pl\\\/wp-content\\\/uploads\\\/2025\\\/07\\\/mixmarket_logo.png\",\"width\":1024,\"height\":1024,\"caption\":\"Mix Market - Supermarket z wszystkim co potrzeba do domu i nie tylko\"},\"image\":{\"@id\":\"https:\\\/\\\/racom.com.pl\\\/#\\\/schema\\\/logo\\\/image\\\/\"}}]}<\/script>\n<!-- \/ Yoast SEO plugin. -->","yoast_head_json":{"title":"8x PEPSI Nap\u00f3j Gazowany o smaku coli 2L Zgrzewka KR\u00d3TKI TERMIN - Mix Market - Supermarket z wszystkim co potrzeba","robots":{"index":"index","follow":"follow","max-snippet":"max-snippet:-1","max-image-preview":"max-image-preview:large","max-video-preview":"max-video-preview:-1"},"canonical":"https:\/\/racom.com.pl\/index.php\/produkt\/8x-pepsi-napoj-gazowany-o-smaku-coli-2l-zgrzewka-krotki-termin\/","og_locale":"pl_PL","og_type":"article","og_title":"8x PEPSI Nap\u00f3j Gazowany o smaku coli 2L Zgrzewka KR\u00d3TKI TERMIN - Mix Market - Supermarket z wszystkim co potrzeba","og_description":"8x PEPSI Nap\u00f3j Gazowany o smaku coli 2L Zgrzewka KR\u00d3TKI TERMIN Najlepiej spo\u017cy\u0107 do: 31.01.2026 To jest Pepsi dla tych, kt\u00f3rzy szukaj\u0105 pysznego, orze\u017awiaj\u0105cego i oryginalnego smaku. Pepsi doskonale uzupe\u0142nia spotkania ze znajomymi przy celebrowaniu jedzenia, ale r\u00f3wnie\u017c inspiruje do pod\u0105\u017cania za swoj\u0105 pasj\u0105. Go all in #ForTheLoveOfIt. Pepsi to doskona\u0142y smak coli i jeszcze [&hellip;]","og_url":"https:\/\/racom.com.pl\/index.php\/produkt\/8x-pepsi-napoj-gazowany-o-smaku-coli-2l-zgrzewka-krotki-termin\/","og_site_name":"Mix Market - Supermarket z wszystkim co potrzeba","twitter_card":"summary_large_image","twitter_misc":{"Szacowany czas czytania":"1 minuta"},"schema":{"@context":"https:\/\/schema.org","@graph":[{"@type":"WebPage","@id":"https:\/\/racom.com.pl\/index.php\/produkt\/8x-pepsi-napoj-gazowany-o-smaku-coli-2l-zgrzewka-krotki-termin\/","url":"https:\/\/racom.com.pl\/index.php\/produkt\/8x-pepsi-napoj-gazowany-o-smaku-coli-2l-zgrzewka-krotki-termin\/","name":"8x PEPSI Nap\u00f3j Gazowany o smaku coli 2L Zgrzewka KR\u00d3TKI TERMIN - Mix Market - Supermarket z wszystkim co potrzeba","isPartOf":{"@id":"https:\/\/racom.com.pl\/#website"},"primaryImageOfPage":{"@id":"https:\/\/racom.com.pl\/index.php\/produkt\/8x-pepsi-napoj-gazowany-o-smaku-coli-2l-zgrzewka-krotki-termin\/#primaryimage"},"image":{"@id":"https:\/\/racom.com.pl\/index.php\/produkt\/8x-pepsi-napoj-gazowany-o-smaku-coli-2l-zgrzewka-krotki-termin\/#primaryimage"},"thumbnailUrl":"https:\/\/racom.com.pl\/wp-content\/uploads\/2026\/03\/allegro_69af1f339c6089.10495299_8969f0d8482d9ca56d43767eb0e2.jpg","datePublished":"2026-03-09T19:27:38+00:00","breadcrumb":{"@id":"https:\/\/racom.com.pl\/index.php\/produkt\/8x-pepsi-napoj-gazowany-o-smaku-coli-2l-zgrzewka-krotki-termin\/#breadcrumb"},"inLanguage":"pl-PL","potentialAction":[{"@type":"ReadAction","target":["https:\/\/racom.com.pl\/index.php\/produkt\/8x-pepsi-napoj-gazowany-o-smaku-coli-2l-zgrzewka-krotki-termin\/"]}]},{"@type":"ImageObject","inLanguage":"pl-PL","@id":"https:\/\/racom.com.pl\/index.php\/produkt\/8x-pepsi-napoj-gazowany-o-smaku-coli-2l-zgrzewka-krotki-termin\/#primaryimage","url":"https:\/\/racom.com.pl\/wp-content\/uploads\/2026\/03\/allegro_69af1f339c6089.10495299_8969f0d8482d9ca56d43767eb0e2.jpg","contentUrl":"https:\/\/racom.com.pl\/wp-content\/uploads\/2026\/03\/allegro_69af1f339c6089.10495299_8969f0d8482d9ca56d43767eb0e2.jpg","width":2560,"height":2560},{"@type":"BreadcrumbList","@id":"https:\/\/racom.com.pl\/index.php\/produkt\/8x-pepsi-napoj-gazowany-o-smaku-coli-2l-zgrzewka-krotki-termin\/#breadcrumb","itemListElement":[{"@type":"ListItem","position":1,"name":"Strona g\u0142\u00f3wna","item":"https:\/\/racom.com.pl\/"},{"@type":"ListItem","position":2,"name":"Sklep","item":"https:\/\/racom.com.pl\/"},{"@type":"ListItem","position":3,"name":"8x PEPSI Nap\u00f3j Gazowany o smaku coli 2L Zgrzewka KR\u00d3TKI TERMIN"}]},{"@type":"WebSite","@id":"https:\/\/racom.com.pl\/#website","url":"https:\/\/racom.com.pl\/","name":"Mix Market - Supermarket z wszystkim co potrzeba do domu i nie tylko","description":"","publisher":{"@id":"https:\/\/racom.com.pl\/#organization"},"potentialAction":[{"@type":"SearchAction","target":{"@type":"EntryPoint","urlTemplate":"https:\/\/racom.com.pl\/?s={search_term_string}"},"query-input":{"@type":"PropertyValueSpecification","valueRequired":true,"valueName":"search_term_string"}}],"inLanguage":"pl-PL"},{"@type":"Organization","@id":"https:\/\/racom.com.pl\/#organization","name":"Mix Market - Supermarket z wszystkim co potrzeba do domu i nie tylko","url":"https:\/\/racom.com.pl\/","logo":{"@type":"ImageObject","inLanguage":"pl-PL","@id":"https:\/\/racom.com.pl\/#\/schema\/logo\/image\/","url":"https:\/\/racom.com.pl\/wp-content\/uploads\/2025\/07\/mixmarket_logo.png","contentUrl":"https:\/\/racom.com.pl\/wp-content\/uploads\/2025\/07\/mixmarket_logo.png","width":1024,"height":1024,"caption":"Mix Market - Supermarket z wszystkim co potrzeba do domu i nie tylko"},"image":{"@id":"https:\/\/racom.com.pl\/#\/schema\/logo\/image\/"}}]}},"_links":{"self":[{"href":"https:\/\/racom.com.pl\/index.php\/wp-json\/wp\/v2\/product\/4359","targetHints":{"allow":["GET"]}}],"collection":[{"href":"https:\/\/racom.com.pl\/index.php\/wp-json\/wp\/v2\/product"}],"about":[{"href":"https:\/\/racom.com.pl\/index.php\/wp-json\/wp\/v2\/types\/product"}],"replies":[{"embeddable":true,"href":"https:\/\/racom.com.pl\/index.php\/wp-json\/wp\/v2\/comments?post=4359"}],"wp:featuredmedia":[{"embeddable":true,"href":"https:\/\/racom.com.pl\/index.php\/wp-json\/wp\/v2\/media\/4368"}],"wp:attachment":[{"href":"https:\/\/racom.com.pl\/index.php\/wp-json\/wp\/v2\/media?parent=4359"}],"wp:term":[{"taxonomy":"product_brand","embeddable":true,"href":"https:\/\/racom.com.pl\/index.php\/wp-json\/wp\/v2\/product_brand?post=4359"},{"taxonomy":"product_cat","embeddable":true,"href":"https:\/\/racom.com.pl\/index.php\/wp-json\/wp\/v2\/product_cat?post=4359"},{"taxonomy":"product_tag","embeddable":true,"href":"https:\/\/racom.com.pl\/index.php\/wp-json\/wp\/v2\/product_tag?post=4359"}],"curies":[{"name":"wp","href":"https:\/\/api.w.org\/{rel}","templated":true}]}}