{"id":4418,"date":"2026-03-09T20:28:24","date_gmt":"2026-03-09T19:28:24","guid":{"rendered":"https:\/\/racom.com.pl\/index.php\/produkt\/seago-koncowki-do-irygatora-sg-8001-zestaw-standardowy-oryginalne-3szt\/"},"modified":"2026-03-09T20:28:24","modified_gmt":"2026-03-09T19:28:24","slug":"seago-koncowki-do-irygatora-sg-8001-zestaw-standardowy-oryginalne-3szt","status":"publish","type":"product","link":"https:\/\/racom.com.pl\/index.php\/produkt\/seago-koncowki-do-irygatora-sg-8001-zestaw-standardowy-oryginalne-3szt\/","title":{"rendered":"SEAGO KO\u0143C\u00d3WKI DO IRYGATORA SG-8001 ZESTAW STANDARDOWY ORYGINALNE 3szt."},"content":{"rendered":"<h2>SEAGO Standardowe Ko\u0144c\u00f3wki do irygatora SG-8001<\/h2>\n<p><b>Producent:<\/b>&nbsp;Seago<\/p>\n<h2>Specyfikacja:<\/h2>\n<ul>\n<li><b>Model <\/b> SG-P001<\/li>\n<li><b>Kompatybilno\u015b\u0107<\/b> SEAGO SG-8001<\/li>\n<li><b>Ilo\u015b\u0107 w zestawie <\/b> 3 szt.<\/li>\n<\/ul>\n<h2>Standardowe ko\u0144c\u00f3wki do irygatora SEAGO SG-8001<\/h2>\n<p>Standardowa ko\u0144c\u00f3wka do irygatora SEAGO SG-8001 jest niezb\u0119dnym elementem, kt\u00f3ry pozwala na skuteczne i wygodne czyszczenie przestrzeni mi\u0119dzyz\u0119bowych oraz linii dzi\u0105se\u0142. Wykonana z wysokiej jako\u015bci materia\u0142\u00f3w jest trwa\u0142a i odporna na zu\u017cycie.<\/p>\n<h2>Przemy\u015blana konstrukcja<\/h2>\n<p>Zosta\u0142a zaprojektowana tak, aby idealnie pasowa\u0107 do irygatora SEAGO SG-8001. Dzi\u0119ki swojej konstrukcji pozwala na precyzyjne kierowanie strumieniem wody pod odpowiednim k\u0105tem, co zapewnia dog\u0142\u0119bne czyszczenie trudno dost\u0119pnych miejsc w jamie ustnej.<\/p>\n<h2>Zdrowe i czyste z\u0119by<\/h2>\n<p>Ko\u0144c\u00f3wka SG-P001 jest \u0142atwa w utrzymaniu czysto\u015bci, a jej higieniczne w\u0142a\u015bciwo\u015bci zapewniaj\u0105 zdrow\u0105 i efektywn\u0105 piel\u0119gnacj\u0119 jamy ustnej. Jej u\u017cywanie w po\u0142\u0105czeniu z regularnym szczotkowaniem z\u0119b\u00f3w i stosowaniem nici dentystycznej mo\u017ce przyczyni\u0107 si\u0119 do utrzymania zdrowych z\u0119b\u00f3w i dzi\u0105se\u0142. Pami\u0119taj, aby regularnie wymienia\u0107 ko\u0144c\u00f3wki, aby zapewni\u0107 najwy\u017csz\u0105 jako\u015b\u0107 piel\u0119gnacji jamy ustnej.<\/p>\n","protected":false},"excerpt":{"rendered":"<p>SEAGO Standardowe Ko\u0144c\u00f3wki do irygatora SG-8001 Producent:&nbsp;Seago Specyfikacja: Model SG-P001 Kompatybilno\u015b\u0107 SEAGO SG-8001 Ilo\u015b\u0107 w zestawie 3 szt. Standardowe ko\u0144c\u00f3wki do irygatora SEAGO SG-8001 Standardowa ko\u0144c\u00f3wka do irygatora SEAGO SG-8001 jest niezb\u0119dnym elementem, kt\u00f3ry pozwala na skuteczne i wygodne czyszczenie przestrzeni mi\u0119dzyz\u0119bowych oraz linii dzi\u0105se\u0142. Wykonana z wysokiej jako\u015bci materia\u0142\u00f3w jest trwa\u0142a i odporna na [&hellip;]<\/p>\n","protected":false},"featured_media":4433,"comment_status":"open","ping_status":"closed","template":"","meta":[],"product_brand":[314],"product_cat":[316],"product_tag":[],"class_list":{"0":"post-4418","1":"product","2":"type-product","3":"status-publish","4":"has-post-thumbnail","6":"product_brand-seago","7":"product_cat-koncowki-do-irygatorow","9":"first","10":"instock","11":"taxable","12":"shipping-taxable","13":"purchasable","14":"product-type-simple"},"yoast_head":"<!-- This site is optimized with the Yoast SEO plugin v27.3 - https:\/\/yoast.com\/product\/yoast-seo-wordpress\/ -->\n<title>SEAGO KO\u0143C\u00d3WKI DO IRYGATORA SG-8001 ZESTAW STANDARDOWY ORYGINALNE 3szt. - Mix Market - Supermarket z wszystkim co potrzeba<\/title>\n<meta name=\"robots\" content=\"index, follow, max-snippet:-1, max-image-preview:large, max-video-preview:-1\" \/>\n<link rel=\"canonical\" href=\"https:\/\/racom.com.pl\/index.php\/produkt\/seago-koncowki-do-irygatora-sg-8001-zestaw-standardowy-oryginalne-3szt\/\" \/>\n<meta property=\"og:locale\" content=\"pl_PL\" \/>\n<meta property=\"og:type\" content=\"article\" \/>\n<meta property=\"og:title\" content=\"SEAGO KO\u0143C\u00d3WKI DO IRYGATORA SG-8001 ZESTAW STANDARDOWY ORYGINALNE 3szt. - Mix Market - Supermarket z wszystkim co potrzeba\" \/>\n<meta property=\"og:description\" content=\"SEAGO Standardowe Ko\u0144c\u00f3wki do irygatora SG-8001 Producent:&nbsp;Seago Specyfikacja: Model SG-P001 Kompatybilno\u015b\u0107 SEAGO SG-8001 Ilo\u015b\u0107 w zestawie 3 szt. Standardowe ko\u0144c\u00f3wki do irygatora SEAGO SG-8001 Standardowa ko\u0144c\u00f3wka do irygatora SEAGO SG-8001 jest niezb\u0119dnym elementem, kt\u00f3ry pozwala na skuteczne i wygodne czyszczenie przestrzeni mi\u0119dzyz\u0119bowych oraz linii dzi\u0105se\u0142. Wykonana z wysokiej jako\u015bci materia\u0142\u00f3w jest trwa\u0142a i odporna na [&hellip;]\" \/>\n<meta property=\"og:url\" content=\"https:\/\/racom.com.pl\/index.php\/produkt\/seago-koncowki-do-irygatora-sg-8001-zestaw-standardowy-oryginalne-3szt\/\" \/>\n<meta property=\"og:site_name\" content=\"Mix Market - Supermarket z wszystkim co potrzeba\" \/>\n<meta name=\"twitter:card\" content=\"summary_large_image\" \/>\n<meta name=\"twitter:label1\" content=\"Szacowany czas czytania\" \/>\n\t<meta name=\"twitter:data1\" content=\"1 minuta\" \/>\n<script type=\"application\/ld+json\" class=\"yoast-schema-graph\">{\"@context\":\"https:\\\/\\\/schema.org\",\"@graph\":[{\"@type\":\"WebPage\",\"@id\":\"https:\\\/\\\/racom.com.pl\\\/index.php\\\/produkt\\\/seago-koncowki-do-irygatora-sg-8001-zestaw-standardowy-oryginalne-3szt\\\/\",\"url\":\"https:\\\/\\\/racom.com.pl\\\/index.php\\\/produkt\\\/seago-koncowki-do-irygatora-sg-8001-zestaw-standardowy-oryginalne-3szt\\\/\",\"name\":\"SEAGO KO\u0143C\u00d3WKI DO IRYGATORA SG-8001 ZESTAW STANDARDOWY ORYGINALNE 3szt. - Mix Market - Supermarket z wszystkim co potrzeba\",\"isPartOf\":{\"@id\":\"https:\\\/\\\/racom.com.pl\\\/#website\"},\"primaryImageOfPage\":{\"@id\":\"https:\\\/\\\/racom.com.pl\\\/index.php\\\/produkt\\\/seago-koncowki-do-irygatora-sg-8001-zestaw-standardowy-oryginalne-3szt\\\/#primaryimage\"},\"image\":{\"@id\":\"https:\\\/\\\/racom.com.pl\\\/index.php\\\/produkt\\\/seago-koncowki-do-irygatora-sg-8001-zestaw-standardowy-oryginalne-3szt\\\/#primaryimage\"},\"thumbnailUrl\":\"https:\\\/\\\/racom.com.pl\\\/wp-content\\\/uploads\\\/2026\\\/03\\\/allegro_69af1f62103962.74446412_b4a097bb41178acbe2470f402530.jpg\",\"datePublished\":\"2026-03-09T19:28:24+00:00\",\"breadcrumb\":{\"@id\":\"https:\\\/\\\/racom.com.pl\\\/index.php\\\/produkt\\\/seago-koncowki-do-irygatora-sg-8001-zestaw-standardowy-oryginalne-3szt\\\/#breadcrumb\"},\"inLanguage\":\"pl-PL\",\"potentialAction\":[{\"@type\":\"ReadAction\",\"target\":[\"https:\\\/\\\/racom.com.pl\\\/index.php\\\/produkt\\\/seago-koncowki-do-irygatora-sg-8001-zestaw-standardowy-oryginalne-3szt\\\/\"]}]},{\"@type\":\"ImageObject\",\"inLanguage\":\"pl-PL\",\"@id\":\"https:\\\/\\\/racom.com.pl\\\/index.php\\\/produkt\\\/seago-koncowki-do-irygatora-sg-8001-zestaw-standardowy-oryginalne-3szt\\\/#primaryimage\",\"url\":\"https:\\\/\\\/racom.com.pl\\\/wp-content\\\/uploads\\\/2026\\\/03\\\/allegro_69af1f62103962.74446412_b4a097bb41178acbe2470f402530.jpg\",\"contentUrl\":\"https:\\\/\\\/racom.com.pl\\\/wp-content\\\/uploads\\\/2026\\\/03\\\/allegro_69af1f62103962.74446412_b4a097bb41178acbe2470f402530.jpg\",\"width\":1000,\"height\":637},{\"@type\":\"BreadcrumbList\",\"@id\":\"https:\\\/\\\/racom.com.pl\\\/index.php\\\/produkt\\\/seago-koncowki-do-irygatora-sg-8001-zestaw-standardowy-oryginalne-3szt\\\/#breadcrumb\",\"itemListElement\":[{\"@type\":\"ListItem\",\"position\":1,\"name\":\"Strona g\u0142\u00f3wna\",\"item\":\"https:\\\/\\\/racom.com.pl\\\/\"},{\"@type\":\"ListItem\",\"position\":2,\"name\":\"Sklep\",\"item\":\"https:\\\/\\\/racom.com.pl\\\/\"},{\"@type\":\"ListItem\",\"position\":3,\"name\":\"SEAGO KO\u0143C\u00d3WKI DO IRYGATORA SG-8001 ZESTAW STANDARDOWY ORYGINALNE 3szt.\"}]},{\"@type\":\"WebSite\",\"@id\":\"https:\\\/\\\/racom.com.pl\\\/#website\",\"url\":\"https:\\\/\\\/racom.com.pl\\\/\",\"name\":\"Mix Market - Supermarket z wszystkim co potrzeba do domu i nie tylko\",\"description\":\"\",\"publisher\":{\"@id\":\"https:\\\/\\\/racom.com.pl\\\/#organization\"},\"potentialAction\":[{\"@type\":\"SearchAction\",\"target\":{\"@type\":\"EntryPoint\",\"urlTemplate\":\"https:\\\/\\\/racom.com.pl\\\/?s={search_term_string}\"},\"query-input\":{\"@type\":\"PropertyValueSpecification\",\"valueRequired\":true,\"valueName\":\"search_term_string\"}}],\"inLanguage\":\"pl-PL\"},{\"@type\":\"Organization\",\"@id\":\"https:\\\/\\\/racom.com.pl\\\/#organization\",\"name\":\"Mix Market - Supermarket z wszystkim co potrzeba do domu i nie tylko\",\"url\":\"https:\\\/\\\/racom.com.pl\\\/\",\"logo\":{\"@type\":\"ImageObject\",\"inLanguage\":\"pl-PL\",\"@id\":\"https:\\\/\\\/racom.com.pl\\\/#\\\/schema\\\/logo\\\/image\\\/\",\"url\":\"https:\\\/\\\/racom.com.pl\\\/wp-content\\\/uploads\\\/2025\\\/07\\\/mixmarket_logo.png\",\"contentUrl\":\"https:\\\/\\\/racom.com.pl\\\/wp-content\\\/uploads\\\/2025\\\/07\\\/mixmarket_logo.png\",\"width\":1024,\"height\":1024,\"caption\":\"Mix Market - Supermarket z wszystkim co potrzeba do domu i nie tylko\"},\"image\":{\"@id\":\"https:\\\/\\\/racom.com.pl\\\/#\\\/schema\\\/logo\\\/image\\\/\"}}]}<\/script>\n<!-- \/ Yoast SEO plugin. -->","yoast_head_json":{"title":"SEAGO KO\u0143C\u00d3WKI DO IRYGATORA SG-8001 ZESTAW STANDARDOWY ORYGINALNE 3szt. - Mix Market - Supermarket z wszystkim co potrzeba","robots":{"index":"index","follow":"follow","max-snippet":"max-snippet:-1","max-image-preview":"max-image-preview:large","max-video-preview":"max-video-preview:-1"},"canonical":"https:\/\/racom.com.pl\/index.php\/produkt\/seago-koncowki-do-irygatora-sg-8001-zestaw-standardowy-oryginalne-3szt\/","og_locale":"pl_PL","og_type":"article","og_title":"SEAGO KO\u0143C\u00d3WKI DO IRYGATORA SG-8001 ZESTAW STANDARDOWY ORYGINALNE 3szt. - Mix Market - Supermarket z wszystkim co potrzeba","og_description":"SEAGO Standardowe Ko\u0144c\u00f3wki do irygatora SG-8001 Producent:&nbsp;Seago Specyfikacja: Model SG-P001 Kompatybilno\u015b\u0107 SEAGO SG-8001 Ilo\u015b\u0107 w zestawie 3 szt. Standardowe ko\u0144c\u00f3wki do irygatora SEAGO SG-8001 Standardowa ko\u0144c\u00f3wka do irygatora SEAGO SG-8001 jest niezb\u0119dnym elementem, kt\u00f3ry pozwala na skuteczne i wygodne czyszczenie przestrzeni mi\u0119dzyz\u0119bowych oraz linii dzi\u0105se\u0142. Wykonana z wysokiej jako\u015bci materia\u0142\u00f3w jest trwa\u0142a i odporna na [&hellip;]","og_url":"https:\/\/racom.com.pl\/index.php\/produkt\/seago-koncowki-do-irygatora-sg-8001-zestaw-standardowy-oryginalne-3szt\/","og_site_name":"Mix Market - Supermarket z wszystkim co potrzeba","twitter_card":"summary_large_image","twitter_misc":{"Szacowany czas czytania":"1 minuta"},"schema":{"@context":"https:\/\/schema.org","@graph":[{"@type":"WebPage","@id":"https:\/\/racom.com.pl\/index.php\/produkt\/seago-koncowki-do-irygatora-sg-8001-zestaw-standardowy-oryginalne-3szt\/","url":"https:\/\/racom.com.pl\/index.php\/produkt\/seago-koncowki-do-irygatora-sg-8001-zestaw-standardowy-oryginalne-3szt\/","name":"SEAGO KO\u0143C\u00d3WKI DO IRYGATORA SG-8001 ZESTAW STANDARDOWY ORYGINALNE 3szt. - Mix Market - Supermarket z wszystkim co potrzeba","isPartOf":{"@id":"https:\/\/racom.com.pl\/#website"},"primaryImageOfPage":{"@id":"https:\/\/racom.com.pl\/index.php\/produkt\/seago-koncowki-do-irygatora-sg-8001-zestaw-standardowy-oryginalne-3szt\/#primaryimage"},"image":{"@id":"https:\/\/racom.com.pl\/index.php\/produkt\/seago-koncowki-do-irygatora-sg-8001-zestaw-standardowy-oryginalne-3szt\/#primaryimage"},"thumbnailUrl":"https:\/\/racom.com.pl\/wp-content\/uploads\/2026\/03\/allegro_69af1f62103962.74446412_b4a097bb41178acbe2470f402530.jpg","datePublished":"2026-03-09T19:28:24+00:00","breadcrumb":{"@id":"https:\/\/racom.com.pl\/index.php\/produkt\/seago-koncowki-do-irygatora-sg-8001-zestaw-standardowy-oryginalne-3szt\/#breadcrumb"},"inLanguage":"pl-PL","potentialAction":[{"@type":"ReadAction","target":["https:\/\/racom.com.pl\/index.php\/produkt\/seago-koncowki-do-irygatora-sg-8001-zestaw-standardowy-oryginalne-3szt\/"]}]},{"@type":"ImageObject","inLanguage":"pl-PL","@id":"https:\/\/racom.com.pl\/index.php\/produkt\/seago-koncowki-do-irygatora-sg-8001-zestaw-standardowy-oryginalne-3szt\/#primaryimage","url":"https:\/\/racom.com.pl\/wp-content\/uploads\/2026\/03\/allegro_69af1f62103962.74446412_b4a097bb41178acbe2470f402530.jpg","contentUrl":"https:\/\/racom.com.pl\/wp-content\/uploads\/2026\/03\/allegro_69af1f62103962.74446412_b4a097bb41178acbe2470f402530.jpg","width":1000,"height":637},{"@type":"BreadcrumbList","@id":"https:\/\/racom.com.pl\/index.php\/produkt\/seago-koncowki-do-irygatora-sg-8001-zestaw-standardowy-oryginalne-3szt\/#breadcrumb","itemListElement":[{"@type":"ListItem","position":1,"name":"Strona g\u0142\u00f3wna","item":"https:\/\/racom.com.pl\/"},{"@type":"ListItem","position":2,"name":"Sklep","item":"https:\/\/racom.com.pl\/"},{"@type":"ListItem","position":3,"name":"SEAGO KO\u0143C\u00d3WKI DO IRYGATORA SG-8001 ZESTAW STANDARDOWY ORYGINALNE 3szt."}]},{"@type":"WebSite","@id":"https:\/\/racom.com.pl\/#website","url":"https:\/\/racom.com.pl\/","name":"Mix Market - Supermarket z wszystkim co potrzeba do domu i nie tylko","description":"","publisher":{"@id":"https:\/\/racom.com.pl\/#organization"},"potentialAction":[{"@type":"SearchAction","target":{"@type":"EntryPoint","urlTemplate":"https:\/\/racom.com.pl\/?s={search_term_string}"},"query-input":{"@type":"PropertyValueSpecification","valueRequired":true,"valueName":"search_term_string"}}],"inLanguage":"pl-PL"},{"@type":"Organization","@id":"https:\/\/racom.com.pl\/#organization","name":"Mix Market - Supermarket z wszystkim co potrzeba do domu i nie tylko","url":"https:\/\/racom.com.pl\/","logo":{"@type":"ImageObject","inLanguage":"pl-PL","@id":"https:\/\/racom.com.pl\/#\/schema\/logo\/image\/","url":"https:\/\/racom.com.pl\/wp-content\/uploads\/2025\/07\/mixmarket_logo.png","contentUrl":"https:\/\/racom.com.pl\/wp-content\/uploads\/2025\/07\/mixmarket_logo.png","width":1024,"height":1024,"caption":"Mix Market - Supermarket z wszystkim co potrzeba do domu i nie tylko"},"image":{"@id":"https:\/\/racom.com.pl\/#\/schema\/logo\/image\/"}}]}},"_links":{"self":[{"href":"https:\/\/racom.com.pl\/index.php\/wp-json\/wp\/v2\/product\/4418","targetHints":{"allow":["GET"]}}],"collection":[{"href":"https:\/\/racom.com.pl\/index.php\/wp-json\/wp\/v2\/product"}],"about":[{"href":"https:\/\/racom.com.pl\/index.php\/wp-json\/wp\/v2\/types\/product"}],"replies":[{"embeddable":true,"href":"https:\/\/racom.com.pl\/index.php\/wp-json\/wp\/v2\/comments?post=4418"}],"wp:featuredmedia":[{"embeddable":true,"href":"https:\/\/racom.com.pl\/index.php\/wp-json\/wp\/v2\/media\/4433"}],"wp:attachment":[{"href":"https:\/\/racom.com.pl\/index.php\/wp-json\/wp\/v2\/media?parent=4418"}],"wp:term":[{"taxonomy":"product_brand","embeddable":true,"href":"https:\/\/racom.com.pl\/index.php\/wp-json\/wp\/v2\/product_brand?post=4418"},{"taxonomy":"product_cat","embeddable":true,"href":"https:\/\/racom.com.pl\/index.php\/wp-json\/wp\/v2\/product_cat?post=4418"},{"taxonomy":"product_tag","embeddable":true,"href":"https:\/\/racom.com.pl\/index.php\/wp-json\/wp\/v2\/product_tag?post=4418"}],"curies":[{"name":"wp","href":"https:\/\/api.w.org\/{rel}","templated":true}]}}