{"id":443,"date":"2025-07-18T17:32:18","date_gmt":"2025-07-18T15:32:18","guid":{"rendered":"http:\/\/192.168.2.106\/index.php\/produkt\/kabel-usb-c-do-usb-c-pd-baseus-pd-2-0-qc3-0-60w-2m\/"},"modified":"2025-07-18T17:32:18","modified_gmt":"2025-07-18T15:32:18","slug":"kabel-usb-c-do-usb-c-pd-baseus-pd-2-0-qc3-0-60w-2m","status":"publish","type":"product","link":"https:\/\/racom.com.pl\/index.php\/produkt\/kabel-usb-c-do-usb-c-pd-baseus-pd-2-0-qc3-0-60w-2m\/","title":{"rendered":"Kabel USB-C do USB-C PD Baseus PD 2.0 QC3.0 60W 2m"},"content":{"rendered":"<h2>Kabel USB-C do USB-C PD Baseus PD 2.0 QC3.0 60W 2m<\/h2>\n<p><b>Kabel Baseus\u00a0USB-C<\/b><\/p>\n<p>Kabel\u00a0Cafule umo\u017cliwia szybkie \u0142adowanie i transmisj\u0119 danych. Dzi\u0119ki technologii Power Delivery 2.0 oraz Quick Charge 3.0 kabel jest w stanie bardzo szybko na\u0142adowa\u0107 urz\u0105dzenia wyposa\u017cone w te technologie np. laptopy, tablety, smartfony. Zastosowana wtyczka USB-C pozwala na pod\u0142\u0105czenie praktycznie wszystkich urz\u0105dze\u0144 z portem USB typu C. U\u017cycie aluminiowych ko\u0144c\u00f3wek i nylonowego oplotu zapewnia du\u017c\u0105 trwa\u0142o\u015b\u0107 akcesorium.<\/p>\n<p>\u00a0<\/p>\n<p>\u00a0<\/p>\n<p>\u00a0\u00a0<\/p>\n<p><b>Specyfikacja<\/b><\/p>\n<p>\u00a0<\/p>\n<p>\n<b>Producent<\/b><br \/>\nBaseus<br \/>\n<b>Model<\/b><br \/>\nCafule Series Cable<br \/>\n<b>Kod produktu<\/b><br \/>\nCATKLF-H09<br \/>\n<b>Materia\u0142<\/b><br \/>\nAluminium, nylon, TPE<br \/>\n<b>D\u0142ugo\u015b\u0107<\/b><br \/>\n2 m<br \/>\n<b>Pr\u0105d wyj\u015bciowy<\/b><br \/>\nmaks. 20 V \/ 3 A<br \/>\n<b>Kolor<\/b><br \/>\nCzerwony<br \/>\n<b>Kompatybilno\u015b\u0107<\/b><br \/>\nurz\u0105dzenia z portem USB typu C\n<\/p>\n<p>\u00a0<\/p>\n<p>Opakowanie jest integraln\u0105 cz\u0119\u015bci\u0105 produktu.<\/p>\n<p>Pokrowce\/etui do telefon\u00f3w i tablet\u00f3w to cz\u0119sto zdj\u0119cie pogl\u0105dowe. W rzeczywisto\u015bci otrzymuj\u0105 Pa\u0144stwo futera\u0142 dopasowany do danego modelu urz\u0105dzenia z poprawnie rozmieszczonymi otworami na kamer\u0119\/aparat czy przyciski boczne.<\/p>\n<p>W przypadku baterii do telefon\u00f3w (zamiennik\u00f3w) zdj\u0119cie mo\u017ce by\u0107 zdj\u0119ciem pogl\u0105dowym. Po zakupie otrzymaj\u0105 Pa\u0144stwo produkt kompatybilny z danym urz\u0105dzeniem.<\/p>\n<p>Zdj\u0119cia produkt\u00f3w takich jak Szk\u0142a hartowane i folie ochronne na telefony\/tablety r\u00f3wnie\u017c mog\u0105 by\u0107 zdj\u0119ciami pogl\u0105dowymi.<\/p>\n","protected":false},"excerpt":{"rendered":"<p>Kabel USB-C do USB-C PD Baseus PD 2.0 QC3.0 60W 2m Kabel Baseus\u00a0USB-C Kabel\u00a0Cafule umo\u017cliwia szybkie \u0142adowanie i transmisj\u0119 danych. Dzi\u0119ki technologii Power Delivery 2.0 oraz Quick Charge 3.0 kabel jest w stanie bardzo szybko na\u0142adowa\u0107 urz\u0105dzenia wyposa\u017cone w te technologie np. laptopy, tablety, smartfony. Zastosowana wtyczka USB-C pozwala na pod\u0142\u0105czenie praktycznie wszystkich urz\u0105dze\u0144 z [&hellip;]<\/p>\n","protected":false},"featured_media":452,"comment_status":"open","ping_status":"closed","template":"","meta":[],"product_brand":[27],"product_cat":[26],"product_tag":[],"class_list":{"0":"post-443","1":"product","2":"type-product","3":"status-publish","4":"has-post-thumbnail","6":"product_brand-baseus","7":"product_cat-akcesoria-gsm","9":"first","10":"outofstock","11":"taxable","12":"shipping-taxable","13":"purchasable","14":"product-type-simple"},"yoast_head":"<!-- This site is optimized with the Yoast SEO plugin v27.3 - https:\/\/yoast.com\/product\/yoast-seo-wordpress\/ -->\n<title>Kabel USB-C do USB-C PD Baseus PD 2.0 QC3.0 60W 2m - Mix Market - Supermarket z wszystkim co potrzeba<\/title>\n<meta name=\"robots\" content=\"index, follow, max-snippet:-1, max-image-preview:large, max-video-preview:-1\" \/>\n<link rel=\"canonical\" href=\"https:\/\/racom.com.pl\/index.php\/produkt\/kabel-usb-c-do-usb-c-pd-baseus-pd-2-0-qc3-0-60w-2m\/\" \/>\n<meta property=\"og:locale\" content=\"pl_PL\" \/>\n<meta property=\"og:type\" content=\"article\" \/>\n<meta property=\"og:title\" content=\"Kabel USB-C do USB-C PD Baseus PD 2.0 QC3.0 60W 2m - Mix Market - Supermarket z wszystkim co potrzeba\" \/>\n<meta property=\"og:description\" content=\"Kabel USB-C do USB-C PD Baseus PD 2.0 QC3.0 60W 2m Kabel Baseus\u00a0USB-C Kabel\u00a0Cafule umo\u017cliwia szybkie \u0142adowanie i transmisj\u0119 danych. Dzi\u0119ki technologii Power Delivery 2.0 oraz Quick Charge 3.0 kabel jest w stanie bardzo szybko na\u0142adowa\u0107 urz\u0105dzenia wyposa\u017cone w te technologie np. laptopy, tablety, smartfony. Zastosowana wtyczka USB-C pozwala na pod\u0142\u0105czenie praktycznie wszystkich urz\u0105dze\u0144 z [&hellip;]\" \/>\n<meta property=\"og:url\" content=\"https:\/\/racom.com.pl\/index.php\/produkt\/kabel-usb-c-do-usb-c-pd-baseus-pd-2-0-qc3-0-60w-2m\/\" \/>\n<meta property=\"og:site_name\" content=\"Mix Market - Supermarket z wszystkim co potrzeba\" \/>\n<meta property=\"og:image\" content=\"https:\/\/racom.com.pl\/wp-content\/uploads\/2025\/07\/allegro_687a6926d6f445.30426387_bc9a02b842d094c8ae234ea24ac2.jpg\" \/>\n\t<meta property=\"og:image:width\" content=\"800\" \/>\n\t<meta property=\"og:image:height\" content=\"800\" \/>\n\t<meta property=\"og:image:type\" content=\"image\/jpeg\" \/>\n<meta name=\"twitter:card\" content=\"summary_large_image\" \/>\n<meta name=\"twitter:label1\" content=\"Szacowany czas czytania\" \/>\n\t<meta name=\"twitter:data1\" content=\"1 minuta\" \/>\n<script type=\"application\/ld+json\" class=\"yoast-schema-graph\">{\"@context\":\"https:\\\/\\\/schema.org\",\"@graph\":[{\"@type\":\"WebPage\",\"@id\":\"https:\\\/\\\/racom.com.pl\\\/index.php\\\/produkt\\\/kabel-usb-c-do-usb-c-pd-baseus-pd-2-0-qc3-0-60w-2m\\\/\",\"url\":\"https:\\\/\\\/racom.com.pl\\\/index.php\\\/produkt\\\/kabel-usb-c-do-usb-c-pd-baseus-pd-2-0-qc3-0-60w-2m\\\/\",\"name\":\"Kabel USB-C do USB-C PD Baseus PD 2.0 QC3.0 60W 2m - Mix Market - Supermarket z wszystkim co potrzeba\",\"isPartOf\":{\"@id\":\"https:\\\/\\\/racom.com.pl\\\/#website\"},\"primaryImageOfPage\":{\"@id\":\"https:\\\/\\\/racom.com.pl\\\/index.php\\\/produkt\\\/kabel-usb-c-do-usb-c-pd-baseus-pd-2-0-qc3-0-60w-2m\\\/#primaryimage\"},\"image\":{\"@id\":\"https:\\\/\\\/racom.com.pl\\\/index.php\\\/produkt\\\/kabel-usb-c-do-usb-c-pd-baseus-pd-2-0-qc3-0-60w-2m\\\/#primaryimage\"},\"thumbnailUrl\":\"https:\\\/\\\/racom.com.pl\\\/wp-content\\\/uploads\\\/2025\\\/07\\\/allegro_687a6926d6f445.30426387_bc9a02b842d094c8ae234ea24ac2.jpg\",\"datePublished\":\"2025-07-18T15:32:18+00:00\",\"breadcrumb\":{\"@id\":\"https:\\\/\\\/racom.com.pl\\\/index.php\\\/produkt\\\/kabel-usb-c-do-usb-c-pd-baseus-pd-2-0-qc3-0-60w-2m\\\/#breadcrumb\"},\"inLanguage\":\"pl-PL\",\"potentialAction\":[{\"@type\":\"ReadAction\",\"target\":[\"https:\\\/\\\/racom.com.pl\\\/index.php\\\/produkt\\\/kabel-usb-c-do-usb-c-pd-baseus-pd-2-0-qc3-0-60w-2m\\\/\"]}]},{\"@type\":\"ImageObject\",\"inLanguage\":\"pl-PL\",\"@id\":\"https:\\\/\\\/racom.com.pl\\\/index.php\\\/produkt\\\/kabel-usb-c-do-usb-c-pd-baseus-pd-2-0-qc3-0-60w-2m\\\/#primaryimage\",\"url\":\"https:\\\/\\\/racom.com.pl\\\/wp-content\\\/uploads\\\/2025\\\/07\\\/allegro_687a6926d6f445.30426387_bc9a02b842d094c8ae234ea24ac2.jpg\",\"contentUrl\":\"https:\\\/\\\/racom.com.pl\\\/wp-content\\\/uploads\\\/2025\\\/07\\\/allegro_687a6926d6f445.30426387_bc9a02b842d094c8ae234ea24ac2.jpg\",\"width\":800,\"height\":800},{\"@type\":\"BreadcrumbList\",\"@id\":\"https:\\\/\\\/racom.com.pl\\\/index.php\\\/produkt\\\/kabel-usb-c-do-usb-c-pd-baseus-pd-2-0-qc3-0-60w-2m\\\/#breadcrumb\",\"itemListElement\":[{\"@type\":\"ListItem\",\"position\":1,\"name\":\"Strona g\u0142\u00f3wna\",\"item\":\"https:\\\/\\\/racom.com.pl\\\/\"},{\"@type\":\"ListItem\",\"position\":2,\"name\":\"Sklep\",\"item\":\"https:\\\/\\\/racom.com.pl\\\/\"},{\"@type\":\"ListItem\",\"position\":3,\"name\":\"Kabel USB-C do USB-C PD Baseus PD 2.0 QC3.0 60W 2m\"}]},{\"@type\":\"WebSite\",\"@id\":\"https:\\\/\\\/racom.com.pl\\\/#website\",\"url\":\"https:\\\/\\\/racom.com.pl\\\/\",\"name\":\"Mix Market - Supermarket z wszystkim co potrzeba do domu i nie tylko\",\"description\":\"\",\"publisher\":{\"@id\":\"https:\\\/\\\/racom.com.pl\\\/#organization\"},\"potentialAction\":[{\"@type\":\"SearchAction\",\"target\":{\"@type\":\"EntryPoint\",\"urlTemplate\":\"https:\\\/\\\/racom.com.pl\\\/?s={search_term_string}\"},\"query-input\":{\"@type\":\"PropertyValueSpecification\",\"valueRequired\":true,\"valueName\":\"search_term_string\"}}],\"inLanguage\":\"pl-PL\"},{\"@type\":\"Organization\",\"@id\":\"https:\\\/\\\/racom.com.pl\\\/#organization\",\"name\":\"Mix Market - Supermarket z wszystkim co potrzeba do domu i nie tylko\",\"url\":\"https:\\\/\\\/racom.com.pl\\\/\",\"logo\":{\"@type\":\"ImageObject\",\"inLanguage\":\"pl-PL\",\"@id\":\"https:\\\/\\\/racom.com.pl\\\/#\\\/schema\\\/logo\\\/image\\\/\",\"url\":\"https:\\\/\\\/racom.com.pl\\\/wp-content\\\/uploads\\\/2025\\\/07\\\/mixmarket_logo.png\",\"contentUrl\":\"https:\\\/\\\/racom.com.pl\\\/wp-content\\\/uploads\\\/2025\\\/07\\\/mixmarket_logo.png\",\"width\":1024,\"height\":1024,\"caption\":\"Mix Market - Supermarket z wszystkim co potrzeba do domu i nie tylko\"},\"image\":{\"@id\":\"https:\\\/\\\/racom.com.pl\\\/#\\\/schema\\\/logo\\\/image\\\/\"}}]}<\/script>\n<!-- \/ Yoast SEO plugin. -->","yoast_head_json":{"title":"Kabel USB-C do USB-C PD Baseus PD 2.0 QC3.0 60W 2m - Mix Market - Supermarket z wszystkim co potrzeba","robots":{"index":"index","follow":"follow","max-snippet":"max-snippet:-1","max-image-preview":"max-image-preview:large","max-video-preview":"max-video-preview:-1"},"canonical":"https:\/\/racom.com.pl\/index.php\/produkt\/kabel-usb-c-do-usb-c-pd-baseus-pd-2-0-qc3-0-60w-2m\/","og_locale":"pl_PL","og_type":"article","og_title":"Kabel USB-C do USB-C PD Baseus PD 2.0 QC3.0 60W 2m - Mix Market - Supermarket z wszystkim co potrzeba","og_description":"Kabel USB-C do USB-C PD Baseus PD 2.0 QC3.0 60W 2m Kabel Baseus\u00a0USB-C Kabel\u00a0Cafule umo\u017cliwia szybkie \u0142adowanie i transmisj\u0119 danych. Dzi\u0119ki technologii Power Delivery 2.0 oraz Quick Charge 3.0 kabel jest w stanie bardzo szybko na\u0142adowa\u0107 urz\u0105dzenia wyposa\u017cone w te technologie np. laptopy, tablety, smartfony. Zastosowana wtyczka USB-C pozwala na pod\u0142\u0105czenie praktycznie wszystkich urz\u0105dze\u0144 z [&hellip;]","og_url":"https:\/\/racom.com.pl\/index.php\/produkt\/kabel-usb-c-do-usb-c-pd-baseus-pd-2-0-qc3-0-60w-2m\/","og_site_name":"Mix Market - Supermarket z wszystkim co potrzeba","og_image":[{"width":800,"height":800,"url":"https:\/\/racom.com.pl\/wp-content\/uploads\/2025\/07\/allegro_687a6926d6f445.30426387_bc9a02b842d094c8ae234ea24ac2.jpg","type":"image\/jpeg"}],"twitter_card":"summary_large_image","twitter_misc":{"Szacowany czas czytania":"1 minuta"},"schema":{"@context":"https:\/\/schema.org","@graph":[{"@type":"WebPage","@id":"https:\/\/racom.com.pl\/index.php\/produkt\/kabel-usb-c-do-usb-c-pd-baseus-pd-2-0-qc3-0-60w-2m\/","url":"https:\/\/racom.com.pl\/index.php\/produkt\/kabel-usb-c-do-usb-c-pd-baseus-pd-2-0-qc3-0-60w-2m\/","name":"Kabel USB-C do USB-C PD Baseus PD 2.0 QC3.0 60W 2m - Mix Market - Supermarket z wszystkim co potrzeba","isPartOf":{"@id":"https:\/\/racom.com.pl\/#website"},"primaryImageOfPage":{"@id":"https:\/\/racom.com.pl\/index.php\/produkt\/kabel-usb-c-do-usb-c-pd-baseus-pd-2-0-qc3-0-60w-2m\/#primaryimage"},"image":{"@id":"https:\/\/racom.com.pl\/index.php\/produkt\/kabel-usb-c-do-usb-c-pd-baseus-pd-2-0-qc3-0-60w-2m\/#primaryimage"},"thumbnailUrl":"https:\/\/racom.com.pl\/wp-content\/uploads\/2025\/07\/allegro_687a6926d6f445.30426387_bc9a02b842d094c8ae234ea24ac2.jpg","datePublished":"2025-07-18T15:32:18+00:00","breadcrumb":{"@id":"https:\/\/racom.com.pl\/index.php\/produkt\/kabel-usb-c-do-usb-c-pd-baseus-pd-2-0-qc3-0-60w-2m\/#breadcrumb"},"inLanguage":"pl-PL","potentialAction":[{"@type":"ReadAction","target":["https:\/\/racom.com.pl\/index.php\/produkt\/kabel-usb-c-do-usb-c-pd-baseus-pd-2-0-qc3-0-60w-2m\/"]}]},{"@type":"ImageObject","inLanguage":"pl-PL","@id":"https:\/\/racom.com.pl\/index.php\/produkt\/kabel-usb-c-do-usb-c-pd-baseus-pd-2-0-qc3-0-60w-2m\/#primaryimage","url":"https:\/\/racom.com.pl\/wp-content\/uploads\/2025\/07\/allegro_687a6926d6f445.30426387_bc9a02b842d094c8ae234ea24ac2.jpg","contentUrl":"https:\/\/racom.com.pl\/wp-content\/uploads\/2025\/07\/allegro_687a6926d6f445.30426387_bc9a02b842d094c8ae234ea24ac2.jpg","width":800,"height":800},{"@type":"BreadcrumbList","@id":"https:\/\/racom.com.pl\/index.php\/produkt\/kabel-usb-c-do-usb-c-pd-baseus-pd-2-0-qc3-0-60w-2m\/#breadcrumb","itemListElement":[{"@type":"ListItem","position":1,"name":"Strona g\u0142\u00f3wna","item":"https:\/\/racom.com.pl\/"},{"@type":"ListItem","position":2,"name":"Sklep","item":"https:\/\/racom.com.pl\/"},{"@type":"ListItem","position":3,"name":"Kabel USB-C do USB-C PD Baseus PD 2.0 QC3.0 60W 2m"}]},{"@type":"WebSite","@id":"https:\/\/racom.com.pl\/#website","url":"https:\/\/racom.com.pl\/","name":"Mix Market - Supermarket z wszystkim co potrzeba do domu i nie tylko","description":"","publisher":{"@id":"https:\/\/racom.com.pl\/#organization"},"potentialAction":[{"@type":"SearchAction","target":{"@type":"EntryPoint","urlTemplate":"https:\/\/racom.com.pl\/?s={search_term_string}"},"query-input":{"@type":"PropertyValueSpecification","valueRequired":true,"valueName":"search_term_string"}}],"inLanguage":"pl-PL"},{"@type":"Organization","@id":"https:\/\/racom.com.pl\/#organization","name":"Mix Market - Supermarket z wszystkim co potrzeba do domu i nie tylko","url":"https:\/\/racom.com.pl\/","logo":{"@type":"ImageObject","inLanguage":"pl-PL","@id":"https:\/\/racom.com.pl\/#\/schema\/logo\/image\/","url":"https:\/\/racom.com.pl\/wp-content\/uploads\/2025\/07\/mixmarket_logo.png","contentUrl":"https:\/\/racom.com.pl\/wp-content\/uploads\/2025\/07\/mixmarket_logo.png","width":1024,"height":1024,"caption":"Mix Market - Supermarket z wszystkim co potrzeba do domu i nie tylko"},"image":{"@id":"https:\/\/racom.com.pl\/#\/schema\/logo\/image\/"}}]}},"_links":{"self":[{"href":"https:\/\/racom.com.pl\/index.php\/wp-json\/wp\/v2\/product\/443","targetHints":{"allow":["GET"]}}],"collection":[{"href":"https:\/\/racom.com.pl\/index.php\/wp-json\/wp\/v2\/product"}],"about":[{"href":"https:\/\/racom.com.pl\/index.php\/wp-json\/wp\/v2\/types\/product"}],"replies":[{"embeddable":true,"href":"https:\/\/racom.com.pl\/index.php\/wp-json\/wp\/v2\/comments?post=443"}],"wp:featuredmedia":[{"embeddable":true,"href":"https:\/\/racom.com.pl\/index.php\/wp-json\/wp\/v2\/media\/452"}],"wp:attachment":[{"href":"https:\/\/racom.com.pl\/index.php\/wp-json\/wp\/v2\/media?parent=443"}],"wp:term":[{"taxonomy":"product_brand","embeddable":true,"href":"https:\/\/racom.com.pl\/index.php\/wp-json\/wp\/v2\/product_brand?post=443"},{"taxonomy":"product_cat","embeddable":true,"href":"https:\/\/racom.com.pl\/index.php\/wp-json\/wp\/v2\/product_cat?post=443"},{"taxonomy":"product_tag","embeddable":true,"href":"https:\/\/racom.com.pl\/index.php\/wp-json\/wp\/v2\/product_tag?post=443"}],"curies":[{"name":"wp","href":"https:\/\/api.w.org\/{rel}","templated":true}]}}