{"id":4494,"date":"2026-03-09T20:29:23","date_gmt":"2026-03-09T19:29:23","guid":{"rendered":"https:\/\/racom.com.pl\/index.php\/produkt\/kwas-chlebowy-podlaski-krynka-bezalkoholowy-zgrzewka-6-butelek-15-l\/"},"modified":"2026-03-09T20:29:23","modified_gmt":"2026-03-09T19:29:23","slug":"kwas-chlebowy-podlaski-krynka-bezalkoholowy-zgrzewka-6-butelek-15-l","status":"publish","type":"product","link":"https:\/\/racom.com.pl\/index.php\/produkt\/kwas-chlebowy-podlaski-krynka-bezalkoholowy-zgrzewka-6-butelek-15-l\/","title":{"rendered":"Kwas chlebowy Podlaski Krynka bezalkoholowy ZGRZEWKA 6 butelek 1,5 L"},"content":{"rendered":"<h2>Nap\u00f3j gazowany bezalkoholowy Kwas Podlaski<\/h2>\n<p><b>Sk\u0142ad<\/b>:<\/p>\n<p>\u2747\ufe0f woda \u017ar\u00f3dlana,<\/p>\n<p>\u2747\ufe0f dwutlenek w\u0119gla,<\/p>\n<p>\u2747\ufe0f cukier,<\/p>\n<p>\u2747\ufe0f emulsja kwasu chlebowego (ekstrakt s\u0142odu j\u0119czmiennego 0,2%)<\/p>\n<p>\u2747\ufe0f regulator kwasowo\u015bci<\/p>\n<p>\u2747\ufe0f substancje s\u0142odz\u0105ca<\/p>\n<p>\u2747\ufe0f substancja konserwuj\u0105ca (benzoesan sodu)<\/p>\n<p><b>Najlepiej spo\u017cy\u0107 sch\u0142odzony<\/b><\/p>\n<h2>Dlaczego nale\u017cy pi\u0107 kwas chlebowy?<\/h2>\n<p><b>\u2699\ufe0fKwas chlebowy<\/b>&nbsp;odbudowuje naturaln\u0105 flor\u0119 bakteryjn\u0105 w jelitach.<\/p>\n<p>\u2699\ufe0f&nbsp;<b>Poprawia przemian\u0119 materii i u\u0142atwia trawienie<\/b>.<\/p>\n<p>\u2699\ufe0fJest&nbsp; pomocny&nbsp;<b>w leczeniu schorze\u0144 jelitowych, szczeg\u00f3lnie pomaga przy nadkwasocie i wzd\u0119ciach<\/b>.<\/p>\n<p>\u2699\ufe0fNap\u00f3j ten&nbsp;<b>wspomaga r\u00f3wnie\u017c dzia\u0142anie uk\u0142adu odporno\u015bciowego i wzmacnia uk\u0142ad sercowo-naczyniowy<\/b>.<\/p>\n<p>\u2699\ufe0fJako&nbsp;<b>naturalny probiotyk<\/b>&nbsp;wspieraj\u0105cy nasze jelita,&nbsp;<b>kwas chlebowy<\/b>&nbsp;jest dobry r\u00f3wnie\u017c dla odporno\u015bci.<\/p>\n","protected":false},"excerpt":{"rendered":"<p>Nap\u00f3j gazowany bezalkoholowy Kwas Podlaski Sk\u0142ad: \u2747\ufe0f woda \u017ar\u00f3dlana, \u2747\ufe0f dwutlenek w\u0119gla, \u2747\ufe0f cukier, \u2747\ufe0f emulsja kwasu chlebowego (ekstrakt s\u0142odu j\u0119czmiennego 0,2%) \u2747\ufe0f regulator kwasowo\u015bci \u2747\ufe0f substancje s\u0142odz\u0105ca \u2747\ufe0f substancja konserwuj\u0105ca (benzoesan sodu) Najlepiej spo\u017cy\u0107 sch\u0142odzony Dlaczego nale\u017cy pi\u0107 kwas chlebowy? \u2699\ufe0fKwas chlebowy&nbsp;odbudowuje naturaln\u0105 flor\u0119 bakteryjn\u0105 w jelitach. \u2699\ufe0f&nbsp;Poprawia przemian\u0119 materii i u\u0142atwia trawienie. \u2699\ufe0fJest&nbsp; [&hellip;]<\/p>\n","protected":false},"featured_media":4506,"comment_status":"open","ping_status":"closed","template":"","meta":[],"product_brand":[88],"product_cat":[116],"product_tag":[],"class_list":{"0":"post-4494","1":"product","2":"type-product","3":"status-publish","4":"has-post-thumbnail","6":"product_brand-bez-marki","7":"product_cat-napoje-i-akcesoria","9":"first","10":"instock","11":"taxable","12":"shipping-taxable","13":"purchasable","14":"product-type-simple"},"yoast_head":"<!-- This site is optimized with the Yoast SEO plugin v27.3 - https:\/\/yoast.com\/product\/yoast-seo-wordpress\/ -->\n<title>Kwas chlebowy Podlaski Krynka bezalkoholowy ZGRZEWKA 6 butelek 1,5 L - Mix Market - Supermarket z wszystkim co potrzeba<\/title>\n<meta name=\"robots\" content=\"index, follow, max-snippet:-1, max-image-preview:large, max-video-preview:-1\" \/>\n<link rel=\"canonical\" href=\"https:\/\/racom.com.pl\/index.php\/produkt\/kwas-chlebowy-podlaski-krynka-bezalkoholowy-zgrzewka-6-butelek-15-l\/\" \/>\n<meta property=\"og:locale\" content=\"pl_PL\" \/>\n<meta property=\"og:type\" content=\"article\" \/>\n<meta property=\"og:title\" content=\"Kwas chlebowy Podlaski Krynka bezalkoholowy ZGRZEWKA 6 butelek 1,5 L - Mix Market - Supermarket z wszystkim co potrzeba\" \/>\n<meta property=\"og:description\" content=\"Nap\u00f3j gazowany bezalkoholowy Kwas Podlaski Sk\u0142ad: \u2747\ufe0f woda \u017ar\u00f3dlana, \u2747\ufe0f dwutlenek w\u0119gla, \u2747\ufe0f cukier, \u2747\ufe0f emulsja kwasu chlebowego (ekstrakt s\u0142odu j\u0119czmiennego 0,2%) \u2747\ufe0f regulator kwasowo\u015bci \u2747\ufe0f substancje s\u0142odz\u0105ca \u2747\ufe0f substancja konserwuj\u0105ca (benzoesan sodu) Najlepiej spo\u017cy\u0107 sch\u0142odzony Dlaczego nale\u017cy pi\u0107 kwas chlebowy? \u2699\ufe0fKwas chlebowy&nbsp;odbudowuje naturaln\u0105 flor\u0119 bakteryjn\u0105 w jelitach. \u2699\ufe0f&nbsp;Poprawia przemian\u0119 materii i u\u0142atwia trawienie. \u2699\ufe0fJest&nbsp; [&hellip;]\" \/>\n<meta property=\"og:url\" content=\"https:\/\/racom.com.pl\/index.php\/produkt\/kwas-chlebowy-podlaski-krynka-bezalkoholowy-zgrzewka-6-butelek-15-l\/\" \/>\n<meta property=\"og:site_name\" content=\"Mix Market - Supermarket z wszystkim co potrzeba\" \/>\n<meta name=\"twitter:card\" content=\"summary_large_image\" \/>\n<meta name=\"twitter:label1\" content=\"Szacowany czas czytania\" \/>\n\t<meta name=\"twitter:data1\" content=\"1 minuta\" \/>\n<script type=\"application\/ld+json\" class=\"yoast-schema-graph\">{\"@context\":\"https:\\\/\\\/schema.org\",\"@graph\":[{\"@type\":\"WebPage\",\"@id\":\"https:\\\/\\\/racom.com.pl\\\/index.php\\\/produkt\\\/kwas-chlebowy-podlaski-krynka-bezalkoholowy-zgrzewka-6-butelek-15-l\\\/\",\"url\":\"https:\\\/\\\/racom.com.pl\\\/index.php\\\/produkt\\\/kwas-chlebowy-podlaski-krynka-bezalkoholowy-zgrzewka-6-butelek-15-l\\\/\",\"name\":\"Kwas chlebowy Podlaski Krynka bezalkoholowy ZGRZEWKA 6 butelek 1,5 L - Mix Market - Supermarket z wszystkim co potrzeba\",\"isPartOf\":{\"@id\":\"https:\\\/\\\/racom.com.pl\\\/#website\"},\"primaryImageOfPage\":{\"@id\":\"https:\\\/\\\/racom.com.pl\\\/index.php\\\/produkt\\\/kwas-chlebowy-podlaski-krynka-bezalkoholowy-zgrzewka-6-butelek-15-l\\\/#primaryimage\"},\"image\":{\"@id\":\"https:\\\/\\\/racom.com.pl\\\/index.php\\\/produkt\\\/kwas-chlebowy-podlaski-krynka-bezalkoholowy-zgrzewka-6-butelek-15-l\\\/#primaryimage\"},\"thumbnailUrl\":\"https:\\\/\\\/racom.com.pl\\\/wp-content\\\/uploads\\\/2026\\\/03\\\/allegro_69af1f9e3a2e56.59177468_eb0ae6ca4dc3a0a66cb3b6b85998.jpg\",\"datePublished\":\"2026-03-09T19:29:23+00:00\",\"breadcrumb\":{\"@id\":\"https:\\\/\\\/racom.com.pl\\\/index.php\\\/produkt\\\/kwas-chlebowy-podlaski-krynka-bezalkoholowy-zgrzewka-6-butelek-15-l\\\/#breadcrumb\"},\"inLanguage\":\"pl-PL\",\"potentialAction\":[{\"@type\":\"ReadAction\",\"target\":[\"https:\\\/\\\/racom.com.pl\\\/index.php\\\/produkt\\\/kwas-chlebowy-podlaski-krynka-bezalkoholowy-zgrzewka-6-butelek-15-l\\\/\"]}]},{\"@type\":\"ImageObject\",\"inLanguage\":\"pl-PL\",\"@id\":\"https:\\\/\\\/racom.com.pl\\\/index.php\\\/produkt\\\/kwas-chlebowy-podlaski-krynka-bezalkoholowy-zgrzewka-6-butelek-15-l\\\/#primaryimage\",\"url\":\"https:\\\/\\\/racom.com.pl\\\/wp-content\\\/uploads\\\/2026\\\/03\\\/allegro_69af1f9e3a2e56.59177468_eb0ae6ca4dc3a0a66cb3b6b85998.jpg\",\"contentUrl\":\"https:\\\/\\\/racom.com.pl\\\/wp-content\\\/uploads\\\/2026\\\/03\\\/allegro_69af1f9e3a2e56.59177468_eb0ae6ca4dc3a0a66cb3b6b85998.jpg\",\"width\":2365,\"height\":2365},{\"@type\":\"BreadcrumbList\",\"@id\":\"https:\\\/\\\/racom.com.pl\\\/index.php\\\/produkt\\\/kwas-chlebowy-podlaski-krynka-bezalkoholowy-zgrzewka-6-butelek-15-l\\\/#breadcrumb\",\"itemListElement\":[{\"@type\":\"ListItem\",\"position\":1,\"name\":\"Strona g\u0142\u00f3wna\",\"item\":\"https:\\\/\\\/racom.com.pl\\\/\"},{\"@type\":\"ListItem\",\"position\":2,\"name\":\"Sklep\",\"item\":\"https:\\\/\\\/racom.com.pl\\\/\"},{\"@type\":\"ListItem\",\"position\":3,\"name\":\"Kwas chlebowy Podlaski Krynka bezalkoholowy ZGRZEWKA 6 butelek 1,5 L\"}]},{\"@type\":\"WebSite\",\"@id\":\"https:\\\/\\\/racom.com.pl\\\/#website\",\"url\":\"https:\\\/\\\/racom.com.pl\\\/\",\"name\":\"Mix Market - Supermarket z wszystkim co potrzeba do domu i nie tylko\",\"description\":\"\",\"publisher\":{\"@id\":\"https:\\\/\\\/racom.com.pl\\\/#organization\"},\"potentialAction\":[{\"@type\":\"SearchAction\",\"target\":{\"@type\":\"EntryPoint\",\"urlTemplate\":\"https:\\\/\\\/racom.com.pl\\\/?s={search_term_string}\"},\"query-input\":{\"@type\":\"PropertyValueSpecification\",\"valueRequired\":true,\"valueName\":\"search_term_string\"}}],\"inLanguage\":\"pl-PL\"},{\"@type\":\"Organization\",\"@id\":\"https:\\\/\\\/racom.com.pl\\\/#organization\",\"name\":\"Mix Market - Supermarket z wszystkim co potrzeba do domu i nie tylko\",\"url\":\"https:\\\/\\\/racom.com.pl\\\/\",\"logo\":{\"@type\":\"ImageObject\",\"inLanguage\":\"pl-PL\",\"@id\":\"https:\\\/\\\/racom.com.pl\\\/#\\\/schema\\\/logo\\\/image\\\/\",\"url\":\"https:\\\/\\\/racom.com.pl\\\/wp-content\\\/uploads\\\/2025\\\/07\\\/mixmarket_logo.png\",\"contentUrl\":\"https:\\\/\\\/racom.com.pl\\\/wp-content\\\/uploads\\\/2025\\\/07\\\/mixmarket_logo.png\",\"width\":1024,\"height\":1024,\"caption\":\"Mix Market - Supermarket z wszystkim co potrzeba do domu i nie tylko\"},\"image\":{\"@id\":\"https:\\\/\\\/racom.com.pl\\\/#\\\/schema\\\/logo\\\/image\\\/\"}}]}<\/script>\n<!-- \/ Yoast SEO plugin. -->","yoast_head_json":{"title":"Kwas chlebowy Podlaski Krynka bezalkoholowy ZGRZEWKA 6 butelek 1,5 L - Mix Market - Supermarket z wszystkim co potrzeba","robots":{"index":"index","follow":"follow","max-snippet":"max-snippet:-1","max-image-preview":"max-image-preview:large","max-video-preview":"max-video-preview:-1"},"canonical":"https:\/\/racom.com.pl\/index.php\/produkt\/kwas-chlebowy-podlaski-krynka-bezalkoholowy-zgrzewka-6-butelek-15-l\/","og_locale":"pl_PL","og_type":"article","og_title":"Kwas chlebowy Podlaski Krynka bezalkoholowy ZGRZEWKA 6 butelek 1,5 L - Mix Market - Supermarket z wszystkim co potrzeba","og_description":"Nap\u00f3j gazowany bezalkoholowy Kwas Podlaski Sk\u0142ad: \u2747\ufe0f woda \u017ar\u00f3dlana, \u2747\ufe0f dwutlenek w\u0119gla, \u2747\ufe0f cukier, \u2747\ufe0f emulsja kwasu chlebowego (ekstrakt s\u0142odu j\u0119czmiennego 0,2%) \u2747\ufe0f regulator kwasowo\u015bci \u2747\ufe0f substancje s\u0142odz\u0105ca \u2747\ufe0f substancja konserwuj\u0105ca (benzoesan sodu) Najlepiej spo\u017cy\u0107 sch\u0142odzony Dlaczego nale\u017cy pi\u0107 kwas chlebowy? \u2699\ufe0fKwas chlebowy&nbsp;odbudowuje naturaln\u0105 flor\u0119 bakteryjn\u0105 w jelitach. \u2699\ufe0f&nbsp;Poprawia przemian\u0119 materii i u\u0142atwia trawienie. \u2699\ufe0fJest&nbsp; [&hellip;]","og_url":"https:\/\/racom.com.pl\/index.php\/produkt\/kwas-chlebowy-podlaski-krynka-bezalkoholowy-zgrzewka-6-butelek-15-l\/","og_site_name":"Mix Market - Supermarket z wszystkim co potrzeba","twitter_card":"summary_large_image","twitter_misc":{"Szacowany czas czytania":"1 minuta"},"schema":{"@context":"https:\/\/schema.org","@graph":[{"@type":"WebPage","@id":"https:\/\/racom.com.pl\/index.php\/produkt\/kwas-chlebowy-podlaski-krynka-bezalkoholowy-zgrzewka-6-butelek-15-l\/","url":"https:\/\/racom.com.pl\/index.php\/produkt\/kwas-chlebowy-podlaski-krynka-bezalkoholowy-zgrzewka-6-butelek-15-l\/","name":"Kwas chlebowy Podlaski Krynka bezalkoholowy ZGRZEWKA 6 butelek 1,5 L - Mix Market - Supermarket z wszystkim co potrzeba","isPartOf":{"@id":"https:\/\/racom.com.pl\/#website"},"primaryImageOfPage":{"@id":"https:\/\/racom.com.pl\/index.php\/produkt\/kwas-chlebowy-podlaski-krynka-bezalkoholowy-zgrzewka-6-butelek-15-l\/#primaryimage"},"image":{"@id":"https:\/\/racom.com.pl\/index.php\/produkt\/kwas-chlebowy-podlaski-krynka-bezalkoholowy-zgrzewka-6-butelek-15-l\/#primaryimage"},"thumbnailUrl":"https:\/\/racom.com.pl\/wp-content\/uploads\/2026\/03\/allegro_69af1f9e3a2e56.59177468_eb0ae6ca4dc3a0a66cb3b6b85998.jpg","datePublished":"2026-03-09T19:29:23+00:00","breadcrumb":{"@id":"https:\/\/racom.com.pl\/index.php\/produkt\/kwas-chlebowy-podlaski-krynka-bezalkoholowy-zgrzewka-6-butelek-15-l\/#breadcrumb"},"inLanguage":"pl-PL","potentialAction":[{"@type":"ReadAction","target":["https:\/\/racom.com.pl\/index.php\/produkt\/kwas-chlebowy-podlaski-krynka-bezalkoholowy-zgrzewka-6-butelek-15-l\/"]}]},{"@type":"ImageObject","inLanguage":"pl-PL","@id":"https:\/\/racom.com.pl\/index.php\/produkt\/kwas-chlebowy-podlaski-krynka-bezalkoholowy-zgrzewka-6-butelek-15-l\/#primaryimage","url":"https:\/\/racom.com.pl\/wp-content\/uploads\/2026\/03\/allegro_69af1f9e3a2e56.59177468_eb0ae6ca4dc3a0a66cb3b6b85998.jpg","contentUrl":"https:\/\/racom.com.pl\/wp-content\/uploads\/2026\/03\/allegro_69af1f9e3a2e56.59177468_eb0ae6ca4dc3a0a66cb3b6b85998.jpg","width":2365,"height":2365},{"@type":"BreadcrumbList","@id":"https:\/\/racom.com.pl\/index.php\/produkt\/kwas-chlebowy-podlaski-krynka-bezalkoholowy-zgrzewka-6-butelek-15-l\/#breadcrumb","itemListElement":[{"@type":"ListItem","position":1,"name":"Strona g\u0142\u00f3wna","item":"https:\/\/racom.com.pl\/"},{"@type":"ListItem","position":2,"name":"Sklep","item":"https:\/\/racom.com.pl\/"},{"@type":"ListItem","position":3,"name":"Kwas chlebowy Podlaski Krynka bezalkoholowy ZGRZEWKA 6 butelek 1,5 L"}]},{"@type":"WebSite","@id":"https:\/\/racom.com.pl\/#website","url":"https:\/\/racom.com.pl\/","name":"Mix Market - Supermarket z wszystkim co potrzeba do domu i nie tylko","description":"","publisher":{"@id":"https:\/\/racom.com.pl\/#organization"},"potentialAction":[{"@type":"SearchAction","target":{"@type":"EntryPoint","urlTemplate":"https:\/\/racom.com.pl\/?s={search_term_string}"},"query-input":{"@type":"PropertyValueSpecification","valueRequired":true,"valueName":"search_term_string"}}],"inLanguage":"pl-PL"},{"@type":"Organization","@id":"https:\/\/racom.com.pl\/#organization","name":"Mix Market - Supermarket z wszystkim co potrzeba do domu i nie tylko","url":"https:\/\/racom.com.pl\/","logo":{"@type":"ImageObject","inLanguage":"pl-PL","@id":"https:\/\/racom.com.pl\/#\/schema\/logo\/image\/","url":"https:\/\/racom.com.pl\/wp-content\/uploads\/2025\/07\/mixmarket_logo.png","contentUrl":"https:\/\/racom.com.pl\/wp-content\/uploads\/2025\/07\/mixmarket_logo.png","width":1024,"height":1024,"caption":"Mix Market - Supermarket z wszystkim co potrzeba do domu i nie tylko"},"image":{"@id":"https:\/\/racom.com.pl\/#\/schema\/logo\/image\/"}}]}},"_links":{"self":[{"href":"https:\/\/racom.com.pl\/index.php\/wp-json\/wp\/v2\/product\/4494","targetHints":{"allow":["GET"]}}],"collection":[{"href":"https:\/\/racom.com.pl\/index.php\/wp-json\/wp\/v2\/product"}],"about":[{"href":"https:\/\/racom.com.pl\/index.php\/wp-json\/wp\/v2\/types\/product"}],"replies":[{"embeddable":true,"href":"https:\/\/racom.com.pl\/index.php\/wp-json\/wp\/v2\/comments?post=4494"}],"wp:featuredmedia":[{"embeddable":true,"href":"https:\/\/racom.com.pl\/index.php\/wp-json\/wp\/v2\/media\/4506"}],"wp:attachment":[{"href":"https:\/\/racom.com.pl\/index.php\/wp-json\/wp\/v2\/media?parent=4494"}],"wp:term":[{"taxonomy":"product_brand","embeddable":true,"href":"https:\/\/racom.com.pl\/index.php\/wp-json\/wp\/v2\/product_brand?post=4494"},{"taxonomy":"product_cat","embeddable":true,"href":"https:\/\/racom.com.pl\/index.php\/wp-json\/wp\/v2\/product_cat?post=4494"},{"taxonomy":"product_tag","embeddable":true,"href":"https:\/\/racom.com.pl\/index.php\/wp-json\/wp\/v2\/product_tag?post=4494"}],"curies":[{"name":"wp","href":"https:\/\/api.w.org\/{rel}","templated":true}]}}