{"id":458,"date":"2025-07-18T17:33:16","date_gmt":"2025-07-18T15:33:16","guid":{"rendered":"http:\/\/192.168.2.106\/index.php\/produkt\/multimetr-cyfrowy-z-latarka-habotest-ht118a-rms\/"},"modified":"2025-07-18T17:33:16","modified_gmt":"2025-07-18T15:33:16","slug":"multimetr-cyfrowy-z-latarka-habotest-ht118a-rms","status":"publish","type":"product","link":"https:\/\/racom.com.pl\/index.php\/produkt\/multimetr-cyfrowy-z-latarka-habotest-ht118a-rms\/","title":{"rendered":"Multimetr cyfrowy z latark\u0105 Habotest HT118A RMS"},"content":{"rendered":"<h2>Multimetr cyfrowy z latark\u0105 Habotest HT118A RMS<\/h2>\n<p>Miernik uniwersalny Habotest HT118A<\/p>\n<p>Miernik uniwersalny marki Habotest to niezast\u0105pione narz\u0119dzie, kt\u00f3re zapewnia precyzyjny pomiar parametr\u00f3w takich jak mi\u0119dzy innymi napi\u0119cie, ci\u0105g\u0142o\u015b\u0107 czy temperatura. Pod\u015bwietlany wy\u015bwietlacz u\u0142atwia jego obs\u0142ug\u0119. Wbudowana latarka pozwoli Ci pracowa\u0107 r\u00f3wnie\u017c w ciemnych pomieszczeniach, a dzi\u0119ki specjalnej podstawce stabilnie postawisz urz\u0105dzenie na p\u0142askiej powierzchni. Produkt zosta\u0142 te\u017c wyposa\u017cony w sensory NCV umo\u017cliwiaj\u0105ce bezdotykowy pomiar napi\u0119cia. Miernik obs\u0142uguje automatyczny wyb\u00f3r zakres\u00f3w.<\/p>\n<p>Mierzy wiele r\u00f3\u017cnych parametr\u00f3w<\/p>\n<p>HT118A ma wiele przydatnych funkcji. Za jego pomoc\u0105 zmierzysz mi\u0119dzy innymi napi\u0119cie AC i DC, pojemno\u015b\u0107, a tak\u017ce temperatur\u0119 w zakresie -40\u00b0C-1000\u00b0C. Sprawdzisz te\u017c, czy przew\u00f3d jest pod napi\u0119ciem i skontrolujesz ci\u0105g\u0142o\u015b\u0107. To jednak nie koniec mo\u017cliwo\u015bci! Miernik pozwala r\u00f3wnie\u017c na bezdotykowy pomiar napi\u0119cia (NCV).<\/p>\n<p>Czytelny wy\u015bwietlacz i praktyczne pod\u015bwietlenie<\/p>\n<p>Obs\u0142uga urz\u0105dzenia jest bardzo prosta. Wyniki pomiar\u00f3w s\u0105 wy\u015bwietlane na czytelnym ekranie LCD, kt\u00f3ry ma podw\u00f3jne pod\u015bwietlenie. Je\u017celi warto\u015b\u0107 napi\u0119cia przekroczy 80 V lub nat\u0119\u017cenia 1 A, jego kolor zmieni si\u0119 na pomara\u0144czowy. Co wi\u0119cej, miernik ma wska\u017anik LED portu wej\u015bciowego jack.<\/p>\n<p>Dodatkowe funkcje<\/p>\n<p>Habotest HT118A obs\u0142uguje te\u017c inne przydatne funkcje, takie jak na przyk\u0142ad max\/min czy testowanie diod. Za jego pomoc\u0105 sprawdzisz r\u00f3wnie\u017c prawdziw\u0105 warto\u015b\u0107 RMS. Pozwala tak\u017ce na przechowywanie danych. Ponadto, automatyczny wyb\u00f3r zakres\u00f3w zapewnia optymalny pomiar w ka\u017cdej sytuacji.<\/p>\n<p>D\u0142ugi czas pracy<\/p>\n<p>Do zasilania urz\u0105dzenia wymagane s\u0105 2 baterie AA. Co wi\u0119cej, nie musisz obawia\u0107 si\u0119 przedwczesnego roz\u0142adowania miernika. Nawet, je\u015bli zapomnisz go wy\u0142\u0105czy\u0107, po 15 minutach bezczynno\u015bci automatycznie przestanie pracowa\u0107. HT118A o wszystkim pomy\u015bli za Ciebie!<\/p>\n<p>Przemy\u015blana konstrukcja<\/p>\n<p>Urz\u0105dzenie jest lekkie i por\u0119czne &#8211; doskonale le\u017cy w d\u0142oni i zapewnia komfort u\u017cytkowania. Dzi\u0119ki wbudowanej latarce mo\u017cesz wygodnie i bezpiecznie u\u017cywa\u0107 go r\u00f3wnie\u017c w s\u0142abo o\u015bwietlonych pomieszczeniach. Miernik zosta\u0142 te\u017c wyposa\u017cony w umieszczon\u0105 z ty\u0142u, rozk\u0142adan\u0105 podstawk\u0119, kt\u00f3ra umo\u017cliwia stabilne postawienie go na stole czy p\u00f3\u0142ce.<\/p>\n<p>Specyfikacja<\/p>\n<ul>\n<li><b>Model:<\/b> HT118A<\/li>\n<li><b>Napi\u0119cie DC (zakres + dok\u0142adno\u015b\u0107) <\/b>600 mV \u00b1(0,5%+3); 6\/60\/600\/1000 V \u00b1(0,5%+3)<\/li>\n<\/ul>\n<ul>\n<li><b>Napi\u0119cie AC (zakres + dok\u0142adno\u015b\u0107)<\/b>\n<p>600 mV \u00b1(1,0%+5);<\/p>\n<p>6\/60\/600\/750 V \u00b1(1,0%+5)<\/p>\n<\/li>\n<li><b>Nat\u0119\u017cenie DC (zakres + dok\u0142adno\u015b\u0107)<\/b>\n<p>600 uA\/6000 uA\/60 mA\/600 mA \u00b1(0,8%+3);<\/p>\n<p>6\/10 A \u00b1(1,2%+3)<\/p>\n<\/li>\n<li><b>Nat\u0119\u017cenie AC (zakres + dok\u0142adno\u015b\u0107)<\/b>\n<p>600 uA\/6000 uA\/60 mA\/600 mA \u00b1(1,0%+3);<\/p>\n<p>6 A\/10 A \u00b1(1,5%+3)<\/p>\n<\/li>\n<li><b>Op\u00f3r (zakres + dok\u0142adno\u015b\u0107):<\/b> 600 \uab65\/6 k\uab65\/60 k\uab65\/600 k\uab65\/6 M\uab65\/60 M\uab65 \u00b1(0,8%+3)<\/li>\n<li><b>Pojemno\u015b\u0107 (zakres + dok\u0142adno\u015b\u0107)<\/b>\n<p>10 nF\/100 nF\/1 \u03bcF\/10 \u03bcF\/100 \u03bcF\/1 mF\/10 mF \u00b1(4,0%+3);<\/p>\n<p>100 mF \u00b1(5,0%+5)<\/p>\n<\/li>\n<li><b>Cz\u0119stotliwo\u015b\u0107 (zakres + dok\u0142adno\u015b\u0107):<\/b> 10 Hz\/100 Hz\/1 kHz\/10 kHz\/100 kHz\/1 MHz\/10 MHz \u00b1(1,0%+3)<\/li>\n<li><b>Wsp\u00f3\u0142czynnik wype\u0142nienia (zakres + dok\u0142adno\u015b\u0107):<\/b> 1-99% \u00b1(1,0%+2)<\/li>\n<li><b>Temperatura (zakres + dok\u0142adno\u015b\u0107)<\/b>\n<p>-40\u00b0C-1000\u00b0C \u00b1(1,0%+3);<\/p>\n<p>-40\u00b0F-1832\u00b0F \u00b1(1,0%+3)<\/p>\n<\/li>\n<li><b>Zliczenia:<\/b> 6000<\/li>\n<\/ul>\n<ul>\n<li><b>Wyb\u00f3r zakres\u00f3w:<\/b> Automatyczny<\/li>\n<li><b>Wy\u015bwietlacz:<\/b> LCD<\/li>\n<li><b>Wykres s\u0142upkowy:<\/b> Tak<\/li>\n<li><b>Live test:<\/b> Tak, alarm d\u017awi\u0119kowy i \u015bwietlny<\/li>\n<li><b>NCV:<\/b> Tak, alarm d\u017awi\u0119kowy i \u015bwietlny<\/li>\n<li><b>Testowanie diod:<\/b> Tak<\/li>\n<li><b>Ci\u0105g\u0142o\u015b\u0107:<\/b> Tak, alarm d\u017awi\u0119kowy i \u015bwietlny<\/li>\n<li><b>Max\/min:<\/b> Tak<\/li>\n<li><b>Przechowywanie danych:<\/b> Tak<\/li>\n<li><b>Prawdziwa warto\u015b\u0107 RMS:<\/b> Tak<\/li>\n<li><b>Pasmo przenoszenia:<\/b> 1 kHz<\/li>\n<li><b>Testowanie akumulator\u00f3w (1,5 V\/9 V):<\/b> Nie<\/li>\n<li><b>Wska\u017anik niskiego poziomu na\u0142adowania:<\/b> Tak<\/li>\n<li><b>Automatyczne wy\u0142\u0105czanie <\/b>Tak<\/li>\n<li><b>Podw\u00f3jne pod\u015bwietlenie wy\u015bwietlacza <\/b>Tak<\/li>\n<li><b>Wska\u017anik LED portu wej\u015bciowego jack <\/b>Tak<\/li>\n<li><b>Latarka <\/b>Tak<\/li>\n<li><b>Zasilanie <\/b>2x bateria AA (w zestawie)<\/li>\n<li><b>Waga <\/b>Ok. 350 g<\/li>\n<li><b>Wymiary <\/b>188x88x58 mm<\/li>\n<li><b>Bezpiecze\u0144stwo <\/b>EN61010-1,-2-030; EN61010-2-033; EN61326-1 CAT III 1000 V, CATIV 600 V<\/li>\n<\/ul>\n","protected":false},"excerpt":{"rendered":"<p>Multimetr cyfrowy z latark\u0105 Habotest HT118A RMS Miernik uniwersalny Habotest HT118A Miernik uniwersalny marki Habotest to niezast\u0105pione narz\u0119dzie, kt\u00f3re zapewnia precyzyjny pomiar parametr\u00f3w takich jak mi\u0119dzy innymi napi\u0119cie, ci\u0105g\u0142o\u015b\u0107 czy temperatura. Pod\u015bwietlany wy\u015bwietlacz u\u0142atwia jego obs\u0142ug\u0119. Wbudowana latarka pozwoli Ci pracowa\u0107 r\u00f3wnie\u017c w ciemnych pomieszczeniach, a dzi\u0119ki specjalnej podstawce stabilnie postawisz urz\u0105dzenie na p\u0142askiej powierzchni. [&hellip;]<\/p>\n","protected":false},"featured_media":464,"comment_status":"open","ping_status":"closed","template":"","meta":[],"product_brand":[51],"product_cat":[22],"product_tag":[],"class_list":{"0":"post-458","1":"product","2":"type-product","3":"status-publish","4":"has-post-thumbnail","6":"product_brand-habotest","7":"product_cat-elektronika","9":"first","10":"instock","11":"taxable","12":"shipping-taxable","13":"purchasable","14":"product-type-simple"},"yoast_head":"<!-- This site is optimized with the Yoast SEO plugin v27.3 - https:\/\/yoast.com\/product\/yoast-seo-wordpress\/ -->\n<title>Multimetr cyfrowy z latark\u0105 Habotest HT118A RMS - Mix Market - Supermarket z wszystkim co potrzeba<\/title>\n<meta name=\"robots\" content=\"index, follow, max-snippet:-1, max-image-preview:large, max-video-preview:-1\" \/>\n<link rel=\"canonical\" href=\"https:\/\/racom.com.pl\/index.php\/produkt\/multimetr-cyfrowy-z-latarka-habotest-ht118a-rms\/\" \/>\n<meta property=\"og:locale\" content=\"pl_PL\" \/>\n<meta property=\"og:type\" content=\"article\" \/>\n<meta property=\"og:title\" content=\"Multimetr cyfrowy z latark\u0105 Habotest HT118A RMS - Mix Market - Supermarket z wszystkim co potrzeba\" \/>\n<meta property=\"og:description\" content=\"Multimetr cyfrowy z latark\u0105 Habotest HT118A RMS Miernik uniwersalny Habotest HT118A Miernik uniwersalny marki Habotest to niezast\u0105pione narz\u0119dzie, kt\u00f3re zapewnia precyzyjny pomiar parametr\u00f3w takich jak mi\u0119dzy innymi napi\u0119cie, ci\u0105g\u0142o\u015b\u0107 czy temperatura. Pod\u015bwietlany wy\u015bwietlacz u\u0142atwia jego obs\u0142ug\u0119. Wbudowana latarka pozwoli Ci pracowa\u0107 r\u00f3wnie\u017c w ciemnych pomieszczeniach, a dzi\u0119ki specjalnej podstawce stabilnie postawisz urz\u0105dzenie na p\u0142askiej powierzchni. [&hellip;]\" \/>\n<meta property=\"og:url\" content=\"https:\/\/racom.com.pl\/index.php\/produkt\/multimetr-cyfrowy-z-latarka-habotest-ht118a-rms\/\" \/>\n<meta property=\"og:site_name\" content=\"Mix Market - Supermarket z wszystkim co potrzeba\" \/>\n<meta property=\"og:image\" content=\"https:\/\/racom.com.pl\/wp-content\/uploads\/2025\/07\/allegro_687a69518c32f8.82799752_02a055154c068c4dd4a1be49adbe.jpg\" \/>\n\t<meta property=\"og:image:width\" content=\"800\" \/>\n\t<meta property=\"og:image:height\" content=\"800\" \/>\n\t<meta property=\"og:image:type\" content=\"image\/jpeg\" \/>\n<meta name=\"twitter:card\" content=\"summary_large_image\" \/>\n<meta name=\"twitter:label1\" content=\"Szacowany czas czytania\" \/>\n\t<meta name=\"twitter:data1\" content=\"3 minuty\" \/>\n<script type=\"application\/ld+json\" class=\"yoast-schema-graph\">{\"@context\":\"https:\\\/\\\/schema.org\",\"@graph\":[{\"@type\":\"WebPage\",\"@id\":\"https:\\\/\\\/racom.com.pl\\\/index.php\\\/produkt\\\/multimetr-cyfrowy-z-latarka-habotest-ht118a-rms\\\/\",\"url\":\"https:\\\/\\\/racom.com.pl\\\/index.php\\\/produkt\\\/multimetr-cyfrowy-z-latarka-habotest-ht118a-rms\\\/\",\"name\":\"Multimetr cyfrowy z latark\u0105 Habotest HT118A RMS - Mix Market - Supermarket z wszystkim co potrzeba\",\"isPartOf\":{\"@id\":\"https:\\\/\\\/racom.com.pl\\\/#website\"},\"primaryImageOfPage\":{\"@id\":\"https:\\\/\\\/racom.com.pl\\\/index.php\\\/produkt\\\/multimetr-cyfrowy-z-latarka-habotest-ht118a-rms\\\/#primaryimage\"},\"image\":{\"@id\":\"https:\\\/\\\/racom.com.pl\\\/index.php\\\/produkt\\\/multimetr-cyfrowy-z-latarka-habotest-ht118a-rms\\\/#primaryimage\"},\"thumbnailUrl\":\"https:\\\/\\\/racom.com.pl\\\/wp-content\\\/uploads\\\/2025\\\/07\\\/allegro_687a69518c32f8.82799752_02a055154c068c4dd4a1be49adbe.jpg\",\"datePublished\":\"2025-07-18T15:33:16+00:00\",\"breadcrumb\":{\"@id\":\"https:\\\/\\\/racom.com.pl\\\/index.php\\\/produkt\\\/multimetr-cyfrowy-z-latarka-habotest-ht118a-rms\\\/#breadcrumb\"},\"inLanguage\":\"pl-PL\",\"potentialAction\":[{\"@type\":\"ReadAction\",\"target\":[\"https:\\\/\\\/racom.com.pl\\\/index.php\\\/produkt\\\/multimetr-cyfrowy-z-latarka-habotest-ht118a-rms\\\/\"]}]},{\"@type\":\"ImageObject\",\"inLanguage\":\"pl-PL\",\"@id\":\"https:\\\/\\\/racom.com.pl\\\/index.php\\\/produkt\\\/multimetr-cyfrowy-z-latarka-habotest-ht118a-rms\\\/#primaryimage\",\"url\":\"https:\\\/\\\/racom.com.pl\\\/wp-content\\\/uploads\\\/2025\\\/07\\\/allegro_687a69518c32f8.82799752_02a055154c068c4dd4a1be49adbe.jpg\",\"contentUrl\":\"https:\\\/\\\/racom.com.pl\\\/wp-content\\\/uploads\\\/2025\\\/07\\\/allegro_687a69518c32f8.82799752_02a055154c068c4dd4a1be49adbe.jpg\",\"width\":800,\"height\":800},{\"@type\":\"BreadcrumbList\",\"@id\":\"https:\\\/\\\/racom.com.pl\\\/index.php\\\/produkt\\\/multimetr-cyfrowy-z-latarka-habotest-ht118a-rms\\\/#breadcrumb\",\"itemListElement\":[{\"@type\":\"ListItem\",\"position\":1,\"name\":\"Strona g\u0142\u00f3wna\",\"item\":\"https:\\\/\\\/racom.com.pl\\\/\"},{\"@type\":\"ListItem\",\"position\":2,\"name\":\"Sklep\",\"item\":\"https:\\\/\\\/racom.com.pl\\\/\"},{\"@type\":\"ListItem\",\"position\":3,\"name\":\"Multimetr cyfrowy z latark\u0105 Habotest HT118A RMS\"}]},{\"@type\":\"WebSite\",\"@id\":\"https:\\\/\\\/racom.com.pl\\\/#website\",\"url\":\"https:\\\/\\\/racom.com.pl\\\/\",\"name\":\"Mix Market - Supermarket z wszystkim co potrzeba do domu i nie tylko\",\"description\":\"\",\"publisher\":{\"@id\":\"https:\\\/\\\/racom.com.pl\\\/#organization\"},\"potentialAction\":[{\"@type\":\"SearchAction\",\"target\":{\"@type\":\"EntryPoint\",\"urlTemplate\":\"https:\\\/\\\/racom.com.pl\\\/?s={search_term_string}\"},\"query-input\":{\"@type\":\"PropertyValueSpecification\",\"valueRequired\":true,\"valueName\":\"search_term_string\"}}],\"inLanguage\":\"pl-PL\"},{\"@type\":\"Organization\",\"@id\":\"https:\\\/\\\/racom.com.pl\\\/#organization\",\"name\":\"Mix Market - Supermarket z wszystkim co potrzeba do domu i nie tylko\",\"url\":\"https:\\\/\\\/racom.com.pl\\\/\",\"logo\":{\"@type\":\"ImageObject\",\"inLanguage\":\"pl-PL\",\"@id\":\"https:\\\/\\\/racom.com.pl\\\/#\\\/schema\\\/logo\\\/image\\\/\",\"url\":\"https:\\\/\\\/racom.com.pl\\\/wp-content\\\/uploads\\\/2025\\\/07\\\/mixmarket_logo.png\",\"contentUrl\":\"https:\\\/\\\/racom.com.pl\\\/wp-content\\\/uploads\\\/2025\\\/07\\\/mixmarket_logo.png\",\"width\":1024,\"height\":1024,\"caption\":\"Mix Market - Supermarket z wszystkim co potrzeba do domu i nie tylko\"},\"image\":{\"@id\":\"https:\\\/\\\/racom.com.pl\\\/#\\\/schema\\\/logo\\\/image\\\/\"}}]}<\/script>\n<!-- \/ Yoast SEO plugin. -->","yoast_head_json":{"title":"Multimetr cyfrowy z latark\u0105 Habotest HT118A RMS - Mix Market - Supermarket z wszystkim co potrzeba","robots":{"index":"index","follow":"follow","max-snippet":"max-snippet:-1","max-image-preview":"max-image-preview:large","max-video-preview":"max-video-preview:-1"},"canonical":"https:\/\/racom.com.pl\/index.php\/produkt\/multimetr-cyfrowy-z-latarka-habotest-ht118a-rms\/","og_locale":"pl_PL","og_type":"article","og_title":"Multimetr cyfrowy z latark\u0105 Habotest HT118A RMS - Mix Market - Supermarket z wszystkim co potrzeba","og_description":"Multimetr cyfrowy z latark\u0105 Habotest HT118A RMS Miernik uniwersalny Habotest HT118A Miernik uniwersalny marki Habotest to niezast\u0105pione narz\u0119dzie, kt\u00f3re zapewnia precyzyjny pomiar parametr\u00f3w takich jak mi\u0119dzy innymi napi\u0119cie, ci\u0105g\u0142o\u015b\u0107 czy temperatura. Pod\u015bwietlany wy\u015bwietlacz u\u0142atwia jego obs\u0142ug\u0119. Wbudowana latarka pozwoli Ci pracowa\u0107 r\u00f3wnie\u017c w ciemnych pomieszczeniach, a dzi\u0119ki specjalnej podstawce stabilnie postawisz urz\u0105dzenie na p\u0142askiej powierzchni. [&hellip;]","og_url":"https:\/\/racom.com.pl\/index.php\/produkt\/multimetr-cyfrowy-z-latarka-habotest-ht118a-rms\/","og_site_name":"Mix Market - Supermarket z wszystkim co potrzeba","og_image":[{"width":800,"height":800,"url":"https:\/\/racom.com.pl\/wp-content\/uploads\/2025\/07\/allegro_687a69518c32f8.82799752_02a055154c068c4dd4a1be49adbe.jpg","type":"image\/jpeg"}],"twitter_card":"summary_large_image","twitter_misc":{"Szacowany czas czytania":"3 minuty"},"schema":{"@context":"https:\/\/schema.org","@graph":[{"@type":"WebPage","@id":"https:\/\/racom.com.pl\/index.php\/produkt\/multimetr-cyfrowy-z-latarka-habotest-ht118a-rms\/","url":"https:\/\/racom.com.pl\/index.php\/produkt\/multimetr-cyfrowy-z-latarka-habotest-ht118a-rms\/","name":"Multimetr cyfrowy z latark\u0105 Habotest HT118A RMS - Mix Market - Supermarket z wszystkim co potrzeba","isPartOf":{"@id":"https:\/\/racom.com.pl\/#website"},"primaryImageOfPage":{"@id":"https:\/\/racom.com.pl\/index.php\/produkt\/multimetr-cyfrowy-z-latarka-habotest-ht118a-rms\/#primaryimage"},"image":{"@id":"https:\/\/racom.com.pl\/index.php\/produkt\/multimetr-cyfrowy-z-latarka-habotest-ht118a-rms\/#primaryimage"},"thumbnailUrl":"https:\/\/racom.com.pl\/wp-content\/uploads\/2025\/07\/allegro_687a69518c32f8.82799752_02a055154c068c4dd4a1be49adbe.jpg","datePublished":"2025-07-18T15:33:16+00:00","breadcrumb":{"@id":"https:\/\/racom.com.pl\/index.php\/produkt\/multimetr-cyfrowy-z-latarka-habotest-ht118a-rms\/#breadcrumb"},"inLanguage":"pl-PL","potentialAction":[{"@type":"ReadAction","target":["https:\/\/racom.com.pl\/index.php\/produkt\/multimetr-cyfrowy-z-latarka-habotest-ht118a-rms\/"]}]},{"@type":"ImageObject","inLanguage":"pl-PL","@id":"https:\/\/racom.com.pl\/index.php\/produkt\/multimetr-cyfrowy-z-latarka-habotest-ht118a-rms\/#primaryimage","url":"https:\/\/racom.com.pl\/wp-content\/uploads\/2025\/07\/allegro_687a69518c32f8.82799752_02a055154c068c4dd4a1be49adbe.jpg","contentUrl":"https:\/\/racom.com.pl\/wp-content\/uploads\/2025\/07\/allegro_687a69518c32f8.82799752_02a055154c068c4dd4a1be49adbe.jpg","width":800,"height":800},{"@type":"BreadcrumbList","@id":"https:\/\/racom.com.pl\/index.php\/produkt\/multimetr-cyfrowy-z-latarka-habotest-ht118a-rms\/#breadcrumb","itemListElement":[{"@type":"ListItem","position":1,"name":"Strona g\u0142\u00f3wna","item":"https:\/\/racom.com.pl\/"},{"@type":"ListItem","position":2,"name":"Sklep","item":"https:\/\/racom.com.pl\/"},{"@type":"ListItem","position":3,"name":"Multimetr cyfrowy z latark\u0105 Habotest HT118A RMS"}]},{"@type":"WebSite","@id":"https:\/\/racom.com.pl\/#website","url":"https:\/\/racom.com.pl\/","name":"Mix Market - Supermarket z wszystkim co potrzeba do domu i nie tylko","description":"","publisher":{"@id":"https:\/\/racom.com.pl\/#organization"},"potentialAction":[{"@type":"SearchAction","target":{"@type":"EntryPoint","urlTemplate":"https:\/\/racom.com.pl\/?s={search_term_string}"},"query-input":{"@type":"PropertyValueSpecification","valueRequired":true,"valueName":"search_term_string"}}],"inLanguage":"pl-PL"},{"@type":"Organization","@id":"https:\/\/racom.com.pl\/#organization","name":"Mix Market - Supermarket z wszystkim co potrzeba do domu i nie tylko","url":"https:\/\/racom.com.pl\/","logo":{"@type":"ImageObject","inLanguage":"pl-PL","@id":"https:\/\/racom.com.pl\/#\/schema\/logo\/image\/","url":"https:\/\/racom.com.pl\/wp-content\/uploads\/2025\/07\/mixmarket_logo.png","contentUrl":"https:\/\/racom.com.pl\/wp-content\/uploads\/2025\/07\/mixmarket_logo.png","width":1024,"height":1024,"caption":"Mix Market - Supermarket z wszystkim co potrzeba do domu i nie tylko"},"image":{"@id":"https:\/\/racom.com.pl\/#\/schema\/logo\/image\/"}}]}},"_links":{"self":[{"href":"https:\/\/racom.com.pl\/index.php\/wp-json\/wp\/v2\/product\/458","targetHints":{"allow":["GET"]}}],"collection":[{"href":"https:\/\/racom.com.pl\/index.php\/wp-json\/wp\/v2\/product"}],"about":[{"href":"https:\/\/racom.com.pl\/index.php\/wp-json\/wp\/v2\/types\/product"}],"replies":[{"embeddable":true,"href":"https:\/\/racom.com.pl\/index.php\/wp-json\/wp\/v2\/comments?post=458"}],"wp:featuredmedia":[{"embeddable":true,"href":"https:\/\/racom.com.pl\/index.php\/wp-json\/wp\/v2\/media\/464"}],"wp:attachment":[{"href":"https:\/\/racom.com.pl\/index.php\/wp-json\/wp\/v2\/media?parent=458"}],"wp:term":[{"taxonomy":"product_brand","embeddable":true,"href":"https:\/\/racom.com.pl\/index.php\/wp-json\/wp\/v2\/product_brand?post=458"},{"taxonomy":"product_cat","embeddable":true,"href":"https:\/\/racom.com.pl\/index.php\/wp-json\/wp\/v2\/product_cat?post=458"},{"taxonomy":"product_tag","embeddable":true,"href":"https:\/\/racom.com.pl\/index.php\/wp-json\/wp\/v2\/product_tag?post=458"}],"curies":[{"name":"wp","href":"https:\/\/api.w.org\/{rel}","templated":true}]}}