{"id":4680,"date":"2026-03-10T20:32:24","date_gmt":"2026-03-10T19:32:24","guid":{"rendered":"https:\/\/racom.com.pl\/index.php\/produkt\/20x-kawa-ziarnista-espresso-arabica-rioba-platinum-1kg-20kg\/"},"modified":"2026-03-10T20:32:24","modified_gmt":"2026-03-10T19:32:24","slug":"20x-kawa-ziarnista-espresso-arabica-rioba-platinum-1kg-20kg","status":"publish","type":"product","link":"https:\/\/racom.com.pl\/index.php\/produkt\/20x-kawa-ziarnista-espresso-arabica-rioba-platinum-1kg-20kg\/","title":{"rendered":"20x Kawa ziarnista Espresso Arabica RIOBA Platinum 1kg (20kg)"},"content":{"rendered":"<h2>Kawa ziarnista Rioba Platinum &#8211; 100% Arabica\u00a0w najlepszym wydaniu.<\/h2>\n<p><b>Jej aromat b\u0142yskawicznie pobudza zmys\u0142y i sprawia, \u017ce ka\u017cdemu \u0142ykowi towarzyszy chwila odpr\u0119\u017cenia.<\/b><\/p>\n<p><b>Aukcja dotyczy 20szt kawy Rioba Platinum 1kg (\u0142\u0105cznie 20kg).<\/b><\/p>\n<p><b>Opis produktu<\/b><\/p>\n<p>Wypr\u00f3buj kaw\u0119 ziarnist\u0105 pra\u017con\u0105 Rioba Espresso<\/p>\n<p>Te ziarna kawy przesz\u0142y wielokilometrow\u0105 drog\u0119: od plantacji w Ameryce Centralnej i na terenach wy\u017cynnych Kostaryki przez produkcj\u0119 we W\u0142oszech do du\u017cej paczki Rioba Espresso, z kt\u00f3rej mo\u017cna przygotowywa\u0107 espresso, cappuccino, latte macchiato i inne kawy mleczne. Sprawdzi si\u0119 r\u00f3wnie\u017c w kawiarce i french pressie.<\/p>\n<p>Rioba Espresso to 100% arabiki w starannie wyselekcjonowanych ziarnach<\/p>\n<p>Du\u017ca paczka Rioba Espresso zawiera a\u017c 3 kg ziaren, dzi\u0119ki czemu sprawdzi si\u0119 szczeg\u00f3lnie w lokalach gastronomicznych i biurach, w kt\u00f3rych przygotowuje wiele fili\u017canek kaw dziennie. Espresso zaparzone z ziaren Rioba jest intensywne w smaku i aromacie, minimalnie kwaskowe, ale pozbawione zbyt mocnej goryczki. Twoim klientom i wsp\u00f3\u0142pracownikom posmakuj\u0105 r\u00f3wnie\u017c kawy mleczne przygotowane z ziaren Rioba Espresso.<\/p>\n<p>Hermetyczne zamkni\u0119cie utrzymuje walory ziaren<\/p>\n<p>Obawiasz si\u0119, \u017ce tak du\u017ce opakowanie nale\u017cy jak najszybciej zu\u017cy\u0107, aby zapobiec zwietrzeniu ziaren? Wystarczy szczelnie zamkn\u0105\u0107 torebk\u0119 kawy Rioba Espresso, \u017ceby jak najd\u0142u\u017cej cieszy\u0107 si\u0119 jej smakiem i aromatem.<\/p>\n<p>Specyfikacja:<\/p>\n<p><b>\u2022 1000 g<\/b><\/p>\n<p><b>\u2022 kawa ziarnista pra\u017cona<\/b><\/p>\n<p><b>\u2022 100% arabiki<\/b><\/p>\n<p>Opakowanie zawiera 1000 g palonej ziarnistej kawy.<\/p>\n<p><b><\/b><\/p>\n<p><b>Uwaga!<\/b><\/p>\n<p><b>Producent jest w trakcie zmiany szaty graficznej opakowania tego produktu.<\/b><\/p>\n<p><b>Poprzednia wersja opakowania w kolorze niebieskim zosta\u0142a docelowo zmieniona na opakowanie w kolorze czarnym z \u017c\u00f3\u0142tymi akcentami.<\/b><\/p>\n<p><b>Smak i jako\u015b\u0107 kawy nie uleg\u0142y zmianie.<\/b><\/p>\n<p><b>W zale\u017cno\u015bci od dost\u0119pno\u015bci partii produkcyjnej opakowanie mo\u017ce by\u0107 nowe lub z poprzedniej dostawy.<\/b><\/p>\n","protected":false},"excerpt":{"rendered":"<p>Kawa ziarnista Rioba Platinum &#8211; 100% Arabica\u00a0w najlepszym wydaniu. Jej aromat b\u0142yskawicznie pobudza zmys\u0142y i sprawia, \u017ce ka\u017cdemu \u0142ykowi towarzyszy chwila odpr\u0119\u017cenia. Aukcja dotyczy 20szt kawy Rioba Platinum 1kg (\u0142\u0105cznie 20kg). Opis produktu Wypr\u00f3buj kaw\u0119 ziarnist\u0105 pra\u017con\u0105 Rioba Espresso Te ziarna kawy przesz\u0142y wielokilometrow\u0105 drog\u0119: od plantacji w Ameryce Centralnej i na terenach wy\u017cynnych Kostaryki [&hellip;]<\/p>\n","protected":false},"featured_media":2051,"comment_status":"open","ping_status":"closed","template":"","meta":[],"product_brand":[117],"product_cat":[119],"product_tag":[],"class_list":{"0":"post-4680","1":"product","2":"type-product","3":"status-publish","4":"has-post-thumbnail","6":"product_brand-rioba","7":"product_cat-kawa","9":"first","10":"instock","11":"taxable","12":"shipping-taxable","13":"purchasable","14":"product-type-simple"},"yoast_head":"<!-- This site is optimized with the Yoast SEO plugin v27.4 - https:\/\/yoast.com\/product\/yoast-seo-wordpress\/ -->\n<title>20x Kawa ziarnista Espresso Arabica RIOBA Platinum 1kg (20kg) - Mix Market - Supermarket z wszystkim co potrzeba<\/title>\n<meta name=\"robots\" content=\"index, follow, max-snippet:-1, max-image-preview:large, max-video-preview:-1\" \/>\n<link rel=\"canonical\" href=\"https:\/\/racom.com.pl\/index.php\/produkt\/20x-kawa-ziarnista-espresso-arabica-rioba-platinum-1kg-20kg\/\" \/>\n<meta property=\"og:locale\" content=\"pl_PL\" \/>\n<meta property=\"og:type\" content=\"article\" \/>\n<meta property=\"og:title\" content=\"20x Kawa ziarnista Espresso Arabica RIOBA Platinum 1kg (20kg) - Mix Market - Supermarket z wszystkim co potrzeba\" \/>\n<meta property=\"og:description\" content=\"Kawa ziarnista Rioba Platinum &#8211; 100% Arabica\u00a0w najlepszym wydaniu. Jej aromat b\u0142yskawicznie pobudza zmys\u0142y i sprawia, \u017ce ka\u017cdemu \u0142ykowi towarzyszy chwila odpr\u0119\u017cenia. Aukcja dotyczy 20szt kawy Rioba Platinum 1kg (\u0142\u0105cznie 20kg). Opis produktu Wypr\u00f3buj kaw\u0119 ziarnist\u0105 pra\u017con\u0105 Rioba Espresso Te ziarna kawy przesz\u0142y wielokilometrow\u0105 drog\u0119: od plantacji w Ameryce Centralnej i na terenach wy\u017cynnych Kostaryki [&hellip;]\" \/>\n<meta property=\"og:url\" content=\"https:\/\/racom.com.pl\/index.php\/produkt\/20x-kawa-ziarnista-espresso-arabica-rioba-platinum-1kg-20kg\/\" \/>\n<meta property=\"og:site_name\" content=\"Mix Market - Supermarket z wszystkim co potrzeba\" \/>\n<meta name=\"twitter:card\" content=\"summary_large_image\" \/>\n<meta name=\"twitter:label1\" content=\"Szacowany czas czytania\" \/>\n\t<meta name=\"twitter:data1\" content=\"1 minuta\" \/>\n<script type=\"application\/ld+json\" class=\"yoast-schema-graph\">{\"@context\":\"https:\\\/\\\/schema.org\",\"@graph\":[{\"@type\":\"WebPage\",\"@id\":\"https:\\\/\\\/racom.com.pl\\\/index.php\\\/produkt\\\/20x-kawa-ziarnista-espresso-arabica-rioba-platinum-1kg-20kg\\\/\",\"url\":\"https:\\\/\\\/racom.com.pl\\\/index.php\\\/produkt\\\/20x-kawa-ziarnista-espresso-arabica-rioba-platinum-1kg-20kg\\\/\",\"name\":\"20x Kawa ziarnista Espresso Arabica RIOBA Platinum 1kg (20kg) - Mix Market - Supermarket z wszystkim co potrzeba\",\"isPartOf\":{\"@id\":\"https:\\\/\\\/racom.com.pl\\\/#website\"},\"primaryImageOfPage\":{\"@id\":\"https:\\\/\\\/racom.com.pl\\\/index.php\\\/produkt\\\/20x-kawa-ziarnista-espresso-arabica-rioba-platinum-1kg-20kg\\\/#primaryimage\"},\"image\":{\"@id\":\"https:\\\/\\\/racom.com.pl\\\/index.php\\\/produkt\\\/20x-kawa-ziarnista-espresso-arabica-rioba-platinum-1kg-20kg\\\/#primaryimage\"},\"thumbnailUrl\":\"https:\\\/\\\/racom.com.pl\\\/wp-content\\\/uploads\\\/2025\\\/07\\\/allegro_687aa0ae30be24.35912715_a55a55364feba2a5cba012688884.jpg\",\"datePublished\":\"2026-03-10T19:32:24+00:00\",\"breadcrumb\":{\"@id\":\"https:\\\/\\\/racom.com.pl\\\/index.php\\\/produkt\\\/20x-kawa-ziarnista-espresso-arabica-rioba-platinum-1kg-20kg\\\/#breadcrumb\"},\"inLanguage\":\"pl-PL\",\"potentialAction\":[{\"@type\":\"ReadAction\",\"target\":[\"https:\\\/\\\/racom.com.pl\\\/index.php\\\/produkt\\\/20x-kawa-ziarnista-espresso-arabica-rioba-platinum-1kg-20kg\\\/\"]}]},{\"@type\":\"ImageObject\",\"inLanguage\":\"pl-PL\",\"@id\":\"https:\\\/\\\/racom.com.pl\\\/index.php\\\/produkt\\\/20x-kawa-ziarnista-espresso-arabica-rioba-platinum-1kg-20kg\\\/#primaryimage\",\"url\":\"https:\\\/\\\/racom.com.pl\\\/wp-content\\\/uploads\\\/2025\\\/07\\\/allegro_687aa0ae30be24.35912715_a55a55364feba2a5cba012688884.jpg\",\"contentUrl\":\"https:\\\/\\\/racom.com.pl\\\/wp-content\\\/uploads\\\/2025\\\/07\\\/allegro_687aa0ae30be24.35912715_a55a55364feba2a5cba012688884.jpg\",\"width\":450,\"height\":450},{\"@type\":\"BreadcrumbList\",\"@id\":\"https:\\\/\\\/racom.com.pl\\\/index.php\\\/produkt\\\/20x-kawa-ziarnista-espresso-arabica-rioba-platinum-1kg-20kg\\\/#breadcrumb\",\"itemListElement\":[{\"@type\":\"ListItem\",\"position\":1,\"name\":\"Strona g\u0142\u00f3wna\",\"item\":\"https:\\\/\\\/racom.com.pl\\\/\"},{\"@type\":\"ListItem\",\"position\":2,\"name\":\"Sklep\",\"item\":\"https:\\\/\\\/racom.com.pl\\\/\"},{\"@type\":\"ListItem\",\"position\":3,\"name\":\"20x Kawa ziarnista Espresso Arabica RIOBA Platinum 1kg (20kg)\"}]},{\"@type\":\"WebSite\",\"@id\":\"https:\\\/\\\/racom.com.pl\\\/#website\",\"url\":\"https:\\\/\\\/racom.com.pl\\\/\",\"name\":\"Mix Market - Supermarket z wszystkim co potrzeba do domu i nie tylko\",\"description\":\"\",\"publisher\":{\"@id\":\"https:\\\/\\\/racom.com.pl\\\/#organization\"},\"potentialAction\":[{\"@type\":\"SearchAction\",\"target\":{\"@type\":\"EntryPoint\",\"urlTemplate\":\"https:\\\/\\\/racom.com.pl\\\/?s={search_term_string}\"},\"query-input\":{\"@type\":\"PropertyValueSpecification\",\"valueRequired\":true,\"valueName\":\"search_term_string\"}}],\"inLanguage\":\"pl-PL\"},{\"@type\":\"Organization\",\"@id\":\"https:\\\/\\\/racom.com.pl\\\/#organization\",\"name\":\"Mix Market - Supermarket z wszystkim co potrzeba do domu i nie tylko\",\"url\":\"https:\\\/\\\/racom.com.pl\\\/\",\"logo\":{\"@type\":\"ImageObject\",\"inLanguage\":\"pl-PL\",\"@id\":\"https:\\\/\\\/racom.com.pl\\\/#\\\/schema\\\/logo\\\/image\\\/\",\"url\":\"https:\\\/\\\/racom.com.pl\\\/wp-content\\\/uploads\\\/2025\\\/07\\\/mixmarket_logo.png\",\"contentUrl\":\"https:\\\/\\\/racom.com.pl\\\/wp-content\\\/uploads\\\/2025\\\/07\\\/mixmarket_logo.png\",\"width\":1024,\"height\":1024,\"caption\":\"Mix Market - Supermarket z wszystkim co potrzeba do domu i nie tylko\"},\"image\":{\"@id\":\"https:\\\/\\\/racom.com.pl\\\/#\\\/schema\\\/logo\\\/image\\\/\"}}]}<\/script>\n<!-- \/ Yoast SEO plugin. -->","yoast_head_json":{"title":"20x Kawa ziarnista Espresso Arabica RIOBA Platinum 1kg (20kg) - Mix Market - Supermarket z wszystkim co potrzeba","robots":{"index":"index","follow":"follow","max-snippet":"max-snippet:-1","max-image-preview":"max-image-preview:large","max-video-preview":"max-video-preview:-1"},"canonical":"https:\/\/racom.com.pl\/index.php\/produkt\/20x-kawa-ziarnista-espresso-arabica-rioba-platinum-1kg-20kg\/","og_locale":"pl_PL","og_type":"article","og_title":"20x Kawa ziarnista Espresso Arabica RIOBA Platinum 1kg (20kg) - Mix Market - Supermarket z wszystkim co potrzeba","og_description":"Kawa ziarnista Rioba Platinum &#8211; 100% Arabica\u00a0w najlepszym wydaniu. Jej aromat b\u0142yskawicznie pobudza zmys\u0142y i sprawia, \u017ce ka\u017cdemu \u0142ykowi towarzyszy chwila odpr\u0119\u017cenia. Aukcja dotyczy 20szt kawy Rioba Platinum 1kg (\u0142\u0105cznie 20kg). Opis produktu Wypr\u00f3buj kaw\u0119 ziarnist\u0105 pra\u017con\u0105 Rioba Espresso Te ziarna kawy przesz\u0142y wielokilometrow\u0105 drog\u0119: od plantacji w Ameryce Centralnej i na terenach wy\u017cynnych Kostaryki [&hellip;]","og_url":"https:\/\/racom.com.pl\/index.php\/produkt\/20x-kawa-ziarnista-espresso-arabica-rioba-platinum-1kg-20kg\/","og_site_name":"Mix Market - Supermarket z wszystkim co potrzeba","twitter_card":"summary_large_image","twitter_misc":{"Szacowany czas czytania":"1 minuta"},"schema":{"@context":"https:\/\/schema.org","@graph":[{"@type":"WebPage","@id":"https:\/\/racom.com.pl\/index.php\/produkt\/20x-kawa-ziarnista-espresso-arabica-rioba-platinum-1kg-20kg\/","url":"https:\/\/racom.com.pl\/index.php\/produkt\/20x-kawa-ziarnista-espresso-arabica-rioba-platinum-1kg-20kg\/","name":"20x Kawa ziarnista Espresso Arabica RIOBA Platinum 1kg (20kg) - Mix Market - Supermarket z wszystkim co potrzeba","isPartOf":{"@id":"https:\/\/racom.com.pl\/#website"},"primaryImageOfPage":{"@id":"https:\/\/racom.com.pl\/index.php\/produkt\/20x-kawa-ziarnista-espresso-arabica-rioba-platinum-1kg-20kg\/#primaryimage"},"image":{"@id":"https:\/\/racom.com.pl\/index.php\/produkt\/20x-kawa-ziarnista-espresso-arabica-rioba-platinum-1kg-20kg\/#primaryimage"},"thumbnailUrl":"https:\/\/racom.com.pl\/wp-content\/uploads\/2025\/07\/allegro_687aa0ae30be24.35912715_a55a55364feba2a5cba012688884.jpg","datePublished":"2026-03-10T19:32:24+00:00","breadcrumb":{"@id":"https:\/\/racom.com.pl\/index.php\/produkt\/20x-kawa-ziarnista-espresso-arabica-rioba-platinum-1kg-20kg\/#breadcrumb"},"inLanguage":"pl-PL","potentialAction":[{"@type":"ReadAction","target":["https:\/\/racom.com.pl\/index.php\/produkt\/20x-kawa-ziarnista-espresso-arabica-rioba-platinum-1kg-20kg\/"]}]},{"@type":"ImageObject","inLanguage":"pl-PL","@id":"https:\/\/racom.com.pl\/index.php\/produkt\/20x-kawa-ziarnista-espresso-arabica-rioba-platinum-1kg-20kg\/#primaryimage","url":"https:\/\/racom.com.pl\/wp-content\/uploads\/2025\/07\/allegro_687aa0ae30be24.35912715_a55a55364feba2a5cba012688884.jpg","contentUrl":"https:\/\/racom.com.pl\/wp-content\/uploads\/2025\/07\/allegro_687aa0ae30be24.35912715_a55a55364feba2a5cba012688884.jpg","width":450,"height":450},{"@type":"BreadcrumbList","@id":"https:\/\/racom.com.pl\/index.php\/produkt\/20x-kawa-ziarnista-espresso-arabica-rioba-platinum-1kg-20kg\/#breadcrumb","itemListElement":[{"@type":"ListItem","position":1,"name":"Strona g\u0142\u00f3wna","item":"https:\/\/racom.com.pl\/"},{"@type":"ListItem","position":2,"name":"Sklep","item":"https:\/\/racom.com.pl\/"},{"@type":"ListItem","position":3,"name":"20x Kawa ziarnista Espresso Arabica RIOBA Platinum 1kg (20kg)"}]},{"@type":"WebSite","@id":"https:\/\/racom.com.pl\/#website","url":"https:\/\/racom.com.pl\/","name":"Mix Market - Supermarket z wszystkim co potrzeba do domu i nie tylko","description":"","publisher":{"@id":"https:\/\/racom.com.pl\/#organization"},"potentialAction":[{"@type":"SearchAction","target":{"@type":"EntryPoint","urlTemplate":"https:\/\/racom.com.pl\/?s={search_term_string}"},"query-input":{"@type":"PropertyValueSpecification","valueRequired":true,"valueName":"search_term_string"}}],"inLanguage":"pl-PL"},{"@type":"Organization","@id":"https:\/\/racom.com.pl\/#organization","name":"Mix Market - Supermarket z wszystkim co potrzeba do domu i nie tylko","url":"https:\/\/racom.com.pl\/","logo":{"@type":"ImageObject","inLanguage":"pl-PL","@id":"https:\/\/racom.com.pl\/#\/schema\/logo\/image\/","url":"https:\/\/racom.com.pl\/wp-content\/uploads\/2025\/07\/mixmarket_logo.png","contentUrl":"https:\/\/racom.com.pl\/wp-content\/uploads\/2025\/07\/mixmarket_logo.png","width":1024,"height":1024,"caption":"Mix Market - Supermarket z wszystkim co potrzeba do domu i nie tylko"},"image":{"@id":"https:\/\/racom.com.pl\/#\/schema\/logo\/image\/"}}]}},"_links":{"self":[{"href":"https:\/\/racom.com.pl\/index.php\/wp-json\/wp\/v2\/product\/4680","targetHints":{"allow":["GET"]}}],"collection":[{"href":"https:\/\/racom.com.pl\/index.php\/wp-json\/wp\/v2\/product"}],"about":[{"href":"https:\/\/racom.com.pl\/index.php\/wp-json\/wp\/v2\/types\/product"}],"replies":[{"embeddable":true,"href":"https:\/\/racom.com.pl\/index.php\/wp-json\/wp\/v2\/comments?post=4680"}],"wp:featuredmedia":[{"embeddable":true,"href":"https:\/\/racom.com.pl\/index.php\/wp-json\/wp\/v2\/media\/2051"}],"wp:attachment":[{"href":"https:\/\/racom.com.pl\/index.php\/wp-json\/wp\/v2\/media?parent=4680"}],"wp:term":[{"taxonomy":"product_brand","embeddable":true,"href":"https:\/\/racom.com.pl\/index.php\/wp-json\/wp\/v2\/product_brand?post=4680"},{"taxonomy":"product_cat","embeddable":true,"href":"https:\/\/racom.com.pl\/index.php\/wp-json\/wp\/v2\/product_cat?post=4680"},{"taxonomy":"product_tag","embeddable":true,"href":"https:\/\/racom.com.pl\/index.php\/wp-json\/wp\/v2\/product_tag?post=4680"}],"curies":[{"name":"wp","href":"https:\/\/api.w.org\/{rel}","templated":true}]}}