{"id":478,"date":"2025-07-18T17:34:30","date_gmt":"2025-07-18T15:34:30","guid":{"rendered":"http:\/\/192.168.2.106\/index.php\/produkt\/oryginalne-etui-guess-iphone-13-mini-peony-liquid\/"},"modified":"2025-07-18T17:34:30","modified_gmt":"2025-07-18T15:34:30","slug":"oryginalne-etui-guess-iphone-13-mini-peony-liquid","status":"publish","type":"product","link":"https:\/\/racom.com.pl\/index.php\/produkt\/oryginalne-etui-guess-iphone-13-mini-peony-liquid\/","title":{"rendered":"ORYGINALNE ETUI GUESS IPHONE 13 MINI PEONY LIQUID"},"content":{"rendered":"<h2>ORYGINALNE ETUI GUESS IPHONE 13 MINI PEONY LIQUID<\/h2>\n<p>Modne i stylowe etui Guess z kolekcji Peony Liquid Glitter.<\/p>\n<p>W trosce o bezpiecze\u0144stwo oraz unikatowy wygl\u0105d urz\u0105dze\u0144 mobilnych, powsta\u0142a pi\u0119kna kolekcja, kt\u00f3ra zachwyca estetyk\u0105, wykonaniem i stylem.<br \/>\nKolekcja wyr\u00f3\u017cnia si\u0119 logo 4G podkre\u015blonymi przez mieni\u0105ce si\u0119 w \u015bwietle drobiny brokatu z cekinami, kt\u00f3re zmieniaj\u0105 swoje u\u0142o\u017cenie pod wp\u0142ywem zmiany k\u0105ta nachylenia.<br \/>\nTransparentne etui wykonane jest z wysokiej jako\u015bci trwa\u0142ego tworzywa sztucznego odpornego na \u015bcieranie. Po\u0142\u0105czenie mocnego poliw\u0119glanu (plecki) oraz elastycznego silikonu TPU (boki), kt\u00f3ry zapewnia \u0142atwy monta\u017c.<br \/>\nEtui opr\u00f3cz niezwyk\u0142ych efekt\u00f3w wizualnych, gwarantuje bezpiecze\u0144stwo telefonu przed niechcianymi zarysowaniami i uszkodzeniami.\n<\/p>\n<p>W przypadku pokrowc\u00f3w na telefony zdj\u0119cie jest pogl\u0105dowe i przedstawia typ (wz\u00f3r) pokrowca. W zale\u017cno\u015bci od modelu telefonu pokrowiec b\u0119dzie posiada\u0142 w innych miejscach otwory na kamer\u0119, przyciski i czujniki.<\/p>\n","protected":false},"excerpt":{"rendered":"<p>ORYGINALNE ETUI GUESS IPHONE 13 MINI PEONY LIQUID Modne i stylowe etui Guess z kolekcji Peony Liquid Glitter. W trosce o bezpiecze\u0144stwo oraz unikatowy wygl\u0105d urz\u0105dze\u0144 mobilnych, powsta\u0142a pi\u0119kna kolekcja, kt\u00f3ra zachwyca estetyk\u0105, wykonaniem i stylem. Kolekcja wyr\u00f3\u017cnia si\u0119 logo 4G podkre\u015blonymi przez mieni\u0105ce si\u0119 w \u015bwietle drobiny brokatu z cekinami, kt\u00f3re zmieniaj\u0105 swoje u\u0142o\u017cenie [&hellip;]<\/p>\n","protected":false},"featured_media":484,"comment_status":"open","ping_status":"closed","template":"","meta":[],"product_brand":[54],"product_cat":[26],"product_tag":[],"class_list":{"0":"post-478","1":"product","2":"type-product","3":"status-publish","4":"has-post-thumbnail","6":"product_brand-guess","7":"product_cat-akcesoria-gsm","9":"first","10":"instock","11":"taxable","12":"shipping-taxable","13":"purchasable","14":"product-type-simple"},"yoast_head":"<!-- This site is optimized with the Yoast SEO plugin v27.4 - https:\/\/yoast.com\/product\/yoast-seo-wordpress\/ -->\n<title>ORYGINALNE ETUI GUESS IPHONE 13 MINI PEONY LIQUID - Mix Market - Supermarket z wszystkim co potrzeba<\/title>\n<meta name=\"robots\" content=\"index, follow, max-snippet:-1, max-image-preview:large, max-video-preview:-1\" \/>\n<link rel=\"canonical\" href=\"https:\/\/racom.com.pl\/index.php\/produkt\/oryginalne-etui-guess-iphone-13-mini-peony-liquid\/\" \/>\n<meta property=\"og:locale\" content=\"pl_PL\" \/>\n<meta property=\"og:type\" content=\"article\" \/>\n<meta property=\"og:title\" content=\"ORYGINALNE ETUI GUESS IPHONE 13 MINI PEONY LIQUID - Mix Market - Supermarket z wszystkim co potrzeba\" \/>\n<meta property=\"og:description\" content=\"ORYGINALNE ETUI GUESS IPHONE 13 MINI PEONY LIQUID Modne i stylowe etui Guess z kolekcji Peony Liquid Glitter. W trosce o bezpiecze\u0144stwo oraz unikatowy wygl\u0105d urz\u0105dze\u0144 mobilnych, powsta\u0142a pi\u0119kna kolekcja, kt\u00f3ra zachwyca estetyk\u0105, wykonaniem i stylem. Kolekcja wyr\u00f3\u017cnia si\u0119 logo 4G podkre\u015blonymi przez mieni\u0105ce si\u0119 w \u015bwietle drobiny brokatu z cekinami, kt\u00f3re zmieniaj\u0105 swoje u\u0142o\u017cenie [&hellip;]\" \/>\n<meta property=\"og:url\" content=\"https:\/\/racom.com.pl\/index.php\/produkt\/oryginalne-etui-guess-iphone-13-mini-peony-liquid\/\" \/>\n<meta property=\"og:site_name\" content=\"Mix Market - Supermarket z wszystkim co potrzeba\" \/>\n<meta property=\"og:image\" content=\"https:\/\/racom.com.pl\/wp-content\/uploads\/2025\/07\/allegro_687a699bcedac3.94017408_e763a2014907a80a1ce0475aff17.jpg\" \/>\n\t<meta property=\"og:image:width\" content=\"800\" \/>\n\t<meta property=\"og:image:height\" content=\"800\" \/>\n\t<meta property=\"og:image:type\" content=\"image\/jpeg\" \/>\n<meta name=\"twitter:card\" content=\"summary_large_image\" \/>\n<meta name=\"twitter:label1\" content=\"Szacowany czas czytania\" \/>\n\t<meta name=\"twitter:data1\" content=\"1 minuta\" \/>\n<script type=\"application\/ld+json\" class=\"yoast-schema-graph\">{\"@context\":\"https:\\\/\\\/schema.org\",\"@graph\":[{\"@type\":\"WebPage\",\"@id\":\"https:\\\/\\\/racom.com.pl\\\/index.php\\\/produkt\\\/oryginalne-etui-guess-iphone-13-mini-peony-liquid\\\/\",\"url\":\"https:\\\/\\\/racom.com.pl\\\/index.php\\\/produkt\\\/oryginalne-etui-guess-iphone-13-mini-peony-liquid\\\/\",\"name\":\"ORYGINALNE ETUI GUESS IPHONE 13 MINI PEONY LIQUID - Mix Market - Supermarket z wszystkim co potrzeba\",\"isPartOf\":{\"@id\":\"https:\\\/\\\/racom.com.pl\\\/#website\"},\"primaryImageOfPage\":{\"@id\":\"https:\\\/\\\/racom.com.pl\\\/index.php\\\/produkt\\\/oryginalne-etui-guess-iphone-13-mini-peony-liquid\\\/#primaryimage\"},\"image\":{\"@id\":\"https:\\\/\\\/racom.com.pl\\\/index.php\\\/produkt\\\/oryginalne-etui-guess-iphone-13-mini-peony-liquid\\\/#primaryimage\"},\"thumbnailUrl\":\"https:\\\/\\\/racom.com.pl\\\/wp-content\\\/uploads\\\/2025\\\/07\\\/allegro_687a699bcedac3.94017408_e763a2014907a80a1ce0475aff17.jpg\",\"datePublished\":\"2025-07-18T15:34:30+00:00\",\"breadcrumb\":{\"@id\":\"https:\\\/\\\/racom.com.pl\\\/index.php\\\/produkt\\\/oryginalne-etui-guess-iphone-13-mini-peony-liquid\\\/#breadcrumb\"},\"inLanguage\":\"pl-PL\",\"potentialAction\":[{\"@type\":\"ReadAction\",\"target\":[\"https:\\\/\\\/racom.com.pl\\\/index.php\\\/produkt\\\/oryginalne-etui-guess-iphone-13-mini-peony-liquid\\\/\"]}]},{\"@type\":\"ImageObject\",\"inLanguage\":\"pl-PL\",\"@id\":\"https:\\\/\\\/racom.com.pl\\\/index.php\\\/produkt\\\/oryginalne-etui-guess-iphone-13-mini-peony-liquid\\\/#primaryimage\",\"url\":\"https:\\\/\\\/racom.com.pl\\\/wp-content\\\/uploads\\\/2025\\\/07\\\/allegro_687a699bcedac3.94017408_e763a2014907a80a1ce0475aff17.jpg\",\"contentUrl\":\"https:\\\/\\\/racom.com.pl\\\/wp-content\\\/uploads\\\/2025\\\/07\\\/allegro_687a699bcedac3.94017408_e763a2014907a80a1ce0475aff17.jpg\",\"width\":800,\"height\":800},{\"@type\":\"BreadcrumbList\",\"@id\":\"https:\\\/\\\/racom.com.pl\\\/index.php\\\/produkt\\\/oryginalne-etui-guess-iphone-13-mini-peony-liquid\\\/#breadcrumb\",\"itemListElement\":[{\"@type\":\"ListItem\",\"position\":1,\"name\":\"Strona g\u0142\u00f3wna\",\"item\":\"https:\\\/\\\/racom.com.pl\\\/\"},{\"@type\":\"ListItem\",\"position\":2,\"name\":\"Sklep\",\"item\":\"https:\\\/\\\/racom.com.pl\\\/\"},{\"@type\":\"ListItem\",\"position\":3,\"name\":\"ORYGINALNE ETUI GUESS IPHONE 13 MINI PEONY LIQUID\"}]},{\"@type\":\"WebSite\",\"@id\":\"https:\\\/\\\/racom.com.pl\\\/#website\",\"url\":\"https:\\\/\\\/racom.com.pl\\\/\",\"name\":\"Mix Market - Supermarket z wszystkim co potrzeba do domu i nie tylko\",\"description\":\"\",\"publisher\":{\"@id\":\"https:\\\/\\\/racom.com.pl\\\/#organization\"},\"potentialAction\":[{\"@type\":\"SearchAction\",\"target\":{\"@type\":\"EntryPoint\",\"urlTemplate\":\"https:\\\/\\\/racom.com.pl\\\/?s={search_term_string}\"},\"query-input\":{\"@type\":\"PropertyValueSpecification\",\"valueRequired\":true,\"valueName\":\"search_term_string\"}}],\"inLanguage\":\"pl-PL\"},{\"@type\":\"Organization\",\"@id\":\"https:\\\/\\\/racom.com.pl\\\/#organization\",\"name\":\"Mix Market - Supermarket z wszystkim co potrzeba do domu i nie tylko\",\"url\":\"https:\\\/\\\/racom.com.pl\\\/\",\"logo\":{\"@type\":\"ImageObject\",\"inLanguage\":\"pl-PL\",\"@id\":\"https:\\\/\\\/racom.com.pl\\\/#\\\/schema\\\/logo\\\/image\\\/\",\"url\":\"https:\\\/\\\/racom.com.pl\\\/wp-content\\\/uploads\\\/2025\\\/07\\\/mixmarket_logo.png\",\"contentUrl\":\"https:\\\/\\\/racom.com.pl\\\/wp-content\\\/uploads\\\/2025\\\/07\\\/mixmarket_logo.png\",\"width\":1024,\"height\":1024,\"caption\":\"Mix Market - Supermarket z wszystkim co potrzeba do domu i nie tylko\"},\"image\":{\"@id\":\"https:\\\/\\\/racom.com.pl\\\/#\\\/schema\\\/logo\\\/image\\\/\"}}]}<\/script>\n<!-- \/ Yoast SEO plugin. -->","yoast_head_json":{"title":"ORYGINALNE ETUI GUESS IPHONE 13 MINI PEONY LIQUID - Mix Market - Supermarket z wszystkim co potrzeba","robots":{"index":"index","follow":"follow","max-snippet":"max-snippet:-1","max-image-preview":"max-image-preview:large","max-video-preview":"max-video-preview:-1"},"canonical":"https:\/\/racom.com.pl\/index.php\/produkt\/oryginalne-etui-guess-iphone-13-mini-peony-liquid\/","og_locale":"pl_PL","og_type":"article","og_title":"ORYGINALNE ETUI GUESS IPHONE 13 MINI PEONY LIQUID - Mix Market - Supermarket z wszystkim co potrzeba","og_description":"ORYGINALNE ETUI GUESS IPHONE 13 MINI PEONY LIQUID Modne i stylowe etui Guess z kolekcji Peony Liquid Glitter. W trosce o bezpiecze\u0144stwo oraz unikatowy wygl\u0105d urz\u0105dze\u0144 mobilnych, powsta\u0142a pi\u0119kna kolekcja, kt\u00f3ra zachwyca estetyk\u0105, wykonaniem i stylem. Kolekcja wyr\u00f3\u017cnia si\u0119 logo 4G podkre\u015blonymi przez mieni\u0105ce si\u0119 w \u015bwietle drobiny brokatu z cekinami, kt\u00f3re zmieniaj\u0105 swoje u\u0142o\u017cenie [&hellip;]","og_url":"https:\/\/racom.com.pl\/index.php\/produkt\/oryginalne-etui-guess-iphone-13-mini-peony-liquid\/","og_site_name":"Mix Market - Supermarket z wszystkim co potrzeba","og_image":[{"width":800,"height":800,"url":"https:\/\/racom.com.pl\/wp-content\/uploads\/2025\/07\/allegro_687a699bcedac3.94017408_e763a2014907a80a1ce0475aff17.jpg","type":"image\/jpeg"}],"twitter_card":"summary_large_image","twitter_misc":{"Szacowany czas czytania":"1 minuta"},"schema":{"@context":"https:\/\/schema.org","@graph":[{"@type":"WebPage","@id":"https:\/\/racom.com.pl\/index.php\/produkt\/oryginalne-etui-guess-iphone-13-mini-peony-liquid\/","url":"https:\/\/racom.com.pl\/index.php\/produkt\/oryginalne-etui-guess-iphone-13-mini-peony-liquid\/","name":"ORYGINALNE ETUI GUESS IPHONE 13 MINI PEONY LIQUID - Mix Market - Supermarket z wszystkim co potrzeba","isPartOf":{"@id":"https:\/\/racom.com.pl\/#website"},"primaryImageOfPage":{"@id":"https:\/\/racom.com.pl\/index.php\/produkt\/oryginalne-etui-guess-iphone-13-mini-peony-liquid\/#primaryimage"},"image":{"@id":"https:\/\/racom.com.pl\/index.php\/produkt\/oryginalne-etui-guess-iphone-13-mini-peony-liquid\/#primaryimage"},"thumbnailUrl":"https:\/\/racom.com.pl\/wp-content\/uploads\/2025\/07\/allegro_687a699bcedac3.94017408_e763a2014907a80a1ce0475aff17.jpg","datePublished":"2025-07-18T15:34:30+00:00","breadcrumb":{"@id":"https:\/\/racom.com.pl\/index.php\/produkt\/oryginalne-etui-guess-iphone-13-mini-peony-liquid\/#breadcrumb"},"inLanguage":"pl-PL","potentialAction":[{"@type":"ReadAction","target":["https:\/\/racom.com.pl\/index.php\/produkt\/oryginalne-etui-guess-iphone-13-mini-peony-liquid\/"]}]},{"@type":"ImageObject","inLanguage":"pl-PL","@id":"https:\/\/racom.com.pl\/index.php\/produkt\/oryginalne-etui-guess-iphone-13-mini-peony-liquid\/#primaryimage","url":"https:\/\/racom.com.pl\/wp-content\/uploads\/2025\/07\/allegro_687a699bcedac3.94017408_e763a2014907a80a1ce0475aff17.jpg","contentUrl":"https:\/\/racom.com.pl\/wp-content\/uploads\/2025\/07\/allegro_687a699bcedac3.94017408_e763a2014907a80a1ce0475aff17.jpg","width":800,"height":800},{"@type":"BreadcrumbList","@id":"https:\/\/racom.com.pl\/index.php\/produkt\/oryginalne-etui-guess-iphone-13-mini-peony-liquid\/#breadcrumb","itemListElement":[{"@type":"ListItem","position":1,"name":"Strona g\u0142\u00f3wna","item":"https:\/\/racom.com.pl\/"},{"@type":"ListItem","position":2,"name":"Sklep","item":"https:\/\/racom.com.pl\/"},{"@type":"ListItem","position":3,"name":"ORYGINALNE ETUI GUESS IPHONE 13 MINI PEONY LIQUID"}]},{"@type":"WebSite","@id":"https:\/\/racom.com.pl\/#website","url":"https:\/\/racom.com.pl\/","name":"Mix Market - Supermarket z wszystkim co potrzeba do domu i nie tylko","description":"","publisher":{"@id":"https:\/\/racom.com.pl\/#organization"},"potentialAction":[{"@type":"SearchAction","target":{"@type":"EntryPoint","urlTemplate":"https:\/\/racom.com.pl\/?s={search_term_string}"},"query-input":{"@type":"PropertyValueSpecification","valueRequired":true,"valueName":"search_term_string"}}],"inLanguage":"pl-PL"},{"@type":"Organization","@id":"https:\/\/racom.com.pl\/#organization","name":"Mix Market - Supermarket z wszystkim co potrzeba do domu i nie tylko","url":"https:\/\/racom.com.pl\/","logo":{"@type":"ImageObject","inLanguage":"pl-PL","@id":"https:\/\/racom.com.pl\/#\/schema\/logo\/image\/","url":"https:\/\/racom.com.pl\/wp-content\/uploads\/2025\/07\/mixmarket_logo.png","contentUrl":"https:\/\/racom.com.pl\/wp-content\/uploads\/2025\/07\/mixmarket_logo.png","width":1024,"height":1024,"caption":"Mix Market - Supermarket z wszystkim co potrzeba do domu i nie tylko"},"image":{"@id":"https:\/\/racom.com.pl\/#\/schema\/logo\/image\/"}}]}},"_links":{"self":[{"href":"https:\/\/racom.com.pl\/index.php\/wp-json\/wp\/v2\/product\/478","targetHints":{"allow":["GET"]}}],"collection":[{"href":"https:\/\/racom.com.pl\/index.php\/wp-json\/wp\/v2\/product"}],"about":[{"href":"https:\/\/racom.com.pl\/index.php\/wp-json\/wp\/v2\/types\/product"}],"replies":[{"embeddable":true,"href":"https:\/\/racom.com.pl\/index.php\/wp-json\/wp\/v2\/comments?post=478"}],"wp:featuredmedia":[{"embeddable":true,"href":"https:\/\/racom.com.pl\/index.php\/wp-json\/wp\/v2\/media\/484"}],"wp:attachment":[{"href":"https:\/\/racom.com.pl\/index.php\/wp-json\/wp\/v2\/media?parent=478"}],"wp:term":[{"taxonomy":"product_brand","embeddable":true,"href":"https:\/\/racom.com.pl\/index.php\/wp-json\/wp\/v2\/product_brand?post=478"},{"taxonomy":"product_cat","embeddable":true,"href":"https:\/\/racom.com.pl\/index.php\/wp-json\/wp\/v2\/product_cat?post=478"},{"taxonomy":"product_tag","embeddable":true,"href":"https:\/\/racom.com.pl\/index.php\/wp-json\/wp\/v2\/product_tag?post=478"}],"curies":[{"name":"wp","href":"https:\/\/api.w.org\/{rel}","templated":true}]}}