{"id":485,"date":"2025-07-18T17:34:54","date_gmt":"2025-07-18T15:34:54","guid":{"rendered":"http:\/\/192.168.2.106\/index.php\/produkt\/szklo-na-kamere-3mk-flexible-iphone-se-2020-2022\/"},"modified":"2025-07-18T17:34:54","modified_gmt":"2025-07-18T15:34:54","slug":"szklo-na-kamere-3mk-flexible-iphone-se-2020-2022","status":"publish","type":"product","link":"https:\/\/racom.com.pl\/index.php\/produkt\/szklo-na-kamere-3mk-flexible-iphone-se-2020-2022\/","title":{"rendered":"SZK\u0141O NA KAMER\u0118 3MK FLEXIBLE IPHONE SE 2020\/2022"},"content":{"rendered":"<h2>SZK\u0141O NA KAMER\u0118 3MK FLEXIBLE IPHONE SE 2020\/2022<\/h2>\n<h2>Niep\u0119kaj\u0105ce, elastyczne szk\u0142o hybrydowe chroni\u0105ce aparat.<\/h2>\n<h2>Bardzo wysoka ochrona przed zarysowaniami &#8211; 7H.<\/h2>\n<p>Tak du\u017c\u0105 twardo\u015b\u0107, przewy\u017cszaj\u0105c\u0105 folie ochronne uzyskano dzi\u0119ki wzbogaceniu struktury o dodatkow\u0105 pow\u0142ok\u0119 ceramiczn\u0105.<\/p>\n<h2>Zmniejsza ryzyko st\u0142uczenia.<\/h2>\n<p>Lens Protection wzmacnia aparat do 250% poch\u0142aniaj\u0105c energi\u0119 uderzenia.<\/p>\n<h2>Prawie niewidoczne.<\/h2>\n<p>0,16 mm grubo\u015bci pot\u0119guje uczucie braku dodatkowej warstwy na aparacie.<\/p>\n<h2>Chro\u0144 w pe\u0142ni.<\/h2>\n<p>Dla jeszcze lepszej ochrony stosuj w po\u0142\u0105czeniu z etui amortyzuj\u0105cym uderzenia 3mk Satin Armor Case lub 3mk Armor Case lub 3mk Clear Case.<\/p>\n<h2>Zestaw zawiera:<\/h2>\n<ul>\n<li>4szt. Lens Protection (szk\u0142o ochronne na aparat)<\/li>\n<li>\u015bciereczk\u0119<\/li>\n<li>opakowanie<\/li>\n<\/ul>\n<p>W przypadku pokrowc\u00f3w na telefony zdj\u0119cie jest pogl\u0105dowe i przedstawia typ (wz\u00f3r) pokrowca. W zale\u017cno\u015bci od modelu telefonu pokrowiec b\u0119dzie posiada\u0142 w innych miejscach otwory na kamer\u0119, przyciski i czujniki.<\/p>\n","protected":false},"excerpt":{"rendered":"<p>SZK\u0141O NA KAMER\u0118 3MK FLEXIBLE IPHONE SE 2020\/2022 Niep\u0119kaj\u0105ce, elastyczne szk\u0142o hybrydowe chroni\u0105ce aparat. Bardzo wysoka ochrona przed zarysowaniami &#8211; 7H. Tak du\u017c\u0105 twardo\u015b\u0107, przewy\u017cszaj\u0105c\u0105 folie ochronne uzyskano dzi\u0119ki wzbogaceniu struktury o dodatkow\u0105 pow\u0142ok\u0119 ceramiczn\u0105. Zmniejsza ryzyko st\u0142uczenia. Lens Protection wzmacnia aparat do 250% poch\u0142aniaj\u0105c energi\u0119 uderzenia. Prawie niewidoczne. 0,16 mm grubo\u015bci pot\u0119guje uczucie braku [&hellip;]<\/p>\n","protected":false},"featured_media":487,"comment_status":"open","ping_status":"closed","template":"","meta":[],"product_brand":[],"product_cat":[26],"product_tag":[],"class_list":{"0":"post-485","1":"product","2":"type-product","3":"status-publish","4":"has-post-thumbnail","6":"product_cat-akcesoria-gsm","8":"first","9":"instock","10":"taxable","11":"shipping-taxable","12":"purchasable","13":"product-type-simple"},"yoast_head":"<!-- This site is optimized with the Yoast SEO plugin v27.3 - https:\/\/yoast.com\/product\/yoast-seo-wordpress\/ -->\n<title>SZK\u0141O NA KAMER\u0118 3MK FLEXIBLE IPHONE SE 2020\/2022 - Mix Market - Supermarket z wszystkim co potrzeba<\/title>\n<meta name=\"robots\" content=\"index, follow, max-snippet:-1, max-image-preview:large, max-video-preview:-1\" \/>\n<link rel=\"canonical\" href=\"https:\/\/racom.com.pl\/index.php\/produkt\/szklo-na-kamere-3mk-flexible-iphone-se-2020-2022\/\" \/>\n<meta property=\"og:locale\" content=\"pl_PL\" \/>\n<meta property=\"og:type\" content=\"article\" \/>\n<meta property=\"og:title\" content=\"SZK\u0141O NA KAMER\u0118 3MK FLEXIBLE IPHONE SE 2020\/2022 - Mix Market - Supermarket z wszystkim co potrzeba\" \/>\n<meta property=\"og:description\" content=\"SZK\u0141O NA KAMER\u0118 3MK FLEXIBLE IPHONE SE 2020\/2022 Niep\u0119kaj\u0105ce, elastyczne szk\u0142o hybrydowe chroni\u0105ce aparat. Bardzo wysoka ochrona przed zarysowaniami &#8211; 7H. Tak du\u017c\u0105 twardo\u015b\u0107, przewy\u017cszaj\u0105c\u0105 folie ochronne uzyskano dzi\u0119ki wzbogaceniu struktury o dodatkow\u0105 pow\u0142ok\u0119 ceramiczn\u0105. Zmniejsza ryzyko st\u0142uczenia. Lens Protection wzmacnia aparat do 250% poch\u0142aniaj\u0105c energi\u0119 uderzenia. Prawie niewidoczne. 0,16 mm grubo\u015bci pot\u0119guje uczucie braku [&hellip;]\" \/>\n<meta property=\"og:url\" content=\"https:\/\/racom.com.pl\/index.php\/produkt\/szklo-na-kamere-3mk-flexible-iphone-se-2020-2022\/\" \/>\n<meta property=\"og:site_name\" content=\"Mix Market - Supermarket z wszystkim co potrzeba\" \/>\n<meta property=\"og:image\" content=\"https:\/\/racom.com.pl\/wp-content\/uploads\/2025\/07\/allegro_687a69a82f6e47.24652316_75da1f294eb9a8bd9637f6aab9e3.jpg\" \/>\n\t<meta property=\"og:image:width\" content=\"712\" \/>\n\t<meta property=\"og:image:height\" content=\"792\" \/>\n\t<meta property=\"og:image:type\" content=\"image\/jpeg\" \/>\n<meta name=\"twitter:card\" content=\"summary_large_image\" \/>\n<meta name=\"twitter:label1\" content=\"Szacowany czas czytania\" \/>\n\t<meta name=\"twitter:data1\" content=\"1 minuta\" \/>\n<script type=\"application\/ld+json\" class=\"yoast-schema-graph\">{\"@context\":\"https:\\\/\\\/schema.org\",\"@graph\":[{\"@type\":\"WebPage\",\"@id\":\"https:\\\/\\\/racom.com.pl\\\/index.php\\\/produkt\\\/szklo-na-kamere-3mk-flexible-iphone-se-2020-2022\\\/\",\"url\":\"https:\\\/\\\/racom.com.pl\\\/index.php\\\/produkt\\\/szklo-na-kamere-3mk-flexible-iphone-se-2020-2022\\\/\",\"name\":\"SZK\u0141O NA KAMER\u0118 3MK FLEXIBLE IPHONE SE 2020\\\/2022 - Mix Market - Supermarket z wszystkim co potrzeba\",\"isPartOf\":{\"@id\":\"https:\\\/\\\/racom.com.pl\\\/#website\"},\"primaryImageOfPage\":{\"@id\":\"https:\\\/\\\/racom.com.pl\\\/index.php\\\/produkt\\\/szklo-na-kamere-3mk-flexible-iphone-se-2020-2022\\\/#primaryimage\"},\"image\":{\"@id\":\"https:\\\/\\\/racom.com.pl\\\/index.php\\\/produkt\\\/szklo-na-kamere-3mk-flexible-iphone-se-2020-2022\\\/#primaryimage\"},\"thumbnailUrl\":\"https:\\\/\\\/racom.com.pl\\\/wp-content\\\/uploads\\\/2025\\\/07\\\/allegro_687a69a82f6e47.24652316_75da1f294eb9a8bd9637f6aab9e3.jpg\",\"datePublished\":\"2025-07-18T15:34:54+00:00\",\"breadcrumb\":{\"@id\":\"https:\\\/\\\/racom.com.pl\\\/index.php\\\/produkt\\\/szklo-na-kamere-3mk-flexible-iphone-se-2020-2022\\\/#breadcrumb\"},\"inLanguage\":\"pl-PL\",\"potentialAction\":[{\"@type\":\"ReadAction\",\"target\":[\"https:\\\/\\\/racom.com.pl\\\/index.php\\\/produkt\\\/szklo-na-kamere-3mk-flexible-iphone-se-2020-2022\\\/\"]}]},{\"@type\":\"ImageObject\",\"inLanguage\":\"pl-PL\",\"@id\":\"https:\\\/\\\/racom.com.pl\\\/index.php\\\/produkt\\\/szklo-na-kamere-3mk-flexible-iphone-se-2020-2022\\\/#primaryimage\",\"url\":\"https:\\\/\\\/racom.com.pl\\\/wp-content\\\/uploads\\\/2025\\\/07\\\/allegro_687a69a82f6e47.24652316_75da1f294eb9a8bd9637f6aab9e3.jpg\",\"contentUrl\":\"https:\\\/\\\/racom.com.pl\\\/wp-content\\\/uploads\\\/2025\\\/07\\\/allegro_687a69a82f6e47.24652316_75da1f294eb9a8bd9637f6aab9e3.jpg\",\"width\":712,\"height\":792},{\"@type\":\"BreadcrumbList\",\"@id\":\"https:\\\/\\\/racom.com.pl\\\/index.php\\\/produkt\\\/szklo-na-kamere-3mk-flexible-iphone-se-2020-2022\\\/#breadcrumb\",\"itemListElement\":[{\"@type\":\"ListItem\",\"position\":1,\"name\":\"Strona g\u0142\u00f3wna\",\"item\":\"https:\\\/\\\/racom.com.pl\\\/\"},{\"@type\":\"ListItem\",\"position\":2,\"name\":\"Sklep\",\"item\":\"https:\\\/\\\/racom.com.pl\\\/\"},{\"@type\":\"ListItem\",\"position\":3,\"name\":\"SZK\u0141O NA KAMER\u0118 3MK FLEXIBLE IPHONE SE 2020\\\/2022\"}]},{\"@type\":\"WebSite\",\"@id\":\"https:\\\/\\\/racom.com.pl\\\/#website\",\"url\":\"https:\\\/\\\/racom.com.pl\\\/\",\"name\":\"Mix Market - Supermarket z wszystkim co potrzeba do domu i nie tylko\",\"description\":\"\",\"publisher\":{\"@id\":\"https:\\\/\\\/racom.com.pl\\\/#organization\"},\"potentialAction\":[{\"@type\":\"SearchAction\",\"target\":{\"@type\":\"EntryPoint\",\"urlTemplate\":\"https:\\\/\\\/racom.com.pl\\\/?s={search_term_string}\"},\"query-input\":{\"@type\":\"PropertyValueSpecification\",\"valueRequired\":true,\"valueName\":\"search_term_string\"}}],\"inLanguage\":\"pl-PL\"},{\"@type\":\"Organization\",\"@id\":\"https:\\\/\\\/racom.com.pl\\\/#organization\",\"name\":\"Mix Market - Supermarket z wszystkim co potrzeba do domu i nie tylko\",\"url\":\"https:\\\/\\\/racom.com.pl\\\/\",\"logo\":{\"@type\":\"ImageObject\",\"inLanguage\":\"pl-PL\",\"@id\":\"https:\\\/\\\/racom.com.pl\\\/#\\\/schema\\\/logo\\\/image\\\/\",\"url\":\"https:\\\/\\\/racom.com.pl\\\/wp-content\\\/uploads\\\/2025\\\/07\\\/mixmarket_logo.png\",\"contentUrl\":\"https:\\\/\\\/racom.com.pl\\\/wp-content\\\/uploads\\\/2025\\\/07\\\/mixmarket_logo.png\",\"width\":1024,\"height\":1024,\"caption\":\"Mix Market - Supermarket z wszystkim co potrzeba do domu i nie tylko\"},\"image\":{\"@id\":\"https:\\\/\\\/racom.com.pl\\\/#\\\/schema\\\/logo\\\/image\\\/\"}}]}<\/script>\n<!-- \/ Yoast SEO plugin. -->","yoast_head_json":{"title":"SZK\u0141O NA KAMER\u0118 3MK FLEXIBLE IPHONE SE 2020\/2022 - Mix Market - Supermarket z wszystkim co potrzeba","robots":{"index":"index","follow":"follow","max-snippet":"max-snippet:-1","max-image-preview":"max-image-preview:large","max-video-preview":"max-video-preview:-1"},"canonical":"https:\/\/racom.com.pl\/index.php\/produkt\/szklo-na-kamere-3mk-flexible-iphone-se-2020-2022\/","og_locale":"pl_PL","og_type":"article","og_title":"SZK\u0141O NA KAMER\u0118 3MK FLEXIBLE IPHONE SE 2020\/2022 - Mix Market - Supermarket z wszystkim co potrzeba","og_description":"SZK\u0141O NA KAMER\u0118 3MK FLEXIBLE IPHONE SE 2020\/2022 Niep\u0119kaj\u0105ce, elastyczne szk\u0142o hybrydowe chroni\u0105ce aparat. Bardzo wysoka ochrona przed zarysowaniami &#8211; 7H. Tak du\u017c\u0105 twardo\u015b\u0107, przewy\u017cszaj\u0105c\u0105 folie ochronne uzyskano dzi\u0119ki wzbogaceniu struktury o dodatkow\u0105 pow\u0142ok\u0119 ceramiczn\u0105. Zmniejsza ryzyko st\u0142uczenia. Lens Protection wzmacnia aparat do 250% poch\u0142aniaj\u0105c energi\u0119 uderzenia. Prawie niewidoczne. 0,16 mm grubo\u015bci pot\u0119guje uczucie braku [&hellip;]","og_url":"https:\/\/racom.com.pl\/index.php\/produkt\/szklo-na-kamere-3mk-flexible-iphone-se-2020-2022\/","og_site_name":"Mix Market - Supermarket z wszystkim co potrzeba","og_image":[{"width":712,"height":792,"url":"https:\/\/racom.com.pl\/wp-content\/uploads\/2025\/07\/allegro_687a69a82f6e47.24652316_75da1f294eb9a8bd9637f6aab9e3.jpg","type":"image\/jpeg"}],"twitter_card":"summary_large_image","twitter_misc":{"Szacowany czas czytania":"1 minuta"},"schema":{"@context":"https:\/\/schema.org","@graph":[{"@type":"WebPage","@id":"https:\/\/racom.com.pl\/index.php\/produkt\/szklo-na-kamere-3mk-flexible-iphone-se-2020-2022\/","url":"https:\/\/racom.com.pl\/index.php\/produkt\/szklo-na-kamere-3mk-flexible-iphone-se-2020-2022\/","name":"SZK\u0141O NA KAMER\u0118 3MK FLEXIBLE IPHONE SE 2020\/2022 - Mix Market - Supermarket z wszystkim co potrzeba","isPartOf":{"@id":"https:\/\/racom.com.pl\/#website"},"primaryImageOfPage":{"@id":"https:\/\/racom.com.pl\/index.php\/produkt\/szklo-na-kamere-3mk-flexible-iphone-se-2020-2022\/#primaryimage"},"image":{"@id":"https:\/\/racom.com.pl\/index.php\/produkt\/szklo-na-kamere-3mk-flexible-iphone-se-2020-2022\/#primaryimage"},"thumbnailUrl":"https:\/\/racom.com.pl\/wp-content\/uploads\/2025\/07\/allegro_687a69a82f6e47.24652316_75da1f294eb9a8bd9637f6aab9e3.jpg","datePublished":"2025-07-18T15:34:54+00:00","breadcrumb":{"@id":"https:\/\/racom.com.pl\/index.php\/produkt\/szklo-na-kamere-3mk-flexible-iphone-se-2020-2022\/#breadcrumb"},"inLanguage":"pl-PL","potentialAction":[{"@type":"ReadAction","target":["https:\/\/racom.com.pl\/index.php\/produkt\/szklo-na-kamere-3mk-flexible-iphone-se-2020-2022\/"]}]},{"@type":"ImageObject","inLanguage":"pl-PL","@id":"https:\/\/racom.com.pl\/index.php\/produkt\/szklo-na-kamere-3mk-flexible-iphone-se-2020-2022\/#primaryimage","url":"https:\/\/racom.com.pl\/wp-content\/uploads\/2025\/07\/allegro_687a69a82f6e47.24652316_75da1f294eb9a8bd9637f6aab9e3.jpg","contentUrl":"https:\/\/racom.com.pl\/wp-content\/uploads\/2025\/07\/allegro_687a69a82f6e47.24652316_75da1f294eb9a8bd9637f6aab9e3.jpg","width":712,"height":792},{"@type":"BreadcrumbList","@id":"https:\/\/racom.com.pl\/index.php\/produkt\/szklo-na-kamere-3mk-flexible-iphone-se-2020-2022\/#breadcrumb","itemListElement":[{"@type":"ListItem","position":1,"name":"Strona g\u0142\u00f3wna","item":"https:\/\/racom.com.pl\/"},{"@type":"ListItem","position":2,"name":"Sklep","item":"https:\/\/racom.com.pl\/"},{"@type":"ListItem","position":3,"name":"SZK\u0141O NA KAMER\u0118 3MK FLEXIBLE IPHONE SE 2020\/2022"}]},{"@type":"WebSite","@id":"https:\/\/racom.com.pl\/#website","url":"https:\/\/racom.com.pl\/","name":"Mix Market - Supermarket z wszystkim co potrzeba do domu i nie tylko","description":"","publisher":{"@id":"https:\/\/racom.com.pl\/#organization"},"potentialAction":[{"@type":"SearchAction","target":{"@type":"EntryPoint","urlTemplate":"https:\/\/racom.com.pl\/?s={search_term_string}"},"query-input":{"@type":"PropertyValueSpecification","valueRequired":true,"valueName":"search_term_string"}}],"inLanguage":"pl-PL"},{"@type":"Organization","@id":"https:\/\/racom.com.pl\/#organization","name":"Mix Market - Supermarket z wszystkim co potrzeba do domu i nie tylko","url":"https:\/\/racom.com.pl\/","logo":{"@type":"ImageObject","inLanguage":"pl-PL","@id":"https:\/\/racom.com.pl\/#\/schema\/logo\/image\/","url":"https:\/\/racom.com.pl\/wp-content\/uploads\/2025\/07\/mixmarket_logo.png","contentUrl":"https:\/\/racom.com.pl\/wp-content\/uploads\/2025\/07\/mixmarket_logo.png","width":1024,"height":1024,"caption":"Mix Market - Supermarket z wszystkim co potrzeba do domu i nie tylko"},"image":{"@id":"https:\/\/racom.com.pl\/#\/schema\/logo\/image\/"}}]}},"_links":{"self":[{"href":"https:\/\/racom.com.pl\/index.php\/wp-json\/wp\/v2\/product\/485","targetHints":{"allow":["GET"]}}],"collection":[{"href":"https:\/\/racom.com.pl\/index.php\/wp-json\/wp\/v2\/product"}],"about":[{"href":"https:\/\/racom.com.pl\/index.php\/wp-json\/wp\/v2\/types\/product"}],"replies":[{"embeddable":true,"href":"https:\/\/racom.com.pl\/index.php\/wp-json\/wp\/v2\/comments?post=485"}],"wp:featuredmedia":[{"embeddable":true,"href":"https:\/\/racom.com.pl\/index.php\/wp-json\/wp\/v2\/media\/487"}],"wp:attachment":[{"href":"https:\/\/racom.com.pl\/index.php\/wp-json\/wp\/v2\/media?parent=485"}],"wp:term":[{"taxonomy":"product_brand","embeddable":true,"href":"https:\/\/racom.com.pl\/index.php\/wp-json\/wp\/v2\/product_brand?post=485"},{"taxonomy":"product_cat","embeddable":true,"href":"https:\/\/racom.com.pl\/index.php\/wp-json\/wp\/v2\/product_cat?post=485"},{"taxonomy":"product_tag","embeddable":true,"href":"https:\/\/racom.com.pl\/index.php\/wp-json\/wp\/v2\/product_tag?post=485"}],"curies":[{"name":"wp","href":"https:\/\/api.w.org\/{rel}","templated":true}]}}