{"id":503,"date":"2025-07-18T17:35:58","date_gmt":"2025-07-18T15:35:58","guid":{"rendered":"http:\/\/192.168.2.106\/index.php\/produkt\/etui-3mk-satin-armor-case-iphone-14\/"},"modified":"2025-07-18T17:35:58","modified_gmt":"2025-07-18T15:35:58","slug":"etui-3mk-satin-armor-case-iphone-14","status":"publish","type":"product","link":"https:\/\/racom.com.pl\/index.php\/produkt\/etui-3mk-satin-armor-case-iphone-14\/","title":{"rendered":"ETUI 3MK SATIN ARMOR CASE+ IPHONE 14"},"content":{"rendered":"<h2>ETUI 3MK SATIN ARMOR CASE+ IPHONE 14<\/h2>\n<p>&#8222;Satin Armor Case+ nowa ods\u0142ona znanego i cenionego etui od 3mk. <\/p>\n<p>Wersja z plusem cechuje si\u0119 wy\u017csz\u0105 klas\u0105 odporno\u015bci na uderzenia i upadki.<\/p>\n<p>Dzi\u0119ki zastosowaniu systemu Shock Pocket, czyli estetycznych i funkcjonalnych wg\u0142\u0119bie\u0144, kt\u00f3re dzia\u0142aj\u0105 jak poduszki ca\u0142y impet uderzenia przejmuje na siebie etui.<\/p>\n<p>Satin Armor Case+ ma jeszcze wy\u017csze kraw\u0119dzie dooko\u0142a aparatu co zwi\u0119ksza ochron\u0119 obiektyw\u00f3w przed zarysowaniem.<\/p>\n<p>Nowy design etui zapewnia \u0142atwy dost\u0119p do wszystkich port\u00f3w telefonu oraz wysok\u0105 czu\u0142o\u015b\u0107 przy obs\u0142udze przycisk\u00f3w.<\/p>\n<p>Etui posiada atest PZH oraz certyfikat RoHs.&#8221;<\/p>\n<ul>\n<li><b>producent:<\/b> 3mk<\/li>\n<li><b>ean:<\/b> 5903108476508<\/li>\n<\/ul>\n<p>Opakowanie jest integraln\u0105 cz\u0119\u015bci\u0105 produktu.<\/p>\n<p>Pokrowce\/etui do telefon\u00f3w i tablet\u00f3w to cz\u0119sto zdj\u0119cie pogl\u0105dowe. W rzeczywisto\u015bci otrzymuj\u0105 Pa\u0144stwo futera\u0142 dopasowany do danego modelu urz\u0105dzenia z poprawnie rozmieszczonymi otworami na kamer\u0119\/aparat czy przyciski boczne.<\/p>\n<p>W przypadku baterii do telefon\u00f3w (zamiennik\u00f3w) zdj\u0119cie mo\u017ce by\u0107 zdj\u0119ciem pogl\u0105dowym. Po zakupie otrzymaj\u0105 Pa\u0144stwo produkt kompatybilny z danym urz\u0105dzeniem.<\/p>\n<p>Zdj\u0119cia produkt\u00f3w takich jak Szk\u0142a hartowane i folie ochronne na telefony\/tablety r\u00f3wnie\u017c mog\u0105 by\u0107 zdj\u0119ciami pogl\u0105dowymi.<\/p>\n","protected":false},"excerpt":{"rendered":"<p>ETUI 3MK SATIN ARMOR CASE+ IPHONE 14 &#8222;Satin Armor Case+ nowa ods\u0142ona znanego i cenionego etui od 3mk. Wersja z plusem cechuje si\u0119 wy\u017csz\u0105 klas\u0105 odporno\u015bci na uderzenia i upadki. Dzi\u0119ki zastosowaniu systemu Shock Pocket, czyli estetycznych i funkcjonalnych wg\u0142\u0119bie\u0144, kt\u00f3re dzia\u0142aj\u0105 jak poduszki ca\u0142y impet uderzenia przejmuje na siebie etui. Satin Armor Case+ ma [&hellip;]<\/p>\n","protected":false},"featured_media":505,"comment_status":"open","ping_status":"closed","template":"","meta":[],"product_brand":[45],"product_cat":[26],"product_tag":[],"class_list":{"0":"post-503","1":"product","2":"type-product","3":"status-publish","4":"has-post-thumbnail","6":"product_brand-3mk","7":"product_cat-akcesoria-gsm","9":"first","10":"instock","11":"taxable","12":"shipping-taxable","13":"purchasable","14":"product-type-simple"},"yoast_head":"<!-- This site is optimized with the Yoast SEO plugin v27.3 - https:\/\/yoast.com\/product\/yoast-seo-wordpress\/ -->\n<title>ETUI 3MK SATIN ARMOR CASE+ IPHONE 14 - Mix Market - Supermarket z wszystkim co potrzeba<\/title>\n<meta name=\"robots\" content=\"index, follow, max-snippet:-1, max-image-preview:large, max-video-preview:-1\" \/>\n<link rel=\"canonical\" href=\"https:\/\/racom.com.pl\/index.php\/produkt\/etui-3mk-satin-armor-case-iphone-14\/\" \/>\n<meta property=\"og:locale\" content=\"pl_PL\" \/>\n<meta property=\"og:type\" content=\"article\" \/>\n<meta property=\"og:title\" content=\"ETUI 3MK SATIN ARMOR CASE+ IPHONE 14 - Mix Market - Supermarket z wszystkim co potrzeba\" \/>\n<meta property=\"og:description\" content=\"ETUI 3MK SATIN ARMOR CASE+ IPHONE 14 &#8222;Satin Armor Case+ nowa ods\u0142ona znanego i cenionego etui od 3mk. Wersja z plusem cechuje si\u0119 wy\u017csz\u0105 klas\u0105 odporno\u015bci na uderzenia i upadki. Dzi\u0119ki zastosowaniu systemu Shock Pocket, czyli estetycznych i funkcjonalnych wg\u0142\u0119bie\u0144, kt\u00f3re dzia\u0142aj\u0105 jak poduszki ca\u0142y impet uderzenia przejmuje na siebie etui. Satin Armor Case+ ma [&hellip;]\" \/>\n<meta property=\"og:url\" content=\"https:\/\/racom.com.pl\/index.php\/produkt\/etui-3mk-satin-armor-case-iphone-14\/\" \/>\n<meta property=\"og:site_name\" content=\"Mix Market - Supermarket z wszystkim co potrzeba\" \/>\n<meta property=\"og:image\" content=\"https:\/\/racom.com.pl\/wp-content\/uploads\/2025\/07\/allegro_687a69e5ba63d6.20628615_48bf38ba48abb1e888420770444d.jpg\" \/>\n\t<meta property=\"og:image:width\" content=\"649\" \/>\n\t<meta property=\"og:image:height\" content=\"598\" \/>\n\t<meta property=\"og:image:type\" content=\"image\/jpeg\" \/>\n<meta name=\"twitter:card\" content=\"summary_large_image\" \/>\n<meta name=\"twitter:label1\" content=\"Szacowany czas czytania\" \/>\n\t<meta name=\"twitter:data1\" content=\"1 minuta\" \/>\n<script type=\"application\/ld+json\" class=\"yoast-schema-graph\">{\"@context\":\"https:\\\/\\\/schema.org\",\"@graph\":[{\"@type\":\"WebPage\",\"@id\":\"https:\\\/\\\/racom.com.pl\\\/index.php\\\/produkt\\\/etui-3mk-satin-armor-case-iphone-14\\\/\",\"url\":\"https:\\\/\\\/racom.com.pl\\\/index.php\\\/produkt\\\/etui-3mk-satin-armor-case-iphone-14\\\/\",\"name\":\"ETUI 3MK SATIN ARMOR CASE+ IPHONE 14 - Mix Market - Supermarket z wszystkim co potrzeba\",\"isPartOf\":{\"@id\":\"https:\\\/\\\/racom.com.pl\\\/#website\"},\"primaryImageOfPage\":{\"@id\":\"https:\\\/\\\/racom.com.pl\\\/index.php\\\/produkt\\\/etui-3mk-satin-armor-case-iphone-14\\\/#primaryimage\"},\"image\":{\"@id\":\"https:\\\/\\\/racom.com.pl\\\/index.php\\\/produkt\\\/etui-3mk-satin-armor-case-iphone-14\\\/#primaryimage\"},\"thumbnailUrl\":\"https:\\\/\\\/racom.com.pl\\\/wp-content\\\/uploads\\\/2025\\\/07\\\/allegro_687a69e5ba63d6.20628615_48bf38ba48abb1e888420770444d.jpg\",\"datePublished\":\"2025-07-18T15:35:58+00:00\",\"breadcrumb\":{\"@id\":\"https:\\\/\\\/racom.com.pl\\\/index.php\\\/produkt\\\/etui-3mk-satin-armor-case-iphone-14\\\/#breadcrumb\"},\"inLanguage\":\"pl-PL\",\"potentialAction\":[{\"@type\":\"ReadAction\",\"target\":[\"https:\\\/\\\/racom.com.pl\\\/index.php\\\/produkt\\\/etui-3mk-satin-armor-case-iphone-14\\\/\"]}]},{\"@type\":\"ImageObject\",\"inLanguage\":\"pl-PL\",\"@id\":\"https:\\\/\\\/racom.com.pl\\\/index.php\\\/produkt\\\/etui-3mk-satin-armor-case-iphone-14\\\/#primaryimage\",\"url\":\"https:\\\/\\\/racom.com.pl\\\/wp-content\\\/uploads\\\/2025\\\/07\\\/allegro_687a69e5ba63d6.20628615_48bf38ba48abb1e888420770444d.jpg\",\"contentUrl\":\"https:\\\/\\\/racom.com.pl\\\/wp-content\\\/uploads\\\/2025\\\/07\\\/allegro_687a69e5ba63d6.20628615_48bf38ba48abb1e888420770444d.jpg\",\"width\":649,\"height\":598},{\"@type\":\"BreadcrumbList\",\"@id\":\"https:\\\/\\\/racom.com.pl\\\/index.php\\\/produkt\\\/etui-3mk-satin-armor-case-iphone-14\\\/#breadcrumb\",\"itemListElement\":[{\"@type\":\"ListItem\",\"position\":1,\"name\":\"Strona g\u0142\u00f3wna\",\"item\":\"https:\\\/\\\/racom.com.pl\\\/\"},{\"@type\":\"ListItem\",\"position\":2,\"name\":\"Sklep\",\"item\":\"https:\\\/\\\/racom.com.pl\\\/\"},{\"@type\":\"ListItem\",\"position\":3,\"name\":\"ETUI 3MK SATIN ARMOR CASE+ IPHONE 14\"}]},{\"@type\":\"WebSite\",\"@id\":\"https:\\\/\\\/racom.com.pl\\\/#website\",\"url\":\"https:\\\/\\\/racom.com.pl\\\/\",\"name\":\"Mix Market - Supermarket z wszystkim co potrzeba do domu i nie tylko\",\"description\":\"\",\"publisher\":{\"@id\":\"https:\\\/\\\/racom.com.pl\\\/#organization\"},\"potentialAction\":[{\"@type\":\"SearchAction\",\"target\":{\"@type\":\"EntryPoint\",\"urlTemplate\":\"https:\\\/\\\/racom.com.pl\\\/?s={search_term_string}\"},\"query-input\":{\"@type\":\"PropertyValueSpecification\",\"valueRequired\":true,\"valueName\":\"search_term_string\"}}],\"inLanguage\":\"pl-PL\"},{\"@type\":\"Organization\",\"@id\":\"https:\\\/\\\/racom.com.pl\\\/#organization\",\"name\":\"Mix Market - Supermarket z wszystkim co potrzeba do domu i nie tylko\",\"url\":\"https:\\\/\\\/racom.com.pl\\\/\",\"logo\":{\"@type\":\"ImageObject\",\"inLanguage\":\"pl-PL\",\"@id\":\"https:\\\/\\\/racom.com.pl\\\/#\\\/schema\\\/logo\\\/image\\\/\",\"url\":\"https:\\\/\\\/racom.com.pl\\\/wp-content\\\/uploads\\\/2025\\\/07\\\/mixmarket_logo.png\",\"contentUrl\":\"https:\\\/\\\/racom.com.pl\\\/wp-content\\\/uploads\\\/2025\\\/07\\\/mixmarket_logo.png\",\"width\":1024,\"height\":1024,\"caption\":\"Mix Market - Supermarket z wszystkim co potrzeba do domu i nie tylko\"},\"image\":{\"@id\":\"https:\\\/\\\/racom.com.pl\\\/#\\\/schema\\\/logo\\\/image\\\/\"}}]}<\/script>\n<!-- \/ Yoast SEO plugin. -->","yoast_head_json":{"title":"ETUI 3MK SATIN ARMOR CASE+ IPHONE 14 - Mix Market - Supermarket z wszystkim co potrzeba","robots":{"index":"index","follow":"follow","max-snippet":"max-snippet:-1","max-image-preview":"max-image-preview:large","max-video-preview":"max-video-preview:-1"},"canonical":"https:\/\/racom.com.pl\/index.php\/produkt\/etui-3mk-satin-armor-case-iphone-14\/","og_locale":"pl_PL","og_type":"article","og_title":"ETUI 3MK SATIN ARMOR CASE+ IPHONE 14 - Mix Market - Supermarket z wszystkim co potrzeba","og_description":"ETUI 3MK SATIN ARMOR CASE+ IPHONE 14 &#8222;Satin Armor Case+ nowa ods\u0142ona znanego i cenionego etui od 3mk. Wersja z plusem cechuje si\u0119 wy\u017csz\u0105 klas\u0105 odporno\u015bci na uderzenia i upadki. Dzi\u0119ki zastosowaniu systemu Shock Pocket, czyli estetycznych i funkcjonalnych wg\u0142\u0119bie\u0144, kt\u00f3re dzia\u0142aj\u0105 jak poduszki ca\u0142y impet uderzenia przejmuje na siebie etui. Satin Armor Case+ ma [&hellip;]","og_url":"https:\/\/racom.com.pl\/index.php\/produkt\/etui-3mk-satin-armor-case-iphone-14\/","og_site_name":"Mix Market - Supermarket z wszystkim co potrzeba","og_image":[{"width":649,"height":598,"url":"https:\/\/racom.com.pl\/wp-content\/uploads\/2025\/07\/allegro_687a69e5ba63d6.20628615_48bf38ba48abb1e888420770444d.jpg","type":"image\/jpeg"}],"twitter_card":"summary_large_image","twitter_misc":{"Szacowany czas czytania":"1 minuta"},"schema":{"@context":"https:\/\/schema.org","@graph":[{"@type":"WebPage","@id":"https:\/\/racom.com.pl\/index.php\/produkt\/etui-3mk-satin-armor-case-iphone-14\/","url":"https:\/\/racom.com.pl\/index.php\/produkt\/etui-3mk-satin-armor-case-iphone-14\/","name":"ETUI 3MK SATIN ARMOR CASE+ IPHONE 14 - Mix Market - Supermarket z wszystkim co potrzeba","isPartOf":{"@id":"https:\/\/racom.com.pl\/#website"},"primaryImageOfPage":{"@id":"https:\/\/racom.com.pl\/index.php\/produkt\/etui-3mk-satin-armor-case-iphone-14\/#primaryimage"},"image":{"@id":"https:\/\/racom.com.pl\/index.php\/produkt\/etui-3mk-satin-armor-case-iphone-14\/#primaryimage"},"thumbnailUrl":"https:\/\/racom.com.pl\/wp-content\/uploads\/2025\/07\/allegro_687a69e5ba63d6.20628615_48bf38ba48abb1e888420770444d.jpg","datePublished":"2025-07-18T15:35:58+00:00","breadcrumb":{"@id":"https:\/\/racom.com.pl\/index.php\/produkt\/etui-3mk-satin-armor-case-iphone-14\/#breadcrumb"},"inLanguage":"pl-PL","potentialAction":[{"@type":"ReadAction","target":["https:\/\/racom.com.pl\/index.php\/produkt\/etui-3mk-satin-armor-case-iphone-14\/"]}]},{"@type":"ImageObject","inLanguage":"pl-PL","@id":"https:\/\/racom.com.pl\/index.php\/produkt\/etui-3mk-satin-armor-case-iphone-14\/#primaryimage","url":"https:\/\/racom.com.pl\/wp-content\/uploads\/2025\/07\/allegro_687a69e5ba63d6.20628615_48bf38ba48abb1e888420770444d.jpg","contentUrl":"https:\/\/racom.com.pl\/wp-content\/uploads\/2025\/07\/allegro_687a69e5ba63d6.20628615_48bf38ba48abb1e888420770444d.jpg","width":649,"height":598},{"@type":"BreadcrumbList","@id":"https:\/\/racom.com.pl\/index.php\/produkt\/etui-3mk-satin-armor-case-iphone-14\/#breadcrumb","itemListElement":[{"@type":"ListItem","position":1,"name":"Strona g\u0142\u00f3wna","item":"https:\/\/racom.com.pl\/"},{"@type":"ListItem","position":2,"name":"Sklep","item":"https:\/\/racom.com.pl\/"},{"@type":"ListItem","position":3,"name":"ETUI 3MK SATIN ARMOR CASE+ IPHONE 14"}]},{"@type":"WebSite","@id":"https:\/\/racom.com.pl\/#website","url":"https:\/\/racom.com.pl\/","name":"Mix Market - Supermarket z wszystkim co potrzeba do domu i nie tylko","description":"","publisher":{"@id":"https:\/\/racom.com.pl\/#organization"},"potentialAction":[{"@type":"SearchAction","target":{"@type":"EntryPoint","urlTemplate":"https:\/\/racom.com.pl\/?s={search_term_string}"},"query-input":{"@type":"PropertyValueSpecification","valueRequired":true,"valueName":"search_term_string"}}],"inLanguage":"pl-PL"},{"@type":"Organization","@id":"https:\/\/racom.com.pl\/#organization","name":"Mix Market - Supermarket z wszystkim co potrzeba do domu i nie tylko","url":"https:\/\/racom.com.pl\/","logo":{"@type":"ImageObject","inLanguage":"pl-PL","@id":"https:\/\/racom.com.pl\/#\/schema\/logo\/image\/","url":"https:\/\/racom.com.pl\/wp-content\/uploads\/2025\/07\/mixmarket_logo.png","contentUrl":"https:\/\/racom.com.pl\/wp-content\/uploads\/2025\/07\/mixmarket_logo.png","width":1024,"height":1024,"caption":"Mix Market - Supermarket z wszystkim co potrzeba do domu i nie tylko"},"image":{"@id":"https:\/\/racom.com.pl\/#\/schema\/logo\/image\/"}}]}},"_links":{"self":[{"href":"https:\/\/racom.com.pl\/index.php\/wp-json\/wp\/v2\/product\/503","targetHints":{"allow":["GET"]}}],"collection":[{"href":"https:\/\/racom.com.pl\/index.php\/wp-json\/wp\/v2\/product"}],"about":[{"href":"https:\/\/racom.com.pl\/index.php\/wp-json\/wp\/v2\/types\/product"}],"replies":[{"embeddable":true,"href":"https:\/\/racom.com.pl\/index.php\/wp-json\/wp\/v2\/comments?post=503"}],"wp:featuredmedia":[{"embeddable":true,"href":"https:\/\/racom.com.pl\/index.php\/wp-json\/wp\/v2\/media\/505"}],"wp:attachment":[{"href":"https:\/\/racom.com.pl\/index.php\/wp-json\/wp\/v2\/media?parent=503"}],"wp:term":[{"taxonomy":"product_brand","embeddable":true,"href":"https:\/\/racom.com.pl\/index.php\/wp-json\/wp\/v2\/product_brand?post=503"},{"taxonomy":"product_cat","embeddable":true,"href":"https:\/\/racom.com.pl\/index.php\/wp-json\/wp\/v2\/product_cat?post=503"},{"taxonomy":"product_tag","embeddable":true,"href":"https:\/\/racom.com.pl\/index.php\/wp-json\/wp\/v2\/product_tag?post=503"}],"curies":[{"name":"wp","href":"https:\/\/api.w.org\/{rel}","templated":true}]}}