{"id":517,"date":"2025-07-18T17:36:45","date_gmt":"2025-07-18T15:36:45","guid":{"rendered":"http:\/\/192.168.2.106\/index.php\/produkt\/kabel-usb-c-do-lightning-pd-baseus-cafule-18w-1m\/"},"modified":"2025-07-18T17:36:45","modified_gmt":"2025-07-18T15:36:45","slug":"kabel-usb-c-do-lightning-pd-baseus-cafule-18w-1m","status":"publish","type":"product","link":"https:\/\/racom.com.pl\/index.php\/produkt\/kabel-usb-c-do-lightning-pd-baseus-cafule-18w-1m\/","title":{"rendered":"Kabel USB-C do Lightning PD Baseus Cafule, 18W, 1m"},"content":{"rendered":"<h2>Kabel USB-C do Lightning PD Baseus Cafule, 18W, 1m<\/h2>\n<p><b>Przew\u00f3d USB-C &#8211; Lightning marki Baseus<\/b><\/p>\n<p>\u00a0<\/p>\n<p><b>Wysokiej jako\u015bci przew\u00f3d marki Baseus pozwala na szybkie \u0142adowanie w pr\u0119dko\u015bci 18W PD Quick Charging i szybk\u0105 transmisj\u0119 danych. Wykonany z wysokiej jako\u015bci materia\u0142\u00f3w, zapewnia trwa\u0142o\u015b\u0107 i wytrzyma\u0142o\u015b\u0107, nawet podczas bardzo cz\u0119stego u\u017cytkowania.<\/b><\/p>\n<p>\u00a0<\/p>\n<p>\u00a0<\/p>\n<p>\u00a0<\/p>\n<p>\u00a0<\/p>\n<p>\u00a0<\/p>\n<p><b>Szybka transmisja danych <\/b><\/p>\n<p>\u00a0<\/p>\n<p><b>Przew\u00f3d pozwala na szybk\u0105 transmisj\u0119 danych w pr\u0119dko\u015bci 480Mbps i r\u00f3wnoczesne \u0142adowanie urz\u0105dzenia. Przesy\u0142aj zdj\u0119cia, wideo i inne wa\u017cne pliki w pr\u0119dko\u015bci 1G \/ 25 sekund.<\/b><\/p>\n<p>\u00a0<\/p>\n<p>\u00a0<\/p>\n<p>\u00a0<\/p>\n<p><b>B\u0142yskawiczne \u0142adowanie<\/b><\/p>\n<p>\u00a0<\/p>\n<p><b>Z przewodem Baseus na\u0142adujesz sw\u00f3j smartfon szybko i sprawnie w pr\u0119dko\u015bci 18W PD. Pe\u0142ne na\u0142adowanie iP X zajmie mu zaledwie 30 minut. <\/b><\/p>\n<p>\u00a0<\/p>\n<p>\u00a0<\/p>\n<p>\u00a0<\/p>\n<p>\u00a0<\/p>\n<p><b>Wysoka jako\u015b\u0107<\/b><\/p>\n<p>\u00a0<\/p>\n<p><b>Wysoka jako\u015b\u0107 wykonania przewodu sprawia, \u017ce jest odporny na drobne uszkodzenia mechaniczne, przetarcia, czy z\u0142amania. Wzmocniony oplot sprawia, \u017ce przew\u00f3d jest trwa\u0142y i wytrzyma\u0142y. <\/b><\/p>\n<p>\u00a0<\/p>\n<p>\u00a0<\/p>\n<p>\u00a0<\/p>\n<p><b>Specyfikacja<\/b><\/p>\n<p>\u00a0<\/p>\n<p>\n<b>Producent<\/b><br \/>\nBaseus<br \/>\n<b>Nazwa<\/b><br \/>\nBaseus Cafule Cable Type-C to iP PD 18W<br \/>\n<b>Kod produktu<\/b><br \/>\nCATLKLF-G1<br \/>\n<b>Materia\u0142<\/b><br \/>\nAluminium +\u00a0Nylon<br \/>\n<b>Kolor<\/b><br \/>\nCzarno-szary<br \/>\n<b>D\u0142ugo\u015b\u0107<\/b><br \/>\n1\u00a0m<br \/>\n<b>Z\u0142\u0105cza<\/b><br \/>\nUSB-C do Lightning<br \/>\n<b>Moc<\/b><br \/>\n18 W<br \/>\n<b>Pr\u0119dko\u015b\u0107 transmisji<\/b><br \/>\n480 Mb\/s\n<\/p>\n<p>\u00a0<\/p>\n","protected":false},"excerpt":{"rendered":"<p>Kabel USB-C do Lightning PD Baseus Cafule, 18W, 1m Przew\u00f3d USB-C &#8211; Lightning marki Baseus \u00a0 Wysokiej jako\u015bci przew\u00f3d marki Baseus pozwala na szybkie \u0142adowanie w pr\u0119dko\u015bci 18W PD Quick Charging i szybk\u0105 transmisj\u0119 danych. Wykonany z wysokiej jako\u015bci materia\u0142\u00f3w, zapewnia trwa\u0142o\u015b\u0107 i wytrzyma\u0142o\u015b\u0107, nawet podczas bardzo cz\u0119stego u\u017cytkowania. \u00a0 \u00a0 \u00a0 \u00a0 \u00a0 Szybka [&hellip;]<\/p>\n","protected":false},"featured_media":528,"comment_status":"open","ping_status":"closed","template":"","meta":[],"product_brand":[27],"product_cat":[31],"product_tag":[],"class_list":{"0":"post-517","1":"product","2":"type-product","3":"status-publish","4":"has-post-thumbnail","6":"product_brand-baseus","7":"product_cat-akcesoria-laptop-pc","9":"first","10":"instock","11":"taxable","12":"shipping-taxable","13":"purchasable","14":"product-type-simple"},"yoast_head":"<!-- This site is optimized with the Yoast SEO plugin v27.3 - https:\/\/yoast.com\/product\/yoast-seo-wordpress\/ -->\n<title>Kabel USB-C do Lightning PD Baseus Cafule, 18W, 1m - Mix Market - Supermarket z wszystkim co potrzeba<\/title>\n<meta name=\"robots\" content=\"index, follow, max-snippet:-1, max-image-preview:large, max-video-preview:-1\" \/>\n<link rel=\"canonical\" href=\"https:\/\/racom.com.pl\/index.php\/produkt\/kabel-usb-c-do-lightning-pd-baseus-cafule-18w-1m\/\" \/>\n<meta property=\"og:locale\" content=\"pl_PL\" \/>\n<meta property=\"og:type\" content=\"article\" \/>\n<meta property=\"og:title\" content=\"Kabel USB-C do Lightning PD Baseus Cafule, 18W, 1m - Mix Market - Supermarket z wszystkim co potrzeba\" \/>\n<meta property=\"og:description\" content=\"Kabel USB-C do Lightning PD Baseus Cafule, 18W, 1m Przew\u00f3d USB-C &#8211; Lightning marki Baseus \u00a0 Wysokiej jako\u015bci przew\u00f3d marki Baseus pozwala na szybkie \u0142adowanie w pr\u0119dko\u015bci 18W PD Quick Charging i szybk\u0105 transmisj\u0119 danych. Wykonany z wysokiej jako\u015bci materia\u0142\u00f3w, zapewnia trwa\u0142o\u015b\u0107 i wytrzyma\u0142o\u015b\u0107, nawet podczas bardzo cz\u0119stego u\u017cytkowania. \u00a0 \u00a0 \u00a0 \u00a0 \u00a0 Szybka [&hellip;]\" \/>\n<meta property=\"og:url\" content=\"https:\/\/racom.com.pl\/index.php\/produkt\/kabel-usb-c-do-lightning-pd-baseus-cafule-18w-1m\/\" \/>\n<meta property=\"og:site_name\" content=\"Mix Market - Supermarket z wszystkim co potrzeba\" \/>\n<meta property=\"og:image\" content=\"https:\/\/racom.com.pl\/wp-content\/uploads\/2025\/07\/allegro_687a6a3edf25a2.47239844_37c2d79b415b9271e5f8c9e0a376.jpg\" \/>\n\t<meta property=\"og:image:width\" content=\"1200\" \/>\n\t<meta property=\"og:image:height\" content=\"1200\" \/>\n\t<meta property=\"og:image:type\" content=\"image\/jpeg\" \/>\n<meta name=\"twitter:card\" content=\"summary_large_image\" \/>\n<meta name=\"twitter:label1\" content=\"Szacowany czas czytania\" \/>\n\t<meta name=\"twitter:data1\" content=\"1 minuta\" \/>\n<script type=\"application\/ld+json\" class=\"yoast-schema-graph\">{\"@context\":\"https:\\\/\\\/schema.org\",\"@graph\":[{\"@type\":\"WebPage\",\"@id\":\"https:\\\/\\\/racom.com.pl\\\/index.php\\\/produkt\\\/kabel-usb-c-do-lightning-pd-baseus-cafule-18w-1m\\\/\",\"url\":\"https:\\\/\\\/racom.com.pl\\\/index.php\\\/produkt\\\/kabel-usb-c-do-lightning-pd-baseus-cafule-18w-1m\\\/\",\"name\":\"Kabel USB-C do Lightning PD Baseus Cafule, 18W, 1m - Mix Market - Supermarket z wszystkim co potrzeba\",\"isPartOf\":{\"@id\":\"https:\\\/\\\/racom.com.pl\\\/#website\"},\"primaryImageOfPage\":{\"@id\":\"https:\\\/\\\/racom.com.pl\\\/index.php\\\/produkt\\\/kabel-usb-c-do-lightning-pd-baseus-cafule-18w-1m\\\/#primaryimage\"},\"image\":{\"@id\":\"https:\\\/\\\/racom.com.pl\\\/index.php\\\/produkt\\\/kabel-usb-c-do-lightning-pd-baseus-cafule-18w-1m\\\/#primaryimage\"},\"thumbnailUrl\":\"https:\\\/\\\/racom.com.pl\\\/wp-content\\\/uploads\\\/2025\\\/07\\\/allegro_687a6a3edf25a2.47239844_37c2d79b415b9271e5f8c9e0a376.jpg\",\"datePublished\":\"2025-07-18T15:36:45+00:00\",\"breadcrumb\":{\"@id\":\"https:\\\/\\\/racom.com.pl\\\/index.php\\\/produkt\\\/kabel-usb-c-do-lightning-pd-baseus-cafule-18w-1m\\\/#breadcrumb\"},\"inLanguage\":\"pl-PL\",\"potentialAction\":[{\"@type\":\"ReadAction\",\"target\":[\"https:\\\/\\\/racom.com.pl\\\/index.php\\\/produkt\\\/kabel-usb-c-do-lightning-pd-baseus-cafule-18w-1m\\\/\"]}]},{\"@type\":\"ImageObject\",\"inLanguage\":\"pl-PL\",\"@id\":\"https:\\\/\\\/racom.com.pl\\\/index.php\\\/produkt\\\/kabel-usb-c-do-lightning-pd-baseus-cafule-18w-1m\\\/#primaryimage\",\"url\":\"https:\\\/\\\/racom.com.pl\\\/wp-content\\\/uploads\\\/2025\\\/07\\\/allegro_687a6a3edf25a2.47239844_37c2d79b415b9271e5f8c9e0a376.jpg\",\"contentUrl\":\"https:\\\/\\\/racom.com.pl\\\/wp-content\\\/uploads\\\/2025\\\/07\\\/allegro_687a6a3edf25a2.47239844_37c2d79b415b9271e5f8c9e0a376.jpg\",\"width\":1200,\"height\":1200},{\"@type\":\"BreadcrumbList\",\"@id\":\"https:\\\/\\\/racom.com.pl\\\/index.php\\\/produkt\\\/kabel-usb-c-do-lightning-pd-baseus-cafule-18w-1m\\\/#breadcrumb\",\"itemListElement\":[{\"@type\":\"ListItem\",\"position\":1,\"name\":\"Strona g\u0142\u00f3wna\",\"item\":\"https:\\\/\\\/racom.com.pl\\\/\"},{\"@type\":\"ListItem\",\"position\":2,\"name\":\"Sklep\",\"item\":\"https:\\\/\\\/racom.com.pl\\\/\"},{\"@type\":\"ListItem\",\"position\":3,\"name\":\"Kabel USB-C do Lightning PD Baseus Cafule, 18W, 1m\"}]},{\"@type\":\"WebSite\",\"@id\":\"https:\\\/\\\/racom.com.pl\\\/#website\",\"url\":\"https:\\\/\\\/racom.com.pl\\\/\",\"name\":\"Mix Market - Supermarket z wszystkim co potrzeba do domu i nie tylko\",\"description\":\"\",\"publisher\":{\"@id\":\"https:\\\/\\\/racom.com.pl\\\/#organization\"},\"potentialAction\":[{\"@type\":\"SearchAction\",\"target\":{\"@type\":\"EntryPoint\",\"urlTemplate\":\"https:\\\/\\\/racom.com.pl\\\/?s={search_term_string}\"},\"query-input\":{\"@type\":\"PropertyValueSpecification\",\"valueRequired\":true,\"valueName\":\"search_term_string\"}}],\"inLanguage\":\"pl-PL\"},{\"@type\":\"Organization\",\"@id\":\"https:\\\/\\\/racom.com.pl\\\/#organization\",\"name\":\"Mix Market - Supermarket z wszystkim co potrzeba do domu i nie tylko\",\"url\":\"https:\\\/\\\/racom.com.pl\\\/\",\"logo\":{\"@type\":\"ImageObject\",\"inLanguage\":\"pl-PL\",\"@id\":\"https:\\\/\\\/racom.com.pl\\\/#\\\/schema\\\/logo\\\/image\\\/\",\"url\":\"https:\\\/\\\/racom.com.pl\\\/wp-content\\\/uploads\\\/2025\\\/07\\\/mixmarket_logo.png\",\"contentUrl\":\"https:\\\/\\\/racom.com.pl\\\/wp-content\\\/uploads\\\/2025\\\/07\\\/mixmarket_logo.png\",\"width\":1024,\"height\":1024,\"caption\":\"Mix Market - Supermarket z wszystkim co potrzeba do domu i nie tylko\"},\"image\":{\"@id\":\"https:\\\/\\\/racom.com.pl\\\/#\\\/schema\\\/logo\\\/image\\\/\"}}]}<\/script>\n<!-- \/ Yoast SEO plugin. -->","yoast_head_json":{"title":"Kabel USB-C do Lightning PD Baseus Cafule, 18W, 1m - Mix Market - Supermarket z wszystkim co potrzeba","robots":{"index":"index","follow":"follow","max-snippet":"max-snippet:-1","max-image-preview":"max-image-preview:large","max-video-preview":"max-video-preview:-1"},"canonical":"https:\/\/racom.com.pl\/index.php\/produkt\/kabel-usb-c-do-lightning-pd-baseus-cafule-18w-1m\/","og_locale":"pl_PL","og_type":"article","og_title":"Kabel USB-C do Lightning PD Baseus Cafule, 18W, 1m - Mix Market - Supermarket z wszystkim co potrzeba","og_description":"Kabel USB-C do Lightning PD Baseus Cafule, 18W, 1m Przew\u00f3d USB-C &#8211; Lightning marki Baseus \u00a0 Wysokiej jako\u015bci przew\u00f3d marki Baseus pozwala na szybkie \u0142adowanie w pr\u0119dko\u015bci 18W PD Quick Charging i szybk\u0105 transmisj\u0119 danych. Wykonany z wysokiej jako\u015bci materia\u0142\u00f3w, zapewnia trwa\u0142o\u015b\u0107 i wytrzyma\u0142o\u015b\u0107, nawet podczas bardzo cz\u0119stego u\u017cytkowania. \u00a0 \u00a0 \u00a0 \u00a0 \u00a0 Szybka [&hellip;]","og_url":"https:\/\/racom.com.pl\/index.php\/produkt\/kabel-usb-c-do-lightning-pd-baseus-cafule-18w-1m\/","og_site_name":"Mix Market - Supermarket z wszystkim co potrzeba","og_image":[{"width":1200,"height":1200,"url":"https:\/\/racom.com.pl\/wp-content\/uploads\/2025\/07\/allegro_687a6a3edf25a2.47239844_37c2d79b415b9271e5f8c9e0a376.jpg","type":"image\/jpeg"}],"twitter_card":"summary_large_image","twitter_misc":{"Szacowany czas czytania":"1 minuta"},"schema":{"@context":"https:\/\/schema.org","@graph":[{"@type":"WebPage","@id":"https:\/\/racom.com.pl\/index.php\/produkt\/kabel-usb-c-do-lightning-pd-baseus-cafule-18w-1m\/","url":"https:\/\/racom.com.pl\/index.php\/produkt\/kabel-usb-c-do-lightning-pd-baseus-cafule-18w-1m\/","name":"Kabel USB-C do Lightning PD Baseus Cafule, 18W, 1m - Mix Market - Supermarket z wszystkim co potrzeba","isPartOf":{"@id":"https:\/\/racom.com.pl\/#website"},"primaryImageOfPage":{"@id":"https:\/\/racom.com.pl\/index.php\/produkt\/kabel-usb-c-do-lightning-pd-baseus-cafule-18w-1m\/#primaryimage"},"image":{"@id":"https:\/\/racom.com.pl\/index.php\/produkt\/kabel-usb-c-do-lightning-pd-baseus-cafule-18w-1m\/#primaryimage"},"thumbnailUrl":"https:\/\/racom.com.pl\/wp-content\/uploads\/2025\/07\/allegro_687a6a3edf25a2.47239844_37c2d79b415b9271e5f8c9e0a376.jpg","datePublished":"2025-07-18T15:36:45+00:00","breadcrumb":{"@id":"https:\/\/racom.com.pl\/index.php\/produkt\/kabel-usb-c-do-lightning-pd-baseus-cafule-18w-1m\/#breadcrumb"},"inLanguage":"pl-PL","potentialAction":[{"@type":"ReadAction","target":["https:\/\/racom.com.pl\/index.php\/produkt\/kabel-usb-c-do-lightning-pd-baseus-cafule-18w-1m\/"]}]},{"@type":"ImageObject","inLanguage":"pl-PL","@id":"https:\/\/racom.com.pl\/index.php\/produkt\/kabel-usb-c-do-lightning-pd-baseus-cafule-18w-1m\/#primaryimage","url":"https:\/\/racom.com.pl\/wp-content\/uploads\/2025\/07\/allegro_687a6a3edf25a2.47239844_37c2d79b415b9271e5f8c9e0a376.jpg","contentUrl":"https:\/\/racom.com.pl\/wp-content\/uploads\/2025\/07\/allegro_687a6a3edf25a2.47239844_37c2d79b415b9271e5f8c9e0a376.jpg","width":1200,"height":1200},{"@type":"BreadcrumbList","@id":"https:\/\/racom.com.pl\/index.php\/produkt\/kabel-usb-c-do-lightning-pd-baseus-cafule-18w-1m\/#breadcrumb","itemListElement":[{"@type":"ListItem","position":1,"name":"Strona g\u0142\u00f3wna","item":"https:\/\/racom.com.pl\/"},{"@type":"ListItem","position":2,"name":"Sklep","item":"https:\/\/racom.com.pl\/"},{"@type":"ListItem","position":3,"name":"Kabel USB-C do Lightning PD Baseus Cafule, 18W, 1m"}]},{"@type":"WebSite","@id":"https:\/\/racom.com.pl\/#website","url":"https:\/\/racom.com.pl\/","name":"Mix Market - Supermarket z wszystkim co potrzeba do domu i nie tylko","description":"","publisher":{"@id":"https:\/\/racom.com.pl\/#organization"},"potentialAction":[{"@type":"SearchAction","target":{"@type":"EntryPoint","urlTemplate":"https:\/\/racom.com.pl\/?s={search_term_string}"},"query-input":{"@type":"PropertyValueSpecification","valueRequired":true,"valueName":"search_term_string"}}],"inLanguage":"pl-PL"},{"@type":"Organization","@id":"https:\/\/racom.com.pl\/#organization","name":"Mix Market - Supermarket z wszystkim co potrzeba do domu i nie tylko","url":"https:\/\/racom.com.pl\/","logo":{"@type":"ImageObject","inLanguage":"pl-PL","@id":"https:\/\/racom.com.pl\/#\/schema\/logo\/image\/","url":"https:\/\/racom.com.pl\/wp-content\/uploads\/2025\/07\/mixmarket_logo.png","contentUrl":"https:\/\/racom.com.pl\/wp-content\/uploads\/2025\/07\/mixmarket_logo.png","width":1024,"height":1024,"caption":"Mix Market - Supermarket z wszystkim co potrzeba do domu i nie tylko"},"image":{"@id":"https:\/\/racom.com.pl\/#\/schema\/logo\/image\/"}}]}},"_links":{"self":[{"href":"https:\/\/racom.com.pl\/index.php\/wp-json\/wp\/v2\/product\/517","targetHints":{"allow":["GET"]}}],"collection":[{"href":"https:\/\/racom.com.pl\/index.php\/wp-json\/wp\/v2\/product"}],"about":[{"href":"https:\/\/racom.com.pl\/index.php\/wp-json\/wp\/v2\/types\/product"}],"replies":[{"embeddable":true,"href":"https:\/\/racom.com.pl\/index.php\/wp-json\/wp\/v2\/comments?post=517"}],"wp:featuredmedia":[{"embeddable":true,"href":"https:\/\/racom.com.pl\/index.php\/wp-json\/wp\/v2\/media\/528"}],"wp:attachment":[{"href":"https:\/\/racom.com.pl\/index.php\/wp-json\/wp\/v2\/media?parent=517"}],"wp:term":[{"taxonomy":"product_brand","embeddable":true,"href":"https:\/\/racom.com.pl\/index.php\/wp-json\/wp\/v2\/product_brand?post=517"},{"taxonomy":"product_cat","embeddable":true,"href":"https:\/\/racom.com.pl\/index.php\/wp-json\/wp\/v2\/product_cat?post=517"},{"taxonomy":"product_tag","embeddable":true,"href":"https:\/\/racom.com.pl\/index.php\/wp-json\/wp\/v2\/product_tag?post=517"}],"curies":[{"name":"wp","href":"https:\/\/api.w.org\/{rel}","templated":true}]}}