{"id":529,"date":"2025-07-18T17:37:37","date_gmt":"2025-07-18T15:37:37","guid":{"rendered":"http:\/\/192.168.2.106\/index.php\/produkt\/etui-baseus-simple-do-iphone-13-pro-szare-gray\/"},"modified":"2025-07-18T17:37:37","modified_gmt":"2025-07-18T15:37:37","slug":"etui-baseus-simple-do-iphone-13-pro-szare-gray","status":"publish","type":"product","link":"https:\/\/racom.com.pl\/index.php\/produkt\/etui-baseus-simple-do-iphone-13-pro-szare-gray\/","title":{"rendered":"Etui Baseus Simple do iPhone 13 Pro szare\/gray"},"content":{"rendered":"<h2>Etui Baseus Simple do iPhone 13 Pro (szare)<\/h2>\n<p>Kod producenta: ARAJ000401<\/p>\n<p><b>Przezroczyste \u017celowe etui dla iPhone 13 Pro<\/b><\/p>\n<p>Przezroczyste etui marki Baseus to niezawodna ochrona, kt\u00f3ra zapobiegnie uszkodzeniu twojego telefonu. Nak\u0142adka zosta\u0142a wykonana z najwy\u017cszej jako\u015bci materia\u0142u TPU, kt\u00f3ry jest bardzo elastyczny oraz trwa\u0142y. Przemy\u015blany design nie tylko chroni tw\u00f3j smartfon ale r\u00f3wnie\u017c podkr\u0119ca jego unikalny design.<\/p>\n<p><b>Bezpiecze\u0144stwo<\/b><\/p>\n<p>Akcesorium mo\u017ce pochwali\u0107 si\u0119 du\u017c\u0105 odporno\u015bci\u0105 na zarysowania, a dzi\u0119ki specjalnej fakturze nie musisz si\u0119 te\u017c martwi\u0107 o zostawianie odcisk\u00f3w palc\u00f3w. Wzmocnione naro\u017cniki etui posiadaj\u0105 funkcj\u0119 amortyzuj\u0105c\u0105 wstrz\u0105sy, a zintegrowane przyciski i zatyczka na port \u0142adowania uniemo\u017cliwiaj\u0105 osadzanie si\u0119 brudu.<\/p>\n<p><b>Specyfikacja<\/b><\/p>\n<ul>\n<li><b>Producent:<\/b> Baseus<\/li>\n<li><b>Model:<\/b> ARAJ000401<\/li>\n<li><b>Kompatybilno\u015b\u0107:<\/b> iPhone 13 Pro<\/li>\n<li><b>Kolor:<\/b> Szary<\/li>\n<\/ul>\n","protected":false},"excerpt":{"rendered":"<p>Etui Baseus Simple do iPhone 13 Pro (szare) Kod producenta: ARAJ000401 Przezroczyste \u017celowe etui dla iPhone 13 Pro Przezroczyste etui marki Baseus to niezawodna ochrona, kt\u00f3ra zapobiegnie uszkodzeniu twojego telefonu. Nak\u0142adka zosta\u0142a wykonana z najwy\u017cszej jako\u015bci materia\u0142u TPU, kt\u00f3ry jest bardzo elastyczny oraz trwa\u0142y. Przemy\u015blany design nie tylko chroni tw\u00f3j smartfon ale r\u00f3wnie\u017c podkr\u0119ca jego [&hellip;]<\/p>\n","protected":false},"featured_media":532,"comment_status":"open","ping_status":"closed","template":"","meta":[],"product_brand":[27],"product_cat":[26],"product_tag":[],"class_list":{"0":"post-529","1":"product","2":"type-product","3":"status-publish","4":"has-post-thumbnail","6":"product_brand-baseus","7":"product_cat-akcesoria-gsm","9":"first","10":"instock","11":"taxable","12":"shipping-taxable","13":"purchasable","14":"product-type-simple"},"yoast_head":"<!-- This site is optimized with the Yoast SEO plugin v27.3 - https:\/\/yoast.com\/product\/yoast-seo-wordpress\/ -->\n<title>Etui Baseus Simple do iPhone 13 Pro szare\/gray - Mix Market - Supermarket z wszystkim co potrzeba<\/title>\n<meta name=\"robots\" content=\"index, follow, max-snippet:-1, max-image-preview:large, max-video-preview:-1\" \/>\n<link rel=\"canonical\" href=\"https:\/\/racom.com.pl\/index.php\/produkt\/etui-baseus-simple-do-iphone-13-pro-szare-gray\/\" \/>\n<meta property=\"og:locale\" content=\"pl_PL\" \/>\n<meta property=\"og:type\" content=\"article\" \/>\n<meta property=\"og:title\" content=\"Etui Baseus Simple do iPhone 13 Pro szare\/gray - Mix Market - Supermarket z wszystkim co potrzeba\" \/>\n<meta property=\"og:description\" content=\"Etui Baseus Simple do iPhone 13 Pro (szare) Kod producenta: ARAJ000401 Przezroczyste \u017celowe etui dla iPhone 13 Pro Przezroczyste etui marki Baseus to niezawodna ochrona, kt\u00f3ra zapobiegnie uszkodzeniu twojego telefonu. Nak\u0142adka zosta\u0142a wykonana z najwy\u017cszej jako\u015bci materia\u0142u TPU, kt\u00f3ry jest bardzo elastyczny oraz trwa\u0142y. Przemy\u015blany design nie tylko chroni tw\u00f3j smartfon ale r\u00f3wnie\u017c podkr\u0119ca jego [&hellip;]\" \/>\n<meta property=\"og:url\" content=\"https:\/\/racom.com.pl\/index.php\/produkt\/etui-baseus-simple-do-iphone-13-pro-szare-gray\/\" \/>\n<meta property=\"og:site_name\" content=\"Mix Market - Supermarket z wszystkim co potrzeba\" \/>\n<meta property=\"og:image\" content=\"https:\/\/racom.com.pl\/wp-content\/uploads\/2025\/07\/allegro_687a6a49238e07.58599514_aaafd4e441e38b88b3f93a1aa403.jpg\" \/>\n\t<meta property=\"og:image:width\" content=\"800\" \/>\n\t<meta property=\"og:image:height\" content=\"800\" \/>\n\t<meta property=\"og:image:type\" content=\"image\/jpeg\" \/>\n<meta name=\"twitter:card\" content=\"summary_large_image\" \/>\n<meta name=\"twitter:label1\" content=\"Szacowany czas czytania\" \/>\n\t<meta name=\"twitter:data1\" content=\"1 minuta\" \/>\n<script type=\"application\/ld+json\" class=\"yoast-schema-graph\">{\"@context\":\"https:\\\/\\\/schema.org\",\"@graph\":[{\"@type\":\"WebPage\",\"@id\":\"https:\\\/\\\/racom.com.pl\\\/index.php\\\/produkt\\\/etui-baseus-simple-do-iphone-13-pro-szare-gray\\\/\",\"url\":\"https:\\\/\\\/racom.com.pl\\\/index.php\\\/produkt\\\/etui-baseus-simple-do-iphone-13-pro-szare-gray\\\/\",\"name\":\"Etui Baseus Simple do iPhone 13 Pro szare\\\/gray - Mix Market - Supermarket z wszystkim co potrzeba\",\"isPartOf\":{\"@id\":\"https:\\\/\\\/racom.com.pl\\\/#website\"},\"primaryImageOfPage\":{\"@id\":\"https:\\\/\\\/racom.com.pl\\\/index.php\\\/produkt\\\/etui-baseus-simple-do-iphone-13-pro-szare-gray\\\/#primaryimage\"},\"image\":{\"@id\":\"https:\\\/\\\/racom.com.pl\\\/index.php\\\/produkt\\\/etui-baseus-simple-do-iphone-13-pro-szare-gray\\\/#primaryimage\"},\"thumbnailUrl\":\"https:\\\/\\\/racom.com.pl\\\/wp-content\\\/uploads\\\/2025\\\/07\\\/allegro_687a6a49238e07.58599514_aaafd4e441e38b88b3f93a1aa403.jpg\",\"datePublished\":\"2025-07-18T15:37:37+00:00\",\"breadcrumb\":{\"@id\":\"https:\\\/\\\/racom.com.pl\\\/index.php\\\/produkt\\\/etui-baseus-simple-do-iphone-13-pro-szare-gray\\\/#breadcrumb\"},\"inLanguage\":\"pl-PL\",\"potentialAction\":[{\"@type\":\"ReadAction\",\"target\":[\"https:\\\/\\\/racom.com.pl\\\/index.php\\\/produkt\\\/etui-baseus-simple-do-iphone-13-pro-szare-gray\\\/\"]}]},{\"@type\":\"ImageObject\",\"inLanguage\":\"pl-PL\",\"@id\":\"https:\\\/\\\/racom.com.pl\\\/index.php\\\/produkt\\\/etui-baseus-simple-do-iphone-13-pro-szare-gray\\\/#primaryimage\",\"url\":\"https:\\\/\\\/racom.com.pl\\\/wp-content\\\/uploads\\\/2025\\\/07\\\/allegro_687a6a49238e07.58599514_aaafd4e441e38b88b3f93a1aa403.jpg\",\"contentUrl\":\"https:\\\/\\\/racom.com.pl\\\/wp-content\\\/uploads\\\/2025\\\/07\\\/allegro_687a6a49238e07.58599514_aaafd4e441e38b88b3f93a1aa403.jpg\",\"width\":800,\"height\":800},{\"@type\":\"BreadcrumbList\",\"@id\":\"https:\\\/\\\/racom.com.pl\\\/index.php\\\/produkt\\\/etui-baseus-simple-do-iphone-13-pro-szare-gray\\\/#breadcrumb\",\"itemListElement\":[{\"@type\":\"ListItem\",\"position\":1,\"name\":\"Strona g\u0142\u00f3wna\",\"item\":\"https:\\\/\\\/racom.com.pl\\\/\"},{\"@type\":\"ListItem\",\"position\":2,\"name\":\"Sklep\",\"item\":\"https:\\\/\\\/racom.com.pl\\\/\"},{\"@type\":\"ListItem\",\"position\":3,\"name\":\"Etui Baseus Simple do iPhone 13 Pro szare\\\/gray\"}]},{\"@type\":\"WebSite\",\"@id\":\"https:\\\/\\\/racom.com.pl\\\/#website\",\"url\":\"https:\\\/\\\/racom.com.pl\\\/\",\"name\":\"Mix Market - Supermarket z wszystkim co potrzeba do domu i nie tylko\",\"description\":\"\",\"publisher\":{\"@id\":\"https:\\\/\\\/racom.com.pl\\\/#organization\"},\"potentialAction\":[{\"@type\":\"SearchAction\",\"target\":{\"@type\":\"EntryPoint\",\"urlTemplate\":\"https:\\\/\\\/racom.com.pl\\\/?s={search_term_string}\"},\"query-input\":{\"@type\":\"PropertyValueSpecification\",\"valueRequired\":true,\"valueName\":\"search_term_string\"}}],\"inLanguage\":\"pl-PL\"},{\"@type\":\"Organization\",\"@id\":\"https:\\\/\\\/racom.com.pl\\\/#organization\",\"name\":\"Mix Market - Supermarket z wszystkim co potrzeba do domu i nie tylko\",\"url\":\"https:\\\/\\\/racom.com.pl\\\/\",\"logo\":{\"@type\":\"ImageObject\",\"inLanguage\":\"pl-PL\",\"@id\":\"https:\\\/\\\/racom.com.pl\\\/#\\\/schema\\\/logo\\\/image\\\/\",\"url\":\"https:\\\/\\\/racom.com.pl\\\/wp-content\\\/uploads\\\/2025\\\/07\\\/mixmarket_logo.png\",\"contentUrl\":\"https:\\\/\\\/racom.com.pl\\\/wp-content\\\/uploads\\\/2025\\\/07\\\/mixmarket_logo.png\",\"width\":1024,\"height\":1024,\"caption\":\"Mix Market - Supermarket z wszystkim co potrzeba do domu i nie tylko\"},\"image\":{\"@id\":\"https:\\\/\\\/racom.com.pl\\\/#\\\/schema\\\/logo\\\/image\\\/\"}}]}<\/script>\n<!-- \/ Yoast SEO plugin. -->","yoast_head_json":{"title":"Etui Baseus Simple do iPhone 13 Pro szare\/gray - Mix Market - Supermarket z wszystkim co potrzeba","robots":{"index":"index","follow":"follow","max-snippet":"max-snippet:-1","max-image-preview":"max-image-preview:large","max-video-preview":"max-video-preview:-1"},"canonical":"https:\/\/racom.com.pl\/index.php\/produkt\/etui-baseus-simple-do-iphone-13-pro-szare-gray\/","og_locale":"pl_PL","og_type":"article","og_title":"Etui Baseus Simple do iPhone 13 Pro szare\/gray - Mix Market - Supermarket z wszystkim co potrzeba","og_description":"Etui Baseus Simple do iPhone 13 Pro (szare) Kod producenta: ARAJ000401 Przezroczyste \u017celowe etui dla iPhone 13 Pro Przezroczyste etui marki Baseus to niezawodna ochrona, kt\u00f3ra zapobiegnie uszkodzeniu twojego telefonu. Nak\u0142adka zosta\u0142a wykonana z najwy\u017cszej jako\u015bci materia\u0142u TPU, kt\u00f3ry jest bardzo elastyczny oraz trwa\u0142y. Przemy\u015blany design nie tylko chroni tw\u00f3j smartfon ale r\u00f3wnie\u017c podkr\u0119ca jego [&hellip;]","og_url":"https:\/\/racom.com.pl\/index.php\/produkt\/etui-baseus-simple-do-iphone-13-pro-szare-gray\/","og_site_name":"Mix Market - Supermarket z wszystkim co potrzeba","og_image":[{"width":800,"height":800,"url":"https:\/\/racom.com.pl\/wp-content\/uploads\/2025\/07\/allegro_687a6a49238e07.58599514_aaafd4e441e38b88b3f93a1aa403.jpg","type":"image\/jpeg"}],"twitter_card":"summary_large_image","twitter_misc":{"Szacowany czas czytania":"1 minuta"},"schema":{"@context":"https:\/\/schema.org","@graph":[{"@type":"WebPage","@id":"https:\/\/racom.com.pl\/index.php\/produkt\/etui-baseus-simple-do-iphone-13-pro-szare-gray\/","url":"https:\/\/racom.com.pl\/index.php\/produkt\/etui-baseus-simple-do-iphone-13-pro-szare-gray\/","name":"Etui Baseus Simple do iPhone 13 Pro szare\/gray - Mix Market - Supermarket z wszystkim co potrzeba","isPartOf":{"@id":"https:\/\/racom.com.pl\/#website"},"primaryImageOfPage":{"@id":"https:\/\/racom.com.pl\/index.php\/produkt\/etui-baseus-simple-do-iphone-13-pro-szare-gray\/#primaryimage"},"image":{"@id":"https:\/\/racom.com.pl\/index.php\/produkt\/etui-baseus-simple-do-iphone-13-pro-szare-gray\/#primaryimage"},"thumbnailUrl":"https:\/\/racom.com.pl\/wp-content\/uploads\/2025\/07\/allegro_687a6a49238e07.58599514_aaafd4e441e38b88b3f93a1aa403.jpg","datePublished":"2025-07-18T15:37:37+00:00","breadcrumb":{"@id":"https:\/\/racom.com.pl\/index.php\/produkt\/etui-baseus-simple-do-iphone-13-pro-szare-gray\/#breadcrumb"},"inLanguage":"pl-PL","potentialAction":[{"@type":"ReadAction","target":["https:\/\/racom.com.pl\/index.php\/produkt\/etui-baseus-simple-do-iphone-13-pro-szare-gray\/"]}]},{"@type":"ImageObject","inLanguage":"pl-PL","@id":"https:\/\/racom.com.pl\/index.php\/produkt\/etui-baseus-simple-do-iphone-13-pro-szare-gray\/#primaryimage","url":"https:\/\/racom.com.pl\/wp-content\/uploads\/2025\/07\/allegro_687a6a49238e07.58599514_aaafd4e441e38b88b3f93a1aa403.jpg","contentUrl":"https:\/\/racom.com.pl\/wp-content\/uploads\/2025\/07\/allegro_687a6a49238e07.58599514_aaafd4e441e38b88b3f93a1aa403.jpg","width":800,"height":800},{"@type":"BreadcrumbList","@id":"https:\/\/racom.com.pl\/index.php\/produkt\/etui-baseus-simple-do-iphone-13-pro-szare-gray\/#breadcrumb","itemListElement":[{"@type":"ListItem","position":1,"name":"Strona g\u0142\u00f3wna","item":"https:\/\/racom.com.pl\/"},{"@type":"ListItem","position":2,"name":"Sklep","item":"https:\/\/racom.com.pl\/"},{"@type":"ListItem","position":3,"name":"Etui Baseus Simple do iPhone 13 Pro szare\/gray"}]},{"@type":"WebSite","@id":"https:\/\/racom.com.pl\/#website","url":"https:\/\/racom.com.pl\/","name":"Mix Market - Supermarket z wszystkim co potrzeba do domu i nie tylko","description":"","publisher":{"@id":"https:\/\/racom.com.pl\/#organization"},"potentialAction":[{"@type":"SearchAction","target":{"@type":"EntryPoint","urlTemplate":"https:\/\/racom.com.pl\/?s={search_term_string}"},"query-input":{"@type":"PropertyValueSpecification","valueRequired":true,"valueName":"search_term_string"}}],"inLanguage":"pl-PL"},{"@type":"Organization","@id":"https:\/\/racom.com.pl\/#organization","name":"Mix Market - Supermarket z wszystkim co potrzeba do domu i nie tylko","url":"https:\/\/racom.com.pl\/","logo":{"@type":"ImageObject","inLanguage":"pl-PL","@id":"https:\/\/racom.com.pl\/#\/schema\/logo\/image\/","url":"https:\/\/racom.com.pl\/wp-content\/uploads\/2025\/07\/mixmarket_logo.png","contentUrl":"https:\/\/racom.com.pl\/wp-content\/uploads\/2025\/07\/mixmarket_logo.png","width":1024,"height":1024,"caption":"Mix Market - Supermarket z wszystkim co potrzeba do domu i nie tylko"},"image":{"@id":"https:\/\/racom.com.pl\/#\/schema\/logo\/image\/"}}]}},"_links":{"self":[{"href":"https:\/\/racom.com.pl\/index.php\/wp-json\/wp\/v2\/product\/529","targetHints":{"allow":["GET"]}}],"collection":[{"href":"https:\/\/racom.com.pl\/index.php\/wp-json\/wp\/v2\/product"}],"about":[{"href":"https:\/\/racom.com.pl\/index.php\/wp-json\/wp\/v2\/types\/product"}],"replies":[{"embeddable":true,"href":"https:\/\/racom.com.pl\/index.php\/wp-json\/wp\/v2\/comments?post=529"}],"wp:featuredmedia":[{"embeddable":true,"href":"https:\/\/racom.com.pl\/index.php\/wp-json\/wp\/v2\/media\/532"}],"wp:attachment":[{"href":"https:\/\/racom.com.pl\/index.php\/wp-json\/wp\/v2\/media?parent=529"}],"wp:term":[{"taxonomy":"product_brand","embeddable":true,"href":"https:\/\/racom.com.pl\/index.php\/wp-json\/wp\/v2\/product_brand?post=529"},{"taxonomy":"product_cat","embeddable":true,"href":"https:\/\/racom.com.pl\/index.php\/wp-json\/wp\/v2\/product_cat?post=529"},{"taxonomy":"product_tag","embeddable":true,"href":"https:\/\/racom.com.pl\/index.php\/wp-json\/wp\/v2\/product_tag?post=529"}],"curies":[{"name":"wp","href":"https:\/\/api.w.org\/{rel}","templated":true}]}}