{"id":563,"date":"2025-07-18T17:40:07","date_gmt":"2025-07-18T15:40:07","guid":{"rendered":"http:\/\/192.168.2.106\/index.php\/produkt\/kabel-lightning-usb-baseus-24a-0-5m\/"},"modified":"2025-07-18T17:40:07","modified_gmt":"2025-07-18T15:40:07","slug":"kabel-lightning-usb-baseus-24a-0-5m","status":"publish","type":"product","link":"https:\/\/racom.com.pl\/index.php\/produkt\/kabel-lightning-usb-baseus-24a-0-5m\/","title":{"rendered":"Kabel Lightning USB Baseus 2,4A 0.5m"},"content":{"rendered":"<h2>Kabel Lightning USB Baseus 2,4A 0.5m<\/h2>\n<p><b>Kabel lightning USB<\/b><\/p>\n<p>\u00a0<\/p>\n<p>D\u0142ugo\u015b\u0107 kabla Baseus wynosi 50 cm, a maksymalne nat\u0119\u017cenie wyj\u015bciowe 2,4 A. Przew\u00f3d zapewnia komfort u\u017cytkowania oraz wysok\u0105 funkcjonalno\u015b\u0107. Zosta\u0142 wykonany z materia\u0142\u00f3w\u00a0wysokiej jako\u015bci, kt\u00f3re zapewniaj\u0105 d\u0142ug\u0105 \u017cywotno\u015b\u0107 produktu. Zosta\u0142 wykonany z nylonowego materia\u0142u, dzi\u0119ki czemu nie pl\u0105cze si\u0119. Kabel pozwala na\u00a0\u0142adowanie oraz transfer plik\u00f3w pomi\u0119dzy urz\u0105dzeniami wyposa\u017conymi w wej\u015bcie USB, oraz urz\u0105dzeniami Apple wyposa\u017conymi w wej\u015bcie Lightning.\u00a0Aluminiowe ko\u0144c\u00f3wki, oplot i wzmocnione gumowe \u0142\u0105czenie zapewniaj\u0105 d\u0142ug\u0105 \u017cywotno\u015b\u0107.<\/p>\n<p>\u00a0<\/p>\n<p>\u00a0<\/p>\n<p>\u00a0<\/p>\n<p>\u00a0<\/p>\n<p>\u00a0<\/p>\n<p>\u00a0<\/p>\n<p>\u00a0<\/p>\n<p>\u00a0<\/p>\n<p>\u00a0<\/p>\n<p>\u00a0<\/p>\n<p>\u00a0<\/p>\n<p>\u00a0<\/p>\n<p>\u00a0<\/p>\n<p>\u00a0<\/p>\n<p>\u00a0<\/p>\n<p>\u00a0<\/p>\n<p>\u00a0<\/p>\n<p>\u00a0<\/p>\n<p>\u00a0<\/p>\n<p><b>Specyfikacja<\/b><\/p>\n<p>\u00a0<\/p>\n<p>\nProducent<br \/>\nBaseus<br \/>\nModel<br \/>\nCafule Cable<br \/>\nKod produktu<br \/>\nCALKLF-A19<br \/>\nMateria\u0142<br \/>\nNylon, Aluminium<br \/>\nZ\u0142\u0105cza<br \/>\nUSB, Lightning<br \/>\nMaksymalny Transfer<br \/>\n480 Mbps<br \/>\nKolor<br \/>\nCzerwono-Czerwony<br \/>\nD\u0142ugo\u015b\u0107<br \/>\n0,5 m<br \/>\nPr\u0105d Wyj\u015bciowy<br \/>\n2,4 A\n<\/p>\n<p>\u00a0<\/p>\n<ul>\n<li><b>Kolejna dostawa:<\/b> 03.10.2022<\/li>\n<li><b>Ilo\u015b\u0107 w kartonie:<\/b> 100 szt.<\/li>\n<li><b>D\u0142ugo\u015b\u0107:<\/b> 0.5m<\/li>\n<li><b>Kolor:<\/b> czarno-czerwony<\/li>\n<li><b>Moc \u0142adowania (W):<\/b> 10<\/li>\n<li><b>Standard szybkiego \u0142adowania:<\/b> Brak<\/li>\n<li><b>Rodzaj z\u0142\u0105czy:<\/b> USB &#8211; Lightning<\/li>\n<li><b>Kod producenta:<\/b> CALKLF-A19<\/li>\n<\/ul>\n<p>Opakowanie jest integraln\u0105 cz\u0119\u015bci\u0105 produktu.<\/p>\n<p>Pokrowce\/etui do telefon\u00f3w i tablet\u00f3w to cz\u0119sto zdj\u0119cie pogl\u0105dowe. W rzeczywisto\u015bci otrzymuj\u0105 Pa\u0144stwo futera\u0142 dopasowany do danego modelu urz\u0105dzenia z poprawnie rozmieszczonymi otworami na kamer\u0119\/aparat czy przyciski boczne.<\/p>\n<p>W przypadku baterii do telefon\u00f3w (zamiennik\u00f3w) zdj\u0119cie mo\u017ce by\u0107 zdj\u0119ciem pogl\u0105dowym. Po zakupie otrzymaj\u0105 Pa\u0144stwo produkt kompatybilny z danym urz\u0105dzeniem.<\/p>\n<p>Zdj\u0119cia produkt\u00f3w takich jak Szk\u0142a hartowane i folie ochronne na telefony\/tablety r\u00f3wnie\u017c mog\u0105 by\u0107 zdj\u0119ciami pogl\u0105dowymi.<\/p>\n","protected":false},"excerpt":{"rendered":"<p>Kabel Lightning USB Baseus 2,4A 0.5m Kabel lightning USB \u00a0 D\u0142ugo\u015b\u0107 kabla Baseus wynosi 50 cm, a maksymalne nat\u0119\u017cenie wyj\u015bciowe 2,4 A. Przew\u00f3d zapewnia komfort u\u017cytkowania oraz wysok\u0105 funkcjonalno\u015b\u0107. Zosta\u0142 wykonany z materia\u0142\u00f3w\u00a0wysokiej jako\u015bci, kt\u00f3re zapewniaj\u0105 d\u0142ug\u0105 \u017cywotno\u015b\u0107 produktu. Zosta\u0142 wykonany z nylonowego materia\u0142u, dzi\u0119ki czemu nie pl\u0105cze si\u0119. Kabel pozwala na\u00a0\u0142adowanie oraz transfer plik\u00f3w [&hellip;]<\/p>\n","protected":false},"featured_media":574,"comment_status":"open","ping_status":"closed","template":"","meta":[],"product_brand":[27],"product_cat":[26],"product_tag":[],"class_list":{"0":"post-563","1":"product","2":"type-product","3":"status-publish","4":"has-post-thumbnail","6":"product_brand-baseus","7":"product_cat-akcesoria-gsm","9":"first","10":"instock","11":"taxable","12":"shipping-taxable","13":"purchasable","14":"product-type-simple"},"yoast_head":"<!-- This site is optimized with the Yoast SEO plugin v27.3 - https:\/\/yoast.com\/product\/yoast-seo-wordpress\/ -->\n<title>Kabel Lightning USB Baseus 2,4A 0.5m - Mix Market - Supermarket z wszystkim co potrzeba<\/title>\n<meta name=\"robots\" content=\"index, follow, max-snippet:-1, max-image-preview:large, max-video-preview:-1\" \/>\n<link rel=\"canonical\" href=\"https:\/\/racom.com.pl\/index.php\/produkt\/kabel-lightning-usb-baseus-24a-0-5m\/\" \/>\n<meta property=\"og:locale\" content=\"pl_PL\" \/>\n<meta property=\"og:type\" content=\"article\" \/>\n<meta property=\"og:title\" content=\"Kabel Lightning USB Baseus 2,4A 0.5m - Mix Market - Supermarket z wszystkim co potrzeba\" \/>\n<meta property=\"og:description\" content=\"Kabel Lightning USB Baseus 2,4A 0.5m Kabel lightning USB \u00a0 D\u0142ugo\u015b\u0107 kabla Baseus wynosi 50 cm, a maksymalne nat\u0119\u017cenie wyj\u015bciowe 2,4 A. Przew\u00f3d zapewnia komfort u\u017cytkowania oraz wysok\u0105 funkcjonalno\u015b\u0107. Zosta\u0142 wykonany z materia\u0142\u00f3w\u00a0wysokiej jako\u015bci, kt\u00f3re zapewniaj\u0105 d\u0142ug\u0105 \u017cywotno\u015b\u0107 produktu. Zosta\u0142 wykonany z nylonowego materia\u0142u, dzi\u0119ki czemu nie pl\u0105cze si\u0119. Kabel pozwala na\u00a0\u0142adowanie oraz transfer plik\u00f3w [&hellip;]\" \/>\n<meta property=\"og:url\" content=\"https:\/\/racom.com.pl\/index.php\/produkt\/kabel-lightning-usb-baseus-24a-0-5m\/\" \/>\n<meta property=\"og:site_name\" content=\"Mix Market - Supermarket z wszystkim co potrzeba\" \/>\n<meta property=\"og:image\" content=\"https:\/\/racom.com.pl\/wp-content\/uploads\/2025\/07\/allegro_687a6b1f228c02.40843719_1d8eec8e41158d0445ee8f39abda.jpg\" \/>\n\t<meta property=\"og:image:width\" content=\"800\" \/>\n\t<meta property=\"og:image:height\" content=\"800\" \/>\n\t<meta property=\"og:image:type\" content=\"image\/jpeg\" \/>\n<meta name=\"twitter:card\" content=\"summary_large_image\" \/>\n<meta name=\"twitter:label1\" content=\"Szacowany czas czytania\" \/>\n\t<meta name=\"twitter:data1\" content=\"1 minuta\" \/>\n<script type=\"application\/ld+json\" class=\"yoast-schema-graph\">{\"@context\":\"https:\\\/\\\/schema.org\",\"@graph\":[{\"@type\":\"WebPage\",\"@id\":\"https:\\\/\\\/racom.com.pl\\\/index.php\\\/produkt\\\/kabel-lightning-usb-baseus-24a-0-5m\\\/\",\"url\":\"https:\\\/\\\/racom.com.pl\\\/index.php\\\/produkt\\\/kabel-lightning-usb-baseus-24a-0-5m\\\/\",\"name\":\"Kabel Lightning USB Baseus 2,4A 0.5m - Mix Market - Supermarket z wszystkim co potrzeba\",\"isPartOf\":{\"@id\":\"https:\\\/\\\/racom.com.pl\\\/#website\"},\"primaryImageOfPage\":{\"@id\":\"https:\\\/\\\/racom.com.pl\\\/index.php\\\/produkt\\\/kabel-lightning-usb-baseus-24a-0-5m\\\/#primaryimage\"},\"image\":{\"@id\":\"https:\\\/\\\/racom.com.pl\\\/index.php\\\/produkt\\\/kabel-lightning-usb-baseus-24a-0-5m\\\/#primaryimage\"},\"thumbnailUrl\":\"https:\\\/\\\/racom.com.pl\\\/wp-content\\\/uploads\\\/2025\\\/07\\\/allegro_687a6b1f228c02.40843719_1d8eec8e41158d0445ee8f39abda.jpg\",\"datePublished\":\"2025-07-18T15:40:07+00:00\",\"breadcrumb\":{\"@id\":\"https:\\\/\\\/racom.com.pl\\\/index.php\\\/produkt\\\/kabel-lightning-usb-baseus-24a-0-5m\\\/#breadcrumb\"},\"inLanguage\":\"pl-PL\",\"potentialAction\":[{\"@type\":\"ReadAction\",\"target\":[\"https:\\\/\\\/racom.com.pl\\\/index.php\\\/produkt\\\/kabel-lightning-usb-baseus-24a-0-5m\\\/\"]}]},{\"@type\":\"ImageObject\",\"inLanguage\":\"pl-PL\",\"@id\":\"https:\\\/\\\/racom.com.pl\\\/index.php\\\/produkt\\\/kabel-lightning-usb-baseus-24a-0-5m\\\/#primaryimage\",\"url\":\"https:\\\/\\\/racom.com.pl\\\/wp-content\\\/uploads\\\/2025\\\/07\\\/allegro_687a6b1f228c02.40843719_1d8eec8e41158d0445ee8f39abda.jpg\",\"contentUrl\":\"https:\\\/\\\/racom.com.pl\\\/wp-content\\\/uploads\\\/2025\\\/07\\\/allegro_687a6b1f228c02.40843719_1d8eec8e41158d0445ee8f39abda.jpg\",\"width\":800,\"height\":800},{\"@type\":\"BreadcrumbList\",\"@id\":\"https:\\\/\\\/racom.com.pl\\\/index.php\\\/produkt\\\/kabel-lightning-usb-baseus-24a-0-5m\\\/#breadcrumb\",\"itemListElement\":[{\"@type\":\"ListItem\",\"position\":1,\"name\":\"Strona g\u0142\u00f3wna\",\"item\":\"https:\\\/\\\/racom.com.pl\\\/\"},{\"@type\":\"ListItem\",\"position\":2,\"name\":\"Sklep\",\"item\":\"https:\\\/\\\/racom.com.pl\\\/\"},{\"@type\":\"ListItem\",\"position\":3,\"name\":\"Kabel Lightning USB Baseus 2,4A 0.5m\"}]},{\"@type\":\"WebSite\",\"@id\":\"https:\\\/\\\/racom.com.pl\\\/#website\",\"url\":\"https:\\\/\\\/racom.com.pl\\\/\",\"name\":\"Mix Market - Supermarket z wszystkim co potrzeba do domu i nie tylko\",\"description\":\"\",\"publisher\":{\"@id\":\"https:\\\/\\\/racom.com.pl\\\/#organization\"},\"potentialAction\":[{\"@type\":\"SearchAction\",\"target\":{\"@type\":\"EntryPoint\",\"urlTemplate\":\"https:\\\/\\\/racom.com.pl\\\/?s={search_term_string}\"},\"query-input\":{\"@type\":\"PropertyValueSpecification\",\"valueRequired\":true,\"valueName\":\"search_term_string\"}}],\"inLanguage\":\"pl-PL\"},{\"@type\":\"Organization\",\"@id\":\"https:\\\/\\\/racom.com.pl\\\/#organization\",\"name\":\"Mix Market - Supermarket z wszystkim co potrzeba do domu i nie tylko\",\"url\":\"https:\\\/\\\/racom.com.pl\\\/\",\"logo\":{\"@type\":\"ImageObject\",\"inLanguage\":\"pl-PL\",\"@id\":\"https:\\\/\\\/racom.com.pl\\\/#\\\/schema\\\/logo\\\/image\\\/\",\"url\":\"https:\\\/\\\/racom.com.pl\\\/wp-content\\\/uploads\\\/2025\\\/07\\\/mixmarket_logo.png\",\"contentUrl\":\"https:\\\/\\\/racom.com.pl\\\/wp-content\\\/uploads\\\/2025\\\/07\\\/mixmarket_logo.png\",\"width\":1024,\"height\":1024,\"caption\":\"Mix Market - Supermarket z wszystkim co potrzeba do domu i nie tylko\"},\"image\":{\"@id\":\"https:\\\/\\\/racom.com.pl\\\/#\\\/schema\\\/logo\\\/image\\\/\"}}]}<\/script>\n<!-- \/ Yoast SEO plugin. -->","yoast_head_json":{"title":"Kabel Lightning USB Baseus 2,4A 0.5m - Mix Market - Supermarket z wszystkim co potrzeba","robots":{"index":"index","follow":"follow","max-snippet":"max-snippet:-1","max-image-preview":"max-image-preview:large","max-video-preview":"max-video-preview:-1"},"canonical":"https:\/\/racom.com.pl\/index.php\/produkt\/kabel-lightning-usb-baseus-24a-0-5m\/","og_locale":"pl_PL","og_type":"article","og_title":"Kabel Lightning USB Baseus 2,4A 0.5m - Mix Market - Supermarket z wszystkim co potrzeba","og_description":"Kabel Lightning USB Baseus 2,4A 0.5m Kabel lightning USB \u00a0 D\u0142ugo\u015b\u0107 kabla Baseus wynosi 50 cm, a maksymalne nat\u0119\u017cenie wyj\u015bciowe 2,4 A. Przew\u00f3d zapewnia komfort u\u017cytkowania oraz wysok\u0105 funkcjonalno\u015b\u0107. Zosta\u0142 wykonany z materia\u0142\u00f3w\u00a0wysokiej jako\u015bci, kt\u00f3re zapewniaj\u0105 d\u0142ug\u0105 \u017cywotno\u015b\u0107 produktu. Zosta\u0142 wykonany z nylonowego materia\u0142u, dzi\u0119ki czemu nie pl\u0105cze si\u0119. Kabel pozwala na\u00a0\u0142adowanie oraz transfer plik\u00f3w [&hellip;]","og_url":"https:\/\/racom.com.pl\/index.php\/produkt\/kabel-lightning-usb-baseus-24a-0-5m\/","og_site_name":"Mix Market - Supermarket z wszystkim co potrzeba","og_image":[{"width":800,"height":800,"url":"https:\/\/racom.com.pl\/wp-content\/uploads\/2025\/07\/allegro_687a6b1f228c02.40843719_1d8eec8e41158d0445ee8f39abda.jpg","type":"image\/jpeg"}],"twitter_card":"summary_large_image","twitter_misc":{"Szacowany czas czytania":"1 minuta"},"schema":{"@context":"https:\/\/schema.org","@graph":[{"@type":"WebPage","@id":"https:\/\/racom.com.pl\/index.php\/produkt\/kabel-lightning-usb-baseus-24a-0-5m\/","url":"https:\/\/racom.com.pl\/index.php\/produkt\/kabel-lightning-usb-baseus-24a-0-5m\/","name":"Kabel Lightning USB Baseus 2,4A 0.5m - Mix Market - Supermarket z wszystkim co potrzeba","isPartOf":{"@id":"https:\/\/racom.com.pl\/#website"},"primaryImageOfPage":{"@id":"https:\/\/racom.com.pl\/index.php\/produkt\/kabel-lightning-usb-baseus-24a-0-5m\/#primaryimage"},"image":{"@id":"https:\/\/racom.com.pl\/index.php\/produkt\/kabel-lightning-usb-baseus-24a-0-5m\/#primaryimage"},"thumbnailUrl":"https:\/\/racom.com.pl\/wp-content\/uploads\/2025\/07\/allegro_687a6b1f228c02.40843719_1d8eec8e41158d0445ee8f39abda.jpg","datePublished":"2025-07-18T15:40:07+00:00","breadcrumb":{"@id":"https:\/\/racom.com.pl\/index.php\/produkt\/kabel-lightning-usb-baseus-24a-0-5m\/#breadcrumb"},"inLanguage":"pl-PL","potentialAction":[{"@type":"ReadAction","target":["https:\/\/racom.com.pl\/index.php\/produkt\/kabel-lightning-usb-baseus-24a-0-5m\/"]}]},{"@type":"ImageObject","inLanguage":"pl-PL","@id":"https:\/\/racom.com.pl\/index.php\/produkt\/kabel-lightning-usb-baseus-24a-0-5m\/#primaryimage","url":"https:\/\/racom.com.pl\/wp-content\/uploads\/2025\/07\/allegro_687a6b1f228c02.40843719_1d8eec8e41158d0445ee8f39abda.jpg","contentUrl":"https:\/\/racom.com.pl\/wp-content\/uploads\/2025\/07\/allegro_687a6b1f228c02.40843719_1d8eec8e41158d0445ee8f39abda.jpg","width":800,"height":800},{"@type":"BreadcrumbList","@id":"https:\/\/racom.com.pl\/index.php\/produkt\/kabel-lightning-usb-baseus-24a-0-5m\/#breadcrumb","itemListElement":[{"@type":"ListItem","position":1,"name":"Strona g\u0142\u00f3wna","item":"https:\/\/racom.com.pl\/"},{"@type":"ListItem","position":2,"name":"Sklep","item":"https:\/\/racom.com.pl\/"},{"@type":"ListItem","position":3,"name":"Kabel Lightning USB Baseus 2,4A 0.5m"}]},{"@type":"WebSite","@id":"https:\/\/racom.com.pl\/#website","url":"https:\/\/racom.com.pl\/","name":"Mix Market - Supermarket z wszystkim co potrzeba do domu i nie tylko","description":"","publisher":{"@id":"https:\/\/racom.com.pl\/#organization"},"potentialAction":[{"@type":"SearchAction","target":{"@type":"EntryPoint","urlTemplate":"https:\/\/racom.com.pl\/?s={search_term_string}"},"query-input":{"@type":"PropertyValueSpecification","valueRequired":true,"valueName":"search_term_string"}}],"inLanguage":"pl-PL"},{"@type":"Organization","@id":"https:\/\/racom.com.pl\/#organization","name":"Mix Market - Supermarket z wszystkim co potrzeba do domu i nie tylko","url":"https:\/\/racom.com.pl\/","logo":{"@type":"ImageObject","inLanguage":"pl-PL","@id":"https:\/\/racom.com.pl\/#\/schema\/logo\/image\/","url":"https:\/\/racom.com.pl\/wp-content\/uploads\/2025\/07\/mixmarket_logo.png","contentUrl":"https:\/\/racom.com.pl\/wp-content\/uploads\/2025\/07\/mixmarket_logo.png","width":1024,"height":1024,"caption":"Mix Market - Supermarket z wszystkim co potrzeba do domu i nie tylko"},"image":{"@id":"https:\/\/racom.com.pl\/#\/schema\/logo\/image\/"}}]}},"_links":{"self":[{"href":"https:\/\/racom.com.pl\/index.php\/wp-json\/wp\/v2\/product\/563","targetHints":{"allow":["GET"]}}],"collection":[{"href":"https:\/\/racom.com.pl\/index.php\/wp-json\/wp\/v2\/product"}],"about":[{"href":"https:\/\/racom.com.pl\/index.php\/wp-json\/wp\/v2\/types\/product"}],"replies":[{"embeddable":true,"href":"https:\/\/racom.com.pl\/index.php\/wp-json\/wp\/v2\/comments?post=563"}],"wp:featuredmedia":[{"embeddable":true,"href":"https:\/\/racom.com.pl\/index.php\/wp-json\/wp\/v2\/media\/574"}],"wp:attachment":[{"href":"https:\/\/racom.com.pl\/index.php\/wp-json\/wp\/v2\/media?parent=563"}],"wp:term":[{"taxonomy":"product_brand","embeddable":true,"href":"https:\/\/racom.com.pl\/index.php\/wp-json\/wp\/v2\/product_brand?post=563"},{"taxonomy":"product_cat","embeddable":true,"href":"https:\/\/racom.com.pl\/index.php\/wp-json\/wp\/v2\/product_cat?post=563"},{"taxonomy":"product_tag","embeddable":true,"href":"https:\/\/racom.com.pl\/index.php\/wp-json\/wp\/v2\/product_tag?post=563"}],"curies":[{"name":"wp","href":"https:\/\/api.w.org\/{rel}","templated":true}]}}