{"id":587,"date":"2025-07-18T17:42:34","date_gmt":"2025-07-18T15:42:34","guid":{"rendered":"http:\/\/192.168.2.106\/index.php\/produkt\/kabel-usb-lightning-baseus-2-4a-2m-czarny\/"},"modified":"2025-07-18T17:42:34","modified_gmt":"2025-07-18T15:42:34","slug":"kabel-usb-lightning-baseus-2-4a-2m-czarny","status":"publish","type":"product","link":"https:\/\/racom.com.pl\/index.php\/produkt\/kabel-usb-lightning-baseus-2-4a-2m-czarny\/","title":{"rendered":"Kabel USB Lightning Baseus 2.4A, 2m (czarny)"},"content":{"rendered":"<h2>Kabel USB Lightning Baseus 2.4A, 2m (czarny)<\/h2>\n<p>Bezpieczne \u0142adowanie\n<\/p>\n<p>Kabel Baseus szybko i bezpiecznie na\u0142aduje Twoje urz\u0105dzenie. Za pomoc\u0105\u00a0CALYS-C01 prze\u015blesz r\u00f3wnie\u017c pliki z szybko\u015bci\u0105 480Mbps.\u00a0Wzmocniony przew\u00f3d pozytywnie wp\u0142ywa na szybko\u015b\u0107 \u0142adowania. CALYS-C01 posiada r\u00f3wnie\u017c miedziany rdze\u0144 zapewniaj\u0105c stabilne i bezpieczne \u0142adowanie o mocy 2.4A.<\/p>\n<p>\n\u00a0<br \/>\nWytrzyma\u0142y\n<\/p>\n<p>Najbardziej newralgiczne miejsce &#8211; \u0142\u0105czenie przewodu z wtyczk\u0105, zosta\u0142o wzmocnione. Kabel zosta\u0142 wykonany z materia\u0142u TPE, dzi\u0119ki czemu jest elastyczny i nie b\u0119dzie p\u0119ka\u0142 nawet przy zgi\u0119ciu do 90\u00b0. Dodatkowo, dzi\u0119ki d\u0142ugo\u015bci 2m, mo\u017cesz z niego korzysta\u0107, na przyk\u0142ad, siedz\u0105c na kanapie. Rzep u\u0142atwi przechowywanie, a kabel nie zajmie wiele miejsca.<\/p>\n<p>\n\u00a0<br \/>\n2w1\n<\/p>\n<p>CALYS-C01 nie tylko szybko na\u0142aduje Twoje urz\u0105dzenie, wykorzystasz go r\u00f3wnie\u017c do transmisji danych o pr\u0119dko\u015bci do 480Mbps.<\/p>\n<p>\n\u00a0<br \/>\nSzeroka kompatybilno\u015b\u0107\n<\/p>\n<p>Kabel USB jest kompatybilny z wszystkimi urz\u0105dzeniami od Apple, na przyk\u0142ad, iPhone 12 \/ 8 Plus \/ 5, iPad 8 \/ Air 2 \/ Mini 2 lub iPod 6. Tak szeroka kompatybilno\u015b\u0107 nadaje CALYS-C01 uniwersalno\u015bci.<\/p>\n<p>\u00a0<\/p>\n<p>\u00a0<\/p>\n<p>\u00a0<\/p>\n<p>\nSpecyfikacja\n<\/p>\n<p>\u00a0<\/p>\n<p>\nProducent<br \/>\nBaseus<br \/>\nModel<br \/>\nCALYS-C01<br \/>\nSzybko\u015b\u0107 transmisji danych<br \/>\n480 Mbps<br \/>\nMoc<br \/>\n2.4A<br \/>\nKompatybilno\u015b\u0107<br \/>\nApple Phone 12 \/ SE2 \/ 11 \/ 11 Pro Max, Xs \/ Xs Max \/ X \/ XP \/ 8 \/ 8 Plus \/ 7 \/ 7 Plus \/ 6S \/ 6S\u00a0<b>\/ 6S Plus \/ 6 \/ 6 Plus \/ SE \/ 5S \/ 5C \/ 5 ; Pad 8 \/ 10.2\u201d \/ Pro 9.7\u201d \/ Air 2 \/ Air \/ Mini 4 \/ Mini 3 \/ Mini 2 ; Pod 6<\/b><br \/>\nD\u0142ugo\u015b\u0107 kabla<br \/>\n2m<br \/>\nMateria\u0142<br \/>\nTPE + ABS<br \/>\nKolor<br \/>\nczarny\n<\/p>\n<p>\u00a0<\/p>\n<p>\u00a0<\/p>\n<p>Opakowanie jest integraln\u0105 cz\u0119\u015bci\u0105 produktu.<\/p>\n","protected":false},"excerpt":{"rendered":"<p>Kabel USB Lightning Baseus 2.4A, 2m (czarny) Bezpieczne \u0142adowanie Kabel Baseus szybko i bezpiecznie na\u0142aduje Twoje urz\u0105dzenie. Za pomoc\u0105\u00a0CALYS-C01 prze\u015blesz r\u00f3wnie\u017c pliki z szybko\u015bci\u0105 480Mbps.\u00a0Wzmocniony przew\u00f3d pozytywnie wp\u0142ywa na szybko\u015b\u0107 \u0142adowania. CALYS-C01 posiada r\u00f3wnie\u017c miedziany rdze\u0144 zapewniaj\u0105c stabilne i bezpieczne \u0142adowanie o mocy 2.4A. \u00a0 Wytrzyma\u0142y Najbardziej newralgiczne miejsce &#8211; \u0142\u0105czenie przewodu z wtyczk\u0105, zosta\u0142o [&hellip;]<\/p>\n","protected":false},"featured_media":599,"comment_status":"open","ping_status":"closed","template":"","meta":[],"product_brand":[27],"product_cat":[26],"product_tag":[],"class_list":{"0":"post-587","1":"product","2":"type-product","3":"status-publish","4":"has-post-thumbnail","6":"product_brand-baseus","7":"product_cat-akcesoria-gsm","9":"first","10":"instock","11":"taxable","12":"shipping-taxable","13":"purchasable","14":"product-type-simple"},"yoast_head":"<!-- This site is optimized with the Yoast SEO plugin v27.3 - https:\/\/yoast.com\/product\/yoast-seo-wordpress\/ -->\n<title>Kabel USB Lightning Baseus 2.4A, 2m (czarny) - Mix Market - Supermarket z wszystkim co potrzeba<\/title>\n<meta name=\"robots\" content=\"index, follow, max-snippet:-1, max-image-preview:large, max-video-preview:-1\" \/>\n<link rel=\"canonical\" href=\"https:\/\/racom.com.pl\/index.php\/produkt\/kabel-usb-lightning-baseus-2-4a-2m-czarny\/\" \/>\n<meta property=\"og:locale\" content=\"pl_PL\" \/>\n<meta property=\"og:type\" content=\"article\" \/>\n<meta property=\"og:title\" content=\"Kabel USB Lightning Baseus 2.4A, 2m (czarny) - Mix Market - Supermarket z wszystkim co potrzeba\" \/>\n<meta property=\"og:description\" content=\"Kabel USB Lightning Baseus 2.4A, 2m (czarny) Bezpieczne \u0142adowanie Kabel Baseus szybko i bezpiecznie na\u0142aduje Twoje urz\u0105dzenie. Za pomoc\u0105\u00a0CALYS-C01 prze\u015blesz r\u00f3wnie\u017c pliki z szybko\u015bci\u0105 480Mbps.\u00a0Wzmocniony przew\u00f3d pozytywnie wp\u0142ywa na szybko\u015b\u0107 \u0142adowania. CALYS-C01 posiada r\u00f3wnie\u017c miedziany rdze\u0144 zapewniaj\u0105c stabilne i bezpieczne \u0142adowanie o mocy 2.4A. \u00a0 Wytrzyma\u0142y Najbardziej newralgiczne miejsce &#8211; \u0142\u0105czenie przewodu z wtyczk\u0105, zosta\u0142o [&hellip;]\" \/>\n<meta property=\"og:url\" content=\"https:\/\/racom.com.pl\/index.php\/produkt\/kabel-usb-lightning-baseus-2-4a-2m-czarny\/\" \/>\n<meta property=\"og:site_name\" content=\"Mix Market - Supermarket z wszystkim co potrzeba\" \/>\n<meta property=\"og:image\" content=\"https:\/\/racom.com.pl\/wp-content\/uploads\/2025\/07\/allegro_687a6bb521c743.21648471_898443994f138539602fc2fc1227.jpg\" \/>\n\t<meta property=\"og:image:width\" content=\"1200\" \/>\n\t<meta property=\"og:image:height\" content=\"1200\" \/>\n\t<meta property=\"og:image:type\" content=\"image\/jpeg\" \/>\n<meta name=\"twitter:card\" content=\"summary_large_image\" \/>\n<meta name=\"twitter:label1\" content=\"Szacowany czas czytania\" \/>\n\t<meta name=\"twitter:data1\" content=\"1 minuta\" \/>\n<script type=\"application\/ld+json\" class=\"yoast-schema-graph\">{\"@context\":\"https:\\\/\\\/schema.org\",\"@graph\":[{\"@type\":\"WebPage\",\"@id\":\"https:\\\/\\\/racom.com.pl\\\/index.php\\\/produkt\\\/kabel-usb-lightning-baseus-2-4a-2m-czarny\\\/\",\"url\":\"https:\\\/\\\/racom.com.pl\\\/index.php\\\/produkt\\\/kabel-usb-lightning-baseus-2-4a-2m-czarny\\\/\",\"name\":\"Kabel USB Lightning Baseus 2.4A, 2m (czarny) - Mix Market - Supermarket z wszystkim co potrzeba\",\"isPartOf\":{\"@id\":\"https:\\\/\\\/racom.com.pl\\\/#website\"},\"primaryImageOfPage\":{\"@id\":\"https:\\\/\\\/racom.com.pl\\\/index.php\\\/produkt\\\/kabel-usb-lightning-baseus-2-4a-2m-czarny\\\/#primaryimage\"},\"image\":{\"@id\":\"https:\\\/\\\/racom.com.pl\\\/index.php\\\/produkt\\\/kabel-usb-lightning-baseus-2-4a-2m-czarny\\\/#primaryimage\"},\"thumbnailUrl\":\"https:\\\/\\\/racom.com.pl\\\/wp-content\\\/uploads\\\/2025\\\/07\\\/allegro_687a6bb521c743.21648471_898443994f138539602fc2fc1227.jpg\",\"datePublished\":\"2025-07-18T15:42:34+00:00\",\"breadcrumb\":{\"@id\":\"https:\\\/\\\/racom.com.pl\\\/index.php\\\/produkt\\\/kabel-usb-lightning-baseus-2-4a-2m-czarny\\\/#breadcrumb\"},\"inLanguage\":\"pl-PL\",\"potentialAction\":[{\"@type\":\"ReadAction\",\"target\":[\"https:\\\/\\\/racom.com.pl\\\/index.php\\\/produkt\\\/kabel-usb-lightning-baseus-2-4a-2m-czarny\\\/\"]}]},{\"@type\":\"ImageObject\",\"inLanguage\":\"pl-PL\",\"@id\":\"https:\\\/\\\/racom.com.pl\\\/index.php\\\/produkt\\\/kabel-usb-lightning-baseus-2-4a-2m-czarny\\\/#primaryimage\",\"url\":\"https:\\\/\\\/racom.com.pl\\\/wp-content\\\/uploads\\\/2025\\\/07\\\/allegro_687a6bb521c743.21648471_898443994f138539602fc2fc1227.jpg\",\"contentUrl\":\"https:\\\/\\\/racom.com.pl\\\/wp-content\\\/uploads\\\/2025\\\/07\\\/allegro_687a6bb521c743.21648471_898443994f138539602fc2fc1227.jpg\",\"width\":1200,\"height\":1200},{\"@type\":\"BreadcrumbList\",\"@id\":\"https:\\\/\\\/racom.com.pl\\\/index.php\\\/produkt\\\/kabel-usb-lightning-baseus-2-4a-2m-czarny\\\/#breadcrumb\",\"itemListElement\":[{\"@type\":\"ListItem\",\"position\":1,\"name\":\"Strona g\u0142\u00f3wna\",\"item\":\"https:\\\/\\\/racom.com.pl\\\/\"},{\"@type\":\"ListItem\",\"position\":2,\"name\":\"Sklep\",\"item\":\"https:\\\/\\\/racom.com.pl\\\/\"},{\"@type\":\"ListItem\",\"position\":3,\"name\":\"Kabel USB Lightning Baseus 2.4A, 2m (czarny)\"}]},{\"@type\":\"WebSite\",\"@id\":\"https:\\\/\\\/racom.com.pl\\\/#website\",\"url\":\"https:\\\/\\\/racom.com.pl\\\/\",\"name\":\"Mix Market - Supermarket z wszystkim co potrzeba do domu i nie tylko\",\"description\":\"\",\"publisher\":{\"@id\":\"https:\\\/\\\/racom.com.pl\\\/#organization\"},\"potentialAction\":[{\"@type\":\"SearchAction\",\"target\":{\"@type\":\"EntryPoint\",\"urlTemplate\":\"https:\\\/\\\/racom.com.pl\\\/?s={search_term_string}\"},\"query-input\":{\"@type\":\"PropertyValueSpecification\",\"valueRequired\":true,\"valueName\":\"search_term_string\"}}],\"inLanguage\":\"pl-PL\"},{\"@type\":\"Organization\",\"@id\":\"https:\\\/\\\/racom.com.pl\\\/#organization\",\"name\":\"Mix Market - Supermarket z wszystkim co potrzeba do domu i nie tylko\",\"url\":\"https:\\\/\\\/racom.com.pl\\\/\",\"logo\":{\"@type\":\"ImageObject\",\"inLanguage\":\"pl-PL\",\"@id\":\"https:\\\/\\\/racom.com.pl\\\/#\\\/schema\\\/logo\\\/image\\\/\",\"url\":\"https:\\\/\\\/racom.com.pl\\\/wp-content\\\/uploads\\\/2025\\\/07\\\/mixmarket_logo.png\",\"contentUrl\":\"https:\\\/\\\/racom.com.pl\\\/wp-content\\\/uploads\\\/2025\\\/07\\\/mixmarket_logo.png\",\"width\":1024,\"height\":1024,\"caption\":\"Mix Market - Supermarket z wszystkim co potrzeba do domu i nie tylko\"},\"image\":{\"@id\":\"https:\\\/\\\/racom.com.pl\\\/#\\\/schema\\\/logo\\\/image\\\/\"}}]}<\/script>\n<!-- \/ Yoast SEO plugin. -->","yoast_head_json":{"title":"Kabel USB Lightning Baseus 2.4A, 2m (czarny) - Mix Market - Supermarket z wszystkim co potrzeba","robots":{"index":"index","follow":"follow","max-snippet":"max-snippet:-1","max-image-preview":"max-image-preview:large","max-video-preview":"max-video-preview:-1"},"canonical":"https:\/\/racom.com.pl\/index.php\/produkt\/kabel-usb-lightning-baseus-2-4a-2m-czarny\/","og_locale":"pl_PL","og_type":"article","og_title":"Kabel USB Lightning Baseus 2.4A, 2m (czarny) - Mix Market - Supermarket z wszystkim co potrzeba","og_description":"Kabel USB Lightning Baseus 2.4A, 2m (czarny) Bezpieczne \u0142adowanie Kabel Baseus szybko i bezpiecznie na\u0142aduje Twoje urz\u0105dzenie. Za pomoc\u0105\u00a0CALYS-C01 prze\u015blesz r\u00f3wnie\u017c pliki z szybko\u015bci\u0105 480Mbps.\u00a0Wzmocniony przew\u00f3d pozytywnie wp\u0142ywa na szybko\u015b\u0107 \u0142adowania. CALYS-C01 posiada r\u00f3wnie\u017c miedziany rdze\u0144 zapewniaj\u0105c stabilne i bezpieczne \u0142adowanie o mocy 2.4A. \u00a0 Wytrzyma\u0142y Najbardziej newralgiczne miejsce &#8211; \u0142\u0105czenie przewodu z wtyczk\u0105, zosta\u0142o [&hellip;]","og_url":"https:\/\/racom.com.pl\/index.php\/produkt\/kabel-usb-lightning-baseus-2-4a-2m-czarny\/","og_site_name":"Mix Market - Supermarket z wszystkim co potrzeba","og_image":[{"width":1200,"height":1200,"url":"https:\/\/racom.com.pl\/wp-content\/uploads\/2025\/07\/allegro_687a6bb521c743.21648471_898443994f138539602fc2fc1227.jpg","type":"image\/jpeg"}],"twitter_card":"summary_large_image","twitter_misc":{"Szacowany czas czytania":"1 minuta"},"schema":{"@context":"https:\/\/schema.org","@graph":[{"@type":"WebPage","@id":"https:\/\/racom.com.pl\/index.php\/produkt\/kabel-usb-lightning-baseus-2-4a-2m-czarny\/","url":"https:\/\/racom.com.pl\/index.php\/produkt\/kabel-usb-lightning-baseus-2-4a-2m-czarny\/","name":"Kabel USB Lightning Baseus 2.4A, 2m (czarny) - Mix Market - Supermarket z wszystkim co potrzeba","isPartOf":{"@id":"https:\/\/racom.com.pl\/#website"},"primaryImageOfPage":{"@id":"https:\/\/racom.com.pl\/index.php\/produkt\/kabel-usb-lightning-baseus-2-4a-2m-czarny\/#primaryimage"},"image":{"@id":"https:\/\/racom.com.pl\/index.php\/produkt\/kabel-usb-lightning-baseus-2-4a-2m-czarny\/#primaryimage"},"thumbnailUrl":"https:\/\/racom.com.pl\/wp-content\/uploads\/2025\/07\/allegro_687a6bb521c743.21648471_898443994f138539602fc2fc1227.jpg","datePublished":"2025-07-18T15:42:34+00:00","breadcrumb":{"@id":"https:\/\/racom.com.pl\/index.php\/produkt\/kabel-usb-lightning-baseus-2-4a-2m-czarny\/#breadcrumb"},"inLanguage":"pl-PL","potentialAction":[{"@type":"ReadAction","target":["https:\/\/racom.com.pl\/index.php\/produkt\/kabel-usb-lightning-baseus-2-4a-2m-czarny\/"]}]},{"@type":"ImageObject","inLanguage":"pl-PL","@id":"https:\/\/racom.com.pl\/index.php\/produkt\/kabel-usb-lightning-baseus-2-4a-2m-czarny\/#primaryimage","url":"https:\/\/racom.com.pl\/wp-content\/uploads\/2025\/07\/allegro_687a6bb521c743.21648471_898443994f138539602fc2fc1227.jpg","contentUrl":"https:\/\/racom.com.pl\/wp-content\/uploads\/2025\/07\/allegro_687a6bb521c743.21648471_898443994f138539602fc2fc1227.jpg","width":1200,"height":1200},{"@type":"BreadcrumbList","@id":"https:\/\/racom.com.pl\/index.php\/produkt\/kabel-usb-lightning-baseus-2-4a-2m-czarny\/#breadcrumb","itemListElement":[{"@type":"ListItem","position":1,"name":"Strona g\u0142\u00f3wna","item":"https:\/\/racom.com.pl\/"},{"@type":"ListItem","position":2,"name":"Sklep","item":"https:\/\/racom.com.pl\/"},{"@type":"ListItem","position":3,"name":"Kabel USB Lightning Baseus 2.4A, 2m (czarny)"}]},{"@type":"WebSite","@id":"https:\/\/racom.com.pl\/#website","url":"https:\/\/racom.com.pl\/","name":"Mix Market - Supermarket z wszystkim co potrzeba do domu i nie tylko","description":"","publisher":{"@id":"https:\/\/racom.com.pl\/#organization"},"potentialAction":[{"@type":"SearchAction","target":{"@type":"EntryPoint","urlTemplate":"https:\/\/racom.com.pl\/?s={search_term_string}"},"query-input":{"@type":"PropertyValueSpecification","valueRequired":true,"valueName":"search_term_string"}}],"inLanguage":"pl-PL"},{"@type":"Organization","@id":"https:\/\/racom.com.pl\/#organization","name":"Mix Market - Supermarket z wszystkim co potrzeba do domu i nie tylko","url":"https:\/\/racom.com.pl\/","logo":{"@type":"ImageObject","inLanguage":"pl-PL","@id":"https:\/\/racom.com.pl\/#\/schema\/logo\/image\/","url":"https:\/\/racom.com.pl\/wp-content\/uploads\/2025\/07\/mixmarket_logo.png","contentUrl":"https:\/\/racom.com.pl\/wp-content\/uploads\/2025\/07\/mixmarket_logo.png","width":1024,"height":1024,"caption":"Mix Market - Supermarket z wszystkim co potrzeba do domu i nie tylko"},"image":{"@id":"https:\/\/racom.com.pl\/#\/schema\/logo\/image\/"}}]}},"_links":{"self":[{"href":"https:\/\/racom.com.pl\/index.php\/wp-json\/wp\/v2\/product\/587","targetHints":{"allow":["GET"]}}],"collection":[{"href":"https:\/\/racom.com.pl\/index.php\/wp-json\/wp\/v2\/product"}],"about":[{"href":"https:\/\/racom.com.pl\/index.php\/wp-json\/wp\/v2\/types\/product"}],"replies":[{"embeddable":true,"href":"https:\/\/racom.com.pl\/index.php\/wp-json\/wp\/v2\/comments?post=587"}],"wp:featuredmedia":[{"embeddable":true,"href":"https:\/\/racom.com.pl\/index.php\/wp-json\/wp\/v2\/media\/599"}],"wp:attachment":[{"href":"https:\/\/racom.com.pl\/index.php\/wp-json\/wp\/v2\/media?parent=587"}],"wp:term":[{"taxonomy":"product_brand","embeddable":true,"href":"https:\/\/racom.com.pl\/index.php\/wp-json\/wp\/v2\/product_brand?post=587"},{"taxonomy":"product_cat","embeddable":true,"href":"https:\/\/racom.com.pl\/index.php\/wp-json\/wp\/v2\/product_cat?post=587"},{"taxonomy":"product_tag","embeddable":true,"href":"https:\/\/racom.com.pl\/index.php\/wp-json\/wp\/v2\/product_tag?post=587"}],"curies":[{"name":"wp","href":"https:\/\/api.w.org\/{rel}","templated":true}]}}