{"id":600,"date":"2025-07-18T17:43:55","date_gmt":"2025-07-18T15:43:55","guid":{"rendered":"http:\/\/192.168.2.106\/index.php\/produkt\/adapter-przejsciowka-ugreen-mini-hdmi-do-hdmi-22cm\/"},"modified":"2025-07-18T17:43:55","modified_gmt":"2025-07-18T15:43:55","slug":"adapter-przejsciowka-ugreen-mini-hdmi-do-hdmi-22cm","status":"publish","type":"product","link":"https:\/\/racom.com.pl\/index.php\/produkt\/adapter-przejsciowka-ugreen-mini-hdmi-do-hdmi-22cm\/","title":{"rendered":"Adapter Przej\u015bci\u00f3wka UGREEN Mini HDMI do HDMI 22cm"},"content":{"rendered":"<h2>Adapter Przej\u015bci\u00f3wka UGREEN Mini HDMI do HDMI 22cm<\/h2>\n<p>\u00a0<\/p>\n<p><b>Adapter HDMI<\/b><\/p>\n<p>\u00a0<\/p>\n<p><b>Adapter HDMI umo\u017cliwia pod\u0142\u0105czenie tableta, telefonu, kamery lub aparatu do telewizora, monitora czy projektora. Adapter posiada wej\u015bcie HDMI \u017ce\u0144skie i wyj\u015bcie mini HDMI \u017ce\u0144skie.<\/b><\/p>\n<p>\u00a0<\/p>\n<p>\u00a0<\/p>\n<p><b>Wysoka jako\u015b\u0107 wykonania<\/b><\/p>\n<p>\u00a0<\/p>\n<p><b>Poz\u0142acane z\u0142\u0105cza gwarantuj\u0105 wytrzyma\u0142o\u015b\u0107 i stabilno\u015b\u0107 po\u0142\u0105czenia. 3 warstwy ochronne zapewniaj\u0105 d\u0142ug\u0105 \u017cywotno\u015b\u0107 przewodu, mniejsz\u0105 podatno\u015b\u0107 na uszkodzenia, a miedziany kabel pozwala na osi\u0105gni\u0119cie pr\u0119dko\u015bci przesy\u0142u nawet do 10Gb\/s.<\/b><\/p>\n<p>\u00a0<\/p>\n<p><b>Specyfikacja<\/b><\/p>\n<p>\u00a0<\/p>\n<p>\n<b>Producent<\/b><br \/>\nUGREEN<br \/>\n<b>Kod produktu<\/b><br \/>\n20137<br \/>\n<b>Materia\u0142<\/b><br \/>\nPoz\u0142acana wtyczka + PVC<br \/>\n<b>Kolor<\/b><br \/>\nCzarny<br \/>\n<b>Porty<\/b><br \/>\nMini HDMI do HDMI<br \/>\n<b>Maksymalna obs\u0142ugiwana rodzielczo\u015b\u0107<\/b><br \/>\n4K\u00a0UHD 3840\u00d72160 60Hz<br \/>\n<b>Pr\u0119dko\u015b\u0107 przesy\u0142u<\/b><br \/>\n<b>10Gb\/s<\/b><br \/>\n<b>D\u0142ugo\u015b\u0107 przewodu<\/b><br \/>\n24,3 cm\n<\/p>\n<ul>\n<li><b>Ilo\u015b\u0107 w kartonie:<\/b> 300 szt.<\/li>\n<li><b>Kod producenta:<\/b> 20137<\/li>\n<\/ul>\n<p>Opakowanie jest integraln\u0105 cz\u0119\u015bci\u0105 produktu.<\/p>\n<p>Pokrowce\/etui do telefon\u00f3w i tablet\u00f3w to cz\u0119sto zdj\u0119cie pogl\u0105dowe. W rzeczywisto\u015bci otrzymuj\u0105 Pa\u0144stwo futera\u0142 dopasowany do danego modelu urz\u0105dzenia z poprawnie rozmieszczonymi otworami na kamer\u0119\/aparat czy przyciski boczne.<\/p>\n<p>W przypadku baterii do telefon\u00f3w (zamiennik\u00f3w) zdj\u0119cie mo\u017ce by\u0107 zdj\u0119ciem pogl\u0105dowym. Po zakupie otrzymaj\u0105 Pa\u0144stwo produkt kompatybilny z danym urz\u0105dzeniem.<\/p>\n<p>Zdj\u0119cia produkt\u00f3w takich jak Szk\u0142a hartowane i folie ochronne na telefony\/tablety r\u00f3wnie\u017c mog\u0105 by\u0107 zdj\u0119ciami pogl\u0105dowymi.<\/p>\n","protected":false},"excerpt":{"rendered":"<p>Adapter Przej\u015bci\u00f3wka UGREEN Mini HDMI do HDMI 22cm \u00a0 Adapter HDMI \u00a0 Adapter HDMI umo\u017cliwia pod\u0142\u0105czenie tableta, telefonu, kamery lub aparatu do telewizora, monitora czy projektora. Adapter posiada wej\u015bcie HDMI \u017ce\u0144skie i wyj\u015bcie mini HDMI \u017ce\u0144skie. \u00a0 \u00a0 Wysoka jako\u015b\u0107 wykonania \u00a0 Poz\u0142acane z\u0142\u0105cza gwarantuj\u0105 wytrzyma\u0142o\u015b\u0107 i stabilno\u015b\u0107 po\u0142\u0105czenia. 3 warstwy ochronne zapewniaj\u0105 d\u0142ug\u0105 \u017cywotno\u015b\u0107 [&hellip;]<\/p>\n","protected":false},"featured_media":604,"comment_status":"open","ping_status":"closed","template":"","meta":[],"product_brand":[23],"product_cat":[31],"product_tag":[],"class_list":{"0":"post-600","1":"product","2":"type-product","3":"status-publish","4":"has-post-thumbnail","6":"product_brand-ugreen","7":"product_cat-akcesoria-laptop-pc","9":"first","10":"instock","11":"taxable","12":"shipping-taxable","13":"purchasable","14":"product-type-simple"},"yoast_head":"<!-- This site is optimized with the Yoast SEO plugin v27.3 - https:\/\/yoast.com\/product\/yoast-seo-wordpress\/ -->\n<title>Adapter Przej\u015bci\u00f3wka UGREEN Mini HDMI do HDMI 22cm - Mix Market - Supermarket z wszystkim co potrzeba<\/title>\n<meta name=\"robots\" content=\"index, follow, max-snippet:-1, max-image-preview:large, max-video-preview:-1\" \/>\n<link rel=\"canonical\" href=\"https:\/\/racom.com.pl\/index.php\/produkt\/adapter-przejsciowka-ugreen-mini-hdmi-do-hdmi-22cm\/\" \/>\n<meta property=\"og:locale\" content=\"pl_PL\" \/>\n<meta property=\"og:type\" content=\"article\" \/>\n<meta property=\"og:title\" content=\"Adapter Przej\u015bci\u00f3wka UGREEN Mini HDMI do HDMI 22cm - Mix Market - Supermarket z wszystkim co potrzeba\" \/>\n<meta property=\"og:description\" content=\"Adapter Przej\u015bci\u00f3wka UGREEN Mini HDMI do HDMI 22cm \u00a0 Adapter HDMI \u00a0 Adapter HDMI umo\u017cliwia pod\u0142\u0105czenie tableta, telefonu, kamery lub aparatu do telewizora, monitora czy projektora. Adapter posiada wej\u015bcie HDMI \u017ce\u0144skie i wyj\u015bcie mini HDMI \u017ce\u0144skie. \u00a0 \u00a0 Wysoka jako\u015b\u0107 wykonania \u00a0 Poz\u0142acane z\u0142\u0105cza gwarantuj\u0105 wytrzyma\u0142o\u015b\u0107 i stabilno\u015b\u0107 po\u0142\u0105czenia. 3 warstwy ochronne zapewniaj\u0105 d\u0142ug\u0105 \u017cywotno\u015b\u0107 [&hellip;]\" \/>\n<meta property=\"og:url\" content=\"https:\/\/racom.com.pl\/index.php\/produkt\/adapter-przejsciowka-ugreen-mini-hdmi-do-hdmi-22cm\/\" \/>\n<meta property=\"og:site_name\" content=\"Mix Market - Supermarket z wszystkim co potrzeba\" \/>\n<meta property=\"og:image\" content=\"https:\/\/racom.com.pl\/wp-content\/uploads\/2025\/07\/allegro_687a6bd4ba1fa5.26436650_b6365c21496db04269c05af30fa2.jpg\" \/>\n\t<meta property=\"og:image:width\" content=\"800\" \/>\n\t<meta property=\"og:image:height\" content=\"800\" \/>\n\t<meta property=\"og:image:type\" content=\"image\/jpeg\" \/>\n<meta name=\"twitter:card\" content=\"summary_large_image\" \/>\n<meta name=\"twitter:label1\" content=\"Szacowany czas czytania\" \/>\n\t<meta name=\"twitter:data1\" content=\"1 minuta\" \/>\n<script type=\"application\/ld+json\" class=\"yoast-schema-graph\">{\"@context\":\"https:\\\/\\\/schema.org\",\"@graph\":[{\"@type\":\"WebPage\",\"@id\":\"https:\\\/\\\/racom.com.pl\\\/index.php\\\/produkt\\\/adapter-przejsciowka-ugreen-mini-hdmi-do-hdmi-22cm\\\/\",\"url\":\"https:\\\/\\\/racom.com.pl\\\/index.php\\\/produkt\\\/adapter-przejsciowka-ugreen-mini-hdmi-do-hdmi-22cm\\\/\",\"name\":\"Adapter Przej\u015bci\u00f3wka UGREEN Mini HDMI do HDMI 22cm - Mix Market - Supermarket z wszystkim co potrzeba\",\"isPartOf\":{\"@id\":\"https:\\\/\\\/racom.com.pl\\\/#website\"},\"primaryImageOfPage\":{\"@id\":\"https:\\\/\\\/racom.com.pl\\\/index.php\\\/produkt\\\/adapter-przejsciowka-ugreen-mini-hdmi-do-hdmi-22cm\\\/#primaryimage\"},\"image\":{\"@id\":\"https:\\\/\\\/racom.com.pl\\\/index.php\\\/produkt\\\/adapter-przejsciowka-ugreen-mini-hdmi-do-hdmi-22cm\\\/#primaryimage\"},\"thumbnailUrl\":\"https:\\\/\\\/racom.com.pl\\\/wp-content\\\/uploads\\\/2025\\\/07\\\/allegro_687a6bd4ba1fa5.26436650_b6365c21496db04269c05af30fa2.jpg\",\"datePublished\":\"2025-07-18T15:43:55+00:00\",\"breadcrumb\":{\"@id\":\"https:\\\/\\\/racom.com.pl\\\/index.php\\\/produkt\\\/adapter-przejsciowka-ugreen-mini-hdmi-do-hdmi-22cm\\\/#breadcrumb\"},\"inLanguage\":\"pl-PL\",\"potentialAction\":[{\"@type\":\"ReadAction\",\"target\":[\"https:\\\/\\\/racom.com.pl\\\/index.php\\\/produkt\\\/adapter-przejsciowka-ugreen-mini-hdmi-do-hdmi-22cm\\\/\"]}]},{\"@type\":\"ImageObject\",\"inLanguage\":\"pl-PL\",\"@id\":\"https:\\\/\\\/racom.com.pl\\\/index.php\\\/produkt\\\/adapter-przejsciowka-ugreen-mini-hdmi-do-hdmi-22cm\\\/#primaryimage\",\"url\":\"https:\\\/\\\/racom.com.pl\\\/wp-content\\\/uploads\\\/2025\\\/07\\\/allegro_687a6bd4ba1fa5.26436650_b6365c21496db04269c05af30fa2.jpg\",\"contentUrl\":\"https:\\\/\\\/racom.com.pl\\\/wp-content\\\/uploads\\\/2025\\\/07\\\/allegro_687a6bd4ba1fa5.26436650_b6365c21496db04269c05af30fa2.jpg\",\"width\":800,\"height\":800},{\"@type\":\"BreadcrumbList\",\"@id\":\"https:\\\/\\\/racom.com.pl\\\/index.php\\\/produkt\\\/adapter-przejsciowka-ugreen-mini-hdmi-do-hdmi-22cm\\\/#breadcrumb\",\"itemListElement\":[{\"@type\":\"ListItem\",\"position\":1,\"name\":\"Strona g\u0142\u00f3wna\",\"item\":\"https:\\\/\\\/racom.com.pl\\\/\"},{\"@type\":\"ListItem\",\"position\":2,\"name\":\"Sklep\",\"item\":\"https:\\\/\\\/racom.com.pl\\\/\"},{\"@type\":\"ListItem\",\"position\":3,\"name\":\"Adapter Przej\u015bci\u00f3wka UGREEN Mini HDMI do HDMI 22cm\"}]},{\"@type\":\"WebSite\",\"@id\":\"https:\\\/\\\/racom.com.pl\\\/#website\",\"url\":\"https:\\\/\\\/racom.com.pl\\\/\",\"name\":\"Mix Market - Supermarket z wszystkim co potrzeba do domu i nie tylko\",\"description\":\"\",\"publisher\":{\"@id\":\"https:\\\/\\\/racom.com.pl\\\/#organization\"},\"potentialAction\":[{\"@type\":\"SearchAction\",\"target\":{\"@type\":\"EntryPoint\",\"urlTemplate\":\"https:\\\/\\\/racom.com.pl\\\/?s={search_term_string}\"},\"query-input\":{\"@type\":\"PropertyValueSpecification\",\"valueRequired\":true,\"valueName\":\"search_term_string\"}}],\"inLanguage\":\"pl-PL\"},{\"@type\":\"Organization\",\"@id\":\"https:\\\/\\\/racom.com.pl\\\/#organization\",\"name\":\"Mix Market - Supermarket z wszystkim co potrzeba do domu i nie tylko\",\"url\":\"https:\\\/\\\/racom.com.pl\\\/\",\"logo\":{\"@type\":\"ImageObject\",\"inLanguage\":\"pl-PL\",\"@id\":\"https:\\\/\\\/racom.com.pl\\\/#\\\/schema\\\/logo\\\/image\\\/\",\"url\":\"https:\\\/\\\/racom.com.pl\\\/wp-content\\\/uploads\\\/2025\\\/07\\\/mixmarket_logo.png\",\"contentUrl\":\"https:\\\/\\\/racom.com.pl\\\/wp-content\\\/uploads\\\/2025\\\/07\\\/mixmarket_logo.png\",\"width\":1024,\"height\":1024,\"caption\":\"Mix Market - Supermarket z wszystkim co potrzeba do domu i nie tylko\"},\"image\":{\"@id\":\"https:\\\/\\\/racom.com.pl\\\/#\\\/schema\\\/logo\\\/image\\\/\"}}]}<\/script>\n<!-- \/ Yoast SEO plugin. -->","yoast_head_json":{"title":"Adapter Przej\u015bci\u00f3wka UGREEN Mini HDMI do HDMI 22cm - Mix Market - Supermarket z wszystkim co potrzeba","robots":{"index":"index","follow":"follow","max-snippet":"max-snippet:-1","max-image-preview":"max-image-preview:large","max-video-preview":"max-video-preview:-1"},"canonical":"https:\/\/racom.com.pl\/index.php\/produkt\/adapter-przejsciowka-ugreen-mini-hdmi-do-hdmi-22cm\/","og_locale":"pl_PL","og_type":"article","og_title":"Adapter Przej\u015bci\u00f3wka UGREEN Mini HDMI do HDMI 22cm - Mix Market - Supermarket z wszystkim co potrzeba","og_description":"Adapter Przej\u015bci\u00f3wka UGREEN Mini HDMI do HDMI 22cm \u00a0 Adapter HDMI \u00a0 Adapter HDMI umo\u017cliwia pod\u0142\u0105czenie tableta, telefonu, kamery lub aparatu do telewizora, monitora czy projektora. Adapter posiada wej\u015bcie HDMI \u017ce\u0144skie i wyj\u015bcie mini HDMI \u017ce\u0144skie. \u00a0 \u00a0 Wysoka jako\u015b\u0107 wykonania \u00a0 Poz\u0142acane z\u0142\u0105cza gwarantuj\u0105 wytrzyma\u0142o\u015b\u0107 i stabilno\u015b\u0107 po\u0142\u0105czenia. 3 warstwy ochronne zapewniaj\u0105 d\u0142ug\u0105 \u017cywotno\u015b\u0107 [&hellip;]","og_url":"https:\/\/racom.com.pl\/index.php\/produkt\/adapter-przejsciowka-ugreen-mini-hdmi-do-hdmi-22cm\/","og_site_name":"Mix Market - Supermarket z wszystkim co potrzeba","og_image":[{"width":800,"height":800,"url":"https:\/\/racom.com.pl\/wp-content\/uploads\/2025\/07\/allegro_687a6bd4ba1fa5.26436650_b6365c21496db04269c05af30fa2.jpg","type":"image\/jpeg"}],"twitter_card":"summary_large_image","twitter_misc":{"Szacowany czas czytania":"1 minuta"},"schema":{"@context":"https:\/\/schema.org","@graph":[{"@type":"WebPage","@id":"https:\/\/racom.com.pl\/index.php\/produkt\/adapter-przejsciowka-ugreen-mini-hdmi-do-hdmi-22cm\/","url":"https:\/\/racom.com.pl\/index.php\/produkt\/adapter-przejsciowka-ugreen-mini-hdmi-do-hdmi-22cm\/","name":"Adapter Przej\u015bci\u00f3wka UGREEN Mini HDMI do HDMI 22cm - Mix Market - Supermarket z wszystkim co potrzeba","isPartOf":{"@id":"https:\/\/racom.com.pl\/#website"},"primaryImageOfPage":{"@id":"https:\/\/racom.com.pl\/index.php\/produkt\/adapter-przejsciowka-ugreen-mini-hdmi-do-hdmi-22cm\/#primaryimage"},"image":{"@id":"https:\/\/racom.com.pl\/index.php\/produkt\/adapter-przejsciowka-ugreen-mini-hdmi-do-hdmi-22cm\/#primaryimage"},"thumbnailUrl":"https:\/\/racom.com.pl\/wp-content\/uploads\/2025\/07\/allegro_687a6bd4ba1fa5.26436650_b6365c21496db04269c05af30fa2.jpg","datePublished":"2025-07-18T15:43:55+00:00","breadcrumb":{"@id":"https:\/\/racom.com.pl\/index.php\/produkt\/adapter-przejsciowka-ugreen-mini-hdmi-do-hdmi-22cm\/#breadcrumb"},"inLanguage":"pl-PL","potentialAction":[{"@type":"ReadAction","target":["https:\/\/racom.com.pl\/index.php\/produkt\/adapter-przejsciowka-ugreen-mini-hdmi-do-hdmi-22cm\/"]}]},{"@type":"ImageObject","inLanguage":"pl-PL","@id":"https:\/\/racom.com.pl\/index.php\/produkt\/adapter-przejsciowka-ugreen-mini-hdmi-do-hdmi-22cm\/#primaryimage","url":"https:\/\/racom.com.pl\/wp-content\/uploads\/2025\/07\/allegro_687a6bd4ba1fa5.26436650_b6365c21496db04269c05af30fa2.jpg","contentUrl":"https:\/\/racom.com.pl\/wp-content\/uploads\/2025\/07\/allegro_687a6bd4ba1fa5.26436650_b6365c21496db04269c05af30fa2.jpg","width":800,"height":800},{"@type":"BreadcrumbList","@id":"https:\/\/racom.com.pl\/index.php\/produkt\/adapter-przejsciowka-ugreen-mini-hdmi-do-hdmi-22cm\/#breadcrumb","itemListElement":[{"@type":"ListItem","position":1,"name":"Strona g\u0142\u00f3wna","item":"https:\/\/racom.com.pl\/"},{"@type":"ListItem","position":2,"name":"Sklep","item":"https:\/\/racom.com.pl\/"},{"@type":"ListItem","position":3,"name":"Adapter Przej\u015bci\u00f3wka UGREEN Mini HDMI do HDMI 22cm"}]},{"@type":"WebSite","@id":"https:\/\/racom.com.pl\/#website","url":"https:\/\/racom.com.pl\/","name":"Mix Market - Supermarket z wszystkim co potrzeba do domu i nie tylko","description":"","publisher":{"@id":"https:\/\/racom.com.pl\/#organization"},"potentialAction":[{"@type":"SearchAction","target":{"@type":"EntryPoint","urlTemplate":"https:\/\/racom.com.pl\/?s={search_term_string}"},"query-input":{"@type":"PropertyValueSpecification","valueRequired":true,"valueName":"search_term_string"}}],"inLanguage":"pl-PL"},{"@type":"Organization","@id":"https:\/\/racom.com.pl\/#organization","name":"Mix Market - Supermarket z wszystkim co potrzeba do domu i nie tylko","url":"https:\/\/racom.com.pl\/","logo":{"@type":"ImageObject","inLanguage":"pl-PL","@id":"https:\/\/racom.com.pl\/#\/schema\/logo\/image\/","url":"https:\/\/racom.com.pl\/wp-content\/uploads\/2025\/07\/mixmarket_logo.png","contentUrl":"https:\/\/racom.com.pl\/wp-content\/uploads\/2025\/07\/mixmarket_logo.png","width":1024,"height":1024,"caption":"Mix Market - Supermarket z wszystkim co potrzeba do domu i nie tylko"},"image":{"@id":"https:\/\/racom.com.pl\/#\/schema\/logo\/image\/"}}]}},"_links":{"self":[{"href":"https:\/\/racom.com.pl\/index.php\/wp-json\/wp\/v2\/product\/600","targetHints":{"allow":["GET"]}}],"collection":[{"href":"https:\/\/racom.com.pl\/index.php\/wp-json\/wp\/v2\/product"}],"about":[{"href":"https:\/\/racom.com.pl\/index.php\/wp-json\/wp\/v2\/types\/product"}],"replies":[{"embeddable":true,"href":"https:\/\/racom.com.pl\/index.php\/wp-json\/wp\/v2\/comments?post=600"}],"wp:featuredmedia":[{"embeddable":true,"href":"https:\/\/racom.com.pl\/index.php\/wp-json\/wp\/v2\/media\/604"}],"wp:attachment":[{"href":"https:\/\/racom.com.pl\/index.php\/wp-json\/wp\/v2\/media?parent=600"}],"wp:term":[{"taxonomy":"product_brand","embeddable":true,"href":"https:\/\/racom.com.pl\/index.php\/wp-json\/wp\/v2\/product_brand?post=600"},{"taxonomy":"product_cat","embeddable":true,"href":"https:\/\/racom.com.pl\/index.php\/wp-json\/wp\/v2\/product_cat?post=600"},{"taxonomy":"product_tag","embeddable":true,"href":"https:\/\/racom.com.pl\/index.php\/wp-json\/wp\/v2\/product_tag?post=600"}],"curies":[{"name":"wp","href":"https:\/\/api.w.org\/{rel}","templated":true}]}}