{"id":608,"date":"2025-07-18T17:45:04","date_gmt":"2025-07-18T15:45:04","guid":{"rendered":"http:\/\/192.168.2.106\/index.php\/produkt\/kabel-mini-jack-35mm-ugreen-av112-aux-2m\/"},"modified":"2025-07-18T17:45:04","modified_gmt":"2025-07-18T15:45:04","slug":"kabel-mini-jack-35mm-ugreen-av112-aux-2m","status":"publish","type":"product","link":"https:\/\/racom.com.pl\/index.php\/produkt\/kabel-mini-jack-35mm-ugreen-av112-aux-2m\/","title":{"rendered":"Kabel mini jack 3,5mm UGREEN AV112, AUX, 2m"},"content":{"rendered":"<h2>Kabel mini jack 3,5mm UGREEN AV112, AUX, 2m<\/h2>\n<p>\nKabel mini jack 3,5 mm UGREEN AV112\n<\/p>\n<p>Kabel mini jack UGREEN AV112 pozwoli Ci cieszy\u0107 si\u0119 prawdziw\u0105 muzyczn\u0105 uczt\u0105. Kompatybilny z wi\u0119kszo\u015bci\u0105 urz\u0105dze\u0144 wyposa\u017conych w port audio 3,5 mm &#8211; bez problemu wykorzystasz go do po\u0142\u0105czenia g\u0142o\u015bnika z laptopem lub smartfona z radiem samochodowym. Wykonany z doskona\u0142ej jako\u015bci materia\u0142\u00f3w &#8211; zapewnia d\u017awi\u0119k na najwy\u017cszym poziomie i niesamowit\u0105 wytrzyma\u0142o\u015b\u0107.<\/p>\n<p>\u00a0<\/p>\n<p>\nKompatybilny z wieloma urz\u0105dzeniami\n<\/p>\n<p>Z\u0142\u0105cza mini jack pasuj\u0105 do wi\u0119kszo\u015bci standardowych port\u00f3w aux 3,5 mm. Kabel AV112 wyr\u00f3\u017cnia si\u0119 zatem szerok\u0105 kompatybilno\u015bci\u0105. To oznacza, \u017ce z powodzeniem wykorzystasz go mi\u0119dzy innymi do pod\u0142\u0105czenia smartfona, tabletu, laptopa, komputera czy g\u0142o\u015bnik\u00f3w. Mo\u017cesz te\u017c wykorzysta\u0107 go w samochodzie, aby Twoje ulubione utwory umila\u0142y Ci podr\u00f3\u017c.<\/p>\n<p>\u00a0<\/p>\n<p>\nNajwy\u017cszy poziom transmisji d\u017awi\u0119ku\n<\/p>\n<p>Miedziany rdze\u0144 kabla zapewnia krystalicznie czyste, naturalne audio. Poz\u0142acane z\u0142\u0105cza odpowiadaj\u0105 z kolei nie tylko za szerok\u0105 kompatybilno\u015b\u0107 produktu, ale te\u017c za stabiln\u0105, niezawodn\u0105 transmisj\u0119 sygna\u0142u. Co wi\u0119cej, s\u0105 one na tyle cienkie, \u017ce aby umie\u015bci\u0107 jedno z nich w porcie telefonu, nie musisz nawet wyjmowa\u0107 go z etui!<\/p>\n<p>\u00a0<\/p>\n<p>\nOdporny na zu\u017cycie\n<\/p>\n<p>Kabel jest niewiarygodnie wytrzyma\u0142y. Pleciona pow\u0142oka sprawia, \u017ce nie pl\u0105cze si\u0119, a jednocze\u015bnie jest odporny na zginanie, zadrapania, a nawet przerwanie. Ponadto, metalowa obudowa chroni z\u0142\u0105cza przed uszkodzeniem, przyczyniaj\u0105c si\u0119 r\u00f3wnie\u017c do redukcji d\u017awi\u0119k\u00f3w otoczenia. AV112 zaskoczy Ci\u0119 niezawodno\u015bci\u0105.<\/p>\n<p>\u00a0<\/p>\n<p>\nSpecyfikacja\n<\/p>\n<p>\u00a0<\/p>\n<p>\nProducent<br \/>\nUGREEN<br \/>\nModel<br \/>\nAV112<br \/>\nZ\u0142\u0105cza<br \/>\nPoz\u0142acane<br \/>\nObudowa<br \/>\nAluminium<br \/>\nPow\u0142oka<br \/>\nNylonowy oplot<br \/>\nD\u0142ugo\u015b\u0107<br \/>\n2 m<br \/>\nRdze\u0144<br \/>\nEmaliowana mied\u017a\n<\/p>\n<p>\u00a0<\/p>\n<p>\u00a0<\/p>\n","protected":false},"excerpt":{"rendered":"<p>Kabel mini jack 3,5mm UGREEN AV112, AUX, 2m Kabel mini jack 3,5 mm UGREEN AV112 Kabel mini jack UGREEN AV112 pozwoli Ci cieszy\u0107 si\u0119 prawdziw\u0105 muzyczn\u0105 uczt\u0105. Kompatybilny z wi\u0119kszo\u015bci\u0105 urz\u0105dze\u0144 wyposa\u017conych w port audio 3,5 mm &#8211; bez problemu wykorzystasz go do po\u0142\u0105czenia g\u0142o\u015bnika z laptopem lub smartfona z radiem samochodowym. Wykonany z doskona\u0142ej [&hellip;]<\/p>\n","protected":false},"featured_media":610,"comment_status":"open","ping_status":"closed","template":"","meta":[],"product_brand":[23],"product_cat":[22],"product_tag":[],"class_list":{"0":"post-608","1":"product","2":"type-product","3":"status-publish","4":"has-post-thumbnail","6":"product_brand-ugreen","7":"product_cat-elektronika","9":"first","10":"instock","11":"taxable","12":"shipping-taxable","13":"purchasable","14":"product-type-simple"},"yoast_head":"<!-- This site is optimized with the Yoast SEO plugin v27.3 - https:\/\/yoast.com\/product\/yoast-seo-wordpress\/ -->\n<title>Kabel mini jack 3,5mm UGREEN AV112, AUX, 2m - Mix Market - Supermarket z wszystkim co potrzeba<\/title>\n<meta name=\"robots\" content=\"index, follow, max-snippet:-1, max-image-preview:large, max-video-preview:-1\" \/>\n<link rel=\"canonical\" href=\"https:\/\/racom.com.pl\/index.php\/produkt\/kabel-mini-jack-35mm-ugreen-av112-aux-2m\/\" \/>\n<meta property=\"og:locale\" content=\"pl_PL\" \/>\n<meta property=\"og:type\" content=\"article\" \/>\n<meta property=\"og:title\" content=\"Kabel mini jack 3,5mm UGREEN AV112, AUX, 2m - Mix Market - Supermarket z wszystkim co potrzeba\" \/>\n<meta property=\"og:description\" content=\"Kabel mini jack 3,5mm UGREEN AV112, AUX, 2m Kabel mini jack 3,5 mm UGREEN AV112 Kabel mini jack UGREEN AV112 pozwoli Ci cieszy\u0107 si\u0119 prawdziw\u0105 muzyczn\u0105 uczt\u0105. Kompatybilny z wi\u0119kszo\u015bci\u0105 urz\u0105dze\u0144 wyposa\u017conych w port audio 3,5 mm &#8211; bez problemu wykorzystasz go do po\u0142\u0105czenia g\u0142o\u015bnika z laptopem lub smartfona z radiem samochodowym. Wykonany z doskona\u0142ej [&hellip;]\" \/>\n<meta property=\"og:url\" content=\"https:\/\/racom.com.pl\/index.php\/produkt\/kabel-mini-jack-35mm-ugreen-av112-aux-2m\/\" \/>\n<meta property=\"og:site_name\" content=\"Mix Market - Supermarket z wszystkim co potrzeba\" \/>\n<meta property=\"og:image\" content=\"https:\/\/racom.com.pl\/wp-content\/uploads\/2025\/07\/allegro_687a6c15b836a5.91093630_f9c226794e95a98131b1be4cffe0.jpg\" \/>\n\t<meta property=\"og:image:width\" content=\"800\" \/>\n\t<meta property=\"og:image:height\" content=\"800\" \/>\n\t<meta property=\"og:image:type\" content=\"image\/jpeg\" \/>\n<meta name=\"twitter:card\" content=\"summary_large_image\" \/>\n<meta name=\"twitter:label1\" content=\"Szacowany czas czytania\" \/>\n\t<meta name=\"twitter:data1\" content=\"1 minuta\" \/>\n<script type=\"application\/ld+json\" class=\"yoast-schema-graph\">{\"@context\":\"https:\\\/\\\/schema.org\",\"@graph\":[{\"@type\":\"WebPage\",\"@id\":\"https:\\\/\\\/racom.com.pl\\\/index.php\\\/produkt\\\/kabel-mini-jack-35mm-ugreen-av112-aux-2m\\\/\",\"url\":\"https:\\\/\\\/racom.com.pl\\\/index.php\\\/produkt\\\/kabel-mini-jack-35mm-ugreen-av112-aux-2m\\\/\",\"name\":\"Kabel mini jack 3,5mm UGREEN AV112, AUX, 2m - Mix Market - Supermarket z wszystkim co potrzeba\",\"isPartOf\":{\"@id\":\"https:\\\/\\\/racom.com.pl\\\/#website\"},\"primaryImageOfPage\":{\"@id\":\"https:\\\/\\\/racom.com.pl\\\/index.php\\\/produkt\\\/kabel-mini-jack-35mm-ugreen-av112-aux-2m\\\/#primaryimage\"},\"image\":{\"@id\":\"https:\\\/\\\/racom.com.pl\\\/index.php\\\/produkt\\\/kabel-mini-jack-35mm-ugreen-av112-aux-2m\\\/#primaryimage\"},\"thumbnailUrl\":\"https:\\\/\\\/racom.com.pl\\\/wp-content\\\/uploads\\\/2025\\\/07\\\/allegro_687a6c15b836a5.91093630_f9c226794e95a98131b1be4cffe0.jpg\",\"datePublished\":\"2025-07-18T15:45:04+00:00\",\"breadcrumb\":{\"@id\":\"https:\\\/\\\/racom.com.pl\\\/index.php\\\/produkt\\\/kabel-mini-jack-35mm-ugreen-av112-aux-2m\\\/#breadcrumb\"},\"inLanguage\":\"pl-PL\",\"potentialAction\":[{\"@type\":\"ReadAction\",\"target\":[\"https:\\\/\\\/racom.com.pl\\\/index.php\\\/produkt\\\/kabel-mini-jack-35mm-ugreen-av112-aux-2m\\\/\"]}]},{\"@type\":\"ImageObject\",\"inLanguage\":\"pl-PL\",\"@id\":\"https:\\\/\\\/racom.com.pl\\\/index.php\\\/produkt\\\/kabel-mini-jack-35mm-ugreen-av112-aux-2m\\\/#primaryimage\",\"url\":\"https:\\\/\\\/racom.com.pl\\\/wp-content\\\/uploads\\\/2025\\\/07\\\/allegro_687a6c15b836a5.91093630_f9c226794e95a98131b1be4cffe0.jpg\",\"contentUrl\":\"https:\\\/\\\/racom.com.pl\\\/wp-content\\\/uploads\\\/2025\\\/07\\\/allegro_687a6c15b836a5.91093630_f9c226794e95a98131b1be4cffe0.jpg\",\"width\":800,\"height\":800},{\"@type\":\"BreadcrumbList\",\"@id\":\"https:\\\/\\\/racom.com.pl\\\/index.php\\\/produkt\\\/kabel-mini-jack-35mm-ugreen-av112-aux-2m\\\/#breadcrumb\",\"itemListElement\":[{\"@type\":\"ListItem\",\"position\":1,\"name\":\"Strona g\u0142\u00f3wna\",\"item\":\"https:\\\/\\\/racom.com.pl\\\/\"},{\"@type\":\"ListItem\",\"position\":2,\"name\":\"Sklep\",\"item\":\"https:\\\/\\\/racom.com.pl\\\/\"},{\"@type\":\"ListItem\",\"position\":3,\"name\":\"Kabel mini jack 3,5mm UGREEN AV112, AUX, 2m\"}]},{\"@type\":\"WebSite\",\"@id\":\"https:\\\/\\\/racom.com.pl\\\/#website\",\"url\":\"https:\\\/\\\/racom.com.pl\\\/\",\"name\":\"Mix Market - Supermarket z wszystkim co potrzeba do domu i nie tylko\",\"description\":\"\",\"publisher\":{\"@id\":\"https:\\\/\\\/racom.com.pl\\\/#organization\"},\"potentialAction\":[{\"@type\":\"SearchAction\",\"target\":{\"@type\":\"EntryPoint\",\"urlTemplate\":\"https:\\\/\\\/racom.com.pl\\\/?s={search_term_string}\"},\"query-input\":{\"@type\":\"PropertyValueSpecification\",\"valueRequired\":true,\"valueName\":\"search_term_string\"}}],\"inLanguage\":\"pl-PL\"},{\"@type\":\"Organization\",\"@id\":\"https:\\\/\\\/racom.com.pl\\\/#organization\",\"name\":\"Mix Market - Supermarket z wszystkim co potrzeba do domu i nie tylko\",\"url\":\"https:\\\/\\\/racom.com.pl\\\/\",\"logo\":{\"@type\":\"ImageObject\",\"inLanguage\":\"pl-PL\",\"@id\":\"https:\\\/\\\/racom.com.pl\\\/#\\\/schema\\\/logo\\\/image\\\/\",\"url\":\"https:\\\/\\\/racom.com.pl\\\/wp-content\\\/uploads\\\/2025\\\/07\\\/mixmarket_logo.png\",\"contentUrl\":\"https:\\\/\\\/racom.com.pl\\\/wp-content\\\/uploads\\\/2025\\\/07\\\/mixmarket_logo.png\",\"width\":1024,\"height\":1024,\"caption\":\"Mix Market - Supermarket z wszystkim co potrzeba do domu i nie tylko\"},\"image\":{\"@id\":\"https:\\\/\\\/racom.com.pl\\\/#\\\/schema\\\/logo\\\/image\\\/\"}}]}<\/script>\n<!-- \/ Yoast SEO plugin. -->","yoast_head_json":{"title":"Kabel mini jack 3,5mm UGREEN AV112, AUX, 2m - Mix Market - Supermarket z wszystkim co potrzeba","robots":{"index":"index","follow":"follow","max-snippet":"max-snippet:-1","max-image-preview":"max-image-preview:large","max-video-preview":"max-video-preview:-1"},"canonical":"https:\/\/racom.com.pl\/index.php\/produkt\/kabel-mini-jack-35mm-ugreen-av112-aux-2m\/","og_locale":"pl_PL","og_type":"article","og_title":"Kabel mini jack 3,5mm UGREEN AV112, AUX, 2m - Mix Market - Supermarket z wszystkim co potrzeba","og_description":"Kabel mini jack 3,5mm UGREEN AV112, AUX, 2m Kabel mini jack 3,5 mm UGREEN AV112 Kabel mini jack UGREEN AV112 pozwoli Ci cieszy\u0107 si\u0119 prawdziw\u0105 muzyczn\u0105 uczt\u0105. Kompatybilny z wi\u0119kszo\u015bci\u0105 urz\u0105dze\u0144 wyposa\u017conych w port audio 3,5 mm &#8211; bez problemu wykorzystasz go do po\u0142\u0105czenia g\u0142o\u015bnika z laptopem lub smartfona z radiem samochodowym. Wykonany z doskona\u0142ej [&hellip;]","og_url":"https:\/\/racom.com.pl\/index.php\/produkt\/kabel-mini-jack-35mm-ugreen-av112-aux-2m\/","og_site_name":"Mix Market - Supermarket z wszystkim co potrzeba","og_image":[{"width":800,"height":800,"url":"https:\/\/racom.com.pl\/wp-content\/uploads\/2025\/07\/allegro_687a6c15b836a5.91093630_f9c226794e95a98131b1be4cffe0.jpg","type":"image\/jpeg"}],"twitter_card":"summary_large_image","twitter_misc":{"Szacowany czas czytania":"1 minuta"},"schema":{"@context":"https:\/\/schema.org","@graph":[{"@type":"WebPage","@id":"https:\/\/racom.com.pl\/index.php\/produkt\/kabel-mini-jack-35mm-ugreen-av112-aux-2m\/","url":"https:\/\/racom.com.pl\/index.php\/produkt\/kabel-mini-jack-35mm-ugreen-av112-aux-2m\/","name":"Kabel mini jack 3,5mm UGREEN AV112, AUX, 2m - Mix Market - Supermarket z wszystkim co potrzeba","isPartOf":{"@id":"https:\/\/racom.com.pl\/#website"},"primaryImageOfPage":{"@id":"https:\/\/racom.com.pl\/index.php\/produkt\/kabel-mini-jack-35mm-ugreen-av112-aux-2m\/#primaryimage"},"image":{"@id":"https:\/\/racom.com.pl\/index.php\/produkt\/kabel-mini-jack-35mm-ugreen-av112-aux-2m\/#primaryimage"},"thumbnailUrl":"https:\/\/racom.com.pl\/wp-content\/uploads\/2025\/07\/allegro_687a6c15b836a5.91093630_f9c226794e95a98131b1be4cffe0.jpg","datePublished":"2025-07-18T15:45:04+00:00","breadcrumb":{"@id":"https:\/\/racom.com.pl\/index.php\/produkt\/kabel-mini-jack-35mm-ugreen-av112-aux-2m\/#breadcrumb"},"inLanguage":"pl-PL","potentialAction":[{"@type":"ReadAction","target":["https:\/\/racom.com.pl\/index.php\/produkt\/kabel-mini-jack-35mm-ugreen-av112-aux-2m\/"]}]},{"@type":"ImageObject","inLanguage":"pl-PL","@id":"https:\/\/racom.com.pl\/index.php\/produkt\/kabel-mini-jack-35mm-ugreen-av112-aux-2m\/#primaryimage","url":"https:\/\/racom.com.pl\/wp-content\/uploads\/2025\/07\/allegro_687a6c15b836a5.91093630_f9c226794e95a98131b1be4cffe0.jpg","contentUrl":"https:\/\/racom.com.pl\/wp-content\/uploads\/2025\/07\/allegro_687a6c15b836a5.91093630_f9c226794e95a98131b1be4cffe0.jpg","width":800,"height":800},{"@type":"BreadcrumbList","@id":"https:\/\/racom.com.pl\/index.php\/produkt\/kabel-mini-jack-35mm-ugreen-av112-aux-2m\/#breadcrumb","itemListElement":[{"@type":"ListItem","position":1,"name":"Strona g\u0142\u00f3wna","item":"https:\/\/racom.com.pl\/"},{"@type":"ListItem","position":2,"name":"Sklep","item":"https:\/\/racom.com.pl\/"},{"@type":"ListItem","position":3,"name":"Kabel mini jack 3,5mm UGREEN AV112, AUX, 2m"}]},{"@type":"WebSite","@id":"https:\/\/racom.com.pl\/#website","url":"https:\/\/racom.com.pl\/","name":"Mix Market - Supermarket z wszystkim co potrzeba do domu i nie tylko","description":"","publisher":{"@id":"https:\/\/racom.com.pl\/#organization"},"potentialAction":[{"@type":"SearchAction","target":{"@type":"EntryPoint","urlTemplate":"https:\/\/racom.com.pl\/?s={search_term_string}"},"query-input":{"@type":"PropertyValueSpecification","valueRequired":true,"valueName":"search_term_string"}}],"inLanguage":"pl-PL"},{"@type":"Organization","@id":"https:\/\/racom.com.pl\/#organization","name":"Mix Market - Supermarket z wszystkim co potrzeba do domu i nie tylko","url":"https:\/\/racom.com.pl\/","logo":{"@type":"ImageObject","inLanguage":"pl-PL","@id":"https:\/\/racom.com.pl\/#\/schema\/logo\/image\/","url":"https:\/\/racom.com.pl\/wp-content\/uploads\/2025\/07\/mixmarket_logo.png","contentUrl":"https:\/\/racom.com.pl\/wp-content\/uploads\/2025\/07\/mixmarket_logo.png","width":1024,"height":1024,"caption":"Mix Market - Supermarket z wszystkim co potrzeba do domu i nie tylko"},"image":{"@id":"https:\/\/racom.com.pl\/#\/schema\/logo\/image\/"}}]}},"_links":{"self":[{"href":"https:\/\/racom.com.pl\/index.php\/wp-json\/wp\/v2\/product\/608","targetHints":{"allow":["GET"]}}],"collection":[{"href":"https:\/\/racom.com.pl\/index.php\/wp-json\/wp\/v2\/product"}],"about":[{"href":"https:\/\/racom.com.pl\/index.php\/wp-json\/wp\/v2\/types\/product"}],"replies":[{"embeddable":true,"href":"https:\/\/racom.com.pl\/index.php\/wp-json\/wp\/v2\/comments?post=608"}],"wp:featuredmedia":[{"embeddable":true,"href":"https:\/\/racom.com.pl\/index.php\/wp-json\/wp\/v2\/media\/610"}],"wp:attachment":[{"href":"https:\/\/racom.com.pl\/index.php\/wp-json\/wp\/v2\/media?parent=608"}],"wp:term":[{"taxonomy":"product_brand","embeddable":true,"href":"https:\/\/racom.com.pl\/index.php\/wp-json\/wp\/v2\/product_brand?post=608"},{"taxonomy":"product_cat","embeddable":true,"href":"https:\/\/racom.com.pl\/index.php\/wp-json\/wp\/v2\/product_cat?post=608"},{"taxonomy":"product_tag","embeddable":true,"href":"https:\/\/racom.com.pl\/index.php\/wp-json\/wp\/v2\/product_tag?post=608"}],"curies":[{"name":"wp","href":"https:\/\/api.w.org\/{rel}","templated":true}]}}