{"id":611,"date":"2025-07-18T17:45:33","date_gmt":"2025-07-18T15:45:33","guid":{"rendered":"http:\/\/192.168.2.106\/index.php\/produkt\/ugreen-av118-przedluzacz-audio-aux-jack-35-mm-2m\/"},"modified":"2025-07-18T17:45:33","modified_gmt":"2025-07-18T15:45:33","slug":"ugreen-av118-przedluzacz-audio-aux-jack-35-mm-2m","status":"publish","type":"product","link":"https:\/\/racom.com.pl\/index.php\/produkt\/ugreen-av118-przedluzacz-audio-aux-jack-35-mm-2m\/","title":{"rendered":"UGREEN AV118 Przed\u0142u\u017cacz audio AUX jack 3,5 mm, 2m"},"content":{"rendered":"<h2>UGREEN AV118 Przed\u0142u\u017cacz audio AUX jack 3,5 mm, 2m<\/h2>\n<p>\nPrzed\u0142u\u017cacz audio 3,5 mm UGREEN AV118\n<\/p>\n<p>Przed\u0142u\u017cacz audio UGREEN AV118 sprawi, \u017ce zbyt kr\u00f3tki kabel s\u0142uchawek czy g\u0142o\u015bnik\u00f3w nie b\u0119dzie ju\u017c Twoim problemem. Produkt jest kompatybilny z wi\u0119kszo\u015bci\u0105 sprz\u0119t\u00f3w wyposa\u017conych w port 3,5 mm. Wykonany z doskona\u0142ej jako\u015bci materia\u0142\u00f3w &#8211; zachwyca nie tylko wytrzyma\u0142o\u015bci\u0105, ale te\u017c jako\u015bci\u0105 d\u017awi\u0119ku na poziomie Hi-Fi.<\/p>\n<p>\u00a0<\/p>\n<p>\nSzeroka kompatybilno\u015b\u0107\n<\/p>\n<p>Nie obawiaj si\u0119 problem\u00f3w z kompatybilno\u015bci\u0105 przed\u0142u\u017cacza. Bez najmniejszego nawet problemu pod\u0142\u0105czysz do niego swoje s\u0142uchawki, g\u0142o\u015bnik czy zestaw stereo. Z\u0142\u0105cze 3,5 mm jest natomiast kompatybilne z wi\u0119kszo\u015bci\u0105 smartfon\u00f3w, tablet\u00f3w, komputer\u00f3w i laptop\u00f3w.<\/p>\n<p>\u00a0<\/p>\n<p>\nAudio na najwy\u017cszym poziomie\n<\/p>\n<p>Przew\u00f3d wykonany z emaliowanej miedzi zapewnia doskona\u0142\u0105 jako\u015b\u0107 d\u017awi\u0119ku. Z kolei poz\u0142acane z\u0142\u0105cze gwarantuje b\u0142yskawiczn\u0105, stabiln\u0105 transmisj\u0119.\u00a0Wtyk jest 4-biegunowy, co oznacza, \u017ce przed\u0142u\u017cacz charakteryzuje si\u0119 zwi\u0119kszon\u0105 kompatybilno\u015bci\u0105. Chroni go gwintowana, metalowa obudowa, kt\u00f3ra pozwala jednocze\u015bnie t\u0142umi\u0107 wybrane d\u017awi\u0119ki z otoczenia.<\/p>\n<p>\u00a0<\/p>\n<p>\nB\u0119dzie Ci s\u0142u\u017cy\u0142 przez d\u0142ugi czas\n<\/p>\n<p>Przed\u0142u\u017cacz jest r\u00f3wnie\u017c niesamowicie trwa\u0142y. Jego pleciona pow\u0142oka jest odporna na r\u00f3\u017cnego rodzaju uszkodzenia mechaniczne. Zapobiega te\u017c pl\u0105taniu si\u0119 kabla. Produkt zosta\u0142 zaprojektowany w taki spos\u00f3b, aby wyr\u00f3\u017cnia\u0142 si\u0119 niezr\u00f3wnan\u0105 wytrzyma\u0142o\u015bci\u0105 &#8211; niestraszne mu ci\u0105gni\u0119cie czy zginanie.<\/p>\n<p>\u00a0<\/p>\n<p>\nSpecyfikacja\n<\/p>\n<p>\u00a0<\/p>\n<p>\nProducent<br \/>\nUGREEN<br \/>\nModel<br \/>\nAV118<br \/>\nD\u0142ugo\u015b\u0107<br \/>\n2 m<br \/>\nRdze\u0144<br \/>\nEmaliowana mied\u017a<br \/>\nPow\u0142oka<br \/>\nOplot<br \/>\nObudowa<br \/>\nGwintowany metal<br \/>\nZ\u0142\u0105cze<br \/>\nPoz\u0142acane 24K\n<\/p>\n<p>\u00a0<\/p>\n<p>\u00a0<\/p>\n<p>Opakowanie jest integraln\u0105 cz\u0119\u015bci\u0105 produktu.<\/p>\n<p>Pokrowce\/etui do telefon\u00f3w i tablet\u00f3w to cz\u0119sto zdj\u0119cie pogl\u0105dowe. W rzeczywisto\u015bci otrzymuj\u0105 Pa\u0144stwo futera\u0142 dopasowany do danego modelu urz\u0105dzenia z poprawnie rozmieszczonymi otworami na kamer\u0119\/aparat czy przyciski boczne.<\/p>\n<p>W przypadku baterii do telefon\u00f3w (zamiennik\u00f3w) zdj\u0119cie mo\u017ce by\u0107 zdj\u0119ciem pogl\u0105dowym. Po zakupie otrzymaj\u0105 Pa\u0144stwo produkt kompatybilny z danym urz\u0105dzeniem.<\/p>\n<p>Zdj\u0119cia produkt\u00f3w takich jak Szk\u0142a hartowane i folie ochronne na telefony\/tablety r\u00f3wnie\u017c mog\u0105 by\u0107 zdj\u0119ciami pogl\u0105dowymi.<\/p>\n","protected":false},"excerpt":{"rendered":"<p>UGREEN AV118 Przed\u0142u\u017cacz audio AUX jack 3,5 mm, 2m Przed\u0142u\u017cacz audio 3,5 mm UGREEN AV118 Przed\u0142u\u017cacz audio UGREEN AV118 sprawi, \u017ce zbyt kr\u00f3tki kabel s\u0142uchawek czy g\u0142o\u015bnik\u00f3w nie b\u0119dzie ju\u017c Twoim problemem. Produkt jest kompatybilny z wi\u0119kszo\u015bci\u0105 sprz\u0119t\u00f3w wyposa\u017conych w port 3,5 mm. Wykonany z doskona\u0142ej jako\u015bci materia\u0142\u00f3w &#8211; zachwyca nie tylko wytrzyma\u0142o\u015bci\u0105, ale te\u017c [&hellip;]<\/p>\n","protected":false},"featured_media":613,"comment_status":"open","ping_status":"closed","template":"","meta":[],"product_brand":[23],"product_cat":[22],"product_tag":[],"class_list":{"0":"post-611","1":"product","2":"type-product","3":"status-publish","4":"has-post-thumbnail","6":"product_brand-ugreen","7":"product_cat-elektronika","9":"first","10":"instock","11":"taxable","12":"shipping-taxable","13":"purchasable","14":"product-type-simple"},"yoast_head":"<!-- This site is optimized with the Yoast SEO plugin v27.3 - https:\/\/yoast.com\/product\/yoast-seo-wordpress\/ -->\n<title>UGREEN AV118 Przed\u0142u\u017cacz audio AUX jack 3,5 mm, 2m - Mix Market - Supermarket z wszystkim co potrzeba<\/title>\n<meta name=\"robots\" content=\"index, follow, max-snippet:-1, max-image-preview:large, max-video-preview:-1\" \/>\n<link rel=\"canonical\" href=\"https:\/\/racom.com.pl\/index.php\/produkt\/ugreen-av118-przedluzacz-audio-aux-jack-35-mm-2m\/\" \/>\n<meta property=\"og:locale\" content=\"pl_PL\" \/>\n<meta property=\"og:type\" content=\"article\" \/>\n<meta property=\"og:title\" content=\"UGREEN AV118 Przed\u0142u\u017cacz audio AUX jack 3,5 mm, 2m - Mix Market - Supermarket z wszystkim co potrzeba\" \/>\n<meta property=\"og:description\" content=\"UGREEN AV118 Przed\u0142u\u017cacz audio AUX jack 3,5 mm, 2m Przed\u0142u\u017cacz audio 3,5 mm UGREEN AV118 Przed\u0142u\u017cacz audio UGREEN AV118 sprawi, \u017ce zbyt kr\u00f3tki kabel s\u0142uchawek czy g\u0142o\u015bnik\u00f3w nie b\u0119dzie ju\u017c Twoim problemem. Produkt jest kompatybilny z wi\u0119kszo\u015bci\u0105 sprz\u0119t\u00f3w wyposa\u017conych w port 3,5 mm. Wykonany z doskona\u0142ej jako\u015bci materia\u0142\u00f3w &#8211; zachwyca nie tylko wytrzyma\u0142o\u015bci\u0105, ale te\u017c [&hellip;]\" \/>\n<meta property=\"og:url\" content=\"https:\/\/racom.com.pl\/index.php\/produkt\/ugreen-av118-przedluzacz-audio-aux-jack-35-mm-2m\/\" \/>\n<meta property=\"og:site_name\" content=\"Mix Market - Supermarket z wszystkim co potrzeba\" \/>\n<meta property=\"og:image\" content=\"https:\/\/racom.com.pl\/wp-content\/uploads\/2025\/07\/allegro_687a6c2ea45e71.74725633_5237184149d08bb46ca38d4aded5.jpg\" \/>\n\t<meta property=\"og:image:width\" content=\"800\" \/>\n\t<meta property=\"og:image:height\" content=\"800\" \/>\n\t<meta property=\"og:image:type\" content=\"image\/jpeg\" \/>\n<meta name=\"twitter:card\" content=\"summary_large_image\" \/>\n<meta name=\"twitter:label1\" content=\"Szacowany czas czytania\" \/>\n\t<meta name=\"twitter:data1\" content=\"2 minuty\" \/>\n<script type=\"application\/ld+json\" class=\"yoast-schema-graph\">{\"@context\":\"https:\\\/\\\/schema.org\",\"@graph\":[{\"@type\":\"WebPage\",\"@id\":\"https:\\\/\\\/racom.com.pl\\\/index.php\\\/produkt\\\/ugreen-av118-przedluzacz-audio-aux-jack-35-mm-2m\\\/\",\"url\":\"https:\\\/\\\/racom.com.pl\\\/index.php\\\/produkt\\\/ugreen-av118-przedluzacz-audio-aux-jack-35-mm-2m\\\/\",\"name\":\"UGREEN AV118 Przed\u0142u\u017cacz audio AUX jack 3,5 mm, 2m - Mix Market - Supermarket z wszystkim co potrzeba\",\"isPartOf\":{\"@id\":\"https:\\\/\\\/racom.com.pl\\\/#website\"},\"primaryImageOfPage\":{\"@id\":\"https:\\\/\\\/racom.com.pl\\\/index.php\\\/produkt\\\/ugreen-av118-przedluzacz-audio-aux-jack-35-mm-2m\\\/#primaryimage\"},\"image\":{\"@id\":\"https:\\\/\\\/racom.com.pl\\\/index.php\\\/produkt\\\/ugreen-av118-przedluzacz-audio-aux-jack-35-mm-2m\\\/#primaryimage\"},\"thumbnailUrl\":\"https:\\\/\\\/racom.com.pl\\\/wp-content\\\/uploads\\\/2025\\\/07\\\/allegro_687a6c2ea45e71.74725633_5237184149d08bb46ca38d4aded5.jpg\",\"datePublished\":\"2025-07-18T15:45:33+00:00\",\"breadcrumb\":{\"@id\":\"https:\\\/\\\/racom.com.pl\\\/index.php\\\/produkt\\\/ugreen-av118-przedluzacz-audio-aux-jack-35-mm-2m\\\/#breadcrumb\"},\"inLanguage\":\"pl-PL\",\"potentialAction\":[{\"@type\":\"ReadAction\",\"target\":[\"https:\\\/\\\/racom.com.pl\\\/index.php\\\/produkt\\\/ugreen-av118-przedluzacz-audio-aux-jack-35-mm-2m\\\/\"]}]},{\"@type\":\"ImageObject\",\"inLanguage\":\"pl-PL\",\"@id\":\"https:\\\/\\\/racom.com.pl\\\/index.php\\\/produkt\\\/ugreen-av118-przedluzacz-audio-aux-jack-35-mm-2m\\\/#primaryimage\",\"url\":\"https:\\\/\\\/racom.com.pl\\\/wp-content\\\/uploads\\\/2025\\\/07\\\/allegro_687a6c2ea45e71.74725633_5237184149d08bb46ca38d4aded5.jpg\",\"contentUrl\":\"https:\\\/\\\/racom.com.pl\\\/wp-content\\\/uploads\\\/2025\\\/07\\\/allegro_687a6c2ea45e71.74725633_5237184149d08bb46ca38d4aded5.jpg\",\"width\":800,\"height\":800},{\"@type\":\"BreadcrumbList\",\"@id\":\"https:\\\/\\\/racom.com.pl\\\/index.php\\\/produkt\\\/ugreen-av118-przedluzacz-audio-aux-jack-35-mm-2m\\\/#breadcrumb\",\"itemListElement\":[{\"@type\":\"ListItem\",\"position\":1,\"name\":\"Strona g\u0142\u00f3wna\",\"item\":\"https:\\\/\\\/racom.com.pl\\\/\"},{\"@type\":\"ListItem\",\"position\":2,\"name\":\"Sklep\",\"item\":\"https:\\\/\\\/racom.com.pl\\\/\"},{\"@type\":\"ListItem\",\"position\":3,\"name\":\"UGREEN AV118 Przed\u0142u\u017cacz audio AUX jack 3,5 mm, 2m\"}]},{\"@type\":\"WebSite\",\"@id\":\"https:\\\/\\\/racom.com.pl\\\/#website\",\"url\":\"https:\\\/\\\/racom.com.pl\\\/\",\"name\":\"Mix Market - Supermarket z wszystkim co potrzeba do domu i nie tylko\",\"description\":\"\",\"publisher\":{\"@id\":\"https:\\\/\\\/racom.com.pl\\\/#organization\"},\"potentialAction\":[{\"@type\":\"SearchAction\",\"target\":{\"@type\":\"EntryPoint\",\"urlTemplate\":\"https:\\\/\\\/racom.com.pl\\\/?s={search_term_string}\"},\"query-input\":{\"@type\":\"PropertyValueSpecification\",\"valueRequired\":true,\"valueName\":\"search_term_string\"}}],\"inLanguage\":\"pl-PL\"},{\"@type\":\"Organization\",\"@id\":\"https:\\\/\\\/racom.com.pl\\\/#organization\",\"name\":\"Mix Market - Supermarket z wszystkim co potrzeba do domu i nie tylko\",\"url\":\"https:\\\/\\\/racom.com.pl\\\/\",\"logo\":{\"@type\":\"ImageObject\",\"inLanguage\":\"pl-PL\",\"@id\":\"https:\\\/\\\/racom.com.pl\\\/#\\\/schema\\\/logo\\\/image\\\/\",\"url\":\"https:\\\/\\\/racom.com.pl\\\/wp-content\\\/uploads\\\/2025\\\/07\\\/mixmarket_logo.png\",\"contentUrl\":\"https:\\\/\\\/racom.com.pl\\\/wp-content\\\/uploads\\\/2025\\\/07\\\/mixmarket_logo.png\",\"width\":1024,\"height\":1024,\"caption\":\"Mix Market - Supermarket z wszystkim co potrzeba do domu i nie tylko\"},\"image\":{\"@id\":\"https:\\\/\\\/racom.com.pl\\\/#\\\/schema\\\/logo\\\/image\\\/\"}}]}<\/script>\n<!-- \/ Yoast SEO plugin. -->","yoast_head_json":{"title":"UGREEN AV118 Przed\u0142u\u017cacz audio AUX jack 3,5 mm, 2m - Mix Market - Supermarket z wszystkim co potrzeba","robots":{"index":"index","follow":"follow","max-snippet":"max-snippet:-1","max-image-preview":"max-image-preview:large","max-video-preview":"max-video-preview:-1"},"canonical":"https:\/\/racom.com.pl\/index.php\/produkt\/ugreen-av118-przedluzacz-audio-aux-jack-35-mm-2m\/","og_locale":"pl_PL","og_type":"article","og_title":"UGREEN AV118 Przed\u0142u\u017cacz audio AUX jack 3,5 mm, 2m - Mix Market - Supermarket z wszystkim co potrzeba","og_description":"UGREEN AV118 Przed\u0142u\u017cacz audio AUX jack 3,5 mm, 2m Przed\u0142u\u017cacz audio 3,5 mm UGREEN AV118 Przed\u0142u\u017cacz audio UGREEN AV118 sprawi, \u017ce zbyt kr\u00f3tki kabel s\u0142uchawek czy g\u0142o\u015bnik\u00f3w nie b\u0119dzie ju\u017c Twoim problemem. Produkt jest kompatybilny z wi\u0119kszo\u015bci\u0105 sprz\u0119t\u00f3w wyposa\u017conych w port 3,5 mm. Wykonany z doskona\u0142ej jako\u015bci materia\u0142\u00f3w &#8211; zachwyca nie tylko wytrzyma\u0142o\u015bci\u0105, ale te\u017c [&hellip;]","og_url":"https:\/\/racom.com.pl\/index.php\/produkt\/ugreen-av118-przedluzacz-audio-aux-jack-35-mm-2m\/","og_site_name":"Mix Market - Supermarket z wszystkim co potrzeba","og_image":[{"width":800,"height":800,"url":"https:\/\/racom.com.pl\/wp-content\/uploads\/2025\/07\/allegro_687a6c2ea45e71.74725633_5237184149d08bb46ca38d4aded5.jpg","type":"image\/jpeg"}],"twitter_card":"summary_large_image","twitter_misc":{"Szacowany czas czytania":"2 minuty"},"schema":{"@context":"https:\/\/schema.org","@graph":[{"@type":"WebPage","@id":"https:\/\/racom.com.pl\/index.php\/produkt\/ugreen-av118-przedluzacz-audio-aux-jack-35-mm-2m\/","url":"https:\/\/racom.com.pl\/index.php\/produkt\/ugreen-av118-przedluzacz-audio-aux-jack-35-mm-2m\/","name":"UGREEN AV118 Przed\u0142u\u017cacz audio AUX jack 3,5 mm, 2m - Mix Market - Supermarket z wszystkim co potrzeba","isPartOf":{"@id":"https:\/\/racom.com.pl\/#website"},"primaryImageOfPage":{"@id":"https:\/\/racom.com.pl\/index.php\/produkt\/ugreen-av118-przedluzacz-audio-aux-jack-35-mm-2m\/#primaryimage"},"image":{"@id":"https:\/\/racom.com.pl\/index.php\/produkt\/ugreen-av118-przedluzacz-audio-aux-jack-35-mm-2m\/#primaryimage"},"thumbnailUrl":"https:\/\/racom.com.pl\/wp-content\/uploads\/2025\/07\/allegro_687a6c2ea45e71.74725633_5237184149d08bb46ca38d4aded5.jpg","datePublished":"2025-07-18T15:45:33+00:00","breadcrumb":{"@id":"https:\/\/racom.com.pl\/index.php\/produkt\/ugreen-av118-przedluzacz-audio-aux-jack-35-mm-2m\/#breadcrumb"},"inLanguage":"pl-PL","potentialAction":[{"@type":"ReadAction","target":["https:\/\/racom.com.pl\/index.php\/produkt\/ugreen-av118-przedluzacz-audio-aux-jack-35-mm-2m\/"]}]},{"@type":"ImageObject","inLanguage":"pl-PL","@id":"https:\/\/racom.com.pl\/index.php\/produkt\/ugreen-av118-przedluzacz-audio-aux-jack-35-mm-2m\/#primaryimage","url":"https:\/\/racom.com.pl\/wp-content\/uploads\/2025\/07\/allegro_687a6c2ea45e71.74725633_5237184149d08bb46ca38d4aded5.jpg","contentUrl":"https:\/\/racom.com.pl\/wp-content\/uploads\/2025\/07\/allegro_687a6c2ea45e71.74725633_5237184149d08bb46ca38d4aded5.jpg","width":800,"height":800},{"@type":"BreadcrumbList","@id":"https:\/\/racom.com.pl\/index.php\/produkt\/ugreen-av118-przedluzacz-audio-aux-jack-35-mm-2m\/#breadcrumb","itemListElement":[{"@type":"ListItem","position":1,"name":"Strona g\u0142\u00f3wna","item":"https:\/\/racom.com.pl\/"},{"@type":"ListItem","position":2,"name":"Sklep","item":"https:\/\/racom.com.pl\/"},{"@type":"ListItem","position":3,"name":"UGREEN AV118 Przed\u0142u\u017cacz audio AUX jack 3,5 mm, 2m"}]},{"@type":"WebSite","@id":"https:\/\/racom.com.pl\/#website","url":"https:\/\/racom.com.pl\/","name":"Mix Market - Supermarket z wszystkim co potrzeba do domu i nie tylko","description":"","publisher":{"@id":"https:\/\/racom.com.pl\/#organization"},"potentialAction":[{"@type":"SearchAction","target":{"@type":"EntryPoint","urlTemplate":"https:\/\/racom.com.pl\/?s={search_term_string}"},"query-input":{"@type":"PropertyValueSpecification","valueRequired":true,"valueName":"search_term_string"}}],"inLanguage":"pl-PL"},{"@type":"Organization","@id":"https:\/\/racom.com.pl\/#organization","name":"Mix Market - Supermarket z wszystkim co potrzeba do domu i nie tylko","url":"https:\/\/racom.com.pl\/","logo":{"@type":"ImageObject","inLanguage":"pl-PL","@id":"https:\/\/racom.com.pl\/#\/schema\/logo\/image\/","url":"https:\/\/racom.com.pl\/wp-content\/uploads\/2025\/07\/mixmarket_logo.png","contentUrl":"https:\/\/racom.com.pl\/wp-content\/uploads\/2025\/07\/mixmarket_logo.png","width":1024,"height":1024,"caption":"Mix Market - Supermarket z wszystkim co potrzeba do domu i nie tylko"},"image":{"@id":"https:\/\/racom.com.pl\/#\/schema\/logo\/image\/"}}]}},"_links":{"self":[{"href":"https:\/\/racom.com.pl\/index.php\/wp-json\/wp\/v2\/product\/611","targetHints":{"allow":["GET"]}}],"collection":[{"href":"https:\/\/racom.com.pl\/index.php\/wp-json\/wp\/v2\/product"}],"about":[{"href":"https:\/\/racom.com.pl\/index.php\/wp-json\/wp\/v2\/types\/product"}],"replies":[{"embeddable":true,"href":"https:\/\/racom.com.pl\/index.php\/wp-json\/wp\/v2\/comments?post=611"}],"wp:featuredmedia":[{"embeddable":true,"href":"https:\/\/racom.com.pl\/index.php\/wp-json\/wp\/v2\/media\/613"}],"wp:attachment":[{"href":"https:\/\/racom.com.pl\/index.php\/wp-json\/wp\/v2\/media?parent=611"}],"wp:term":[{"taxonomy":"product_brand","embeddable":true,"href":"https:\/\/racom.com.pl\/index.php\/wp-json\/wp\/v2\/product_brand?post=611"},{"taxonomy":"product_cat","embeddable":true,"href":"https:\/\/racom.com.pl\/index.php\/wp-json\/wp\/v2\/product_cat?post=611"},{"taxonomy":"product_tag","embeddable":true,"href":"https:\/\/racom.com.pl\/index.php\/wp-json\/wp\/v2\/product_tag?post=611"}],"curies":[{"name":"wp","href":"https:\/\/api.w.org\/{rel}","templated":true}]}}