{"id":638,"date":"2025-07-18T17:52:15","date_gmt":"2025-07-18T15:52:15","guid":{"rendered":"http:\/\/192.168.2.106\/index.php\/produkt\/mercury-futeral-plecki-samsung-galaxy-a8-2018-a530\/"},"modified":"2025-07-18T17:52:15","modified_gmt":"2025-07-18T15:52:15","slug":"mercury-futeral-plecki-samsung-galaxy-a8-2018-a530","status":"publish","type":"product","link":"https:\/\/racom.com.pl\/index.php\/produkt\/mercury-futeral-plecki-samsung-galaxy-a8-2018-a530\/","title":{"rendered":"MERCURY Futera\u0142 plecki Samsung Galaxy A8 2018 A530"},"content":{"rendered":"<h2>Futera\u0142 plecki Samsung Galaxy A8 2018 (A530)<\/h2>\n<p><b>Futera\u0142l doskonale dopasowuje si\u0119 do kszta\u0142tu urz\u0105dzenia, a dzi\u0119ki wysokiej elastyczno\u015bci nie ulegaj\u0105 p\u0119kni\u0119ciom.<\/b><\/p>\n<p>Posiada wyci\u0119cia na przyciski funkcyjne telefonu,co umo\u017cliwia swobodne korzystanie z urz\u0105dzenia bez konieczno\u015bci wyjmowania go z futera\u0142u.<\/p>\n<p>Materia\u0142, z jakiego wykonane s\u0105 futera\u0142y, jest odporny na zarysowania I uszkodzenia, dzi\u0119ki czemu zapewnia odpowiedni\u0105 ochron\u0119 urz\u0105dzenia, a elegancki design zapewnia wyj\u0105tkowy wygl\u0105d telefonu.<\/p>\n<p>Pokrowce\/etui do telefon\u00f3w i tablet\u00f3w to cz\u0119sto zdj\u0119cie pogl\u0105dowe. W rzeczywisto\u015bci otrzymuj\u0105 Pa\u0144stwo futera\u0142 dopasowany do danego modelu urz\u0105dzenia z poprawnie rozmieszczonymi otworami na kamer\u0119\/aparat czy przyciski boczne.<\/p>\n","protected":false},"excerpt":{"rendered":"<p>Futera\u0142 plecki Samsung Galaxy A8 2018 (A530) Futera\u0142l doskonale dopasowuje si\u0119 do kszta\u0142tu urz\u0105dzenia, a dzi\u0119ki wysokiej elastyczno\u015bci nie ulegaj\u0105 p\u0119kni\u0119ciom. Posiada wyci\u0119cia na przyciski funkcyjne telefonu,co umo\u017cliwia swobodne korzystanie z urz\u0105dzenia bez konieczno\u015bci wyjmowania go z futera\u0142u. Materia\u0142, z jakiego wykonane s\u0105 futera\u0142y, jest odporny na zarysowania I uszkodzenia, dzi\u0119ki czemu zapewnia odpowiedni\u0105 ochron\u0119 [&hellip;]<\/p>\n","protected":false},"featured_media":640,"comment_status":"open","ping_status":"closed","template":"","meta":[],"product_brand":[58],"product_cat":[26],"product_tag":[],"class_list":{"0":"post-638","1":"product","2":"type-product","3":"status-publish","4":"has-post-thumbnail","6":"product_brand-mercury","7":"product_cat-akcesoria-gsm","9":"first","10":"instock","11":"taxable","12":"shipping-taxable","13":"purchasable","14":"product-type-simple"},"yoast_head":"<!-- This site is optimized with the Yoast SEO plugin v27.3 - https:\/\/yoast.com\/product\/yoast-seo-wordpress\/ -->\n<title>MERCURY Futera\u0142 plecki Samsung Galaxy A8 2018 A530 - Mix Market - Supermarket z wszystkim co potrzeba<\/title>\n<meta name=\"robots\" content=\"index, follow, max-snippet:-1, max-image-preview:large, max-video-preview:-1\" \/>\n<link rel=\"canonical\" href=\"https:\/\/racom.com.pl\/index.php\/produkt\/mercury-futeral-plecki-samsung-galaxy-a8-2018-a530\/\" \/>\n<meta property=\"og:locale\" content=\"pl_PL\" \/>\n<meta property=\"og:type\" content=\"article\" \/>\n<meta property=\"og:title\" content=\"MERCURY Futera\u0142 plecki Samsung Galaxy A8 2018 A530 - Mix Market - Supermarket z wszystkim co potrzeba\" \/>\n<meta property=\"og:description\" content=\"Futera\u0142 plecki Samsung Galaxy A8 2018 (A530) Futera\u0142l doskonale dopasowuje si\u0119 do kszta\u0142tu urz\u0105dzenia, a dzi\u0119ki wysokiej elastyczno\u015bci nie ulegaj\u0105 p\u0119kni\u0119ciom. Posiada wyci\u0119cia na przyciski funkcyjne telefonu,co umo\u017cliwia swobodne korzystanie z urz\u0105dzenia bez konieczno\u015bci wyjmowania go z futera\u0142u. Materia\u0142, z jakiego wykonane s\u0105 futera\u0142y, jest odporny na zarysowania I uszkodzenia, dzi\u0119ki czemu zapewnia odpowiedni\u0105 ochron\u0119 [&hellip;]\" \/>\n<meta property=\"og:url\" content=\"https:\/\/racom.com.pl\/index.php\/produkt\/mercury-futeral-plecki-samsung-galaxy-a8-2018-a530\/\" \/>\n<meta property=\"og:site_name\" content=\"Mix Market - Supermarket z wszystkim co potrzeba\" \/>\n<meta property=\"og:image\" content=\"https:\/\/racom.com.pl\/wp-content\/uploads\/2025\/07\/allegro_687a6dbd226252.19019832_3ec3c9fa4a98a6162474c2ba4087.jpg\" \/>\n\t<meta property=\"og:image:width\" content=\"530\" \/>\n\t<meta property=\"og:image:height\" content=\"530\" \/>\n\t<meta property=\"og:image:type\" content=\"image\/jpeg\" \/>\n<meta name=\"twitter:card\" content=\"summary_large_image\" \/>\n<meta name=\"twitter:label1\" content=\"Szacowany czas czytania\" \/>\n\t<meta name=\"twitter:data1\" content=\"1 minuta\" \/>\n<script type=\"application\/ld+json\" class=\"yoast-schema-graph\">{\"@context\":\"https:\\\/\\\/schema.org\",\"@graph\":[{\"@type\":\"WebPage\",\"@id\":\"https:\\\/\\\/racom.com.pl\\\/index.php\\\/produkt\\\/mercury-futeral-plecki-samsung-galaxy-a8-2018-a530\\\/\",\"url\":\"https:\\\/\\\/racom.com.pl\\\/index.php\\\/produkt\\\/mercury-futeral-plecki-samsung-galaxy-a8-2018-a530\\\/\",\"name\":\"MERCURY Futera\u0142 plecki Samsung Galaxy A8 2018 A530 - Mix Market - Supermarket z wszystkim co potrzeba\",\"isPartOf\":{\"@id\":\"https:\\\/\\\/racom.com.pl\\\/#website\"},\"primaryImageOfPage\":{\"@id\":\"https:\\\/\\\/racom.com.pl\\\/index.php\\\/produkt\\\/mercury-futeral-plecki-samsung-galaxy-a8-2018-a530\\\/#primaryimage\"},\"image\":{\"@id\":\"https:\\\/\\\/racom.com.pl\\\/index.php\\\/produkt\\\/mercury-futeral-plecki-samsung-galaxy-a8-2018-a530\\\/#primaryimage\"},\"thumbnailUrl\":\"https:\\\/\\\/racom.com.pl\\\/wp-content\\\/uploads\\\/2025\\\/07\\\/allegro_687a6dbd226252.19019832_3ec3c9fa4a98a6162474c2ba4087.jpg\",\"datePublished\":\"2025-07-18T15:52:15+00:00\",\"breadcrumb\":{\"@id\":\"https:\\\/\\\/racom.com.pl\\\/index.php\\\/produkt\\\/mercury-futeral-plecki-samsung-galaxy-a8-2018-a530\\\/#breadcrumb\"},\"inLanguage\":\"pl-PL\",\"potentialAction\":[{\"@type\":\"ReadAction\",\"target\":[\"https:\\\/\\\/racom.com.pl\\\/index.php\\\/produkt\\\/mercury-futeral-plecki-samsung-galaxy-a8-2018-a530\\\/\"]}]},{\"@type\":\"ImageObject\",\"inLanguage\":\"pl-PL\",\"@id\":\"https:\\\/\\\/racom.com.pl\\\/index.php\\\/produkt\\\/mercury-futeral-plecki-samsung-galaxy-a8-2018-a530\\\/#primaryimage\",\"url\":\"https:\\\/\\\/racom.com.pl\\\/wp-content\\\/uploads\\\/2025\\\/07\\\/allegro_687a6dbd226252.19019832_3ec3c9fa4a98a6162474c2ba4087.jpg\",\"contentUrl\":\"https:\\\/\\\/racom.com.pl\\\/wp-content\\\/uploads\\\/2025\\\/07\\\/allegro_687a6dbd226252.19019832_3ec3c9fa4a98a6162474c2ba4087.jpg\",\"width\":530,\"height\":530},{\"@type\":\"BreadcrumbList\",\"@id\":\"https:\\\/\\\/racom.com.pl\\\/index.php\\\/produkt\\\/mercury-futeral-plecki-samsung-galaxy-a8-2018-a530\\\/#breadcrumb\",\"itemListElement\":[{\"@type\":\"ListItem\",\"position\":1,\"name\":\"Strona g\u0142\u00f3wna\",\"item\":\"https:\\\/\\\/racom.com.pl\\\/\"},{\"@type\":\"ListItem\",\"position\":2,\"name\":\"Sklep\",\"item\":\"https:\\\/\\\/racom.com.pl\\\/\"},{\"@type\":\"ListItem\",\"position\":3,\"name\":\"MERCURY Futera\u0142 plecki Samsung Galaxy A8 2018 A530\"}]},{\"@type\":\"WebSite\",\"@id\":\"https:\\\/\\\/racom.com.pl\\\/#website\",\"url\":\"https:\\\/\\\/racom.com.pl\\\/\",\"name\":\"Mix Market - Supermarket z wszystkim co potrzeba do domu i nie tylko\",\"description\":\"\",\"publisher\":{\"@id\":\"https:\\\/\\\/racom.com.pl\\\/#organization\"},\"potentialAction\":[{\"@type\":\"SearchAction\",\"target\":{\"@type\":\"EntryPoint\",\"urlTemplate\":\"https:\\\/\\\/racom.com.pl\\\/?s={search_term_string}\"},\"query-input\":{\"@type\":\"PropertyValueSpecification\",\"valueRequired\":true,\"valueName\":\"search_term_string\"}}],\"inLanguage\":\"pl-PL\"},{\"@type\":\"Organization\",\"@id\":\"https:\\\/\\\/racom.com.pl\\\/#organization\",\"name\":\"Mix Market - Supermarket z wszystkim co potrzeba do domu i nie tylko\",\"url\":\"https:\\\/\\\/racom.com.pl\\\/\",\"logo\":{\"@type\":\"ImageObject\",\"inLanguage\":\"pl-PL\",\"@id\":\"https:\\\/\\\/racom.com.pl\\\/#\\\/schema\\\/logo\\\/image\\\/\",\"url\":\"https:\\\/\\\/racom.com.pl\\\/wp-content\\\/uploads\\\/2025\\\/07\\\/mixmarket_logo.png\",\"contentUrl\":\"https:\\\/\\\/racom.com.pl\\\/wp-content\\\/uploads\\\/2025\\\/07\\\/mixmarket_logo.png\",\"width\":1024,\"height\":1024,\"caption\":\"Mix Market - Supermarket z wszystkim co potrzeba do domu i nie tylko\"},\"image\":{\"@id\":\"https:\\\/\\\/racom.com.pl\\\/#\\\/schema\\\/logo\\\/image\\\/\"}}]}<\/script>\n<!-- \/ Yoast SEO plugin. -->","yoast_head_json":{"title":"MERCURY Futera\u0142 plecki Samsung Galaxy A8 2018 A530 - Mix Market - Supermarket z wszystkim co potrzeba","robots":{"index":"index","follow":"follow","max-snippet":"max-snippet:-1","max-image-preview":"max-image-preview:large","max-video-preview":"max-video-preview:-1"},"canonical":"https:\/\/racom.com.pl\/index.php\/produkt\/mercury-futeral-plecki-samsung-galaxy-a8-2018-a530\/","og_locale":"pl_PL","og_type":"article","og_title":"MERCURY Futera\u0142 plecki Samsung Galaxy A8 2018 A530 - Mix Market - Supermarket z wszystkim co potrzeba","og_description":"Futera\u0142 plecki Samsung Galaxy A8 2018 (A530) Futera\u0142l doskonale dopasowuje si\u0119 do kszta\u0142tu urz\u0105dzenia, a dzi\u0119ki wysokiej elastyczno\u015bci nie ulegaj\u0105 p\u0119kni\u0119ciom. Posiada wyci\u0119cia na przyciski funkcyjne telefonu,co umo\u017cliwia swobodne korzystanie z urz\u0105dzenia bez konieczno\u015bci wyjmowania go z futera\u0142u. Materia\u0142, z jakiego wykonane s\u0105 futera\u0142y, jest odporny na zarysowania I uszkodzenia, dzi\u0119ki czemu zapewnia odpowiedni\u0105 ochron\u0119 [&hellip;]","og_url":"https:\/\/racom.com.pl\/index.php\/produkt\/mercury-futeral-plecki-samsung-galaxy-a8-2018-a530\/","og_site_name":"Mix Market - Supermarket z wszystkim co potrzeba","og_image":[{"width":530,"height":530,"url":"https:\/\/racom.com.pl\/wp-content\/uploads\/2025\/07\/allegro_687a6dbd226252.19019832_3ec3c9fa4a98a6162474c2ba4087.jpg","type":"image\/jpeg"}],"twitter_card":"summary_large_image","twitter_misc":{"Szacowany czas czytania":"1 minuta"},"schema":{"@context":"https:\/\/schema.org","@graph":[{"@type":"WebPage","@id":"https:\/\/racom.com.pl\/index.php\/produkt\/mercury-futeral-plecki-samsung-galaxy-a8-2018-a530\/","url":"https:\/\/racom.com.pl\/index.php\/produkt\/mercury-futeral-plecki-samsung-galaxy-a8-2018-a530\/","name":"MERCURY Futera\u0142 plecki Samsung Galaxy A8 2018 A530 - Mix Market - Supermarket z wszystkim co potrzeba","isPartOf":{"@id":"https:\/\/racom.com.pl\/#website"},"primaryImageOfPage":{"@id":"https:\/\/racom.com.pl\/index.php\/produkt\/mercury-futeral-plecki-samsung-galaxy-a8-2018-a530\/#primaryimage"},"image":{"@id":"https:\/\/racom.com.pl\/index.php\/produkt\/mercury-futeral-plecki-samsung-galaxy-a8-2018-a530\/#primaryimage"},"thumbnailUrl":"https:\/\/racom.com.pl\/wp-content\/uploads\/2025\/07\/allegro_687a6dbd226252.19019832_3ec3c9fa4a98a6162474c2ba4087.jpg","datePublished":"2025-07-18T15:52:15+00:00","breadcrumb":{"@id":"https:\/\/racom.com.pl\/index.php\/produkt\/mercury-futeral-plecki-samsung-galaxy-a8-2018-a530\/#breadcrumb"},"inLanguage":"pl-PL","potentialAction":[{"@type":"ReadAction","target":["https:\/\/racom.com.pl\/index.php\/produkt\/mercury-futeral-plecki-samsung-galaxy-a8-2018-a530\/"]}]},{"@type":"ImageObject","inLanguage":"pl-PL","@id":"https:\/\/racom.com.pl\/index.php\/produkt\/mercury-futeral-plecki-samsung-galaxy-a8-2018-a530\/#primaryimage","url":"https:\/\/racom.com.pl\/wp-content\/uploads\/2025\/07\/allegro_687a6dbd226252.19019832_3ec3c9fa4a98a6162474c2ba4087.jpg","contentUrl":"https:\/\/racom.com.pl\/wp-content\/uploads\/2025\/07\/allegro_687a6dbd226252.19019832_3ec3c9fa4a98a6162474c2ba4087.jpg","width":530,"height":530},{"@type":"BreadcrumbList","@id":"https:\/\/racom.com.pl\/index.php\/produkt\/mercury-futeral-plecki-samsung-galaxy-a8-2018-a530\/#breadcrumb","itemListElement":[{"@type":"ListItem","position":1,"name":"Strona g\u0142\u00f3wna","item":"https:\/\/racom.com.pl\/"},{"@type":"ListItem","position":2,"name":"Sklep","item":"https:\/\/racom.com.pl\/"},{"@type":"ListItem","position":3,"name":"MERCURY Futera\u0142 plecki Samsung Galaxy A8 2018 A530"}]},{"@type":"WebSite","@id":"https:\/\/racom.com.pl\/#website","url":"https:\/\/racom.com.pl\/","name":"Mix Market - Supermarket z wszystkim co potrzeba do domu i nie tylko","description":"","publisher":{"@id":"https:\/\/racom.com.pl\/#organization"},"potentialAction":[{"@type":"SearchAction","target":{"@type":"EntryPoint","urlTemplate":"https:\/\/racom.com.pl\/?s={search_term_string}"},"query-input":{"@type":"PropertyValueSpecification","valueRequired":true,"valueName":"search_term_string"}}],"inLanguage":"pl-PL"},{"@type":"Organization","@id":"https:\/\/racom.com.pl\/#organization","name":"Mix Market - Supermarket z wszystkim co potrzeba do domu i nie tylko","url":"https:\/\/racom.com.pl\/","logo":{"@type":"ImageObject","inLanguage":"pl-PL","@id":"https:\/\/racom.com.pl\/#\/schema\/logo\/image\/","url":"https:\/\/racom.com.pl\/wp-content\/uploads\/2025\/07\/mixmarket_logo.png","contentUrl":"https:\/\/racom.com.pl\/wp-content\/uploads\/2025\/07\/mixmarket_logo.png","width":1024,"height":1024,"caption":"Mix Market - Supermarket z wszystkim co potrzeba do domu i nie tylko"},"image":{"@id":"https:\/\/racom.com.pl\/#\/schema\/logo\/image\/"}}]}},"_links":{"self":[{"href":"https:\/\/racom.com.pl\/index.php\/wp-json\/wp\/v2\/product\/638","targetHints":{"allow":["GET"]}}],"collection":[{"href":"https:\/\/racom.com.pl\/index.php\/wp-json\/wp\/v2\/product"}],"about":[{"href":"https:\/\/racom.com.pl\/index.php\/wp-json\/wp\/v2\/types\/product"}],"replies":[{"embeddable":true,"href":"https:\/\/racom.com.pl\/index.php\/wp-json\/wp\/v2\/comments?post=638"}],"wp:featuredmedia":[{"embeddable":true,"href":"https:\/\/racom.com.pl\/index.php\/wp-json\/wp\/v2\/media\/640"}],"wp:attachment":[{"href":"https:\/\/racom.com.pl\/index.php\/wp-json\/wp\/v2\/media?parent=638"}],"wp:term":[{"taxonomy":"product_brand","embeddable":true,"href":"https:\/\/racom.com.pl\/index.php\/wp-json\/wp\/v2\/product_brand?post=638"},{"taxonomy":"product_cat","embeddable":true,"href":"https:\/\/racom.com.pl\/index.php\/wp-json\/wp\/v2\/product_cat?post=638"},{"taxonomy":"product_tag","embeddable":true,"href":"https:\/\/racom.com.pl\/index.php\/wp-json\/wp\/v2\/product_tag?post=638"}],"curies":[{"name":"wp","href":"https:\/\/api.w.org\/{rel}","templated":true}]}}