{"id":669,"date":"2025-07-18T17:56:20","date_gmt":"2025-07-18T15:56:20","guid":{"rendered":"http:\/\/192.168.2.106\/index.php\/produkt\/plaski-kabel-sieciowy-ugreen-rj45-cat-6-utp-0-5m\/"},"modified":"2025-07-18T17:56:20","modified_gmt":"2025-07-18T15:56:20","slug":"plaski-kabel-sieciowy-ugreen-rj45-cat-6-utp-0-5m","status":"publish","type":"product","link":"https:\/\/racom.com.pl\/index.php\/produkt\/plaski-kabel-sieciowy-ugreen-rj45-cat-6-utp-0-5m\/","title":{"rendered":"P\u0142aski kabel sieciowy UGREEN RJ45 Cat.6 UTP 0.5m"},"content":{"rendered":"<h2>P\u0142aski kabel sieciowy UGREEN RJ45 Cat.6 UTP 0.5m<\/h2>\n<p>\n<b>Kabel Ethernet UGREEN<\/b><\/p>\n<p>\n<b>Kabel UGREEN Ethernet sprawdzi si\u0119 w ka\u017cdej sytuacji. Odznacza si\u0119 znakomitymi parametrami i wysok\u0105 jako\u015bci\u0105 wykonania. Poz\u0142acane styki z\u0142\u0105cz, zapewniaj\u0105 najwy\u017csz\u0105 jako\u015b\u0107 i trwa\u0142o\u015b\u0107 produktu. Kabel UGREEN pozwala zagwarantowa\u0107 szybki i bezproblemowy przesy\u0142 danych w przypadku po\u0142\u0105czenia z Internetem.<\/b>\u00a0<\/p>\n<p>\n\u00a0\n<\/p>\n<p><b>Niezawodny<\/b><\/p>\n<p>\n<b>Niezawodny, kiedy grasz online, czy chcesz szybko \u015bci\u0105gn\u0105\u0107 pliki. Bezprzewodowy Internet nara\u017cony jest na zak\u0142\u00f3cenia, z kablem UGREEN Ethernet nie musisz si\u0119 o to martwi\u0107<\/b>.<\/p>\n<p>\n<b>Specyfikacja<\/b><\/p>\n<p>\n\u00a0<br \/>\nModel<br \/>\nNW102<br \/>\nWtyczka<br \/>\nRJ45 do RJ45<br \/>\nMateria\u0142<br \/>\nPVC + mied\u017a<br \/>\nD\u0142ugo\u015b\u0107<br \/>\n50 cm<br \/>\nKategoria<br \/>\n6<br \/>\nWersja kabla<br \/>\nGigabit 10\/100\/1000 Mb\/s<br \/>\nEkranowanie<br \/>\nUTP<br \/>\nKolor<br \/>\nCzarny<\/p>\n","protected":false},"excerpt":{"rendered":"<p>P\u0142aski kabel sieciowy UGREEN RJ45 Cat.6 UTP 0.5m Kabel Ethernet UGREEN Kabel UGREEN Ethernet sprawdzi si\u0119 w ka\u017cdej sytuacji. Odznacza si\u0119 znakomitymi parametrami i wysok\u0105 jako\u015bci\u0105 wykonania. Poz\u0142acane styki z\u0142\u0105cz, zapewniaj\u0105 najwy\u017csz\u0105 jako\u015b\u0107 i trwa\u0142o\u015b\u0107 produktu. Kabel UGREEN pozwala zagwarantowa\u0107 szybki i bezproblemowy przesy\u0142 danych w przypadku po\u0142\u0105czenia z Internetem.\u00a0 \u00a0 Niezawodny Niezawodny, kiedy grasz [&hellip;]<\/p>\n","protected":false},"featured_media":671,"comment_status":"open","ping_status":"closed","template":"","meta":[],"product_brand":[],"product_cat":[42],"product_tag":[],"class_list":{"0":"post-669","1":"product","2":"type-product","3":"status-publish","4":"has-post-thumbnail","6":"product_cat-urzadzenia-sieciowe","8":"first","9":"instock","10":"taxable","11":"shipping-taxable","12":"purchasable","13":"product-type-simple"},"yoast_head":"<!-- This site is optimized with the Yoast SEO plugin v27.3 - https:\/\/yoast.com\/product\/yoast-seo-wordpress\/ -->\n<title>P\u0142aski kabel sieciowy UGREEN RJ45 Cat.6 UTP 0.5m - Mix Market - Supermarket z wszystkim co potrzeba<\/title>\n<meta name=\"robots\" content=\"index, follow, max-snippet:-1, max-image-preview:large, max-video-preview:-1\" \/>\n<link rel=\"canonical\" href=\"https:\/\/racom.com.pl\/index.php\/produkt\/plaski-kabel-sieciowy-ugreen-rj45-cat-6-utp-0-5m\/\" \/>\n<meta property=\"og:locale\" content=\"pl_PL\" \/>\n<meta property=\"og:type\" content=\"article\" \/>\n<meta property=\"og:title\" content=\"P\u0142aski kabel sieciowy UGREEN RJ45 Cat.6 UTP 0.5m - Mix Market - Supermarket z wszystkim co potrzeba\" \/>\n<meta property=\"og:description\" content=\"P\u0142aski kabel sieciowy UGREEN RJ45 Cat.6 UTP 0.5m Kabel Ethernet UGREEN Kabel UGREEN Ethernet sprawdzi si\u0119 w ka\u017cdej sytuacji. Odznacza si\u0119 znakomitymi parametrami i wysok\u0105 jako\u015bci\u0105 wykonania. Poz\u0142acane styki z\u0142\u0105cz, zapewniaj\u0105 najwy\u017csz\u0105 jako\u015b\u0107 i trwa\u0142o\u015b\u0107 produktu. Kabel UGREEN pozwala zagwarantowa\u0107 szybki i bezproblemowy przesy\u0142 danych w przypadku po\u0142\u0105czenia z Internetem.\u00a0 \u00a0 Niezawodny Niezawodny, kiedy grasz [&hellip;]\" \/>\n<meta property=\"og:url\" content=\"https:\/\/racom.com.pl\/index.php\/produkt\/plaski-kabel-sieciowy-ugreen-rj45-cat-6-utp-0-5m\/\" \/>\n<meta property=\"og:site_name\" content=\"Mix Market - Supermarket z wszystkim co potrzeba\" \/>\n<meta property=\"og:image\" content=\"https:\/\/racom.com.pl\/wp-content\/uploads\/2025\/07\/allegro_687a6ebb816108.49162809_476dc085487b9c7ddc70ed2b8681.jpg\" \/>\n\t<meta property=\"og:image:width\" content=\"800\" \/>\n\t<meta property=\"og:image:height\" content=\"800\" \/>\n\t<meta property=\"og:image:type\" content=\"image\/jpeg\" \/>\n<meta name=\"twitter:card\" content=\"summary_large_image\" \/>\n<meta name=\"twitter:label1\" content=\"Szacowany czas czytania\" \/>\n\t<meta name=\"twitter:data1\" content=\"1 minuta\" \/>\n<script type=\"application\/ld+json\" class=\"yoast-schema-graph\">{\"@context\":\"https:\\\/\\\/schema.org\",\"@graph\":[{\"@type\":\"WebPage\",\"@id\":\"https:\\\/\\\/racom.com.pl\\\/index.php\\\/produkt\\\/plaski-kabel-sieciowy-ugreen-rj45-cat-6-utp-0-5m\\\/\",\"url\":\"https:\\\/\\\/racom.com.pl\\\/index.php\\\/produkt\\\/plaski-kabel-sieciowy-ugreen-rj45-cat-6-utp-0-5m\\\/\",\"name\":\"P\u0142aski kabel sieciowy UGREEN RJ45 Cat.6 UTP 0.5m - Mix Market - Supermarket z wszystkim co potrzeba\",\"isPartOf\":{\"@id\":\"https:\\\/\\\/racom.com.pl\\\/#website\"},\"primaryImageOfPage\":{\"@id\":\"https:\\\/\\\/racom.com.pl\\\/index.php\\\/produkt\\\/plaski-kabel-sieciowy-ugreen-rj45-cat-6-utp-0-5m\\\/#primaryimage\"},\"image\":{\"@id\":\"https:\\\/\\\/racom.com.pl\\\/index.php\\\/produkt\\\/plaski-kabel-sieciowy-ugreen-rj45-cat-6-utp-0-5m\\\/#primaryimage\"},\"thumbnailUrl\":\"https:\\\/\\\/racom.com.pl\\\/wp-content\\\/uploads\\\/2025\\\/07\\\/allegro_687a6ebb816108.49162809_476dc085487b9c7ddc70ed2b8681.jpg\",\"datePublished\":\"2025-07-18T15:56:20+00:00\",\"breadcrumb\":{\"@id\":\"https:\\\/\\\/racom.com.pl\\\/index.php\\\/produkt\\\/plaski-kabel-sieciowy-ugreen-rj45-cat-6-utp-0-5m\\\/#breadcrumb\"},\"inLanguage\":\"pl-PL\",\"potentialAction\":[{\"@type\":\"ReadAction\",\"target\":[\"https:\\\/\\\/racom.com.pl\\\/index.php\\\/produkt\\\/plaski-kabel-sieciowy-ugreen-rj45-cat-6-utp-0-5m\\\/\"]}]},{\"@type\":\"ImageObject\",\"inLanguage\":\"pl-PL\",\"@id\":\"https:\\\/\\\/racom.com.pl\\\/index.php\\\/produkt\\\/plaski-kabel-sieciowy-ugreen-rj45-cat-6-utp-0-5m\\\/#primaryimage\",\"url\":\"https:\\\/\\\/racom.com.pl\\\/wp-content\\\/uploads\\\/2025\\\/07\\\/allegro_687a6ebb816108.49162809_476dc085487b9c7ddc70ed2b8681.jpg\",\"contentUrl\":\"https:\\\/\\\/racom.com.pl\\\/wp-content\\\/uploads\\\/2025\\\/07\\\/allegro_687a6ebb816108.49162809_476dc085487b9c7ddc70ed2b8681.jpg\",\"width\":800,\"height\":800},{\"@type\":\"BreadcrumbList\",\"@id\":\"https:\\\/\\\/racom.com.pl\\\/index.php\\\/produkt\\\/plaski-kabel-sieciowy-ugreen-rj45-cat-6-utp-0-5m\\\/#breadcrumb\",\"itemListElement\":[{\"@type\":\"ListItem\",\"position\":1,\"name\":\"Strona g\u0142\u00f3wna\",\"item\":\"https:\\\/\\\/racom.com.pl\\\/\"},{\"@type\":\"ListItem\",\"position\":2,\"name\":\"Sklep\",\"item\":\"https:\\\/\\\/racom.com.pl\\\/\"},{\"@type\":\"ListItem\",\"position\":3,\"name\":\"P\u0142aski kabel sieciowy UGREEN RJ45 Cat.6 UTP 0.5m\"}]},{\"@type\":\"WebSite\",\"@id\":\"https:\\\/\\\/racom.com.pl\\\/#website\",\"url\":\"https:\\\/\\\/racom.com.pl\\\/\",\"name\":\"Mix Market - Supermarket z wszystkim co potrzeba do domu i nie tylko\",\"description\":\"\",\"publisher\":{\"@id\":\"https:\\\/\\\/racom.com.pl\\\/#organization\"},\"potentialAction\":[{\"@type\":\"SearchAction\",\"target\":{\"@type\":\"EntryPoint\",\"urlTemplate\":\"https:\\\/\\\/racom.com.pl\\\/?s={search_term_string}\"},\"query-input\":{\"@type\":\"PropertyValueSpecification\",\"valueRequired\":true,\"valueName\":\"search_term_string\"}}],\"inLanguage\":\"pl-PL\"},{\"@type\":\"Organization\",\"@id\":\"https:\\\/\\\/racom.com.pl\\\/#organization\",\"name\":\"Mix Market - Supermarket z wszystkim co potrzeba do domu i nie tylko\",\"url\":\"https:\\\/\\\/racom.com.pl\\\/\",\"logo\":{\"@type\":\"ImageObject\",\"inLanguage\":\"pl-PL\",\"@id\":\"https:\\\/\\\/racom.com.pl\\\/#\\\/schema\\\/logo\\\/image\\\/\",\"url\":\"https:\\\/\\\/racom.com.pl\\\/wp-content\\\/uploads\\\/2025\\\/07\\\/mixmarket_logo.png\",\"contentUrl\":\"https:\\\/\\\/racom.com.pl\\\/wp-content\\\/uploads\\\/2025\\\/07\\\/mixmarket_logo.png\",\"width\":1024,\"height\":1024,\"caption\":\"Mix Market - Supermarket z wszystkim co potrzeba do domu i nie tylko\"},\"image\":{\"@id\":\"https:\\\/\\\/racom.com.pl\\\/#\\\/schema\\\/logo\\\/image\\\/\"}}]}<\/script>\n<!-- \/ Yoast SEO plugin. -->","yoast_head_json":{"title":"P\u0142aski kabel sieciowy UGREEN RJ45 Cat.6 UTP 0.5m - Mix Market - Supermarket z wszystkim co potrzeba","robots":{"index":"index","follow":"follow","max-snippet":"max-snippet:-1","max-image-preview":"max-image-preview:large","max-video-preview":"max-video-preview:-1"},"canonical":"https:\/\/racom.com.pl\/index.php\/produkt\/plaski-kabel-sieciowy-ugreen-rj45-cat-6-utp-0-5m\/","og_locale":"pl_PL","og_type":"article","og_title":"P\u0142aski kabel sieciowy UGREEN RJ45 Cat.6 UTP 0.5m - Mix Market - Supermarket z wszystkim co potrzeba","og_description":"P\u0142aski kabel sieciowy UGREEN RJ45 Cat.6 UTP 0.5m Kabel Ethernet UGREEN Kabel UGREEN Ethernet sprawdzi si\u0119 w ka\u017cdej sytuacji. Odznacza si\u0119 znakomitymi parametrami i wysok\u0105 jako\u015bci\u0105 wykonania. Poz\u0142acane styki z\u0142\u0105cz, zapewniaj\u0105 najwy\u017csz\u0105 jako\u015b\u0107 i trwa\u0142o\u015b\u0107 produktu. Kabel UGREEN pozwala zagwarantowa\u0107 szybki i bezproblemowy przesy\u0142 danych w przypadku po\u0142\u0105czenia z Internetem.\u00a0 \u00a0 Niezawodny Niezawodny, kiedy grasz [&hellip;]","og_url":"https:\/\/racom.com.pl\/index.php\/produkt\/plaski-kabel-sieciowy-ugreen-rj45-cat-6-utp-0-5m\/","og_site_name":"Mix Market - Supermarket z wszystkim co potrzeba","og_image":[{"width":800,"height":800,"url":"https:\/\/racom.com.pl\/wp-content\/uploads\/2025\/07\/allegro_687a6ebb816108.49162809_476dc085487b9c7ddc70ed2b8681.jpg","type":"image\/jpeg"}],"twitter_card":"summary_large_image","twitter_misc":{"Szacowany czas czytania":"1 minuta"},"schema":{"@context":"https:\/\/schema.org","@graph":[{"@type":"WebPage","@id":"https:\/\/racom.com.pl\/index.php\/produkt\/plaski-kabel-sieciowy-ugreen-rj45-cat-6-utp-0-5m\/","url":"https:\/\/racom.com.pl\/index.php\/produkt\/plaski-kabel-sieciowy-ugreen-rj45-cat-6-utp-0-5m\/","name":"P\u0142aski kabel sieciowy UGREEN RJ45 Cat.6 UTP 0.5m - Mix Market - Supermarket z wszystkim co potrzeba","isPartOf":{"@id":"https:\/\/racom.com.pl\/#website"},"primaryImageOfPage":{"@id":"https:\/\/racom.com.pl\/index.php\/produkt\/plaski-kabel-sieciowy-ugreen-rj45-cat-6-utp-0-5m\/#primaryimage"},"image":{"@id":"https:\/\/racom.com.pl\/index.php\/produkt\/plaski-kabel-sieciowy-ugreen-rj45-cat-6-utp-0-5m\/#primaryimage"},"thumbnailUrl":"https:\/\/racom.com.pl\/wp-content\/uploads\/2025\/07\/allegro_687a6ebb816108.49162809_476dc085487b9c7ddc70ed2b8681.jpg","datePublished":"2025-07-18T15:56:20+00:00","breadcrumb":{"@id":"https:\/\/racom.com.pl\/index.php\/produkt\/plaski-kabel-sieciowy-ugreen-rj45-cat-6-utp-0-5m\/#breadcrumb"},"inLanguage":"pl-PL","potentialAction":[{"@type":"ReadAction","target":["https:\/\/racom.com.pl\/index.php\/produkt\/plaski-kabel-sieciowy-ugreen-rj45-cat-6-utp-0-5m\/"]}]},{"@type":"ImageObject","inLanguage":"pl-PL","@id":"https:\/\/racom.com.pl\/index.php\/produkt\/plaski-kabel-sieciowy-ugreen-rj45-cat-6-utp-0-5m\/#primaryimage","url":"https:\/\/racom.com.pl\/wp-content\/uploads\/2025\/07\/allegro_687a6ebb816108.49162809_476dc085487b9c7ddc70ed2b8681.jpg","contentUrl":"https:\/\/racom.com.pl\/wp-content\/uploads\/2025\/07\/allegro_687a6ebb816108.49162809_476dc085487b9c7ddc70ed2b8681.jpg","width":800,"height":800},{"@type":"BreadcrumbList","@id":"https:\/\/racom.com.pl\/index.php\/produkt\/plaski-kabel-sieciowy-ugreen-rj45-cat-6-utp-0-5m\/#breadcrumb","itemListElement":[{"@type":"ListItem","position":1,"name":"Strona g\u0142\u00f3wna","item":"https:\/\/racom.com.pl\/"},{"@type":"ListItem","position":2,"name":"Sklep","item":"https:\/\/racom.com.pl\/"},{"@type":"ListItem","position":3,"name":"P\u0142aski kabel sieciowy UGREEN RJ45 Cat.6 UTP 0.5m"}]},{"@type":"WebSite","@id":"https:\/\/racom.com.pl\/#website","url":"https:\/\/racom.com.pl\/","name":"Mix Market - Supermarket z wszystkim co potrzeba do domu i nie tylko","description":"","publisher":{"@id":"https:\/\/racom.com.pl\/#organization"},"potentialAction":[{"@type":"SearchAction","target":{"@type":"EntryPoint","urlTemplate":"https:\/\/racom.com.pl\/?s={search_term_string}"},"query-input":{"@type":"PropertyValueSpecification","valueRequired":true,"valueName":"search_term_string"}}],"inLanguage":"pl-PL"},{"@type":"Organization","@id":"https:\/\/racom.com.pl\/#organization","name":"Mix Market - Supermarket z wszystkim co potrzeba do domu i nie tylko","url":"https:\/\/racom.com.pl\/","logo":{"@type":"ImageObject","inLanguage":"pl-PL","@id":"https:\/\/racom.com.pl\/#\/schema\/logo\/image\/","url":"https:\/\/racom.com.pl\/wp-content\/uploads\/2025\/07\/mixmarket_logo.png","contentUrl":"https:\/\/racom.com.pl\/wp-content\/uploads\/2025\/07\/mixmarket_logo.png","width":1024,"height":1024,"caption":"Mix Market - Supermarket z wszystkim co potrzeba do domu i nie tylko"},"image":{"@id":"https:\/\/racom.com.pl\/#\/schema\/logo\/image\/"}}]}},"_links":{"self":[{"href":"https:\/\/racom.com.pl\/index.php\/wp-json\/wp\/v2\/product\/669","targetHints":{"allow":["GET"]}}],"collection":[{"href":"https:\/\/racom.com.pl\/index.php\/wp-json\/wp\/v2\/product"}],"about":[{"href":"https:\/\/racom.com.pl\/index.php\/wp-json\/wp\/v2\/types\/product"}],"replies":[{"embeddable":true,"href":"https:\/\/racom.com.pl\/index.php\/wp-json\/wp\/v2\/comments?post=669"}],"wp:featuredmedia":[{"embeddable":true,"href":"https:\/\/racom.com.pl\/index.php\/wp-json\/wp\/v2\/media\/671"}],"wp:attachment":[{"href":"https:\/\/racom.com.pl\/index.php\/wp-json\/wp\/v2\/media?parent=669"}],"wp:term":[{"taxonomy":"product_brand","embeddable":true,"href":"https:\/\/racom.com.pl\/index.php\/wp-json\/wp\/v2\/product_brand?post=669"},{"taxonomy":"product_cat","embeddable":true,"href":"https:\/\/racom.com.pl\/index.php\/wp-json\/wp\/v2\/product_cat?post=669"},{"taxonomy":"product_tag","embeddable":true,"href":"https:\/\/racom.com.pl\/index.php\/wp-json\/wp\/v2\/product_tag?post=669"}],"curies":[{"name":"wp","href":"https:\/\/api.w.org\/{rel}","templated":true}]}}