{"id":672,"date":"2025-07-18T17:56:51","date_gmt":"2025-07-18T15:56:51","guid":{"rendered":"http:\/\/192.168.2.106\/index.php\/produkt\/ladowarka-indukcyjna-skladana-magsafe-do-apple-3w1\/"},"modified":"2025-07-18T17:56:51","modified_gmt":"2025-07-18T15:56:51","slug":"ladowarka-indukcyjna-skladana-magsafe-do-apple-3w1","status":"publish","type":"product","link":"https:\/\/racom.com.pl\/index.php\/produkt\/ladowarka-indukcyjna-skladana-magsafe-do-apple-3w1\/","title":{"rendered":"\u0141ADOWARKA INDUKCYJNA SK\u0141ADANA MAGSAFE DO APPLE 3W1"},"content":{"rendered":"<h2>\u0141adowarka Indukcyjna \/ Bezprzewodowa 3w1 15W Smartfon, Apple Watch, AirPods P14 Magsafe czarna<\/h2>\n<p><b>\u0141adowarka Indukcyjna \/ Bezprzewodowa 3w1 15W Smartfon, Apple Watch, AirPods P14 czarna<\/b><\/p>\n<ul>\n<li><b>Bezprzewodowa \u0142adowarka 3w1- mo\u017ce jednocze\u015bnie \u0142adowa\u0107 telefon kom\u00f3rkowy,&nbsp;Apple Watch i AirPods<\/b><\/li>\n<\/ul>\n<ul>\n<li><b>Mocna konstrukcja magnetyczna zapewnia, \u017ce \u200b\u200btelefon nie spadnie podczas \u0142adowania.<\/b><\/li>\n<\/ul>\n<ul>\n<li><b>Stacja \u0142aduj\u0105ca jest od\u0142\u0105czana, \u0142atwa do demonta\u017cu i instalacji, dzi\u0119ki czemu jest wygodna do przenoszenia<\/b><\/li>\n<\/ul>\n<p><b>Wytrzyma\u0142e materia\u0142y<\/b><\/p>\n<p>Wykonana z materia\u0142u ABS i stopu aluminium, g\u0142adka powierzchnia chroni Tw\u00f3j produkt przed\u00a0zarysowaniami. Mo\u017cna j\u0105 starannie z\u0142o\u017cy\u0107 i umie\u015bci\u0107 w torbie.<\/p>\n<p><b>Przeno\u015bna i sk\u0142adana<\/b><\/p>\n<p>\u0141adowarka jest smuk\u0142a i kompaktowa, \u0142atwa do przenoszenia,\u00a0idealnie nadaje si\u0119\u00a0do domu, biura, podr\u00f3\u017cy, wakacji.<\/p>\n<p><b>Szybkie \u0142adowanie<\/b><\/p>\n<p>Maksymalna moc \u0142adowania mo\u017ce osi\u0105gn\u0105\u0107 15 W, co umo\u017cliwia szybkie \u0142adowanie urz\u0105dze\u0144; 2,5W dla smartwatcha, 3W\u00a0dla s\u0142uchawek i 15W\u00a0dla smartfona.<\/p>\n<p><b>Minimalizm<\/b><\/p>\n<p>Je\u015bli cenisz w u siebie porz\u0105dek, ten gad\u017cet jest idealnym wyborem dla Ciebie. Dzi\u0119ki swoim kompaktowym rozmiarom jeste\u015b w stanie umie\u015bci\u0107 t\u0119 \u0142adowark\u0119 wsz\u0119dzie gdzie tego potrzebujesz, a nawet le\u017c\u0105c na wierzchu nie zajmie ona wiele miejsca i wci\u0105\u017c b\u0119dzie zachowana estetyka!<\/p>\n<p><b>Magnetyczna \u0142adowarka\u00a03 w 1<\/b><\/p>\n<p>Wielofunkcyjny bezprzewodowy zestaw \u0142aduj\u0105cy mo\u017ce \u0142adowa\u0107 telefony kom\u00f3rkowe, zegarki i bezprzewodowe zestawy s\u0142uchawkowe w tym samym czasie.<\/p>\n<p>Sk\u0142adana Magnetyczna \u0141adowarka\u00a0do urz\u0105dze\u0144 Apple tj. iPhone, Apple Watch, AirPods<\/p>\n<p>Wielozadaniowy stojak to idealne rozwi\u0105zanie dla os\u00f3b ceni\u0105cych design i porz\u0105dek w swoich akcesoriach.<\/p>\n<p>Stojak jest wyposa\u017cony w bezprzewodow\u0105 magnetyczn\u0105 \u0142adowark\u0119, kompatybiln\u0105 \u017ce wszystkimi urz\u0105dzeniami z funkcj\u0105 \u0142adowania wireless.<\/p>\n<p>Dane techniczne:<\/p>\n<ul>\n<li>Rozmiar produktu: 247*74.5*8.5mm<\/li>\n<li>Materia\u0142: ABS + stop aluminium;<\/li>\n<li>Waga netto: 210g<\/li>\n<li>Wej\u015bcie: 5V\/2A, 9V\/2A, 12V\/2A<\/li>\n<li>Moc wyj\u015bciowa (dla iPhone&#8217;a): 15 W\/10 W\/7,5 W\/5 W<\/li>\n<li>Moc wyj\u015bciowa (dla AirPods):&nbsp;3W<\/li>\n<li>Moc wyj\u015bciowa (dla Apple Watch): 2,5W<\/li>\n<\/ul>\n<p>Zestaw zawiera:<\/p>\n<p>1x&nbsp;\u0141adowarka Indukcyjna \/ Bezprzewodowa 3w1 15W Smartfon, Apple Watch, AirPods P14 czarna<\/p>\n<p>1x Kabel \u0141aduj\u0105cy ze Z\u0142\u0105czem USB typu C<\/p>\n<p>Oryginalne opakowanie<\/p>\n","protected":false},"excerpt":{"rendered":"<p>\u0141adowarka Indukcyjna \/ Bezprzewodowa 3w1 15W Smartfon, Apple Watch, AirPods P14 Magsafe czarna \u0141adowarka Indukcyjna \/ Bezprzewodowa 3w1 15W Smartfon, Apple Watch, AirPods P14 czarna Bezprzewodowa \u0142adowarka 3w1- mo\u017ce jednocze\u015bnie \u0142adowa\u0107 telefon kom\u00f3rkowy,&nbsp;Apple Watch i AirPods Mocna konstrukcja magnetyczna zapewnia, \u017ce \u200b\u200btelefon nie spadnie podczas \u0142adowania. Stacja \u0142aduj\u0105ca jest od\u0142\u0105czana, \u0142atwa do demonta\u017cu i instalacji, [&hellip;]<\/p>\n","protected":false},"featured_media":678,"comment_status":"open","ping_status":"closed","template":"","meta":[],"product_brand":[61],"product_cat":[26],"product_tag":[],"class_list":{"0":"post-672","1":"product","2":"type-product","3":"status-publish","4":"has-post-thumbnail","6":"product_brand-nexeri","7":"product_cat-akcesoria-gsm","9":"first","10":"instock","11":"taxable","12":"shipping-taxable","13":"purchasable","14":"product-type-simple"},"yoast_head":"<!-- This site is optimized with the Yoast SEO plugin v27.3 - https:\/\/yoast.com\/product\/yoast-seo-wordpress\/ -->\n<title>\u0141ADOWARKA INDUKCYJNA SK\u0141ADANA MAGSAFE DO APPLE 3W1 - Mix Market - Supermarket z wszystkim co potrzeba<\/title>\n<meta name=\"robots\" content=\"index, follow, max-snippet:-1, max-image-preview:large, max-video-preview:-1\" \/>\n<link rel=\"canonical\" href=\"https:\/\/racom.com.pl\/index.php\/produkt\/ladowarka-indukcyjna-skladana-magsafe-do-apple-3w1\/\" \/>\n<meta property=\"og:locale\" content=\"pl_PL\" \/>\n<meta property=\"og:type\" content=\"article\" \/>\n<meta property=\"og:title\" content=\"\u0141ADOWARKA INDUKCYJNA SK\u0141ADANA MAGSAFE DO APPLE 3W1 - Mix Market - Supermarket z wszystkim co potrzeba\" \/>\n<meta property=\"og:description\" content=\"\u0141adowarka Indukcyjna \/ Bezprzewodowa 3w1 15W Smartfon, Apple Watch, AirPods P14 Magsafe czarna \u0141adowarka Indukcyjna \/ Bezprzewodowa 3w1 15W Smartfon, Apple Watch, AirPods P14 czarna Bezprzewodowa \u0142adowarka 3w1- mo\u017ce jednocze\u015bnie \u0142adowa\u0107 telefon kom\u00f3rkowy,&nbsp;Apple Watch i AirPods Mocna konstrukcja magnetyczna zapewnia, \u017ce \u200b\u200btelefon nie spadnie podczas \u0142adowania. Stacja \u0142aduj\u0105ca jest od\u0142\u0105czana, \u0142atwa do demonta\u017cu i instalacji, [&hellip;]\" \/>\n<meta property=\"og:url\" content=\"https:\/\/racom.com.pl\/index.php\/produkt\/ladowarka-indukcyjna-skladana-magsafe-do-apple-3w1\/\" \/>\n<meta property=\"og:site_name\" content=\"Mix Market - Supermarket z wszystkim co potrzeba\" \/>\n<meta property=\"og:image\" content=\"https:\/\/racom.com.pl\/wp-content\/uploads\/2025\/07\/allegro_687a6eebebdb07.95703569_89ab444643289f55b36b86453cb2.jpg\" \/>\n\t<meta property=\"og:image:width\" content=\"800\" \/>\n\t<meta property=\"og:image:height\" content=\"800\" \/>\n\t<meta property=\"og:image:type\" content=\"image\/jpeg\" \/>\n<meta name=\"twitter:card\" content=\"summary_large_image\" \/>\n<meta name=\"twitter:label1\" content=\"Szacowany czas czytania\" \/>\n\t<meta name=\"twitter:data1\" content=\"2 minuty\" \/>\n<script type=\"application\/ld+json\" class=\"yoast-schema-graph\">{\"@context\":\"https:\\\/\\\/schema.org\",\"@graph\":[{\"@type\":\"WebPage\",\"@id\":\"https:\\\/\\\/racom.com.pl\\\/index.php\\\/produkt\\\/ladowarka-indukcyjna-skladana-magsafe-do-apple-3w1\\\/\",\"url\":\"https:\\\/\\\/racom.com.pl\\\/index.php\\\/produkt\\\/ladowarka-indukcyjna-skladana-magsafe-do-apple-3w1\\\/\",\"name\":\"\u0141ADOWARKA INDUKCYJNA SK\u0141ADANA MAGSAFE DO APPLE 3W1 - Mix Market - Supermarket z wszystkim co potrzeba\",\"isPartOf\":{\"@id\":\"https:\\\/\\\/racom.com.pl\\\/#website\"},\"primaryImageOfPage\":{\"@id\":\"https:\\\/\\\/racom.com.pl\\\/index.php\\\/produkt\\\/ladowarka-indukcyjna-skladana-magsafe-do-apple-3w1\\\/#primaryimage\"},\"image\":{\"@id\":\"https:\\\/\\\/racom.com.pl\\\/index.php\\\/produkt\\\/ladowarka-indukcyjna-skladana-magsafe-do-apple-3w1\\\/#primaryimage\"},\"thumbnailUrl\":\"https:\\\/\\\/racom.com.pl\\\/wp-content\\\/uploads\\\/2025\\\/07\\\/allegro_687a6eebebdb07.95703569_89ab444643289f55b36b86453cb2.jpg\",\"datePublished\":\"2025-07-18T15:56:51+00:00\",\"breadcrumb\":{\"@id\":\"https:\\\/\\\/racom.com.pl\\\/index.php\\\/produkt\\\/ladowarka-indukcyjna-skladana-magsafe-do-apple-3w1\\\/#breadcrumb\"},\"inLanguage\":\"pl-PL\",\"potentialAction\":[{\"@type\":\"ReadAction\",\"target\":[\"https:\\\/\\\/racom.com.pl\\\/index.php\\\/produkt\\\/ladowarka-indukcyjna-skladana-magsafe-do-apple-3w1\\\/\"]}]},{\"@type\":\"ImageObject\",\"inLanguage\":\"pl-PL\",\"@id\":\"https:\\\/\\\/racom.com.pl\\\/index.php\\\/produkt\\\/ladowarka-indukcyjna-skladana-magsafe-do-apple-3w1\\\/#primaryimage\",\"url\":\"https:\\\/\\\/racom.com.pl\\\/wp-content\\\/uploads\\\/2025\\\/07\\\/allegro_687a6eebebdb07.95703569_89ab444643289f55b36b86453cb2.jpg\",\"contentUrl\":\"https:\\\/\\\/racom.com.pl\\\/wp-content\\\/uploads\\\/2025\\\/07\\\/allegro_687a6eebebdb07.95703569_89ab444643289f55b36b86453cb2.jpg\",\"width\":800,\"height\":800},{\"@type\":\"BreadcrumbList\",\"@id\":\"https:\\\/\\\/racom.com.pl\\\/index.php\\\/produkt\\\/ladowarka-indukcyjna-skladana-magsafe-do-apple-3w1\\\/#breadcrumb\",\"itemListElement\":[{\"@type\":\"ListItem\",\"position\":1,\"name\":\"Strona g\u0142\u00f3wna\",\"item\":\"https:\\\/\\\/racom.com.pl\\\/\"},{\"@type\":\"ListItem\",\"position\":2,\"name\":\"Sklep\",\"item\":\"https:\\\/\\\/racom.com.pl\\\/\"},{\"@type\":\"ListItem\",\"position\":3,\"name\":\"\u0141ADOWARKA INDUKCYJNA SK\u0141ADANA MAGSAFE DO APPLE 3W1\"}]},{\"@type\":\"WebSite\",\"@id\":\"https:\\\/\\\/racom.com.pl\\\/#website\",\"url\":\"https:\\\/\\\/racom.com.pl\\\/\",\"name\":\"Mix Market - Supermarket z wszystkim co potrzeba do domu i nie tylko\",\"description\":\"\",\"publisher\":{\"@id\":\"https:\\\/\\\/racom.com.pl\\\/#organization\"},\"potentialAction\":[{\"@type\":\"SearchAction\",\"target\":{\"@type\":\"EntryPoint\",\"urlTemplate\":\"https:\\\/\\\/racom.com.pl\\\/?s={search_term_string}\"},\"query-input\":{\"@type\":\"PropertyValueSpecification\",\"valueRequired\":true,\"valueName\":\"search_term_string\"}}],\"inLanguage\":\"pl-PL\"},{\"@type\":\"Organization\",\"@id\":\"https:\\\/\\\/racom.com.pl\\\/#organization\",\"name\":\"Mix Market - Supermarket z wszystkim co potrzeba do domu i nie tylko\",\"url\":\"https:\\\/\\\/racom.com.pl\\\/\",\"logo\":{\"@type\":\"ImageObject\",\"inLanguage\":\"pl-PL\",\"@id\":\"https:\\\/\\\/racom.com.pl\\\/#\\\/schema\\\/logo\\\/image\\\/\",\"url\":\"https:\\\/\\\/racom.com.pl\\\/wp-content\\\/uploads\\\/2025\\\/07\\\/mixmarket_logo.png\",\"contentUrl\":\"https:\\\/\\\/racom.com.pl\\\/wp-content\\\/uploads\\\/2025\\\/07\\\/mixmarket_logo.png\",\"width\":1024,\"height\":1024,\"caption\":\"Mix Market - Supermarket z wszystkim co potrzeba do domu i nie tylko\"},\"image\":{\"@id\":\"https:\\\/\\\/racom.com.pl\\\/#\\\/schema\\\/logo\\\/image\\\/\"}}]}<\/script>\n<!-- \/ Yoast SEO plugin. -->","yoast_head_json":{"title":"\u0141ADOWARKA INDUKCYJNA SK\u0141ADANA MAGSAFE DO APPLE 3W1 - Mix Market - Supermarket z wszystkim co potrzeba","robots":{"index":"index","follow":"follow","max-snippet":"max-snippet:-1","max-image-preview":"max-image-preview:large","max-video-preview":"max-video-preview:-1"},"canonical":"https:\/\/racom.com.pl\/index.php\/produkt\/ladowarka-indukcyjna-skladana-magsafe-do-apple-3w1\/","og_locale":"pl_PL","og_type":"article","og_title":"\u0141ADOWARKA INDUKCYJNA SK\u0141ADANA MAGSAFE DO APPLE 3W1 - Mix Market - Supermarket z wszystkim co potrzeba","og_description":"\u0141adowarka Indukcyjna \/ Bezprzewodowa 3w1 15W Smartfon, Apple Watch, AirPods P14 Magsafe czarna \u0141adowarka Indukcyjna \/ Bezprzewodowa 3w1 15W Smartfon, Apple Watch, AirPods P14 czarna Bezprzewodowa \u0142adowarka 3w1- mo\u017ce jednocze\u015bnie \u0142adowa\u0107 telefon kom\u00f3rkowy,&nbsp;Apple Watch i AirPods Mocna konstrukcja magnetyczna zapewnia, \u017ce \u200b\u200btelefon nie spadnie podczas \u0142adowania. Stacja \u0142aduj\u0105ca jest od\u0142\u0105czana, \u0142atwa do demonta\u017cu i instalacji, [&hellip;]","og_url":"https:\/\/racom.com.pl\/index.php\/produkt\/ladowarka-indukcyjna-skladana-magsafe-do-apple-3w1\/","og_site_name":"Mix Market - Supermarket z wszystkim co potrzeba","og_image":[{"width":800,"height":800,"url":"https:\/\/racom.com.pl\/wp-content\/uploads\/2025\/07\/allegro_687a6eebebdb07.95703569_89ab444643289f55b36b86453cb2.jpg","type":"image\/jpeg"}],"twitter_card":"summary_large_image","twitter_misc":{"Szacowany czas czytania":"2 minuty"},"schema":{"@context":"https:\/\/schema.org","@graph":[{"@type":"WebPage","@id":"https:\/\/racom.com.pl\/index.php\/produkt\/ladowarka-indukcyjna-skladana-magsafe-do-apple-3w1\/","url":"https:\/\/racom.com.pl\/index.php\/produkt\/ladowarka-indukcyjna-skladana-magsafe-do-apple-3w1\/","name":"\u0141ADOWARKA INDUKCYJNA SK\u0141ADANA MAGSAFE DO APPLE 3W1 - Mix Market - Supermarket z wszystkim co potrzeba","isPartOf":{"@id":"https:\/\/racom.com.pl\/#website"},"primaryImageOfPage":{"@id":"https:\/\/racom.com.pl\/index.php\/produkt\/ladowarka-indukcyjna-skladana-magsafe-do-apple-3w1\/#primaryimage"},"image":{"@id":"https:\/\/racom.com.pl\/index.php\/produkt\/ladowarka-indukcyjna-skladana-magsafe-do-apple-3w1\/#primaryimage"},"thumbnailUrl":"https:\/\/racom.com.pl\/wp-content\/uploads\/2025\/07\/allegro_687a6eebebdb07.95703569_89ab444643289f55b36b86453cb2.jpg","datePublished":"2025-07-18T15:56:51+00:00","breadcrumb":{"@id":"https:\/\/racom.com.pl\/index.php\/produkt\/ladowarka-indukcyjna-skladana-magsafe-do-apple-3w1\/#breadcrumb"},"inLanguage":"pl-PL","potentialAction":[{"@type":"ReadAction","target":["https:\/\/racom.com.pl\/index.php\/produkt\/ladowarka-indukcyjna-skladana-magsafe-do-apple-3w1\/"]}]},{"@type":"ImageObject","inLanguage":"pl-PL","@id":"https:\/\/racom.com.pl\/index.php\/produkt\/ladowarka-indukcyjna-skladana-magsafe-do-apple-3w1\/#primaryimage","url":"https:\/\/racom.com.pl\/wp-content\/uploads\/2025\/07\/allegro_687a6eebebdb07.95703569_89ab444643289f55b36b86453cb2.jpg","contentUrl":"https:\/\/racom.com.pl\/wp-content\/uploads\/2025\/07\/allegro_687a6eebebdb07.95703569_89ab444643289f55b36b86453cb2.jpg","width":800,"height":800},{"@type":"BreadcrumbList","@id":"https:\/\/racom.com.pl\/index.php\/produkt\/ladowarka-indukcyjna-skladana-magsafe-do-apple-3w1\/#breadcrumb","itemListElement":[{"@type":"ListItem","position":1,"name":"Strona g\u0142\u00f3wna","item":"https:\/\/racom.com.pl\/"},{"@type":"ListItem","position":2,"name":"Sklep","item":"https:\/\/racom.com.pl\/"},{"@type":"ListItem","position":3,"name":"\u0141ADOWARKA INDUKCYJNA SK\u0141ADANA MAGSAFE DO APPLE 3W1"}]},{"@type":"WebSite","@id":"https:\/\/racom.com.pl\/#website","url":"https:\/\/racom.com.pl\/","name":"Mix Market - Supermarket z wszystkim co potrzeba do domu i nie tylko","description":"","publisher":{"@id":"https:\/\/racom.com.pl\/#organization"},"potentialAction":[{"@type":"SearchAction","target":{"@type":"EntryPoint","urlTemplate":"https:\/\/racom.com.pl\/?s={search_term_string}"},"query-input":{"@type":"PropertyValueSpecification","valueRequired":true,"valueName":"search_term_string"}}],"inLanguage":"pl-PL"},{"@type":"Organization","@id":"https:\/\/racom.com.pl\/#organization","name":"Mix Market - Supermarket z wszystkim co potrzeba do domu i nie tylko","url":"https:\/\/racom.com.pl\/","logo":{"@type":"ImageObject","inLanguage":"pl-PL","@id":"https:\/\/racom.com.pl\/#\/schema\/logo\/image\/","url":"https:\/\/racom.com.pl\/wp-content\/uploads\/2025\/07\/mixmarket_logo.png","contentUrl":"https:\/\/racom.com.pl\/wp-content\/uploads\/2025\/07\/mixmarket_logo.png","width":1024,"height":1024,"caption":"Mix Market - Supermarket z wszystkim co potrzeba do domu i nie tylko"},"image":{"@id":"https:\/\/racom.com.pl\/#\/schema\/logo\/image\/"}}]}},"_links":{"self":[{"href":"https:\/\/racom.com.pl\/index.php\/wp-json\/wp\/v2\/product\/672","targetHints":{"allow":["GET"]}}],"collection":[{"href":"https:\/\/racom.com.pl\/index.php\/wp-json\/wp\/v2\/product"}],"about":[{"href":"https:\/\/racom.com.pl\/index.php\/wp-json\/wp\/v2\/types\/product"}],"replies":[{"embeddable":true,"href":"https:\/\/racom.com.pl\/index.php\/wp-json\/wp\/v2\/comments?post=672"}],"wp:featuredmedia":[{"embeddable":true,"href":"https:\/\/racom.com.pl\/index.php\/wp-json\/wp\/v2\/media\/678"}],"wp:attachment":[{"href":"https:\/\/racom.com.pl\/index.php\/wp-json\/wp\/v2\/media?parent=672"}],"wp:term":[{"taxonomy":"product_brand","embeddable":true,"href":"https:\/\/racom.com.pl\/index.php\/wp-json\/wp\/v2\/product_brand?post=672"},{"taxonomy":"product_cat","embeddable":true,"href":"https:\/\/racom.com.pl\/index.php\/wp-json\/wp\/v2\/product_cat?post=672"},{"taxonomy":"product_tag","embeddable":true,"href":"https:\/\/racom.com.pl\/index.php\/wp-json\/wp\/v2\/product_tag?post=672"}],"curies":[{"name":"wp","href":"https:\/\/api.w.org\/{rel}","templated":true}]}}