{"id":679,"date":"2025-07-18T17:57:37","date_gmt":"2025-07-18T15:57:37","guid":{"rendered":"http:\/\/192.168.2.106\/index.php\/produkt\/sluchawki-bezprzewodowe-edifier-wh500-czarne\/"},"modified":"2025-07-18T17:57:37","modified_gmt":"2025-07-18T15:57:37","slug":"sluchawki-bezprzewodowe-edifier-wh500-czarne","status":"publish","type":"product","link":"https:\/\/racom.com.pl\/index.php\/produkt\/sluchawki-bezprzewodowe-edifier-wh500-czarne\/","title":{"rendered":"S\u0142uchawki bezprzewodowe Edifier WH500 (czarne)"},"content":{"rendered":"<h2>S\u0142uchawki bezprzewodowe Edifier WH500 (czarne)<\/h2>\n<p>S\u0142uchawki bezprzewodowe Edifier WH500\n<\/p>\n<p>Wyposa\u017c si\u0119 w s\u0142uchawki, kt\u00f3re zapewni\u0105 Ci niezwyk\u0142e muzyczne wra\u017cenia. Model Edifier WH500 wykorzystuje wydajne przetworniki i wytrzyma\u0142y akumulator, dzi\u0119ki czemu b\u0119dziesz m\u00f3g\u0142 s\u0142ucha\u0107 swoich ulubionych playlist przez d\u0142ugie godziny. Ich konstrukcja wspiera komfort u\u017cytkowania, ponadczasowy design podkre\u015bla walory wizualne, a dedykowana aplikacja u\u0142atwia obs\u0142ug\u0119 i gwarantuje dost\u0119p do wielu przydatnych funkcji.<\/p>\n<p>\u00a0<\/p>\n<p>\nNajwy\u017csza jako\u015b\u0107 d\u017awi\u0119ku\n<\/p>\n<p><b>Poznaj now\u0105 g\u0142\u0119bi\u0119 swoich ulubionych utwor\u00f3w! S\u0142uchawki Edifier WH500 wykorzystuj\u0105 dynamiczne przetworniki o \u015brednicy 30 mm, dzi\u0119ki czemu generuj\u0105 czysty, nasycony szczeg\u00f3\u0142ami d\u017awi\u0119k. Dedykowana aplikacja oferuje mo\u017cliwo\u015b\u0107 dostosowania jako\u015bci d\u017awi\u0119ku, dla jeszcze lepszych wra\u017ce\u0144. Ponadto s\u0142uchawki pozwalaj\u0105 ograniczy\u0107 niechciane problemy ze s\u0142uchem, powodowane zbyt g\u0142o\u015bn\u0105 muzyk\u0105. Funkcja bezpiecznego odtwarzania ograniczy maksymalne nat\u0119\u017cenie do 85dB. Sprawia to, \u017ce model WH500 jest tak\u017ce przyjazny dzieciom, nie nara\u017caj\u0105c ich na uszkodzenie s\u0142uchu i dyskomfort.<\/b><\/p>\n<p>\u00a0<\/p>\n<p>\nWydajne zasilanie\n<\/p>\n<p>WH500 zosta\u0142y wyposa\u017cone w wydajny akumulator o pojemno\u015bci 350 mAh, kt\u00f3ry zapewnia nawet do 40 godzin nieprzerwanego odtwarzania muzyki. Co wi\u0119cej, obs\u0142ugiwany protok\u00f3\u0142 szybkiego \u0142adowania umo\u017cliwia 6-godzinne u\u017cytkowanie urz\u0105dzenia po zaledwie 10 minutach uzupe\u0142niania energii. Dla jeszcze wi\u0119kszej wygody, dedykowana aplikacja pozwala na zaprogramowanie czasu po jakim s\u0142uchawki automatycznie si\u0119 wy\u0142\u0105cz\u0105. 5, 15-minutowy czy nawet 3-godzinny podcast przed snem? Dobierz odpowiedni\u0105 d\u0142ugo\u015b\u0107 i oszcz\u0119dzaj energi\u0119!<\/p>\n<p>\u00a0<\/p>\n<p>\nPrzemy\u015blana konstrukcja\n<\/p>\n<p>S\u0142uchawki wyr\u00f3\u017cniaj\u0105 si\u0119 starannie dopracowanym designem. Ich lekka i ergonomiczna konstrukcja wspiera wygod\u0119 podczas noszenia, redukuj\u0105c dyskomfort nawet podczas d\u0142ugich sesji. Dodatkowo modu\u0142 Bluetooth 5.2 gwarantuje stabiln\u0105 transmisj\u0119 bez zak\u0142\u00f3ce\u0144, a funkcja sparowania z wi\u0119cej ni\u017c 1 urz\u0105dzeniem, u\u0142atwi Ci prac\u0119 i pozwoli na p\u0142ynne przej\u015bcie ze s\u0142uchania muzyki na laptopie do rozmowy na smartfonie. WH500 s\u0105 r\u00f3wnie\u017c niezwykle stylowe i wpisz\u0105 si\u0119 w ka\u017cd\u0105 stylizacj\u0119.<\/p>\n<p>\u00a0<\/p>\n<p>\nWbudowany mikrofon\n<\/p>\n<p>Model WH500 oferuje wbudowany mikrofon z funkcj\u0105 redukcji szum\u00f3w ENC oraz niskie op\u00f3\u017anienie do 80ms. Za pomoc\u0105 jednego klikni\u0119cia na s\u0142uchawce, b\u0105d\u017a w aplikacji mo\u017cliwe jest w\u0142\u0105czenie trybu gamingowego i dostosowanie odtwarzania do aktualnych potrzeb.<\/p>\n<p>\u00a0<\/p>\n<p>\nWi\u0119cej z aplikacj\u0105\n<\/p>\n<p>Zainstaluj aplikacj\u0119 Edifier Connect APP i uzyskaj dost\u0119p do jeszcze wi\u0119kszych mo\u017cliwo\u015bci. Z jej poziomu spersonalizujesz ustawienia equalizera, wybierzesz tryb pracy s\u0142uchawek, czy aktywujesz dodatkowe funkcje. Postaw na funkcjonalno\u015b\u0107, nie rezygnuj\u0105c z wygody!<\/p>\n<p>\u00a0<\/p>\n<p>\nZestaw zawiera:\n<\/p>\n<ul>\n<li>S\u0142uchawki<\/li>\n<li>Kabel \u0142adowania<\/li>\n<li>Instrukcj\u0119 obs\u0142ugi<\/li>\n<\/ul>\n<p>\u00a0<\/p>\n<p>\nSpecyfikacja:\n<\/p>\n<p>\u00a0<\/p>\n<p>\nProducent<br \/>\nEdifier<br \/>\nModel<br \/>\nWH500<br \/>\nKolor<br \/>\nCzarny<br \/>\nWersja Bluetooth<br \/>\n5.2<br \/>\nProfile Bluetooth<br \/>\nA2DP, AVRCP, HFP<br \/>\nZasi\u0119g<br \/>\nDo 10 m<br \/>\nCzas odtwarzania<br \/>\nDo 40 h<br \/>\nPojemno\u015b\u0107 akumulatora<br \/>\n350 mAh<br \/>\nPort \u0142adowania<br \/>\nUSB-C<br \/>\nWej\u015bcie<br \/>\n5 V \/ 1 A<br \/>\nCzas \u0142adowania<br \/>\nOk. 2 h<br \/>\nKodek audio<br \/>\nSBC<br \/>\nPrzetworniki<br \/>\n30 mm<br \/>\nPasmo przenoszenia<br \/>\n20 Hz &#8211; 20 kHz<br \/>\nSPL<br \/>\n91 \u00b13 dB (A)<br \/>\nImpedancja<br \/>\n16\u03a9<br \/>\nMikrofon<br \/>\nWbudowany<br \/>\nCzu\u0142o\u015b\u0107 mikrofonu<br \/>\n-42 dB \u00b1 2 dB<br \/>\nWaga<br \/>\n172 g<br \/>\nWymiary<br \/>\n163,3 x 67,2 x 185 mm<br \/>\nDodatkowe funkcje<br \/>\nMo\u017cliwo\u015b\u0107 po\u0142\u0105czenia z wi\u0119cej ni\u017c 1 urz\u0105dzeniem, Regulacja EQ, Bezpieczne odtwarzanie do 85dB, Automatyczne wy\u0142\u0105czanie\n<\/p>\n<p>\u00a0<\/p>\n<p>\u00a0<\/p>\n<ul>\n<li><b>Ilo\u015b\u0107 w kartonie:<\/b> 20 szt.<\/li>\n<li><b>Rodzaj:<\/b> Nauszne<\/li>\n<li><b>Wersja Bluetooth:<\/b> 5.2<\/li>\n<li><b>Kolor:<\/b> czarny<\/li>\n<li><b>Wodoodporno\u015b\u0107:<\/b> Brak<\/li>\n<li><b>Kod producenta:<\/b> WH500 black<\/li>\n<\/ul>\n<p>Opakowanie jest integraln\u0105 cz\u0119\u015bci\u0105 produktu.<\/p>\n<p>Pokrowce\/etui do telefon\u00f3w i tablet\u00f3w to cz\u0119sto zdj\u0119cie pogl\u0105dowe. W rzeczywisto\u015bci otrzymuj\u0105 Pa\u0144stwo futera\u0142 dopasowany do danego modelu urz\u0105dzenia z poprawnie rozmieszczonymi otworami na kamer\u0119\/aparat czy przyciski boczne.<\/p>\n<p>W przypadku baterii do telefon\u00f3w (zamiennik\u00f3w) zdj\u0119cie mo\u017ce by\u0107 zdj\u0119ciem pogl\u0105dowym. Po zakupie otrzymaj\u0105 Pa\u0144stwo produkt kompatybilny z danym urz\u0105dzeniem.<\/p>\n<p>Zdj\u0119cia produkt\u00f3w takich jak Szk\u0142a hartowane i folie ochronne na telefony\/tablety r\u00f3wnie\u017c mog\u0105 by\u0107 zdj\u0119ciami pogl\u0105dowymi.<\/p>\n","protected":false},"excerpt":{"rendered":"<p>S\u0142uchawki bezprzewodowe Edifier WH500 (czarne) S\u0142uchawki bezprzewodowe Edifier WH500 Wyposa\u017c si\u0119 w s\u0142uchawki, kt\u00f3re zapewni\u0105 Ci niezwyk\u0142e muzyczne wra\u017cenia. Model Edifier WH500 wykorzystuje wydajne przetworniki i wytrzyma\u0142y akumulator, dzi\u0119ki czemu b\u0119dziesz m\u00f3g\u0142 s\u0142ucha\u0107 swoich ulubionych playlist przez d\u0142ugie godziny. Ich konstrukcja wspiera komfort u\u017cytkowania, ponadczasowy design podkre\u015bla walory wizualne, a dedykowana aplikacja u\u0142atwia obs\u0142ug\u0119 i [&hellip;]<\/p>\n","protected":false},"featured_media":685,"comment_status":"open","ping_status":"closed","template":"","meta":[],"product_brand":[62],"product_cat":[30],"product_tag":[],"class_list":{"0":"post-679","1":"product","2":"type-product","3":"status-publish","4":"has-post-thumbnail","6":"product_brand-edifier","7":"product_cat-sluchawki","9":"first","10":"instock","11":"taxable","12":"shipping-taxable","13":"purchasable","14":"product-type-simple"},"yoast_head":"<!-- This site is optimized with the Yoast SEO plugin v27.3 - https:\/\/yoast.com\/product\/yoast-seo-wordpress\/ -->\n<title>S\u0142uchawki bezprzewodowe Edifier WH500 (czarne) - Mix Market - Supermarket z wszystkim co potrzeba<\/title>\n<meta name=\"robots\" content=\"index, follow, max-snippet:-1, max-image-preview:large, max-video-preview:-1\" \/>\n<link rel=\"canonical\" href=\"https:\/\/racom.com.pl\/index.php\/produkt\/sluchawki-bezprzewodowe-edifier-wh500-czarne\/\" \/>\n<meta property=\"og:locale\" content=\"pl_PL\" \/>\n<meta property=\"og:type\" content=\"article\" \/>\n<meta property=\"og:title\" content=\"S\u0142uchawki bezprzewodowe Edifier WH500 (czarne) - Mix Market - Supermarket z wszystkim co potrzeba\" \/>\n<meta property=\"og:description\" content=\"S\u0142uchawki bezprzewodowe Edifier WH500 (czarne) S\u0142uchawki bezprzewodowe Edifier WH500 Wyposa\u017c si\u0119 w s\u0142uchawki, kt\u00f3re zapewni\u0105 Ci niezwyk\u0142e muzyczne wra\u017cenia. Model Edifier WH500 wykorzystuje wydajne przetworniki i wytrzyma\u0142y akumulator, dzi\u0119ki czemu b\u0119dziesz m\u00f3g\u0142 s\u0142ucha\u0107 swoich ulubionych playlist przez d\u0142ugie godziny. Ich konstrukcja wspiera komfort u\u017cytkowania, ponadczasowy design podkre\u015bla walory wizualne, a dedykowana aplikacja u\u0142atwia obs\u0142ug\u0119 i [&hellip;]\" \/>\n<meta property=\"og:url\" content=\"https:\/\/racom.com.pl\/index.php\/produkt\/sluchawki-bezprzewodowe-edifier-wh500-czarne\/\" \/>\n<meta property=\"og:site_name\" content=\"Mix Market - Supermarket z wszystkim co potrzeba\" \/>\n<meta property=\"og:image\" content=\"https:\/\/racom.com.pl\/wp-content\/uploads\/2025\/07\/allegro_687a6f1638a619.63082702_693af13f4895a8bb2d19b2ab26fc.jpg\" \/>\n\t<meta property=\"og:image:width\" content=\"800\" \/>\n\t<meta property=\"og:image:height\" content=\"800\" \/>\n\t<meta property=\"og:image:type\" content=\"image\/jpeg\" \/>\n<meta name=\"twitter:card\" content=\"summary_large_image\" \/>\n<meta name=\"twitter:label1\" content=\"Szacowany czas czytania\" \/>\n\t<meta name=\"twitter:data1\" content=\"3 minuty\" \/>\n<script type=\"application\/ld+json\" class=\"yoast-schema-graph\">{\"@context\":\"https:\\\/\\\/schema.org\",\"@graph\":[{\"@type\":\"WebPage\",\"@id\":\"https:\\\/\\\/racom.com.pl\\\/index.php\\\/produkt\\\/sluchawki-bezprzewodowe-edifier-wh500-czarne\\\/\",\"url\":\"https:\\\/\\\/racom.com.pl\\\/index.php\\\/produkt\\\/sluchawki-bezprzewodowe-edifier-wh500-czarne\\\/\",\"name\":\"S\u0142uchawki bezprzewodowe Edifier WH500 (czarne) - Mix Market - Supermarket z wszystkim co potrzeba\",\"isPartOf\":{\"@id\":\"https:\\\/\\\/racom.com.pl\\\/#website\"},\"primaryImageOfPage\":{\"@id\":\"https:\\\/\\\/racom.com.pl\\\/index.php\\\/produkt\\\/sluchawki-bezprzewodowe-edifier-wh500-czarne\\\/#primaryimage\"},\"image\":{\"@id\":\"https:\\\/\\\/racom.com.pl\\\/index.php\\\/produkt\\\/sluchawki-bezprzewodowe-edifier-wh500-czarne\\\/#primaryimage\"},\"thumbnailUrl\":\"https:\\\/\\\/racom.com.pl\\\/wp-content\\\/uploads\\\/2025\\\/07\\\/allegro_687a6f1638a619.63082702_693af13f4895a8bb2d19b2ab26fc.jpg\",\"datePublished\":\"2025-07-18T15:57:37+00:00\",\"breadcrumb\":{\"@id\":\"https:\\\/\\\/racom.com.pl\\\/index.php\\\/produkt\\\/sluchawki-bezprzewodowe-edifier-wh500-czarne\\\/#breadcrumb\"},\"inLanguage\":\"pl-PL\",\"potentialAction\":[{\"@type\":\"ReadAction\",\"target\":[\"https:\\\/\\\/racom.com.pl\\\/index.php\\\/produkt\\\/sluchawki-bezprzewodowe-edifier-wh500-czarne\\\/\"]}]},{\"@type\":\"ImageObject\",\"inLanguage\":\"pl-PL\",\"@id\":\"https:\\\/\\\/racom.com.pl\\\/index.php\\\/produkt\\\/sluchawki-bezprzewodowe-edifier-wh500-czarne\\\/#primaryimage\",\"url\":\"https:\\\/\\\/racom.com.pl\\\/wp-content\\\/uploads\\\/2025\\\/07\\\/allegro_687a6f1638a619.63082702_693af13f4895a8bb2d19b2ab26fc.jpg\",\"contentUrl\":\"https:\\\/\\\/racom.com.pl\\\/wp-content\\\/uploads\\\/2025\\\/07\\\/allegro_687a6f1638a619.63082702_693af13f4895a8bb2d19b2ab26fc.jpg\",\"width\":800,\"height\":800},{\"@type\":\"BreadcrumbList\",\"@id\":\"https:\\\/\\\/racom.com.pl\\\/index.php\\\/produkt\\\/sluchawki-bezprzewodowe-edifier-wh500-czarne\\\/#breadcrumb\",\"itemListElement\":[{\"@type\":\"ListItem\",\"position\":1,\"name\":\"Strona g\u0142\u00f3wna\",\"item\":\"https:\\\/\\\/racom.com.pl\\\/\"},{\"@type\":\"ListItem\",\"position\":2,\"name\":\"Sklep\",\"item\":\"https:\\\/\\\/racom.com.pl\\\/\"},{\"@type\":\"ListItem\",\"position\":3,\"name\":\"S\u0142uchawki bezprzewodowe Edifier WH500 (czarne)\"}]},{\"@type\":\"WebSite\",\"@id\":\"https:\\\/\\\/racom.com.pl\\\/#website\",\"url\":\"https:\\\/\\\/racom.com.pl\\\/\",\"name\":\"Mix Market - Supermarket z wszystkim co potrzeba do domu i nie tylko\",\"description\":\"\",\"publisher\":{\"@id\":\"https:\\\/\\\/racom.com.pl\\\/#organization\"},\"potentialAction\":[{\"@type\":\"SearchAction\",\"target\":{\"@type\":\"EntryPoint\",\"urlTemplate\":\"https:\\\/\\\/racom.com.pl\\\/?s={search_term_string}\"},\"query-input\":{\"@type\":\"PropertyValueSpecification\",\"valueRequired\":true,\"valueName\":\"search_term_string\"}}],\"inLanguage\":\"pl-PL\"},{\"@type\":\"Organization\",\"@id\":\"https:\\\/\\\/racom.com.pl\\\/#organization\",\"name\":\"Mix Market - Supermarket z wszystkim co potrzeba do domu i nie tylko\",\"url\":\"https:\\\/\\\/racom.com.pl\\\/\",\"logo\":{\"@type\":\"ImageObject\",\"inLanguage\":\"pl-PL\",\"@id\":\"https:\\\/\\\/racom.com.pl\\\/#\\\/schema\\\/logo\\\/image\\\/\",\"url\":\"https:\\\/\\\/racom.com.pl\\\/wp-content\\\/uploads\\\/2025\\\/07\\\/mixmarket_logo.png\",\"contentUrl\":\"https:\\\/\\\/racom.com.pl\\\/wp-content\\\/uploads\\\/2025\\\/07\\\/mixmarket_logo.png\",\"width\":1024,\"height\":1024,\"caption\":\"Mix Market - Supermarket z wszystkim co potrzeba do domu i nie tylko\"},\"image\":{\"@id\":\"https:\\\/\\\/racom.com.pl\\\/#\\\/schema\\\/logo\\\/image\\\/\"}}]}<\/script>\n<!-- \/ Yoast SEO plugin. -->","yoast_head_json":{"title":"S\u0142uchawki bezprzewodowe Edifier WH500 (czarne) - Mix Market - Supermarket z wszystkim co potrzeba","robots":{"index":"index","follow":"follow","max-snippet":"max-snippet:-1","max-image-preview":"max-image-preview:large","max-video-preview":"max-video-preview:-1"},"canonical":"https:\/\/racom.com.pl\/index.php\/produkt\/sluchawki-bezprzewodowe-edifier-wh500-czarne\/","og_locale":"pl_PL","og_type":"article","og_title":"S\u0142uchawki bezprzewodowe Edifier WH500 (czarne) - Mix Market - Supermarket z wszystkim co potrzeba","og_description":"S\u0142uchawki bezprzewodowe Edifier WH500 (czarne) S\u0142uchawki bezprzewodowe Edifier WH500 Wyposa\u017c si\u0119 w s\u0142uchawki, kt\u00f3re zapewni\u0105 Ci niezwyk\u0142e muzyczne wra\u017cenia. Model Edifier WH500 wykorzystuje wydajne przetworniki i wytrzyma\u0142y akumulator, dzi\u0119ki czemu b\u0119dziesz m\u00f3g\u0142 s\u0142ucha\u0107 swoich ulubionych playlist przez d\u0142ugie godziny. Ich konstrukcja wspiera komfort u\u017cytkowania, ponadczasowy design podkre\u015bla walory wizualne, a dedykowana aplikacja u\u0142atwia obs\u0142ug\u0119 i [&hellip;]","og_url":"https:\/\/racom.com.pl\/index.php\/produkt\/sluchawki-bezprzewodowe-edifier-wh500-czarne\/","og_site_name":"Mix Market - Supermarket z wszystkim co potrzeba","og_image":[{"width":800,"height":800,"url":"https:\/\/racom.com.pl\/wp-content\/uploads\/2025\/07\/allegro_687a6f1638a619.63082702_693af13f4895a8bb2d19b2ab26fc.jpg","type":"image\/jpeg"}],"twitter_card":"summary_large_image","twitter_misc":{"Szacowany czas czytania":"3 minuty"},"schema":{"@context":"https:\/\/schema.org","@graph":[{"@type":"WebPage","@id":"https:\/\/racom.com.pl\/index.php\/produkt\/sluchawki-bezprzewodowe-edifier-wh500-czarne\/","url":"https:\/\/racom.com.pl\/index.php\/produkt\/sluchawki-bezprzewodowe-edifier-wh500-czarne\/","name":"S\u0142uchawki bezprzewodowe Edifier WH500 (czarne) - Mix Market - Supermarket z wszystkim co potrzeba","isPartOf":{"@id":"https:\/\/racom.com.pl\/#website"},"primaryImageOfPage":{"@id":"https:\/\/racom.com.pl\/index.php\/produkt\/sluchawki-bezprzewodowe-edifier-wh500-czarne\/#primaryimage"},"image":{"@id":"https:\/\/racom.com.pl\/index.php\/produkt\/sluchawki-bezprzewodowe-edifier-wh500-czarne\/#primaryimage"},"thumbnailUrl":"https:\/\/racom.com.pl\/wp-content\/uploads\/2025\/07\/allegro_687a6f1638a619.63082702_693af13f4895a8bb2d19b2ab26fc.jpg","datePublished":"2025-07-18T15:57:37+00:00","breadcrumb":{"@id":"https:\/\/racom.com.pl\/index.php\/produkt\/sluchawki-bezprzewodowe-edifier-wh500-czarne\/#breadcrumb"},"inLanguage":"pl-PL","potentialAction":[{"@type":"ReadAction","target":["https:\/\/racom.com.pl\/index.php\/produkt\/sluchawki-bezprzewodowe-edifier-wh500-czarne\/"]}]},{"@type":"ImageObject","inLanguage":"pl-PL","@id":"https:\/\/racom.com.pl\/index.php\/produkt\/sluchawki-bezprzewodowe-edifier-wh500-czarne\/#primaryimage","url":"https:\/\/racom.com.pl\/wp-content\/uploads\/2025\/07\/allegro_687a6f1638a619.63082702_693af13f4895a8bb2d19b2ab26fc.jpg","contentUrl":"https:\/\/racom.com.pl\/wp-content\/uploads\/2025\/07\/allegro_687a6f1638a619.63082702_693af13f4895a8bb2d19b2ab26fc.jpg","width":800,"height":800},{"@type":"BreadcrumbList","@id":"https:\/\/racom.com.pl\/index.php\/produkt\/sluchawki-bezprzewodowe-edifier-wh500-czarne\/#breadcrumb","itemListElement":[{"@type":"ListItem","position":1,"name":"Strona g\u0142\u00f3wna","item":"https:\/\/racom.com.pl\/"},{"@type":"ListItem","position":2,"name":"Sklep","item":"https:\/\/racom.com.pl\/"},{"@type":"ListItem","position":3,"name":"S\u0142uchawki bezprzewodowe Edifier WH500 (czarne)"}]},{"@type":"WebSite","@id":"https:\/\/racom.com.pl\/#website","url":"https:\/\/racom.com.pl\/","name":"Mix Market - Supermarket z wszystkim co potrzeba do domu i nie tylko","description":"","publisher":{"@id":"https:\/\/racom.com.pl\/#organization"},"potentialAction":[{"@type":"SearchAction","target":{"@type":"EntryPoint","urlTemplate":"https:\/\/racom.com.pl\/?s={search_term_string}"},"query-input":{"@type":"PropertyValueSpecification","valueRequired":true,"valueName":"search_term_string"}}],"inLanguage":"pl-PL"},{"@type":"Organization","@id":"https:\/\/racom.com.pl\/#organization","name":"Mix Market - Supermarket z wszystkim co potrzeba do domu i nie tylko","url":"https:\/\/racom.com.pl\/","logo":{"@type":"ImageObject","inLanguage":"pl-PL","@id":"https:\/\/racom.com.pl\/#\/schema\/logo\/image\/","url":"https:\/\/racom.com.pl\/wp-content\/uploads\/2025\/07\/mixmarket_logo.png","contentUrl":"https:\/\/racom.com.pl\/wp-content\/uploads\/2025\/07\/mixmarket_logo.png","width":1024,"height":1024,"caption":"Mix Market - Supermarket z wszystkim co potrzeba do domu i nie tylko"},"image":{"@id":"https:\/\/racom.com.pl\/#\/schema\/logo\/image\/"}}]}},"_links":{"self":[{"href":"https:\/\/racom.com.pl\/index.php\/wp-json\/wp\/v2\/product\/679","targetHints":{"allow":["GET"]}}],"collection":[{"href":"https:\/\/racom.com.pl\/index.php\/wp-json\/wp\/v2\/product"}],"about":[{"href":"https:\/\/racom.com.pl\/index.php\/wp-json\/wp\/v2\/types\/product"}],"replies":[{"embeddable":true,"href":"https:\/\/racom.com.pl\/index.php\/wp-json\/wp\/v2\/comments?post=679"}],"wp:featuredmedia":[{"embeddable":true,"href":"https:\/\/racom.com.pl\/index.php\/wp-json\/wp\/v2\/media\/685"}],"wp:attachment":[{"href":"https:\/\/racom.com.pl\/index.php\/wp-json\/wp\/v2\/media?parent=679"}],"wp:term":[{"taxonomy":"product_brand","embeddable":true,"href":"https:\/\/racom.com.pl\/index.php\/wp-json\/wp\/v2\/product_brand?post=679"},{"taxonomy":"product_cat","embeddable":true,"href":"https:\/\/racom.com.pl\/index.php\/wp-json\/wp\/v2\/product_cat?post=679"},{"taxonomy":"product_tag","embeddable":true,"href":"https:\/\/racom.com.pl\/index.php\/wp-json\/wp\/v2\/product_tag?post=679"}],"curies":[{"name":"wp","href":"https:\/\/api.w.org\/{rel}","templated":true}]}}