{"id":686,"date":"2025-07-18T17:58:18","date_gmt":"2025-07-18T15:58:18","guid":{"rendered":"http:\/\/192.168.2.106\/index.php\/produkt\/devia-pasek-do-apple-watch-49mm-45mm-44mm-42mm\/"},"modified":"2025-07-18T17:58:18","modified_gmt":"2025-07-18T15:58:18","slug":"devia-pasek-do-apple-watch-49mm-45mm-44mm-42mm","status":"publish","type":"product","link":"https:\/\/racom.com.pl\/index.php\/produkt\/devia-pasek-do-apple-watch-49mm-45mm-44mm-42mm\/","title":{"rendered":"Devia pasek do Apple Watch 49mm\/ 45mm\/ 44mm\/ 42mm"},"content":{"rendered":"<h2>Devia pasek do Apple Watch 49mm\/ 45mm\/ 44mm\/ 42mm<\/h2>\n<p>Devia Elegant Link to pasek dedykowany do smartwatch Apple generacji 1\/2\/3\/4\/5. Wykonany zosta\u0142 z wysokiej jako\u015bci stali nierdzewnej po\u0142\u0105czone z kilkudziesi\u0119ciu element\u00f3w. Jego elegancki wygl\u0105d wpasuje si\u0119 w ka\u017cdy dzie\u0144 kiedy go potrzebujesz.<\/p>\n<ul>\n<li><b>Producent:<\/b> Devia<\/li>\n<li><b>Marka:<\/b> Devia<\/li>\n<li><b>Gwarancja:<\/b> 12,00<\/li>\n<li><b>Kompatybilno\u015b\u0107:<\/b> Apple Watch 1 \/ 2 \/ 3 \/ 4 \/ 5<\/li>\n<\/ul>\n<p>Opakowanie jest integraln\u0105 cz\u0119\u015bci\u0105 produktu.<\/p>\n<p>Pokrowce\/etui do telefon\u00f3w i tablet\u00f3w to cz\u0119sto zdj\u0119cie pogl\u0105dowe. W rzeczywisto\u015bci otrzymuj\u0105 Pa\u0144stwo futera\u0142 dopasowany do danego modelu urz\u0105dzenia z poprawnie rozmieszczonymi otworami na kamer\u0119\/aparat czy przyciski boczne.<\/p>\n<p>W przypadku baterii do telefon\u00f3w (zamiennik\u00f3w) zdj\u0119cie mo\u017ce by\u0107 zdj\u0119ciem pogl\u0105dowym. Po zakupie otrzymaj\u0105 Pa\u0144stwo produkt kompatybilny z danym urz\u0105dzeniem.<\/p>\n<p>Zdj\u0119cia produkt\u00f3w takich jak Szk\u0142a hartowane i folie ochronne na telefony\/tablety r\u00f3wnie\u017c mog\u0105 by\u0107 zdj\u0119ciami pogl\u0105dowymi.<\/p>\n","protected":false},"excerpt":{"rendered":"<p>Devia pasek do Apple Watch 49mm\/ 45mm\/ 44mm\/ 42mm Devia Elegant Link to pasek dedykowany do smartwatch Apple generacji 1\/2\/3\/4\/5. Wykonany zosta\u0142 z wysokiej jako\u015bci stali nierdzewnej po\u0142\u0105czone z kilkudziesi\u0119ciu element\u00f3w. Jego elegancki wygl\u0105d wpasuje si\u0119 w ka\u017cdy dzie\u0144 kiedy go potrzebujesz. Producent: Devia Marka: Devia Gwarancja: 12,00 Kompatybilno\u015b\u0107: Apple Watch 1 \/ 2 \/ [&hellip;]<\/p>\n","protected":false},"featured_media":688,"comment_status":"open","ping_status":"closed","template":"","meta":[],"product_brand":[],"product_cat":[34],"product_tag":[],"class_list":{"0":"post-686","1":"product","2":"type-product","3":"status-publish","4":"has-post-thumbnail","6":"product_cat-smartwatche-i-akcesoria","8":"first","9":"instock","10":"taxable","11":"shipping-taxable","12":"purchasable","13":"product-type-simple"},"yoast_head":"<!-- This site is optimized with the Yoast SEO plugin v27.3 - https:\/\/yoast.com\/product\/yoast-seo-wordpress\/ -->\n<title>Devia pasek do Apple Watch 49mm\/ 45mm\/ 44mm\/ 42mm - Mix Market - Supermarket z wszystkim co potrzeba<\/title>\n<meta name=\"robots\" content=\"index, follow, max-snippet:-1, max-image-preview:large, max-video-preview:-1\" \/>\n<link rel=\"canonical\" href=\"https:\/\/racom.com.pl\/index.php\/produkt\/devia-pasek-do-apple-watch-49mm-45mm-44mm-42mm\/\" \/>\n<meta property=\"og:locale\" content=\"pl_PL\" \/>\n<meta property=\"og:type\" content=\"article\" \/>\n<meta property=\"og:title\" content=\"Devia pasek do Apple Watch 49mm\/ 45mm\/ 44mm\/ 42mm - Mix Market - Supermarket z wszystkim co potrzeba\" \/>\n<meta property=\"og:description\" content=\"Devia pasek do Apple Watch 49mm\/ 45mm\/ 44mm\/ 42mm Devia Elegant Link to pasek dedykowany do smartwatch Apple generacji 1\/2\/3\/4\/5. Wykonany zosta\u0142 z wysokiej jako\u015bci stali nierdzewnej po\u0142\u0105czone z kilkudziesi\u0119ciu element\u00f3w. Jego elegancki wygl\u0105d wpasuje si\u0119 w ka\u017cdy dzie\u0144 kiedy go potrzebujesz. Producent: Devia Marka: Devia Gwarancja: 12,00 Kompatybilno\u015b\u0107: Apple Watch 1 \/ 2 \/ [&hellip;]\" \/>\n<meta property=\"og:url\" content=\"https:\/\/racom.com.pl\/index.php\/produkt\/devia-pasek-do-apple-watch-49mm-45mm-44mm-42mm\/\" \/>\n<meta property=\"og:site_name\" content=\"Mix Market - Supermarket z wszystkim co potrzeba\" \/>\n<meta property=\"og:image\" content=\"https:\/\/racom.com.pl\/wp-content\/uploads\/2025\/07\/allegro_687a6f31183316.03558700_47dcec754135b0e1db527c4f9330.jpg\" \/>\n\t<meta property=\"og:image:width\" content=\"1000\" \/>\n\t<meta property=\"og:image:height\" content=\"1000\" \/>\n\t<meta property=\"og:image:type\" content=\"image\/jpeg\" \/>\n<meta name=\"twitter:card\" content=\"summary_large_image\" \/>\n<meta name=\"twitter:label1\" content=\"Szacowany czas czytania\" \/>\n\t<meta name=\"twitter:data1\" content=\"1 minuta\" \/>\n<script type=\"application\/ld+json\" class=\"yoast-schema-graph\">{\"@context\":\"https:\\\/\\\/schema.org\",\"@graph\":[{\"@type\":\"WebPage\",\"@id\":\"https:\\\/\\\/racom.com.pl\\\/index.php\\\/produkt\\\/devia-pasek-do-apple-watch-49mm-45mm-44mm-42mm\\\/\",\"url\":\"https:\\\/\\\/racom.com.pl\\\/index.php\\\/produkt\\\/devia-pasek-do-apple-watch-49mm-45mm-44mm-42mm\\\/\",\"name\":\"Devia pasek do Apple Watch 49mm\\\/ 45mm\\\/ 44mm\\\/ 42mm - Mix Market - Supermarket z wszystkim co potrzeba\",\"isPartOf\":{\"@id\":\"https:\\\/\\\/racom.com.pl\\\/#website\"},\"primaryImageOfPage\":{\"@id\":\"https:\\\/\\\/racom.com.pl\\\/index.php\\\/produkt\\\/devia-pasek-do-apple-watch-49mm-45mm-44mm-42mm\\\/#primaryimage\"},\"image\":{\"@id\":\"https:\\\/\\\/racom.com.pl\\\/index.php\\\/produkt\\\/devia-pasek-do-apple-watch-49mm-45mm-44mm-42mm\\\/#primaryimage\"},\"thumbnailUrl\":\"https:\\\/\\\/racom.com.pl\\\/wp-content\\\/uploads\\\/2025\\\/07\\\/allegro_687a6f31183316.03558700_47dcec754135b0e1db527c4f9330.jpg\",\"datePublished\":\"2025-07-18T15:58:18+00:00\",\"breadcrumb\":{\"@id\":\"https:\\\/\\\/racom.com.pl\\\/index.php\\\/produkt\\\/devia-pasek-do-apple-watch-49mm-45mm-44mm-42mm\\\/#breadcrumb\"},\"inLanguage\":\"pl-PL\",\"potentialAction\":[{\"@type\":\"ReadAction\",\"target\":[\"https:\\\/\\\/racom.com.pl\\\/index.php\\\/produkt\\\/devia-pasek-do-apple-watch-49mm-45mm-44mm-42mm\\\/\"]}]},{\"@type\":\"ImageObject\",\"inLanguage\":\"pl-PL\",\"@id\":\"https:\\\/\\\/racom.com.pl\\\/index.php\\\/produkt\\\/devia-pasek-do-apple-watch-49mm-45mm-44mm-42mm\\\/#primaryimage\",\"url\":\"https:\\\/\\\/racom.com.pl\\\/wp-content\\\/uploads\\\/2025\\\/07\\\/allegro_687a6f31183316.03558700_47dcec754135b0e1db527c4f9330.jpg\",\"contentUrl\":\"https:\\\/\\\/racom.com.pl\\\/wp-content\\\/uploads\\\/2025\\\/07\\\/allegro_687a6f31183316.03558700_47dcec754135b0e1db527c4f9330.jpg\",\"width\":1000,\"height\":1000},{\"@type\":\"BreadcrumbList\",\"@id\":\"https:\\\/\\\/racom.com.pl\\\/index.php\\\/produkt\\\/devia-pasek-do-apple-watch-49mm-45mm-44mm-42mm\\\/#breadcrumb\",\"itemListElement\":[{\"@type\":\"ListItem\",\"position\":1,\"name\":\"Strona g\u0142\u00f3wna\",\"item\":\"https:\\\/\\\/racom.com.pl\\\/\"},{\"@type\":\"ListItem\",\"position\":2,\"name\":\"Sklep\",\"item\":\"https:\\\/\\\/racom.com.pl\\\/\"},{\"@type\":\"ListItem\",\"position\":3,\"name\":\"Devia pasek do Apple Watch 49mm\\\/ 45mm\\\/ 44mm\\\/ 42mm\"}]},{\"@type\":\"WebSite\",\"@id\":\"https:\\\/\\\/racom.com.pl\\\/#website\",\"url\":\"https:\\\/\\\/racom.com.pl\\\/\",\"name\":\"Mix Market - Supermarket z wszystkim co potrzeba do domu i nie tylko\",\"description\":\"\",\"publisher\":{\"@id\":\"https:\\\/\\\/racom.com.pl\\\/#organization\"},\"potentialAction\":[{\"@type\":\"SearchAction\",\"target\":{\"@type\":\"EntryPoint\",\"urlTemplate\":\"https:\\\/\\\/racom.com.pl\\\/?s={search_term_string}\"},\"query-input\":{\"@type\":\"PropertyValueSpecification\",\"valueRequired\":true,\"valueName\":\"search_term_string\"}}],\"inLanguage\":\"pl-PL\"},{\"@type\":\"Organization\",\"@id\":\"https:\\\/\\\/racom.com.pl\\\/#organization\",\"name\":\"Mix Market - Supermarket z wszystkim co potrzeba do domu i nie tylko\",\"url\":\"https:\\\/\\\/racom.com.pl\\\/\",\"logo\":{\"@type\":\"ImageObject\",\"inLanguage\":\"pl-PL\",\"@id\":\"https:\\\/\\\/racom.com.pl\\\/#\\\/schema\\\/logo\\\/image\\\/\",\"url\":\"https:\\\/\\\/racom.com.pl\\\/wp-content\\\/uploads\\\/2025\\\/07\\\/mixmarket_logo.png\",\"contentUrl\":\"https:\\\/\\\/racom.com.pl\\\/wp-content\\\/uploads\\\/2025\\\/07\\\/mixmarket_logo.png\",\"width\":1024,\"height\":1024,\"caption\":\"Mix Market - Supermarket z wszystkim co potrzeba do domu i nie tylko\"},\"image\":{\"@id\":\"https:\\\/\\\/racom.com.pl\\\/#\\\/schema\\\/logo\\\/image\\\/\"}}]}<\/script>\n<!-- \/ Yoast SEO plugin. -->","yoast_head_json":{"title":"Devia pasek do Apple Watch 49mm\/ 45mm\/ 44mm\/ 42mm - Mix Market - Supermarket z wszystkim co potrzeba","robots":{"index":"index","follow":"follow","max-snippet":"max-snippet:-1","max-image-preview":"max-image-preview:large","max-video-preview":"max-video-preview:-1"},"canonical":"https:\/\/racom.com.pl\/index.php\/produkt\/devia-pasek-do-apple-watch-49mm-45mm-44mm-42mm\/","og_locale":"pl_PL","og_type":"article","og_title":"Devia pasek do Apple Watch 49mm\/ 45mm\/ 44mm\/ 42mm - Mix Market - Supermarket z wszystkim co potrzeba","og_description":"Devia pasek do Apple Watch 49mm\/ 45mm\/ 44mm\/ 42mm Devia Elegant Link to pasek dedykowany do smartwatch Apple generacji 1\/2\/3\/4\/5. Wykonany zosta\u0142 z wysokiej jako\u015bci stali nierdzewnej po\u0142\u0105czone z kilkudziesi\u0119ciu element\u00f3w. Jego elegancki wygl\u0105d wpasuje si\u0119 w ka\u017cdy dzie\u0144 kiedy go potrzebujesz. Producent: Devia Marka: Devia Gwarancja: 12,00 Kompatybilno\u015b\u0107: Apple Watch 1 \/ 2 \/ [&hellip;]","og_url":"https:\/\/racom.com.pl\/index.php\/produkt\/devia-pasek-do-apple-watch-49mm-45mm-44mm-42mm\/","og_site_name":"Mix Market - Supermarket z wszystkim co potrzeba","og_image":[{"width":1000,"height":1000,"url":"https:\/\/racom.com.pl\/wp-content\/uploads\/2025\/07\/allegro_687a6f31183316.03558700_47dcec754135b0e1db527c4f9330.jpg","type":"image\/jpeg"}],"twitter_card":"summary_large_image","twitter_misc":{"Szacowany czas czytania":"1 minuta"},"schema":{"@context":"https:\/\/schema.org","@graph":[{"@type":"WebPage","@id":"https:\/\/racom.com.pl\/index.php\/produkt\/devia-pasek-do-apple-watch-49mm-45mm-44mm-42mm\/","url":"https:\/\/racom.com.pl\/index.php\/produkt\/devia-pasek-do-apple-watch-49mm-45mm-44mm-42mm\/","name":"Devia pasek do Apple Watch 49mm\/ 45mm\/ 44mm\/ 42mm - Mix Market - Supermarket z wszystkim co potrzeba","isPartOf":{"@id":"https:\/\/racom.com.pl\/#website"},"primaryImageOfPage":{"@id":"https:\/\/racom.com.pl\/index.php\/produkt\/devia-pasek-do-apple-watch-49mm-45mm-44mm-42mm\/#primaryimage"},"image":{"@id":"https:\/\/racom.com.pl\/index.php\/produkt\/devia-pasek-do-apple-watch-49mm-45mm-44mm-42mm\/#primaryimage"},"thumbnailUrl":"https:\/\/racom.com.pl\/wp-content\/uploads\/2025\/07\/allegro_687a6f31183316.03558700_47dcec754135b0e1db527c4f9330.jpg","datePublished":"2025-07-18T15:58:18+00:00","breadcrumb":{"@id":"https:\/\/racom.com.pl\/index.php\/produkt\/devia-pasek-do-apple-watch-49mm-45mm-44mm-42mm\/#breadcrumb"},"inLanguage":"pl-PL","potentialAction":[{"@type":"ReadAction","target":["https:\/\/racom.com.pl\/index.php\/produkt\/devia-pasek-do-apple-watch-49mm-45mm-44mm-42mm\/"]}]},{"@type":"ImageObject","inLanguage":"pl-PL","@id":"https:\/\/racom.com.pl\/index.php\/produkt\/devia-pasek-do-apple-watch-49mm-45mm-44mm-42mm\/#primaryimage","url":"https:\/\/racom.com.pl\/wp-content\/uploads\/2025\/07\/allegro_687a6f31183316.03558700_47dcec754135b0e1db527c4f9330.jpg","contentUrl":"https:\/\/racom.com.pl\/wp-content\/uploads\/2025\/07\/allegro_687a6f31183316.03558700_47dcec754135b0e1db527c4f9330.jpg","width":1000,"height":1000},{"@type":"BreadcrumbList","@id":"https:\/\/racom.com.pl\/index.php\/produkt\/devia-pasek-do-apple-watch-49mm-45mm-44mm-42mm\/#breadcrumb","itemListElement":[{"@type":"ListItem","position":1,"name":"Strona g\u0142\u00f3wna","item":"https:\/\/racom.com.pl\/"},{"@type":"ListItem","position":2,"name":"Sklep","item":"https:\/\/racom.com.pl\/"},{"@type":"ListItem","position":3,"name":"Devia pasek do Apple Watch 49mm\/ 45mm\/ 44mm\/ 42mm"}]},{"@type":"WebSite","@id":"https:\/\/racom.com.pl\/#website","url":"https:\/\/racom.com.pl\/","name":"Mix Market - Supermarket z wszystkim co potrzeba do domu i nie tylko","description":"","publisher":{"@id":"https:\/\/racom.com.pl\/#organization"},"potentialAction":[{"@type":"SearchAction","target":{"@type":"EntryPoint","urlTemplate":"https:\/\/racom.com.pl\/?s={search_term_string}"},"query-input":{"@type":"PropertyValueSpecification","valueRequired":true,"valueName":"search_term_string"}}],"inLanguage":"pl-PL"},{"@type":"Organization","@id":"https:\/\/racom.com.pl\/#organization","name":"Mix Market - Supermarket z wszystkim co potrzeba do domu i nie tylko","url":"https:\/\/racom.com.pl\/","logo":{"@type":"ImageObject","inLanguage":"pl-PL","@id":"https:\/\/racom.com.pl\/#\/schema\/logo\/image\/","url":"https:\/\/racom.com.pl\/wp-content\/uploads\/2025\/07\/mixmarket_logo.png","contentUrl":"https:\/\/racom.com.pl\/wp-content\/uploads\/2025\/07\/mixmarket_logo.png","width":1024,"height":1024,"caption":"Mix Market - Supermarket z wszystkim co potrzeba do domu i nie tylko"},"image":{"@id":"https:\/\/racom.com.pl\/#\/schema\/logo\/image\/"}}]}},"_links":{"self":[{"href":"https:\/\/racom.com.pl\/index.php\/wp-json\/wp\/v2\/product\/686","targetHints":{"allow":["GET"]}}],"collection":[{"href":"https:\/\/racom.com.pl\/index.php\/wp-json\/wp\/v2\/product"}],"about":[{"href":"https:\/\/racom.com.pl\/index.php\/wp-json\/wp\/v2\/types\/product"}],"replies":[{"embeddable":true,"href":"https:\/\/racom.com.pl\/index.php\/wp-json\/wp\/v2\/comments?post=686"}],"wp:featuredmedia":[{"embeddable":true,"href":"https:\/\/racom.com.pl\/index.php\/wp-json\/wp\/v2\/media\/688"}],"wp:attachment":[{"href":"https:\/\/racom.com.pl\/index.php\/wp-json\/wp\/v2\/media?parent=686"}],"wp:term":[{"taxonomy":"product_brand","embeddable":true,"href":"https:\/\/racom.com.pl\/index.php\/wp-json\/wp\/v2\/product_brand?post=686"},{"taxonomy":"product_cat","embeddable":true,"href":"https:\/\/racom.com.pl\/index.php\/wp-json\/wp\/v2\/product_cat?post=686"},{"taxonomy":"product_tag","embeddable":true,"href":"https:\/\/racom.com.pl\/index.php\/wp-json\/wp\/v2\/product_tag?post=686"}],"curies":[{"name":"wp","href":"https:\/\/api.w.org\/{rel}","templated":true}]}}