{"id":689,"date":"2025-07-18T17:58:49","date_gmt":"2025-07-18T15:58:49","guid":{"rendered":"http:\/\/192.168.2.106\/index.php\/produkt\/havit-hub-usb-hb41-usb-c-1x-usb-3-0-3xusb-2-0\/"},"modified":"2025-07-18T17:58:49","modified_gmt":"2025-07-18T15:58:49","slug":"havit-hub-usb-hb41-usb-c-1x-usb-3-0-3xusb-2-0","status":"publish","type":"product","link":"https:\/\/racom.com.pl\/index.php\/produkt\/havit-hub-usb-hb41-usb-c-1x-usb-3-0-3xusb-2-0\/","title":{"rendered":"HAVIT HUB USB HB41 USB-C 1x USB 3.0 3xUSB 2.0"},"content":{"rendered":"<h2>HAVIT HUB USB HB41 USB-C 1x USB 3.0 3xUSB 2.0<\/h2>\n<p>HUB USB-C rozszerza funkcjonalno\u015b\u0107 Twojego urz\u0105dzenia o cztery dodatkowe porty USB. Pod\u0142\u0105czysz do komputera potrzebne do pracy urz\u0105dzenia \u2013 pami\u0119\u0107 podr\u0119czn\u0105 flash, klawiatur\u0119, myszk\u0119 i inne akcesoria ze z\u0142\u0105czem USB.<br \/>\nDo dyspozycji masz nowoczesny port USB 3.0, gdzie ultraszybka pr\u0119dko\u015b\u0107 transferu danych mo\u017ce si\u0119ga\u0107 a\u017c 5 Gbps, oraz trzy porty USB 2.0, z uniwersaln\u0105 pr\u0119dko\u015bci\u0105 transferu do 480 Mbps.<\/p>\n<p>\nUrz\u0105dzenie jest ma\u0142e i por\u0119czne, a jego konstrukcja zapewnia wygod\u0119 u\u017cytkowania oraz przechowywania. HUB USB-C marki Havit wyeliminuje ograniczenia.<\/p>\n<ul>\n<li><b>Typ opakowania:<\/b> pude\u0142ko<\/li>\n<li><b>Kolor:<\/b> srebrny<\/li>\n<li><b>Producent:<\/b> Havit<\/li>\n<li><b>Liczba port\u00f3w wyj\u015bciowych:<\/b> 4,00<\/li>\n<li><b>Z\u0142\u0105cza:<\/b> USB-C<\/li>\n<li><b>Marka:<\/b> Havit<\/li>\n<li><b>Typ portu wyj\u015bciowego:<\/b> 1x USB 3.0, 3x USB 2.0<\/li>\n<li><b>Gwarancja:<\/b> 12,00<\/li>\n<\/ul>\n<p>Opakowanie jest integraln\u0105 cz\u0119\u015bci\u0105 produktu.<\/p>\n<p>Pokrowce\/etui do telefon\u00f3w i tablet\u00f3w to cz\u0119sto zdj\u0119cie pogl\u0105dowe. W rzeczywisto\u015bci otrzymuj\u0105 Pa\u0144stwo futera\u0142 dopasowany do danego modelu urz\u0105dzenia z poprawnie rozmieszczonymi otworami na kamer\u0119\/aparat czy przyciski boczne.<\/p>\n<p>W przypadku baterii do telefon\u00f3w (zamiennik\u00f3w) zdj\u0119cie mo\u017ce by\u0107 zdj\u0119ciem pogl\u0105dowym. Po zakupie otrzymaj\u0105 Pa\u0144stwo produkt kompatybilny z danym urz\u0105dzeniem.<\/p>\n<p>Zdj\u0119cia produkt\u00f3w takich jak Szk\u0142a hartowane i folie ochronne na telefony\/tablety r\u00f3wnie\u017c mog\u0105 by\u0107 zdj\u0119ciami pogl\u0105dowymi.<\/p>\n","protected":false},"excerpt":{"rendered":"<p>HAVIT HUB USB HB41 USB-C 1x USB 3.0 3xUSB 2.0 HUB USB-C rozszerza funkcjonalno\u015b\u0107 Twojego urz\u0105dzenia o cztery dodatkowe porty USB. Pod\u0142\u0105czysz do komputera potrzebne do pracy urz\u0105dzenia \u2013 pami\u0119\u0107 podr\u0119czn\u0105 flash, klawiatur\u0119, myszk\u0119 i inne akcesoria ze z\u0142\u0105czem USB. Do dyspozycji masz nowoczesny port USB 3.0, gdzie ultraszybka pr\u0119dko\u015b\u0107 transferu danych mo\u017ce si\u0119ga\u0107 a\u017c [&hellip;]<\/p>\n","protected":false},"featured_media":695,"comment_status":"open","ping_status":"closed","template":"","meta":[],"product_brand":[],"product_cat":[42],"product_tag":[],"class_list":{"0":"post-689","1":"product","2":"type-product","3":"status-publish","4":"has-post-thumbnail","6":"product_cat-urzadzenia-sieciowe","8":"first","9":"instock","10":"taxable","11":"shipping-taxable","12":"purchasable","13":"product-type-simple"},"yoast_head":"<!-- This site is optimized with the Yoast SEO plugin v27.3 - https:\/\/yoast.com\/product\/yoast-seo-wordpress\/ -->\n<title>HAVIT HUB USB HB41 USB-C 1x USB 3.0 3xUSB 2.0 - Mix Market - Supermarket z wszystkim co potrzeba<\/title>\n<meta name=\"robots\" content=\"index, follow, max-snippet:-1, max-image-preview:large, max-video-preview:-1\" \/>\n<link rel=\"canonical\" href=\"https:\/\/racom.com.pl\/index.php\/produkt\/havit-hub-usb-hb41-usb-c-1x-usb-3-0-3xusb-2-0\/\" \/>\n<meta property=\"og:locale\" content=\"pl_PL\" \/>\n<meta property=\"og:type\" content=\"article\" \/>\n<meta property=\"og:title\" content=\"HAVIT HUB USB HB41 USB-C 1x USB 3.0 3xUSB 2.0 - Mix Market - Supermarket z wszystkim co potrzeba\" \/>\n<meta property=\"og:description\" content=\"HAVIT HUB USB HB41 USB-C 1x USB 3.0 3xUSB 2.0 HUB USB-C rozszerza funkcjonalno\u015b\u0107 Twojego urz\u0105dzenia o cztery dodatkowe porty USB. Pod\u0142\u0105czysz do komputera potrzebne do pracy urz\u0105dzenia \u2013 pami\u0119\u0107 podr\u0119czn\u0105 flash, klawiatur\u0119, myszk\u0119 i inne akcesoria ze z\u0142\u0105czem USB. Do dyspozycji masz nowoczesny port USB 3.0, gdzie ultraszybka pr\u0119dko\u015b\u0107 transferu danych mo\u017ce si\u0119ga\u0107 a\u017c [&hellip;]\" \/>\n<meta property=\"og:url\" content=\"https:\/\/racom.com.pl\/index.php\/produkt\/havit-hub-usb-hb41-usb-c-1x-usb-3-0-3xusb-2-0\/\" \/>\n<meta property=\"og:site_name\" content=\"Mix Market - Supermarket z wszystkim co potrzeba\" \/>\n<meta property=\"og:image\" content=\"https:\/\/racom.com.pl\/wp-content\/uploads\/2025\/07\/allegro_687a6f64232a38.91036013_a38a561d4ed2950c4de002eefbaf.jpg\" \/>\n\t<meta property=\"og:image:width\" content=\"1000\" \/>\n\t<meta property=\"og:image:height\" content=\"1000\" \/>\n\t<meta property=\"og:image:type\" content=\"image\/jpeg\" \/>\n<meta name=\"twitter:card\" content=\"summary_large_image\" \/>\n<meta name=\"twitter:label1\" content=\"Szacowany czas czytania\" \/>\n\t<meta name=\"twitter:data1\" content=\"1 minuta\" \/>\n<script type=\"application\/ld+json\" class=\"yoast-schema-graph\">{\"@context\":\"https:\\\/\\\/schema.org\",\"@graph\":[{\"@type\":\"WebPage\",\"@id\":\"https:\\\/\\\/racom.com.pl\\\/index.php\\\/produkt\\\/havit-hub-usb-hb41-usb-c-1x-usb-3-0-3xusb-2-0\\\/\",\"url\":\"https:\\\/\\\/racom.com.pl\\\/index.php\\\/produkt\\\/havit-hub-usb-hb41-usb-c-1x-usb-3-0-3xusb-2-0\\\/\",\"name\":\"HAVIT HUB USB HB41 USB-C 1x USB 3.0 3xUSB 2.0 - Mix Market - Supermarket z wszystkim co potrzeba\",\"isPartOf\":{\"@id\":\"https:\\\/\\\/racom.com.pl\\\/#website\"},\"primaryImageOfPage\":{\"@id\":\"https:\\\/\\\/racom.com.pl\\\/index.php\\\/produkt\\\/havit-hub-usb-hb41-usb-c-1x-usb-3-0-3xusb-2-0\\\/#primaryimage\"},\"image\":{\"@id\":\"https:\\\/\\\/racom.com.pl\\\/index.php\\\/produkt\\\/havit-hub-usb-hb41-usb-c-1x-usb-3-0-3xusb-2-0\\\/#primaryimage\"},\"thumbnailUrl\":\"https:\\\/\\\/racom.com.pl\\\/wp-content\\\/uploads\\\/2025\\\/07\\\/allegro_687a6f64232a38.91036013_a38a561d4ed2950c4de002eefbaf.jpg\",\"datePublished\":\"2025-07-18T15:58:49+00:00\",\"breadcrumb\":{\"@id\":\"https:\\\/\\\/racom.com.pl\\\/index.php\\\/produkt\\\/havit-hub-usb-hb41-usb-c-1x-usb-3-0-3xusb-2-0\\\/#breadcrumb\"},\"inLanguage\":\"pl-PL\",\"potentialAction\":[{\"@type\":\"ReadAction\",\"target\":[\"https:\\\/\\\/racom.com.pl\\\/index.php\\\/produkt\\\/havit-hub-usb-hb41-usb-c-1x-usb-3-0-3xusb-2-0\\\/\"]}]},{\"@type\":\"ImageObject\",\"inLanguage\":\"pl-PL\",\"@id\":\"https:\\\/\\\/racom.com.pl\\\/index.php\\\/produkt\\\/havit-hub-usb-hb41-usb-c-1x-usb-3-0-3xusb-2-0\\\/#primaryimage\",\"url\":\"https:\\\/\\\/racom.com.pl\\\/wp-content\\\/uploads\\\/2025\\\/07\\\/allegro_687a6f64232a38.91036013_a38a561d4ed2950c4de002eefbaf.jpg\",\"contentUrl\":\"https:\\\/\\\/racom.com.pl\\\/wp-content\\\/uploads\\\/2025\\\/07\\\/allegro_687a6f64232a38.91036013_a38a561d4ed2950c4de002eefbaf.jpg\",\"width\":1000,\"height\":1000},{\"@type\":\"BreadcrumbList\",\"@id\":\"https:\\\/\\\/racom.com.pl\\\/index.php\\\/produkt\\\/havit-hub-usb-hb41-usb-c-1x-usb-3-0-3xusb-2-0\\\/#breadcrumb\",\"itemListElement\":[{\"@type\":\"ListItem\",\"position\":1,\"name\":\"Strona g\u0142\u00f3wna\",\"item\":\"https:\\\/\\\/racom.com.pl\\\/\"},{\"@type\":\"ListItem\",\"position\":2,\"name\":\"Sklep\",\"item\":\"https:\\\/\\\/racom.com.pl\\\/\"},{\"@type\":\"ListItem\",\"position\":3,\"name\":\"HAVIT HUB USB HB41 USB-C 1x USB 3.0 3xUSB 2.0\"}]},{\"@type\":\"WebSite\",\"@id\":\"https:\\\/\\\/racom.com.pl\\\/#website\",\"url\":\"https:\\\/\\\/racom.com.pl\\\/\",\"name\":\"Mix Market - Supermarket z wszystkim co potrzeba do domu i nie tylko\",\"description\":\"\",\"publisher\":{\"@id\":\"https:\\\/\\\/racom.com.pl\\\/#organization\"},\"potentialAction\":[{\"@type\":\"SearchAction\",\"target\":{\"@type\":\"EntryPoint\",\"urlTemplate\":\"https:\\\/\\\/racom.com.pl\\\/?s={search_term_string}\"},\"query-input\":{\"@type\":\"PropertyValueSpecification\",\"valueRequired\":true,\"valueName\":\"search_term_string\"}}],\"inLanguage\":\"pl-PL\"},{\"@type\":\"Organization\",\"@id\":\"https:\\\/\\\/racom.com.pl\\\/#organization\",\"name\":\"Mix Market - Supermarket z wszystkim co potrzeba do domu i nie tylko\",\"url\":\"https:\\\/\\\/racom.com.pl\\\/\",\"logo\":{\"@type\":\"ImageObject\",\"inLanguage\":\"pl-PL\",\"@id\":\"https:\\\/\\\/racom.com.pl\\\/#\\\/schema\\\/logo\\\/image\\\/\",\"url\":\"https:\\\/\\\/racom.com.pl\\\/wp-content\\\/uploads\\\/2025\\\/07\\\/mixmarket_logo.png\",\"contentUrl\":\"https:\\\/\\\/racom.com.pl\\\/wp-content\\\/uploads\\\/2025\\\/07\\\/mixmarket_logo.png\",\"width\":1024,\"height\":1024,\"caption\":\"Mix Market - Supermarket z wszystkim co potrzeba do domu i nie tylko\"},\"image\":{\"@id\":\"https:\\\/\\\/racom.com.pl\\\/#\\\/schema\\\/logo\\\/image\\\/\"}}]}<\/script>\n<!-- \/ Yoast SEO plugin. -->","yoast_head_json":{"title":"HAVIT HUB USB HB41 USB-C 1x USB 3.0 3xUSB 2.0 - Mix Market - Supermarket z wszystkim co potrzeba","robots":{"index":"index","follow":"follow","max-snippet":"max-snippet:-1","max-image-preview":"max-image-preview:large","max-video-preview":"max-video-preview:-1"},"canonical":"https:\/\/racom.com.pl\/index.php\/produkt\/havit-hub-usb-hb41-usb-c-1x-usb-3-0-3xusb-2-0\/","og_locale":"pl_PL","og_type":"article","og_title":"HAVIT HUB USB HB41 USB-C 1x USB 3.0 3xUSB 2.0 - Mix Market - Supermarket z wszystkim co potrzeba","og_description":"HAVIT HUB USB HB41 USB-C 1x USB 3.0 3xUSB 2.0 HUB USB-C rozszerza funkcjonalno\u015b\u0107 Twojego urz\u0105dzenia o cztery dodatkowe porty USB. Pod\u0142\u0105czysz do komputera potrzebne do pracy urz\u0105dzenia \u2013 pami\u0119\u0107 podr\u0119czn\u0105 flash, klawiatur\u0119, myszk\u0119 i inne akcesoria ze z\u0142\u0105czem USB. Do dyspozycji masz nowoczesny port USB 3.0, gdzie ultraszybka pr\u0119dko\u015b\u0107 transferu danych mo\u017ce si\u0119ga\u0107 a\u017c [&hellip;]","og_url":"https:\/\/racom.com.pl\/index.php\/produkt\/havit-hub-usb-hb41-usb-c-1x-usb-3-0-3xusb-2-0\/","og_site_name":"Mix Market - Supermarket z wszystkim co potrzeba","og_image":[{"width":1000,"height":1000,"url":"https:\/\/racom.com.pl\/wp-content\/uploads\/2025\/07\/allegro_687a6f64232a38.91036013_a38a561d4ed2950c4de002eefbaf.jpg","type":"image\/jpeg"}],"twitter_card":"summary_large_image","twitter_misc":{"Szacowany czas czytania":"1 minuta"},"schema":{"@context":"https:\/\/schema.org","@graph":[{"@type":"WebPage","@id":"https:\/\/racom.com.pl\/index.php\/produkt\/havit-hub-usb-hb41-usb-c-1x-usb-3-0-3xusb-2-0\/","url":"https:\/\/racom.com.pl\/index.php\/produkt\/havit-hub-usb-hb41-usb-c-1x-usb-3-0-3xusb-2-0\/","name":"HAVIT HUB USB HB41 USB-C 1x USB 3.0 3xUSB 2.0 - Mix Market - Supermarket z wszystkim co potrzeba","isPartOf":{"@id":"https:\/\/racom.com.pl\/#website"},"primaryImageOfPage":{"@id":"https:\/\/racom.com.pl\/index.php\/produkt\/havit-hub-usb-hb41-usb-c-1x-usb-3-0-3xusb-2-0\/#primaryimage"},"image":{"@id":"https:\/\/racom.com.pl\/index.php\/produkt\/havit-hub-usb-hb41-usb-c-1x-usb-3-0-3xusb-2-0\/#primaryimage"},"thumbnailUrl":"https:\/\/racom.com.pl\/wp-content\/uploads\/2025\/07\/allegro_687a6f64232a38.91036013_a38a561d4ed2950c4de002eefbaf.jpg","datePublished":"2025-07-18T15:58:49+00:00","breadcrumb":{"@id":"https:\/\/racom.com.pl\/index.php\/produkt\/havit-hub-usb-hb41-usb-c-1x-usb-3-0-3xusb-2-0\/#breadcrumb"},"inLanguage":"pl-PL","potentialAction":[{"@type":"ReadAction","target":["https:\/\/racom.com.pl\/index.php\/produkt\/havit-hub-usb-hb41-usb-c-1x-usb-3-0-3xusb-2-0\/"]}]},{"@type":"ImageObject","inLanguage":"pl-PL","@id":"https:\/\/racom.com.pl\/index.php\/produkt\/havit-hub-usb-hb41-usb-c-1x-usb-3-0-3xusb-2-0\/#primaryimage","url":"https:\/\/racom.com.pl\/wp-content\/uploads\/2025\/07\/allegro_687a6f64232a38.91036013_a38a561d4ed2950c4de002eefbaf.jpg","contentUrl":"https:\/\/racom.com.pl\/wp-content\/uploads\/2025\/07\/allegro_687a6f64232a38.91036013_a38a561d4ed2950c4de002eefbaf.jpg","width":1000,"height":1000},{"@type":"BreadcrumbList","@id":"https:\/\/racom.com.pl\/index.php\/produkt\/havit-hub-usb-hb41-usb-c-1x-usb-3-0-3xusb-2-0\/#breadcrumb","itemListElement":[{"@type":"ListItem","position":1,"name":"Strona g\u0142\u00f3wna","item":"https:\/\/racom.com.pl\/"},{"@type":"ListItem","position":2,"name":"Sklep","item":"https:\/\/racom.com.pl\/"},{"@type":"ListItem","position":3,"name":"HAVIT HUB USB HB41 USB-C 1x USB 3.0 3xUSB 2.0"}]},{"@type":"WebSite","@id":"https:\/\/racom.com.pl\/#website","url":"https:\/\/racom.com.pl\/","name":"Mix Market - Supermarket z wszystkim co potrzeba do domu i nie tylko","description":"","publisher":{"@id":"https:\/\/racom.com.pl\/#organization"},"potentialAction":[{"@type":"SearchAction","target":{"@type":"EntryPoint","urlTemplate":"https:\/\/racom.com.pl\/?s={search_term_string}"},"query-input":{"@type":"PropertyValueSpecification","valueRequired":true,"valueName":"search_term_string"}}],"inLanguage":"pl-PL"},{"@type":"Organization","@id":"https:\/\/racom.com.pl\/#organization","name":"Mix Market - Supermarket z wszystkim co potrzeba do domu i nie tylko","url":"https:\/\/racom.com.pl\/","logo":{"@type":"ImageObject","inLanguage":"pl-PL","@id":"https:\/\/racom.com.pl\/#\/schema\/logo\/image\/","url":"https:\/\/racom.com.pl\/wp-content\/uploads\/2025\/07\/mixmarket_logo.png","contentUrl":"https:\/\/racom.com.pl\/wp-content\/uploads\/2025\/07\/mixmarket_logo.png","width":1024,"height":1024,"caption":"Mix Market - Supermarket z wszystkim co potrzeba do domu i nie tylko"},"image":{"@id":"https:\/\/racom.com.pl\/#\/schema\/logo\/image\/"}}]}},"_links":{"self":[{"href":"https:\/\/racom.com.pl\/index.php\/wp-json\/wp\/v2\/product\/689","targetHints":{"allow":["GET"]}}],"collection":[{"href":"https:\/\/racom.com.pl\/index.php\/wp-json\/wp\/v2\/product"}],"about":[{"href":"https:\/\/racom.com.pl\/index.php\/wp-json\/wp\/v2\/types\/product"}],"replies":[{"embeddable":true,"href":"https:\/\/racom.com.pl\/index.php\/wp-json\/wp\/v2\/comments?post=689"}],"wp:featuredmedia":[{"embeddable":true,"href":"https:\/\/racom.com.pl\/index.php\/wp-json\/wp\/v2\/media\/695"}],"wp:attachment":[{"href":"https:\/\/racom.com.pl\/index.php\/wp-json\/wp\/v2\/media?parent=689"}],"wp:term":[{"taxonomy":"product_brand","embeddable":true,"href":"https:\/\/racom.com.pl\/index.php\/wp-json\/wp\/v2\/product_brand?post=689"},{"taxonomy":"product_cat","embeddable":true,"href":"https:\/\/racom.com.pl\/index.php\/wp-json\/wp\/v2\/product_cat?post=689"},{"taxonomy":"product_tag","embeddable":true,"href":"https:\/\/racom.com.pl\/index.php\/wp-json\/wp\/v2\/product_tag?post=689"}],"curies":[{"name":"wp","href":"https:\/\/api.w.org\/{rel}","templated":true}]}}