{"id":696,"date":"2025-07-18T17:59:38","date_gmt":"2025-07-18T15:59:38","guid":{"rendered":"http:\/\/192.168.2.106\/index.php\/produkt\/ladowarka-baseus-quick-charger-usb-c-pd-3a-20w\/"},"modified":"2025-07-18T17:59:38","modified_gmt":"2025-07-18T15:59:38","slug":"ladowarka-baseus-quick-charger-usb-c-pd-3a-20w","status":"publish","type":"product","link":"https:\/\/racom.com.pl\/index.php\/produkt\/ladowarka-baseus-quick-charger-usb-c-pd-3a-20w\/","title":{"rendered":"\u0141adowarka Baseus Quick Charger USB-C, PD, 3A, 20W"},"content":{"rendered":"<h2>\u0141adowarka Baseus Quick Charger USB-C, PD, 3A, 20W<\/h2>\n<p>\n\u0141adowarka Baseus CCFS-SN02\n<\/p>\n<p>\u0141aduj swoje urz\u0105dzenia nawet 3 razy kr\u00f3cej ni\u017c zwykle. \u0141adowarka Baseus CCFS-SN02 obs\u0142uguje szybkie \u0142adowanie z moc\u0105 do 20 W, a dzi\u0119ki zastosowanym technologiom zapewnia bezpiecze\u0144stwo u\u017cytkowania. Wsp\u00f3\u0142pracuje z wi\u0119kszo\u015bci\u0105 popularnych sprz\u0119t\u00f3w. Niewielki rozmiar, lekka waga i kompatybilno\u015b\u0107 z napi\u0119ciem 100-240 V sprawia, \u017ce idealnie sprawdzi si\u0119 r\u00f3wnie\u017c w podr\u00f3\u017cy.<\/p>\n<p>\u00a0<\/p>\n<p>\nSzybkie \u0142adowanie Twoich urz\u0105dze\u0144\n<\/p>\n<p>\u0141adowarka obs\u0142uguje protoko\u0142y takie jak na przyk\u0142ad PD3.0, QC3.0, QC2.0 i FCP. Jest kompatybilna z PD 20W i PD 18W. To oznacza, \u017ce mo\u017ce nawet 3-krotnie skr\u00f3ci\u0107 czas \u0142adowania niekt\u00f3rych sprz\u0119t\u00f3w. Aby za jej pomoc\u0105 przywr\u00f3ci\u0107 60% energii wybranym iPhone\u2019om, wystarczy oko\u0142o 30 minut! Ju\u017c nie musisz czeka\u0107 w niesko\u0144czono\u015b\u0107, a\u017c Twoje urz\u0105dzenia b\u0119d\u0105 zn\u00f3w gotowe do dzia\u0142ania.<\/p>\n<p>\u00a0<\/p>\n<p>\nUniwersalna kompatybilno\u015b\u0107\n<\/p>\n<p>Ta uniwersalna \u0142adowarka z pewno\u015bci\u0105 nie raz Ci si\u0119 przyda. Wyr\u00f3\u017cnia j\u0105 szeroka kompatybilno\u015b\u0107 &#8211; wystarczy pod\u0142\u0105czy\u0107 do niej kabel USB-C do Lightning lub USB-C do USB-C (brak w zestawie). Z powodzeniem wykorzystasz j\u0105 do zasilania nie tylko smartfon\u00f3w i tablet\u00f3w, ale te\u017c powerbank\u00f3w, wentylator\u00f3w r\u0119cznych, lampek biurkowych i bezprzewodowych odtwarzaczy.<\/p>\n<p>\u00a0<\/p>\n<p>\nW trosce o bezpiecze\u0144stwo\n<\/p>\n<p>Inteligentny chip odpowiada za automatyczne dostosowywanie nat\u0119\u017cenia \u0142adowania do wymaga\u0144 pod\u0142\u0105czonego urz\u0105dzenia. Nie musisz wi\u0119c obawia\u0107 si\u0119 uszkodzenia jego akumulatora. \u0141adowarka zosta\u0142a te\u017c zabezpieczona mi\u0119dzy innymi przed przepi\u0119ciem, pr\u0105dem przet\u0119\u017ceniowym, zwarciem i przegrzaniem. Produkt przeszed\u0142 te\u017c wymagaj\u0105ce testy bezpiecze\u0144stwa. Jego dodatkowym atutem jest ognioodporna obudowa.<\/p>\n<p>\u00a0<\/p>\n<p>\nNiezast\u0105piona w podr\u00f3\u017cy\n<\/p>\n<p>Co sprawia, \u017ce \u0142adowarka Baseus ma szans\u0119 sta\u0107 si\u0119 Twoim wymarzonym towarzyszem podr\u00f3\u017cy? Produkt wa\u017cy tylko 59 g i jest naprawd\u0119 niewielki, nie zajmie wi\u0119c du\u017co miejsca w Twojej torbie, walizce lub plecaku. Uniwersalna kompatybilno\u015b\u0107 z napi\u0119ciem 100-240 V pozwala bez przeszk\u00f3d korzysta\u0107 z niego niemal w ka\u017cdym miejscu na ziemi. Teraz mo\u017cesz cieszy\u0107 si\u0119 szybkim \u0142adowaniem swoich sprz\u0119t\u00f3w, gdziekolwiek jeste\u015b &#8211; r\u00f3wnie\u017c za granic\u0105!<\/p>\n<p>\u00a0<\/p>\n<p>\nSpecyfikacja\n<\/p>\n<p>\u00a0<\/p>\n<p>\nProducent<br \/>\nBaseus<br \/>\nNazwa<br \/>\nSpeed Mini Quick Charger 1C<br \/>\nModel<br \/>\nCCFS-SN02<br \/>\nKolor<br \/>\nBia\u0142y<br \/>\nWej\u015bcie<br \/>\n100-240 V~, 50\/60 Hz, 800 mA<br \/>\nWyj\u015bcie USB-C<br \/>\nDC 5 V &#8211; 3 A, 9 V &#8211; 2,22 A, 12 V &#8211; 1,67 A maks.<br \/>\nCa\u0142kowita moc wyj\u015bciowa<br \/>\n20 W maks.<br \/>\nWymiary<br \/>\n50 x 43 x 26 mm (nie wliczaj\u0105c wtyczki)<br \/>\nWaga<br \/>\n59 g\n<\/p>\n<p>\u00a0<\/p>\n<p>\u00a0<\/p>\n<ul>\n<li><b>Kolejna dostawa:<\/b> 03.10.2022<\/li>\n<li><b>Ilo\u015b\u0107 w kartonie:<\/b> 80 szt.<\/li>\n<li><b>Kolor:<\/b> bia\u0142y<\/li>\n<li><b>Rodzaj z\u0142\u0105czy:<\/b> USB-C<\/li>\n<li><b>Moc \u0142adowania (W):<\/b> 20<\/li>\n<li><b>Standard szybkiego \u0142adowania:<\/b> Power Delivery<\/li>\n<li><b>Kod producenta:<\/b> CCFS-SN02<\/li>\n<\/ul>\n<p>Opakowanie jest integraln\u0105 cz\u0119\u015bci\u0105 produktu.<\/p>\n<p>Pokrowce\/etui do telefon\u00f3w i tablet\u00f3w to cz\u0119sto zdj\u0119cie pogl\u0105dowe. W rzeczywisto\u015bci otrzymuj\u0105 Pa\u0144stwo futera\u0142 dopasowany do danego modelu urz\u0105dzenia z poprawnie rozmieszczonymi otworami na kamer\u0119\/aparat czy przyciski boczne.<\/p>\n<p>W przypadku baterii do telefon\u00f3w (zamiennik\u00f3w) zdj\u0119cie mo\u017ce by\u0107 zdj\u0119ciem pogl\u0105dowym. Po zakupie otrzymaj\u0105 Pa\u0144stwo produkt kompatybilny z danym urz\u0105dzeniem.<\/p>\n<p>Zdj\u0119cia produkt\u00f3w takich jak Szk\u0142a hartowane i folie ochronne na telefony\/tablety r\u00f3wnie\u017c mog\u0105 by\u0107 zdj\u0119ciami pogl\u0105dowymi.<\/p>\n","protected":false},"excerpt":{"rendered":"<p>\u0141adowarka Baseus Quick Charger USB-C, PD, 3A, 20W \u0141adowarka Baseus CCFS-SN02 \u0141aduj swoje urz\u0105dzenia nawet 3 razy kr\u00f3cej ni\u017c zwykle. \u0141adowarka Baseus CCFS-SN02 obs\u0142uguje szybkie \u0142adowanie z moc\u0105 do 20 W, a dzi\u0119ki zastosowanym technologiom zapewnia bezpiecze\u0144stwo u\u017cytkowania. Wsp\u00f3\u0142pracuje z wi\u0119kszo\u015bci\u0105 popularnych sprz\u0119t\u00f3w. Niewielki rozmiar, lekka waga i kompatybilno\u015b\u0107 z napi\u0119ciem 100-240 V sprawia, \u017ce [&hellip;]<\/p>\n","protected":false},"featured_media":708,"comment_status":"open","ping_status":"closed","template":"","meta":[],"product_brand":[27],"product_cat":[26],"product_tag":[],"class_list":{"0":"post-696","1":"product","2":"type-product","3":"status-publish","4":"has-post-thumbnail","6":"product_brand-baseus","7":"product_cat-akcesoria-gsm","9":"first","10":"instock","11":"taxable","12":"shipping-taxable","13":"purchasable","14":"product-type-simple"},"yoast_head":"<!-- This site is optimized with the Yoast SEO plugin v27.3 - https:\/\/yoast.com\/product\/yoast-seo-wordpress\/ -->\n<title>\u0141adowarka Baseus Quick Charger USB-C, PD, 3A, 20W - Mix Market - Supermarket z wszystkim co potrzeba<\/title>\n<meta name=\"robots\" content=\"index, follow, max-snippet:-1, max-image-preview:large, max-video-preview:-1\" \/>\n<link rel=\"canonical\" href=\"https:\/\/racom.com.pl\/index.php\/produkt\/ladowarka-baseus-quick-charger-usb-c-pd-3a-20w\/\" \/>\n<meta property=\"og:locale\" content=\"pl_PL\" \/>\n<meta property=\"og:type\" content=\"article\" \/>\n<meta property=\"og:title\" content=\"\u0141adowarka Baseus Quick Charger USB-C, PD, 3A, 20W - Mix Market - Supermarket z wszystkim co potrzeba\" \/>\n<meta property=\"og:description\" content=\"\u0141adowarka Baseus Quick Charger USB-C, PD, 3A, 20W \u0141adowarka Baseus CCFS-SN02 \u0141aduj swoje urz\u0105dzenia nawet 3 razy kr\u00f3cej ni\u017c zwykle. \u0141adowarka Baseus CCFS-SN02 obs\u0142uguje szybkie \u0142adowanie z moc\u0105 do 20 W, a dzi\u0119ki zastosowanym technologiom zapewnia bezpiecze\u0144stwo u\u017cytkowania. Wsp\u00f3\u0142pracuje z wi\u0119kszo\u015bci\u0105 popularnych sprz\u0119t\u00f3w. Niewielki rozmiar, lekka waga i kompatybilno\u015b\u0107 z napi\u0119ciem 100-240 V sprawia, \u017ce [&hellip;]\" \/>\n<meta property=\"og:url\" content=\"https:\/\/racom.com.pl\/index.php\/produkt\/ladowarka-baseus-quick-charger-usb-c-pd-3a-20w\/\" \/>\n<meta property=\"og:site_name\" content=\"Mix Market - Supermarket z wszystkim co potrzeba\" \/>\n<meta property=\"og:image\" content=\"https:\/\/racom.com.pl\/wp-content\/uploads\/2025\/07\/allegro_687a6fe71600a5.47523704_53637e6f4b04a8efd23585326350.jpg\" \/>\n\t<meta property=\"og:image:width\" content=\"1200\" \/>\n\t<meta property=\"og:image:height\" content=\"1200\" \/>\n\t<meta property=\"og:image:type\" content=\"image\/jpeg\" \/>\n<meta name=\"twitter:card\" content=\"summary_large_image\" \/>\n<meta name=\"twitter:label1\" content=\"Szacowany czas czytania\" \/>\n\t<meta name=\"twitter:data1\" content=\"3 minuty\" \/>\n<script type=\"application\/ld+json\" class=\"yoast-schema-graph\">{\"@context\":\"https:\\\/\\\/schema.org\",\"@graph\":[{\"@type\":\"WebPage\",\"@id\":\"https:\\\/\\\/racom.com.pl\\\/index.php\\\/produkt\\\/ladowarka-baseus-quick-charger-usb-c-pd-3a-20w\\\/\",\"url\":\"https:\\\/\\\/racom.com.pl\\\/index.php\\\/produkt\\\/ladowarka-baseus-quick-charger-usb-c-pd-3a-20w\\\/\",\"name\":\"\u0141adowarka Baseus Quick Charger USB-C, PD, 3A, 20W - Mix Market - Supermarket z wszystkim co potrzeba\",\"isPartOf\":{\"@id\":\"https:\\\/\\\/racom.com.pl\\\/#website\"},\"primaryImageOfPage\":{\"@id\":\"https:\\\/\\\/racom.com.pl\\\/index.php\\\/produkt\\\/ladowarka-baseus-quick-charger-usb-c-pd-3a-20w\\\/#primaryimage\"},\"image\":{\"@id\":\"https:\\\/\\\/racom.com.pl\\\/index.php\\\/produkt\\\/ladowarka-baseus-quick-charger-usb-c-pd-3a-20w\\\/#primaryimage\"},\"thumbnailUrl\":\"https:\\\/\\\/racom.com.pl\\\/wp-content\\\/uploads\\\/2025\\\/07\\\/allegro_687a6fe71600a5.47523704_53637e6f4b04a8efd23585326350.jpg\",\"datePublished\":\"2025-07-18T15:59:38+00:00\",\"breadcrumb\":{\"@id\":\"https:\\\/\\\/racom.com.pl\\\/index.php\\\/produkt\\\/ladowarka-baseus-quick-charger-usb-c-pd-3a-20w\\\/#breadcrumb\"},\"inLanguage\":\"pl-PL\",\"potentialAction\":[{\"@type\":\"ReadAction\",\"target\":[\"https:\\\/\\\/racom.com.pl\\\/index.php\\\/produkt\\\/ladowarka-baseus-quick-charger-usb-c-pd-3a-20w\\\/\"]}]},{\"@type\":\"ImageObject\",\"inLanguage\":\"pl-PL\",\"@id\":\"https:\\\/\\\/racom.com.pl\\\/index.php\\\/produkt\\\/ladowarka-baseus-quick-charger-usb-c-pd-3a-20w\\\/#primaryimage\",\"url\":\"https:\\\/\\\/racom.com.pl\\\/wp-content\\\/uploads\\\/2025\\\/07\\\/allegro_687a6fe71600a5.47523704_53637e6f4b04a8efd23585326350.jpg\",\"contentUrl\":\"https:\\\/\\\/racom.com.pl\\\/wp-content\\\/uploads\\\/2025\\\/07\\\/allegro_687a6fe71600a5.47523704_53637e6f4b04a8efd23585326350.jpg\",\"width\":1200,\"height\":1200},{\"@type\":\"BreadcrumbList\",\"@id\":\"https:\\\/\\\/racom.com.pl\\\/index.php\\\/produkt\\\/ladowarka-baseus-quick-charger-usb-c-pd-3a-20w\\\/#breadcrumb\",\"itemListElement\":[{\"@type\":\"ListItem\",\"position\":1,\"name\":\"Strona g\u0142\u00f3wna\",\"item\":\"https:\\\/\\\/racom.com.pl\\\/\"},{\"@type\":\"ListItem\",\"position\":2,\"name\":\"Sklep\",\"item\":\"https:\\\/\\\/racom.com.pl\\\/\"},{\"@type\":\"ListItem\",\"position\":3,\"name\":\"\u0141adowarka Baseus Quick Charger USB-C, PD, 3A, 20W\"}]},{\"@type\":\"WebSite\",\"@id\":\"https:\\\/\\\/racom.com.pl\\\/#website\",\"url\":\"https:\\\/\\\/racom.com.pl\\\/\",\"name\":\"Mix Market - Supermarket z wszystkim co potrzeba do domu i nie tylko\",\"description\":\"\",\"publisher\":{\"@id\":\"https:\\\/\\\/racom.com.pl\\\/#organization\"},\"potentialAction\":[{\"@type\":\"SearchAction\",\"target\":{\"@type\":\"EntryPoint\",\"urlTemplate\":\"https:\\\/\\\/racom.com.pl\\\/?s={search_term_string}\"},\"query-input\":{\"@type\":\"PropertyValueSpecification\",\"valueRequired\":true,\"valueName\":\"search_term_string\"}}],\"inLanguage\":\"pl-PL\"},{\"@type\":\"Organization\",\"@id\":\"https:\\\/\\\/racom.com.pl\\\/#organization\",\"name\":\"Mix Market - Supermarket z wszystkim co potrzeba do domu i nie tylko\",\"url\":\"https:\\\/\\\/racom.com.pl\\\/\",\"logo\":{\"@type\":\"ImageObject\",\"inLanguage\":\"pl-PL\",\"@id\":\"https:\\\/\\\/racom.com.pl\\\/#\\\/schema\\\/logo\\\/image\\\/\",\"url\":\"https:\\\/\\\/racom.com.pl\\\/wp-content\\\/uploads\\\/2025\\\/07\\\/mixmarket_logo.png\",\"contentUrl\":\"https:\\\/\\\/racom.com.pl\\\/wp-content\\\/uploads\\\/2025\\\/07\\\/mixmarket_logo.png\",\"width\":1024,\"height\":1024,\"caption\":\"Mix Market - Supermarket z wszystkim co potrzeba do domu i nie tylko\"},\"image\":{\"@id\":\"https:\\\/\\\/racom.com.pl\\\/#\\\/schema\\\/logo\\\/image\\\/\"}}]}<\/script>\n<!-- \/ Yoast SEO plugin. -->","yoast_head_json":{"title":"\u0141adowarka Baseus Quick Charger USB-C, PD, 3A, 20W - Mix Market - Supermarket z wszystkim co potrzeba","robots":{"index":"index","follow":"follow","max-snippet":"max-snippet:-1","max-image-preview":"max-image-preview:large","max-video-preview":"max-video-preview:-1"},"canonical":"https:\/\/racom.com.pl\/index.php\/produkt\/ladowarka-baseus-quick-charger-usb-c-pd-3a-20w\/","og_locale":"pl_PL","og_type":"article","og_title":"\u0141adowarka Baseus Quick Charger USB-C, PD, 3A, 20W - Mix Market - Supermarket z wszystkim co potrzeba","og_description":"\u0141adowarka Baseus Quick Charger USB-C, PD, 3A, 20W \u0141adowarka Baseus CCFS-SN02 \u0141aduj swoje urz\u0105dzenia nawet 3 razy kr\u00f3cej ni\u017c zwykle. \u0141adowarka Baseus CCFS-SN02 obs\u0142uguje szybkie \u0142adowanie z moc\u0105 do 20 W, a dzi\u0119ki zastosowanym technologiom zapewnia bezpiecze\u0144stwo u\u017cytkowania. Wsp\u00f3\u0142pracuje z wi\u0119kszo\u015bci\u0105 popularnych sprz\u0119t\u00f3w. Niewielki rozmiar, lekka waga i kompatybilno\u015b\u0107 z napi\u0119ciem 100-240 V sprawia, \u017ce [&hellip;]","og_url":"https:\/\/racom.com.pl\/index.php\/produkt\/ladowarka-baseus-quick-charger-usb-c-pd-3a-20w\/","og_site_name":"Mix Market - Supermarket z wszystkim co potrzeba","og_image":[{"width":1200,"height":1200,"url":"https:\/\/racom.com.pl\/wp-content\/uploads\/2025\/07\/allegro_687a6fe71600a5.47523704_53637e6f4b04a8efd23585326350.jpg","type":"image\/jpeg"}],"twitter_card":"summary_large_image","twitter_misc":{"Szacowany czas czytania":"3 minuty"},"schema":{"@context":"https:\/\/schema.org","@graph":[{"@type":"WebPage","@id":"https:\/\/racom.com.pl\/index.php\/produkt\/ladowarka-baseus-quick-charger-usb-c-pd-3a-20w\/","url":"https:\/\/racom.com.pl\/index.php\/produkt\/ladowarka-baseus-quick-charger-usb-c-pd-3a-20w\/","name":"\u0141adowarka Baseus Quick Charger USB-C, PD, 3A, 20W - Mix Market - Supermarket z wszystkim co potrzeba","isPartOf":{"@id":"https:\/\/racom.com.pl\/#website"},"primaryImageOfPage":{"@id":"https:\/\/racom.com.pl\/index.php\/produkt\/ladowarka-baseus-quick-charger-usb-c-pd-3a-20w\/#primaryimage"},"image":{"@id":"https:\/\/racom.com.pl\/index.php\/produkt\/ladowarka-baseus-quick-charger-usb-c-pd-3a-20w\/#primaryimage"},"thumbnailUrl":"https:\/\/racom.com.pl\/wp-content\/uploads\/2025\/07\/allegro_687a6fe71600a5.47523704_53637e6f4b04a8efd23585326350.jpg","datePublished":"2025-07-18T15:59:38+00:00","breadcrumb":{"@id":"https:\/\/racom.com.pl\/index.php\/produkt\/ladowarka-baseus-quick-charger-usb-c-pd-3a-20w\/#breadcrumb"},"inLanguage":"pl-PL","potentialAction":[{"@type":"ReadAction","target":["https:\/\/racom.com.pl\/index.php\/produkt\/ladowarka-baseus-quick-charger-usb-c-pd-3a-20w\/"]}]},{"@type":"ImageObject","inLanguage":"pl-PL","@id":"https:\/\/racom.com.pl\/index.php\/produkt\/ladowarka-baseus-quick-charger-usb-c-pd-3a-20w\/#primaryimage","url":"https:\/\/racom.com.pl\/wp-content\/uploads\/2025\/07\/allegro_687a6fe71600a5.47523704_53637e6f4b04a8efd23585326350.jpg","contentUrl":"https:\/\/racom.com.pl\/wp-content\/uploads\/2025\/07\/allegro_687a6fe71600a5.47523704_53637e6f4b04a8efd23585326350.jpg","width":1200,"height":1200},{"@type":"BreadcrumbList","@id":"https:\/\/racom.com.pl\/index.php\/produkt\/ladowarka-baseus-quick-charger-usb-c-pd-3a-20w\/#breadcrumb","itemListElement":[{"@type":"ListItem","position":1,"name":"Strona g\u0142\u00f3wna","item":"https:\/\/racom.com.pl\/"},{"@type":"ListItem","position":2,"name":"Sklep","item":"https:\/\/racom.com.pl\/"},{"@type":"ListItem","position":3,"name":"\u0141adowarka Baseus Quick Charger USB-C, PD, 3A, 20W"}]},{"@type":"WebSite","@id":"https:\/\/racom.com.pl\/#website","url":"https:\/\/racom.com.pl\/","name":"Mix Market - Supermarket z wszystkim co potrzeba do domu i nie tylko","description":"","publisher":{"@id":"https:\/\/racom.com.pl\/#organization"},"potentialAction":[{"@type":"SearchAction","target":{"@type":"EntryPoint","urlTemplate":"https:\/\/racom.com.pl\/?s={search_term_string}"},"query-input":{"@type":"PropertyValueSpecification","valueRequired":true,"valueName":"search_term_string"}}],"inLanguage":"pl-PL"},{"@type":"Organization","@id":"https:\/\/racom.com.pl\/#organization","name":"Mix Market - Supermarket z wszystkim co potrzeba do domu i nie tylko","url":"https:\/\/racom.com.pl\/","logo":{"@type":"ImageObject","inLanguage":"pl-PL","@id":"https:\/\/racom.com.pl\/#\/schema\/logo\/image\/","url":"https:\/\/racom.com.pl\/wp-content\/uploads\/2025\/07\/mixmarket_logo.png","contentUrl":"https:\/\/racom.com.pl\/wp-content\/uploads\/2025\/07\/mixmarket_logo.png","width":1024,"height":1024,"caption":"Mix Market - Supermarket z wszystkim co potrzeba do domu i nie tylko"},"image":{"@id":"https:\/\/racom.com.pl\/#\/schema\/logo\/image\/"}}]}},"_links":{"self":[{"href":"https:\/\/racom.com.pl\/index.php\/wp-json\/wp\/v2\/product\/696","targetHints":{"allow":["GET"]}}],"collection":[{"href":"https:\/\/racom.com.pl\/index.php\/wp-json\/wp\/v2\/product"}],"about":[{"href":"https:\/\/racom.com.pl\/index.php\/wp-json\/wp\/v2\/types\/product"}],"replies":[{"embeddable":true,"href":"https:\/\/racom.com.pl\/index.php\/wp-json\/wp\/v2\/comments?post=696"}],"wp:featuredmedia":[{"embeddable":true,"href":"https:\/\/racom.com.pl\/index.php\/wp-json\/wp\/v2\/media\/708"}],"wp:attachment":[{"href":"https:\/\/racom.com.pl\/index.php\/wp-json\/wp\/v2\/media?parent=696"}],"wp:term":[{"taxonomy":"product_brand","embeddable":true,"href":"https:\/\/racom.com.pl\/index.php\/wp-json\/wp\/v2\/product_brand?post=696"},{"taxonomy":"product_cat","embeddable":true,"href":"https:\/\/racom.com.pl\/index.php\/wp-json\/wp\/v2\/product_cat?post=696"},{"taxonomy":"product_tag","embeddable":true,"href":"https:\/\/racom.com.pl\/index.php\/wp-json\/wp\/v2\/product_tag?post=696"}],"curies":[{"name":"wp","href":"https:\/\/api.w.org\/{rel}","templated":true}]}}