{"id":709,"date":"2025-07-18T18:01:49","date_gmt":"2025-07-18T16:01:49","guid":{"rendered":"http:\/\/192.168.2.106\/index.php\/produkt\/ladowarka-baseus-super-si-quick-charger-1c-20w\/"},"modified":"2025-07-18T18:01:49","modified_gmt":"2025-07-18T16:01:49","slug":"ladowarka-baseus-super-si-quick-charger-1c-20w","status":"publish","type":"product","link":"https:\/\/racom.com.pl\/index.php\/produkt\/ladowarka-baseus-super-si-quick-charger-1c-20w\/","title":{"rendered":"\u0141adowarka Baseus Super Si Quick Charger 1C 20W"},"content":{"rendered":"<h2>\u0141adowarka Baseus Super Si Quick Charger 1C 20W<\/h2>\n<p>\u00a0<\/p>\n<p><b>\u0141adowarka Baseus CCSUP-B01<\/b><\/p>\n<p><b>Kompaktowa \u0142adowarka Baseus CCSUP-B01 umo\u017cliwia szybkie \u0142adowanie urz\u0105dze\u0144 z moc\u0105 do 20W. Dzi\u0119ki z\u0142o\u017conemu systemowi zabezpiecze\u0144 chroni zasilane sprz\u0119ty przed uszkodzeniem. Wyr\u00f3\u017cnia si\u0119 kompatybilno\u015bci\u0105 z ca\u0142\u0105 gam\u0105 smartfon\u00f3w i tablet\u00f3w, a zakres napi\u0119\u0107 AC 100-240V pozwala z niej korzysta\u0107 niemal na ca\u0142ym \u015bwiecie. Jej ogromne mo\u017cliwo\u015bci id\u0105 w parze z niewielkim rozmiarem &#8211; z \u0142atwo\u015bci\u0105 zmie\u015bcisz j\u0105 nawet w kieszeni!<\/b><\/p>\n<p>\u00a0<\/p>\n<p>\u00a0<\/p>\n<p>\u00a0<\/p>\n<p><b>Nawet 3 razy szybsze \u0142adowanie<\/b><\/p>\n<p>Korzystaj\u0105c z tego praktycznego urz\u0105dzenia, na\u0142adujesz telefony obs\u0142uguj\u0105ce szybkie \u0142adowanie PD nawet 3 razy szybciej ni\u017c z pomoc\u0105 tradycyjnych \u0142adowarek. Umo\u017cliwia ono uzupe\u0142nienie oko\u0142o 50% akumulatora ju\u017c w 30 minut. To znakomita oszcz\u0119dno\u015b\u0107 czasu &#8211; ju\u017c nie musisz godzinami czeka\u0107, a\u017c Tw\u00f3j smartfon b\u0119dzie ponownie gotowy do dzia\u0142ania!<\/p>\n<p>\u00a0<\/p>\n<p>\u00a0<\/p>\n<p>\u00a0<\/p>\n<p><b>Niezr\u00f3wnane bezpiecze\u0144stwo u\u017cytkowania<\/b><\/p>\n<p>\u0141adowarka Baseus automatycznie dopasowuje warto\u015b\u0107 nat\u0119\u017cenia do rodzaju zasilanych urz\u0105dze\u0144, aby zapewni\u0107 im optymaln\u0105 pr\u0119dko\u015b\u0107 \u0142adowania oraz chroni\u0107 je przed uszkodzeniem. Urz\u0105dzenie ma te\u017c mi\u0119dzy innymi specjaln\u0105 ochron\u0119 przed przeci\u0105\u017ceniem, zwarciem czy przegrzaniem. Wykonana z tworzywa ABS obudowa przyczynia si\u0119 do bardziej efektywnego rozprowadzania ciep\u0142a, chroni\u0105c Ci\u0119 przed poparzeniem i zapobiegaj\u0105c zniszczeniu \u0142adowarki.<\/p>\n<p>\u00a0<\/p>\n<p>\u00a0<\/p>\n<p>\u00a0<\/p>\n<p><b>Na\u0142aduje wiele r\u00f3\u017cnych urz\u0105dze\u0144<\/b><\/p>\n<p>Produkt jest kompatybilny ze wszystkimi iPhone\u2019ami, kt\u00f3re obs\u0142uguj\u0105 szybkie \u0142adowanie. Doskonale sprawdzi si\u0119 te\u017c w przypadku smartfon\u00f3w lub tablet\u00f3w z systemem Android. Z powodzeniem wykorzystasz j\u0105 r\u00f3wnie\u017c mi\u0119dzy innymi w po\u0142\u0105czeniu z powerbankami, lampkami biurkowymi czy r\u0119cznymi wentylatorami. Obs\u0142uga wielu protoko\u0142\u00f3w szybkiego \u0142adowania sprawia, \u017ce t\u0119 wyj\u0105tkow\u0105 \u0142adowark\u0119 zastosujesz niemal w ka\u017cdej sytuacji!<\/p>\n<p>\u00a0<\/p>\n<p>\u00a0<\/p>\n<p>\u00a0<\/p>\n<p><b>Ogromne mo\u017cliwo\u015bci, niewielkie rozmiary<\/b><\/p>\n<p>Dzi\u0119ki zastosowaniu technologii Super Si mo\u017cliwe by\u0142o zredukowanie rozmiar\u00f3w \u0142adowarki przy jednoczesnym zwi\u0119kszeniu jej mo\u017cliwo\u015bci. Urz\u0105dzenie jest niezwykle wydajne i bezpieczne w u\u017cytkowaniu. Mo\u017ce te\u017c pracowa\u0107 nawet w wysokich temperaturach. Pozostaje jednak wyj\u0105tkowo niewielkie i lekkie &#8211; nie obci\u0105\u017cy Twojego baga\u017cu, zmie\u015bcisz je w torbie, a nawet w kieszeni i zabierzesz wsz\u0119dzie tam, gdzie b\u0119dzie Ci potrzebne.<\/p>\n<p>\u00a0<\/p>\n<p>\u00a0<\/p>\n<p><b>Specyfikacja<\/b><\/p>\n<p>\nProducent<br \/>\nBaseus<br \/>\nNazwa<br \/>\nSuper Si Quick Charger 1C<br \/>\nModel<br \/>\nCCSUP-B01<br \/>\nWaga<br \/>\n49 g<br \/>\nKolor<br \/>\nCzarny<br \/>\nWej\u015bcie<br \/>\nAC 100V-240V~, 50\/60Hz, 0,8A<br \/>\nWyj\u015bcie USB-C<br \/>\n5V=3A, 9V=2A, 9V=2,22A, 12V=1,67A, 15V=1,3A, 20W Maks.\n<\/p>\n<p>\u00a0<\/p>\n<ul>\n<li><b>Kolejna dostawa:<\/b> 03.10.2022<\/li>\n<li><b>Ilo\u015b\u0107 w kartonie:<\/b> 80 szt.<\/li>\n<li><b>Kolor:<\/b> czarny<\/li>\n<li><b>Rodzaj z\u0142\u0105czy:<\/b> USB-C<\/li>\n<li><b>Moc \u0142adowania (W):<\/b> 20<\/li>\n<li><b>Standard szybkiego \u0142adowania:<\/b> Quick Charge<\/li>\n<li><b>Kod producenta:<\/b> CCSUP-B01<\/li>\n<\/ul>\n<p>Opakowanie jest integraln\u0105 cz\u0119\u015bci\u0105 produktu.<\/p>\n<p>Pokrowce\/etui do telefon\u00f3w i tablet\u00f3w to cz\u0119sto zdj\u0119cie pogl\u0105dowe. W rzeczywisto\u015bci otrzymuj\u0105 Pa\u0144stwo futera\u0142 dopasowany do danego modelu urz\u0105dzenia z poprawnie rozmieszczonymi otworami na kamer\u0119\/aparat czy przyciski boczne.<\/p>\n<p>W przypadku baterii do telefon\u00f3w (zamiennik\u00f3w) zdj\u0119cie mo\u017ce by\u0107 zdj\u0119ciem pogl\u0105dowym. Po zakupie otrzymaj\u0105 Pa\u0144stwo produkt kompatybilny z danym urz\u0105dzeniem.<\/p>\n<p>Zdj\u0119cia produkt\u00f3w takich jak Szk\u0142a hartowane i folie ochronne na telefony\/tablety r\u00f3wnie\u017c mog\u0105 by\u0107 zdj\u0119ciami pogl\u0105dowymi.<\/p>\n","protected":false},"excerpt":{"rendered":"<p>\u0141adowarka Baseus Super Si Quick Charger 1C 20W \u00a0 \u0141adowarka Baseus CCSUP-B01 Kompaktowa \u0142adowarka Baseus CCSUP-B01 umo\u017cliwia szybkie \u0142adowanie urz\u0105dze\u0144 z moc\u0105 do 20W. Dzi\u0119ki z\u0142o\u017conemu systemowi zabezpiecze\u0144 chroni zasilane sprz\u0119ty przed uszkodzeniem. Wyr\u00f3\u017cnia si\u0119 kompatybilno\u015bci\u0105 z ca\u0142\u0105 gam\u0105 smartfon\u00f3w i tablet\u00f3w, a zakres napi\u0119\u0107 AC 100-240V pozwala z niej korzysta\u0107 niemal na ca\u0142ym \u015bwiecie. [&hellip;]<\/p>\n","protected":false},"featured_media":718,"comment_status":"open","ping_status":"closed","template":"","meta":[],"product_brand":[27],"product_cat":[26],"product_tag":[],"class_list":{"0":"post-709","1":"product","2":"type-product","3":"status-publish","4":"has-post-thumbnail","6":"product_brand-baseus","7":"product_cat-akcesoria-gsm","9":"first","10":"instock","11":"taxable","12":"shipping-taxable","13":"purchasable","14":"product-type-simple"},"yoast_head":"<!-- This site is optimized with the Yoast SEO plugin v27.3 - https:\/\/yoast.com\/product\/yoast-seo-wordpress\/ -->\n<title>\u0141adowarka Baseus Super Si Quick Charger 1C 20W - Mix Market - Supermarket z wszystkim co potrzeba<\/title>\n<meta name=\"robots\" content=\"index, follow, max-snippet:-1, max-image-preview:large, max-video-preview:-1\" \/>\n<link rel=\"canonical\" href=\"https:\/\/racom.com.pl\/index.php\/produkt\/ladowarka-baseus-super-si-quick-charger-1c-20w\/\" \/>\n<meta property=\"og:locale\" content=\"pl_PL\" \/>\n<meta property=\"og:type\" content=\"article\" \/>\n<meta property=\"og:title\" content=\"\u0141adowarka Baseus Super Si Quick Charger 1C 20W - Mix Market - Supermarket z wszystkim co potrzeba\" \/>\n<meta property=\"og:description\" content=\"\u0141adowarka Baseus Super Si Quick Charger 1C 20W \u00a0 \u0141adowarka Baseus CCSUP-B01 Kompaktowa \u0142adowarka Baseus CCSUP-B01 umo\u017cliwia szybkie \u0142adowanie urz\u0105dze\u0144 z moc\u0105 do 20W. Dzi\u0119ki z\u0142o\u017conemu systemowi zabezpiecze\u0144 chroni zasilane sprz\u0119ty przed uszkodzeniem. Wyr\u00f3\u017cnia si\u0119 kompatybilno\u015bci\u0105 z ca\u0142\u0105 gam\u0105 smartfon\u00f3w i tablet\u00f3w, a zakres napi\u0119\u0107 AC 100-240V pozwala z niej korzysta\u0107 niemal na ca\u0142ym \u015bwiecie. [&hellip;]\" \/>\n<meta property=\"og:url\" content=\"https:\/\/racom.com.pl\/index.php\/produkt\/ladowarka-baseus-super-si-quick-charger-1c-20w\/\" \/>\n<meta property=\"og:site_name\" content=\"Mix Market - Supermarket z wszystkim co potrzeba\" \/>\n<meta property=\"og:image\" content=\"https:\/\/racom.com.pl\/wp-content\/uploads\/2025\/07\/allegro_687a7033427487.40904280_efe71547413eaa0c025072c9cb45.jpg\" \/>\n\t<meta property=\"og:image:width\" content=\"800\" \/>\n\t<meta property=\"og:image:height\" content=\"800\" \/>\n\t<meta property=\"og:image:type\" content=\"image\/jpeg\" \/>\n<meta name=\"twitter:card\" content=\"summary_large_image\" \/>\n<meta name=\"twitter:label1\" content=\"Szacowany czas czytania\" \/>\n\t<meta name=\"twitter:data1\" content=\"3 minuty\" \/>\n<script type=\"application\/ld+json\" class=\"yoast-schema-graph\">{\"@context\":\"https:\\\/\\\/schema.org\",\"@graph\":[{\"@type\":\"WebPage\",\"@id\":\"https:\\\/\\\/racom.com.pl\\\/index.php\\\/produkt\\\/ladowarka-baseus-super-si-quick-charger-1c-20w\\\/\",\"url\":\"https:\\\/\\\/racom.com.pl\\\/index.php\\\/produkt\\\/ladowarka-baseus-super-si-quick-charger-1c-20w\\\/\",\"name\":\"\u0141adowarka Baseus Super Si Quick Charger 1C 20W - Mix Market - Supermarket z wszystkim co potrzeba\",\"isPartOf\":{\"@id\":\"https:\\\/\\\/racom.com.pl\\\/#website\"},\"primaryImageOfPage\":{\"@id\":\"https:\\\/\\\/racom.com.pl\\\/index.php\\\/produkt\\\/ladowarka-baseus-super-si-quick-charger-1c-20w\\\/#primaryimage\"},\"image\":{\"@id\":\"https:\\\/\\\/racom.com.pl\\\/index.php\\\/produkt\\\/ladowarka-baseus-super-si-quick-charger-1c-20w\\\/#primaryimage\"},\"thumbnailUrl\":\"https:\\\/\\\/racom.com.pl\\\/wp-content\\\/uploads\\\/2025\\\/07\\\/allegro_687a7033427487.40904280_efe71547413eaa0c025072c9cb45.jpg\",\"datePublished\":\"2025-07-18T16:01:49+00:00\",\"breadcrumb\":{\"@id\":\"https:\\\/\\\/racom.com.pl\\\/index.php\\\/produkt\\\/ladowarka-baseus-super-si-quick-charger-1c-20w\\\/#breadcrumb\"},\"inLanguage\":\"pl-PL\",\"potentialAction\":[{\"@type\":\"ReadAction\",\"target\":[\"https:\\\/\\\/racom.com.pl\\\/index.php\\\/produkt\\\/ladowarka-baseus-super-si-quick-charger-1c-20w\\\/\"]}]},{\"@type\":\"ImageObject\",\"inLanguage\":\"pl-PL\",\"@id\":\"https:\\\/\\\/racom.com.pl\\\/index.php\\\/produkt\\\/ladowarka-baseus-super-si-quick-charger-1c-20w\\\/#primaryimage\",\"url\":\"https:\\\/\\\/racom.com.pl\\\/wp-content\\\/uploads\\\/2025\\\/07\\\/allegro_687a7033427487.40904280_efe71547413eaa0c025072c9cb45.jpg\",\"contentUrl\":\"https:\\\/\\\/racom.com.pl\\\/wp-content\\\/uploads\\\/2025\\\/07\\\/allegro_687a7033427487.40904280_efe71547413eaa0c025072c9cb45.jpg\",\"width\":800,\"height\":800},{\"@type\":\"BreadcrumbList\",\"@id\":\"https:\\\/\\\/racom.com.pl\\\/index.php\\\/produkt\\\/ladowarka-baseus-super-si-quick-charger-1c-20w\\\/#breadcrumb\",\"itemListElement\":[{\"@type\":\"ListItem\",\"position\":1,\"name\":\"Strona g\u0142\u00f3wna\",\"item\":\"https:\\\/\\\/racom.com.pl\\\/\"},{\"@type\":\"ListItem\",\"position\":2,\"name\":\"Sklep\",\"item\":\"https:\\\/\\\/racom.com.pl\\\/\"},{\"@type\":\"ListItem\",\"position\":3,\"name\":\"\u0141adowarka Baseus Super Si Quick Charger 1C 20W\"}]},{\"@type\":\"WebSite\",\"@id\":\"https:\\\/\\\/racom.com.pl\\\/#website\",\"url\":\"https:\\\/\\\/racom.com.pl\\\/\",\"name\":\"Mix Market - Supermarket z wszystkim co potrzeba do domu i nie tylko\",\"description\":\"\",\"publisher\":{\"@id\":\"https:\\\/\\\/racom.com.pl\\\/#organization\"},\"potentialAction\":[{\"@type\":\"SearchAction\",\"target\":{\"@type\":\"EntryPoint\",\"urlTemplate\":\"https:\\\/\\\/racom.com.pl\\\/?s={search_term_string}\"},\"query-input\":{\"@type\":\"PropertyValueSpecification\",\"valueRequired\":true,\"valueName\":\"search_term_string\"}}],\"inLanguage\":\"pl-PL\"},{\"@type\":\"Organization\",\"@id\":\"https:\\\/\\\/racom.com.pl\\\/#organization\",\"name\":\"Mix Market - Supermarket z wszystkim co potrzeba do domu i nie tylko\",\"url\":\"https:\\\/\\\/racom.com.pl\\\/\",\"logo\":{\"@type\":\"ImageObject\",\"inLanguage\":\"pl-PL\",\"@id\":\"https:\\\/\\\/racom.com.pl\\\/#\\\/schema\\\/logo\\\/image\\\/\",\"url\":\"https:\\\/\\\/racom.com.pl\\\/wp-content\\\/uploads\\\/2025\\\/07\\\/mixmarket_logo.png\",\"contentUrl\":\"https:\\\/\\\/racom.com.pl\\\/wp-content\\\/uploads\\\/2025\\\/07\\\/mixmarket_logo.png\",\"width\":1024,\"height\":1024,\"caption\":\"Mix Market - Supermarket z wszystkim co potrzeba do domu i nie tylko\"},\"image\":{\"@id\":\"https:\\\/\\\/racom.com.pl\\\/#\\\/schema\\\/logo\\\/image\\\/\"}}]}<\/script>\n<!-- \/ Yoast SEO plugin. -->","yoast_head_json":{"title":"\u0141adowarka Baseus Super Si Quick Charger 1C 20W - Mix Market - Supermarket z wszystkim co potrzeba","robots":{"index":"index","follow":"follow","max-snippet":"max-snippet:-1","max-image-preview":"max-image-preview:large","max-video-preview":"max-video-preview:-1"},"canonical":"https:\/\/racom.com.pl\/index.php\/produkt\/ladowarka-baseus-super-si-quick-charger-1c-20w\/","og_locale":"pl_PL","og_type":"article","og_title":"\u0141adowarka Baseus Super Si Quick Charger 1C 20W - Mix Market - Supermarket z wszystkim co potrzeba","og_description":"\u0141adowarka Baseus Super Si Quick Charger 1C 20W \u00a0 \u0141adowarka Baseus CCSUP-B01 Kompaktowa \u0142adowarka Baseus CCSUP-B01 umo\u017cliwia szybkie \u0142adowanie urz\u0105dze\u0144 z moc\u0105 do 20W. Dzi\u0119ki z\u0142o\u017conemu systemowi zabezpiecze\u0144 chroni zasilane sprz\u0119ty przed uszkodzeniem. Wyr\u00f3\u017cnia si\u0119 kompatybilno\u015bci\u0105 z ca\u0142\u0105 gam\u0105 smartfon\u00f3w i tablet\u00f3w, a zakres napi\u0119\u0107 AC 100-240V pozwala z niej korzysta\u0107 niemal na ca\u0142ym \u015bwiecie. [&hellip;]","og_url":"https:\/\/racom.com.pl\/index.php\/produkt\/ladowarka-baseus-super-si-quick-charger-1c-20w\/","og_site_name":"Mix Market - Supermarket z wszystkim co potrzeba","og_image":[{"width":800,"height":800,"url":"https:\/\/racom.com.pl\/wp-content\/uploads\/2025\/07\/allegro_687a7033427487.40904280_efe71547413eaa0c025072c9cb45.jpg","type":"image\/jpeg"}],"twitter_card":"summary_large_image","twitter_misc":{"Szacowany czas czytania":"3 minuty"},"schema":{"@context":"https:\/\/schema.org","@graph":[{"@type":"WebPage","@id":"https:\/\/racom.com.pl\/index.php\/produkt\/ladowarka-baseus-super-si-quick-charger-1c-20w\/","url":"https:\/\/racom.com.pl\/index.php\/produkt\/ladowarka-baseus-super-si-quick-charger-1c-20w\/","name":"\u0141adowarka Baseus Super Si Quick Charger 1C 20W - Mix Market - Supermarket z wszystkim co potrzeba","isPartOf":{"@id":"https:\/\/racom.com.pl\/#website"},"primaryImageOfPage":{"@id":"https:\/\/racom.com.pl\/index.php\/produkt\/ladowarka-baseus-super-si-quick-charger-1c-20w\/#primaryimage"},"image":{"@id":"https:\/\/racom.com.pl\/index.php\/produkt\/ladowarka-baseus-super-si-quick-charger-1c-20w\/#primaryimage"},"thumbnailUrl":"https:\/\/racom.com.pl\/wp-content\/uploads\/2025\/07\/allegro_687a7033427487.40904280_efe71547413eaa0c025072c9cb45.jpg","datePublished":"2025-07-18T16:01:49+00:00","breadcrumb":{"@id":"https:\/\/racom.com.pl\/index.php\/produkt\/ladowarka-baseus-super-si-quick-charger-1c-20w\/#breadcrumb"},"inLanguage":"pl-PL","potentialAction":[{"@type":"ReadAction","target":["https:\/\/racom.com.pl\/index.php\/produkt\/ladowarka-baseus-super-si-quick-charger-1c-20w\/"]}]},{"@type":"ImageObject","inLanguage":"pl-PL","@id":"https:\/\/racom.com.pl\/index.php\/produkt\/ladowarka-baseus-super-si-quick-charger-1c-20w\/#primaryimage","url":"https:\/\/racom.com.pl\/wp-content\/uploads\/2025\/07\/allegro_687a7033427487.40904280_efe71547413eaa0c025072c9cb45.jpg","contentUrl":"https:\/\/racom.com.pl\/wp-content\/uploads\/2025\/07\/allegro_687a7033427487.40904280_efe71547413eaa0c025072c9cb45.jpg","width":800,"height":800},{"@type":"BreadcrumbList","@id":"https:\/\/racom.com.pl\/index.php\/produkt\/ladowarka-baseus-super-si-quick-charger-1c-20w\/#breadcrumb","itemListElement":[{"@type":"ListItem","position":1,"name":"Strona g\u0142\u00f3wna","item":"https:\/\/racom.com.pl\/"},{"@type":"ListItem","position":2,"name":"Sklep","item":"https:\/\/racom.com.pl\/"},{"@type":"ListItem","position":3,"name":"\u0141adowarka Baseus Super Si Quick Charger 1C 20W"}]},{"@type":"WebSite","@id":"https:\/\/racom.com.pl\/#website","url":"https:\/\/racom.com.pl\/","name":"Mix Market - Supermarket z wszystkim co potrzeba do domu i nie tylko","description":"","publisher":{"@id":"https:\/\/racom.com.pl\/#organization"},"potentialAction":[{"@type":"SearchAction","target":{"@type":"EntryPoint","urlTemplate":"https:\/\/racom.com.pl\/?s={search_term_string}"},"query-input":{"@type":"PropertyValueSpecification","valueRequired":true,"valueName":"search_term_string"}}],"inLanguage":"pl-PL"},{"@type":"Organization","@id":"https:\/\/racom.com.pl\/#organization","name":"Mix Market - Supermarket z wszystkim co potrzeba do domu i nie tylko","url":"https:\/\/racom.com.pl\/","logo":{"@type":"ImageObject","inLanguage":"pl-PL","@id":"https:\/\/racom.com.pl\/#\/schema\/logo\/image\/","url":"https:\/\/racom.com.pl\/wp-content\/uploads\/2025\/07\/mixmarket_logo.png","contentUrl":"https:\/\/racom.com.pl\/wp-content\/uploads\/2025\/07\/mixmarket_logo.png","width":1024,"height":1024,"caption":"Mix Market - Supermarket z wszystkim co potrzeba do domu i nie tylko"},"image":{"@id":"https:\/\/racom.com.pl\/#\/schema\/logo\/image\/"}}]}},"_links":{"self":[{"href":"https:\/\/racom.com.pl\/index.php\/wp-json\/wp\/v2\/product\/709","targetHints":{"allow":["GET"]}}],"collection":[{"href":"https:\/\/racom.com.pl\/index.php\/wp-json\/wp\/v2\/product"}],"about":[{"href":"https:\/\/racom.com.pl\/index.php\/wp-json\/wp\/v2\/types\/product"}],"replies":[{"embeddable":true,"href":"https:\/\/racom.com.pl\/index.php\/wp-json\/wp\/v2\/comments?post=709"}],"wp:featuredmedia":[{"embeddable":true,"href":"https:\/\/racom.com.pl\/index.php\/wp-json\/wp\/v2\/media\/718"}],"wp:attachment":[{"href":"https:\/\/racom.com.pl\/index.php\/wp-json\/wp\/v2\/media?parent=709"}],"wp:term":[{"taxonomy":"product_brand","embeddable":true,"href":"https:\/\/racom.com.pl\/index.php\/wp-json\/wp\/v2\/product_brand?post=709"},{"taxonomy":"product_cat","embeddable":true,"href":"https:\/\/racom.com.pl\/index.php\/wp-json\/wp\/v2\/product_cat?post=709"},{"taxonomy":"product_tag","embeddable":true,"href":"https:\/\/racom.com.pl\/index.php\/wp-json\/wp\/v2\/product_tag?post=709"}],"curies":[{"name":"wp","href":"https:\/\/api.w.org\/{rel}","templated":true}]}}