{"id":738,"date":"2025-07-18T18:05:27","date_gmt":"2025-07-18T16:05:27","guid":{"rendered":"http:\/\/192.168.2.106\/index.php\/produkt\/baseus-pasek-sportowy-do-apple-watch-3-4-5-42-44\/"},"modified":"2025-07-18T18:05:27","modified_gmt":"2025-07-18T16:05:27","slug":"baseus-pasek-sportowy-do-apple-watch-3-4-5-42-44","status":"publish","type":"product","link":"https:\/\/racom.com.pl\/index.php\/produkt\/baseus-pasek-sportowy-do-apple-watch-3-4-5-42-44\/","title":{"rendered":"BASEUS PASEK SPORTOWY DO APPLE WATCH 3\/4\/5 42\/44"},"content":{"rendered":"<p><b>Baseus pasek opaska bransoleta do Apple Watch 42 mm \/ 44 mm bia\u0142y (LBAPWA4-B24) &#8211; Bia\u0142y<\/b><\/p>\n<p>Pasek, bransoleta do zegarka Apple Watch z kolekcji 1, 2, 3, 4, 5<\/p>\n<p>Ten komfortowy pasek do zegarka Apple Watch to pi\u0119kna i komfortowa alternatywa dla oryginalnej bransoletki. Sk\u0142ada si\u0119 z dw\u00f3ch w\u0105skich pask\u00f3w, co zagwarantuje atrakcyjny design i doskonale ukazuje si\u0119 na nadgarstku. Tak\u0105 konstrukcj\u0119 docenisz szczeg\u00f3lnie w czasie upa\u0142u, kiedy nie b\u0119dziesz musia\u0142 martwi\u0107 si\u0119 potem ani otarciami. Sk\u00f3ra pod zegarkiem mo\u017ce lu\u017ano oddycha\u0107, co ogranicza uczucie dyskomfortu nawet w najistotniej gor\u0105ce dni. A gdy zechcesz si\u0119 och\u0142odzi\u0107, r\u00f3b to bez \u015bci\u0105gania zegarka \u2013 pasek schnie szybko.<\/p>\n<p>Specyfikacja<\/p>\n<ul>\n<li>producent: Baseus<\/li>\n<li>Materia\u0142: PC\/stop aluminium\/bawe\u0142niany sznurek<\/li>\n<li>rozmiar: 30cm<\/li>\n<li>Waga: 13 gram\u00f3w<\/li>\n<li>Kompatybilny z:<\/li>\n<li>Apple Watch Series 5 44mm\n<p>Apple Watch Series 4 44mm<\/p>\n<p>Apple Watch Series 3 42mm<\/p>\n<p>Apple Watch Series 2 42mm<\/p>\n<p>Apple Watch Series 1 42mm<\/p>\n<\/li>\n<li>Zakres regulacji \u015brednicy: 45 do 95cm<\/li>\n<li>D\u0142ugo\u015b\u0107: 300 mm<\/li>\n<\/ul>\n<p>Pasek do zegarka sk\u0142ada si\u0119 z dw\u00f3ch komponent\u00f3w. Zawieraj\u0105 one w\u0142\u00f3kna bawe\u0142niane, co sprawia, \u017ce s\u0105 przyjazne dla sk\u00f3ry, nie powoduj\u0105 otar\u0107 ani reakcji alergicznych. Dobrze przylegaj\u0105 do cia\u0142a, jednak zostawiaj\u0105 na tyle przestrzeni, aby\u015b nie czu\u0142 ucisku czy ocierania cho\u0107by przy d\u0142ugim noszeniu.<\/p>\n<p>\u0141atwa regulacja<\/p>\n<p>W pasku nie musisz robi\u0107 dodatkowych dziurek. Regulacja jego szeroko\u015bci jest szybka, prosta i p\u0142ynna \u2013 wystarczy nacisn\u0105\u0107 i poci\u0105gn\u0105\u0107 sznurki ustalaj\u0105c adekwatny obw\u00f3d, pasuj\u0105cy do chudszych i grubszych nadgarstk\u00f3w. Zakres regulacji:<\/p>\n<ul>\n<li>d\u0142ugo\u015b\u0107 od 14 do 30 cm,<\/li>\n<li>\u015brednica od 4,5 do 9,5 cm.<\/li>\n<\/ul>\n<p>Po ustaleniu nadzwyczajne warto\u015bci zablokuj pasek, by zegarek pozosta\u0142 na swym miejscu i nie by\u0142 zagro\u017cony upadkiem. Nast\u0119pnie ko\u0144c\u00f3wki sznurk\u00f3w komfortowo zawi\u0144, \u017ceby nie by\u0142y zbyt d\u0142ugie, co mog\u0142oby sprawia\u0107 dyskomfort na co dzie\u0144.<\/p>\n<p>Kompatybilno\u015b\u0107<\/p>\n<p>Zmie\u0144 wygl\u0105d zegarka i spraw, \u017ceby jego noszenie by\u0142o jeszcze przyjemniejsze. Wymienny pasek od Baseus nada mu lekkiego i designerskiego wygl\u0105du. Jest odpowiedni do modelu Apple serii 3\/4\/5, wi\u0119c je\u015bli zdecydujesz si\u0119 wymieni\u0107 gad\u017cet na nowszy \u2013 bransoletka i tak b\u0119dzie pasowa\u0142a!<\/p>\n<p>Instalacja:<\/p>\n<ol>\n<li>Wsu\u0144 komponent z bransoletk\u0105 do gniazda przy\u0142\u0105czeniowego.<\/li>\n<li>Naci\u015bnij g\u00f3rny przycisk, by odblokowa\u0107.<\/li>\n<li>przypasuj d\u0142ugo\u015b\u0107 bransoletki do swojego nadgarstka.<\/li>\n<li>Na koniec naci\u015bnij boczne przyciski, aby zablokowa\u0107 ustawienie.<\/li>\n<\/ol>\n","protected":false},"excerpt":{"rendered":"<p>Baseus pasek opaska bransoleta do Apple Watch 42 mm \/ 44 mm bia\u0142y (LBAPWA4-B24) &#8211; Bia\u0142y Pasek, bransoleta do zegarka Apple Watch z kolekcji 1, 2, 3, 4, 5 Ten komfortowy pasek do zegarka Apple Watch to pi\u0119kna i komfortowa alternatywa dla oryginalnej bransoletki. Sk\u0142ada si\u0119 z dw\u00f3ch w\u0105skich pask\u00f3w, co zagwarantuje atrakcyjny design i [&hellip;]<\/p>\n","protected":false},"featured_media":742,"comment_status":"open","ping_status":"closed","template":"","meta":[],"product_brand":[],"product_cat":[34],"product_tag":[],"class_list":{"0":"post-738","1":"product","2":"type-product","3":"status-publish","4":"has-post-thumbnail","6":"product_cat-smartwatche-i-akcesoria","8":"first","9":"instock","10":"taxable","11":"shipping-taxable","12":"purchasable","13":"product-type-simple"},"yoast_head":"<!-- This site is optimized with the Yoast SEO plugin v27.3 - https:\/\/yoast.com\/product\/yoast-seo-wordpress\/ -->\n<title>BASEUS PASEK SPORTOWY DO APPLE WATCH 3\/4\/5 42\/44 - Mix Market - Supermarket z wszystkim co potrzeba<\/title>\n<meta name=\"robots\" content=\"index, follow, max-snippet:-1, max-image-preview:large, max-video-preview:-1\" \/>\n<link rel=\"canonical\" href=\"https:\/\/racom.com.pl\/index.php\/produkt\/baseus-pasek-sportowy-do-apple-watch-3-4-5-42-44\/\" \/>\n<meta property=\"og:locale\" content=\"pl_PL\" \/>\n<meta property=\"og:type\" content=\"article\" \/>\n<meta property=\"og:title\" content=\"BASEUS PASEK SPORTOWY DO APPLE WATCH 3\/4\/5 42\/44 - Mix Market - Supermarket z wszystkim co potrzeba\" \/>\n<meta property=\"og:description\" content=\"Baseus pasek opaska bransoleta do Apple Watch 42 mm \/ 44 mm bia\u0142y (LBAPWA4-B24) &#8211; Bia\u0142y Pasek, bransoleta do zegarka Apple Watch z kolekcji 1, 2, 3, 4, 5 Ten komfortowy pasek do zegarka Apple Watch to pi\u0119kna i komfortowa alternatywa dla oryginalnej bransoletki. Sk\u0142ada si\u0119 z dw\u00f3ch w\u0105skich pask\u00f3w, co zagwarantuje atrakcyjny design i [&hellip;]\" \/>\n<meta property=\"og:url\" content=\"https:\/\/racom.com.pl\/index.php\/produkt\/baseus-pasek-sportowy-do-apple-watch-3-4-5-42-44\/\" \/>\n<meta property=\"og:site_name\" content=\"Mix Market - Supermarket z wszystkim co potrzeba\" \/>\n<meta property=\"og:image\" content=\"https:\/\/racom.com.pl\/wp-content\/uploads\/2025\/07\/allegro_687a70d43de657.20238364_02a466d14bc09de8a53a574bcc76.jpg\" \/>\n\t<meta property=\"og:image:width\" content=\"500\" \/>\n\t<meta property=\"og:image:height\" content=\"500\" \/>\n\t<meta property=\"og:image:type\" content=\"image\/jpeg\" \/>\n<meta name=\"twitter:card\" content=\"summary_large_image\" \/>\n<meta name=\"twitter:label1\" content=\"Szacowany czas czytania\" \/>\n\t<meta name=\"twitter:data1\" content=\"2 minuty\" \/>\n<script type=\"application\/ld+json\" class=\"yoast-schema-graph\">{\"@context\":\"https:\\\/\\\/schema.org\",\"@graph\":[{\"@type\":\"WebPage\",\"@id\":\"https:\\\/\\\/racom.com.pl\\\/index.php\\\/produkt\\\/baseus-pasek-sportowy-do-apple-watch-3-4-5-42-44\\\/\",\"url\":\"https:\\\/\\\/racom.com.pl\\\/index.php\\\/produkt\\\/baseus-pasek-sportowy-do-apple-watch-3-4-5-42-44\\\/\",\"name\":\"BASEUS PASEK SPORTOWY DO APPLE WATCH 3\\\/4\\\/5 42\\\/44 - Mix Market - Supermarket z wszystkim co potrzeba\",\"isPartOf\":{\"@id\":\"https:\\\/\\\/racom.com.pl\\\/#website\"},\"primaryImageOfPage\":{\"@id\":\"https:\\\/\\\/racom.com.pl\\\/index.php\\\/produkt\\\/baseus-pasek-sportowy-do-apple-watch-3-4-5-42-44\\\/#primaryimage\"},\"image\":{\"@id\":\"https:\\\/\\\/racom.com.pl\\\/index.php\\\/produkt\\\/baseus-pasek-sportowy-do-apple-watch-3-4-5-42-44\\\/#primaryimage\"},\"thumbnailUrl\":\"https:\\\/\\\/racom.com.pl\\\/wp-content\\\/uploads\\\/2025\\\/07\\\/allegro_687a70d43de657.20238364_02a466d14bc09de8a53a574bcc76.jpg\",\"datePublished\":\"2025-07-18T16:05:27+00:00\",\"breadcrumb\":{\"@id\":\"https:\\\/\\\/racom.com.pl\\\/index.php\\\/produkt\\\/baseus-pasek-sportowy-do-apple-watch-3-4-5-42-44\\\/#breadcrumb\"},\"inLanguage\":\"pl-PL\",\"potentialAction\":[{\"@type\":\"ReadAction\",\"target\":[\"https:\\\/\\\/racom.com.pl\\\/index.php\\\/produkt\\\/baseus-pasek-sportowy-do-apple-watch-3-4-5-42-44\\\/\"]}]},{\"@type\":\"ImageObject\",\"inLanguage\":\"pl-PL\",\"@id\":\"https:\\\/\\\/racom.com.pl\\\/index.php\\\/produkt\\\/baseus-pasek-sportowy-do-apple-watch-3-4-5-42-44\\\/#primaryimage\",\"url\":\"https:\\\/\\\/racom.com.pl\\\/wp-content\\\/uploads\\\/2025\\\/07\\\/allegro_687a70d43de657.20238364_02a466d14bc09de8a53a574bcc76.jpg\",\"contentUrl\":\"https:\\\/\\\/racom.com.pl\\\/wp-content\\\/uploads\\\/2025\\\/07\\\/allegro_687a70d43de657.20238364_02a466d14bc09de8a53a574bcc76.jpg\",\"width\":500,\"height\":500},{\"@type\":\"BreadcrumbList\",\"@id\":\"https:\\\/\\\/racom.com.pl\\\/index.php\\\/produkt\\\/baseus-pasek-sportowy-do-apple-watch-3-4-5-42-44\\\/#breadcrumb\",\"itemListElement\":[{\"@type\":\"ListItem\",\"position\":1,\"name\":\"Strona g\u0142\u00f3wna\",\"item\":\"https:\\\/\\\/racom.com.pl\\\/\"},{\"@type\":\"ListItem\",\"position\":2,\"name\":\"Sklep\",\"item\":\"https:\\\/\\\/racom.com.pl\\\/\"},{\"@type\":\"ListItem\",\"position\":3,\"name\":\"BASEUS PASEK SPORTOWY DO APPLE WATCH 3\\\/4\\\/5 42\\\/44\"}]},{\"@type\":\"WebSite\",\"@id\":\"https:\\\/\\\/racom.com.pl\\\/#website\",\"url\":\"https:\\\/\\\/racom.com.pl\\\/\",\"name\":\"Mix Market - Supermarket z wszystkim co potrzeba do domu i nie tylko\",\"description\":\"\",\"publisher\":{\"@id\":\"https:\\\/\\\/racom.com.pl\\\/#organization\"},\"potentialAction\":[{\"@type\":\"SearchAction\",\"target\":{\"@type\":\"EntryPoint\",\"urlTemplate\":\"https:\\\/\\\/racom.com.pl\\\/?s={search_term_string}\"},\"query-input\":{\"@type\":\"PropertyValueSpecification\",\"valueRequired\":true,\"valueName\":\"search_term_string\"}}],\"inLanguage\":\"pl-PL\"},{\"@type\":\"Organization\",\"@id\":\"https:\\\/\\\/racom.com.pl\\\/#organization\",\"name\":\"Mix Market - Supermarket z wszystkim co potrzeba do domu i nie tylko\",\"url\":\"https:\\\/\\\/racom.com.pl\\\/\",\"logo\":{\"@type\":\"ImageObject\",\"inLanguage\":\"pl-PL\",\"@id\":\"https:\\\/\\\/racom.com.pl\\\/#\\\/schema\\\/logo\\\/image\\\/\",\"url\":\"https:\\\/\\\/racom.com.pl\\\/wp-content\\\/uploads\\\/2025\\\/07\\\/mixmarket_logo.png\",\"contentUrl\":\"https:\\\/\\\/racom.com.pl\\\/wp-content\\\/uploads\\\/2025\\\/07\\\/mixmarket_logo.png\",\"width\":1024,\"height\":1024,\"caption\":\"Mix Market - Supermarket z wszystkim co potrzeba do domu i nie tylko\"},\"image\":{\"@id\":\"https:\\\/\\\/racom.com.pl\\\/#\\\/schema\\\/logo\\\/image\\\/\"}}]}<\/script>\n<!-- \/ Yoast SEO plugin. -->","yoast_head_json":{"title":"BASEUS PASEK SPORTOWY DO APPLE WATCH 3\/4\/5 42\/44 - Mix Market - Supermarket z wszystkim co potrzeba","robots":{"index":"index","follow":"follow","max-snippet":"max-snippet:-1","max-image-preview":"max-image-preview:large","max-video-preview":"max-video-preview:-1"},"canonical":"https:\/\/racom.com.pl\/index.php\/produkt\/baseus-pasek-sportowy-do-apple-watch-3-4-5-42-44\/","og_locale":"pl_PL","og_type":"article","og_title":"BASEUS PASEK SPORTOWY DO APPLE WATCH 3\/4\/5 42\/44 - Mix Market - Supermarket z wszystkim co potrzeba","og_description":"Baseus pasek opaska bransoleta do Apple Watch 42 mm \/ 44 mm bia\u0142y (LBAPWA4-B24) &#8211; Bia\u0142y Pasek, bransoleta do zegarka Apple Watch z kolekcji 1, 2, 3, 4, 5 Ten komfortowy pasek do zegarka Apple Watch to pi\u0119kna i komfortowa alternatywa dla oryginalnej bransoletki. Sk\u0142ada si\u0119 z dw\u00f3ch w\u0105skich pask\u00f3w, co zagwarantuje atrakcyjny design i [&hellip;]","og_url":"https:\/\/racom.com.pl\/index.php\/produkt\/baseus-pasek-sportowy-do-apple-watch-3-4-5-42-44\/","og_site_name":"Mix Market - Supermarket z wszystkim co potrzeba","og_image":[{"width":500,"height":500,"url":"https:\/\/racom.com.pl\/wp-content\/uploads\/2025\/07\/allegro_687a70d43de657.20238364_02a466d14bc09de8a53a574bcc76.jpg","type":"image\/jpeg"}],"twitter_card":"summary_large_image","twitter_misc":{"Szacowany czas czytania":"2 minuty"},"schema":{"@context":"https:\/\/schema.org","@graph":[{"@type":"WebPage","@id":"https:\/\/racom.com.pl\/index.php\/produkt\/baseus-pasek-sportowy-do-apple-watch-3-4-5-42-44\/","url":"https:\/\/racom.com.pl\/index.php\/produkt\/baseus-pasek-sportowy-do-apple-watch-3-4-5-42-44\/","name":"BASEUS PASEK SPORTOWY DO APPLE WATCH 3\/4\/5 42\/44 - Mix Market - Supermarket z wszystkim co potrzeba","isPartOf":{"@id":"https:\/\/racom.com.pl\/#website"},"primaryImageOfPage":{"@id":"https:\/\/racom.com.pl\/index.php\/produkt\/baseus-pasek-sportowy-do-apple-watch-3-4-5-42-44\/#primaryimage"},"image":{"@id":"https:\/\/racom.com.pl\/index.php\/produkt\/baseus-pasek-sportowy-do-apple-watch-3-4-5-42-44\/#primaryimage"},"thumbnailUrl":"https:\/\/racom.com.pl\/wp-content\/uploads\/2025\/07\/allegro_687a70d43de657.20238364_02a466d14bc09de8a53a574bcc76.jpg","datePublished":"2025-07-18T16:05:27+00:00","breadcrumb":{"@id":"https:\/\/racom.com.pl\/index.php\/produkt\/baseus-pasek-sportowy-do-apple-watch-3-4-5-42-44\/#breadcrumb"},"inLanguage":"pl-PL","potentialAction":[{"@type":"ReadAction","target":["https:\/\/racom.com.pl\/index.php\/produkt\/baseus-pasek-sportowy-do-apple-watch-3-4-5-42-44\/"]}]},{"@type":"ImageObject","inLanguage":"pl-PL","@id":"https:\/\/racom.com.pl\/index.php\/produkt\/baseus-pasek-sportowy-do-apple-watch-3-4-5-42-44\/#primaryimage","url":"https:\/\/racom.com.pl\/wp-content\/uploads\/2025\/07\/allegro_687a70d43de657.20238364_02a466d14bc09de8a53a574bcc76.jpg","contentUrl":"https:\/\/racom.com.pl\/wp-content\/uploads\/2025\/07\/allegro_687a70d43de657.20238364_02a466d14bc09de8a53a574bcc76.jpg","width":500,"height":500},{"@type":"BreadcrumbList","@id":"https:\/\/racom.com.pl\/index.php\/produkt\/baseus-pasek-sportowy-do-apple-watch-3-4-5-42-44\/#breadcrumb","itemListElement":[{"@type":"ListItem","position":1,"name":"Strona g\u0142\u00f3wna","item":"https:\/\/racom.com.pl\/"},{"@type":"ListItem","position":2,"name":"Sklep","item":"https:\/\/racom.com.pl\/"},{"@type":"ListItem","position":3,"name":"BASEUS PASEK SPORTOWY DO APPLE WATCH 3\/4\/5 42\/44"}]},{"@type":"WebSite","@id":"https:\/\/racom.com.pl\/#website","url":"https:\/\/racom.com.pl\/","name":"Mix Market - Supermarket z wszystkim co potrzeba do domu i nie tylko","description":"","publisher":{"@id":"https:\/\/racom.com.pl\/#organization"},"potentialAction":[{"@type":"SearchAction","target":{"@type":"EntryPoint","urlTemplate":"https:\/\/racom.com.pl\/?s={search_term_string}"},"query-input":{"@type":"PropertyValueSpecification","valueRequired":true,"valueName":"search_term_string"}}],"inLanguage":"pl-PL"},{"@type":"Organization","@id":"https:\/\/racom.com.pl\/#organization","name":"Mix Market - Supermarket z wszystkim co potrzeba do domu i nie tylko","url":"https:\/\/racom.com.pl\/","logo":{"@type":"ImageObject","inLanguage":"pl-PL","@id":"https:\/\/racom.com.pl\/#\/schema\/logo\/image\/","url":"https:\/\/racom.com.pl\/wp-content\/uploads\/2025\/07\/mixmarket_logo.png","contentUrl":"https:\/\/racom.com.pl\/wp-content\/uploads\/2025\/07\/mixmarket_logo.png","width":1024,"height":1024,"caption":"Mix Market - Supermarket z wszystkim co potrzeba do domu i nie tylko"},"image":{"@id":"https:\/\/racom.com.pl\/#\/schema\/logo\/image\/"}}]}},"_links":{"self":[{"href":"https:\/\/racom.com.pl\/index.php\/wp-json\/wp\/v2\/product\/738","targetHints":{"allow":["GET"]}}],"collection":[{"href":"https:\/\/racom.com.pl\/index.php\/wp-json\/wp\/v2\/product"}],"about":[{"href":"https:\/\/racom.com.pl\/index.php\/wp-json\/wp\/v2\/types\/product"}],"replies":[{"embeddable":true,"href":"https:\/\/racom.com.pl\/index.php\/wp-json\/wp\/v2\/comments?post=738"}],"wp:featuredmedia":[{"embeddable":true,"href":"https:\/\/racom.com.pl\/index.php\/wp-json\/wp\/v2\/media\/742"}],"wp:attachment":[{"href":"https:\/\/racom.com.pl\/index.php\/wp-json\/wp\/v2\/media?parent=738"}],"wp:term":[{"taxonomy":"product_brand","embeddable":true,"href":"https:\/\/racom.com.pl\/index.php\/wp-json\/wp\/v2\/product_brand?post=738"},{"taxonomy":"product_cat","embeddable":true,"href":"https:\/\/racom.com.pl\/index.php\/wp-json\/wp\/v2\/product_cat?post=738"},{"taxonomy":"product_tag","embeddable":true,"href":"https:\/\/racom.com.pl\/index.php\/wp-json\/wp\/v2\/product_tag?post=738"}],"curies":[{"name":"wp","href":"https:\/\/api.w.org\/{rel}","templated":true}]}}