{"id":760,"date":"2025-07-18T18:06:42","date_gmt":"2025-07-18T16:06:42","guid":{"rendered":"http:\/\/192.168.2.106\/index.php\/produkt\/baseus-etui-case-do-samsung-galaxy-s20-ultra\/"},"modified":"2025-07-18T18:06:42","modified_gmt":"2025-07-18T16:06:42","slug":"baseus-etui-case-do-samsung-galaxy-s20-ultra","status":"publish","type":"product","link":"https:\/\/racom.com.pl\/index.php\/produkt\/baseus-etui-case-do-samsung-galaxy-s20-ultra\/","title":{"rendered":"Baseus Etui Case do Samsung Galaxy S20 Ultra"},"content":{"rendered":"<h2>Baseus Etui Case do Samsung Galaxy S20 Ultra<\/h2>\n<p><b>Specyfikacja<\/b><\/p>\n<ul>\n<li><b>Producent<\/b> Baseus<\/li>\n<li><b>Nazwa<\/b> Wing Case For S20 Ultra<\/li>\n<li><b>Kod produktu<\/b> WISAS20U-02<\/li>\n<li><b>Materia\u0142<\/b> Tworzywo PP<\/li>\n<li><b>Kolor<\/b> Bia\u0142y<\/li>\n<li><b>Kompatybilno\u015b\u0107<\/b> Samsung Galaxy S20 Ultra<\/li>\n<\/ul>\n<p><b>Ultracienkie etui Baseus<\/b><\/p>\n<p>Ultracienkie etui marki Baseus ma zaledwie <b>0,4 mm grubo\u015bci.<\/b> Ta cienka warstwa ochronna nie wp\u0142ywa na oryginalny kszta\u0142t telefonu, pomaga zachowa\u0107 go w idealnym stanie, daje poczucie komfortu, a przede wszystkim rewelacyjnie chroni i zabezpiecza tw\u00f3j telefon przed uszkodzeniami.<\/p>\n<p><b>Wysoka jako\u015b\u0107 wykonania<\/b><\/p>\n<p>Etui wykonane zosta\u0142o z wysokiej jako\u015bci, przyjemnego w dotyku materia\u0142u PP, gwarantuje on doskona\u0142\u0105 ochron\u0119 przed zarysowaniem, brudem czy upadkami. Dzi\u0119ki zastosowaniu wysokiej jako\u015bci materia\u0142\u00f3w, etui nie traci swojego koloru i kszta\u0142tu.<\/p>\n<p><b>Dodatkowe zabezpieczenia<\/b><\/p>\n<p>Ultracienkie etui Baseus zosta\u0142o pokryte specjaln\u0105 warstw\u0105 ochronn\u0105, kt\u00f3ra daje doskona\u0142\u0105 ochron\u0119 przeciwko odciskom palc\u00f3w i wilgoci. Etui \u0142atwo si\u0119 czy\u015bci, pewnie le\u017cy w d\u0142oni i jest idealnie dopasowane do danego modelu telefonu. Dodatkowo posiada podniesione ranty, kt\u00f3re zabezpieczaj\u0105 ekran twojego telefonu jak i aparat.<\/p>\n","protected":false},"excerpt":{"rendered":"<p>Baseus Etui Case do Samsung Galaxy S20 Ultra Specyfikacja Producent Baseus Nazwa Wing Case For S20 Ultra Kod produktu WISAS20U-02 Materia\u0142 Tworzywo PP Kolor Bia\u0142y Kompatybilno\u015b\u0107 Samsung Galaxy S20 Ultra Ultracienkie etui Baseus Ultracienkie etui marki Baseus ma zaledwie 0,4 mm grubo\u015bci. Ta cienka warstwa ochronna nie wp\u0142ywa na oryginalny kszta\u0142t telefonu, pomaga zachowa\u0107 go [&hellip;]<\/p>\n","protected":false},"featured_media":763,"comment_status":"open","ping_status":"closed","template":"","meta":[],"product_brand":[27],"product_cat":[26],"product_tag":[],"class_list":{"0":"post-760","1":"product","2":"type-product","3":"status-publish","4":"has-post-thumbnail","6":"product_brand-baseus","7":"product_cat-akcesoria-gsm","9":"first","10":"instock","11":"taxable","12":"shipping-taxable","13":"purchasable","14":"product-type-simple"},"yoast_head":"<!-- This site is optimized with the Yoast SEO plugin v27.3 - https:\/\/yoast.com\/product\/yoast-seo-wordpress\/ -->\n<title>Baseus Etui Case do Samsung Galaxy S20 Ultra - Mix Market - Supermarket z wszystkim co potrzeba<\/title>\n<meta name=\"robots\" content=\"index, follow, max-snippet:-1, max-image-preview:large, max-video-preview:-1\" \/>\n<link rel=\"canonical\" href=\"https:\/\/racom.com.pl\/index.php\/produkt\/baseus-etui-case-do-samsung-galaxy-s20-ultra\/\" \/>\n<meta property=\"og:locale\" content=\"pl_PL\" \/>\n<meta property=\"og:type\" content=\"article\" \/>\n<meta property=\"og:title\" content=\"Baseus Etui Case do Samsung Galaxy S20 Ultra - Mix Market - Supermarket z wszystkim co potrzeba\" \/>\n<meta property=\"og:description\" content=\"Baseus Etui Case do Samsung Galaxy S20 Ultra Specyfikacja Producent Baseus Nazwa Wing Case For S20 Ultra Kod produktu WISAS20U-02 Materia\u0142 Tworzywo PP Kolor Bia\u0142y Kompatybilno\u015b\u0107 Samsung Galaxy S20 Ultra Ultracienkie etui Baseus Ultracienkie etui marki Baseus ma zaledwie 0,4 mm grubo\u015bci. Ta cienka warstwa ochronna nie wp\u0142ywa na oryginalny kszta\u0142t telefonu, pomaga zachowa\u0107 go [&hellip;]\" \/>\n<meta property=\"og:url\" content=\"https:\/\/racom.com.pl\/index.php\/produkt\/baseus-etui-case-do-samsung-galaxy-s20-ultra\/\" \/>\n<meta property=\"og:site_name\" content=\"Mix Market - Supermarket z wszystkim co potrzeba\" \/>\n<meta property=\"og:image\" content=\"https:\/\/racom.com.pl\/wp-content\/uploads\/2025\/07\/allegro_687a711e39be30.17918497_ee8aba214d3cb9b8a5c368f54f6d.jpg\" \/>\n\t<meta property=\"og:image:width\" content=\"720\" \/>\n\t<meta property=\"og:image:height\" content=\"720\" \/>\n\t<meta property=\"og:image:type\" content=\"image\/jpeg\" \/>\n<meta name=\"twitter:card\" content=\"summary_large_image\" \/>\n<meta name=\"twitter:label1\" content=\"Szacowany czas czytania\" \/>\n\t<meta name=\"twitter:data1\" content=\"1 minuta\" \/>\n<script type=\"application\/ld+json\" class=\"yoast-schema-graph\">{\"@context\":\"https:\\\/\\\/schema.org\",\"@graph\":[{\"@type\":\"WebPage\",\"@id\":\"https:\\\/\\\/racom.com.pl\\\/index.php\\\/produkt\\\/baseus-etui-case-do-samsung-galaxy-s20-ultra\\\/\",\"url\":\"https:\\\/\\\/racom.com.pl\\\/index.php\\\/produkt\\\/baseus-etui-case-do-samsung-galaxy-s20-ultra\\\/\",\"name\":\"Baseus Etui Case do Samsung Galaxy S20 Ultra - Mix Market - Supermarket z wszystkim co potrzeba\",\"isPartOf\":{\"@id\":\"https:\\\/\\\/racom.com.pl\\\/#website\"},\"primaryImageOfPage\":{\"@id\":\"https:\\\/\\\/racom.com.pl\\\/index.php\\\/produkt\\\/baseus-etui-case-do-samsung-galaxy-s20-ultra\\\/#primaryimage\"},\"image\":{\"@id\":\"https:\\\/\\\/racom.com.pl\\\/index.php\\\/produkt\\\/baseus-etui-case-do-samsung-galaxy-s20-ultra\\\/#primaryimage\"},\"thumbnailUrl\":\"https:\\\/\\\/racom.com.pl\\\/wp-content\\\/uploads\\\/2025\\\/07\\\/allegro_687a711e39be30.17918497_ee8aba214d3cb9b8a5c368f54f6d.jpg\",\"datePublished\":\"2025-07-18T16:06:42+00:00\",\"breadcrumb\":{\"@id\":\"https:\\\/\\\/racom.com.pl\\\/index.php\\\/produkt\\\/baseus-etui-case-do-samsung-galaxy-s20-ultra\\\/#breadcrumb\"},\"inLanguage\":\"pl-PL\",\"potentialAction\":[{\"@type\":\"ReadAction\",\"target\":[\"https:\\\/\\\/racom.com.pl\\\/index.php\\\/produkt\\\/baseus-etui-case-do-samsung-galaxy-s20-ultra\\\/\"]}]},{\"@type\":\"ImageObject\",\"inLanguage\":\"pl-PL\",\"@id\":\"https:\\\/\\\/racom.com.pl\\\/index.php\\\/produkt\\\/baseus-etui-case-do-samsung-galaxy-s20-ultra\\\/#primaryimage\",\"url\":\"https:\\\/\\\/racom.com.pl\\\/wp-content\\\/uploads\\\/2025\\\/07\\\/allegro_687a711e39be30.17918497_ee8aba214d3cb9b8a5c368f54f6d.jpg\",\"contentUrl\":\"https:\\\/\\\/racom.com.pl\\\/wp-content\\\/uploads\\\/2025\\\/07\\\/allegro_687a711e39be30.17918497_ee8aba214d3cb9b8a5c368f54f6d.jpg\",\"width\":720,\"height\":720},{\"@type\":\"BreadcrumbList\",\"@id\":\"https:\\\/\\\/racom.com.pl\\\/index.php\\\/produkt\\\/baseus-etui-case-do-samsung-galaxy-s20-ultra\\\/#breadcrumb\",\"itemListElement\":[{\"@type\":\"ListItem\",\"position\":1,\"name\":\"Strona g\u0142\u00f3wna\",\"item\":\"https:\\\/\\\/racom.com.pl\\\/\"},{\"@type\":\"ListItem\",\"position\":2,\"name\":\"Sklep\",\"item\":\"https:\\\/\\\/racom.com.pl\\\/\"},{\"@type\":\"ListItem\",\"position\":3,\"name\":\"Baseus Etui Case do Samsung Galaxy S20 Ultra\"}]},{\"@type\":\"WebSite\",\"@id\":\"https:\\\/\\\/racom.com.pl\\\/#website\",\"url\":\"https:\\\/\\\/racom.com.pl\\\/\",\"name\":\"Mix Market - Supermarket z wszystkim co potrzeba do domu i nie tylko\",\"description\":\"\",\"publisher\":{\"@id\":\"https:\\\/\\\/racom.com.pl\\\/#organization\"},\"potentialAction\":[{\"@type\":\"SearchAction\",\"target\":{\"@type\":\"EntryPoint\",\"urlTemplate\":\"https:\\\/\\\/racom.com.pl\\\/?s={search_term_string}\"},\"query-input\":{\"@type\":\"PropertyValueSpecification\",\"valueRequired\":true,\"valueName\":\"search_term_string\"}}],\"inLanguage\":\"pl-PL\"},{\"@type\":\"Organization\",\"@id\":\"https:\\\/\\\/racom.com.pl\\\/#organization\",\"name\":\"Mix Market - Supermarket z wszystkim co potrzeba do domu i nie tylko\",\"url\":\"https:\\\/\\\/racom.com.pl\\\/\",\"logo\":{\"@type\":\"ImageObject\",\"inLanguage\":\"pl-PL\",\"@id\":\"https:\\\/\\\/racom.com.pl\\\/#\\\/schema\\\/logo\\\/image\\\/\",\"url\":\"https:\\\/\\\/racom.com.pl\\\/wp-content\\\/uploads\\\/2025\\\/07\\\/mixmarket_logo.png\",\"contentUrl\":\"https:\\\/\\\/racom.com.pl\\\/wp-content\\\/uploads\\\/2025\\\/07\\\/mixmarket_logo.png\",\"width\":1024,\"height\":1024,\"caption\":\"Mix Market - Supermarket z wszystkim co potrzeba do domu i nie tylko\"},\"image\":{\"@id\":\"https:\\\/\\\/racom.com.pl\\\/#\\\/schema\\\/logo\\\/image\\\/\"}}]}<\/script>\n<!-- \/ Yoast SEO plugin. -->","yoast_head_json":{"title":"Baseus Etui Case do Samsung Galaxy S20 Ultra - Mix Market - Supermarket z wszystkim co potrzeba","robots":{"index":"index","follow":"follow","max-snippet":"max-snippet:-1","max-image-preview":"max-image-preview:large","max-video-preview":"max-video-preview:-1"},"canonical":"https:\/\/racom.com.pl\/index.php\/produkt\/baseus-etui-case-do-samsung-galaxy-s20-ultra\/","og_locale":"pl_PL","og_type":"article","og_title":"Baseus Etui Case do Samsung Galaxy S20 Ultra - Mix Market - Supermarket z wszystkim co potrzeba","og_description":"Baseus Etui Case do Samsung Galaxy S20 Ultra Specyfikacja Producent Baseus Nazwa Wing Case For S20 Ultra Kod produktu WISAS20U-02 Materia\u0142 Tworzywo PP Kolor Bia\u0142y Kompatybilno\u015b\u0107 Samsung Galaxy S20 Ultra Ultracienkie etui Baseus Ultracienkie etui marki Baseus ma zaledwie 0,4 mm grubo\u015bci. Ta cienka warstwa ochronna nie wp\u0142ywa na oryginalny kszta\u0142t telefonu, pomaga zachowa\u0107 go [&hellip;]","og_url":"https:\/\/racom.com.pl\/index.php\/produkt\/baseus-etui-case-do-samsung-galaxy-s20-ultra\/","og_site_name":"Mix Market - Supermarket z wszystkim co potrzeba","og_image":[{"width":720,"height":720,"url":"https:\/\/racom.com.pl\/wp-content\/uploads\/2025\/07\/allegro_687a711e39be30.17918497_ee8aba214d3cb9b8a5c368f54f6d.jpg","type":"image\/jpeg"}],"twitter_card":"summary_large_image","twitter_misc":{"Szacowany czas czytania":"1 minuta"},"schema":{"@context":"https:\/\/schema.org","@graph":[{"@type":"WebPage","@id":"https:\/\/racom.com.pl\/index.php\/produkt\/baseus-etui-case-do-samsung-galaxy-s20-ultra\/","url":"https:\/\/racom.com.pl\/index.php\/produkt\/baseus-etui-case-do-samsung-galaxy-s20-ultra\/","name":"Baseus Etui Case do Samsung Galaxy S20 Ultra - Mix Market - Supermarket z wszystkim co potrzeba","isPartOf":{"@id":"https:\/\/racom.com.pl\/#website"},"primaryImageOfPage":{"@id":"https:\/\/racom.com.pl\/index.php\/produkt\/baseus-etui-case-do-samsung-galaxy-s20-ultra\/#primaryimage"},"image":{"@id":"https:\/\/racom.com.pl\/index.php\/produkt\/baseus-etui-case-do-samsung-galaxy-s20-ultra\/#primaryimage"},"thumbnailUrl":"https:\/\/racom.com.pl\/wp-content\/uploads\/2025\/07\/allegro_687a711e39be30.17918497_ee8aba214d3cb9b8a5c368f54f6d.jpg","datePublished":"2025-07-18T16:06:42+00:00","breadcrumb":{"@id":"https:\/\/racom.com.pl\/index.php\/produkt\/baseus-etui-case-do-samsung-galaxy-s20-ultra\/#breadcrumb"},"inLanguage":"pl-PL","potentialAction":[{"@type":"ReadAction","target":["https:\/\/racom.com.pl\/index.php\/produkt\/baseus-etui-case-do-samsung-galaxy-s20-ultra\/"]}]},{"@type":"ImageObject","inLanguage":"pl-PL","@id":"https:\/\/racom.com.pl\/index.php\/produkt\/baseus-etui-case-do-samsung-galaxy-s20-ultra\/#primaryimage","url":"https:\/\/racom.com.pl\/wp-content\/uploads\/2025\/07\/allegro_687a711e39be30.17918497_ee8aba214d3cb9b8a5c368f54f6d.jpg","contentUrl":"https:\/\/racom.com.pl\/wp-content\/uploads\/2025\/07\/allegro_687a711e39be30.17918497_ee8aba214d3cb9b8a5c368f54f6d.jpg","width":720,"height":720},{"@type":"BreadcrumbList","@id":"https:\/\/racom.com.pl\/index.php\/produkt\/baseus-etui-case-do-samsung-galaxy-s20-ultra\/#breadcrumb","itemListElement":[{"@type":"ListItem","position":1,"name":"Strona g\u0142\u00f3wna","item":"https:\/\/racom.com.pl\/"},{"@type":"ListItem","position":2,"name":"Sklep","item":"https:\/\/racom.com.pl\/"},{"@type":"ListItem","position":3,"name":"Baseus Etui Case do Samsung Galaxy S20 Ultra"}]},{"@type":"WebSite","@id":"https:\/\/racom.com.pl\/#website","url":"https:\/\/racom.com.pl\/","name":"Mix Market - Supermarket z wszystkim co potrzeba do domu i nie tylko","description":"","publisher":{"@id":"https:\/\/racom.com.pl\/#organization"},"potentialAction":[{"@type":"SearchAction","target":{"@type":"EntryPoint","urlTemplate":"https:\/\/racom.com.pl\/?s={search_term_string}"},"query-input":{"@type":"PropertyValueSpecification","valueRequired":true,"valueName":"search_term_string"}}],"inLanguage":"pl-PL"},{"@type":"Organization","@id":"https:\/\/racom.com.pl\/#organization","name":"Mix Market - Supermarket z wszystkim co potrzeba do domu i nie tylko","url":"https:\/\/racom.com.pl\/","logo":{"@type":"ImageObject","inLanguage":"pl-PL","@id":"https:\/\/racom.com.pl\/#\/schema\/logo\/image\/","url":"https:\/\/racom.com.pl\/wp-content\/uploads\/2025\/07\/mixmarket_logo.png","contentUrl":"https:\/\/racom.com.pl\/wp-content\/uploads\/2025\/07\/mixmarket_logo.png","width":1024,"height":1024,"caption":"Mix Market - Supermarket z wszystkim co potrzeba do domu i nie tylko"},"image":{"@id":"https:\/\/racom.com.pl\/#\/schema\/logo\/image\/"}}]}},"_links":{"self":[{"href":"https:\/\/racom.com.pl\/index.php\/wp-json\/wp\/v2\/product\/760","targetHints":{"allow":["GET"]}}],"collection":[{"href":"https:\/\/racom.com.pl\/index.php\/wp-json\/wp\/v2\/product"}],"about":[{"href":"https:\/\/racom.com.pl\/index.php\/wp-json\/wp\/v2\/types\/product"}],"replies":[{"embeddable":true,"href":"https:\/\/racom.com.pl\/index.php\/wp-json\/wp\/v2\/comments?post=760"}],"wp:featuredmedia":[{"embeddable":true,"href":"https:\/\/racom.com.pl\/index.php\/wp-json\/wp\/v2\/media\/763"}],"wp:attachment":[{"href":"https:\/\/racom.com.pl\/index.php\/wp-json\/wp\/v2\/media?parent=760"}],"wp:term":[{"taxonomy":"product_brand","embeddable":true,"href":"https:\/\/racom.com.pl\/index.php\/wp-json\/wp\/v2\/product_brand?post=760"},{"taxonomy":"product_cat","embeddable":true,"href":"https:\/\/racom.com.pl\/index.php\/wp-json\/wp\/v2\/product_cat?post=760"},{"taxonomy":"product_tag","embeddable":true,"href":"https:\/\/racom.com.pl\/index.php\/wp-json\/wp\/v2\/product_tag?post=760"}],"curies":[{"name":"wp","href":"https:\/\/api.w.org\/{rel}","templated":true}]}}