{"id":819,"date":"2025-07-18T18:13:47","date_gmt":"2025-07-18T16:13:47","guid":{"rendered":"http:\/\/192.168.2.106\/index.php\/produkt\/ladowarka-baseus-gan5-pro-2xusb-c-usb-140w-biala\/"},"modified":"2025-07-18T18:13:47","modified_gmt":"2025-07-18T16:13:47","slug":"ladowarka-baseus-gan5-pro-2xusb-c-usb-140w-biala","status":"publish","type":"product","link":"https:\/\/racom.com.pl\/index.php\/produkt\/ladowarka-baseus-gan5-pro-2xusb-c-usb-140w-biala\/","title":{"rendered":"\u0141adowarka Baseus GaN5 Pro 2xUSB-C + USB 140W bia\u0142a"},"content":{"rendered":"<h2>\u0141adowarka Baseus GaN5 Pro 2xUSB-C + USB 140W bia\u0142a<\/h2>\n<p>\u0141adowarka sieciowa Baseus GaN5 Pro 2xUSB-C + USB, 140W (bia\u0142a)\n<\/p>\n<p>\u0141aduj 3 urz\u0105dzenia jednocze\u015bnie szybko i bezpiecznie. \u0141adowarka Baseus zosta\u0142a wyposa\u017cona w 2 porty USB-C i port USB, wsp\u00f3\u0142pracuje r\u00f3wnie\u017c z protoko\u0142ami szybkiego \u0142adowania PD\/QC\/PPS. Zastosowanie nowoczesnych rozwi\u0105za\u0144 pozwala odnowi\u0107 energi\u0119 urz\u0105dzenia bez ryzyka jego uszkodzenia, a dzi\u0119ki lekkiej i kompaktowej konstrukcji z \u0142atwo\u015bci\u0105 j\u0105 przechowasz. Co wi\u0119cej, do zestawu do\u0142\u0105czono kabel USB-C do USB-C.<\/p>\n<p>Szybkie \u0142adowanie urz\u0105dze\u0144\n<\/p>\n<p>\u0141adowarka wspiera takie protoko\u0142y szybkiego \u0142adowania jak PD\/QC\/PPS, dzi\u0119ki czemu pozwoli Ci b\u0142yskawicznie odnowi\u0107 energi\u0119 urz\u0105dzenia. W rezultacie w oko\u0142o 30 min na\u0142aduje MacBooka Pro 16\u201d, a Huawei Mate 40 Pro do 54%. Co wi\u0119cej, do\u0142\u0105czony do zestawu kabel obs\u0142uguje PD3.1 dla szybkiego \u0142adowania 240 W. <\/p>\n<p>Bezpiecze\u0144stwo u\u017cytkowania\n<\/p>\n<p>Korzystaj z \u0142adowarki wygodnie i bezpiecznie. Produkt oferuje technologi\u0119 \u0142adowania BPSII, kt\u00f3ra dostosowuje moc do pod\u0142\u0105czonego urz\u0105dzenia. Natomiast system BCT chroni produkt przed przegrzaniem, a Trickle Charging pozwala bezpiecznie \u0142adowa\u0107 urz\u0105dzenie w nocy. \u0141adowarka posiada te\u017c ochron\u0119 przed przepi\u0119ciem, pr\u0105dem przet\u0119\u017ceniowym, zwarciem itp.<\/p>\n<p>Szeroka kompatybilno\u015b\u0107\n<\/p>\n<p>Producent umie\u015bci\u0142 na li\u015bcie kompatybilno\u015bci szereg urz\u0105dze\u0144, w tym laptopy, tablety czy smartfony marek Apple, Huawei, Samsung, Xiaomi, Huawei. Co wi\u0119cej, za pomoc\u0105 \u0142adowarki odnowisz te\u017c takie urz\u0105dzenia jak powerbanki, lampki czy wentylatory biurkowe. Dodatkowo produkt wsp\u00f3\u0142pracuje z napi\u0119ciem w zakresie 110-240V, wi\u0119c mo\u017cesz z niej korzysta\u0107 bez wzgl\u0119du na to, gdzie si\u0119 znajdujesz.<\/p>\n<p>Przemy\u015blana konstrukcja\n<\/p>\n<p>To nie koniec zalet \u0142adowarki Baseus. Zastosowanie azotku galu pozwala \u0142adowa\u0107 kompatybilne urz\u0105dzenia 3x szybciej i bez ryzyka przegrzania. Co wi\u0119cej, wyr\u00f3\u017cnia si\u0119 kompaktow\u0105 konstrukcj\u0105 \u2013 jest o 25% mniejsza od \u0142adowarki Apple 140W. Dodatkowo produkt wyposa\u017cono w niebieski wska\u017anik informuj\u0105cy o jego statusie, a solidne wykonanie zapewnia trwa\u0142o\u015b\u0107 i odporno\u015b\u0107 na zu\u017cycie. <\/p>\n<p>W zestawie\n<\/p>\n<ul>\n<li>\u0142adowarka<\/li>\n<li>kabel USB-C do USB-C<\/li>\n<\/ul>\n<p>Specyfikacja:<br \/>\nProducent<br \/>\n\tBaseus<br \/>\nModel<br \/>\n\tCCGP100202<br \/>\nKolor<br \/>\n\tbia\u0142y<br \/>\nMoc<br \/>\n\t140 W<br \/>\nNat\u0119\u017cenie<br \/>\n\t5A<br \/>\nMateria\u0142<br \/>\n\tPC (\u0142adowarka), TPE (kabel)<br \/>\nPort wej\u015bciowy\/wyj\u015bciowy<br \/>\n\tx2 USB-C<br \/>\nWaga<br \/>\n\tok. 304 g\n<\/p>\n<p>Opakowanie jest integraln\u0105 cz\u0119\u015bci\u0105 produktu.<\/p>\n<p>Pokrowce\/etui do telefon\u00f3w i tablet\u00f3w to cz\u0119sto zdj\u0119cie pogl\u0105dowe. W rzeczywisto\u015bci otrzymuj\u0105 Pa\u0144stwo futera\u0142 dopasowany do danego modelu urz\u0105dzenia z poprawnie rozmieszczonymi otworami na kamer\u0119\/aparat czy przyciski boczne.<\/p>\n<p>W przypadku baterii do telefon\u00f3w (zamiennik\u00f3w) zdj\u0119cie mo\u017ce by\u0107 zdj\u0119ciem pogl\u0105dowym. Po zakupie otrzymaj\u0105 Pa\u0144stwo produkt kompatybilny z danym urz\u0105dzeniem.<\/p>\n<p>Zdj\u0119cia produkt\u00f3w takich jak Szk\u0142a hartowane i folie ochronne na telefony\/tablety r\u00f3wnie\u017c mog\u0105 by\u0107 zdj\u0119ciami pogl\u0105dowymi.<\/p>\n","protected":false},"excerpt":{"rendered":"<p>\u0141adowarka Baseus GaN5 Pro 2xUSB-C + USB 140W bia\u0142a \u0141adowarka sieciowa Baseus GaN5 Pro 2xUSB-C + USB, 140W (bia\u0142a) \u0141aduj 3 urz\u0105dzenia jednocze\u015bnie szybko i bezpiecznie. \u0141adowarka Baseus zosta\u0142a wyposa\u017cona w 2 porty USB-C i port USB, wsp\u00f3\u0142pracuje r\u00f3wnie\u017c z protoko\u0142ami szybkiego \u0142adowania PD\/QC\/PPS. Zastosowanie nowoczesnych rozwi\u0105za\u0144 pozwala odnowi\u0107 energi\u0119 urz\u0105dzenia bez ryzyka jego uszkodzenia, [&hellip;]<\/p>\n","protected":false},"featured_media":825,"comment_status":"open","ping_status":"closed","template":"","meta":[],"product_brand":[27],"product_cat":[38],"product_tag":[],"class_list":{"0":"post-819","1":"product","2":"type-product","3":"status-publish","4":"has-post-thumbnail","6":"product_brand-baseus","7":"product_cat-czesci-do-laptopow","9":"first","10":"instock","11":"taxable","12":"shipping-taxable","13":"purchasable","14":"product-type-simple"},"yoast_head":"<!-- This site is optimized with the Yoast SEO plugin v27.3 - https:\/\/yoast.com\/product\/yoast-seo-wordpress\/ -->\n<title>\u0141adowarka Baseus GaN5 Pro 2xUSB-C + USB 140W bia\u0142a - Mix Market - Supermarket z wszystkim co potrzeba<\/title>\n<meta name=\"robots\" content=\"index, follow, max-snippet:-1, max-image-preview:large, max-video-preview:-1\" \/>\n<link rel=\"canonical\" href=\"https:\/\/racom.com.pl\/index.php\/produkt\/ladowarka-baseus-gan5-pro-2xusb-c-usb-140w-biala\/\" \/>\n<meta property=\"og:locale\" content=\"pl_PL\" \/>\n<meta property=\"og:type\" content=\"article\" \/>\n<meta property=\"og:title\" content=\"\u0141adowarka Baseus GaN5 Pro 2xUSB-C + USB 140W bia\u0142a - Mix Market - Supermarket z wszystkim co potrzeba\" \/>\n<meta property=\"og:description\" content=\"\u0141adowarka Baseus GaN5 Pro 2xUSB-C + USB 140W bia\u0142a \u0141adowarka sieciowa Baseus GaN5 Pro 2xUSB-C + USB, 140W (bia\u0142a) \u0141aduj 3 urz\u0105dzenia jednocze\u015bnie szybko i bezpiecznie. \u0141adowarka Baseus zosta\u0142a wyposa\u017cona w 2 porty USB-C i port USB, wsp\u00f3\u0142pracuje r\u00f3wnie\u017c z protoko\u0142ami szybkiego \u0142adowania PD\/QC\/PPS. Zastosowanie nowoczesnych rozwi\u0105za\u0144 pozwala odnowi\u0107 energi\u0119 urz\u0105dzenia bez ryzyka jego uszkodzenia, [&hellip;]\" \/>\n<meta property=\"og:url\" content=\"https:\/\/racom.com.pl\/index.php\/produkt\/ladowarka-baseus-gan5-pro-2xusb-c-usb-140w-biala\/\" \/>\n<meta property=\"og:site_name\" content=\"Mix Market - Supermarket z wszystkim co potrzeba\" \/>\n<meta property=\"og:image\" content=\"https:\/\/racom.com.pl\/wp-content\/uploads\/2025\/07\/allegro_687a72f53e9454.88194688_f13656e34d91bb61e5323ac48091.jpg\" \/>\n\t<meta property=\"og:image:width\" content=\"800\" \/>\n\t<meta property=\"og:image:height\" content=\"800\" \/>\n\t<meta property=\"og:image:type\" content=\"image\/jpeg\" \/>\n<meta name=\"twitter:card\" content=\"summary_large_image\" \/>\n<meta name=\"twitter:label1\" content=\"Szacowany czas czytania\" \/>\n\t<meta name=\"twitter:data1\" content=\"2 minuty\" \/>\n<script type=\"application\/ld+json\" class=\"yoast-schema-graph\">{\"@context\":\"https:\\\/\\\/schema.org\",\"@graph\":[{\"@type\":\"WebPage\",\"@id\":\"https:\\\/\\\/racom.com.pl\\\/index.php\\\/produkt\\\/ladowarka-baseus-gan5-pro-2xusb-c-usb-140w-biala\\\/\",\"url\":\"https:\\\/\\\/racom.com.pl\\\/index.php\\\/produkt\\\/ladowarka-baseus-gan5-pro-2xusb-c-usb-140w-biala\\\/\",\"name\":\"\u0141adowarka Baseus GaN5 Pro 2xUSB-C + USB 140W bia\u0142a - Mix Market - Supermarket z wszystkim co potrzeba\",\"isPartOf\":{\"@id\":\"https:\\\/\\\/racom.com.pl\\\/#website\"},\"primaryImageOfPage\":{\"@id\":\"https:\\\/\\\/racom.com.pl\\\/index.php\\\/produkt\\\/ladowarka-baseus-gan5-pro-2xusb-c-usb-140w-biala\\\/#primaryimage\"},\"image\":{\"@id\":\"https:\\\/\\\/racom.com.pl\\\/index.php\\\/produkt\\\/ladowarka-baseus-gan5-pro-2xusb-c-usb-140w-biala\\\/#primaryimage\"},\"thumbnailUrl\":\"https:\\\/\\\/racom.com.pl\\\/wp-content\\\/uploads\\\/2025\\\/07\\\/allegro_687a72f53e9454.88194688_f13656e34d91bb61e5323ac48091.jpg\",\"datePublished\":\"2025-07-18T16:13:47+00:00\",\"breadcrumb\":{\"@id\":\"https:\\\/\\\/racom.com.pl\\\/index.php\\\/produkt\\\/ladowarka-baseus-gan5-pro-2xusb-c-usb-140w-biala\\\/#breadcrumb\"},\"inLanguage\":\"pl-PL\",\"potentialAction\":[{\"@type\":\"ReadAction\",\"target\":[\"https:\\\/\\\/racom.com.pl\\\/index.php\\\/produkt\\\/ladowarka-baseus-gan5-pro-2xusb-c-usb-140w-biala\\\/\"]}]},{\"@type\":\"ImageObject\",\"inLanguage\":\"pl-PL\",\"@id\":\"https:\\\/\\\/racom.com.pl\\\/index.php\\\/produkt\\\/ladowarka-baseus-gan5-pro-2xusb-c-usb-140w-biala\\\/#primaryimage\",\"url\":\"https:\\\/\\\/racom.com.pl\\\/wp-content\\\/uploads\\\/2025\\\/07\\\/allegro_687a72f53e9454.88194688_f13656e34d91bb61e5323ac48091.jpg\",\"contentUrl\":\"https:\\\/\\\/racom.com.pl\\\/wp-content\\\/uploads\\\/2025\\\/07\\\/allegro_687a72f53e9454.88194688_f13656e34d91bb61e5323ac48091.jpg\",\"width\":800,\"height\":800},{\"@type\":\"BreadcrumbList\",\"@id\":\"https:\\\/\\\/racom.com.pl\\\/index.php\\\/produkt\\\/ladowarka-baseus-gan5-pro-2xusb-c-usb-140w-biala\\\/#breadcrumb\",\"itemListElement\":[{\"@type\":\"ListItem\",\"position\":1,\"name\":\"Strona g\u0142\u00f3wna\",\"item\":\"https:\\\/\\\/racom.com.pl\\\/\"},{\"@type\":\"ListItem\",\"position\":2,\"name\":\"Sklep\",\"item\":\"https:\\\/\\\/racom.com.pl\\\/\"},{\"@type\":\"ListItem\",\"position\":3,\"name\":\"\u0141adowarka Baseus GaN5 Pro 2xUSB-C + USB 140W bia\u0142a\"}]},{\"@type\":\"WebSite\",\"@id\":\"https:\\\/\\\/racom.com.pl\\\/#website\",\"url\":\"https:\\\/\\\/racom.com.pl\\\/\",\"name\":\"Mix Market - Supermarket z wszystkim co potrzeba do domu i nie tylko\",\"description\":\"\",\"publisher\":{\"@id\":\"https:\\\/\\\/racom.com.pl\\\/#organization\"},\"potentialAction\":[{\"@type\":\"SearchAction\",\"target\":{\"@type\":\"EntryPoint\",\"urlTemplate\":\"https:\\\/\\\/racom.com.pl\\\/?s={search_term_string}\"},\"query-input\":{\"@type\":\"PropertyValueSpecification\",\"valueRequired\":true,\"valueName\":\"search_term_string\"}}],\"inLanguage\":\"pl-PL\"},{\"@type\":\"Organization\",\"@id\":\"https:\\\/\\\/racom.com.pl\\\/#organization\",\"name\":\"Mix Market - Supermarket z wszystkim co potrzeba do domu i nie tylko\",\"url\":\"https:\\\/\\\/racom.com.pl\\\/\",\"logo\":{\"@type\":\"ImageObject\",\"inLanguage\":\"pl-PL\",\"@id\":\"https:\\\/\\\/racom.com.pl\\\/#\\\/schema\\\/logo\\\/image\\\/\",\"url\":\"https:\\\/\\\/racom.com.pl\\\/wp-content\\\/uploads\\\/2025\\\/07\\\/mixmarket_logo.png\",\"contentUrl\":\"https:\\\/\\\/racom.com.pl\\\/wp-content\\\/uploads\\\/2025\\\/07\\\/mixmarket_logo.png\",\"width\":1024,\"height\":1024,\"caption\":\"Mix Market - Supermarket z wszystkim co potrzeba do domu i nie tylko\"},\"image\":{\"@id\":\"https:\\\/\\\/racom.com.pl\\\/#\\\/schema\\\/logo\\\/image\\\/\"}}]}<\/script>\n<!-- \/ Yoast SEO plugin. -->","yoast_head_json":{"title":"\u0141adowarka Baseus GaN5 Pro 2xUSB-C + USB 140W bia\u0142a - Mix Market - Supermarket z wszystkim co potrzeba","robots":{"index":"index","follow":"follow","max-snippet":"max-snippet:-1","max-image-preview":"max-image-preview:large","max-video-preview":"max-video-preview:-1"},"canonical":"https:\/\/racom.com.pl\/index.php\/produkt\/ladowarka-baseus-gan5-pro-2xusb-c-usb-140w-biala\/","og_locale":"pl_PL","og_type":"article","og_title":"\u0141adowarka Baseus GaN5 Pro 2xUSB-C + USB 140W bia\u0142a - Mix Market - Supermarket z wszystkim co potrzeba","og_description":"\u0141adowarka Baseus GaN5 Pro 2xUSB-C + USB 140W bia\u0142a \u0141adowarka sieciowa Baseus GaN5 Pro 2xUSB-C + USB, 140W (bia\u0142a) \u0141aduj 3 urz\u0105dzenia jednocze\u015bnie szybko i bezpiecznie. \u0141adowarka Baseus zosta\u0142a wyposa\u017cona w 2 porty USB-C i port USB, wsp\u00f3\u0142pracuje r\u00f3wnie\u017c z protoko\u0142ami szybkiego \u0142adowania PD\/QC\/PPS. Zastosowanie nowoczesnych rozwi\u0105za\u0144 pozwala odnowi\u0107 energi\u0119 urz\u0105dzenia bez ryzyka jego uszkodzenia, [&hellip;]","og_url":"https:\/\/racom.com.pl\/index.php\/produkt\/ladowarka-baseus-gan5-pro-2xusb-c-usb-140w-biala\/","og_site_name":"Mix Market - Supermarket z wszystkim co potrzeba","og_image":[{"width":800,"height":800,"url":"https:\/\/racom.com.pl\/wp-content\/uploads\/2025\/07\/allegro_687a72f53e9454.88194688_f13656e34d91bb61e5323ac48091.jpg","type":"image\/jpeg"}],"twitter_card":"summary_large_image","twitter_misc":{"Szacowany czas czytania":"2 minuty"},"schema":{"@context":"https:\/\/schema.org","@graph":[{"@type":"WebPage","@id":"https:\/\/racom.com.pl\/index.php\/produkt\/ladowarka-baseus-gan5-pro-2xusb-c-usb-140w-biala\/","url":"https:\/\/racom.com.pl\/index.php\/produkt\/ladowarka-baseus-gan5-pro-2xusb-c-usb-140w-biala\/","name":"\u0141adowarka Baseus GaN5 Pro 2xUSB-C + USB 140W bia\u0142a - Mix Market - Supermarket z wszystkim co potrzeba","isPartOf":{"@id":"https:\/\/racom.com.pl\/#website"},"primaryImageOfPage":{"@id":"https:\/\/racom.com.pl\/index.php\/produkt\/ladowarka-baseus-gan5-pro-2xusb-c-usb-140w-biala\/#primaryimage"},"image":{"@id":"https:\/\/racom.com.pl\/index.php\/produkt\/ladowarka-baseus-gan5-pro-2xusb-c-usb-140w-biala\/#primaryimage"},"thumbnailUrl":"https:\/\/racom.com.pl\/wp-content\/uploads\/2025\/07\/allegro_687a72f53e9454.88194688_f13656e34d91bb61e5323ac48091.jpg","datePublished":"2025-07-18T16:13:47+00:00","breadcrumb":{"@id":"https:\/\/racom.com.pl\/index.php\/produkt\/ladowarka-baseus-gan5-pro-2xusb-c-usb-140w-biala\/#breadcrumb"},"inLanguage":"pl-PL","potentialAction":[{"@type":"ReadAction","target":["https:\/\/racom.com.pl\/index.php\/produkt\/ladowarka-baseus-gan5-pro-2xusb-c-usb-140w-biala\/"]}]},{"@type":"ImageObject","inLanguage":"pl-PL","@id":"https:\/\/racom.com.pl\/index.php\/produkt\/ladowarka-baseus-gan5-pro-2xusb-c-usb-140w-biala\/#primaryimage","url":"https:\/\/racom.com.pl\/wp-content\/uploads\/2025\/07\/allegro_687a72f53e9454.88194688_f13656e34d91bb61e5323ac48091.jpg","contentUrl":"https:\/\/racom.com.pl\/wp-content\/uploads\/2025\/07\/allegro_687a72f53e9454.88194688_f13656e34d91bb61e5323ac48091.jpg","width":800,"height":800},{"@type":"BreadcrumbList","@id":"https:\/\/racom.com.pl\/index.php\/produkt\/ladowarka-baseus-gan5-pro-2xusb-c-usb-140w-biala\/#breadcrumb","itemListElement":[{"@type":"ListItem","position":1,"name":"Strona g\u0142\u00f3wna","item":"https:\/\/racom.com.pl\/"},{"@type":"ListItem","position":2,"name":"Sklep","item":"https:\/\/racom.com.pl\/"},{"@type":"ListItem","position":3,"name":"\u0141adowarka Baseus GaN5 Pro 2xUSB-C + USB 140W bia\u0142a"}]},{"@type":"WebSite","@id":"https:\/\/racom.com.pl\/#website","url":"https:\/\/racom.com.pl\/","name":"Mix Market - Supermarket z wszystkim co potrzeba do domu i nie tylko","description":"","publisher":{"@id":"https:\/\/racom.com.pl\/#organization"},"potentialAction":[{"@type":"SearchAction","target":{"@type":"EntryPoint","urlTemplate":"https:\/\/racom.com.pl\/?s={search_term_string}"},"query-input":{"@type":"PropertyValueSpecification","valueRequired":true,"valueName":"search_term_string"}}],"inLanguage":"pl-PL"},{"@type":"Organization","@id":"https:\/\/racom.com.pl\/#organization","name":"Mix Market - Supermarket z wszystkim co potrzeba do domu i nie tylko","url":"https:\/\/racom.com.pl\/","logo":{"@type":"ImageObject","inLanguage":"pl-PL","@id":"https:\/\/racom.com.pl\/#\/schema\/logo\/image\/","url":"https:\/\/racom.com.pl\/wp-content\/uploads\/2025\/07\/mixmarket_logo.png","contentUrl":"https:\/\/racom.com.pl\/wp-content\/uploads\/2025\/07\/mixmarket_logo.png","width":1024,"height":1024,"caption":"Mix Market - Supermarket z wszystkim co potrzeba do domu i nie tylko"},"image":{"@id":"https:\/\/racom.com.pl\/#\/schema\/logo\/image\/"}}]}},"_links":{"self":[{"href":"https:\/\/racom.com.pl\/index.php\/wp-json\/wp\/v2\/product\/819","targetHints":{"allow":["GET"]}}],"collection":[{"href":"https:\/\/racom.com.pl\/index.php\/wp-json\/wp\/v2\/product"}],"about":[{"href":"https:\/\/racom.com.pl\/index.php\/wp-json\/wp\/v2\/types\/product"}],"replies":[{"embeddable":true,"href":"https:\/\/racom.com.pl\/index.php\/wp-json\/wp\/v2\/comments?post=819"}],"wp:featuredmedia":[{"embeddable":true,"href":"https:\/\/racom.com.pl\/index.php\/wp-json\/wp\/v2\/media\/825"}],"wp:attachment":[{"href":"https:\/\/racom.com.pl\/index.php\/wp-json\/wp\/v2\/media?parent=819"}],"wp:term":[{"taxonomy":"product_brand","embeddable":true,"href":"https:\/\/racom.com.pl\/index.php\/wp-json\/wp\/v2\/product_brand?post=819"},{"taxonomy":"product_cat","embeddable":true,"href":"https:\/\/racom.com.pl\/index.php\/wp-json\/wp\/v2\/product_cat?post=819"},{"taxonomy":"product_tag","embeddable":true,"href":"https:\/\/racom.com.pl\/index.php\/wp-json\/wp\/v2\/product_tag?post=819"}],"curies":[{"name":"wp","href":"https:\/\/api.w.org\/{rel}","templated":true}]}}