{"id":832,"date":"2025-07-18T18:15:55","date_gmt":"2025-07-18T16:15:55","guid":{"rendered":"http:\/\/192.168.2.106\/index.php\/produkt\/3mk-etui-clear-case-samsung-a22-5g\/"},"modified":"2025-07-18T18:15:55","modified_gmt":"2025-07-18T16:15:55","slug":"3mk-etui-clear-case-samsung-a22-5g","status":"publish","type":"product","link":"https:\/\/racom.com.pl\/index.php\/produkt\/3mk-etui-clear-case-samsung-a22-5g\/","title":{"rendered":"3MK ETUI CLEAR CASE SAMSUNG A22 5G"},"content":{"rendered":"<h2>3MK ETUI CLEAR CASE SAMSUNG A22 5G<\/h2>\n<p>3MK CLEAR CASE SAMSUNG A22 5G<\/p>\n<p>\u2705<\/p>\n<p>Clear Case doskonale amortyzuje uderzenia, dzi\u0119ki wykorzystaniu wysokiej jako\u015bci materia\u0142u TPU. Naturaln\u0105 w\u0142a\u015bciwo\u015bci\u0105 tego typu materia\u0142u jest proces ciemnienia, kt\u00f3ry nast\u0119puje po d\u0142u\u017cszym czasie u\u017cytkowania. Du\u017ca ekspozycja na s\u0142o\u0144ce przyspiesza ten proces. Wysokiej jako\u015bci polimery chroni\u0105 przed powstaniem zarysowa\u0144. Clear Case to doskona\u0142a przezroczysta ochrona zar\u00f3wno ty\u0142u jak i bok\u00f3w telefonu.  Zastosowany elastyczny materia\u0142 powoduje, \u017ce Clear Case idealnie przylega do telefonu. Dodatkowo zastosowana pow\u0142oka zapobiega wysuni\u0119ciu si\u0119 smartfona z d\u0142oni, co wp\u0142ywa na wysoki komfort w codziennym u\u017cytkowaniu. Dzi\u0119ki grubo\u015bci 1,2mm zyskasz nie tylko odpowiedni\u0105 ochron\u0119, ale tak\u017ce zachowasz oryginalny wygl\u0105d swojego smartfona. Clear Case zapewnia \u0142atwy dost\u0119p do wszystkich port\u00f3w i przycisk\u00f3w oraz zabezpiecza soczewk\u0119 aparatu. Ponadto nie wp\u0142ywa na dzia\u0142anie technologii bezprzewodowych, takich jak Wi-Fi, NFC czy bezprzewodowe \u0142adowanie.<\/p>\n<p>3MK CLEAR CASE SAMSUNG A22 5G<\/p>\n<p>\u2705Opakowanie jest integraln\u0105 cz\u0119\u015bci\u0105 produktu.<\/p>\n<p>\u2705Pokrowce\/etui do telefon\u00f3w i tablet\u00f3w to cz\u0119sto zdj\u0119cie pogl\u0105dowe. W rzeczywisto\u015bci otrzymuj\u0105 Pa\u0144stwo futera\u0142 dopasowany do danego modelu urz\u0105dzenia z poprawnie rozmieszczonymi otworami na kamer\u0119\/aparat czy przyciski boczne.<\/p>\n<p>\u2705W przypadku baterii do telefon\u00f3w (zamiennik\u00f3w) zdj\u0119cie mo\u017ce by\u0107 zdj\u0119ciem pogl\u0105dowym. Po zakupie otrzymaj\u0105 Pa\u0144stwo produkt kompatybilny z danym urz\u0105dzeniem.<\/p>\n<p>\u2705Zdj\u0119cia produkt\u00f3w takich jak Szk\u0142a hartowane i folie ochronne na telefony\/tablety r\u00f3wnie\u017c mog\u0105 by\u0107 zdj\u0119ciami pogl\u0105dowymi.<\/p>\n","protected":false},"excerpt":{"rendered":"<p>3MK ETUI CLEAR CASE SAMSUNG A22 5G 3MK CLEAR CASE SAMSUNG A22 5G \u2705 Clear Case doskonale amortyzuje uderzenia, dzi\u0119ki wykorzystaniu wysokiej jako\u015bci materia\u0142u TPU. Naturaln\u0105 w\u0142a\u015bciwo\u015bci\u0105 tego typu materia\u0142u jest proces ciemnienia, kt\u00f3ry nast\u0119puje po d\u0142u\u017cszym czasie u\u017cytkowania. Du\u017ca ekspozycja na s\u0142o\u0144ce przyspiesza ten proces. Wysokiej jako\u015bci polimery chroni\u0105 przed powstaniem zarysowa\u0144. Clear Case [&hellip;]<\/p>\n","protected":false},"featured_media":834,"comment_status":"open","ping_status":"closed","template":"","meta":[],"product_brand":[45],"product_cat":[26],"product_tag":[],"class_list":{"0":"post-832","1":"product","2":"type-product","3":"status-publish","4":"has-post-thumbnail","6":"product_brand-3mk","7":"product_cat-akcesoria-gsm","9":"first","10":"instock","11":"taxable","12":"shipping-taxable","13":"purchasable","14":"product-type-simple"},"yoast_head":"<!-- This site is optimized with the Yoast SEO plugin v27.3 - https:\/\/yoast.com\/product\/yoast-seo-wordpress\/ -->\n<title>3MK ETUI CLEAR CASE SAMSUNG A22 5G - Mix Market - Supermarket z wszystkim co potrzeba<\/title>\n<meta name=\"robots\" content=\"index, follow, max-snippet:-1, max-image-preview:large, max-video-preview:-1\" \/>\n<link rel=\"canonical\" href=\"https:\/\/racom.com.pl\/index.php\/produkt\/3mk-etui-clear-case-samsung-a22-5g\/\" \/>\n<meta property=\"og:locale\" content=\"pl_PL\" \/>\n<meta property=\"og:type\" content=\"article\" \/>\n<meta property=\"og:title\" content=\"3MK ETUI CLEAR CASE SAMSUNG A22 5G - Mix Market - Supermarket z wszystkim co potrzeba\" \/>\n<meta property=\"og:description\" content=\"3MK ETUI CLEAR CASE SAMSUNG A22 5G 3MK CLEAR CASE SAMSUNG A22 5G \u2705 Clear Case doskonale amortyzuje uderzenia, dzi\u0119ki wykorzystaniu wysokiej jako\u015bci materia\u0142u TPU. Naturaln\u0105 w\u0142a\u015bciwo\u015bci\u0105 tego typu materia\u0142u jest proces ciemnienia, kt\u00f3ry nast\u0119puje po d\u0142u\u017cszym czasie u\u017cytkowania. Du\u017ca ekspozycja na s\u0142o\u0144ce przyspiesza ten proces. Wysokiej jako\u015bci polimery chroni\u0105 przed powstaniem zarysowa\u0144. Clear Case [&hellip;]\" \/>\n<meta property=\"og:url\" content=\"https:\/\/racom.com.pl\/index.php\/produkt\/3mk-etui-clear-case-samsung-a22-5g\/\" \/>\n<meta property=\"og:site_name\" content=\"Mix Market - Supermarket z wszystkim co potrzeba\" \/>\n<meta property=\"og:image\" content=\"https:\/\/racom.com.pl\/wp-content\/uploads\/2025\/07\/allegro_687a73572538b9.73324861_0d6d5e2c44af9bb6315c1a64f46e.jpg\" \/>\n\t<meta property=\"og:image:width\" content=\"1000\" \/>\n\t<meta property=\"og:image:height\" content=\"1000\" \/>\n\t<meta property=\"og:image:type\" content=\"image\/jpeg\" \/>\n<meta name=\"twitter:card\" content=\"summary_large_image\" \/>\n<meta name=\"twitter:label1\" content=\"Szacowany czas czytania\" \/>\n\t<meta name=\"twitter:data1\" content=\"1 minuta\" \/>\n<script type=\"application\/ld+json\" class=\"yoast-schema-graph\">{\"@context\":\"https:\\\/\\\/schema.org\",\"@graph\":[{\"@type\":\"WebPage\",\"@id\":\"https:\\\/\\\/racom.com.pl\\\/index.php\\\/produkt\\\/3mk-etui-clear-case-samsung-a22-5g\\\/\",\"url\":\"https:\\\/\\\/racom.com.pl\\\/index.php\\\/produkt\\\/3mk-etui-clear-case-samsung-a22-5g\\\/\",\"name\":\"3MK ETUI CLEAR CASE SAMSUNG A22 5G - Mix Market - Supermarket z wszystkim co potrzeba\",\"isPartOf\":{\"@id\":\"https:\\\/\\\/racom.com.pl\\\/#website\"},\"primaryImageOfPage\":{\"@id\":\"https:\\\/\\\/racom.com.pl\\\/index.php\\\/produkt\\\/3mk-etui-clear-case-samsung-a22-5g\\\/#primaryimage\"},\"image\":{\"@id\":\"https:\\\/\\\/racom.com.pl\\\/index.php\\\/produkt\\\/3mk-etui-clear-case-samsung-a22-5g\\\/#primaryimage\"},\"thumbnailUrl\":\"https:\\\/\\\/racom.com.pl\\\/wp-content\\\/uploads\\\/2025\\\/07\\\/allegro_687a73572538b9.73324861_0d6d5e2c44af9bb6315c1a64f46e.jpg\",\"datePublished\":\"2025-07-18T16:15:55+00:00\",\"breadcrumb\":{\"@id\":\"https:\\\/\\\/racom.com.pl\\\/index.php\\\/produkt\\\/3mk-etui-clear-case-samsung-a22-5g\\\/#breadcrumb\"},\"inLanguage\":\"pl-PL\",\"potentialAction\":[{\"@type\":\"ReadAction\",\"target\":[\"https:\\\/\\\/racom.com.pl\\\/index.php\\\/produkt\\\/3mk-etui-clear-case-samsung-a22-5g\\\/\"]}]},{\"@type\":\"ImageObject\",\"inLanguage\":\"pl-PL\",\"@id\":\"https:\\\/\\\/racom.com.pl\\\/index.php\\\/produkt\\\/3mk-etui-clear-case-samsung-a22-5g\\\/#primaryimage\",\"url\":\"https:\\\/\\\/racom.com.pl\\\/wp-content\\\/uploads\\\/2025\\\/07\\\/allegro_687a73572538b9.73324861_0d6d5e2c44af9bb6315c1a64f46e.jpg\",\"contentUrl\":\"https:\\\/\\\/racom.com.pl\\\/wp-content\\\/uploads\\\/2025\\\/07\\\/allegro_687a73572538b9.73324861_0d6d5e2c44af9bb6315c1a64f46e.jpg\",\"width\":1000,\"height\":1000},{\"@type\":\"BreadcrumbList\",\"@id\":\"https:\\\/\\\/racom.com.pl\\\/index.php\\\/produkt\\\/3mk-etui-clear-case-samsung-a22-5g\\\/#breadcrumb\",\"itemListElement\":[{\"@type\":\"ListItem\",\"position\":1,\"name\":\"Strona g\u0142\u00f3wna\",\"item\":\"https:\\\/\\\/racom.com.pl\\\/\"},{\"@type\":\"ListItem\",\"position\":2,\"name\":\"Sklep\",\"item\":\"https:\\\/\\\/racom.com.pl\\\/\"},{\"@type\":\"ListItem\",\"position\":3,\"name\":\"3MK ETUI CLEAR CASE SAMSUNG A22 5G\"}]},{\"@type\":\"WebSite\",\"@id\":\"https:\\\/\\\/racom.com.pl\\\/#website\",\"url\":\"https:\\\/\\\/racom.com.pl\\\/\",\"name\":\"Mix Market - Supermarket z wszystkim co potrzeba do domu i nie tylko\",\"description\":\"\",\"publisher\":{\"@id\":\"https:\\\/\\\/racom.com.pl\\\/#organization\"},\"potentialAction\":[{\"@type\":\"SearchAction\",\"target\":{\"@type\":\"EntryPoint\",\"urlTemplate\":\"https:\\\/\\\/racom.com.pl\\\/?s={search_term_string}\"},\"query-input\":{\"@type\":\"PropertyValueSpecification\",\"valueRequired\":true,\"valueName\":\"search_term_string\"}}],\"inLanguage\":\"pl-PL\"},{\"@type\":\"Organization\",\"@id\":\"https:\\\/\\\/racom.com.pl\\\/#organization\",\"name\":\"Mix Market - Supermarket z wszystkim co potrzeba do domu i nie tylko\",\"url\":\"https:\\\/\\\/racom.com.pl\\\/\",\"logo\":{\"@type\":\"ImageObject\",\"inLanguage\":\"pl-PL\",\"@id\":\"https:\\\/\\\/racom.com.pl\\\/#\\\/schema\\\/logo\\\/image\\\/\",\"url\":\"https:\\\/\\\/racom.com.pl\\\/wp-content\\\/uploads\\\/2025\\\/07\\\/mixmarket_logo.png\",\"contentUrl\":\"https:\\\/\\\/racom.com.pl\\\/wp-content\\\/uploads\\\/2025\\\/07\\\/mixmarket_logo.png\",\"width\":1024,\"height\":1024,\"caption\":\"Mix Market - Supermarket z wszystkim co potrzeba do domu i nie tylko\"},\"image\":{\"@id\":\"https:\\\/\\\/racom.com.pl\\\/#\\\/schema\\\/logo\\\/image\\\/\"}}]}<\/script>\n<!-- \/ Yoast SEO plugin. -->","yoast_head_json":{"title":"3MK ETUI CLEAR CASE SAMSUNG A22 5G - Mix Market - Supermarket z wszystkim co potrzeba","robots":{"index":"index","follow":"follow","max-snippet":"max-snippet:-1","max-image-preview":"max-image-preview:large","max-video-preview":"max-video-preview:-1"},"canonical":"https:\/\/racom.com.pl\/index.php\/produkt\/3mk-etui-clear-case-samsung-a22-5g\/","og_locale":"pl_PL","og_type":"article","og_title":"3MK ETUI CLEAR CASE SAMSUNG A22 5G - Mix Market - Supermarket z wszystkim co potrzeba","og_description":"3MK ETUI CLEAR CASE SAMSUNG A22 5G 3MK CLEAR CASE SAMSUNG A22 5G \u2705 Clear Case doskonale amortyzuje uderzenia, dzi\u0119ki wykorzystaniu wysokiej jako\u015bci materia\u0142u TPU. Naturaln\u0105 w\u0142a\u015bciwo\u015bci\u0105 tego typu materia\u0142u jest proces ciemnienia, kt\u00f3ry nast\u0119puje po d\u0142u\u017cszym czasie u\u017cytkowania. Du\u017ca ekspozycja na s\u0142o\u0144ce przyspiesza ten proces. Wysokiej jako\u015bci polimery chroni\u0105 przed powstaniem zarysowa\u0144. Clear Case [&hellip;]","og_url":"https:\/\/racom.com.pl\/index.php\/produkt\/3mk-etui-clear-case-samsung-a22-5g\/","og_site_name":"Mix Market - Supermarket z wszystkim co potrzeba","og_image":[{"width":1000,"height":1000,"url":"https:\/\/racom.com.pl\/wp-content\/uploads\/2025\/07\/allegro_687a73572538b9.73324861_0d6d5e2c44af9bb6315c1a64f46e.jpg","type":"image\/jpeg"}],"twitter_card":"summary_large_image","twitter_misc":{"Szacowany czas czytania":"1 minuta"},"schema":{"@context":"https:\/\/schema.org","@graph":[{"@type":"WebPage","@id":"https:\/\/racom.com.pl\/index.php\/produkt\/3mk-etui-clear-case-samsung-a22-5g\/","url":"https:\/\/racom.com.pl\/index.php\/produkt\/3mk-etui-clear-case-samsung-a22-5g\/","name":"3MK ETUI CLEAR CASE SAMSUNG A22 5G - Mix Market - Supermarket z wszystkim co potrzeba","isPartOf":{"@id":"https:\/\/racom.com.pl\/#website"},"primaryImageOfPage":{"@id":"https:\/\/racom.com.pl\/index.php\/produkt\/3mk-etui-clear-case-samsung-a22-5g\/#primaryimage"},"image":{"@id":"https:\/\/racom.com.pl\/index.php\/produkt\/3mk-etui-clear-case-samsung-a22-5g\/#primaryimage"},"thumbnailUrl":"https:\/\/racom.com.pl\/wp-content\/uploads\/2025\/07\/allegro_687a73572538b9.73324861_0d6d5e2c44af9bb6315c1a64f46e.jpg","datePublished":"2025-07-18T16:15:55+00:00","breadcrumb":{"@id":"https:\/\/racom.com.pl\/index.php\/produkt\/3mk-etui-clear-case-samsung-a22-5g\/#breadcrumb"},"inLanguage":"pl-PL","potentialAction":[{"@type":"ReadAction","target":["https:\/\/racom.com.pl\/index.php\/produkt\/3mk-etui-clear-case-samsung-a22-5g\/"]}]},{"@type":"ImageObject","inLanguage":"pl-PL","@id":"https:\/\/racom.com.pl\/index.php\/produkt\/3mk-etui-clear-case-samsung-a22-5g\/#primaryimage","url":"https:\/\/racom.com.pl\/wp-content\/uploads\/2025\/07\/allegro_687a73572538b9.73324861_0d6d5e2c44af9bb6315c1a64f46e.jpg","contentUrl":"https:\/\/racom.com.pl\/wp-content\/uploads\/2025\/07\/allegro_687a73572538b9.73324861_0d6d5e2c44af9bb6315c1a64f46e.jpg","width":1000,"height":1000},{"@type":"BreadcrumbList","@id":"https:\/\/racom.com.pl\/index.php\/produkt\/3mk-etui-clear-case-samsung-a22-5g\/#breadcrumb","itemListElement":[{"@type":"ListItem","position":1,"name":"Strona g\u0142\u00f3wna","item":"https:\/\/racom.com.pl\/"},{"@type":"ListItem","position":2,"name":"Sklep","item":"https:\/\/racom.com.pl\/"},{"@type":"ListItem","position":3,"name":"3MK ETUI CLEAR CASE SAMSUNG A22 5G"}]},{"@type":"WebSite","@id":"https:\/\/racom.com.pl\/#website","url":"https:\/\/racom.com.pl\/","name":"Mix Market - Supermarket z wszystkim co potrzeba do domu i nie tylko","description":"","publisher":{"@id":"https:\/\/racom.com.pl\/#organization"},"potentialAction":[{"@type":"SearchAction","target":{"@type":"EntryPoint","urlTemplate":"https:\/\/racom.com.pl\/?s={search_term_string}"},"query-input":{"@type":"PropertyValueSpecification","valueRequired":true,"valueName":"search_term_string"}}],"inLanguage":"pl-PL"},{"@type":"Organization","@id":"https:\/\/racom.com.pl\/#organization","name":"Mix Market - Supermarket z wszystkim co potrzeba do domu i nie tylko","url":"https:\/\/racom.com.pl\/","logo":{"@type":"ImageObject","inLanguage":"pl-PL","@id":"https:\/\/racom.com.pl\/#\/schema\/logo\/image\/","url":"https:\/\/racom.com.pl\/wp-content\/uploads\/2025\/07\/mixmarket_logo.png","contentUrl":"https:\/\/racom.com.pl\/wp-content\/uploads\/2025\/07\/mixmarket_logo.png","width":1024,"height":1024,"caption":"Mix Market - Supermarket z wszystkim co potrzeba do domu i nie tylko"},"image":{"@id":"https:\/\/racom.com.pl\/#\/schema\/logo\/image\/"}}]}},"_links":{"self":[{"href":"https:\/\/racom.com.pl\/index.php\/wp-json\/wp\/v2\/product\/832","targetHints":{"allow":["GET"]}}],"collection":[{"href":"https:\/\/racom.com.pl\/index.php\/wp-json\/wp\/v2\/product"}],"about":[{"href":"https:\/\/racom.com.pl\/index.php\/wp-json\/wp\/v2\/types\/product"}],"replies":[{"embeddable":true,"href":"https:\/\/racom.com.pl\/index.php\/wp-json\/wp\/v2\/comments?post=832"}],"wp:featuredmedia":[{"embeddable":true,"href":"https:\/\/racom.com.pl\/index.php\/wp-json\/wp\/v2\/media\/834"}],"wp:attachment":[{"href":"https:\/\/racom.com.pl\/index.php\/wp-json\/wp\/v2\/media?parent=832"}],"wp:term":[{"taxonomy":"product_brand","embeddable":true,"href":"https:\/\/racom.com.pl\/index.php\/wp-json\/wp\/v2\/product_brand?post=832"},{"taxonomy":"product_cat","embeddable":true,"href":"https:\/\/racom.com.pl\/index.php\/wp-json\/wp\/v2\/product_cat?post=832"},{"taxonomy":"product_tag","embeddable":true,"href":"https:\/\/racom.com.pl\/index.php\/wp-json\/wp\/v2\/product_tag?post=832"}],"curies":[{"name":"wp","href":"https:\/\/api.w.org\/{rel}","templated":true}]}}