{"id":835,"date":"2025-07-18T18:16:26","date_gmt":"2025-07-18T16:16:26","guid":{"rendered":"http:\/\/192.168.2.106\/index.php\/produkt\/nillkin-amazing-h-szklo-iphone-12-pro-max-67\/"},"modified":"2025-07-18T18:16:26","modified_gmt":"2025-07-18T16:16:26","slug":"nillkin-amazing-h-szklo-iphone-12-pro-max-67","status":"publish","type":"product","link":"https:\/\/racom.com.pl\/index.php\/produkt\/nillkin-amazing-h-szklo-iphone-12-pro-max-67\/","title":{"rendered":"NILLKIN AMAZING H SZK\u0141O IPHONE 12 PRO MAX (6,7)"},"content":{"rendered":"<h2>NILLKIN AMAZING H SZK\u0141O IPHONE 12 PRO MAX (6,7)<\/h2>\n<p>NILLKIN AMAZING H IPHONE 12 PRO MAX (6,7)<\/p>\n<p>\u2705<\/p>\n<p>Twardo\u015b\u0107 Nillkin Amazing H jest 9 razy wi\u0119ksza ni\u017c zwyk\u0142ego szk\u0142a. Nawet ostre przedmioty, takie jak no\u017ce i klucze nie porysuj\u0105 PanzerGlass. Nillkin Amazing H posiada pow\u0142ok\u0119, kt\u00f3ra zapobiega pozostawaniu odcisk\u00f3w palc\u00f3w i innych zanieczyszcze\u0144 co sprawia, \u017ce szk\u0142o jest \u0142atwe do czyszczenia.\u00a0<\/p>\n<p>Nillkin Amazing H z jednej strony jest pokryta klejem krzemowym, co sprawia \u017ce monta\u017c jest bardzo prosty i przykleja pow\u0142ok\u0119 bardzo szczelnie, aby nie wp\u0142ywa\u0107 na czu\u0142o\u015b\u0107 ekranu dotykowego. Je\u017celi Nillkin Amazing H zostanie st\u0142uczone, wewn\u0119trzna folia powoduje utrzymanie wszystkich szklanych element\u00f3w w ca\u0142o\u015bci zapobiegaj\u0105c skaleczeniom, co czyni go bardziej bezpiecznym ni\u017c inne produkty szklane. Nillkin Amazing H to wysokiej jako\u015bci smuk\u0142a i odporna na ukruszenie os\u0142ona ochronna na ekran.\u00a0<\/p>\n<p>Grubo\u015b\u0107 os\u0142ony to tylko 0,33mm, a waga 6 gram\u00f3w. Ca\u0142a powierzchnia Nillkin Amazing H jest w 100% przezroczysta. Po zainstalowaniu, nie ma wolnej przestrzeni pomi\u0119dzy LCD i PanzerGlass, wra\u017cliwo\u015b\u0107 ekranu na dotyk pozostaje nienaruszona.\u00a0<\/p>\n<p>Szk\u0142o hartowane z serii NILLKIN skutecznie ochroni ekran Twojego wy\u015bwietlacza.<\/p>\n<p>NILLKIN AMAZING H IPHONE 12 PRO MAX (6,7)<\/p>\n<p>\u2705Opakowanie jest integraln\u0105 cz\u0119\u015bci\u0105 produktu.<\/p>\n<p>\u2705Pokrowce\/etui do telefon\u00f3w i tablet\u00f3w to cz\u0119sto zdj\u0119cie pogl\u0105dowe. W rzeczywisto\u015bci otrzymuj\u0105 Pa\u0144stwo futera\u0142 dopasowany do danego modelu urz\u0105dzenia z poprawnie rozmieszczonymi otworami na kamer\u0119\/aparat czy przyciski boczne.<\/p>\n<p>\u2705W przypadku baterii do telefon\u00f3w (zamiennik\u00f3w) zdj\u0119cie mo\u017ce by\u0107 zdj\u0119ciem pogl\u0105dowym. Po zakupie otrzymaj\u0105 Pa\u0144stwo produkt kompatybilny z danym urz\u0105dzeniem.<\/p>\n<p>\u2705Zdj\u0119cia produkt\u00f3w takich jak Szk\u0142a hartowane i folie ochronne na telefony\/tablety r\u00f3wnie\u017c mog\u0105 by\u0107 zdj\u0119ciami pogl\u0105dowymi.<\/p>\n","protected":false},"excerpt":{"rendered":"<p>NILLKIN AMAZING H SZK\u0141O IPHONE 12 PRO MAX (6,7) NILLKIN AMAZING H IPHONE 12 PRO MAX (6,7) \u2705 Twardo\u015b\u0107 Nillkin Amazing H jest 9 razy wi\u0119ksza ni\u017c zwyk\u0142ego szk\u0142a. Nawet ostre przedmioty, takie jak no\u017ce i klucze nie porysuj\u0105 PanzerGlass. Nillkin Amazing H posiada pow\u0142ok\u0119, kt\u00f3ra zapobiega pozostawaniu odcisk\u00f3w palc\u00f3w i innych zanieczyszcze\u0144 co sprawia, [&hellip;]<\/p>\n","protected":false},"featured_media":838,"comment_status":"open","ping_status":"closed","template":"","meta":[],"product_brand":[],"product_cat":[26],"product_tag":[],"class_list":{"0":"post-835","1":"product","2":"type-product","3":"status-publish","4":"has-post-thumbnail","6":"product_cat-akcesoria-gsm","8":"first","9":"instock","10":"taxable","11":"shipping-taxable","12":"purchasable","13":"product-type-simple"},"yoast_head":"<!-- This site is optimized with the Yoast SEO plugin v27.3 - https:\/\/yoast.com\/product\/yoast-seo-wordpress\/ -->\n<title>NILLKIN AMAZING H SZK\u0141O IPHONE 12 PRO MAX (6,7) - Mix Market - Supermarket z wszystkim co potrzeba<\/title>\n<meta name=\"robots\" content=\"index, follow, max-snippet:-1, max-image-preview:large, max-video-preview:-1\" \/>\n<link rel=\"canonical\" href=\"https:\/\/racom.com.pl\/index.php\/produkt\/nillkin-amazing-h-szklo-iphone-12-pro-max-67\/\" \/>\n<meta property=\"og:locale\" content=\"pl_PL\" \/>\n<meta property=\"og:type\" content=\"article\" \/>\n<meta property=\"og:title\" content=\"NILLKIN AMAZING H SZK\u0141O IPHONE 12 PRO MAX (6,7) - Mix Market - Supermarket z wszystkim co potrzeba\" \/>\n<meta property=\"og:description\" content=\"NILLKIN AMAZING H SZK\u0141O IPHONE 12 PRO MAX (6,7) NILLKIN AMAZING H IPHONE 12 PRO MAX (6,7) \u2705 Twardo\u015b\u0107 Nillkin Amazing H jest 9 razy wi\u0119ksza ni\u017c zwyk\u0142ego szk\u0142a. Nawet ostre przedmioty, takie jak no\u017ce i klucze nie porysuj\u0105 PanzerGlass. Nillkin Amazing H posiada pow\u0142ok\u0119, kt\u00f3ra zapobiega pozostawaniu odcisk\u00f3w palc\u00f3w i innych zanieczyszcze\u0144 co sprawia, [&hellip;]\" \/>\n<meta property=\"og:url\" content=\"https:\/\/racom.com.pl\/index.php\/produkt\/nillkin-amazing-h-szklo-iphone-12-pro-max-67\/\" \/>\n<meta property=\"og:site_name\" content=\"Mix Market - Supermarket z wszystkim co potrzeba\" \/>\n<meta property=\"og:image\" content=\"https:\/\/racom.com.pl\/wp-content\/uploads\/2025\/07\/allegro_687a737460b616.43318506_8713b42b4cb8b44b2e13eec78be1.jpg\" \/>\n\t<meta property=\"og:image:width\" content=\"800\" \/>\n\t<meta property=\"og:image:height\" content=\"800\" \/>\n\t<meta property=\"og:image:type\" content=\"image\/jpeg\" \/>\n<meta name=\"twitter:card\" content=\"summary_large_image\" \/>\n<meta name=\"twitter:label1\" content=\"Szacowany czas czytania\" \/>\n\t<meta name=\"twitter:data1\" content=\"1 minuta\" \/>\n<script type=\"application\/ld+json\" class=\"yoast-schema-graph\">{\"@context\":\"https:\\\/\\\/schema.org\",\"@graph\":[{\"@type\":\"WebPage\",\"@id\":\"https:\\\/\\\/racom.com.pl\\\/index.php\\\/produkt\\\/nillkin-amazing-h-szklo-iphone-12-pro-max-67\\\/\",\"url\":\"https:\\\/\\\/racom.com.pl\\\/index.php\\\/produkt\\\/nillkin-amazing-h-szklo-iphone-12-pro-max-67\\\/\",\"name\":\"NILLKIN AMAZING H SZK\u0141O IPHONE 12 PRO MAX (6,7) - Mix Market - Supermarket z wszystkim co potrzeba\",\"isPartOf\":{\"@id\":\"https:\\\/\\\/racom.com.pl\\\/#website\"},\"primaryImageOfPage\":{\"@id\":\"https:\\\/\\\/racom.com.pl\\\/index.php\\\/produkt\\\/nillkin-amazing-h-szklo-iphone-12-pro-max-67\\\/#primaryimage\"},\"image\":{\"@id\":\"https:\\\/\\\/racom.com.pl\\\/index.php\\\/produkt\\\/nillkin-amazing-h-szklo-iphone-12-pro-max-67\\\/#primaryimage\"},\"thumbnailUrl\":\"https:\\\/\\\/racom.com.pl\\\/wp-content\\\/uploads\\\/2025\\\/07\\\/allegro_687a737460b616.43318506_8713b42b4cb8b44b2e13eec78be1.jpg\",\"datePublished\":\"2025-07-18T16:16:26+00:00\",\"breadcrumb\":{\"@id\":\"https:\\\/\\\/racom.com.pl\\\/index.php\\\/produkt\\\/nillkin-amazing-h-szklo-iphone-12-pro-max-67\\\/#breadcrumb\"},\"inLanguage\":\"pl-PL\",\"potentialAction\":[{\"@type\":\"ReadAction\",\"target\":[\"https:\\\/\\\/racom.com.pl\\\/index.php\\\/produkt\\\/nillkin-amazing-h-szklo-iphone-12-pro-max-67\\\/\"]}]},{\"@type\":\"ImageObject\",\"inLanguage\":\"pl-PL\",\"@id\":\"https:\\\/\\\/racom.com.pl\\\/index.php\\\/produkt\\\/nillkin-amazing-h-szklo-iphone-12-pro-max-67\\\/#primaryimage\",\"url\":\"https:\\\/\\\/racom.com.pl\\\/wp-content\\\/uploads\\\/2025\\\/07\\\/allegro_687a737460b616.43318506_8713b42b4cb8b44b2e13eec78be1.jpg\",\"contentUrl\":\"https:\\\/\\\/racom.com.pl\\\/wp-content\\\/uploads\\\/2025\\\/07\\\/allegro_687a737460b616.43318506_8713b42b4cb8b44b2e13eec78be1.jpg\",\"width\":800,\"height\":800},{\"@type\":\"BreadcrumbList\",\"@id\":\"https:\\\/\\\/racom.com.pl\\\/index.php\\\/produkt\\\/nillkin-amazing-h-szklo-iphone-12-pro-max-67\\\/#breadcrumb\",\"itemListElement\":[{\"@type\":\"ListItem\",\"position\":1,\"name\":\"Strona g\u0142\u00f3wna\",\"item\":\"https:\\\/\\\/racom.com.pl\\\/\"},{\"@type\":\"ListItem\",\"position\":2,\"name\":\"Sklep\",\"item\":\"https:\\\/\\\/racom.com.pl\\\/\"},{\"@type\":\"ListItem\",\"position\":3,\"name\":\"NILLKIN AMAZING H SZK\u0141O IPHONE 12 PRO MAX (6,7)\"}]},{\"@type\":\"WebSite\",\"@id\":\"https:\\\/\\\/racom.com.pl\\\/#website\",\"url\":\"https:\\\/\\\/racom.com.pl\\\/\",\"name\":\"Mix Market - Supermarket z wszystkim co potrzeba do domu i nie tylko\",\"description\":\"\",\"publisher\":{\"@id\":\"https:\\\/\\\/racom.com.pl\\\/#organization\"},\"potentialAction\":[{\"@type\":\"SearchAction\",\"target\":{\"@type\":\"EntryPoint\",\"urlTemplate\":\"https:\\\/\\\/racom.com.pl\\\/?s={search_term_string}\"},\"query-input\":{\"@type\":\"PropertyValueSpecification\",\"valueRequired\":true,\"valueName\":\"search_term_string\"}}],\"inLanguage\":\"pl-PL\"},{\"@type\":\"Organization\",\"@id\":\"https:\\\/\\\/racom.com.pl\\\/#organization\",\"name\":\"Mix Market - Supermarket z wszystkim co potrzeba do domu i nie tylko\",\"url\":\"https:\\\/\\\/racom.com.pl\\\/\",\"logo\":{\"@type\":\"ImageObject\",\"inLanguage\":\"pl-PL\",\"@id\":\"https:\\\/\\\/racom.com.pl\\\/#\\\/schema\\\/logo\\\/image\\\/\",\"url\":\"https:\\\/\\\/racom.com.pl\\\/wp-content\\\/uploads\\\/2025\\\/07\\\/mixmarket_logo.png\",\"contentUrl\":\"https:\\\/\\\/racom.com.pl\\\/wp-content\\\/uploads\\\/2025\\\/07\\\/mixmarket_logo.png\",\"width\":1024,\"height\":1024,\"caption\":\"Mix Market - Supermarket z wszystkim co potrzeba do domu i nie tylko\"},\"image\":{\"@id\":\"https:\\\/\\\/racom.com.pl\\\/#\\\/schema\\\/logo\\\/image\\\/\"}}]}<\/script>\n<!-- \/ Yoast SEO plugin. -->","yoast_head_json":{"title":"NILLKIN AMAZING H SZK\u0141O IPHONE 12 PRO MAX (6,7) - Mix Market - Supermarket z wszystkim co potrzeba","robots":{"index":"index","follow":"follow","max-snippet":"max-snippet:-1","max-image-preview":"max-image-preview:large","max-video-preview":"max-video-preview:-1"},"canonical":"https:\/\/racom.com.pl\/index.php\/produkt\/nillkin-amazing-h-szklo-iphone-12-pro-max-67\/","og_locale":"pl_PL","og_type":"article","og_title":"NILLKIN AMAZING H SZK\u0141O IPHONE 12 PRO MAX (6,7) - Mix Market - Supermarket z wszystkim co potrzeba","og_description":"NILLKIN AMAZING H SZK\u0141O IPHONE 12 PRO MAX (6,7) NILLKIN AMAZING H IPHONE 12 PRO MAX (6,7) \u2705 Twardo\u015b\u0107 Nillkin Amazing H jest 9 razy wi\u0119ksza ni\u017c zwyk\u0142ego szk\u0142a. Nawet ostre przedmioty, takie jak no\u017ce i klucze nie porysuj\u0105 PanzerGlass. Nillkin Amazing H posiada pow\u0142ok\u0119, kt\u00f3ra zapobiega pozostawaniu odcisk\u00f3w palc\u00f3w i innych zanieczyszcze\u0144 co sprawia, [&hellip;]","og_url":"https:\/\/racom.com.pl\/index.php\/produkt\/nillkin-amazing-h-szklo-iphone-12-pro-max-67\/","og_site_name":"Mix Market - Supermarket z wszystkim co potrzeba","og_image":[{"width":800,"height":800,"url":"https:\/\/racom.com.pl\/wp-content\/uploads\/2025\/07\/allegro_687a737460b616.43318506_8713b42b4cb8b44b2e13eec78be1.jpg","type":"image\/jpeg"}],"twitter_card":"summary_large_image","twitter_misc":{"Szacowany czas czytania":"1 minuta"},"schema":{"@context":"https:\/\/schema.org","@graph":[{"@type":"WebPage","@id":"https:\/\/racom.com.pl\/index.php\/produkt\/nillkin-amazing-h-szklo-iphone-12-pro-max-67\/","url":"https:\/\/racom.com.pl\/index.php\/produkt\/nillkin-amazing-h-szklo-iphone-12-pro-max-67\/","name":"NILLKIN AMAZING H SZK\u0141O IPHONE 12 PRO MAX (6,7) - Mix Market - Supermarket z wszystkim co potrzeba","isPartOf":{"@id":"https:\/\/racom.com.pl\/#website"},"primaryImageOfPage":{"@id":"https:\/\/racom.com.pl\/index.php\/produkt\/nillkin-amazing-h-szklo-iphone-12-pro-max-67\/#primaryimage"},"image":{"@id":"https:\/\/racom.com.pl\/index.php\/produkt\/nillkin-amazing-h-szklo-iphone-12-pro-max-67\/#primaryimage"},"thumbnailUrl":"https:\/\/racom.com.pl\/wp-content\/uploads\/2025\/07\/allegro_687a737460b616.43318506_8713b42b4cb8b44b2e13eec78be1.jpg","datePublished":"2025-07-18T16:16:26+00:00","breadcrumb":{"@id":"https:\/\/racom.com.pl\/index.php\/produkt\/nillkin-amazing-h-szklo-iphone-12-pro-max-67\/#breadcrumb"},"inLanguage":"pl-PL","potentialAction":[{"@type":"ReadAction","target":["https:\/\/racom.com.pl\/index.php\/produkt\/nillkin-amazing-h-szklo-iphone-12-pro-max-67\/"]}]},{"@type":"ImageObject","inLanguage":"pl-PL","@id":"https:\/\/racom.com.pl\/index.php\/produkt\/nillkin-amazing-h-szklo-iphone-12-pro-max-67\/#primaryimage","url":"https:\/\/racom.com.pl\/wp-content\/uploads\/2025\/07\/allegro_687a737460b616.43318506_8713b42b4cb8b44b2e13eec78be1.jpg","contentUrl":"https:\/\/racom.com.pl\/wp-content\/uploads\/2025\/07\/allegro_687a737460b616.43318506_8713b42b4cb8b44b2e13eec78be1.jpg","width":800,"height":800},{"@type":"BreadcrumbList","@id":"https:\/\/racom.com.pl\/index.php\/produkt\/nillkin-amazing-h-szklo-iphone-12-pro-max-67\/#breadcrumb","itemListElement":[{"@type":"ListItem","position":1,"name":"Strona g\u0142\u00f3wna","item":"https:\/\/racom.com.pl\/"},{"@type":"ListItem","position":2,"name":"Sklep","item":"https:\/\/racom.com.pl\/"},{"@type":"ListItem","position":3,"name":"NILLKIN AMAZING H SZK\u0141O IPHONE 12 PRO MAX (6,7)"}]},{"@type":"WebSite","@id":"https:\/\/racom.com.pl\/#website","url":"https:\/\/racom.com.pl\/","name":"Mix Market - Supermarket z wszystkim co potrzeba do domu i nie tylko","description":"","publisher":{"@id":"https:\/\/racom.com.pl\/#organization"},"potentialAction":[{"@type":"SearchAction","target":{"@type":"EntryPoint","urlTemplate":"https:\/\/racom.com.pl\/?s={search_term_string}"},"query-input":{"@type":"PropertyValueSpecification","valueRequired":true,"valueName":"search_term_string"}}],"inLanguage":"pl-PL"},{"@type":"Organization","@id":"https:\/\/racom.com.pl\/#organization","name":"Mix Market - Supermarket z wszystkim co potrzeba do domu i nie tylko","url":"https:\/\/racom.com.pl\/","logo":{"@type":"ImageObject","inLanguage":"pl-PL","@id":"https:\/\/racom.com.pl\/#\/schema\/logo\/image\/","url":"https:\/\/racom.com.pl\/wp-content\/uploads\/2025\/07\/mixmarket_logo.png","contentUrl":"https:\/\/racom.com.pl\/wp-content\/uploads\/2025\/07\/mixmarket_logo.png","width":1024,"height":1024,"caption":"Mix Market - Supermarket z wszystkim co potrzeba do domu i nie tylko"},"image":{"@id":"https:\/\/racom.com.pl\/#\/schema\/logo\/image\/"}}]}},"_links":{"self":[{"href":"https:\/\/racom.com.pl\/index.php\/wp-json\/wp\/v2\/product\/835","targetHints":{"allow":["GET"]}}],"collection":[{"href":"https:\/\/racom.com.pl\/index.php\/wp-json\/wp\/v2\/product"}],"about":[{"href":"https:\/\/racom.com.pl\/index.php\/wp-json\/wp\/v2\/types\/product"}],"replies":[{"embeddable":true,"href":"https:\/\/racom.com.pl\/index.php\/wp-json\/wp\/v2\/comments?post=835"}],"wp:featuredmedia":[{"embeddable":true,"href":"https:\/\/racom.com.pl\/index.php\/wp-json\/wp\/v2\/media\/838"}],"wp:attachment":[{"href":"https:\/\/racom.com.pl\/index.php\/wp-json\/wp\/v2\/media?parent=835"}],"wp:term":[{"taxonomy":"product_brand","embeddable":true,"href":"https:\/\/racom.com.pl\/index.php\/wp-json\/wp\/v2\/product_brand?post=835"},{"taxonomy":"product_cat","embeddable":true,"href":"https:\/\/racom.com.pl\/index.php\/wp-json\/wp\/v2\/product_cat?post=835"},{"taxonomy":"product_tag","embeddable":true,"href":"https:\/\/racom.com.pl\/index.php\/wp-json\/wp\/v2\/product_tag?post=835"}],"curies":[{"name":"wp","href":"https:\/\/api.w.org\/{rel}","templated":true}]}}