{"id":862,"date":"2025-07-18T18:20:45","date_gmt":"2025-07-18T16:20:45","guid":{"rendered":"http:\/\/192.168.2.106\/index.php\/produkt\/mercury-silicone-mocne-etui-iphone-13-lawendowe\/"},"modified":"2025-07-18T18:20:45","modified_gmt":"2025-07-18T16:20:45","slug":"mercury-silicone-mocne-etui-iphone-13-lawendowe","status":"publish","type":"product","link":"https:\/\/racom.com.pl\/index.php\/produkt\/mercury-silicone-mocne-etui-iphone-13-lawendowe\/","title":{"rendered":"MERCURY SILICONE MOCNE ETUI IPHONE 13 LAWENDOWE"},"content":{"rendered":"<h2>MERCURY SILICONE MOCNE ETUI IPHONE 13 LAWENDOWE<\/h2>\n<p>MERCURY SILICONE CASE IPHONE 13 LAVENDER GRAY \/ LAWENDOWY<\/p>\n<p>\u2705<\/p>\n<p>Etui Silicone Case od marki Mercury zapewnia doskona\u0142\u0105 przyczepno\u015b\u0107 i dopasowanie modelowe, a tak\u017ce przyjemno\u015b\u0107 u\u017cytkowania telefonu przy jednoczesnym zachowaniu jego pe\u0142nego bezpiecze\u0144stwa. Etui zosta\u0142o wykonane z wysokiej jako\u015bci tworzywa, kt\u00f3re w efekcie po\u0142\u0105czenia silikonu, polipropylenu i poliuretanu, daje zar\u00f3wno elastyczny jaki i mi\u0142y w dotyku pokrowiec. W celu ochrony telefonu przed zarysowaniem \u015brodek etui zosta\u0142 pokryty mikrofibr\u0105. Dzi\u0119ki matowej strukturze, etui Mercury Silicone Case pewnie uk\u0142ada si\u0119 w d\u0142oni zmniejszaj\u0105c tym samym ryzyko wy\u015blizgni\u0119cia si\u0119, a podczas przypadkowego upadku doskonale amortyzuje wstrz\u0105sy.<\/p>\n<p>MERCURY SILICONE CASE IPHONE 13 LAVENDER GRAY \/ LAWENDOWY<\/p>\n<p>\u2705Opakowanie jest integraln\u0105 cz\u0119\u015bci\u0105 produktu.<\/p>\n<p>\u2705Pokrowce\/etui do telefon\u00f3w i tablet\u00f3w to cz\u0119sto zdj\u0119cie pogl\u0105dowe. W rzeczywisto\u015bci otrzymuj\u0105 Pa\u0144stwo futera\u0142 dopasowany do danego modelu urz\u0105dzenia z poprawnie rozmieszczonymi otworami na kamer\u0119\/aparat czy przyciski boczne.<\/p>\n<p>\u2705W przypadku baterii do telefon\u00f3w (zamiennik\u00f3w) zdj\u0119cie mo\u017ce by\u0107 zdj\u0119ciem pogl\u0105dowym. Po zakupie otrzymaj\u0105 Pa\u0144stwo produkt kompatybilny z danym urz\u0105dzeniem.<\/p>\n<p>\u2705Zdj\u0119cia produkt\u00f3w takich jak Szk\u0142a hartowane i folie ochronne na telefony\/tablety r\u00f3wnie\u017c mog\u0105 by\u0107 zdj\u0119ciami pogl\u0105dowymi.<\/p>\n","protected":false},"excerpt":{"rendered":"<p>MERCURY SILICONE MOCNE ETUI IPHONE 13 LAWENDOWE MERCURY SILICONE CASE IPHONE 13 LAVENDER GRAY \/ LAWENDOWY \u2705 Etui Silicone Case od marki Mercury zapewnia doskona\u0142\u0105 przyczepno\u015b\u0107 i dopasowanie modelowe, a tak\u017ce przyjemno\u015b\u0107 u\u017cytkowania telefonu przy jednoczesnym zachowaniu jego pe\u0142nego bezpiecze\u0144stwa. Etui zosta\u0142o wykonane z wysokiej jako\u015bci tworzywa, kt\u00f3re w efekcie po\u0142\u0105czenia silikonu, polipropylenu i poliuretanu, [&hellip;]<\/p>\n","protected":false},"featured_media":864,"comment_status":"open","ping_status":"closed","template":"","meta":[],"product_brand":[53],"product_cat":[26],"product_tag":[],"class_list":{"0":"post-862","1":"product","2":"type-product","3":"status-publish","4":"has-post-thumbnail","6":"product_brand-mercury-goospery","7":"product_cat-akcesoria-gsm","9":"first","10":"instock","11":"taxable","12":"shipping-taxable","13":"purchasable","14":"product-type-simple"},"yoast_head":"<!-- This site is optimized with the Yoast SEO plugin v27.3 - https:\/\/yoast.com\/product\/yoast-seo-wordpress\/ -->\n<title>MERCURY SILICONE MOCNE ETUI IPHONE 13 LAWENDOWE - Mix Market - Supermarket z wszystkim co potrzeba<\/title>\n<meta name=\"robots\" content=\"index, follow, max-snippet:-1, max-image-preview:large, max-video-preview:-1\" \/>\n<link rel=\"canonical\" href=\"https:\/\/racom.com.pl\/index.php\/produkt\/mercury-silicone-mocne-etui-iphone-13-lawendowe\/\" \/>\n<meta property=\"og:locale\" content=\"pl_PL\" \/>\n<meta property=\"og:type\" content=\"article\" \/>\n<meta property=\"og:title\" content=\"MERCURY SILICONE MOCNE ETUI IPHONE 13 LAWENDOWE - Mix Market - Supermarket z wszystkim co potrzeba\" \/>\n<meta property=\"og:description\" content=\"MERCURY SILICONE MOCNE ETUI IPHONE 13 LAWENDOWE MERCURY SILICONE CASE IPHONE 13 LAVENDER GRAY \/ LAWENDOWY \u2705 Etui Silicone Case od marki Mercury zapewnia doskona\u0142\u0105 przyczepno\u015b\u0107 i dopasowanie modelowe, a tak\u017ce przyjemno\u015b\u0107 u\u017cytkowania telefonu przy jednoczesnym zachowaniu jego pe\u0142nego bezpiecze\u0144stwa. Etui zosta\u0142o wykonane z wysokiej jako\u015bci tworzywa, kt\u00f3re w efekcie po\u0142\u0105czenia silikonu, polipropylenu i poliuretanu, [&hellip;]\" \/>\n<meta property=\"og:url\" content=\"https:\/\/racom.com.pl\/index.php\/produkt\/mercury-silicone-mocne-etui-iphone-13-lawendowe\/\" \/>\n<meta property=\"og:site_name\" content=\"Mix Market - Supermarket z wszystkim co potrzeba\" \/>\n<meta property=\"og:image\" content=\"https:\/\/racom.com.pl\/wp-content\/uploads\/2025\/07\/allegro_687a7471e3cb98.90874031_1bec2d3b4c939c684dbeb9b7e14d.jpg\" \/>\n\t<meta property=\"og:image:width\" content=\"800\" \/>\n\t<meta property=\"og:image:height\" content=\"800\" \/>\n\t<meta property=\"og:image:type\" content=\"image\/jpeg\" \/>\n<meta name=\"twitter:card\" content=\"summary_large_image\" \/>\n<meta name=\"twitter:label1\" content=\"Szacowany czas czytania\" \/>\n\t<meta name=\"twitter:data1\" content=\"1 minuta\" \/>\n<script type=\"application\/ld+json\" class=\"yoast-schema-graph\">{\"@context\":\"https:\\\/\\\/schema.org\",\"@graph\":[{\"@type\":\"WebPage\",\"@id\":\"https:\\\/\\\/racom.com.pl\\\/index.php\\\/produkt\\\/mercury-silicone-mocne-etui-iphone-13-lawendowe\\\/\",\"url\":\"https:\\\/\\\/racom.com.pl\\\/index.php\\\/produkt\\\/mercury-silicone-mocne-etui-iphone-13-lawendowe\\\/\",\"name\":\"MERCURY SILICONE MOCNE ETUI IPHONE 13 LAWENDOWE - Mix Market - Supermarket z wszystkim co potrzeba\",\"isPartOf\":{\"@id\":\"https:\\\/\\\/racom.com.pl\\\/#website\"},\"primaryImageOfPage\":{\"@id\":\"https:\\\/\\\/racom.com.pl\\\/index.php\\\/produkt\\\/mercury-silicone-mocne-etui-iphone-13-lawendowe\\\/#primaryimage\"},\"image\":{\"@id\":\"https:\\\/\\\/racom.com.pl\\\/index.php\\\/produkt\\\/mercury-silicone-mocne-etui-iphone-13-lawendowe\\\/#primaryimage\"},\"thumbnailUrl\":\"https:\\\/\\\/racom.com.pl\\\/wp-content\\\/uploads\\\/2025\\\/07\\\/allegro_687a7471e3cb98.90874031_1bec2d3b4c939c684dbeb9b7e14d.jpg\",\"datePublished\":\"2025-07-18T16:20:45+00:00\",\"breadcrumb\":{\"@id\":\"https:\\\/\\\/racom.com.pl\\\/index.php\\\/produkt\\\/mercury-silicone-mocne-etui-iphone-13-lawendowe\\\/#breadcrumb\"},\"inLanguage\":\"pl-PL\",\"potentialAction\":[{\"@type\":\"ReadAction\",\"target\":[\"https:\\\/\\\/racom.com.pl\\\/index.php\\\/produkt\\\/mercury-silicone-mocne-etui-iphone-13-lawendowe\\\/\"]}]},{\"@type\":\"ImageObject\",\"inLanguage\":\"pl-PL\",\"@id\":\"https:\\\/\\\/racom.com.pl\\\/index.php\\\/produkt\\\/mercury-silicone-mocne-etui-iphone-13-lawendowe\\\/#primaryimage\",\"url\":\"https:\\\/\\\/racom.com.pl\\\/wp-content\\\/uploads\\\/2025\\\/07\\\/allegro_687a7471e3cb98.90874031_1bec2d3b4c939c684dbeb9b7e14d.jpg\",\"contentUrl\":\"https:\\\/\\\/racom.com.pl\\\/wp-content\\\/uploads\\\/2025\\\/07\\\/allegro_687a7471e3cb98.90874031_1bec2d3b4c939c684dbeb9b7e14d.jpg\",\"width\":800,\"height\":800},{\"@type\":\"BreadcrumbList\",\"@id\":\"https:\\\/\\\/racom.com.pl\\\/index.php\\\/produkt\\\/mercury-silicone-mocne-etui-iphone-13-lawendowe\\\/#breadcrumb\",\"itemListElement\":[{\"@type\":\"ListItem\",\"position\":1,\"name\":\"Strona g\u0142\u00f3wna\",\"item\":\"https:\\\/\\\/racom.com.pl\\\/\"},{\"@type\":\"ListItem\",\"position\":2,\"name\":\"Sklep\",\"item\":\"https:\\\/\\\/racom.com.pl\\\/\"},{\"@type\":\"ListItem\",\"position\":3,\"name\":\"MERCURY SILICONE MOCNE ETUI IPHONE 13 LAWENDOWE\"}]},{\"@type\":\"WebSite\",\"@id\":\"https:\\\/\\\/racom.com.pl\\\/#website\",\"url\":\"https:\\\/\\\/racom.com.pl\\\/\",\"name\":\"Mix Market - Supermarket z wszystkim co potrzeba do domu i nie tylko\",\"description\":\"\",\"publisher\":{\"@id\":\"https:\\\/\\\/racom.com.pl\\\/#organization\"},\"potentialAction\":[{\"@type\":\"SearchAction\",\"target\":{\"@type\":\"EntryPoint\",\"urlTemplate\":\"https:\\\/\\\/racom.com.pl\\\/?s={search_term_string}\"},\"query-input\":{\"@type\":\"PropertyValueSpecification\",\"valueRequired\":true,\"valueName\":\"search_term_string\"}}],\"inLanguage\":\"pl-PL\"},{\"@type\":\"Organization\",\"@id\":\"https:\\\/\\\/racom.com.pl\\\/#organization\",\"name\":\"Mix Market - Supermarket z wszystkim co potrzeba do domu i nie tylko\",\"url\":\"https:\\\/\\\/racom.com.pl\\\/\",\"logo\":{\"@type\":\"ImageObject\",\"inLanguage\":\"pl-PL\",\"@id\":\"https:\\\/\\\/racom.com.pl\\\/#\\\/schema\\\/logo\\\/image\\\/\",\"url\":\"https:\\\/\\\/racom.com.pl\\\/wp-content\\\/uploads\\\/2025\\\/07\\\/mixmarket_logo.png\",\"contentUrl\":\"https:\\\/\\\/racom.com.pl\\\/wp-content\\\/uploads\\\/2025\\\/07\\\/mixmarket_logo.png\",\"width\":1024,\"height\":1024,\"caption\":\"Mix Market - Supermarket z wszystkim co potrzeba do domu i nie tylko\"},\"image\":{\"@id\":\"https:\\\/\\\/racom.com.pl\\\/#\\\/schema\\\/logo\\\/image\\\/\"}}]}<\/script>\n<!-- \/ Yoast SEO plugin. -->","yoast_head_json":{"title":"MERCURY SILICONE MOCNE ETUI IPHONE 13 LAWENDOWE - Mix Market - Supermarket z wszystkim co potrzeba","robots":{"index":"index","follow":"follow","max-snippet":"max-snippet:-1","max-image-preview":"max-image-preview:large","max-video-preview":"max-video-preview:-1"},"canonical":"https:\/\/racom.com.pl\/index.php\/produkt\/mercury-silicone-mocne-etui-iphone-13-lawendowe\/","og_locale":"pl_PL","og_type":"article","og_title":"MERCURY SILICONE MOCNE ETUI IPHONE 13 LAWENDOWE - Mix Market - Supermarket z wszystkim co potrzeba","og_description":"MERCURY SILICONE MOCNE ETUI IPHONE 13 LAWENDOWE MERCURY SILICONE CASE IPHONE 13 LAVENDER GRAY \/ LAWENDOWY \u2705 Etui Silicone Case od marki Mercury zapewnia doskona\u0142\u0105 przyczepno\u015b\u0107 i dopasowanie modelowe, a tak\u017ce przyjemno\u015b\u0107 u\u017cytkowania telefonu przy jednoczesnym zachowaniu jego pe\u0142nego bezpiecze\u0144stwa. Etui zosta\u0142o wykonane z wysokiej jako\u015bci tworzywa, kt\u00f3re w efekcie po\u0142\u0105czenia silikonu, polipropylenu i poliuretanu, [&hellip;]","og_url":"https:\/\/racom.com.pl\/index.php\/produkt\/mercury-silicone-mocne-etui-iphone-13-lawendowe\/","og_site_name":"Mix Market - Supermarket z wszystkim co potrzeba","og_image":[{"width":800,"height":800,"url":"https:\/\/racom.com.pl\/wp-content\/uploads\/2025\/07\/allegro_687a7471e3cb98.90874031_1bec2d3b4c939c684dbeb9b7e14d.jpg","type":"image\/jpeg"}],"twitter_card":"summary_large_image","twitter_misc":{"Szacowany czas czytania":"1 minuta"},"schema":{"@context":"https:\/\/schema.org","@graph":[{"@type":"WebPage","@id":"https:\/\/racom.com.pl\/index.php\/produkt\/mercury-silicone-mocne-etui-iphone-13-lawendowe\/","url":"https:\/\/racom.com.pl\/index.php\/produkt\/mercury-silicone-mocne-etui-iphone-13-lawendowe\/","name":"MERCURY SILICONE MOCNE ETUI IPHONE 13 LAWENDOWE - Mix Market - Supermarket z wszystkim co potrzeba","isPartOf":{"@id":"https:\/\/racom.com.pl\/#website"},"primaryImageOfPage":{"@id":"https:\/\/racom.com.pl\/index.php\/produkt\/mercury-silicone-mocne-etui-iphone-13-lawendowe\/#primaryimage"},"image":{"@id":"https:\/\/racom.com.pl\/index.php\/produkt\/mercury-silicone-mocne-etui-iphone-13-lawendowe\/#primaryimage"},"thumbnailUrl":"https:\/\/racom.com.pl\/wp-content\/uploads\/2025\/07\/allegro_687a7471e3cb98.90874031_1bec2d3b4c939c684dbeb9b7e14d.jpg","datePublished":"2025-07-18T16:20:45+00:00","breadcrumb":{"@id":"https:\/\/racom.com.pl\/index.php\/produkt\/mercury-silicone-mocne-etui-iphone-13-lawendowe\/#breadcrumb"},"inLanguage":"pl-PL","potentialAction":[{"@type":"ReadAction","target":["https:\/\/racom.com.pl\/index.php\/produkt\/mercury-silicone-mocne-etui-iphone-13-lawendowe\/"]}]},{"@type":"ImageObject","inLanguage":"pl-PL","@id":"https:\/\/racom.com.pl\/index.php\/produkt\/mercury-silicone-mocne-etui-iphone-13-lawendowe\/#primaryimage","url":"https:\/\/racom.com.pl\/wp-content\/uploads\/2025\/07\/allegro_687a7471e3cb98.90874031_1bec2d3b4c939c684dbeb9b7e14d.jpg","contentUrl":"https:\/\/racom.com.pl\/wp-content\/uploads\/2025\/07\/allegro_687a7471e3cb98.90874031_1bec2d3b4c939c684dbeb9b7e14d.jpg","width":800,"height":800},{"@type":"BreadcrumbList","@id":"https:\/\/racom.com.pl\/index.php\/produkt\/mercury-silicone-mocne-etui-iphone-13-lawendowe\/#breadcrumb","itemListElement":[{"@type":"ListItem","position":1,"name":"Strona g\u0142\u00f3wna","item":"https:\/\/racom.com.pl\/"},{"@type":"ListItem","position":2,"name":"Sklep","item":"https:\/\/racom.com.pl\/"},{"@type":"ListItem","position":3,"name":"MERCURY SILICONE MOCNE ETUI IPHONE 13 LAWENDOWE"}]},{"@type":"WebSite","@id":"https:\/\/racom.com.pl\/#website","url":"https:\/\/racom.com.pl\/","name":"Mix Market - Supermarket z wszystkim co potrzeba do domu i nie tylko","description":"","publisher":{"@id":"https:\/\/racom.com.pl\/#organization"},"potentialAction":[{"@type":"SearchAction","target":{"@type":"EntryPoint","urlTemplate":"https:\/\/racom.com.pl\/?s={search_term_string}"},"query-input":{"@type":"PropertyValueSpecification","valueRequired":true,"valueName":"search_term_string"}}],"inLanguage":"pl-PL"},{"@type":"Organization","@id":"https:\/\/racom.com.pl\/#organization","name":"Mix Market - Supermarket z wszystkim co potrzeba do domu i nie tylko","url":"https:\/\/racom.com.pl\/","logo":{"@type":"ImageObject","inLanguage":"pl-PL","@id":"https:\/\/racom.com.pl\/#\/schema\/logo\/image\/","url":"https:\/\/racom.com.pl\/wp-content\/uploads\/2025\/07\/mixmarket_logo.png","contentUrl":"https:\/\/racom.com.pl\/wp-content\/uploads\/2025\/07\/mixmarket_logo.png","width":1024,"height":1024,"caption":"Mix Market - Supermarket z wszystkim co potrzeba do domu i nie tylko"},"image":{"@id":"https:\/\/racom.com.pl\/#\/schema\/logo\/image\/"}}]}},"_links":{"self":[{"href":"https:\/\/racom.com.pl\/index.php\/wp-json\/wp\/v2\/product\/862","targetHints":{"allow":["GET"]}}],"collection":[{"href":"https:\/\/racom.com.pl\/index.php\/wp-json\/wp\/v2\/product"}],"about":[{"href":"https:\/\/racom.com.pl\/index.php\/wp-json\/wp\/v2\/types\/product"}],"replies":[{"embeddable":true,"href":"https:\/\/racom.com.pl\/index.php\/wp-json\/wp\/v2\/comments?post=862"}],"wp:featuredmedia":[{"embeddable":true,"href":"https:\/\/racom.com.pl\/index.php\/wp-json\/wp\/v2\/media\/864"}],"wp:attachment":[{"href":"https:\/\/racom.com.pl\/index.php\/wp-json\/wp\/v2\/media?parent=862"}],"wp:term":[{"taxonomy":"product_brand","embeddable":true,"href":"https:\/\/racom.com.pl\/index.php\/wp-json\/wp\/v2\/product_brand?post=862"},{"taxonomy":"product_cat","embeddable":true,"href":"https:\/\/racom.com.pl\/index.php\/wp-json\/wp\/v2\/product_cat?post=862"},{"taxonomy":"product_tag","embeddable":true,"href":"https:\/\/racom.com.pl\/index.php\/wp-json\/wp\/v2\/product_tag?post=862"}],"curies":[{"name":"wp","href":"https:\/\/api.w.org\/{rel}","templated":true}]}}