{"id":865,"date":"2025-07-18T18:23:39","date_gmt":"2025-07-18T16:23:39","guid":{"rendered":"http:\/\/192.168.2.106\/index.php\/produkt\/3mk-szklo-hybrydowe-ipad-air-2020-do-11cal\/"},"modified":"2025-07-18T18:23:39","modified_gmt":"2025-07-18T16:23:39","slug":"3mk-szklo-hybrydowe-ipad-air-2020-do-11cal","status":"publish","type":"product","link":"https:\/\/racom.com.pl\/index.php\/produkt\/3mk-szklo-hybrydowe-ipad-air-2020-do-11cal\/","title":{"rendered":"3MK SZK\u0141O HYBRYDOWE IPAD AIR 2020 do 11cal"},"content":{"rendered":"<h2>3MK SZK\u0141O HYBRYDOWE IPAD AIR 2020 do 11cal<\/h2>\n<p>3MK FLEXIBLE GLASS IPAD AIR 2020 do 11cal<\/p>\n<p>\u2705<\/p>\n<p>3mk FlexibleGlass, czyli elastyczna pow\u0142oka ochronna. Elastyczna pow\u0142oka ochronna to produkt d\u0142ugo oczekiwany i pieczo\u0142owicie dopracowany. Na tle pozosta\u0142ych produkt\u00f3w 3mk, FlexibleGlass wyr\u00f3\u017cnia najwy\u017csza odporno\u015b\u0107 na zarysowania, kt\u00f3ra wynosi realne 7H. Elastyczne szk\u0142o ochronne posiada grubo\u015b\u0107 na poziomie 0,3mm. Ponadto 3mk FexibleGlass to bezpieczne, elastyczne szk\u0142o nowej generacji, kt\u00f3re dzi\u0119ki zastosowaniu pow\u0142ok ceramicznych, sprawia \u017ce w dotyku mamy wra\u017cenie braku dodatkowej warstwy ochronnej na wy\u015bwietlaczu.<\/p>\n<p>3MK FLEXIBLE GLASS IPAD AIR 2020 do 11cal<\/p>\n<p>\u2705Opakowanie jest integraln\u0105 cz\u0119\u015bci\u0105 produktu.<\/p>\n<p>\u2705Pokrowce\/etui do telefon\u00f3w i tablet\u00f3w to cz\u0119sto zdj\u0119cie pogl\u0105dowe. W rzeczywisto\u015bci otrzymuj\u0105 Pa\u0144stwo futera\u0142 dopasowany do danego modelu urz\u0105dzenia z poprawnie rozmieszczonymi otworami na kamer\u0119\/aparat czy przyciski boczne.<\/p>\n<p>\u2705W przypadku baterii do telefon\u00f3w (zamiennik\u00f3w) zdj\u0119cie mo\u017ce by\u0107 zdj\u0119ciem pogl\u0105dowym. Po zakupie otrzymaj\u0105 Pa\u0144stwo produkt kompatybilny z danym urz\u0105dzeniem.<\/p>\n<p>\u2705Zdj\u0119cia produkt\u00f3w takich jak Szk\u0142a hartowane i folie ochronne na telefony\/tablety r\u00f3wnie\u017c mog\u0105 by\u0107 zdj\u0119ciami pogl\u0105dowymi.<\/p>\n","protected":false},"excerpt":{"rendered":"<p>3MK SZK\u0141O HYBRYDOWE IPAD AIR 2020 do 11cal 3MK FLEXIBLE GLASS IPAD AIR 2020 do 11cal \u2705 3mk FlexibleGlass, czyli elastyczna pow\u0142oka ochronna. Elastyczna pow\u0142oka ochronna to produkt d\u0142ugo oczekiwany i pieczo\u0142owicie dopracowany. Na tle pozosta\u0142ych produkt\u00f3w 3mk, FlexibleGlass wyr\u00f3\u017cnia najwy\u017csza odporno\u015b\u0107 na zarysowania, kt\u00f3ra wynosi realne 7H. Elastyczne szk\u0142o ochronne posiada grubo\u015b\u0107 na poziomie [&hellip;]<\/p>\n","protected":false},"featured_media":867,"comment_status":"open","ping_status":"closed","template":"","meta":[],"product_brand":[],"product_cat":[47],"product_tag":[],"class_list":{"0":"post-865","1":"product","2":"type-product","3":"status-publish","4":"has-post-thumbnail","6":"product_cat-tablety","8":"first","9":"instock","10":"taxable","11":"shipping-taxable","12":"purchasable","13":"product-type-simple"},"yoast_head":"<!-- This site is optimized with the Yoast SEO plugin v27.4 - https:\/\/yoast.com\/product\/yoast-seo-wordpress\/ -->\n<title>3MK SZK\u0141O HYBRYDOWE IPAD AIR 2020 do 11cal - Mix Market - Supermarket z wszystkim co potrzeba<\/title>\n<meta name=\"robots\" content=\"index, follow, max-snippet:-1, max-image-preview:large, max-video-preview:-1\" \/>\n<link rel=\"canonical\" href=\"https:\/\/racom.com.pl\/index.php\/produkt\/3mk-szklo-hybrydowe-ipad-air-2020-do-11cal\/\" \/>\n<meta property=\"og:locale\" content=\"pl_PL\" \/>\n<meta property=\"og:type\" content=\"article\" \/>\n<meta property=\"og:title\" content=\"3MK SZK\u0141O HYBRYDOWE IPAD AIR 2020 do 11cal - Mix Market - Supermarket z wszystkim co potrzeba\" \/>\n<meta property=\"og:description\" content=\"3MK SZK\u0141O HYBRYDOWE IPAD AIR 2020 do 11cal 3MK FLEXIBLE GLASS IPAD AIR 2020 do 11cal \u2705 3mk FlexibleGlass, czyli elastyczna pow\u0142oka ochronna. Elastyczna pow\u0142oka ochronna to produkt d\u0142ugo oczekiwany i pieczo\u0142owicie dopracowany. Na tle pozosta\u0142ych produkt\u00f3w 3mk, FlexibleGlass wyr\u00f3\u017cnia najwy\u017csza odporno\u015b\u0107 na zarysowania, kt\u00f3ra wynosi realne 7H. Elastyczne szk\u0142o ochronne posiada grubo\u015b\u0107 na poziomie [&hellip;]\" \/>\n<meta property=\"og:url\" content=\"https:\/\/racom.com.pl\/index.php\/produkt\/3mk-szklo-hybrydowe-ipad-air-2020-do-11cal\/\" \/>\n<meta property=\"og:site_name\" content=\"Mix Market - Supermarket z wszystkim co potrzeba\" \/>\n<meta property=\"og:image\" content=\"https:\/\/racom.com.pl\/wp-content\/uploads\/2025\/07\/allegro_687a75178b01d2.57302925_8dadddc84679abd009484234ac3d.jpg\" \/>\n\t<meta property=\"og:image:width\" content=\"1000\" \/>\n\t<meta property=\"og:image:height\" content=\"1000\" \/>\n\t<meta property=\"og:image:type\" content=\"image\/jpeg\" \/>\n<meta name=\"twitter:card\" content=\"summary_large_image\" \/>\n<meta name=\"twitter:label1\" content=\"Szacowany czas czytania\" \/>\n\t<meta name=\"twitter:data1\" content=\"1 minuta\" \/>\n<script type=\"application\/ld+json\" class=\"yoast-schema-graph\">{\"@context\":\"https:\\\/\\\/schema.org\",\"@graph\":[{\"@type\":\"WebPage\",\"@id\":\"https:\\\/\\\/racom.com.pl\\\/index.php\\\/produkt\\\/3mk-szklo-hybrydowe-ipad-air-2020-do-11cal\\\/\",\"url\":\"https:\\\/\\\/racom.com.pl\\\/index.php\\\/produkt\\\/3mk-szklo-hybrydowe-ipad-air-2020-do-11cal\\\/\",\"name\":\"3MK SZK\u0141O HYBRYDOWE IPAD AIR 2020 do 11cal - Mix Market - Supermarket z wszystkim co potrzeba\",\"isPartOf\":{\"@id\":\"https:\\\/\\\/racom.com.pl\\\/#website\"},\"primaryImageOfPage\":{\"@id\":\"https:\\\/\\\/racom.com.pl\\\/index.php\\\/produkt\\\/3mk-szklo-hybrydowe-ipad-air-2020-do-11cal\\\/#primaryimage\"},\"image\":{\"@id\":\"https:\\\/\\\/racom.com.pl\\\/index.php\\\/produkt\\\/3mk-szklo-hybrydowe-ipad-air-2020-do-11cal\\\/#primaryimage\"},\"thumbnailUrl\":\"https:\\\/\\\/racom.com.pl\\\/wp-content\\\/uploads\\\/2025\\\/07\\\/allegro_687a75178b01d2.57302925_8dadddc84679abd009484234ac3d.jpg\",\"datePublished\":\"2025-07-18T16:23:39+00:00\",\"breadcrumb\":{\"@id\":\"https:\\\/\\\/racom.com.pl\\\/index.php\\\/produkt\\\/3mk-szklo-hybrydowe-ipad-air-2020-do-11cal\\\/#breadcrumb\"},\"inLanguage\":\"pl-PL\",\"potentialAction\":[{\"@type\":\"ReadAction\",\"target\":[\"https:\\\/\\\/racom.com.pl\\\/index.php\\\/produkt\\\/3mk-szklo-hybrydowe-ipad-air-2020-do-11cal\\\/\"]}]},{\"@type\":\"ImageObject\",\"inLanguage\":\"pl-PL\",\"@id\":\"https:\\\/\\\/racom.com.pl\\\/index.php\\\/produkt\\\/3mk-szklo-hybrydowe-ipad-air-2020-do-11cal\\\/#primaryimage\",\"url\":\"https:\\\/\\\/racom.com.pl\\\/wp-content\\\/uploads\\\/2025\\\/07\\\/allegro_687a75178b01d2.57302925_8dadddc84679abd009484234ac3d.jpg\",\"contentUrl\":\"https:\\\/\\\/racom.com.pl\\\/wp-content\\\/uploads\\\/2025\\\/07\\\/allegro_687a75178b01d2.57302925_8dadddc84679abd009484234ac3d.jpg\",\"width\":1000,\"height\":1000},{\"@type\":\"BreadcrumbList\",\"@id\":\"https:\\\/\\\/racom.com.pl\\\/index.php\\\/produkt\\\/3mk-szklo-hybrydowe-ipad-air-2020-do-11cal\\\/#breadcrumb\",\"itemListElement\":[{\"@type\":\"ListItem\",\"position\":1,\"name\":\"Strona g\u0142\u00f3wna\",\"item\":\"https:\\\/\\\/racom.com.pl\\\/\"},{\"@type\":\"ListItem\",\"position\":2,\"name\":\"Sklep\",\"item\":\"https:\\\/\\\/racom.com.pl\\\/\"},{\"@type\":\"ListItem\",\"position\":3,\"name\":\"3MK SZK\u0141O HYBRYDOWE IPAD AIR 2020 do 11cal\"}]},{\"@type\":\"WebSite\",\"@id\":\"https:\\\/\\\/racom.com.pl\\\/#website\",\"url\":\"https:\\\/\\\/racom.com.pl\\\/\",\"name\":\"Mix Market - Supermarket z wszystkim co potrzeba do domu i nie tylko\",\"description\":\"\",\"publisher\":{\"@id\":\"https:\\\/\\\/racom.com.pl\\\/#organization\"},\"potentialAction\":[{\"@type\":\"SearchAction\",\"target\":{\"@type\":\"EntryPoint\",\"urlTemplate\":\"https:\\\/\\\/racom.com.pl\\\/?s={search_term_string}\"},\"query-input\":{\"@type\":\"PropertyValueSpecification\",\"valueRequired\":true,\"valueName\":\"search_term_string\"}}],\"inLanguage\":\"pl-PL\"},{\"@type\":\"Organization\",\"@id\":\"https:\\\/\\\/racom.com.pl\\\/#organization\",\"name\":\"Mix Market - Supermarket z wszystkim co potrzeba do domu i nie tylko\",\"url\":\"https:\\\/\\\/racom.com.pl\\\/\",\"logo\":{\"@type\":\"ImageObject\",\"inLanguage\":\"pl-PL\",\"@id\":\"https:\\\/\\\/racom.com.pl\\\/#\\\/schema\\\/logo\\\/image\\\/\",\"url\":\"https:\\\/\\\/racom.com.pl\\\/wp-content\\\/uploads\\\/2025\\\/07\\\/mixmarket_logo.png\",\"contentUrl\":\"https:\\\/\\\/racom.com.pl\\\/wp-content\\\/uploads\\\/2025\\\/07\\\/mixmarket_logo.png\",\"width\":1024,\"height\":1024,\"caption\":\"Mix Market - Supermarket z wszystkim co potrzeba do domu i nie tylko\"},\"image\":{\"@id\":\"https:\\\/\\\/racom.com.pl\\\/#\\\/schema\\\/logo\\\/image\\\/\"}}]}<\/script>\n<!-- \/ Yoast SEO plugin. -->","yoast_head_json":{"title":"3MK SZK\u0141O HYBRYDOWE IPAD AIR 2020 do 11cal - Mix Market - Supermarket z wszystkim co potrzeba","robots":{"index":"index","follow":"follow","max-snippet":"max-snippet:-1","max-image-preview":"max-image-preview:large","max-video-preview":"max-video-preview:-1"},"canonical":"https:\/\/racom.com.pl\/index.php\/produkt\/3mk-szklo-hybrydowe-ipad-air-2020-do-11cal\/","og_locale":"pl_PL","og_type":"article","og_title":"3MK SZK\u0141O HYBRYDOWE IPAD AIR 2020 do 11cal - Mix Market - Supermarket z wszystkim co potrzeba","og_description":"3MK SZK\u0141O HYBRYDOWE IPAD AIR 2020 do 11cal 3MK FLEXIBLE GLASS IPAD AIR 2020 do 11cal \u2705 3mk FlexibleGlass, czyli elastyczna pow\u0142oka ochronna. Elastyczna pow\u0142oka ochronna to produkt d\u0142ugo oczekiwany i pieczo\u0142owicie dopracowany. Na tle pozosta\u0142ych produkt\u00f3w 3mk, FlexibleGlass wyr\u00f3\u017cnia najwy\u017csza odporno\u015b\u0107 na zarysowania, kt\u00f3ra wynosi realne 7H. Elastyczne szk\u0142o ochronne posiada grubo\u015b\u0107 na poziomie [&hellip;]","og_url":"https:\/\/racom.com.pl\/index.php\/produkt\/3mk-szklo-hybrydowe-ipad-air-2020-do-11cal\/","og_site_name":"Mix Market - Supermarket z wszystkim co potrzeba","og_image":[{"width":1000,"height":1000,"url":"https:\/\/racom.com.pl\/wp-content\/uploads\/2025\/07\/allegro_687a75178b01d2.57302925_8dadddc84679abd009484234ac3d.jpg","type":"image\/jpeg"}],"twitter_card":"summary_large_image","twitter_misc":{"Szacowany czas czytania":"1 minuta"},"schema":{"@context":"https:\/\/schema.org","@graph":[{"@type":"WebPage","@id":"https:\/\/racom.com.pl\/index.php\/produkt\/3mk-szklo-hybrydowe-ipad-air-2020-do-11cal\/","url":"https:\/\/racom.com.pl\/index.php\/produkt\/3mk-szklo-hybrydowe-ipad-air-2020-do-11cal\/","name":"3MK SZK\u0141O HYBRYDOWE IPAD AIR 2020 do 11cal - Mix Market - Supermarket z wszystkim co potrzeba","isPartOf":{"@id":"https:\/\/racom.com.pl\/#website"},"primaryImageOfPage":{"@id":"https:\/\/racom.com.pl\/index.php\/produkt\/3mk-szklo-hybrydowe-ipad-air-2020-do-11cal\/#primaryimage"},"image":{"@id":"https:\/\/racom.com.pl\/index.php\/produkt\/3mk-szklo-hybrydowe-ipad-air-2020-do-11cal\/#primaryimage"},"thumbnailUrl":"https:\/\/racom.com.pl\/wp-content\/uploads\/2025\/07\/allegro_687a75178b01d2.57302925_8dadddc84679abd009484234ac3d.jpg","datePublished":"2025-07-18T16:23:39+00:00","breadcrumb":{"@id":"https:\/\/racom.com.pl\/index.php\/produkt\/3mk-szklo-hybrydowe-ipad-air-2020-do-11cal\/#breadcrumb"},"inLanguage":"pl-PL","potentialAction":[{"@type":"ReadAction","target":["https:\/\/racom.com.pl\/index.php\/produkt\/3mk-szklo-hybrydowe-ipad-air-2020-do-11cal\/"]}]},{"@type":"ImageObject","inLanguage":"pl-PL","@id":"https:\/\/racom.com.pl\/index.php\/produkt\/3mk-szklo-hybrydowe-ipad-air-2020-do-11cal\/#primaryimage","url":"https:\/\/racom.com.pl\/wp-content\/uploads\/2025\/07\/allegro_687a75178b01d2.57302925_8dadddc84679abd009484234ac3d.jpg","contentUrl":"https:\/\/racom.com.pl\/wp-content\/uploads\/2025\/07\/allegro_687a75178b01d2.57302925_8dadddc84679abd009484234ac3d.jpg","width":1000,"height":1000},{"@type":"BreadcrumbList","@id":"https:\/\/racom.com.pl\/index.php\/produkt\/3mk-szklo-hybrydowe-ipad-air-2020-do-11cal\/#breadcrumb","itemListElement":[{"@type":"ListItem","position":1,"name":"Strona g\u0142\u00f3wna","item":"https:\/\/racom.com.pl\/"},{"@type":"ListItem","position":2,"name":"Sklep","item":"https:\/\/racom.com.pl\/"},{"@type":"ListItem","position":3,"name":"3MK SZK\u0141O HYBRYDOWE IPAD AIR 2020 do 11cal"}]},{"@type":"WebSite","@id":"https:\/\/racom.com.pl\/#website","url":"https:\/\/racom.com.pl\/","name":"Mix Market - Supermarket z wszystkim co potrzeba do domu i nie tylko","description":"","publisher":{"@id":"https:\/\/racom.com.pl\/#organization"},"potentialAction":[{"@type":"SearchAction","target":{"@type":"EntryPoint","urlTemplate":"https:\/\/racom.com.pl\/?s={search_term_string}"},"query-input":{"@type":"PropertyValueSpecification","valueRequired":true,"valueName":"search_term_string"}}],"inLanguage":"pl-PL"},{"@type":"Organization","@id":"https:\/\/racom.com.pl\/#organization","name":"Mix Market - Supermarket z wszystkim co potrzeba do domu i nie tylko","url":"https:\/\/racom.com.pl\/","logo":{"@type":"ImageObject","inLanguage":"pl-PL","@id":"https:\/\/racom.com.pl\/#\/schema\/logo\/image\/","url":"https:\/\/racom.com.pl\/wp-content\/uploads\/2025\/07\/mixmarket_logo.png","contentUrl":"https:\/\/racom.com.pl\/wp-content\/uploads\/2025\/07\/mixmarket_logo.png","width":1024,"height":1024,"caption":"Mix Market - Supermarket z wszystkim co potrzeba do domu i nie tylko"},"image":{"@id":"https:\/\/racom.com.pl\/#\/schema\/logo\/image\/"}}]}},"_links":{"self":[{"href":"https:\/\/racom.com.pl\/index.php\/wp-json\/wp\/v2\/product\/865","targetHints":{"allow":["GET"]}}],"collection":[{"href":"https:\/\/racom.com.pl\/index.php\/wp-json\/wp\/v2\/product"}],"about":[{"href":"https:\/\/racom.com.pl\/index.php\/wp-json\/wp\/v2\/types\/product"}],"replies":[{"embeddable":true,"href":"https:\/\/racom.com.pl\/index.php\/wp-json\/wp\/v2\/comments?post=865"}],"wp:featuredmedia":[{"embeddable":true,"href":"https:\/\/racom.com.pl\/index.php\/wp-json\/wp\/v2\/media\/867"}],"wp:attachment":[{"href":"https:\/\/racom.com.pl\/index.php\/wp-json\/wp\/v2\/media?parent=865"}],"wp:term":[{"taxonomy":"product_brand","embeddable":true,"href":"https:\/\/racom.com.pl\/index.php\/wp-json\/wp\/v2\/product_brand?post=865"},{"taxonomy":"product_cat","embeddable":true,"href":"https:\/\/racom.com.pl\/index.php\/wp-json\/wp\/v2\/product_cat?post=865"},{"taxonomy":"product_tag","embeddable":true,"href":"https:\/\/racom.com.pl\/index.php\/wp-json\/wp\/v2\/product_tag?post=865"}],"curies":[{"name":"wp","href":"https:\/\/api.w.org\/{rel}","templated":true}]}}