{"id":868,"date":"2025-07-18T18:24:00","date_gmt":"2025-07-18T16:24:00","guid":{"rendered":"http:\/\/192.168.2.106\/index.php\/produkt\/kabel-zasilajacy-baseus-usb-c-do-lenovo-7-9x5-5mm\/"},"modified":"2025-07-18T18:24:00","modified_gmt":"2025-07-18T16:24:00","slug":"kabel-zasilajacy-baseus-usb-c-do-lenovo-7-9x5-5mm","status":"publish","type":"product","link":"https:\/\/racom.com.pl\/index.php\/produkt\/kabel-zasilajacy-baseus-usb-c-do-lenovo-7-9x5-5mm\/","title":{"rendered":"Kabel zasilaj\u0105cy Baseus USB-C DO LENOVO 7.9&#215;5.5mm"},"content":{"rendered":"<h2>Oryginalny kabel magnetyczny Baseus Zinc Typ C na DC do laptopa Lenovo 7,9&#215;5,5mm &#8211; 100W 2m w kolorze czarnym<\/h2>\n<p>Wysokiej jako\u015bci kabel magnetyczny firmy <b>Baseus<\/b>, przeznaczony do \u0142adowania laptop\u00f3w <b>Lenovo.<\/b><\/p>\n<p>Wykonany z charakteryzuj\u0105cego si\u0119 wysok\u0105 odporno\u015bci\u0105 materia\u0142u nylonowego i aluminium.<\/p>\n<p>Pozwala unikn\u0105\u0107 gromadzenia si\u0119 kurzu w interfejsie \u0142adowania. Zmniejsza cz\u0119stotliwo\u015b\u0107 pod\u0142\u0105czania i od\u0142\u0105czania kabla, przed\u0142u\u017caj\u0105c \u017cywotno\u015b\u0107 z\u0142\u0105cza.<\/p>\n<p>Dioda LED informuj\u0105ca o prawid\u0142owym dzia\u0142aniu kabla.<\/p>\n<p><b>Specyfikacja: <\/b><\/p>\n<p><b>Model: <\/b>Typ C &#8211; DC (7.9&#215;5.5mm) 100W<\/p>\n<p><b>D\u0142ugo\u015b\u0107: <\/b>2m<\/p>\n<p><b>Kolor: <\/b>czarny<\/p>\n<p><b>Moc: <\/b>100W<\/p>\n<p><b>Kompaktybilno\u015b\u0107: <\/b><\/p>\n<p>IBM-Lenovo, X60, X61, X60S, X61S, X61T, X60T, X200, X201, X200S, X201S, X200t, X200i, x201i, x220, X200S, T6, R6, Z6, X6, X200, X300, T60, T60P, T61, T61P, R60, R61, R61I, R61E, Z60T, Z60M, Z61, TZ60, T400, T400I, T410s, 92P1254, T520, T530, T420S, T42I, T420SI, T430 itd.<\/p>\n<p>Kod produktu: <b>201385<\/b><\/p>\n","protected":false},"excerpt":{"rendered":"<p>Oryginalny kabel magnetyczny Baseus Zinc Typ C na DC do laptopa Lenovo 7,9&#215;5,5mm &#8211; 100W 2m w kolorze czarnym Wysokiej jako\u015bci kabel magnetyczny firmy Baseus, przeznaczony do \u0142adowania laptop\u00f3w Lenovo. Wykonany z charakteryzuj\u0105cego si\u0119 wysok\u0105 odporno\u015bci\u0105 materia\u0142u nylonowego i aluminium. Pozwala unikn\u0105\u0107 gromadzenia si\u0119 kurzu w interfejsie \u0142adowania. Zmniejsza cz\u0119stotliwo\u015b\u0107 pod\u0142\u0105czania i od\u0142\u0105czania kabla, przed\u0142u\u017caj\u0105c [&hellip;]<\/p>\n","protected":false},"featured_media":888,"comment_status":"open","ping_status":"closed","template":"","meta":[],"product_brand":[27],"product_cat":[31],"product_tag":[],"class_list":{"0":"post-868","1":"product","2":"type-product","3":"status-publish","4":"has-post-thumbnail","6":"product_brand-baseus","7":"product_cat-akcesoria-laptop-pc","9":"first","10":"instock","11":"taxable","12":"shipping-taxable","13":"purchasable","14":"product-type-simple"},"yoast_head":"<!-- This site is optimized with the Yoast SEO plugin v27.3 - https:\/\/yoast.com\/product\/yoast-seo-wordpress\/ -->\n<title>Kabel zasilaj\u0105cy Baseus USB-C DO LENOVO 7.9x5.5mm - Mix Market - Supermarket z wszystkim co potrzeba<\/title>\n<meta name=\"robots\" content=\"index, follow, max-snippet:-1, max-image-preview:large, max-video-preview:-1\" \/>\n<link rel=\"canonical\" href=\"https:\/\/racom.com.pl\/index.php\/produkt\/kabel-zasilajacy-baseus-usb-c-do-lenovo-7-9x5-5mm\/\" \/>\n<meta property=\"og:locale\" content=\"pl_PL\" \/>\n<meta property=\"og:type\" content=\"article\" \/>\n<meta property=\"og:title\" content=\"Kabel zasilaj\u0105cy Baseus USB-C DO LENOVO 7.9x5.5mm - Mix Market - Supermarket z wszystkim co potrzeba\" \/>\n<meta property=\"og:description\" content=\"Oryginalny kabel magnetyczny Baseus Zinc Typ C na DC do laptopa Lenovo 7,9&#215;5,5mm &#8211; 100W 2m w kolorze czarnym Wysokiej jako\u015bci kabel magnetyczny firmy Baseus, przeznaczony do \u0142adowania laptop\u00f3w Lenovo. Wykonany z charakteryzuj\u0105cego si\u0119 wysok\u0105 odporno\u015bci\u0105 materia\u0142u nylonowego i aluminium. Pozwala unikn\u0105\u0107 gromadzenia si\u0119 kurzu w interfejsie \u0142adowania. Zmniejsza cz\u0119stotliwo\u015b\u0107 pod\u0142\u0105czania i od\u0142\u0105czania kabla, przed\u0142u\u017caj\u0105c [&hellip;]\" \/>\n<meta property=\"og:url\" content=\"https:\/\/racom.com.pl\/index.php\/produkt\/kabel-zasilajacy-baseus-usb-c-do-lenovo-7-9x5-5mm\/\" \/>\n<meta property=\"og:site_name\" content=\"Mix Market - Supermarket z wszystkim co potrzeba\" \/>\n<meta property=\"og:image\" content=\"https:\/\/racom.com.pl\/wp-content\/uploads\/2025\/07\/allegro_687a75b2dd9300.04176531_9c8537214535b5b07ac417cf39ef.jpg\" \/>\n\t<meta property=\"og:image:width\" content=\"1000\" \/>\n\t<meta property=\"og:image:height\" content=\"1000\" \/>\n\t<meta property=\"og:image:type\" content=\"image\/jpeg\" \/>\n<meta name=\"twitter:card\" content=\"summary_large_image\" \/>\n<meta name=\"twitter:label1\" content=\"Szacowany czas czytania\" \/>\n\t<meta name=\"twitter:data1\" content=\"1 minuta\" \/>\n<script type=\"application\/ld+json\" class=\"yoast-schema-graph\">{\"@context\":\"https:\\\/\\\/schema.org\",\"@graph\":[{\"@type\":\"WebPage\",\"@id\":\"https:\\\/\\\/racom.com.pl\\\/index.php\\\/produkt\\\/kabel-zasilajacy-baseus-usb-c-do-lenovo-7-9x5-5mm\\\/\",\"url\":\"https:\\\/\\\/racom.com.pl\\\/index.php\\\/produkt\\\/kabel-zasilajacy-baseus-usb-c-do-lenovo-7-9x5-5mm\\\/\",\"name\":\"Kabel zasilaj\u0105cy Baseus USB-C DO LENOVO 7.9x5.5mm - Mix Market - Supermarket z wszystkim co potrzeba\",\"isPartOf\":{\"@id\":\"https:\\\/\\\/racom.com.pl\\\/#website\"},\"primaryImageOfPage\":{\"@id\":\"https:\\\/\\\/racom.com.pl\\\/index.php\\\/produkt\\\/kabel-zasilajacy-baseus-usb-c-do-lenovo-7-9x5-5mm\\\/#primaryimage\"},\"image\":{\"@id\":\"https:\\\/\\\/racom.com.pl\\\/index.php\\\/produkt\\\/kabel-zasilajacy-baseus-usb-c-do-lenovo-7-9x5-5mm\\\/#primaryimage\"},\"thumbnailUrl\":\"https:\\\/\\\/racom.com.pl\\\/wp-content\\\/uploads\\\/2025\\\/07\\\/allegro_687a75b2dd9300.04176531_9c8537214535b5b07ac417cf39ef.jpg\",\"datePublished\":\"2025-07-18T16:24:00+00:00\",\"breadcrumb\":{\"@id\":\"https:\\\/\\\/racom.com.pl\\\/index.php\\\/produkt\\\/kabel-zasilajacy-baseus-usb-c-do-lenovo-7-9x5-5mm\\\/#breadcrumb\"},\"inLanguage\":\"pl-PL\",\"potentialAction\":[{\"@type\":\"ReadAction\",\"target\":[\"https:\\\/\\\/racom.com.pl\\\/index.php\\\/produkt\\\/kabel-zasilajacy-baseus-usb-c-do-lenovo-7-9x5-5mm\\\/\"]}]},{\"@type\":\"ImageObject\",\"inLanguage\":\"pl-PL\",\"@id\":\"https:\\\/\\\/racom.com.pl\\\/index.php\\\/produkt\\\/kabel-zasilajacy-baseus-usb-c-do-lenovo-7-9x5-5mm\\\/#primaryimage\",\"url\":\"https:\\\/\\\/racom.com.pl\\\/wp-content\\\/uploads\\\/2025\\\/07\\\/allegro_687a75b2dd9300.04176531_9c8537214535b5b07ac417cf39ef.jpg\",\"contentUrl\":\"https:\\\/\\\/racom.com.pl\\\/wp-content\\\/uploads\\\/2025\\\/07\\\/allegro_687a75b2dd9300.04176531_9c8537214535b5b07ac417cf39ef.jpg\",\"width\":1000,\"height\":1000},{\"@type\":\"BreadcrumbList\",\"@id\":\"https:\\\/\\\/racom.com.pl\\\/index.php\\\/produkt\\\/kabel-zasilajacy-baseus-usb-c-do-lenovo-7-9x5-5mm\\\/#breadcrumb\",\"itemListElement\":[{\"@type\":\"ListItem\",\"position\":1,\"name\":\"Strona g\u0142\u00f3wna\",\"item\":\"https:\\\/\\\/racom.com.pl\\\/\"},{\"@type\":\"ListItem\",\"position\":2,\"name\":\"Sklep\",\"item\":\"https:\\\/\\\/racom.com.pl\\\/\"},{\"@type\":\"ListItem\",\"position\":3,\"name\":\"Kabel zasilaj\u0105cy Baseus USB-C DO LENOVO 7.9&#215;5.5mm\"}]},{\"@type\":\"WebSite\",\"@id\":\"https:\\\/\\\/racom.com.pl\\\/#website\",\"url\":\"https:\\\/\\\/racom.com.pl\\\/\",\"name\":\"Mix Market - Supermarket z wszystkim co potrzeba do domu i nie tylko\",\"description\":\"\",\"publisher\":{\"@id\":\"https:\\\/\\\/racom.com.pl\\\/#organization\"},\"potentialAction\":[{\"@type\":\"SearchAction\",\"target\":{\"@type\":\"EntryPoint\",\"urlTemplate\":\"https:\\\/\\\/racom.com.pl\\\/?s={search_term_string}\"},\"query-input\":{\"@type\":\"PropertyValueSpecification\",\"valueRequired\":true,\"valueName\":\"search_term_string\"}}],\"inLanguage\":\"pl-PL\"},{\"@type\":\"Organization\",\"@id\":\"https:\\\/\\\/racom.com.pl\\\/#organization\",\"name\":\"Mix Market - Supermarket z wszystkim co potrzeba do domu i nie tylko\",\"url\":\"https:\\\/\\\/racom.com.pl\\\/\",\"logo\":{\"@type\":\"ImageObject\",\"inLanguage\":\"pl-PL\",\"@id\":\"https:\\\/\\\/racom.com.pl\\\/#\\\/schema\\\/logo\\\/image\\\/\",\"url\":\"https:\\\/\\\/racom.com.pl\\\/wp-content\\\/uploads\\\/2025\\\/07\\\/mixmarket_logo.png\",\"contentUrl\":\"https:\\\/\\\/racom.com.pl\\\/wp-content\\\/uploads\\\/2025\\\/07\\\/mixmarket_logo.png\",\"width\":1024,\"height\":1024,\"caption\":\"Mix Market - Supermarket z wszystkim co potrzeba do domu i nie tylko\"},\"image\":{\"@id\":\"https:\\\/\\\/racom.com.pl\\\/#\\\/schema\\\/logo\\\/image\\\/\"}}]}<\/script>\n<!-- \/ Yoast SEO plugin. -->","yoast_head_json":{"title":"Kabel zasilaj\u0105cy Baseus USB-C DO LENOVO 7.9x5.5mm - Mix Market - Supermarket z wszystkim co potrzeba","robots":{"index":"index","follow":"follow","max-snippet":"max-snippet:-1","max-image-preview":"max-image-preview:large","max-video-preview":"max-video-preview:-1"},"canonical":"https:\/\/racom.com.pl\/index.php\/produkt\/kabel-zasilajacy-baseus-usb-c-do-lenovo-7-9x5-5mm\/","og_locale":"pl_PL","og_type":"article","og_title":"Kabel zasilaj\u0105cy Baseus USB-C DO LENOVO 7.9x5.5mm - Mix Market - Supermarket z wszystkim co potrzeba","og_description":"Oryginalny kabel magnetyczny Baseus Zinc Typ C na DC do laptopa Lenovo 7,9&#215;5,5mm &#8211; 100W 2m w kolorze czarnym Wysokiej jako\u015bci kabel magnetyczny firmy Baseus, przeznaczony do \u0142adowania laptop\u00f3w Lenovo. Wykonany z charakteryzuj\u0105cego si\u0119 wysok\u0105 odporno\u015bci\u0105 materia\u0142u nylonowego i aluminium. Pozwala unikn\u0105\u0107 gromadzenia si\u0119 kurzu w interfejsie \u0142adowania. Zmniejsza cz\u0119stotliwo\u015b\u0107 pod\u0142\u0105czania i od\u0142\u0105czania kabla, przed\u0142u\u017caj\u0105c [&hellip;]","og_url":"https:\/\/racom.com.pl\/index.php\/produkt\/kabel-zasilajacy-baseus-usb-c-do-lenovo-7-9x5-5mm\/","og_site_name":"Mix Market - Supermarket z wszystkim co potrzeba","og_image":[{"width":1000,"height":1000,"url":"https:\/\/racom.com.pl\/wp-content\/uploads\/2025\/07\/allegro_687a75b2dd9300.04176531_9c8537214535b5b07ac417cf39ef.jpg","type":"image\/jpeg"}],"twitter_card":"summary_large_image","twitter_misc":{"Szacowany czas czytania":"1 minuta"},"schema":{"@context":"https:\/\/schema.org","@graph":[{"@type":"WebPage","@id":"https:\/\/racom.com.pl\/index.php\/produkt\/kabel-zasilajacy-baseus-usb-c-do-lenovo-7-9x5-5mm\/","url":"https:\/\/racom.com.pl\/index.php\/produkt\/kabel-zasilajacy-baseus-usb-c-do-lenovo-7-9x5-5mm\/","name":"Kabel zasilaj\u0105cy Baseus USB-C DO LENOVO 7.9x5.5mm - Mix Market - Supermarket z wszystkim co potrzeba","isPartOf":{"@id":"https:\/\/racom.com.pl\/#website"},"primaryImageOfPage":{"@id":"https:\/\/racom.com.pl\/index.php\/produkt\/kabel-zasilajacy-baseus-usb-c-do-lenovo-7-9x5-5mm\/#primaryimage"},"image":{"@id":"https:\/\/racom.com.pl\/index.php\/produkt\/kabel-zasilajacy-baseus-usb-c-do-lenovo-7-9x5-5mm\/#primaryimage"},"thumbnailUrl":"https:\/\/racom.com.pl\/wp-content\/uploads\/2025\/07\/allegro_687a75b2dd9300.04176531_9c8537214535b5b07ac417cf39ef.jpg","datePublished":"2025-07-18T16:24:00+00:00","breadcrumb":{"@id":"https:\/\/racom.com.pl\/index.php\/produkt\/kabel-zasilajacy-baseus-usb-c-do-lenovo-7-9x5-5mm\/#breadcrumb"},"inLanguage":"pl-PL","potentialAction":[{"@type":"ReadAction","target":["https:\/\/racom.com.pl\/index.php\/produkt\/kabel-zasilajacy-baseus-usb-c-do-lenovo-7-9x5-5mm\/"]}]},{"@type":"ImageObject","inLanguage":"pl-PL","@id":"https:\/\/racom.com.pl\/index.php\/produkt\/kabel-zasilajacy-baseus-usb-c-do-lenovo-7-9x5-5mm\/#primaryimage","url":"https:\/\/racom.com.pl\/wp-content\/uploads\/2025\/07\/allegro_687a75b2dd9300.04176531_9c8537214535b5b07ac417cf39ef.jpg","contentUrl":"https:\/\/racom.com.pl\/wp-content\/uploads\/2025\/07\/allegro_687a75b2dd9300.04176531_9c8537214535b5b07ac417cf39ef.jpg","width":1000,"height":1000},{"@type":"BreadcrumbList","@id":"https:\/\/racom.com.pl\/index.php\/produkt\/kabel-zasilajacy-baseus-usb-c-do-lenovo-7-9x5-5mm\/#breadcrumb","itemListElement":[{"@type":"ListItem","position":1,"name":"Strona g\u0142\u00f3wna","item":"https:\/\/racom.com.pl\/"},{"@type":"ListItem","position":2,"name":"Sklep","item":"https:\/\/racom.com.pl\/"},{"@type":"ListItem","position":3,"name":"Kabel zasilaj\u0105cy Baseus USB-C DO LENOVO 7.9&#215;5.5mm"}]},{"@type":"WebSite","@id":"https:\/\/racom.com.pl\/#website","url":"https:\/\/racom.com.pl\/","name":"Mix Market - Supermarket z wszystkim co potrzeba do domu i nie tylko","description":"","publisher":{"@id":"https:\/\/racom.com.pl\/#organization"},"potentialAction":[{"@type":"SearchAction","target":{"@type":"EntryPoint","urlTemplate":"https:\/\/racom.com.pl\/?s={search_term_string}"},"query-input":{"@type":"PropertyValueSpecification","valueRequired":true,"valueName":"search_term_string"}}],"inLanguage":"pl-PL"},{"@type":"Organization","@id":"https:\/\/racom.com.pl\/#organization","name":"Mix Market - Supermarket z wszystkim co potrzeba do domu i nie tylko","url":"https:\/\/racom.com.pl\/","logo":{"@type":"ImageObject","inLanguage":"pl-PL","@id":"https:\/\/racom.com.pl\/#\/schema\/logo\/image\/","url":"https:\/\/racom.com.pl\/wp-content\/uploads\/2025\/07\/mixmarket_logo.png","contentUrl":"https:\/\/racom.com.pl\/wp-content\/uploads\/2025\/07\/mixmarket_logo.png","width":1024,"height":1024,"caption":"Mix Market - Supermarket z wszystkim co potrzeba do domu i nie tylko"},"image":{"@id":"https:\/\/racom.com.pl\/#\/schema\/logo\/image\/"}}]}},"_links":{"self":[{"href":"https:\/\/racom.com.pl\/index.php\/wp-json\/wp\/v2\/product\/868","targetHints":{"allow":["GET"]}}],"collection":[{"href":"https:\/\/racom.com.pl\/index.php\/wp-json\/wp\/v2\/product"}],"about":[{"href":"https:\/\/racom.com.pl\/index.php\/wp-json\/wp\/v2\/types\/product"}],"replies":[{"embeddable":true,"href":"https:\/\/racom.com.pl\/index.php\/wp-json\/wp\/v2\/comments?post=868"}],"wp:featuredmedia":[{"embeddable":true,"href":"https:\/\/racom.com.pl\/index.php\/wp-json\/wp\/v2\/media\/888"}],"wp:attachment":[{"href":"https:\/\/racom.com.pl\/index.php\/wp-json\/wp\/v2\/media?parent=868"}],"wp:term":[{"taxonomy":"product_brand","embeddable":true,"href":"https:\/\/racom.com.pl\/index.php\/wp-json\/wp\/v2\/product_brand?post=868"},{"taxonomy":"product_cat","embeddable":true,"href":"https:\/\/racom.com.pl\/index.php\/wp-json\/wp\/v2\/product_cat?post=868"},{"taxonomy":"product_tag","embeddable":true,"href":"https:\/\/racom.com.pl\/index.php\/wp-json\/wp\/v2\/product_tag?post=868"}],"curies":[{"name":"wp","href":"https:\/\/api.w.org\/{rel}","templated":true}]}}