{"id":889,"date":"2025-07-18T18:26:34","date_gmt":"2025-07-18T16:26:34","guid":{"rendered":"http:\/\/192.168.2.106\/index.php\/produkt\/plecki-baseus-do-iphone-13-pro-6-1-czarny\/"},"modified":"2025-07-18T18:26:34","modified_gmt":"2025-07-18T16:26:34","slug":"plecki-baseus-do-iphone-13-pro-6-1-czarny","status":"publish","type":"product","link":"https:\/\/racom.com.pl\/index.php\/produkt\/plecki-baseus-do-iphone-13-pro-6-1-czarny\/","title":{"rendered":"Plecki Baseus do iPhone 13 Pro 6.1&#8243; czarny"},"content":{"rendered":"<p><b>Baseus Frosted Glass Case etui pokrowiec do telefonu sztywna obudowa z \u017celow\u0105 ramk\u0105<\/b><\/p>\n<p>To etui powsta\u0142o po to, aby zapewni\u0107 smartfonom jeszcze lepsze zabezpieczenie przed uszkodzeniami mechanicznymi w wyniku upadk\u00f3w czy wstrz\u0105s\u00f3w. Jest bardziej wytrzyma\u0142e ni\u017c klasyczny pokrowiec. Zosta\u0142o wykonane z dw\u00f3ch cz\u0119\u015bci, ramki z elastycznego TPU i sztywnych pleck\u00f3w dla zachowania najlepszej wytrzyma\u0142o\u015bci. Dlatego umieszczony w nim telefon b\u0119dzie doskonale chroniony przed uszkodzeniem. Ten efekt uda\u0142o si\u0119 uzyska\u0107 dzi\u0119ki nowoczesnym technologiom, starannie dobranym materia\u0142om oraz wyko\u0144czeniu na wysokim poziomie.<\/p>\n<p><b>Najwa\u017cniejsze cechy<\/b><\/p>\n<ul>\n<li>Hybrydowe etui ze sztywnym ty\u0142em i elastyczn\u0105 ramk\u0105.<\/li>\n<li>Przezroczysty design \u2013 Nie przys\u0142ania oryginalnego wygl\u0105du smartfona.<\/li>\n<li>Trwa\u0142e i wytrzyma\u0142e \u2013 Wykonana z mocnego PC nak\u0142adka chroni plecy urz\u0105dzenia, a ramka z elastycznego TPU zabezpiecza jego kraw\u0119dzie.<\/li>\n<li>Podwy\u017cszone ranty \u2013 Delikatnie podniesione kraw\u0119dzie dodatkowo chroni\u0105 ekran oraz obiektyw aparatu.<\/li>\n<li>Zintegrowane przyciski \u2013 Blokuj\u0105 drog\u0119 pod nak\u0142adk\u0119 wszelkiemu brudowi.<\/li>\n<li>Precyzyjne wyci\u0119cia \u2013 Gwarantuj\u0105 \u0142atwy dost\u0119p do wszystkich niezb\u0119dnych port\u00f3w.<\/li>\n<li>Miejsce na smycz \u2013 Otwory z boku pokrowca umo\u017cliwiaj\u0105 podpi\u0119cie do niego smyczy.<\/li>\n<\/ul>\n<p><b>Przyjazne dla u\u017cytkownika<\/b><\/p>\n<p>To etui zosta\u0142o zaprojektowane w taki spos\u00f3b, by zapewnia\u0107 maksymaln\u0105 wygod\u0119 korzystania z telefonu. S\u0142u\u017c\u0105 temu responsywne przyciski, kt\u00f3re chroni\u0105 newralgiczne miejsca urz\u0105dzenia, jednocze\u015bnie nie obni\u017caj\u0105c ich funkcjonalno\u015bci. Kraw\u0119dzie etui zosta\u0142y precyzyjnie wyci\u0119te w miejscach gniazd s\u0142uchawkowych i \u0142adowania, dlatego wpinanie wtyczek jest bardzo wygodne. Produkt dobrze le\u017cy w d\u0142oni, zapewniaj\u0105c pe\u0142n\u0105 ergonomi\u0119 i komfort u\u017cytkowania.<\/p>\n<p><b>Telefon bezpieczny w ka\u017cdej sytuacji<\/b><\/p>\n<p>Etui zabezpieczy Tw\u00f3j telefon, niezale\u017cnie od tego, gdzie jeste\u015b i co robisz. Elastyczny \u017cel TPU neutralizuje wstrz\u0105sy, a solidne tworzywo PC zastosowane na tylnej cz\u0119\u015bci etui chroni przed silnym naciskiem. Wzmocnione kraw\u0119dzie zabezpiecz\u0105 Tw\u00f3j sprz\u0119t przed uszkodzeniem podczas upadku.<\/p>\n<p><b>Stylowy wygl\u0105d bez kompromis\u00f3w<\/b><\/p>\n<p>\u017bel TPU to materia\u0142, kt\u00f3ry zapewnia idealn\u0105 przezroczysto\u015b\u0107 i nie \u017c\u00f3\u0142knie pod wp\u0142ywem dzia\u0142ania promieni s\u0142onecznych, dlatego masz pewno\u015b\u0107, \u017ce telefon b\u0119dzie doskonale si\u0119 prezentowa\u0142 przez d\u0142ugi czas.<\/p>\n","protected":false},"excerpt":{"rendered":"<p>Baseus Frosted Glass Case etui pokrowiec do telefonu sztywna obudowa z \u017celow\u0105 ramk\u0105 To etui powsta\u0142o po to, aby zapewni\u0107 smartfonom jeszcze lepsze zabezpieczenie przed uszkodzeniami mechanicznymi w wyniku upadk\u00f3w czy wstrz\u0105s\u00f3w. Jest bardziej wytrzyma\u0142e ni\u017c klasyczny pokrowiec. Zosta\u0142o wykonane z dw\u00f3ch cz\u0119\u015bci, ramki z elastycznego TPU i sztywnych pleck\u00f3w dla zachowania najlepszej wytrzyma\u0142o\u015bci. Dlatego [&hellip;]<\/p>\n","protected":false},"featured_media":900,"comment_status":"open","ping_status":"closed","template":"","meta":[],"product_brand":[27],"product_cat":[26],"product_tag":[],"class_list":{"0":"post-889","1":"product","2":"type-product","3":"status-publish","4":"has-post-thumbnail","6":"product_brand-baseus","7":"product_cat-akcesoria-gsm","9":"first","10":"instock","11":"taxable","12":"shipping-taxable","13":"purchasable","14":"product-type-simple"},"yoast_head":"<!-- This site is optimized with the Yoast SEO plugin v27.3 - https:\/\/yoast.com\/product\/yoast-seo-wordpress\/ -->\n<title>Plecki Baseus do iPhone 13 Pro 6.1&quot; czarny - Mix Market - Supermarket z wszystkim co potrzeba<\/title>\n<meta name=\"robots\" content=\"index, follow, max-snippet:-1, max-image-preview:large, max-video-preview:-1\" \/>\n<link rel=\"canonical\" href=\"https:\/\/racom.com.pl\/index.php\/produkt\/plecki-baseus-do-iphone-13-pro-6-1-czarny\/\" \/>\n<meta property=\"og:locale\" content=\"pl_PL\" \/>\n<meta property=\"og:type\" content=\"article\" \/>\n<meta property=\"og:title\" content=\"Plecki Baseus do iPhone 13 Pro 6.1&quot; czarny - Mix Market - Supermarket z wszystkim co potrzeba\" \/>\n<meta property=\"og:description\" content=\"Baseus Frosted Glass Case etui pokrowiec do telefonu sztywna obudowa z \u017celow\u0105 ramk\u0105 To etui powsta\u0142o po to, aby zapewni\u0107 smartfonom jeszcze lepsze zabezpieczenie przed uszkodzeniami mechanicznymi w wyniku upadk\u00f3w czy wstrz\u0105s\u00f3w. Jest bardziej wytrzyma\u0142e ni\u017c klasyczny pokrowiec. Zosta\u0142o wykonane z dw\u00f3ch cz\u0119\u015bci, ramki z elastycznego TPU i sztywnych pleck\u00f3w dla zachowania najlepszej wytrzyma\u0142o\u015bci. Dlatego [&hellip;]\" \/>\n<meta property=\"og:url\" content=\"https:\/\/racom.com.pl\/index.php\/produkt\/plecki-baseus-do-iphone-13-pro-6-1-czarny\/\" \/>\n<meta property=\"og:site_name\" content=\"Mix Market - Supermarket z wszystkim co potrzeba\" \/>\n<meta property=\"og:image\" content=\"https:\/\/racom.com.pl\/wp-content\/uploads\/2025\/07\/allegro_687a7607444980.00188316_1e3f182546c49451f367bd416404.jpg\" \/>\n\t<meta property=\"og:image:width\" content=\"1000\" \/>\n\t<meta property=\"og:image:height\" content=\"1000\" \/>\n\t<meta property=\"og:image:type\" content=\"image\/jpeg\" \/>\n<meta name=\"twitter:card\" content=\"summary_large_image\" \/>\n<meta name=\"twitter:label1\" content=\"Szacowany czas czytania\" \/>\n\t<meta name=\"twitter:data1\" content=\"2 minuty\" \/>\n<script type=\"application\/ld+json\" class=\"yoast-schema-graph\">{\"@context\":\"https:\\\/\\\/schema.org\",\"@graph\":[{\"@type\":\"WebPage\",\"@id\":\"https:\\\/\\\/racom.com.pl\\\/index.php\\\/produkt\\\/plecki-baseus-do-iphone-13-pro-6-1-czarny\\\/\",\"url\":\"https:\\\/\\\/racom.com.pl\\\/index.php\\\/produkt\\\/plecki-baseus-do-iphone-13-pro-6-1-czarny\\\/\",\"name\":\"Plecki Baseus do iPhone 13 Pro 6.1\\\" czarny - Mix Market - Supermarket z wszystkim co potrzeba\",\"isPartOf\":{\"@id\":\"https:\\\/\\\/racom.com.pl\\\/#website\"},\"primaryImageOfPage\":{\"@id\":\"https:\\\/\\\/racom.com.pl\\\/index.php\\\/produkt\\\/plecki-baseus-do-iphone-13-pro-6-1-czarny\\\/#primaryimage\"},\"image\":{\"@id\":\"https:\\\/\\\/racom.com.pl\\\/index.php\\\/produkt\\\/plecki-baseus-do-iphone-13-pro-6-1-czarny\\\/#primaryimage\"},\"thumbnailUrl\":\"https:\\\/\\\/racom.com.pl\\\/wp-content\\\/uploads\\\/2025\\\/07\\\/allegro_687a7607444980.00188316_1e3f182546c49451f367bd416404.jpg\",\"datePublished\":\"2025-07-18T16:26:34+00:00\",\"breadcrumb\":{\"@id\":\"https:\\\/\\\/racom.com.pl\\\/index.php\\\/produkt\\\/plecki-baseus-do-iphone-13-pro-6-1-czarny\\\/#breadcrumb\"},\"inLanguage\":\"pl-PL\",\"potentialAction\":[{\"@type\":\"ReadAction\",\"target\":[\"https:\\\/\\\/racom.com.pl\\\/index.php\\\/produkt\\\/plecki-baseus-do-iphone-13-pro-6-1-czarny\\\/\"]}]},{\"@type\":\"ImageObject\",\"inLanguage\":\"pl-PL\",\"@id\":\"https:\\\/\\\/racom.com.pl\\\/index.php\\\/produkt\\\/plecki-baseus-do-iphone-13-pro-6-1-czarny\\\/#primaryimage\",\"url\":\"https:\\\/\\\/racom.com.pl\\\/wp-content\\\/uploads\\\/2025\\\/07\\\/allegro_687a7607444980.00188316_1e3f182546c49451f367bd416404.jpg\",\"contentUrl\":\"https:\\\/\\\/racom.com.pl\\\/wp-content\\\/uploads\\\/2025\\\/07\\\/allegro_687a7607444980.00188316_1e3f182546c49451f367bd416404.jpg\",\"width\":1000,\"height\":1000},{\"@type\":\"BreadcrumbList\",\"@id\":\"https:\\\/\\\/racom.com.pl\\\/index.php\\\/produkt\\\/plecki-baseus-do-iphone-13-pro-6-1-czarny\\\/#breadcrumb\",\"itemListElement\":[{\"@type\":\"ListItem\",\"position\":1,\"name\":\"Strona g\u0142\u00f3wna\",\"item\":\"https:\\\/\\\/racom.com.pl\\\/\"},{\"@type\":\"ListItem\",\"position\":2,\"name\":\"Sklep\",\"item\":\"https:\\\/\\\/racom.com.pl\\\/\"},{\"@type\":\"ListItem\",\"position\":3,\"name\":\"Plecki Baseus do iPhone 13 Pro 6.1&#8243; czarny\"}]},{\"@type\":\"WebSite\",\"@id\":\"https:\\\/\\\/racom.com.pl\\\/#website\",\"url\":\"https:\\\/\\\/racom.com.pl\\\/\",\"name\":\"Mix Market - Supermarket z wszystkim co potrzeba do domu i nie tylko\",\"description\":\"\",\"publisher\":{\"@id\":\"https:\\\/\\\/racom.com.pl\\\/#organization\"},\"potentialAction\":[{\"@type\":\"SearchAction\",\"target\":{\"@type\":\"EntryPoint\",\"urlTemplate\":\"https:\\\/\\\/racom.com.pl\\\/?s={search_term_string}\"},\"query-input\":{\"@type\":\"PropertyValueSpecification\",\"valueRequired\":true,\"valueName\":\"search_term_string\"}}],\"inLanguage\":\"pl-PL\"},{\"@type\":\"Organization\",\"@id\":\"https:\\\/\\\/racom.com.pl\\\/#organization\",\"name\":\"Mix Market - Supermarket z wszystkim co potrzeba do domu i nie tylko\",\"url\":\"https:\\\/\\\/racom.com.pl\\\/\",\"logo\":{\"@type\":\"ImageObject\",\"inLanguage\":\"pl-PL\",\"@id\":\"https:\\\/\\\/racom.com.pl\\\/#\\\/schema\\\/logo\\\/image\\\/\",\"url\":\"https:\\\/\\\/racom.com.pl\\\/wp-content\\\/uploads\\\/2025\\\/07\\\/mixmarket_logo.png\",\"contentUrl\":\"https:\\\/\\\/racom.com.pl\\\/wp-content\\\/uploads\\\/2025\\\/07\\\/mixmarket_logo.png\",\"width\":1024,\"height\":1024,\"caption\":\"Mix Market - Supermarket z wszystkim co potrzeba do domu i nie tylko\"},\"image\":{\"@id\":\"https:\\\/\\\/racom.com.pl\\\/#\\\/schema\\\/logo\\\/image\\\/\"}}]}<\/script>\n<!-- \/ Yoast SEO plugin. -->","yoast_head_json":{"title":"Plecki Baseus do iPhone 13 Pro 6.1\" czarny - Mix Market - Supermarket z wszystkim co potrzeba","robots":{"index":"index","follow":"follow","max-snippet":"max-snippet:-1","max-image-preview":"max-image-preview:large","max-video-preview":"max-video-preview:-1"},"canonical":"https:\/\/racom.com.pl\/index.php\/produkt\/plecki-baseus-do-iphone-13-pro-6-1-czarny\/","og_locale":"pl_PL","og_type":"article","og_title":"Plecki Baseus do iPhone 13 Pro 6.1\" czarny - Mix Market - Supermarket z wszystkim co potrzeba","og_description":"Baseus Frosted Glass Case etui pokrowiec do telefonu sztywna obudowa z \u017celow\u0105 ramk\u0105 To etui powsta\u0142o po to, aby zapewni\u0107 smartfonom jeszcze lepsze zabezpieczenie przed uszkodzeniami mechanicznymi w wyniku upadk\u00f3w czy wstrz\u0105s\u00f3w. Jest bardziej wytrzyma\u0142e ni\u017c klasyczny pokrowiec. Zosta\u0142o wykonane z dw\u00f3ch cz\u0119\u015bci, ramki z elastycznego TPU i sztywnych pleck\u00f3w dla zachowania najlepszej wytrzyma\u0142o\u015bci. Dlatego [&hellip;]","og_url":"https:\/\/racom.com.pl\/index.php\/produkt\/plecki-baseus-do-iphone-13-pro-6-1-czarny\/","og_site_name":"Mix Market - Supermarket z wszystkim co potrzeba","og_image":[{"width":1000,"height":1000,"url":"https:\/\/racom.com.pl\/wp-content\/uploads\/2025\/07\/allegro_687a7607444980.00188316_1e3f182546c49451f367bd416404.jpg","type":"image\/jpeg"}],"twitter_card":"summary_large_image","twitter_misc":{"Szacowany czas czytania":"2 minuty"},"schema":{"@context":"https:\/\/schema.org","@graph":[{"@type":"WebPage","@id":"https:\/\/racom.com.pl\/index.php\/produkt\/plecki-baseus-do-iphone-13-pro-6-1-czarny\/","url":"https:\/\/racom.com.pl\/index.php\/produkt\/plecki-baseus-do-iphone-13-pro-6-1-czarny\/","name":"Plecki Baseus do iPhone 13 Pro 6.1\" czarny - Mix Market - Supermarket z wszystkim co potrzeba","isPartOf":{"@id":"https:\/\/racom.com.pl\/#website"},"primaryImageOfPage":{"@id":"https:\/\/racom.com.pl\/index.php\/produkt\/plecki-baseus-do-iphone-13-pro-6-1-czarny\/#primaryimage"},"image":{"@id":"https:\/\/racom.com.pl\/index.php\/produkt\/plecki-baseus-do-iphone-13-pro-6-1-czarny\/#primaryimage"},"thumbnailUrl":"https:\/\/racom.com.pl\/wp-content\/uploads\/2025\/07\/allegro_687a7607444980.00188316_1e3f182546c49451f367bd416404.jpg","datePublished":"2025-07-18T16:26:34+00:00","breadcrumb":{"@id":"https:\/\/racom.com.pl\/index.php\/produkt\/plecki-baseus-do-iphone-13-pro-6-1-czarny\/#breadcrumb"},"inLanguage":"pl-PL","potentialAction":[{"@type":"ReadAction","target":["https:\/\/racom.com.pl\/index.php\/produkt\/plecki-baseus-do-iphone-13-pro-6-1-czarny\/"]}]},{"@type":"ImageObject","inLanguage":"pl-PL","@id":"https:\/\/racom.com.pl\/index.php\/produkt\/plecki-baseus-do-iphone-13-pro-6-1-czarny\/#primaryimage","url":"https:\/\/racom.com.pl\/wp-content\/uploads\/2025\/07\/allegro_687a7607444980.00188316_1e3f182546c49451f367bd416404.jpg","contentUrl":"https:\/\/racom.com.pl\/wp-content\/uploads\/2025\/07\/allegro_687a7607444980.00188316_1e3f182546c49451f367bd416404.jpg","width":1000,"height":1000},{"@type":"BreadcrumbList","@id":"https:\/\/racom.com.pl\/index.php\/produkt\/plecki-baseus-do-iphone-13-pro-6-1-czarny\/#breadcrumb","itemListElement":[{"@type":"ListItem","position":1,"name":"Strona g\u0142\u00f3wna","item":"https:\/\/racom.com.pl\/"},{"@type":"ListItem","position":2,"name":"Sklep","item":"https:\/\/racom.com.pl\/"},{"@type":"ListItem","position":3,"name":"Plecki Baseus do iPhone 13 Pro 6.1&#8243; czarny"}]},{"@type":"WebSite","@id":"https:\/\/racom.com.pl\/#website","url":"https:\/\/racom.com.pl\/","name":"Mix Market - Supermarket z wszystkim co potrzeba do domu i nie tylko","description":"","publisher":{"@id":"https:\/\/racom.com.pl\/#organization"},"potentialAction":[{"@type":"SearchAction","target":{"@type":"EntryPoint","urlTemplate":"https:\/\/racom.com.pl\/?s={search_term_string}"},"query-input":{"@type":"PropertyValueSpecification","valueRequired":true,"valueName":"search_term_string"}}],"inLanguage":"pl-PL"},{"@type":"Organization","@id":"https:\/\/racom.com.pl\/#organization","name":"Mix Market - Supermarket z wszystkim co potrzeba do domu i nie tylko","url":"https:\/\/racom.com.pl\/","logo":{"@type":"ImageObject","inLanguage":"pl-PL","@id":"https:\/\/racom.com.pl\/#\/schema\/logo\/image\/","url":"https:\/\/racom.com.pl\/wp-content\/uploads\/2025\/07\/mixmarket_logo.png","contentUrl":"https:\/\/racom.com.pl\/wp-content\/uploads\/2025\/07\/mixmarket_logo.png","width":1024,"height":1024,"caption":"Mix Market - Supermarket z wszystkim co potrzeba do domu i nie tylko"},"image":{"@id":"https:\/\/racom.com.pl\/#\/schema\/logo\/image\/"}}]}},"_links":{"self":[{"href":"https:\/\/racom.com.pl\/index.php\/wp-json\/wp\/v2\/product\/889","targetHints":{"allow":["GET"]}}],"collection":[{"href":"https:\/\/racom.com.pl\/index.php\/wp-json\/wp\/v2\/product"}],"about":[{"href":"https:\/\/racom.com.pl\/index.php\/wp-json\/wp\/v2\/types\/product"}],"replies":[{"embeddable":true,"href":"https:\/\/racom.com.pl\/index.php\/wp-json\/wp\/v2\/comments?post=889"}],"wp:featuredmedia":[{"embeddable":true,"href":"https:\/\/racom.com.pl\/index.php\/wp-json\/wp\/v2\/media\/900"}],"wp:attachment":[{"href":"https:\/\/racom.com.pl\/index.php\/wp-json\/wp\/v2\/media?parent=889"}],"wp:term":[{"taxonomy":"product_brand","embeddable":true,"href":"https:\/\/racom.com.pl\/index.php\/wp-json\/wp\/v2\/product_brand?post=889"},{"taxonomy":"product_cat","embeddable":true,"href":"https:\/\/racom.com.pl\/index.php\/wp-json\/wp\/v2\/product_cat?post=889"},{"taxonomy":"product_tag","embeddable":true,"href":"https:\/\/racom.com.pl\/index.php\/wp-json\/wp\/v2\/product_tag?post=889"}],"curies":[{"name":"wp","href":"https:\/\/api.w.org\/{rel}","templated":true}]}}