{"id":904,"date":"2025-07-18T18:28:27","date_gmt":"2025-07-18T16:28:27","guid":{"rendered":"http:\/\/192.168.2.106\/index.php\/produkt\/kabel-przewod-ugreen-2x-rca-cinch-jack-3-5-mm-1m\/"},"modified":"2025-07-18T18:28:27","modified_gmt":"2025-07-18T16:28:27","slug":"kabel-przewod-ugreen-2x-rca-cinch-jack-3-5-mm-1m","status":"publish","type":"product","link":"https:\/\/racom.com.pl\/index.php\/produkt\/kabel-przewod-ugreen-2x-rca-cinch-jack-3-5-mm-1m\/","title":{"rendered":"KABEL PRZEW\u00d3D UGREEN 2X RCA CINCH JACK 3.5 MM 1M"},"content":{"rendered":"<p><b>Kabel UGREEN AV102 &#8211; imponuj\u0105ca jako\u015b\u0107 d\u017awi\u0119ku i wytrzyma\u0142o\u015b\u0107<\/b><\/p>\n<p>Kabel UGREEN 3,5 mm do 2RCA jest kompatybilny z ca\u0142ym szeregiem urz\u0105dze\u0144. Zapewnia doskona\u0142\u0105 jako\u015b\u0107 d\u017awi\u0119ku, a dzi\u0119ki pokrytym z\u0142otem z\u0142\u0105czom zachwyca wytrzyma\u0142o\u015bci\u0105 i odporno\u015bci\u0105 na zu\u017cycie. Przekonaj si\u0119, jak wiele mo\u017ce Ci zaoferowa\u0107!<\/p>\n<p><b>Szeroka kompatybilno\u015b\u0107<\/b><\/p>\n<p>Z pomoc\u0105 tego praktycznego kabla pod\u0142\u0105czysz r\u00f3\u017cnego rodzaju urz\u0105dzenia wyposa\u017cone w porty 3,5 mm do g\u0142o\u015bnik\u00f3w, wzmacniaczy czy telewizor\u00f3w. Produkt jest kompatybilny z wieloma laptopami, smartfonami i tabletami. Niezale\u017cnie od tego, z jakiego sprz\u0119tu korzystasz, mo\u017cesz cieszy\u0107 si\u0119 doskona\u0142ej jako\u015bci d\u017awi\u0119kiem, kiedy tylko chcesz.<\/p>\n<p><b>Zachwy\u0107 si\u0119 perfekcyjnym d\u017awi\u0119kiem<\/b><\/p>\n<p>Kabel zapewnia krystalicznie czyste, naturalne brzmienie. Zaprojektowano go w taki spos\u00f3b, aby zachwyca\u0142 idealn\u0105 jako\u015bci\u0105 audio. Dzi\u0119ki niemu odkryjesz swoje ulubione utwory na nowo &#8211; po\u0142\u0105cz telefon czy laptop z g\u0142o\u015bnikiem i odkryj zupe\u0142nie nowy \u015bwiat cudownych d\u017awi\u0119k\u00f3w!<\/p>\n<p><b>Wysokiej klasy z\u0142\u0105cza<\/b><\/p>\n<p>Z\u0142\u0105cza kabla zosta\u0142y pokryte z\u0142otem 24 K. To sprawia, \u017ce nie grozi im korozja i mog\u0105 Ci s\u0142u\u017cy\u0107 przez d\u0142ugi czas. Tak du\u017ca wytrzyma\u0142o\u015b\u0107 produktu i jego odporno\u015b\u0107 na uszkodzenie lub zu\u017cycie pozwoli Ci korzysta\u0107 z jego niezwyk\u0142ych mo\u017cliwo\u015bci przez bardzo wiele dni.<\/p>\n<p><b>Odporny na rozci\u0105ganie<\/b><\/p>\n<p>Ten wykonany z przyjaznego dla \u015brodowiska tworzywa PVC kabel zosta\u0142 te\u017c wyposa\u017cony w ochron\u0119 przed rozci\u0105ganiem, kt\u00f3ra dodatkowo przyczynia si\u0119 do przed\u0142u\u017cenia jego \u017cywotno\u015bci. Jest wi\u0119c wyj\u0105tkowo odporny na wyginanie czy naci\u0105ganie. Mo\u017cesz zatem bez obaw stosowa\u0107 go na co dzie\u0144 &#8211; przetrwa niemal ka\u017cd\u0105 pr\u00f3b\u0119.<\/p>\n<p><b>Przemy\u015blany design<\/b><\/p>\n<p>UGREEN udowadnia, \u017ce nawet kable mog\u0105 zachwyca\u0107 ponadczasowym stylem. Produkt zosta\u0142 zaprojektowany z dba\u0142o\u015bci\u0105 o najmniejszy szczeg\u00f3\u0142, dzi\u0119ki czemu prezentuje si\u0119 wyj\u0105tkowo gustownie. To idealne po\u0142\u0105czenie wytrzyma\u0142o\u015bci, elegancji i doskona\u0142ej jako\u015bci.<\/p>\n","protected":false},"excerpt":{"rendered":"<p>Kabel UGREEN AV102 &#8211; imponuj\u0105ca jako\u015b\u0107 d\u017awi\u0119ku i wytrzyma\u0142o\u015b\u0107 Kabel UGREEN 3,5 mm do 2RCA jest kompatybilny z ca\u0142ym szeregiem urz\u0105dze\u0144. Zapewnia doskona\u0142\u0105 jako\u015b\u0107 d\u017awi\u0119ku, a dzi\u0119ki pokrytym z\u0142otem z\u0142\u0105czom zachwyca wytrzyma\u0142o\u015bci\u0105 i odporno\u015bci\u0105 na zu\u017cycie. Przekonaj si\u0119, jak wiele mo\u017ce Ci zaoferowa\u0107! Szeroka kompatybilno\u015b\u0107 Z pomoc\u0105 tego praktycznego kabla pod\u0142\u0105czysz r\u00f3\u017cnego rodzaju urz\u0105dzenia wyposa\u017cone [&hellip;]<\/p>\n","protected":false},"featured_media":907,"comment_status":"open","ping_status":"closed","template":"","meta":[],"product_brand":[23],"product_cat":[31],"product_tag":[],"class_list":{"0":"post-904","1":"product","2":"type-product","3":"status-publish","4":"has-post-thumbnail","6":"product_brand-ugreen","7":"product_cat-akcesoria-laptop-pc","9":"first","10":"instock","11":"taxable","12":"shipping-taxable","13":"purchasable","14":"product-type-simple"},"yoast_head":"<!-- This site is optimized with the Yoast SEO plugin v27.3 - https:\/\/yoast.com\/product\/yoast-seo-wordpress\/ -->\n<title>KABEL PRZEW\u00d3D UGREEN 2X RCA CINCH JACK 3.5 MM 1M - Mix Market - Supermarket z wszystkim co potrzeba<\/title>\n<meta name=\"robots\" content=\"index, follow, max-snippet:-1, max-image-preview:large, max-video-preview:-1\" \/>\n<link rel=\"canonical\" href=\"https:\/\/racom.com.pl\/index.php\/produkt\/kabel-przewod-ugreen-2x-rca-cinch-jack-3-5-mm-1m\/\" \/>\n<meta property=\"og:locale\" content=\"pl_PL\" \/>\n<meta property=\"og:type\" content=\"article\" \/>\n<meta property=\"og:title\" content=\"KABEL PRZEW\u00d3D UGREEN 2X RCA CINCH JACK 3.5 MM 1M - Mix Market - Supermarket z wszystkim co potrzeba\" \/>\n<meta property=\"og:description\" content=\"Kabel UGREEN AV102 &#8211; imponuj\u0105ca jako\u015b\u0107 d\u017awi\u0119ku i wytrzyma\u0142o\u015b\u0107 Kabel UGREEN 3,5 mm do 2RCA jest kompatybilny z ca\u0142ym szeregiem urz\u0105dze\u0144. Zapewnia doskona\u0142\u0105 jako\u015b\u0107 d\u017awi\u0119ku, a dzi\u0119ki pokrytym z\u0142otem z\u0142\u0105czom zachwyca wytrzyma\u0142o\u015bci\u0105 i odporno\u015bci\u0105 na zu\u017cycie. Przekonaj si\u0119, jak wiele mo\u017ce Ci zaoferowa\u0107! Szeroka kompatybilno\u015b\u0107 Z pomoc\u0105 tego praktycznego kabla pod\u0142\u0105czysz r\u00f3\u017cnego rodzaju urz\u0105dzenia wyposa\u017cone [&hellip;]\" \/>\n<meta property=\"og:url\" content=\"https:\/\/racom.com.pl\/index.php\/produkt\/kabel-przewod-ugreen-2x-rca-cinch-jack-3-5-mm-1m\/\" \/>\n<meta property=\"og:site_name\" content=\"Mix Market - Supermarket z wszystkim co potrzeba\" \/>\n<meta property=\"og:image\" content=\"https:\/\/racom.com.pl\/wp-content\/uploads\/2025\/07\/allegro_687a763bb16fb7.56061160_d7e92be14650919440ba0f7aeed9.jpg\" \/>\n\t<meta property=\"og:image:width\" content=\"1001\" \/>\n\t<meta property=\"og:image:height\" content=\"1001\" \/>\n\t<meta property=\"og:image:type\" content=\"image\/jpeg\" \/>\n<meta name=\"twitter:card\" content=\"summary_large_image\" \/>\n<meta name=\"twitter:label1\" content=\"Szacowany czas czytania\" \/>\n\t<meta name=\"twitter:data1\" content=\"2 minuty\" \/>\n<script type=\"application\/ld+json\" class=\"yoast-schema-graph\">{\"@context\":\"https:\\\/\\\/schema.org\",\"@graph\":[{\"@type\":\"WebPage\",\"@id\":\"https:\\\/\\\/racom.com.pl\\\/index.php\\\/produkt\\\/kabel-przewod-ugreen-2x-rca-cinch-jack-3-5-mm-1m\\\/\",\"url\":\"https:\\\/\\\/racom.com.pl\\\/index.php\\\/produkt\\\/kabel-przewod-ugreen-2x-rca-cinch-jack-3-5-mm-1m\\\/\",\"name\":\"KABEL PRZEW\u00d3D UGREEN 2X RCA CINCH JACK 3.5 MM 1M - Mix Market - Supermarket z wszystkim co potrzeba\",\"isPartOf\":{\"@id\":\"https:\\\/\\\/racom.com.pl\\\/#website\"},\"primaryImageOfPage\":{\"@id\":\"https:\\\/\\\/racom.com.pl\\\/index.php\\\/produkt\\\/kabel-przewod-ugreen-2x-rca-cinch-jack-3-5-mm-1m\\\/#primaryimage\"},\"image\":{\"@id\":\"https:\\\/\\\/racom.com.pl\\\/index.php\\\/produkt\\\/kabel-przewod-ugreen-2x-rca-cinch-jack-3-5-mm-1m\\\/#primaryimage\"},\"thumbnailUrl\":\"https:\\\/\\\/racom.com.pl\\\/wp-content\\\/uploads\\\/2025\\\/07\\\/allegro_687a763bb16fb7.56061160_d7e92be14650919440ba0f7aeed9.jpg\",\"datePublished\":\"2025-07-18T16:28:27+00:00\",\"breadcrumb\":{\"@id\":\"https:\\\/\\\/racom.com.pl\\\/index.php\\\/produkt\\\/kabel-przewod-ugreen-2x-rca-cinch-jack-3-5-mm-1m\\\/#breadcrumb\"},\"inLanguage\":\"pl-PL\",\"potentialAction\":[{\"@type\":\"ReadAction\",\"target\":[\"https:\\\/\\\/racom.com.pl\\\/index.php\\\/produkt\\\/kabel-przewod-ugreen-2x-rca-cinch-jack-3-5-mm-1m\\\/\"]}]},{\"@type\":\"ImageObject\",\"inLanguage\":\"pl-PL\",\"@id\":\"https:\\\/\\\/racom.com.pl\\\/index.php\\\/produkt\\\/kabel-przewod-ugreen-2x-rca-cinch-jack-3-5-mm-1m\\\/#primaryimage\",\"url\":\"https:\\\/\\\/racom.com.pl\\\/wp-content\\\/uploads\\\/2025\\\/07\\\/allegro_687a763bb16fb7.56061160_d7e92be14650919440ba0f7aeed9.jpg\",\"contentUrl\":\"https:\\\/\\\/racom.com.pl\\\/wp-content\\\/uploads\\\/2025\\\/07\\\/allegro_687a763bb16fb7.56061160_d7e92be14650919440ba0f7aeed9.jpg\",\"width\":1001,\"height\":1001},{\"@type\":\"BreadcrumbList\",\"@id\":\"https:\\\/\\\/racom.com.pl\\\/index.php\\\/produkt\\\/kabel-przewod-ugreen-2x-rca-cinch-jack-3-5-mm-1m\\\/#breadcrumb\",\"itemListElement\":[{\"@type\":\"ListItem\",\"position\":1,\"name\":\"Strona g\u0142\u00f3wna\",\"item\":\"https:\\\/\\\/racom.com.pl\\\/\"},{\"@type\":\"ListItem\",\"position\":2,\"name\":\"Sklep\",\"item\":\"https:\\\/\\\/racom.com.pl\\\/\"},{\"@type\":\"ListItem\",\"position\":3,\"name\":\"KABEL PRZEW\u00d3D UGREEN 2X RCA CINCH JACK 3.5 MM 1M\"}]},{\"@type\":\"WebSite\",\"@id\":\"https:\\\/\\\/racom.com.pl\\\/#website\",\"url\":\"https:\\\/\\\/racom.com.pl\\\/\",\"name\":\"Mix Market - Supermarket z wszystkim co potrzeba do domu i nie tylko\",\"description\":\"\",\"publisher\":{\"@id\":\"https:\\\/\\\/racom.com.pl\\\/#organization\"},\"potentialAction\":[{\"@type\":\"SearchAction\",\"target\":{\"@type\":\"EntryPoint\",\"urlTemplate\":\"https:\\\/\\\/racom.com.pl\\\/?s={search_term_string}\"},\"query-input\":{\"@type\":\"PropertyValueSpecification\",\"valueRequired\":true,\"valueName\":\"search_term_string\"}}],\"inLanguage\":\"pl-PL\"},{\"@type\":\"Organization\",\"@id\":\"https:\\\/\\\/racom.com.pl\\\/#organization\",\"name\":\"Mix Market - Supermarket z wszystkim co potrzeba do domu i nie tylko\",\"url\":\"https:\\\/\\\/racom.com.pl\\\/\",\"logo\":{\"@type\":\"ImageObject\",\"inLanguage\":\"pl-PL\",\"@id\":\"https:\\\/\\\/racom.com.pl\\\/#\\\/schema\\\/logo\\\/image\\\/\",\"url\":\"https:\\\/\\\/racom.com.pl\\\/wp-content\\\/uploads\\\/2025\\\/07\\\/mixmarket_logo.png\",\"contentUrl\":\"https:\\\/\\\/racom.com.pl\\\/wp-content\\\/uploads\\\/2025\\\/07\\\/mixmarket_logo.png\",\"width\":1024,\"height\":1024,\"caption\":\"Mix Market - Supermarket z wszystkim co potrzeba do domu i nie tylko\"},\"image\":{\"@id\":\"https:\\\/\\\/racom.com.pl\\\/#\\\/schema\\\/logo\\\/image\\\/\"}}]}<\/script>\n<!-- \/ Yoast SEO plugin. -->","yoast_head_json":{"title":"KABEL PRZEW\u00d3D UGREEN 2X RCA CINCH JACK 3.5 MM 1M - Mix Market - Supermarket z wszystkim co potrzeba","robots":{"index":"index","follow":"follow","max-snippet":"max-snippet:-1","max-image-preview":"max-image-preview:large","max-video-preview":"max-video-preview:-1"},"canonical":"https:\/\/racom.com.pl\/index.php\/produkt\/kabel-przewod-ugreen-2x-rca-cinch-jack-3-5-mm-1m\/","og_locale":"pl_PL","og_type":"article","og_title":"KABEL PRZEW\u00d3D UGREEN 2X RCA CINCH JACK 3.5 MM 1M - Mix Market - Supermarket z wszystkim co potrzeba","og_description":"Kabel UGREEN AV102 &#8211; imponuj\u0105ca jako\u015b\u0107 d\u017awi\u0119ku i wytrzyma\u0142o\u015b\u0107 Kabel UGREEN 3,5 mm do 2RCA jest kompatybilny z ca\u0142ym szeregiem urz\u0105dze\u0144. Zapewnia doskona\u0142\u0105 jako\u015b\u0107 d\u017awi\u0119ku, a dzi\u0119ki pokrytym z\u0142otem z\u0142\u0105czom zachwyca wytrzyma\u0142o\u015bci\u0105 i odporno\u015bci\u0105 na zu\u017cycie. Przekonaj si\u0119, jak wiele mo\u017ce Ci zaoferowa\u0107! Szeroka kompatybilno\u015b\u0107 Z pomoc\u0105 tego praktycznego kabla pod\u0142\u0105czysz r\u00f3\u017cnego rodzaju urz\u0105dzenia wyposa\u017cone [&hellip;]","og_url":"https:\/\/racom.com.pl\/index.php\/produkt\/kabel-przewod-ugreen-2x-rca-cinch-jack-3-5-mm-1m\/","og_site_name":"Mix Market - Supermarket z wszystkim co potrzeba","og_image":[{"width":1001,"height":1001,"url":"https:\/\/racom.com.pl\/wp-content\/uploads\/2025\/07\/allegro_687a763bb16fb7.56061160_d7e92be14650919440ba0f7aeed9.jpg","type":"image\/jpeg"}],"twitter_card":"summary_large_image","twitter_misc":{"Szacowany czas czytania":"2 minuty"},"schema":{"@context":"https:\/\/schema.org","@graph":[{"@type":"WebPage","@id":"https:\/\/racom.com.pl\/index.php\/produkt\/kabel-przewod-ugreen-2x-rca-cinch-jack-3-5-mm-1m\/","url":"https:\/\/racom.com.pl\/index.php\/produkt\/kabel-przewod-ugreen-2x-rca-cinch-jack-3-5-mm-1m\/","name":"KABEL PRZEW\u00d3D UGREEN 2X RCA CINCH JACK 3.5 MM 1M - Mix Market - Supermarket z wszystkim co potrzeba","isPartOf":{"@id":"https:\/\/racom.com.pl\/#website"},"primaryImageOfPage":{"@id":"https:\/\/racom.com.pl\/index.php\/produkt\/kabel-przewod-ugreen-2x-rca-cinch-jack-3-5-mm-1m\/#primaryimage"},"image":{"@id":"https:\/\/racom.com.pl\/index.php\/produkt\/kabel-przewod-ugreen-2x-rca-cinch-jack-3-5-mm-1m\/#primaryimage"},"thumbnailUrl":"https:\/\/racom.com.pl\/wp-content\/uploads\/2025\/07\/allegro_687a763bb16fb7.56061160_d7e92be14650919440ba0f7aeed9.jpg","datePublished":"2025-07-18T16:28:27+00:00","breadcrumb":{"@id":"https:\/\/racom.com.pl\/index.php\/produkt\/kabel-przewod-ugreen-2x-rca-cinch-jack-3-5-mm-1m\/#breadcrumb"},"inLanguage":"pl-PL","potentialAction":[{"@type":"ReadAction","target":["https:\/\/racom.com.pl\/index.php\/produkt\/kabel-przewod-ugreen-2x-rca-cinch-jack-3-5-mm-1m\/"]}]},{"@type":"ImageObject","inLanguage":"pl-PL","@id":"https:\/\/racom.com.pl\/index.php\/produkt\/kabel-przewod-ugreen-2x-rca-cinch-jack-3-5-mm-1m\/#primaryimage","url":"https:\/\/racom.com.pl\/wp-content\/uploads\/2025\/07\/allegro_687a763bb16fb7.56061160_d7e92be14650919440ba0f7aeed9.jpg","contentUrl":"https:\/\/racom.com.pl\/wp-content\/uploads\/2025\/07\/allegro_687a763bb16fb7.56061160_d7e92be14650919440ba0f7aeed9.jpg","width":1001,"height":1001},{"@type":"BreadcrumbList","@id":"https:\/\/racom.com.pl\/index.php\/produkt\/kabel-przewod-ugreen-2x-rca-cinch-jack-3-5-mm-1m\/#breadcrumb","itemListElement":[{"@type":"ListItem","position":1,"name":"Strona g\u0142\u00f3wna","item":"https:\/\/racom.com.pl\/"},{"@type":"ListItem","position":2,"name":"Sklep","item":"https:\/\/racom.com.pl\/"},{"@type":"ListItem","position":3,"name":"KABEL PRZEW\u00d3D UGREEN 2X RCA CINCH JACK 3.5 MM 1M"}]},{"@type":"WebSite","@id":"https:\/\/racom.com.pl\/#website","url":"https:\/\/racom.com.pl\/","name":"Mix Market - Supermarket z wszystkim co potrzeba do domu i nie tylko","description":"","publisher":{"@id":"https:\/\/racom.com.pl\/#organization"},"potentialAction":[{"@type":"SearchAction","target":{"@type":"EntryPoint","urlTemplate":"https:\/\/racom.com.pl\/?s={search_term_string}"},"query-input":{"@type":"PropertyValueSpecification","valueRequired":true,"valueName":"search_term_string"}}],"inLanguage":"pl-PL"},{"@type":"Organization","@id":"https:\/\/racom.com.pl\/#organization","name":"Mix Market - Supermarket z wszystkim co potrzeba do domu i nie tylko","url":"https:\/\/racom.com.pl\/","logo":{"@type":"ImageObject","inLanguage":"pl-PL","@id":"https:\/\/racom.com.pl\/#\/schema\/logo\/image\/","url":"https:\/\/racom.com.pl\/wp-content\/uploads\/2025\/07\/mixmarket_logo.png","contentUrl":"https:\/\/racom.com.pl\/wp-content\/uploads\/2025\/07\/mixmarket_logo.png","width":1024,"height":1024,"caption":"Mix Market - Supermarket z wszystkim co potrzeba do domu i nie tylko"},"image":{"@id":"https:\/\/racom.com.pl\/#\/schema\/logo\/image\/"}}]}},"_links":{"self":[{"href":"https:\/\/racom.com.pl\/index.php\/wp-json\/wp\/v2\/product\/904","targetHints":{"allow":["GET"]}}],"collection":[{"href":"https:\/\/racom.com.pl\/index.php\/wp-json\/wp\/v2\/product"}],"about":[{"href":"https:\/\/racom.com.pl\/index.php\/wp-json\/wp\/v2\/types\/product"}],"replies":[{"embeddable":true,"href":"https:\/\/racom.com.pl\/index.php\/wp-json\/wp\/v2\/comments?post=904"}],"wp:featuredmedia":[{"embeddable":true,"href":"https:\/\/racom.com.pl\/index.php\/wp-json\/wp\/v2\/media\/907"}],"wp:attachment":[{"href":"https:\/\/racom.com.pl\/index.php\/wp-json\/wp\/v2\/media?parent=904"}],"wp:term":[{"taxonomy":"product_brand","embeddable":true,"href":"https:\/\/racom.com.pl\/index.php\/wp-json\/wp\/v2\/product_brand?post=904"},{"taxonomy":"product_cat","embeddable":true,"href":"https:\/\/racom.com.pl\/index.php\/wp-json\/wp\/v2\/product_cat?post=904"},{"taxonomy":"product_tag","embeddable":true,"href":"https:\/\/racom.com.pl\/index.php\/wp-json\/wp\/v2\/product_tag?post=904"}],"curies":[{"name":"wp","href":"https:\/\/api.w.org\/{rel}","templated":true}]}}