{"id":912,"date":"2025-07-18T18:29:09","date_gmt":"2025-07-18T16:29:09","guid":{"rendered":"http:\/\/192.168.2.106\/index.php\/produkt\/nowa-bateria-maxlife-do-nokia-bl-5c-3100-3110-n91\/"},"modified":"2025-07-18T18:29:09","modified_gmt":"2025-07-18T16:29:09","slug":"nowa-bateria-maxlife-do-nokia-bl-5c-3100-3110-n91","status":"publish","type":"product","link":"https:\/\/racom.com.pl\/index.php\/produkt\/nowa-bateria-maxlife-do-nokia-bl-5c-3100-3110-n91\/","title":{"rendered":"Nowa Bateria Maxlife Do Nokia BL-5C 3100 3110 N91"},"content":{"rendered":"<h2>BATERIA DO TELEFONU<\/h2>\n<ul>\n<li>Nokia<\/li>\n<\/ul>\n<h2>Specyfikacja<\/h2>\n<ul>\n<li>Marka: Maxlife\n<p>Pojemno\u015b\u0107 baterii: 1300 mAh<\/p>\n<\/li>\n<\/ul>\n<h2>Dodatkowe :<\/h2>\n<ul>\n<li>Zabezpieczenie przed przegrzaniem<\/li>\n<li>Zabezpieczenie przed przeci\u0105\u017ceniem<\/li>\n<li>Zabezpieczenie przed zwarciem<\/li>\n<\/ul>\n<h2>O PRODUKCIE<\/h2>\n<p>Sprzedawane baterie posiadaj\u0105 r\u00f3\u017cnego rodzaju zabezpieczenia, chroni\u0105ce bateri\u0119 oraz urz\u0105dzenie takie jak zabezpieczenie przed przegrzaniem baterii, przed przeci\u0105\u017ceniem oraz przed zwarciem baterii.<\/p>\n<h2>Zgodno\u015b\u0107<\/h2>\n<p>Bateria kompatybilna jest z:<\/p>\n<p><b>3100 \/ 3110 Classic \/ 3650 \/ E50 \/ N91<\/b><\/p>\n<ul>\n<li>i inne z oznaczeniem baterii BL-5C<\/li>\n<\/ul>\n","protected":false},"excerpt":{"rendered":"<p>BATERIA DO TELEFONU Nokia Specyfikacja Marka: Maxlife Pojemno\u015b\u0107 baterii: 1300 mAh Dodatkowe : Zabezpieczenie przed przegrzaniem Zabezpieczenie przed przeci\u0105\u017ceniem Zabezpieczenie przed zwarciem O PRODUKCIE Sprzedawane baterie posiadaj\u0105 r\u00f3\u017cnego rodzaju zabezpieczenia, chroni\u0105ce bateri\u0119 oraz urz\u0105dzenie takie jak zabezpieczenie przed przegrzaniem baterii, przed przeci\u0105\u017ceniem oraz przed zwarciem baterii. Zgodno\u015b\u0107 Bateria kompatybilna jest z: 3100 \/ 3110 Classic [&hellip;]<\/p>\n","protected":false},"featured_media":914,"comment_status":"open","ping_status":"closed","template":"","meta":[],"product_brand":[67],"product_cat":[26],"product_tag":[],"class_list":{"0":"post-912","1":"product","2":"type-product","3":"status-publish","4":"has-post-thumbnail","6":"product_brand-maxlife","7":"product_cat-akcesoria-gsm","9":"first","10":"instock","11":"taxable","12":"shipping-taxable","13":"purchasable","14":"product-type-simple"},"yoast_head":"<!-- This site is optimized with the Yoast SEO plugin v27.3 - https:\/\/yoast.com\/product\/yoast-seo-wordpress\/ -->\n<title>Nowa Bateria Maxlife Do Nokia BL-5C 3100 3110 N91 - Mix Market - Supermarket z wszystkim co potrzeba<\/title>\n<meta name=\"robots\" content=\"index, follow, max-snippet:-1, max-image-preview:large, max-video-preview:-1\" \/>\n<link rel=\"canonical\" href=\"https:\/\/racom.com.pl\/index.php\/produkt\/nowa-bateria-maxlife-do-nokia-bl-5c-3100-3110-n91\/\" \/>\n<meta property=\"og:locale\" content=\"pl_PL\" \/>\n<meta property=\"og:type\" content=\"article\" \/>\n<meta property=\"og:title\" content=\"Nowa Bateria Maxlife Do Nokia BL-5C 3100 3110 N91 - Mix Market - Supermarket z wszystkim co potrzeba\" \/>\n<meta property=\"og:description\" content=\"BATERIA DO TELEFONU Nokia Specyfikacja Marka: Maxlife Pojemno\u015b\u0107 baterii: 1300 mAh Dodatkowe : Zabezpieczenie przed przegrzaniem Zabezpieczenie przed przeci\u0105\u017ceniem Zabezpieczenie przed zwarciem O PRODUKCIE Sprzedawane baterie posiadaj\u0105 r\u00f3\u017cnego rodzaju zabezpieczenia, chroni\u0105ce bateri\u0119 oraz urz\u0105dzenie takie jak zabezpieczenie przed przegrzaniem baterii, przed przeci\u0105\u017ceniem oraz przed zwarciem baterii. Zgodno\u015b\u0107 Bateria kompatybilna jest z: 3100 \/ 3110 Classic [&hellip;]\" \/>\n<meta property=\"og:url\" content=\"https:\/\/racom.com.pl\/index.php\/produkt\/nowa-bateria-maxlife-do-nokia-bl-5c-3100-3110-n91\/\" \/>\n<meta property=\"og:site_name\" content=\"Mix Market - Supermarket z wszystkim co potrzeba\" \/>\n<meta property=\"og:image\" content=\"https:\/\/racom.com.pl\/wp-content\/uploads\/2025\/07\/allegro_687a765e0a5562.82901189_0833d5db41ada4c295b5f3dc07d7.jpg\" \/>\n\t<meta property=\"og:image:width\" content=\"748\" \/>\n\t<meta property=\"og:image:height\" content=\"750\" \/>\n\t<meta property=\"og:image:type\" content=\"image\/jpeg\" \/>\n<meta name=\"twitter:card\" content=\"summary_large_image\" \/>\n<script type=\"application\/ld+json\" class=\"yoast-schema-graph\">{\"@context\":\"https:\\\/\\\/schema.org\",\"@graph\":[{\"@type\":\"WebPage\",\"@id\":\"https:\\\/\\\/racom.com.pl\\\/index.php\\\/produkt\\\/nowa-bateria-maxlife-do-nokia-bl-5c-3100-3110-n91\\\/\",\"url\":\"https:\\\/\\\/racom.com.pl\\\/index.php\\\/produkt\\\/nowa-bateria-maxlife-do-nokia-bl-5c-3100-3110-n91\\\/\",\"name\":\"Nowa Bateria Maxlife Do Nokia BL-5C 3100 3110 N91 - Mix Market - Supermarket z wszystkim co potrzeba\",\"isPartOf\":{\"@id\":\"https:\\\/\\\/racom.com.pl\\\/#website\"},\"primaryImageOfPage\":{\"@id\":\"https:\\\/\\\/racom.com.pl\\\/index.php\\\/produkt\\\/nowa-bateria-maxlife-do-nokia-bl-5c-3100-3110-n91\\\/#primaryimage\"},\"image\":{\"@id\":\"https:\\\/\\\/racom.com.pl\\\/index.php\\\/produkt\\\/nowa-bateria-maxlife-do-nokia-bl-5c-3100-3110-n91\\\/#primaryimage\"},\"thumbnailUrl\":\"https:\\\/\\\/racom.com.pl\\\/wp-content\\\/uploads\\\/2025\\\/07\\\/allegro_687a765e0a5562.82901189_0833d5db41ada4c295b5f3dc07d7.jpg\",\"datePublished\":\"2025-07-18T16:29:09+00:00\",\"breadcrumb\":{\"@id\":\"https:\\\/\\\/racom.com.pl\\\/index.php\\\/produkt\\\/nowa-bateria-maxlife-do-nokia-bl-5c-3100-3110-n91\\\/#breadcrumb\"},\"inLanguage\":\"pl-PL\",\"potentialAction\":[{\"@type\":\"ReadAction\",\"target\":[\"https:\\\/\\\/racom.com.pl\\\/index.php\\\/produkt\\\/nowa-bateria-maxlife-do-nokia-bl-5c-3100-3110-n91\\\/\"]}]},{\"@type\":\"ImageObject\",\"inLanguage\":\"pl-PL\",\"@id\":\"https:\\\/\\\/racom.com.pl\\\/index.php\\\/produkt\\\/nowa-bateria-maxlife-do-nokia-bl-5c-3100-3110-n91\\\/#primaryimage\",\"url\":\"https:\\\/\\\/racom.com.pl\\\/wp-content\\\/uploads\\\/2025\\\/07\\\/allegro_687a765e0a5562.82901189_0833d5db41ada4c295b5f3dc07d7.jpg\",\"contentUrl\":\"https:\\\/\\\/racom.com.pl\\\/wp-content\\\/uploads\\\/2025\\\/07\\\/allegro_687a765e0a5562.82901189_0833d5db41ada4c295b5f3dc07d7.jpg\",\"width\":748,\"height\":750},{\"@type\":\"BreadcrumbList\",\"@id\":\"https:\\\/\\\/racom.com.pl\\\/index.php\\\/produkt\\\/nowa-bateria-maxlife-do-nokia-bl-5c-3100-3110-n91\\\/#breadcrumb\",\"itemListElement\":[{\"@type\":\"ListItem\",\"position\":1,\"name\":\"Strona g\u0142\u00f3wna\",\"item\":\"https:\\\/\\\/racom.com.pl\\\/\"},{\"@type\":\"ListItem\",\"position\":2,\"name\":\"Sklep\",\"item\":\"https:\\\/\\\/racom.com.pl\\\/\"},{\"@type\":\"ListItem\",\"position\":3,\"name\":\"Nowa Bateria Maxlife Do Nokia BL-5C 3100 3110 N91\"}]},{\"@type\":\"WebSite\",\"@id\":\"https:\\\/\\\/racom.com.pl\\\/#website\",\"url\":\"https:\\\/\\\/racom.com.pl\\\/\",\"name\":\"Mix Market - Supermarket z wszystkim co potrzeba do domu i nie tylko\",\"description\":\"\",\"publisher\":{\"@id\":\"https:\\\/\\\/racom.com.pl\\\/#organization\"},\"potentialAction\":[{\"@type\":\"SearchAction\",\"target\":{\"@type\":\"EntryPoint\",\"urlTemplate\":\"https:\\\/\\\/racom.com.pl\\\/?s={search_term_string}\"},\"query-input\":{\"@type\":\"PropertyValueSpecification\",\"valueRequired\":true,\"valueName\":\"search_term_string\"}}],\"inLanguage\":\"pl-PL\"},{\"@type\":\"Organization\",\"@id\":\"https:\\\/\\\/racom.com.pl\\\/#organization\",\"name\":\"Mix Market - Supermarket z wszystkim co potrzeba do domu i nie tylko\",\"url\":\"https:\\\/\\\/racom.com.pl\\\/\",\"logo\":{\"@type\":\"ImageObject\",\"inLanguage\":\"pl-PL\",\"@id\":\"https:\\\/\\\/racom.com.pl\\\/#\\\/schema\\\/logo\\\/image\\\/\",\"url\":\"https:\\\/\\\/racom.com.pl\\\/wp-content\\\/uploads\\\/2025\\\/07\\\/mixmarket_logo.png\",\"contentUrl\":\"https:\\\/\\\/racom.com.pl\\\/wp-content\\\/uploads\\\/2025\\\/07\\\/mixmarket_logo.png\",\"width\":1024,\"height\":1024,\"caption\":\"Mix Market - Supermarket z wszystkim co potrzeba do domu i nie tylko\"},\"image\":{\"@id\":\"https:\\\/\\\/racom.com.pl\\\/#\\\/schema\\\/logo\\\/image\\\/\"}}]}<\/script>\n<!-- \/ Yoast SEO plugin. -->","yoast_head_json":{"title":"Nowa Bateria Maxlife Do Nokia BL-5C 3100 3110 N91 - Mix Market - Supermarket z wszystkim co potrzeba","robots":{"index":"index","follow":"follow","max-snippet":"max-snippet:-1","max-image-preview":"max-image-preview:large","max-video-preview":"max-video-preview:-1"},"canonical":"https:\/\/racom.com.pl\/index.php\/produkt\/nowa-bateria-maxlife-do-nokia-bl-5c-3100-3110-n91\/","og_locale":"pl_PL","og_type":"article","og_title":"Nowa Bateria Maxlife Do Nokia BL-5C 3100 3110 N91 - Mix Market - Supermarket z wszystkim co potrzeba","og_description":"BATERIA DO TELEFONU Nokia Specyfikacja Marka: Maxlife Pojemno\u015b\u0107 baterii: 1300 mAh Dodatkowe : Zabezpieczenie przed przegrzaniem Zabezpieczenie przed przeci\u0105\u017ceniem Zabezpieczenie przed zwarciem O PRODUKCIE Sprzedawane baterie posiadaj\u0105 r\u00f3\u017cnego rodzaju zabezpieczenia, chroni\u0105ce bateri\u0119 oraz urz\u0105dzenie takie jak zabezpieczenie przed przegrzaniem baterii, przed przeci\u0105\u017ceniem oraz przed zwarciem baterii. Zgodno\u015b\u0107 Bateria kompatybilna jest z: 3100 \/ 3110 Classic [&hellip;]","og_url":"https:\/\/racom.com.pl\/index.php\/produkt\/nowa-bateria-maxlife-do-nokia-bl-5c-3100-3110-n91\/","og_site_name":"Mix Market - Supermarket z wszystkim co potrzeba","og_image":[{"width":748,"height":750,"url":"https:\/\/racom.com.pl\/wp-content\/uploads\/2025\/07\/allegro_687a765e0a5562.82901189_0833d5db41ada4c295b5f3dc07d7.jpg","type":"image\/jpeg"}],"twitter_card":"summary_large_image","schema":{"@context":"https:\/\/schema.org","@graph":[{"@type":"WebPage","@id":"https:\/\/racom.com.pl\/index.php\/produkt\/nowa-bateria-maxlife-do-nokia-bl-5c-3100-3110-n91\/","url":"https:\/\/racom.com.pl\/index.php\/produkt\/nowa-bateria-maxlife-do-nokia-bl-5c-3100-3110-n91\/","name":"Nowa Bateria Maxlife Do Nokia BL-5C 3100 3110 N91 - Mix Market - Supermarket z wszystkim co potrzeba","isPartOf":{"@id":"https:\/\/racom.com.pl\/#website"},"primaryImageOfPage":{"@id":"https:\/\/racom.com.pl\/index.php\/produkt\/nowa-bateria-maxlife-do-nokia-bl-5c-3100-3110-n91\/#primaryimage"},"image":{"@id":"https:\/\/racom.com.pl\/index.php\/produkt\/nowa-bateria-maxlife-do-nokia-bl-5c-3100-3110-n91\/#primaryimage"},"thumbnailUrl":"https:\/\/racom.com.pl\/wp-content\/uploads\/2025\/07\/allegro_687a765e0a5562.82901189_0833d5db41ada4c295b5f3dc07d7.jpg","datePublished":"2025-07-18T16:29:09+00:00","breadcrumb":{"@id":"https:\/\/racom.com.pl\/index.php\/produkt\/nowa-bateria-maxlife-do-nokia-bl-5c-3100-3110-n91\/#breadcrumb"},"inLanguage":"pl-PL","potentialAction":[{"@type":"ReadAction","target":["https:\/\/racom.com.pl\/index.php\/produkt\/nowa-bateria-maxlife-do-nokia-bl-5c-3100-3110-n91\/"]}]},{"@type":"ImageObject","inLanguage":"pl-PL","@id":"https:\/\/racom.com.pl\/index.php\/produkt\/nowa-bateria-maxlife-do-nokia-bl-5c-3100-3110-n91\/#primaryimage","url":"https:\/\/racom.com.pl\/wp-content\/uploads\/2025\/07\/allegro_687a765e0a5562.82901189_0833d5db41ada4c295b5f3dc07d7.jpg","contentUrl":"https:\/\/racom.com.pl\/wp-content\/uploads\/2025\/07\/allegro_687a765e0a5562.82901189_0833d5db41ada4c295b5f3dc07d7.jpg","width":748,"height":750},{"@type":"BreadcrumbList","@id":"https:\/\/racom.com.pl\/index.php\/produkt\/nowa-bateria-maxlife-do-nokia-bl-5c-3100-3110-n91\/#breadcrumb","itemListElement":[{"@type":"ListItem","position":1,"name":"Strona g\u0142\u00f3wna","item":"https:\/\/racom.com.pl\/"},{"@type":"ListItem","position":2,"name":"Sklep","item":"https:\/\/racom.com.pl\/"},{"@type":"ListItem","position":3,"name":"Nowa Bateria Maxlife Do Nokia BL-5C 3100 3110 N91"}]},{"@type":"WebSite","@id":"https:\/\/racom.com.pl\/#website","url":"https:\/\/racom.com.pl\/","name":"Mix Market - Supermarket z wszystkim co potrzeba do domu i nie tylko","description":"","publisher":{"@id":"https:\/\/racom.com.pl\/#organization"},"potentialAction":[{"@type":"SearchAction","target":{"@type":"EntryPoint","urlTemplate":"https:\/\/racom.com.pl\/?s={search_term_string}"},"query-input":{"@type":"PropertyValueSpecification","valueRequired":true,"valueName":"search_term_string"}}],"inLanguage":"pl-PL"},{"@type":"Organization","@id":"https:\/\/racom.com.pl\/#organization","name":"Mix Market - Supermarket z wszystkim co potrzeba do domu i nie tylko","url":"https:\/\/racom.com.pl\/","logo":{"@type":"ImageObject","inLanguage":"pl-PL","@id":"https:\/\/racom.com.pl\/#\/schema\/logo\/image\/","url":"https:\/\/racom.com.pl\/wp-content\/uploads\/2025\/07\/mixmarket_logo.png","contentUrl":"https:\/\/racom.com.pl\/wp-content\/uploads\/2025\/07\/mixmarket_logo.png","width":1024,"height":1024,"caption":"Mix Market - Supermarket z wszystkim co potrzeba do domu i nie tylko"},"image":{"@id":"https:\/\/racom.com.pl\/#\/schema\/logo\/image\/"}}]}},"_links":{"self":[{"href":"https:\/\/racom.com.pl\/index.php\/wp-json\/wp\/v2\/product\/912","targetHints":{"allow":["GET"]}}],"collection":[{"href":"https:\/\/racom.com.pl\/index.php\/wp-json\/wp\/v2\/product"}],"about":[{"href":"https:\/\/racom.com.pl\/index.php\/wp-json\/wp\/v2\/types\/product"}],"replies":[{"embeddable":true,"href":"https:\/\/racom.com.pl\/index.php\/wp-json\/wp\/v2\/comments?post=912"}],"wp:featuredmedia":[{"embeddable":true,"href":"https:\/\/racom.com.pl\/index.php\/wp-json\/wp\/v2\/media\/914"}],"wp:attachment":[{"href":"https:\/\/racom.com.pl\/index.php\/wp-json\/wp\/v2\/media?parent=912"}],"wp:term":[{"taxonomy":"product_brand","embeddable":true,"href":"https:\/\/racom.com.pl\/index.php\/wp-json\/wp\/v2\/product_brand?post=912"},{"taxonomy":"product_cat","embeddable":true,"href":"https:\/\/racom.com.pl\/index.php\/wp-json\/wp\/v2\/product_cat?post=912"},{"taxonomy":"product_tag","embeddable":true,"href":"https:\/\/racom.com.pl\/index.php\/wp-json\/wp\/v2\/product_tag?post=912"}],"curies":[{"name":"wp","href":"https:\/\/api.w.org\/{rel}","templated":true}]}}