{"id":918,"date":"2025-07-18T18:29:35","date_gmt":"2025-07-18T16:29:35","guid":{"rendered":"http:\/\/192.168.2.106\/index.php\/produkt\/3mk-folia-ochronna-samsung-z-fold-3-5g-folded-ed\/"},"modified":"2025-07-18T18:29:35","modified_gmt":"2025-07-18T16:29:35","slug":"3mk-folia-ochronna-samsung-z-fold-3-5g-folded-ed","status":"publish","type":"product","link":"https:\/\/racom.com.pl\/index.php\/produkt\/3mk-folia-ochronna-samsung-z-fold-3-5g-folded-ed\/","title":{"rendered":"3MK FOLIA OCHRONNA SAMSUNG Z Fold 3 5G Folded ED."},"content":{"rendered":"<h2>3MK FOLIA OCHRONNA SAMSUNG Z Fold 3 5G Folded ED.<\/h2>\n<p>3MK SilverProtection+ SAM Z Fold 3 5G Folded Edition<\/p>\n<p>\u2705<\/p>\n<p>SilverProtection+ to antymikrobowa folia ochronna, kt\u00f3ra zabija 99% wirus\u00f3w, baketerii, grzyb\u00f3w i ple\u015bni. Dzi\u0119ki laserowej technologii produkcji folie idealnie pasuj\u0105 do ekranu urz\u0105dzenia jednocze\u015bnie pozostaj\u0105c 'case friendly&#8217;, a w\u0142a\u015bciwo\u015bci samoregeneruj\u0105ce folii pozwalaj\u0105 zniwelowa\u0107 niewielkie zarysowania i zachowa\u0107 jej idealny wygl\u0105d na d\u0142u\u017cej.<\/p>\n<p>Folia SilverProtection+ w por\u00f3wnaniu do poprzedniej wersji jest montowana na mokro z u\u017cyciem do\u0142\u0105czonego do zestawu \u017celu co znacznie u\u0142atwia aplikacj\u0119 oraz nie pozostawia \u017cadnych \u015blad\u00f3w. R\u00f3\u017cnica pojawia si\u0119 r\u00f3wnie\u017c w wytrzyma\u0142o\u015bci, teraz SilverProtection+ to a\u017c 400% zwi\u0119kszona ochrona oraz 0,21mm grubo\u015bci.<\/p>\n<p>Sk\u0142ad zestawu:<br \/>\n&#8211; 1szt. SilverProtection+,<br \/>\n&#8211; raszelka,<br \/>\n&#8211; \u017cel do monta\u017cu,<br \/>\n&#8211; CleaningSet<\/p>\n<p>3MK SilverProtection+ SAM Z Fold 3 5G Folded Edition<\/p>\n<p>\u2705Opakowanie jest integraln\u0105 cz\u0119\u015bci\u0105 produktu.<\/p>\n<p>\u2705Pokrowce\/etui do telefon\u00f3w i tablet\u00f3w to cz\u0119sto zdj\u0119cie pogl\u0105dowe. W rzeczywisto\u015bci otrzymuj\u0105 Pa\u0144stwo futera\u0142 dopasowany do danego modelu urz\u0105dzenia z poprawnie rozmieszczonymi otworami na kamer\u0119\/aparat czy przyciski boczne.<\/p>\n<p>\u2705W przypadku baterii do telefon\u00f3w (zamiennik\u00f3w) zdj\u0119cie mo\u017ce by\u0107 zdj\u0119ciem pogl\u0105dowym. Po zakupie otrzymaj\u0105 Pa\u0144stwo produkt kompatybilny z danym urz\u0105dzeniem.<\/p>\n<p>\u2705Zdj\u0119cia produkt\u00f3w takich jak Szk\u0142a hartowane i folie ochronne na telefony\/tablety r\u00f3wnie\u017c mog\u0105 by\u0107 zdj\u0119ciami pogl\u0105dowymi.<\/p>\n","protected":false},"excerpt":{"rendered":"<p>3MK FOLIA OCHRONNA SAMSUNG Z Fold 3 5G Folded ED. 3MK SilverProtection+ SAM Z Fold 3 5G Folded Edition \u2705 SilverProtection+ to antymikrobowa folia ochronna, kt\u00f3ra zabija 99% wirus\u00f3w, baketerii, grzyb\u00f3w i ple\u015bni. Dzi\u0119ki laserowej technologii produkcji folie idealnie pasuj\u0105 do ekranu urz\u0105dzenia jednocze\u015bnie pozostaj\u0105c 'case friendly&#8217;, a w\u0142a\u015bciwo\u015bci samoregeneruj\u0105ce folii pozwalaj\u0105 zniwelowa\u0107 niewielkie zarysowania [&hellip;]<\/p>\n","protected":false},"featured_media":920,"comment_status":"open","ping_status":"closed","template":"","meta":[],"product_brand":[],"product_cat":[26],"product_tag":[],"class_list":{"0":"post-918","1":"product","2":"type-product","3":"status-publish","4":"has-post-thumbnail","6":"product_cat-akcesoria-gsm","8":"first","9":"instock","10":"taxable","11":"shipping-taxable","12":"purchasable","13":"product-type-simple"},"yoast_head":"<!-- This site is optimized with the Yoast SEO plugin v27.3 - https:\/\/yoast.com\/product\/yoast-seo-wordpress\/ -->\n<title>3MK FOLIA OCHRONNA SAMSUNG Z Fold 3 5G Folded ED. - Mix Market - Supermarket z wszystkim co potrzeba<\/title>\n<meta name=\"robots\" content=\"index, follow, max-snippet:-1, max-image-preview:large, max-video-preview:-1\" \/>\n<link rel=\"canonical\" href=\"https:\/\/racom.com.pl\/index.php\/produkt\/3mk-folia-ochronna-samsung-z-fold-3-5g-folded-ed\/\" \/>\n<meta property=\"og:locale\" content=\"pl_PL\" \/>\n<meta property=\"og:type\" content=\"article\" \/>\n<meta property=\"og:title\" content=\"3MK FOLIA OCHRONNA SAMSUNG Z Fold 3 5G Folded ED. - Mix Market - Supermarket z wszystkim co potrzeba\" \/>\n<meta property=\"og:description\" content=\"3MK FOLIA OCHRONNA SAMSUNG Z Fold 3 5G Folded ED. 3MK SilverProtection+ SAM Z Fold 3 5G Folded Edition \u2705 SilverProtection+ to antymikrobowa folia ochronna, kt\u00f3ra zabija 99% wirus\u00f3w, baketerii, grzyb\u00f3w i ple\u015bni. Dzi\u0119ki laserowej technologii produkcji folie idealnie pasuj\u0105 do ekranu urz\u0105dzenia jednocze\u015bnie pozostaj\u0105c &#039;case friendly&#8217;, a w\u0142a\u015bciwo\u015bci samoregeneruj\u0105ce folii pozwalaj\u0105 zniwelowa\u0107 niewielkie zarysowania [&hellip;]\" \/>\n<meta property=\"og:url\" content=\"https:\/\/racom.com.pl\/index.php\/produkt\/3mk-folia-ochronna-samsung-z-fold-3-5g-folded-ed\/\" \/>\n<meta property=\"og:site_name\" content=\"Mix Market - Supermarket z wszystkim co potrzeba\" \/>\n<meta property=\"og:image\" content=\"https:\/\/racom.com.pl\/wp-content\/uploads\/2025\/07\/allegro_687a7682ed0603.90984803_e6973f1e4eaebe65652067ff0b85.jpg\" \/>\n\t<meta property=\"og:image:width\" content=\"1000\" \/>\n\t<meta property=\"og:image:height\" content=\"1000\" \/>\n\t<meta property=\"og:image:type\" content=\"image\/jpeg\" \/>\n<meta name=\"twitter:card\" content=\"summary_large_image\" \/>\n<meta name=\"twitter:label1\" content=\"Szacowany czas czytania\" \/>\n\t<meta name=\"twitter:data1\" content=\"1 minuta\" \/>\n<script type=\"application\/ld+json\" class=\"yoast-schema-graph\">{\"@context\":\"https:\\\/\\\/schema.org\",\"@graph\":[{\"@type\":\"WebPage\",\"@id\":\"https:\\\/\\\/racom.com.pl\\\/index.php\\\/produkt\\\/3mk-folia-ochronna-samsung-z-fold-3-5g-folded-ed\\\/\",\"url\":\"https:\\\/\\\/racom.com.pl\\\/index.php\\\/produkt\\\/3mk-folia-ochronna-samsung-z-fold-3-5g-folded-ed\\\/\",\"name\":\"3MK FOLIA OCHRONNA SAMSUNG Z Fold 3 5G Folded ED. - Mix Market - Supermarket z wszystkim co potrzeba\",\"isPartOf\":{\"@id\":\"https:\\\/\\\/racom.com.pl\\\/#website\"},\"primaryImageOfPage\":{\"@id\":\"https:\\\/\\\/racom.com.pl\\\/index.php\\\/produkt\\\/3mk-folia-ochronna-samsung-z-fold-3-5g-folded-ed\\\/#primaryimage\"},\"image\":{\"@id\":\"https:\\\/\\\/racom.com.pl\\\/index.php\\\/produkt\\\/3mk-folia-ochronna-samsung-z-fold-3-5g-folded-ed\\\/#primaryimage\"},\"thumbnailUrl\":\"https:\\\/\\\/racom.com.pl\\\/wp-content\\\/uploads\\\/2025\\\/07\\\/allegro_687a7682ed0603.90984803_e6973f1e4eaebe65652067ff0b85.jpg\",\"datePublished\":\"2025-07-18T16:29:35+00:00\",\"breadcrumb\":{\"@id\":\"https:\\\/\\\/racom.com.pl\\\/index.php\\\/produkt\\\/3mk-folia-ochronna-samsung-z-fold-3-5g-folded-ed\\\/#breadcrumb\"},\"inLanguage\":\"pl-PL\",\"potentialAction\":[{\"@type\":\"ReadAction\",\"target\":[\"https:\\\/\\\/racom.com.pl\\\/index.php\\\/produkt\\\/3mk-folia-ochronna-samsung-z-fold-3-5g-folded-ed\\\/\"]}]},{\"@type\":\"ImageObject\",\"inLanguage\":\"pl-PL\",\"@id\":\"https:\\\/\\\/racom.com.pl\\\/index.php\\\/produkt\\\/3mk-folia-ochronna-samsung-z-fold-3-5g-folded-ed\\\/#primaryimage\",\"url\":\"https:\\\/\\\/racom.com.pl\\\/wp-content\\\/uploads\\\/2025\\\/07\\\/allegro_687a7682ed0603.90984803_e6973f1e4eaebe65652067ff0b85.jpg\",\"contentUrl\":\"https:\\\/\\\/racom.com.pl\\\/wp-content\\\/uploads\\\/2025\\\/07\\\/allegro_687a7682ed0603.90984803_e6973f1e4eaebe65652067ff0b85.jpg\",\"width\":1000,\"height\":1000},{\"@type\":\"BreadcrumbList\",\"@id\":\"https:\\\/\\\/racom.com.pl\\\/index.php\\\/produkt\\\/3mk-folia-ochronna-samsung-z-fold-3-5g-folded-ed\\\/#breadcrumb\",\"itemListElement\":[{\"@type\":\"ListItem\",\"position\":1,\"name\":\"Strona g\u0142\u00f3wna\",\"item\":\"https:\\\/\\\/racom.com.pl\\\/\"},{\"@type\":\"ListItem\",\"position\":2,\"name\":\"Sklep\",\"item\":\"https:\\\/\\\/racom.com.pl\\\/\"},{\"@type\":\"ListItem\",\"position\":3,\"name\":\"3MK FOLIA OCHRONNA SAMSUNG Z Fold 3 5G Folded ED.\"}]},{\"@type\":\"WebSite\",\"@id\":\"https:\\\/\\\/racom.com.pl\\\/#website\",\"url\":\"https:\\\/\\\/racom.com.pl\\\/\",\"name\":\"Mix Market - Supermarket z wszystkim co potrzeba do domu i nie tylko\",\"description\":\"\",\"publisher\":{\"@id\":\"https:\\\/\\\/racom.com.pl\\\/#organization\"},\"potentialAction\":[{\"@type\":\"SearchAction\",\"target\":{\"@type\":\"EntryPoint\",\"urlTemplate\":\"https:\\\/\\\/racom.com.pl\\\/?s={search_term_string}\"},\"query-input\":{\"@type\":\"PropertyValueSpecification\",\"valueRequired\":true,\"valueName\":\"search_term_string\"}}],\"inLanguage\":\"pl-PL\"},{\"@type\":\"Organization\",\"@id\":\"https:\\\/\\\/racom.com.pl\\\/#organization\",\"name\":\"Mix Market - Supermarket z wszystkim co potrzeba do domu i nie tylko\",\"url\":\"https:\\\/\\\/racom.com.pl\\\/\",\"logo\":{\"@type\":\"ImageObject\",\"inLanguage\":\"pl-PL\",\"@id\":\"https:\\\/\\\/racom.com.pl\\\/#\\\/schema\\\/logo\\\/image\\\/\",\"url\":\"https:\\\/\\\/racom.com.pl\\\/wp-content\\\/uploads\\\/2025\\\/07\\\/mixmarket_logo.png\",\"contentUrl\":\"https:\\\/\\\/racom.com.pl\\\/wp-content\\\/uploads\\\/2025\\\/07\\\/mixmarket_logo.png\",\"width\":1024,\"height\":1024,\"caption\":\"Mix Market - Supermarket z wszystkim co potrzeba do domu i nie tylko\"},\"image\":{\"@id\":\"https:\\\/\\\/racom.com.pl\\\/#\\\/schema\\\/logo\\\/image\\\/\"}}]}<\/script>\n<!-- \/ Yoast SEO plugin. -->","yoast_head_json":{"title":"3MK FOLIA OCHRONNA SAMSUNG Z Fold 3 5G Folded ED. - Mix Market - Supermarket z wszystkim co potrzeba","robots":{"index":"index","follow":"follow","max-snippet":"max-snippet:-1","max-image-preview":"max-image-preview:large","max-video-preview":"max-video-preview:-1"},"canonical":"https:\/\/racom.com.pl\/index.php\/produkt\/3mk-folia-ochronna-samsung-z-fold-3-5g-folded-ed\/","og_locale":"pl_PL","og_type":"article","og_title":"3MK FOLIA OCHRONNA SAMSUNG Z Fold 3 5G Folded ED. - Mix Market - Supermarket z wszystkim co potrzeba","og_description":"3MK FOLIA OCHRONNA SAMSUNG Z Fold 3 5G Folded ED. 3MK SilverProtection+ SAM Z Fold 3 5G Folded Edition \u2705 SilverProtection+ to antymikrobowa folia ochronna, kt\u00f3ra zabija 99% wirus\u00f3w, baketerii, grzyb\u00f3w i ple\u015bni. Dzi\u0119ki laserowej technologii produkcji folie idealnie pasuj\u0105 do ekranu urz\u0105dzenia jednocze\u015bnie pozostaj\u0105c 'case friendly&#8217;, a w\u0142a\u015bciwo\u015bci samoregeneruj\u0105ce folii pozwalaj\u0105 zniwelowa\u0107 niewielkie zarysowania [&hellip;]","og_url":"https:\/\/racom.com.pl\/index.php\/produkt\/3mk-folia-ochronna-samsung-z-fold-3-5g-folded-ed\/","og_site_name":"Mix Market - Supermarket z wszystkim co potrzeba","og_image":[{"width":1000,"height":1000,"url":"https:\/\/racom.com.pl\/wp-content\/uploads\/2025\/07\/allegro_687a7682ed0603.90984803_e6973f1e4eaebe65652067ff0b85.jpg","type":"image\/jpeg"}],"twitter_card":"summary_large_image","twitter_misc":{"Szacowany czas czytania":"1 minuta"},"schema":{"@context":"https:\/\/schema.org","@graph":[{"@type":"WebPage","@id":"https:\/\/racom.com.pl\/index.php\/produkt\/3mk-folia-ochronna-samsung-z-fold-3-5g-folded-ed\/","url":"https:\/\/racom.com.pl\/index.php\/produkt\/3mk-folia-ochronna-samsung-z-fold-3-5g-folded-ed\/","name":"3MK FOLIA OCHRONNA SAMSUNG Z Fold 3 5G Folded ED. - Mix Market - Supermarket z wszystkim co potrzeba","isPartOf":{"@id":"https:\/\/racom.com.pl\/#website"},"primaryImageOfPage":{"@id":"https:\/\/racom.com.pl\/index.php\/produkt\/3mk-folia-ochronna-samsung-z-fold-3-5g-folded-ed\/#primaryimage"},"image":{"@id":"https:\/\/racom.com.pl\/index.php\/produkt\/3mk-folia-ochronna-samsung-z-fold-3-5g-folded-ed\/#primaryimage"},"thumbnailUrl":"https:\/\/racom.com.pl\/wp-content\/uploads\/2025\/07\/allegro_687a7682ed0603.90984803_e6973f1e4eaebe65652067ff0b85.jpg","datePublished":"2025-07-18T16:29:35+00:00","breadcrumb":{"@id":"https:\/\/racom.com.pl\/index.php\/produkt\/3mk-folia-ochronna-samsung-z-fold-3-5g-folded-ed\/#breadcrumb"},"inLanguage":"pl-PL","potentialAction":[{"@type":"ReadAction","target":["https:\/\/racom.com.pl\/index.php\/produkt\/3mk-folia-ochronna-samsung-z-fold-3-5g-folded-ed\/"]}]},{"@type":"ImageObject","inLanguage":"pl-PL","@id":"https:\/\/racom.com.pl\/index.php\/produkt\/3mk-folia-ochronna-samsung-z-fold-3-5g-folded-ed\/#primaryimage","url":"https:\/\/racom.com.pl\/wp-content\/uploads\/2025\/07\/allegro_687a7682ed0603.90984803_e6973f1e4eaebe65652067ff0b85.jpg","contentUrl":"https:\/\/racom.com.pl\/wp-content\/uploads\/2025\/07\/allegro_687a7682ed0603.90984803_e6973f1e4eaebe65652067ff0b85.jpg","width":1000,"height":1000},{"@type":"BreadcrumbList","@id":"https:\/\/racom.com.pl\/index.php\/produkt\/3mk-folia-ochronna-samsung-z-fold-3-5g-folded-ed\/#breadcrumb","itemListElement":[{"@type":"ListItem","position":1,"name":"Strona g\u0142\u00f3wna","item":"https:\/\/racom.com.pl\/"},{"@type":"ListItem","position":2,"name":"Sklep","item":"https:\/\/racom.com.pl\/"},{"@type":"ListItem","position":3,"name":"3MK FOLIA OCHRONNA SAMSUNG Z Fold 3 5G Folded ED."}]},{"@type":"WebSite","@id":"https:\/\/racom.com.pl\/#website","url":"https:\/\/racom.com.pl\/","name":"Mix Market - Supermarket z wszystkim co potrzeba do domu i nie tylko","description":"","publisher":{"@id":"https:\/\/racom.com.pl\/#organization"},"potentialAction":[{"@type":"SearchAction","target":{"@type":"EntryPoint","urlTemplate":"https:\/\/racom.com.pl\/?s={search_term_string}"},"query-input":{"@type":"PropertyValueSpecification","valueRequired":true,"valueName":"search_term_string"}}],"inLanguage":"pl-PL"},{"@type":"Organization","@id":"https:\/\/racom.com.pl\/#organization","name":"Mix Market - Supermarket z wszystkim co potrzeba do domu i nie tylko","url":"https:\/\/racom.com.pl\/","logo":{"@type":"ImageObject","inLanguage":"pl-PL","@id":"https:\/\/racom.com.pl\/#\/schema\/logo\/image\/","url":"https:\/\/racom.com.pl\/wp-content\/uploads\/2025\/07\/mixmarket_logo.png","contentUrl":"https:\/\/racom.com.pl\/wp-content\/uploads\/2025\/07\/mixmarket_logo.png","width":1024,"height":1024,"caption":"Mix Market - Supermarket z wszystkim co potrzeba do domu i nie tylko"},"image":{"@id":"https:\/\/racom.com.pl\/#\/schema\/logo\/image\/"}}]}},"_links":{"self":[{"href":"https:\/\/racom.com.pl\/index.php\/wp-json\/wp\/v2\/product\/918","targetHints":{"allow":["GET"]}}],"collection":[{"href":"https:\/\/racom.com.pl\/index.php\/wp-json\/wp\/v2\/product"}],"about":[{"href":"https:\/\/racom.com.pl\/index.php\/wp-json\/wp\/v2\/types\/product"}],"replies":[{"embeddable":true,"href":"https:\/\/racom.com.pl\/index.php\/wp-json\/wp\/v2\/comments?post=918"}],"wp:featuredmedia":[{"embeddable":true,"href":"https:\/\/racom.com.pl\/index.php\/wp-json\/wp\/v2\/media\/920"}],"wp:attachment":[{"href":"https:\/\/racom.com.pl\/index.php\/wp-json\/wp\/v2\/media?parent=918"}],"wp:term":[{"taxonomy":"product_brand","embeddable":true,"href":"https:\/\/racom.com.pl\/index.php\/wp-json\/wp\/v2\/product_brand?post=918"},{"taxonomy":"product_cat","embeddable":true,"href":"https:\/\/racom.com.pl\/index.php\/wp-json\/wp\/v2\/product_cat?post=918"},{"taxonomy":"product_tag","embeddable":true,"href":"https:\/\/racom.com.pl\/index.php\/wp-json\/wp\/v2\/product_tag?post=918"}],"curies":[{"name":"wp","href":"https:\/\/api.w.org\/{rel}","templated":true}]}}