{"id":921,"date":"2025-07-18T18:30:00","date_gmt":"2025-07-18T16:30:00","guid":{"rendered":"http:\/\/192.168.2.106\/index.php\/produkt\/uchwyt-na-telefon-do-samochodu-kratka-3mk-magsafe\/"},"modified":"2025-07-18T18:30:00","modified_gmt":"2025-07-18T16:30:00","slug":"uchwyt-na-telefon-do-samochodu-kratka-3mk-magsafe","status":"publish","type":"product","link":"https:\/\/racom.com.pl\/index.php\/produkt\/uchwyt-na-telefon-do-samochodu-kratka-3mk-magsafe\/","title":{"rendered":"Uchwyt na telefon do samochodu kratka 3mk MagSafe"},"content":{"rendered":"<h2>Uchwyt na telefon do samochodu kratka 3mk MagSafe<\/h2>\n<p>3MK MAGHOLDER<\/p>\n<p>\u2705<\/p>\n<p>Magnetyczny uchwyt samochodowy mocowany w kratk\u0119 nawiewu przeznaczony dla Iphone&#8217;\u00f3w z MagSafe jak r\u00f3wnie\u017c innych modeli.<\/p>\n<p>\u00a0W zestawie do\u0142\u0105czono 3 zestawy magnetycznych pier\u015bcieni do przyklejenia na telefon\/etui.\u00a0<\/p>\n<p>Uchwyt posiada silikonowe mocowanie do kratki wi\u0119c nie uszkodzi jej, a zastosowane magnesy potrafi\u0105 utrzyma\u0107 telefon bez problemu.<\/p>\n<p>MagHolder posiada ruchom\u0105 i obrotow\u0105 g\u0142owic\u0119 \u0142\u0105cz\u0105c\u0105 uchwyt z mocowaniem do kratki nawiewu, dzi\u0119ki czemu mo\u017cna \u0142atwo dostosowa\u0107 po\u0142o\u017cenie umocowanego na uchwycie telefonu do swoich potrzeb.<\/p>\n<p>W zestawie:<\/p>\n<p>&#8211; uchwyt<\/p>\n<p>&#8211; zaczep do kratki nawiewu<\/p>\n<p>&#8211; 3szt samoprzylepnych pier\u015bcieniu magnetycznych<\/p>\n<p>3MK MAGHOLDER<\/p>\n<p>\u2705Opakowanie jest integraln\u0105 cz\u0119\u015bci\u0105 produktu.<\/p>\n<p>\u2705Pokrowce\/etui do telefon\u00f3w i tablet\u00f3w to cz\u0119sto zdj\u0119cie pogl\u0105dowe. W rzeczywisto\u015bci otrzymuj\u0105 Pa\u0144stwo futera\u0142 dopasowany do danego modelu urz\u0105dzenia z poprawnie rozmieszczonymi otworami na kamer\u0119\/aparat czy przyciski boczne.<\/p>\n<p>\u2705W przypadku baterii do telefon\u00f3w (zamiennik\u00f3w) zdj\u0119cie mo\u017ce by\u0107 zdj\u0119ciem pogl\u0105dowym. Po zakupie otrzymaj\u0105 Pa\u0144stwo produkt kompatybilny z danym urz\u0105dzeniem.<\/p>\n<p>\u2705Zdj\u0119cia produkt\u00f3w takich jak Szk\u0142a hartowane i folie ochronne na telefony\/tablety r\u00f3wnie\u017c mog\u0105 by\u0107 zdj\u0119ciami pogl\u0105dowymi.<\/p>\n","protected":false},"excerpt":{"rendered":"<p>Uchwyt na telefon do samochodu kratka 3mk MagSafe 3MK MAGHOLDER \u2705 Magnetyczny uchwyt samochodowy mocowany w kratk\u0119 nawiewu przeznaczony dla Iphone&#8217;\u00f3w z MagSafe jak r\u00f3wnie\u017c innych modeli. \u00a0W zestawie do\u0142\u0105czono 3 zestawy magnetycznych pier\u015bcieni do przyklejenia na telefon\/etui.\u00a0 Uchwyt posiada silikonowe mocowanie do kratki wi\u0119c nie uszkodzi jej, a zastosowane magnesy potrafi\u0105 utrzyma\u0107 telefon bez [&hellip;]<\/p>\n","protected":false},"featured_media":926,"comment_status":"open","ping_status":"closed","template":"","meta":[],"product_brand":[45],"product_cat":[26],"product_tag":[],"class_list":{"0":"post-921","1":"product","2":"type-product","3":"status-publish","4":"has-post-thumbnail","6":"product_brand-3mk","7":"product_cat-akcesoria-gsm","9":"first","10":"instock","11":"taxable","12":"shipping-taxable","13":"purchasable","14":"product-type-simple"},"yoast_head":"<!-- This site is optimized with the Yoast SEO plugin v27.3 - https:\/\/yoast.com\/product\/yoast-seo-wordpress\/ -->\n<title>Uchwyt na telefon do samochodu kratka 3mk MagSafe - Mix Market - Supermarket z wszystkim co potrzeba<\/title>\n<meta name=\"robots\" content=\"index, follow, max-snippet:-1, max-image-preview:large, max-video-preview:-1\" \/>\n<link rel=\"canonical\" href=\"https:\/\/racom.com.pl\/index.php\/produkt\/uchwyt-na-telefon-do-samochodu-kratka-3mk-magsafe\/\" \/>\n<meta property=\"og:locale\" content=\"pl_PL\" \/>\n<meta property=\"og:type\" content=\"article\" \/>\n<meta property=\"og:title\" content=\"Uchwyt na telefon do samochodu kratka 3mk MagSafe - Mix Market - Supermarket z wszystkim co potrzeba\" \/>\n<meta property=\"og:description\" content=\"Uchwyt na telefon do samochodu kratka 3mk MagSafe 3MK MAGHOLDER \u2705 Magnetyczny uchwyt samochodowy mocowany w kratk\u0119 nawiewu przeznaczony dla Iphone&#8217;\u00f3w z MagSafe jak r\u00f3wnie\u017c innych modeli. \u00a0W zestawie do\u0142\u0105czono 3 zestawy magnetycznych pier\u015bcieni do przyklejenia na telefon\/etui.\u00a0 Uchwyt posiada silikonowe mocowanie do kratki wi\u0119c nie uszkodzi jej, a zastosowane magnesy potrafi\u0105 utrzyma\u0107 telefon bez [&hellip;]\" \/>\n<meta property=\"og:url\" content=\"https:\/\/racom.com.pl\/index.php\/produkt\/uchwyt-na-telefon-do-samochodu-kratka-3mk-magsafe\/\" \/>\n<meta property=\"og:site_name\" content=\"Mix Market - Supermarket z wszystkim co potrzeba\" \/>\n<meta property=\"og:image\" content=\"https:\/\/racom.com.pl\/wp-content\/uploads\/2025\/07\/allegro_687a76ae1a7383.73255935_4b42352a45f992528990e1e7b870.jpg\" \/>\n\t<meta property=\"og:image:width\" content=\"1920\" \/>\n\t<meta property=\"og:image:height\" content=\"1920\" \/>\n\t<meta property=\"og:image:type\" content=\"image\/jpeg\" \/>\n<meta name=\"twitter:card\" content=\"summary_large_image\" \/>\n<meta name=\"twitter:label1\" content=\"Szacowany czas czytania\" \/>\n\t<meta name=\"twitter:data1\" content=\"1 minuta\" \/>\n<script type=\"application\/ld+json\" class=\"yoast-schema-graph\">{\"@context\":\"https:\\\/\\\/schema.org\",\"@graph\":[{\"@type\":\"WebPage\",\"@id\":\"https:\\\/\\\/racom.com.pl\\\/index.php\\\/produkt\\\/uchwyt-na-telefon-do-samochodu-kratka-3mk-magsafe\\\/\",\"url\":\"https:\\\/\\\/racom.com.pl\\\/index.php\\\/produkt\\\/uchwyt-na-telefon-do-samochodu-kratka-3mk-magsafe\\\/\",\"name\":\"Uchwyt na telefon do samochodu kratka 3mk MagSafe - Mix Market - Supermarket z wszystkim co potrzeba\",\"isPartOf\":{\"@id\":\"https:\\\/\\\/racom.com.pl\\\/#website\"},\"primaryImageOfPage\":{\"@id\":\"https:\\\/\\\/racom.com.pl\\\/index.php\\\/produkt\\\/uchwyt-na-telefon-do-samochodu-kratka-3mk-magsafe\\\/#primaryimage\"},\"image\":{\"@id\":\"https:\\\/\\\/racom.com.pl\\\/index.php\\\/produkt\\\/uchwyt-na-telefon-do-samochodu-kratka-3mk-magsafe\\\/#primaryimage\"},\"thumbnailUrl\":\"https:\\\/\\\/racom.com.pl\\\/wp-content\\\/uploads\\\/2025\\\/07\\\/allegro_687a76ae1a7383.73255935_4b42352a45f992528990e1e7b870.jpg\",\"datePublished\":\"2025-07-18T16:30:00+00:00\",\"breadcrumb\":{\"@id\":\"https:\\\/\\\/racom.com.pl\\\/index.php\\\/produkt\\\/uchwyt-na-telefon-do-samochodu-kratka-3mk-magsafe\\\/#breadcrumb\"},\"inLanguage\":\"pl-PL\",\"potentialAction\":[{\"@type\":\"ReadAction\",\"target\":[\"https:\\\/\\\/racom.com.pl\\\/index.php\\\/produkt\\\/uchwyt-na-telefon-do-samochodu-kratka-3mk-magsafe\\\/\"]}]},{\"@type\":\"ImageObject\",\"inLanguage\":\"pl-PL\",\"@id\":\"https:\\\/\\\/racom.com.pl\\\/index.php\\\/produkt\\\/uchwyt-na-telefon-do-samochodu-kratka-3mk-magsafe\\\/#primaryimage\",\"url\":\"https:\\\/\\\/racom.com.pl\\\/wp-content\\\/uploads\\\/2025\\\/07\\\/allegro_687a76ae1a7383.73255935_4b42352a45f992528990e1e7b870.jpg\",\"contentUrl\":\"https:\\\/\\\/racom.com.pl\\\/wp-content\\\/uploads\\\/2025\\\/07\\\/allegro_687a76ae1a7383.73255935_4b42352a45f992528990e1e7b870.jpg\",\"width\":1920,\"height\":1920},{\"@type\":\"BreadcrumbList\",\"@id\":\"https:\\\/\\\/racom.com.pl\\\/index.php\\\/produkt\\\/uchwyt-na-telefon-do-samochodu-kratka-3mk-magsafe\\\/#breadcrumb\",\"itemListElement\":[{\"@type\":\"ListItem\",\"position\":1,\"name\":\"Strona g\u0142\u00f3wna\",\"item\":\"https:\\\/\\\/racom.com.pl\\\/\"},{\"@type\":\"ListItem\",\"position\":2,\"name\":\"Sklep\",\"item\":\"https:\\\/\\\/racom.com.pl\\\/\"},{\"@type\":\"ListItem\",\"position\":3,\"name\":\"Uchwyt na telefon do samochodu kratka 3mk MagSafe\"}]},{\"@type\":\"WebSite\",\"@id\":\"https:\\\/\\\/racom.com.pl\\\/#website\",\"url\":\"https:\\\/\\\/racom.com.pl\\\/\",\"name\":\"Mix Market - Supermarket z wszystkim co potrzeba do domu i nie tylko\",\"description\":\"\",\"publisher\":{\"@id\":\"https:\\\/\\\/racom.com.pl\\\/#organization\"},\"potentialAction\":[{\"@type\":\"SearchAction\",\"target\":{\"@type\":\"EntryPoint\",\"urlTemplate\":\"https:\\\/\\\/racom.com.pl\\\/?s={search_term_string}\"},\"query-input\":{\"@type\":\"PropertyValueSpecification\",\"valueRequired\":true,\"valueName\":\"search_term_string\"}}],\"inLanguage\":\"pl-PL\"},{\"@type\":\"Organization\",\"@id\":\"https:\\\/\\\/racom.com.pl\\\/#organization\",\"name\":\"Mix Market - Supermarket z wszystkim co potrzeba do domu i nie tylko\",\"url\":\"https:\\\/\\\/racom.com.pl\\\/\",\"logo\":{\"@type\":\"ImageObject\",\"inLanguage\":\"pl-PL\",\"@id\":\"https:\\\/\\\/racom.com.pl\\\/#\\\/schema\\\/logo\\\/image\\\/\",\"url\":\"https:\\\/\\\/racom.com.pl\\\/wp-content\\\/uploads\\\/2025\\\/07\\\/mixmarket_logo.png\",\"contentUrl\":\"https:\\\/\\\/racom.com.pl\\\/wp-content\\\/uploads\\\/2025\\\/07\\\/mixmarket_logo.png\",\"width\":1024,\"height\":1024,\"caption\":\"Mix Market - Supermarket z wszystkim co potrzeba do domu i nie tylko\"},\"image\":{\"@id\":\"https:\\\/\\\/racom.com.pl\\\/#\\\/schema\\\/logo\\\/image\\\/\"}}]}<\/script>\n<!-- \/ Yoast SEO plugin. -->","yoast_head_json":{"title":"Uchwyt na telefon do samochodu kratka 3mk MagSafe - Mix Market - Supermarket z wszystkim co potrzeba","robots":{"index":"index","follow":"follow","max-snippet":"max-snippet:-1","max-image-preview":"max-image-preview:large","max-video-preview":"max-video-preview:-1"},"canonical":"https:\/\/racom.com.pl\/index.php\/produkt\/uchwyt-na-telefon-do-samochodu-kratka-3mk-magsafe\/","og_locale":"pl_PL","og_type":"article","og_title":"Uchwyt na telefon do samochodu kratka 3mk MagSafe - Mix Market - Supermarket z wszystkim co potrzeba","og_description":"Uchwyt na telefon do samochodu kratka 3mk MagSafe 3MK MAGHOLDER \u2705 Magnetyczny uchwyt samochodowy mocowany w kratk\u0119 nawiewu przeznaczony dla Iphone&#8217;\u00f3w z MagSafe jak r\u00f3wnie\u017c innych modeli. \u00a0W zestawie do\u0142\u0105czono 3 zestawy magnetycznych pier\u015bcieni do przyklejenia na telefon\/etui.\u00a0 Uchwyt posiada silikonowe mocowanie do kratki wi\u0119c nie uszkodzi jej, a zastosowane magnesy potrafi\u0105 utrzyma\u0107 telefon bez [&hellip;]","og_url":"https:\/\/racom.com.pl\/index.php\/produkt\/uchwyt-na-telefon-do-samochodu-kratka-3mk-magsafe\/","og_site_name":"Mix Market - Supermarket z wszystkim co potrzeba","og_image":[{"width":1920,"height":1920,"url":"https:\/\/racom.com.pl\/wp-content\/uploads\/2025\/07\/allegro_687a76ae1a7383.73255935_4b42352a45f992528990e1e7b870.jpg","type":"image\/jpeg"}],"twitter_card":"summary_large_image","twitter_misc":{"Szacowany czas czytania":"1 minuta"},"schema":{"@context":"https:\/\/schema.org","@graph":[{"@type":"WebPage","@id":"https:\/\/racom.com.pl\/index.php\/produkt\/uchwyt-na-telefon-do-samochodu-kratka-3mk-magsafe\/","url":"https:\/\/racom.com.pl\/index.php\/produkt\/uchwyt-na-telefon-do-samochodu-kratka-3mk-magsafe\/","name":"Uchwyt na telefon do samochodu kratka 3mk MagSafe - Mix Market - Supermarket z wszystkim co potrzeba","isPartOf":{"@id":"https:\/\/racom.com.pl\/#website"},"primaryImageOfPage":{"@id":"https:\/\/racom.com.pl\/index.php\/produkt\/uchwyt-na-telefon-do-samochodu-kratka-3mk-magsafe\/#primaryimage"},"image":{"@id":"https:\/\/racom.com.pl\/index.php\/produkt\/uchwyt-na-telefon-do-samochodu-kratka-3mk-magsafe\/#primaryimage"},"thumbnailUrl":"https:\/\/racom.com.pl\/wp-content\/uploads\/2025\/07\/allegro_687a76ae1a7383.73255935_4b42352a45f992528990e1e7b870.jpg","datePublished":"2025-07-18T16:30:00+00:00","breadcrumb":{"@id":"https:\/\/racom.com.pl\/index.php\/produkt\/uchwyt-na-telefon-do-samochodu-kratka-3mk-magsafe\/#breadcrumb"},"inLanguage":"pl-PL","potentialAction":[{"@type":"ReadAction","target":["https:\/\/racom.com.pl\/index.php\/produkt\/uchwyt-na-telefon-do-samochodu-kratka-3mk-magsafe\/"]}]},{"@type":"ImageObject","inLanguage":"pl-PL","@id":"https:\/\/racom.com.pl\/index.php\/produkt\/uchwyt-na-telefon-do-samochodu-kratka-3mk-magsafe\/#primaryimage","url":"https:\/\/racom.com.pl\/wp-content\/uploads\/2025\/07\/allegro_687a76ae1a7383.73255935_4b42352a45f992528990e1e7b870.jpg","contentUrl":"https:\/\/racom.com.pl\/wp-content\/uploads\/2025\/07\/allegro_687a76ae1a7383.73255935_4b42352a45f992528990e1e7b870.jpg","width":1920,"height":1920},{"@type":"BreadcrumbList","@id":"https:\/\/racom.com.pl\/index.php\/produkt\/uchwyt-na-telefon-do-samochodu-kratka-3mk-magsafe\/#breadcrumb","itemListElement":[{"@type":"ListItem","position":1,"name":"Strona g\u0142\u00f3wna","item":"https:\/\/racom.com.pl\/"},{"@type":"ListItem","position":2,"name":"Sklep","item":"https:\/\/racom.com.pl\/"},{"@type":"ListItem","position":3,"name":"Uchwyt na telefon do samochodu kratka 3mk MagSafe"}]},{"@type":"WebSite","@id":"https:\/\/racom.com.pl\/#website","url":"https:\/\/racom.com.pl\/","name":"Mix Market - Supermarket z wszystkim co potrzeba do domu i nie tylko","description":"","publisher":{"@id":"https:\/\/racom.com.pl\/#organization"},"potentialAction":[{"@type":"SearchAction","target":{"@type":"EntryPoint","urlTemplate":"https:\/\/racom.com.pl\/?s={search_term_string}"},"query-input":{"@type":"PropertyValueSpecification","valueRequired":true,"valueName":"search_term_string"}}],"inLanguage":"pl-PL"},{"@type":"Organization","@id":"https:\/\/racom.com.pl\/#organization","name":"Mix Market - Supermarket z wszystkim co potrzeba do domu i nie tylko","url":"https:\/\/racom.com.pl\/","logo":{"@type":"ImageObject","inLanguage":"pl-PL","@id":"https:\/\/racom.com.pl\/#\/schema\/logo\/image\/","url":"https:\/\/racom.com.pl\/wp-content\/uploads\/2025\/07\/mixmarket_logo.png","contentUrl":"https:\/\/racom.com.pl\/wp-content\/uploads\/2025\/07\/mixmarket_logo.png","width":1024,"height":1024,"caption":"Mix Market - Supermarket z wszystkim co potrzeba do domu i nie tylko"},"image":{"@id":"https:\/\/racom.com.pl\/#\/schema\/logo\/image\/"}}]}},"_links":{"self":[{"href":"https:\/\/racom.com.pl\/index.php\/wp-json\/wp\/v2\/product\/921","targetHints":{"allow":["GET"]}}],"collection":[{"href":"https:\/\/racom.com.pl\/index.php\/wp-json\/wp\/v2\/product"}],"about":[{"href":"https:\/\/racom.com.pl\/index.php\/wp-json\/wp\/v2\/types\/product"}],"replies":[{"embeddable":true,"href":"https:\/\/racom.com.pl\/index.php\/wp-json\/wp\/v2\/comments?post=921"}],"wp:featuredmedia":[{"embeddable":true,"href":"https:\/\/racom.com.pl\/index.php\/wp-json\/wp\/v2\/media\/926"}],"wp:attachment":[{"href":"https:\/\/racom.com.pl\/index.php\/wp-json\/wp\/v2\/media?parent=921"}],"wp:term":[{"taxonomy":"product_brand","embeddable":true,"href":"https:\/\/racom.com.pl\/index.php\/wp-json\/wp\/v2\/product_brand?post=921"},{"taxonomy":"product_cat","embeddable":true,"href":"https:\/\/racom.com.pl\/index.php\/wp-json\/wp\/v2\/product_cat?post=921"},{"taxonomy":"product_tag","embeddable":true,"href":"https:\/\/racom.com.pl\/index.php\/wp-json\/wp\/v2\/product_tag?post=921"}],"curies":[{"name":"wp","href":"https:\/\/api.w.org\/{rel}","templated":true}]}}